{"id":39601,"date":"2024-03-01T14:25:26","date_gmt":"2024-03-01T13:25:26","guid":{"rendered":"https:\/\/antersystem.com\/hirek\/technical-conferences-2024\/"},"modified":"2026-02-04T14:04:43","modified_gmt":"2026-02-04T13:04:43","slug":"technical-conferences-2024","status":"publish","type":"page","link":"https:\/\/antersystem.com\/hu\/hirek\/technical-conferences-2024\/","title":{"rendered":"M\u0171szaki konferenci\u00e1k"},"content":{"rendered":"\n<div class=\"wp-block-columns is-layout-flex wp-container-core-columns-is-layout-9d6595d7 wp-block-columns-is-layout-flex\">\n  \n  <div class=\"wp-block-column is-layout-flow wp-block-column-is-layout-flow\" style=\"flex-basis:10%\"><\/div>\n  \n\n  \n  <div class=\"wp-block-column is-layout-flow wp-block-column-is-layout-flow\">\n    \n    <h3 class=\"wp-block-heading\">Megh\u00edv\u00f3 az Axon Media \u00e1ltal szervezett konferenci\u00e1ra<\/h3>\n    \n\n    \n    <p>\u00dajabb megh\u00edv\u00e1s <strong>az Axon Media<\/strong>-t\u00f3l <strong>,<\/strong> egy olyan szervezett\u0151l, amely akt\u00edvan t\u00e1mogatja a logisztikai ipar\u00e1g fejl\u0151d\u00e9s\u00e9t. Az orsz\u00e1gos konferenciah\u00e1l\u00f3zat \u00e9rt\u00e9kes lehet\u0151s\u00e9get biztos\u00edt \u00fczleti kapcsolatok kialak\u00edt\u00e1s\u00e1ra, tapasztalatcser\u00e9re, a term\u00e9kekkel kapcsolatos visszajelz\u00e9sek gy\u0171jt\u00e9s\u00e9re \u00e9s sz\u00e9lesebb szakmai k\u00f6z\u00f6ns\u00e9g el\u0151tti bemutat\u00e1s\u00e1ra. <\/p>\n    \n\n    \n    <p>A gazdas\u00e1g minden \u00e1gazat\u00e1nak megvannak a maga saj\u00e1tos termel\u00e9si \u00e9s t\u00e1rol\u00e1si k\u00f6vetelm\u00e9nyei. A mindennapi m\u0171k\u00f6d\u00e9s sor\u00e1n felmer\u00fcl\u0151 kih\u00edv\u00e1sok, valamint a k\u00fcl\u00f6nb\u00f6z\u0151 ipari k\u00f6rnyezetek felszerel\u00e9s\u00e9ben szerzett tapasztalataink olyan megold\u00e1sokat eredm\u00e9nyeznek, <a href=\"https:\/\/antersystem.com\/realizacje\/\">amelyeket az ipar sz\u00e1m\u00e1ra k\u00edv\u00e1nunk k\u00edn\u00e1lni.<\/a> <strong>M\u00e1rcius 14-\u00e9n<\/strong> tal\u00e1lkozhat vel\u00fcnk <strong>a<\/strong> <strong>Hotel Dworek Tryumfban,<\/strong> ul. Klepacka 1, Ksi\u0119\u017cyno (Bia\u0142ystok), ahol bemutatjuk rugalmas biztons\u00e1gi <a href=\"https:\/\/antersystem.com\/kategorie_produktow\/bariery-ochronne\/\">korl\u00e1tjainkat &#8211; amely eket az emberek, a szerkezetek \u00e9s a g\u00e9pek v\u00e9delm\u00e9re tervezt\u00fcnk<\/a> a fokozottan \u00fctk\u00f6z\u00e9svesz\u00e9lyes ter\u00fcleteken.   <\/p>\n    \n\n    \n    <p>Az <em>&#8222;Intralogisztikai \u00e9s rakt\u00e1ri folyamatok optimaliz\u00e1l\u00e1sa&#8221;<\/em> c\u00edm\u0171 konferencia a t\u00e9m\u00e1k sz\u00e9les sk\u00e1l\u00e1j\u00e1t <em>\u00f6leli<\/em> fel &#8211; a j\u00e1rm\u0171vekt\u0151l \u00e9s a bels\u0151 sz\u00e1ll\u00edt\u00e1si rendszerekt\u0151l kezdve az RFID \u00e9s a vezet\u00e9k n\u00e9lk\u00fcli azonos\u00edt\u00e1si technol\u00f3gi\u00e1kig. A rakt\u00e1rakban \u00e9s gy\u00e1rt\u00f3csarnokokban a munkahelyi biztons\u00e1g \u00e9s higi\u00e9nia (OHS) szint\u00e9n fontos szerepet kap a rendezv\u00e9nyen elhangz\u00f3 szak\u00e9rt\u0151i el\u0151ad\u00e1sokban. <\/p>\n    \n\n    \n    <p><strong>Mikor:<\/strong> 8:00 &#8211; 15:30 | <strong><a href=\"https:\/\/www.axonmedia.pl\/konferencje\/program\/intralogistyka-magazynowanie-2024-bialystok\/\">Program<\/a><\/strong><\/p>\n    \n\n    \n    <p><strong>Hol:<\/strong> Hol tal\u00e1lhat\u00f3: Hotel Dworek Tryumf, ul. Klepacka 1, Ksi\u0119\u017cyno (Bia\u0142ystok) | ingyenes parkol\u00e1s <\/p>\n    \n\n    \n    <p><strong>A r\u00e9szv\u00e9tel ingyenes<\/strong><\/p>\n    \n\n    \n    <p>Rendezv\u00e9nypartnerk\u00e9nt szeretettel megh\u00edvjuk \u00d6nt, hogy csatlakozzon hozz\u00e1nk!<\/p>\n    \n\n    \n    <p><strong>#TechnikaiKonferenci\u00e1k #AxonMedia #Intralogisztika #Warehousing<\/strong><\/p>\n    \n  <\/div>\n  \n\n  \n  <div class=\"wp-block-column is-layout-flow wp-block-column-is-layout-flow\" style=\"flex-basis:10%\"><\/div>\n  \n<\/div>\n<div class=\"wp-block-image\">\n<figure class=\"aligncenter size-large is-resized\"><img loading=\"lazy\" decoding=\"async\" width=\"1024\" height=\"535\" src=\"https:\/\/antersystem.com\/wp-content\/uploads\/Axon-Media-Bialystok-2024_zaproszenie-od-Anter-System-1024x535.jpg\" alt=\"Axon Media Bia&#x142;ystok 2024 megh&#xED;v&#xF3; az Anter Systemt&#x151;l\" class=\"wp-image-4284\" style=\"width:720px;height:auto\" srcset=\"https:\/\/antersystem.com\/wp-content\/uploads\/Axon-Media-Bialystok-2024_zaproszenie-od-Anter-System-1024x535.jpg 1024w, https:\/\/antersystem.com\/wp-content\/uploads\/Axon-Media-Bialystok-2024_zaproszenie-od-Anter-System-300x157.jpg 300w, https:\/\/antersystem.com\/wp-content\/uploads\/Axon-Media-Bialystok-2024_zaproszenie-od-Anter-System-768x401.jpg 768w, https:\/\/antersystem.com\/wp-content\/uploads\/Axon-Media-Bialystok-2024_zaproszenie-od-Anter-System-450x235.jpg 450w, https:\/\/antersystem.com\/wp-content\/uploads\/Axon-Media-Bialystok-2024_zaproszenie-od-Anter-System-330x172.jpg 330w, https:\/\/antersystem.com\/wp-content\/uploads\/Axon-Media-Bialystok-2024_zaproszenie-od-Anter-System.jpg 1200w\" sizes=\"auto, (max-width: 1024px) 100vw, 1024px\" \/><\/figure><\/div>","protected":false},"excerpt":{"rendered":"<p>Megh\u00edv\u00f3 az Axon Media \u00e1ltal szervezett konferenci\u00e1ra \u00dajabb megh\u00edv\u00e1s az Axon Media-t\u00f3l , egy olyan szervezett\u0151l, amely akt\u00edvan t\u00e1mogatja a logisztikai ipar\u00e1g fejl\u0151d\u00e9s\u00e9t. Az orsz\u00e1gos konferenciah\u00e1l\u00f3zat \u00e9rt\u00e9kes lehet\u0151s\u00e9get biztos\u00edt \u00fczleti kapcsolatok kialak\u00edt\u00e1s\u00e1ra, tapasztalatcser\u00e9re, a term\u00e9kekkel kapcsolatos visszajelz\u00e9sek gy\u0171jt\u00e9s\u00e9re \u00e9s sz\u00e9lesebb szakmai k\u00f6z\u00f6ns\u00e9g el\u0151tti bemutat\u00e1s\u00e1ra. A gazdas\u00e1g minden \u00e1gazat\u00e1nak megvannak a maga saj\u00e1tos termel\u00e9si \u00e9s t\u00e1rol\u00e1si [&hellip;]<\/p>\n","protected":false},"author":1,"featured_media":0,"parent":30300,"menu_order":0,"comment_status":"closed","ping_status":"closed","template":"","meta":{"inline_featured_image":false,"ngg_post_thumbnail":0,"footnotes":""},"class_list":["post-39601","page","type-page","status-publish","hentry"],"acf":[],"yoast_head":"<!-- This site is optimized with the Yoast SEO plugin v27.0 - https:\/\/yoast.com\/product\/yoast-seo-wordpress\/ -->\n<title>M\u0171szaki konferenci\u00e1k - Anter System<\/title>\n<meta name=\"description\" content=\"Kolejne zaproszenie od AxonMedia, kt\u00f3re aktywnie wspiera bran\u017c\u0119 logistyczn\u0105 w rozwoju. Sie\u0107 konferencji w ca\u0142ej Polsce\" \/>\n<meta name=\"robots\" content=\"index, follow, max-snippet:-1, max-image-preview:large, max-video-preview:-1\" \/>\n<link rel=\"canonical\" href=\"https:\/\/antersystem.com\/hu\/hirek\/technical-conferences-2024\/\" \/>\n<meta property=\"og:locale\" content=\"hu_HU\" \/>\n<meta property=\"og:type\" content=\"article\" \/>\n<meta property=\"og:title\" content=\"M\u0171szaki konferenci\u00e1k - Anter System\" \/>\n<meta property=\"og:description\" content=\"Kolejne zaproszenie od AxonMedia, kt\u00f3re aktywnie wspiera bran\u017c\u0119 logistyczn\u0105 w rozwoju. Sie\u0107 konferencji w ca\u0142ej Polsce\" \/>\n<meta property=\"og:url\" content=\"https:\/\/antersystem.com\/hu\/hirek\/technical-conferences-2024\/\" \/>\n<meta property=\"og:site_name\" content=\"Anter System\" \/>\n<meta property=\"article:modified_time\" content=\"2026-02-04T13:04:43+00:00\" \/>\n<meta property=\"og:image\" content=\"https:\/\/antersystem.com\/wp-content\/uploads\/Axon-Media-Bialystok-2024_zaproszenie-od-Anter-System-1024x535.jpg\" \/>\n<meta name=\"twitter:card\" content=\"summary_large_image\" \/>\n<meta name=\"twitter:label1\" content=\"Becs\u00fclt olvas\u00e1si id\u0151\" \/>\n\t<meta name=\"twitter:data1\" content=\"2 perc\" \/>\n<script type=\"application\/ld+json\" class=\"yoast-schema-graph\">{\"@context\":\"https:\/\/schema.org\",\"@graph\":[{\"@type\":\"WebPage\",\"@id\":\"https:\/\/antersystem.com\/hu\/hirek\/technical-conferences-2024\/\",\"url\":\"https:\/\/antersystem.com\/hu\/hirek\/technical-conferences-2024\/\",\"name\":\"M\u0171szaki konferenci\u00e1k - Anter System\",\"isPartOf\":{\"@id\":\"https:\/\/antersystem.com\/hu\/#website\"},\"primaryImageOfPage\":{\"@id\":\"https:\/\/antersystem.com\/hu\/hirek\/technical-conferences-2024\/#primaryimage\"},\"image\":{\"@id\":\"https:\/\/antersystem.com\/hu\/hirek\/technical-conferences-2024\/#primaryimage\"},\"thumbnailUrl\":\"https:\/\/antersystem.com\/wp-content\/uploads\/Axon-Media-Bialystok-2024_zaproszenie-od-Anter-System-1024x535.jpg\",\"datePublished\":\"2024-03-01T13:25:26+00:00\",\"dateModified\":\"2026-02-04T13:04:43+00:00\",\"description\":\"Kolejne zaproszenie od AxonMedia, kt\u00f3re aktywnie wspiera bran\u017c\u0119 logistyczn\u0105 w rozwoju. Sie\u0107 konferencji w ca\u0142ej Polsce\",\"breadcrumb\":{\"@id\":\"https:\/\/antersystem.com\/hu\/hirek\/technical-conferences-2024\/#breadcrumb\"},\"inLanguage\":\"hu\",\"potentialAction\":[{\"@type\":\"ReadAction\",\"target\":[\"https:\/\/antersystem.com\/hu\/hirek\/technical-conferences-2024\/\"]}]},{\"@type\":\"ImageObject\",\"inLanguage\":\"hu\",\"@id\":\"https:\/\/antersystem.com\/hu\/hirek\/technical-conferences-2024\/#primaryimage\",\"url\":\"https:\/\/antersystem.com\/wp-content\/uploads\/Axon-Media-Bialystok-2024_zaproszenie-od-Anter-System-1024x535.jpg\",\"contentUrl\":\"https:\/\/antersystem.com\/wp-content\/uploads\/Axon-Media-Bialystok-2024_zaproszenie-od-Anter-System-1024x535.jpg\"},{\"@type\":\"BreadcrumbList\",\"@id\":\"https:\/\/antersystem.com\/hu\/hirek\/technical-conferences-2024\/#breadcrumb\",\"itemListElement\":[{\"@type\":\"ListItem\",\"position\":1,\"name\":\"AnterSystem\",\"item\":\"https:\/\/antersystem.com\/hu\/\"},{\"@type\":\"ListItem\",\"position\":2,\"name\":\"H\u00edrek\",\"item\":\"https:\/\/antersystem.com\/hu\/hirek\/\"},{\"@type\":\"ListItem\",\"position\":3,\"name\":\"M\u0171szaki konferenci\u00e1k\"}]},{\"@type\":\"WebSite\",\"@id\":\"https:\/\/antersystem.com\/hu\/#website\",\"url\":\"https:\/\/antersystem.com\/hu\/\",\"name\":\"Anter System\",\"description\":\"Jeste\u015bmy polskim producentem elastycznych barier ochronnych wykonywanych z polimerowych tworzyw sztucznych. Na rynku krajowym i zagranicznym dzia\u0142amy od ponad 15 lat dbaj\u0105c o zapewnienie bezpiecze\u0144stwa w zak\u0142adach produkcyjnych, magazynach oraz centrach logistycznych.\",\"potentialAction\":[{\"@type\":\"SearchAction\",\"target\":{\"@type\":\"EntryPoint\",\"urlTemplate\":\"https:\/\/antersystem.com\/hu\/?s={search_term_string}\"},\"query-input\":{\"@type\":\"PropertyValueSpecification\",\"valueRequired\":true,\"valueName\":\"search_term_string\"}}],\"inLanguage\":\"hu\"}]}<\/script>\n<!-- \/ Yoast SEO plugin. -->","yoast_head_json":{"title":"M\u0171szaki konferenci\u00e1k - Anter System","description":"Kolejne zaproszenie od AxonMedia, kt\u00f3re aktywnie wspiera bran\u017c\u0119 logistyczn\u0105 w rozwoju. Sie\u0107 konferencji w ca\u0142ej Polsce","robots":{"index":"index","follow":"follow","max-snippet":"max-snippet:-1","max-image-preview":"max-image-preview:large","max-video-preview":"max-video-preview:-1"},"canonical":"https:\/\/antersystem.com\/hu\/hirek\/technical-conferences-2024\/","og_locale":"hu_HU","og_type":"article","og_title":"M\u0171szaki konferenci\u00e1k - Anter System","og_description":"Kolejne zaproszenie od AxonMedia, kt\u00f3re aktywnie wspiera bran\u017c\u0119 logistyczn\u0105 w rozwoju. Sie\u0107 konferencji w ca\u0142ej Polsce","og_url":"https:\/\/antersystem.com\/hu\/hirek\/technical-conferences-2024\/","og_site_name":"Anter System","article_modified_time":"2026-02-04T13:04:43+00:00","og_image":[{"url":"https:\/\/antersystem.com\/wp-content\/uploads\/Axon-Media-Bialystok-2024_zaproszenie-od-Anter-System-1024x535.jpg","type":"","width":"","height":""}],"twitter_card":"summary_large_image","twitter_misc":{"Becs\u00fclt olvas\u00e1si id\u0151":"2 perc"},"schema":{"@context":"https:\/\/schema.org","@graph":[{"@type":"WebPage","@id":"https:\/\/antersystem.com\/hu\/hirek\/technical-conferences-2024\/","url":"https:\/\/antersystem.com\/hu\/hirek\/technical-conferences-2024\/","name":"M\u0171szaki konferenci\u00e1k - Anter System","isPartOf":{"@id":"https:\/\/antersystem.com\/hu\/#website"},"primaryImageOfPage":{"@id":"https:\/\/antersystem.com\/hu\/hirek\/technical-conferences-2024\/#primaryimage"},"image":{"@id":"https:\/\/antersystem.com\/hu\/hirek\/technical-conferences-2024\/#primaryimage"},"thumbnailUrl":"https:\/\/antersystem.com\/wp-content\/uploads\/Axon-Media-Bialystok-2024_zaproszenie-od-Anter-System-1024x535.jpg","datePublished":"2024-03-01T13:25:26+00:00","dateModified":"2026-02-04T13:04:43+00:00","description":"Kolejne zaproszenie od AxonMedia, kt\u00f3re aktywnie wspiera bran\u017c\u0119 logistyczn\u0105 w rozwoju. Sie\u0107 konferencji w ca\u0142ej Polsce","breadcrumb":{"@id":"https:\/\/antersystem.com\/hu\/hirek\/technical-conferences-2024\/#breadcrumb"},"inLanguage":"hu","potentialAction":[{"@type":"ReadAction","target":["https:\/\/antersystem.com\/hu\/hirek\/technical-conferences-2024\/"]}]},{"@type":"ImageObject","inLanguage":"hu","@id":"https:\/\/antersystem.com\/hu\/hirek\/technical-conferences-2024\/#primaryimage","url":"https:\/\/antersystem.com\/wp-content\/uploads\/Axon-Media-Bialystok-2024_zaproszenie-od-Anter-System-1024x535.jpg","contentUrl":"https:\/\/antersystem.com\/wp-content\/uploads\/Axon-Media-Bialystok-2024_zaproszenie-od-Anter-System-1024x535.jpg"},{"@type":"BreadcrumbList","@id":"https:\/\/antersystem.com\/hu\/hirek\/technical-conferences-2024\/#breadcrumb","itemListElement":[{"@type":"ListItem","position":1,"name":"AnterSystem","item":"https:\/\/antersystem.com\/hu\/"},{"@type":"ListItem","position":2,"name":"H\u00edrek","item":"https:\/\/antersystem.com\/hu\/hirek\/"},{"@type":"ListItem","position":3,"name":"M\u0171szaki konferenci\u00e1k"}]},{"@type":"WebSite","@id":"https:\/\/antersystem.com\/hu\/#website","url":"https:\/\/antersystem.com\/hu\/","name":"Anter System","description":"Jeste\u015bmy polskim producentem elastycznych barier ochronnych wykonywanych z polimerowych tworzyw sztucznych. Na rynku krajowym i zagranicznym dzia\u0142amy od ponad 15 lat dbaj\u0105c o zapewnienie bezpiecze\u0144stwa w zak\u0142adach produkcyjnych, magazynach oraz centrach logistycznych.","potentialAction":[{"@type":"SearchAction","target":{"@type":"EntryPoint","urlTemplate":"https:\/\/antersystem.com\/hu\/?s={search_term_string}"},"query-input":{"@type":"PropertyValueSpecification","valueRequired":true,"valueName":"search_term_string"}}],"inLanguage":"hu"}]}},"_links":{"self":[{"href":"https:\/\/antersystem.com\/hu\/wp-json\/wp\/v2\/pages\/39601","targetHints":{"allow":["GET"]}}],"collection":[{"href":"https:\/\/antersystem.com\/hu\/wp-json\/wp\/v2\/pages"}],"about":[{"href":"https:\/\/antersystem.com\/hu\/wp-json\/wp\/v2\/types\/page"}],"author":[{"embeddable":true,"href":"https:\/\/antersystem.com\/hu\/wp-json\/wp\/v2\/users\/1"}],"replies":[{"embeddable":true,"href":"https:\/\/antersystem.com\/hu\/wp-json\/wp\/v2\/comments?post=39601"}],"version-history":[{"count":1,"href":"https:\/\/antersystem.com\/hu\/wp-json\/wp\/v2\/pages\/39601\/revisions"}],"predecessor-version":[{"id":39602,"href":"https:\/\/antersystem.com\/hu\/wp-json\/wp\/v2\/pages\/39601\/revisions\/39602"}],"up":[{"embeddable":true,"href":"https:\/\/antersystem.com\/hu\/wp-json\/wp\/v2\/pages\/30300"}],"wp:attachment":[{"href":"https:\/\/antersystem.com\/hu\/wp-json\/wp\/v2\/media?parent=39601"}],"curies":[{"name":"wp","href":"https:\/\/api.w.org\/{rel}","templated":true}]}}