{"id":39615,"date":"2023-10-12T12:02:34","date_gmt":"2023-10-12T10:02:34","guid":{"rendered":"https:\/\/antersystem.com\/hirek\/trailer-support-jst\/"},"modified":"2026-02-04T14:04:56","modified_gmt":"2026-02-04T13:04:56","slug":"trailer-support-jst","status":"publish","type":"page","link":"https:\/\/antersystem.com\/hu\/hirek\/trailer-support-jst\/","title":{"rendered":"Trailer Support JST"},"content":{"rendered":"\n<div class=\"wp-block-columns is-layout-flex wp-container-core-columns-is-layout-9d6595d7 wp-block-columns-is-layout-flex\">\n<div class=\"wp-block-column is-layout-flow wp-block-column-is-layout-flow\" style=\"flex-basis:10%\"><\/div>\n\n\n\n<div class=\"wp-block-column is-layout-flow wp-block-column-is-layout-flow\">\n<h2 class=\"wp-block-heading\">JST p\u00f3tkocsit\u00e1masz &#8211; biztons\u00e1gos \u00e9s k\u00e9nyelmes kirakod\u00e1s vontat\u00f3 n\u00e9lk\u00fcl<\/h2>\n\n\n\n<p>A modern, bev\u00e1lt megold\u00e1sok, p\u00e9ld\u00e1ul <a href=\"https:\/\/antersystem.com\/kategorie_produktow\/technika-zaladunkowa\/\">a f\u00e9lp\u00f3tkocsi-tart\u00f3k haszn\u00e1lata seg\u00edt<\/a> a rakt\u00e1ri folyamatok racionaliz\u00e1l\u00e1s\u00e1ban. Ezeknek k\u00f6sz\u00f6nhet\u0151en a targoncavezet\u0151k szabadon elv\u00e9gezhetik a sz\u00fcks\u00e9ges m\u0171veleteket, \u00e9s a teljes be- \u00e9s kirakod\u00e1si folyamat vontat\u00f3j\u00e1rm\u0171 bevon\u00e1sa n\u00e9lk\u00fcl is elv\u00e9gezhet\u0151. <\/p>\n<h3>F\u00e9lp\u00f3tkocsi-tart\u00f3k &#8211; el\u0151ny\u00f6k \u00e9s alkalmaz\u00e1sok<\/h3>\n<p>A professzion\u00e1lis t\u00e1maszok haszn\u00e1lat\u00e1nak els\u0151dleges c\u00e9lja a sz\u00e1ll\u00edt\u00f3j\u00e1rm\u0171 f\u00e9lp\u00f3tkocsij\u00e1nak megfelel\u0151 r\u00f6gz\u00edt\u00e9se a rakt\u00e1rban t\u00f6rt\u00e9n\u0151 \u00e1ru\u00e1tv\u00e9tel sor\u00e1n. Az eszk\u00f6z a rakod\u00e1si m\u0171veletek sor\u00e1n is t\u00f6k\u00e9letesen m\u0171k\u00f6dik, \u00edgy biztos\u00edtva a biztons\u00e1got a logisztikai folyamatban r\u00e9szt vev\u0151 valamennyi szem\u00e9ly, a targoncavezet\u0151k \u00e9s a k\u00f6zelben tart\u00f3zkod\u00f3k sz\u00e1m\u00e1ra. Haszn\u00e1lata megakad\u00e1lyozza, hogy a p\u00f3tkocsi megd\u0151lj\u00f6n vagy felboruljon a kirakod\u00e1si vagy rakod\u00e1si m\u0171veletek sor\u00e1n.  <\/p>\n<p>A biztons\u00e1gos \u00e9s k\u00e9nyelmes rakt\u00e1r\u00fczemeltet\u00e9s mellett a f\u00e9lp\u00f3tkocsi-tart\u00f3k sz\u00e1mos tov\u00e1bbi el\u0151nyt k\u00edn\u00e1lnak. Az egyik legfontosabb a nyerges vontat\u00f3k kihaszn\u00e1lts\u00e1g\u00e1nak optimaliz\u00e1l\u00e1sa, mivel egyidej\u0171leg m\u00e1s f\u00e9lp\u00f3tkocsikkal is dolgozhatnak, tov\u00e1bbi sz\u00e1ll\u00edt\u00e1si meneteket teljes\u00edtve. \u00c9rdemes megeml\u00edteni az \u00f6nnivell\u00e1l\u00f3 rendszerrel \u00e9s sz\u00e9les magass\u00e1g\u00e1ll\u00edt\u00e1si lehet\u0151s\u00e9gekkel felszerelt t\u00e1maszok k\u00f6nny\u0171 kezelhet\u0151s\u00e9g\u00e9t is.  <\/p>\n<h3>F\u00e9lp\u00f3tkocsi-tart\u00f3k &#8211; lengyel gy\u00e1rt\u00f3<\/h3>\n<p>A vezet\u0151 gy\u00e1rt\u00f3k egyedi megk\u00f6zel\u00edt\u00e9st k\u00edn\u00e1lnak \u00fcgyfeleiknek, \u00e9s az adott ipar\u00e1g k\u00f6vetelm\u00e9nyeihez \u00e9s a rakt\u00e1ri munkaszervez\u00e9shez teljes m\u00e9rt\u00e9kben igazod\u00f3 rendszereket biztos\u00edtanak. A piacon el\u00e9rhet\u0151 sz\u00e1mos modell k\u00f6z\u00fcl k\u00fcl\u00f6n\u00f6s figyelmet \u00e9rdemel az <a href=\"https:\/\/antersystem.com\/produkty\/podpora-pod-naczepe-tira-jst1-1\/\">Anter System \u00e1ltal gy\u00e1rtott TIR Jack Trailer Stand f\u00e9lp\u00f3tkocsi-tart\u00f3.<\/a> Ebben a modellben a p\u00f3tkocsi stabiliz\u00e1l\u00e1s\u00e1val \u00e9s a billen\u00e9s kock\u00e1zat\u00e1nak minimaliz\u00e1l\u00e1s\u00e1val kapcsolatos k\u00e9rd\u00e9seket a legmagasabb szintre fejlesztett\u00e9k.  <\/p>\n<p>Az eszk\u00f6z k\u00f6nnyed\u00e9n elb\u00edrja a 45 tonn\u00e1s terhel\u00e9st, m\u00edg a versenyt\u00e1rs term\u00e9kek \u00e1ltal\u00e1ban 25-40 tonn\u00e1s teherb\u00edr\u00e1st k\u00edn\u00e1lnak &#8211; \u00edgy a nehezebb terhekkel terhelt f\u00e9lp\u00f3tkocsik is kezelhet\u0151k. A magass\u00e1g 916 mm \u00e9s 1366 mm k\u00f6z\u00f6tt \u00e1ll\u00edthat\u00f3, ami lehet\u0151v\u00e9 teszi a t\u00e1masz jobb pozicion\u00e1l\u00e1s\u00e1t \u00e9s a k\u00e9nyelmesebb rakod\u00e1si m\u0171veleteket. Ezenk\u00edv\u00fcl az eszk\u00f6z nagy alapter\u00fclettel rendelkezik, ami jobb talajstabilit\u00e1st \u00e9s nagyobb \u00e9rintkez\u00e9si fel\u00fcletet biztos\u00edt a f\u00e9lp\u00f3tkocsival (jobb p\u00f3tkocsi-stabiliz\u00e1ci\u00f3). A t\u00e1masz hat\u00e9kony pozicion\u00e1l\u00e1s\u00e1t 400 mm \u00e1tm\u00e9r\u0151j\u0171 gumikerekek teszik lehet\u0151v\u00e9, amelyek nagyobbak, mint a piacon l\u00e9v\u0151 legt\u00f6bb ilyen t\u00edpus\u00fa eszk\u00f6zben tal\u00e1lhat\u00f3ak. A t\u00e1masz k\u00f6nnyen felemelhet\u0151 egy intuit\u00edv kurblimechanizmus seg\u00edts\u00e9g\u00e9vel &#8211; b\u00e1rki m\u0171k\u00f6dtetheti, an\u00e9lk\u00fcl, hogy t\u00falzott er\u0151re lenne sz\u00fcks\u00e9g, \u00e9s egy gyors z\u00e1r\u00f3mechanizmus megakad\u00e1lyozza az illet\u00e9ktelenek hozz\u00e1f\u00e9r\u00e9s\u00e9t.    <\/p>\n<p>Egyre t\u00f6bb f\u00e9lp\u00f3tkocsi-gy\u00e1rt\u00f3 aj\u00e1nlja a speci\u00e1lis t\u00e1maszok haszn\u00e1lat\u00e1t, \u00edgy b\u00e1tran kijelenthet\u0151, hogy a k\u00f6vetkez\u0151 n\u00e9h\u00e1ny \u00e9vben <a href=\"https:\/\/antersystem.com\/hu\/hirek\/product-of-the-year-2019\/produkt-roku-2019-3\/\">az Anter System \u00e1ltal bemutatott megold\u00e1sokhoz hasonl\u00f3 megold\u00e1sok standardd\u00e1 v\u00e1lnak a logisztikai iparban.<\/a><\/p>\n<h3>Befektet\u00e9s a biztons\u00e1gba &#8211; tervezze meg m\u00e9g ma<\/h3>\n<p>Amikor a TIR f\u00e9lp\u00f3tkocsi-t\u00e1mogat\u00f3 beszerz\u00e9s\u00e9t fontolgatja v\u00e1llalata sz\u00e1m\u00e1ra, \u00e9rdemes makroszinten gondolkodnia, \u00e9s nem szabad megfeledkeznie arr\u00f3l, hogy a biztons\u00e1gba t\u00f6rt\u00e9n\u0151 egyszeri befektet\u00e9s felbecs\u00fclhetetlen \u00e9rt\u00e9k\u0171nek bizonyulhat. A professzion\u00e1lis biztons\u00e1gi rendszerek beszerz\u00e9s\u00e9nek k\u00f6lts\u00e9gei \u00e1ltal\u00e1ban ar\u00e1nytalanul alacsonynak bizonyulnak egy esetleges baleset vagy m\u00e1s szerencs\u00e9tlen esem\u00e9ny k\u00f6vetkezm\u00e9nyeihez k\u00e9pest. <\/p>\n<p>&nbsp;<\/p>\n<\/div>\n\n\n\n<div class=\"wp-block-column is-layout-flow wp-block-column-is-layout-flow\" style=\"flex-basis:10%\"><\/div>\n<\/div>\n","protected":false},"excerpt":{"rendered":"<p>JST p\u00f3tkocsit\u00e1masz &#8211; biztons\u00e1gos \u00e9s k\u00e9nyelmes kirakod\u00e1s vontat\u00f3 n\u00e9lk\u00fcl A modern, bev\u00e1lt megold\u00e1sok, p\u00e9ld\u00e1ul a f\u00e9lp\u00f3tkocsi-tart\u00f3k haszn\u00e1lata seg\u00edt a rakt\u00e1ri folyamatok racionaliz\u00e1l\u00e1s\u00e1ban. Ezeknek k\u00f6sz\u00f6nhet\u0151en a targoncavezet\u0151k szabadon elv\u00e9gezhetik a sz\u00fcks\u00e9ges m\u0171veleteket, \u00e9s a teljes be- \u00e9s kirakod\u00e1si folyamat vontat\u00f3j\u00e1rm\u0171 bevon\u00e1sa n\u00e9lk\u00fcl is elv\u00e9gezhet\u0151. F\u00e9lp\u00f3tkocsi-tart\u00f3k &#8211; el\u0151ny\u00f6k \u00e9s alkalmaz\u00e1sok A professzion\u00e1lis t\u00e1maszok haszn\u00e1lat\u00e1nak els\u0151dleges c\u00e9lja a [&hellip;]<\/p>\n","protected":false},"author":1,"featured_media":0,"parent":30300,"menu_order":0,"comment_status":"closed","ping_status":"closed","template":"","meta":{"inline_featured_image":false,"ngg_post_thumbnail":0,"footnotes":""},"class_list":["post-39615","page","type-page","status-publish","hentry"],"acf":[],"yoast_head":"<!-- This site is optimized with the Yoast SEO plugin v27.0 - https:\/\/yoast.com\/product\/yoast-seo-wordpress\/ -->\n<title>Trailer Support JST - Anter System<\/title>\n<meta name=\"description\" content=\"JST p\u00f3tkocsit\u00e1masz - biztons\u00e1gos \u00e9s k\u00e9nyelmes kirakod\u00e1s vontat\u00f3 n\u00e9lk\u00fcl A modern, bev\u00e1lt megold\u00e1sok, p\u00e9ld\u00e1ul a f\u00e9lp\u00f3tkocsi-tart\u00f3k haszn\u00e1lata seg\u00edt a\" \/>\n<meta name=\"robots\" content=\"index, follow, max-snippet:-1, max-image-preview:large, max-video-preview:-1\" \/>\n<link rel=\"canonical\" href=\"https:\/\/antersystem.com\/hu\/hirek\/trailer-support-jst\/\" \/>\n<meta property=\"og:locale\" content=\"hu_HU\" \/>\n<meta property=\"og:type\" content=\"article\" \/>\n<meta property=\"og:title\" content=\"Trailer Support JST - Anter System\" \/>\n<meta property=\"og:description\" content=\"JST p\u00f3tkocsit\u00e1masz - biztons\u00e1gos \u00e9s k\u00e9nyelmes kirakod\u00e1s vontat\u00f3 n\u00e9lk\u00fcl A modern, bev\u00e1lt megold\u00e1sok, p\u00e9ld\u00e1ul a f\u00e9lp\u00f3tkocsi-tart\u00f3k haszn\u00e1lata seg\u00edt a\" \/>\n<meta property=\"og:url\" content=\"https:\/\/antersystem.com\/hu\/hirek\/trailer-support-jst\/\" \/>\n<meta property=\"og:site_name\" content=\"Anter System\" \/>\n<meta property=\"article:modified_time\" content=\"2026-02-04T13:04:56+00:00\" \/>\n<meta name=\"twitter:card\" content=\"summary_large_image\" \/>\n<meta name=\"twitter:label1\" content=\"Becs\u00fclt olvas\u00e1si id\u0151\" \/>\n\t<meta name=\"twitter:data1\" content=\"4 perc\" \/>\n<script type=\"application\/ld+json\" class=\"yoast-schema-graph\">{\"@context\":\"https:\/\/schema.org\",\"@graph\":[{\"@type\":\"WebPage\",\"@id\":\"https:\/\/antersystem.com\/hu\/hirek\/trailer-support-jst\/\",\"url\":\"https:\/\/antersystem.com\/hu\/hirek\/trailer-support-jst\/\",\"name\":\"Trailer Support JST - Anter System\",\"isPartOf\":{\"@id\":\"https:\/\/antersystem.com\/hu\/#website\"},\"datePublished\":\"2023-10-12T10:02:34+00:00\",\"dateModified\":\"2026-02-04T13:04:56+00:00\",\"description\":\"JST p\u00f3tkocsit\u00e1masz - biztons\u00e1gos \u00e9s k\u00e9nyelmes kirakod\u00e1s vontat\u00f3 n\u00e9lk\u00fcl A modern, bev\u00e1lt megold\u00e1sok, p\u00e9ld\u00e1ul a f\u00e9lp\u00f3tkocsi-tart\u00f3k haszn\u00e1lata seg\u00edt a\",\"breadcrumb\":{\"@id\":\"https:\/\/antersystem.com\/hu\/hirek\/trailer-support-jst\/#breadcrumb\"},\"inLanguage\":\"hu\",\"potentialAction\":[{\"@type\":\"ReadAction\",\"target\":[\"https:\/\/antersystem.com\/hu\/hirek\/trailer-support-jst\/\"]}]},{\"@type\":\"BreadcrumbList\",\"@id\":\"https:\/\/antersystem.com\/hu\/hirek\/trailer-support-jst\/#breadcrumb\",\"itemListElement\":[{\"@type\":\"ListItem\",\"position\":1,\"name\":\"AnterSystem\",\"item\":\"https:\/\/antersystem.com\/hu\/\"},{\"@type\":\"ListItem\",\"position\":2,\"name\":\"H\u00edrek\",\"item\":\"https:\/\/antersystem.com\/hu\/hirek\/\"},{\"@type\":\"ListItem\",\"position\":3,\"name\":\"Trailer Support JST\"}]},{\"@type\":\"WebSite\",\"@id\":\"https:\/\/antersystem.com\/hu\/#website\",\"url\":\"https:\/\/antersystem.com\/hu\/\",\"name\":\"Anter System\",\"description\":\"Jeste\u015bmy polskim producentem elastycznych barier ochronnych wykonywanych z polimerowych tworzyw sztucznych. Na rynku krajowym i zagranicznym dzia\u0142amy od ponad 15 lat dbaj\u0105c o zapewnienie bezpiecze\u0144stwa w zak\u0142adach produkcyjnych, magazynach oraz centrach logistycznych.\",\"potentialAction\":[{\"@type\":\"SearchAction\",\"target\":{\"@type\":\"EntryPoint\",\"urlTemplate\":\"https:\/\/antersystem.com\/hu\/?s={search_term_string}\"},\"query-input\":{\"@type\":\"PropertyValueSpecification\",\"valueRequired\":true,\"valueName\":\"search_term_string\"}}],\"inLanguage\":\"hu\"}]}<\/script>\n<!-- \/ Yoast SEO plugin. -->","yoast_head_json":{"title":"Trailer Support JST - Anter System","description":"JST p\u00f3tkocsit\u00e1masz - biztons\u00e1gos \u00e9s k\u00e9nyelmes kirakod\u00e1s vontat\u00f3 n\u00e9lk\u00fcl A modern, bev\u00e1lt megold\u00e1sok, p\u00e9ld\u00e1ul a f\u00e9lp\u00f3tkocsi-tart\u00f3k haszn\u00e1lata seg\u00edt a","robots":{"index":"index","follow":"follow","max-snippet":"max-snippet:-1","max-image-preview":"max-image-preview:large","max-video-preview":"max-video-preview:-1"},"canonical":"https:\/\/antersystem.com\/hu\/hirek\/trailer-support-jst\/","og_locale":"hu_HU","og_type":"article","og_title":"Trailer Support JST - Anter System","og_description":"JST p\u00f3tkocsit\u00e1masz - biztons\u00e1gos \u00e9s k\u00e9nyelmes kirakod\u00e1s vontat\u00f3 n\u00e9lk\u00fcl A modern, bev\u00e1lt megold\u00e1sok, p\u00e9ld\u00e1ul a f\u00e9lp\u00f3tkocsi-tart\u00f3k haszn\u00e1lata seg\u00edt a","og_url":"https:\/\/antersystem.com\/hu\/hirek\/trailer-support-jst\/","og_site_name":"Anter System","article_modified_time":"2026-02-04T13:04:56+00:00","twitter_card":"summary_large_image","twitter_misc":{"Becs\u00fclt olvas\u00e1si id\u0151":"4 perc"},"schema":{"@context":"https:\/\/schema.org","@graph":[{"@type":"WebPage","@id":"https:\/\/antersystem.com\/hu\/hirek\/trailer-support-jst\/","url":"https:\/\/antersystem.com\/hu\/hirek\/trailer-support-jst\/","name":"Trailer Support JST - Anter System","isPartOf":{"@id":"https:\/\/antersystem.com\/hu\/#website"},"datePublished":"2023-10-12T10:02:34+00:00","dateModified":"2026-02-04T13:04:56+00:00","description":"JST p\u00f3tkocsit\u00e1masz - biztons\u00e1gos \u00e9s k\u00e9nyelmes kirakod\u00e1s vontat\u00f3 n\u00e9lk\u00fcl A modern, bev\u00e1lt megold\u00e1sok, p\u00e9ld\u00e1ul a f\u00e9lp\u00f3tkocsi-tart\u00f3k haszn\u00e1lata seg\u00edt a","breadcrumb":{"@id":"https:\/\/antersystem.com\/hu\/hirek\/trailer-support-jst\/#breadcrumb"},"inLanguage":"hu","potentialAction":[{"@type":"ReadAction","target":["https:\/\/antersystem.com\/hu\/hirek\/trailer-support-jst\/"]}]},{"@type":"BreadcrumbList","@id":"https:\/\/antersystem.com\/hu\/hirek\/trailer-support-jst\/#breadcrumb","itemListElement":[{"@type":"ListItem","position":1,"name":"AnterSystem","item":"https:\/\/antersystem.com\/hu\/"},{"@type":"ListItem","position":2,"name":"H\u00edrek","item":"https:\/\/antersystem.com\/hu\/hirek\/"},{"@type":"ListItem","position":3,"name":"Trailer Support JST"}]},{"@type":"WebSite","@id":"https:\/\/antersystem.com\/hu\/#website","url":"https:\/\/antersystem.com\/hu\/","name":"Anter System","description":"Jeste\u015bmy polskim producentem elastycznych barier ochronnych wykonywanych z polimerowych tworzyw sztucznych. Na rynku krajowym i zagranicznym dzia\u0142amy od ponad 15 lat dbaj\u0105c o zapewnienie bezpiecze\u0144stwa w zak\u0142adach produkcyjnych, magazynach oraz centrach logistycznych.","potentialAction":[{"@type":"SearchAction","target":{"@type":"EntryPoint","urlTemplate":"https:\/\/antersystem.com\/hu\/?s={search_term_string}"},"query-input":{"@type":"PropertyValueSpecification","valueRequired":true,"valueName":"search_term_string"}}],"inLanguage":"hu"}]}},"_links":{"self":[{"href":"https:\/\/antersystem.com\/hu\/wp-json\/wp\/v2\/pages\/39615","targetHints":{"allow":["GET"]}}],"collection":[{"href":"https:\/\/antersystem.com\/hu\/wp-json\/wp\/v2\/pages"}],"about":[{"href":"https:\/\/antersystem.com\/hu\/wp-json\/wp\/v2\/types\/page"}],"author":[{"embeddable":true,"href":"https:\/\/antersystem.com\/hu\/wp-json\/wp\/v2\/users\/1"}],"replies":[{"embeddable":true,"href":"https:\/\/antersystem.com\/hu\/wp-json\/wp\/v2\/comments?post=39615"}],"version-history":[{"count":1,"href":"https:\/\/antersystem.com\/hu\/wp-json\/wp\/v2\/pages\/39615\/revisions"}],"predecessor-version":[{"id":39616,"href":"https:\/\/antersystem.com\/hu\/wp-json\/wp\/v2\/pages\/39615\/revisions\/39616"}],"up":[{"embeddable":true,"href":"https:\/\/antersystem.com\/hu\/wp-json\/wp\/v2\/pages\/30300"}],"wp:attachment":[{"href":"https:\/\/antersystem.com\/hu\/wp-json\/wp\/v2\/media?parent=39615"}],"curies":[{"name":"wp","href":"https:\/\/api.w.org\/{rel}","templated":true}]}}