{"id":39632,"date":"2023-10-12T09:31:59","date_gmt":"2023-10-12T07:31:59","guid":{"rendered":"https:\/\/antersystem.com\/hirek\/polymer-safety-barriers\/"},"modified":"2026-02-04T14:04:59","modified_gmt":"2026-02-04T13:04:59","slug":"polymer-safety-barriers","status":"publish","type":"page","link":"https:\/\/antersystem.com\/hu\/hirek\/polymer-safety-barriers\/","title":{"rendered":"Polimer biztons\u00e1gi korl\u00e1tok"},"content":{"rendered":"\n<div class=\"wp-block-columns is-layout-flex wp-container-core-columns-is-layout-9d6595d7 wp-block-columns-is-layout-flex\">\n<div class=\"wp-block-column is-layout-flow wp-block-column-is-layout-flow\" style=\"flex-basis:10%\"><\/div>\n\n<div class=\"wp-block-columns is-layout-flex wp-container-core-columns-is-layout-9d6595d7 wp-block-columns-is-layout-flex\">\n<div class=\"wp-block-column is-layout-flow wp-block-column-is-layout-flow\" style=\"flex-basis:10%\"><\/div>\n\n\n\n<div class=\"wp-block-column is-layout-flow wp-block-column-is-layout-flow\">\n<h2 class=\"wp-block-heading\">Polimer vagy ac\u00e9l biztons\u00e1gi korl\u00e1tok &#8211; melyiket v\u00e1lasszuk?<\/h2>\n\n\n\n<p><a href=\"https:\/\/antersystem.com\/co-zabezpieczamy\/hale-magazynowe\/\">A rakt\u00e1rakat \u00e9s<\/a> <a href=\"https:\/\/antersystem.com\/co-zabezpieczamy\/hale-produkcyjne\/\">a gy\u00e1rt\u00f3\u00fczemeket ir\u00e1ny\u00edt\u00f3k sz\u00e1m\u00e1ra a munkav\u00e1llal\u00f3k biztons\u00e1g\u00e1nak garant\u00e1l\u00e1sa, valamint a berendez\u00e9sek \u00e9s g\u00e9pek v\u00e9delme a legfontosabb priorit\u00e1sok .<\/a> Az emberi eg\u00e9szs\u00e9g \u00e9s az \u00e9let felbecs\u00fclhetetlen \u00e9rt\u00e9k\u0171, ez\u00e9rt a biztons\u00e1gi megold\u00e1sok kiv\u00e1laszt\u00e1sakor nincs helye f\u00e9lmegold\u00e1soknak vagy kompromisszumoknak. Az egyik leggyakrabban haszn\u00e1lt \u00e9s legsokoldal\u00fabb v\u00e9d\u0151elem mind a belt\u00e9ri, mind a k\u00fclt\u00e9ri alkalmaz\u00e1sokban a biztons\u00e1gi korl\u00e1tok. \u00cdme, hogyan v\u00e1lassza ki a megfelel\u0151t az \u00d6n l\u00e9tes\u00edtm\u00e9ny\u00e9hez.   <\/p>\n\n\n\n<h3 class=\"wp-block-heading\">Mik azok az ipari biztons\u00e1gi korl\u00e1tok (m\u00e1s n\u00e9ven v\u00e9d\u0151k vagy \u00fctk\u00f6z\u0151k)?<\/h3>\n\n\n\n<p>A biztons\u00e1gi korl\u00e1tokat, amelyeket \u00e1ltal\u00e1ban \u00fctk\u00f6z\u0151nek vagy v\u00e9d\u0151burkolatnak neveznek, a gyalogos \u00fatvonalak, rakt\u00e1r\u00e1llv\u00e1nyok, robotok, munka\u00e1llom\u00e1sok \u00e9s m\u00e1s kritikus ter\u00fcletek v\u00e9delm\u00e9re tervezt\u00e9k. Minden\u00fctt haszn\u00e1lj\u00e1k \u0151ket, ahol g\u00e9pek, emberek \u00e9s j\u00e1rm\u0171vek k\u00f6zel egym\u00e1shoz mozognak. A piacon el\u00e9rhet\u0151ek ac\u00e9l, m\u0171anyag, gumi \u00e9s fa v\u00e1ltozatok &#8211; mindegyiknek megvannak a maga el\u0151nyei. Tart\u00f3ss\u00e1guk \u00e9s sz\u00e9lesk\u00f6r\u0171 felhaszn\u00e1l\u00e1si ter\u00fclet\u00fck miatt azonban az ac\u00e9l \u00e9s a polimer korl\u00e1tok a legn\u00e9pszer\u0171bbek.   <\/p>\n\n\n\n<h3 class=\"wp-block-heading\">A polimer biztons\u00e1gi korl\u00e1tok el\u0151nyei \u00e9s alkalmaz\u00e1sai<\/h3>\n\n\n\n<p>A <a href=\"https:\/\/antersystem.pl\/pl\/bariery\/178-bariera-podlogowa-de.html\">polimer v\u00e9d\u0151falak gy\u00e1rt\u00e1sa sor\u00e1n a legtart\u00f3sabb , nagy teljes\u00edtm\u00e9ny\u0171 polimereket haszn\u00e1lj\u00e1k a hat\u00e9kony \u00fct\u00e9selnyel\u00e9s \u00e9rdek\u00e9ben .<\/a> Ugyanakkor ezek a korl\u00e1tok sokkal k\u00f6nnyebbek, mint a hagyom\u00e1nyos ac\u00e9lb\u00f3l k\u00e9sz\u00fcltek. Rugalmass\u00e1guknak k\u00f6sz\u00f6nhet\u0151en deform\u00e1ci\u00f3 n\u00e9lk\u00fcl t\u00f6bb er\u0151s \u00fct\u00e9st is k\u00e9pesek elviselni. Sz\u00edn\u00fcket &#8211; az ac\u00e9llal ellent\u00e9tben &#8211; megtartj\u00e1k, \u00e9s nem ig\u00e9nyelnek \u00fajrafest\u00e9st vagy karbantart\u00e1st. Emellett korr\u00f3zi\u00f3\u00e1ll\u00f3ak, \u00e9s cs\u00f6kkentik a padl\u00f3 s\u00e9r\u00fcl\u00e9s\u00e9nek kock\u00e1zat\u00e1t a r\u00f6gz\u00edt\u00e9si pontokon.    <\/p>\n\n\n\n<p>A polimer g\u00e1tak ellen\u00e1llnak az id\u0151j\u00e1r\u00e1si k\u00f6r\u00fclm\u00e9nyeknek, bele\u00e9rtve az UV-sug\u00e1rz\u00e1st \u00e9s a fagyot is, \u00edgy belt\u00e9ri \u00e9s k\u00fclt\u00e9ri telep\u00edt\u00e9sre egyar\u00e1nt alkalmasak. T\u00f6k\u00e9letesen teljes\u00edtenek olyan ter\u00fcleteken, mint a parkol\u00f3k, udvarok, rakod\u00f3r\u00e1mp\u00e1k \u00e9s b\u00e1rmely m\u00e1s, a forgalom vagy a berendez\u00e9sek v\u00e9delm\u00e9t ig\u00e9nyl\u0151 z\u00f3na. Ide\u00e1lisak rakt\u00e1rakba is &#8211; p\u00e9ld\u00e1ul rakt\u00e1r\u00e1llv\u00e1nyok vagy magas polcok v\u00e9delm\u00e9re -, valamint termel\u00e9si l\u00e9tes\u00edtm\u00e9nyekben a g\u00e9pek \u00e9s munka\u00e1llom\u00e1sok biztos\u00edt\u00e1s\u00e1ra.  <\/p>\n\n\n\n<p>Modul\u00e1ris fel\u00e9p\u00edt\u00e9s\u00fcknek k\u00f6sz\u00f6nhet\u0151en a polimer g\u00e1tak k\u00f6nnyen b\u0151v\u00edthet\u0151k, \u00e1trendezhet\u0151k vagy \u00e1thelyezhet\u0151k, ha az \u00fczemeltet\u00e9si ig\u00e9nyek v\u00e1ltoznak.<\/p>\n\n\n\n<h3 class=\"wp-block-heading\">Ipari v\u00e9delmi rendszerek lengyel gy\u00e1rt\u00f3ja<\/h3>\n\n\n\n<p>A v\u00e1lasztott megold\u00e1st\u00f3l f\u00fcggetlen\u00fcl \u00e9rdemes a bev\u00e1lt, j\u00f3 h\u00edr\u0171 gy\u00e1rt\u00f3kra t\u00e1maszkodni. Az Anter System tan\u00fas\u00edtott, kiv\u00e1l\u00f3 min\u0151s\u00e9g\u0171 \u00e9s korszer\u0171 biztons\u00e1gi korl\u00e1tok egyik legsz\u00e9lesebb v\u00e1laszt\u00e9k\u00e1t k\u00edn\u00e1lja. A v\u00e1llalat term\u00e9kk\u00edn\u00e1lat\u00e1ban p\u00f3tkocsitart\u00f3 \u00e1llv\u00e1nyok is szerepelnek &#8211; az innov\u00e1ci\u00f3, a gazdas\u00e1goss\u00e1g \u00e9s a k\u00f6rnyezeti el\u0151ny\u00f6k miatt versenyeken elismertek. A kiterjedt katal\u00f3gus lehet\u0151v\u00e9 teszi a v\u00e9delmi rendszerek pontos hozz\u00e1igaz\u00edt\u00e1s\u00e1t az egyes rakt\u00e1rak, gy\u00e1rt\u00f3csarnokok vagy parkol\u00f3k egyedi ig\u00e9nyeihez.   <\/p>\n\n\n\n<p>Sok\u00e9ves tapasztalattal \u00e9s a munkahelyi biztons\u00e1gi kih\u00edv\u00e1sok m\u00e9ly meg\u00e9rt\u00e9s\u00e9vel rendelkez\u0151 gy\u00e1rt\u00f3k\u00e9nt az Anter System szak\u00e9rt\u0151i tan\u00e1csot ny\u00fajt az \u00d6n egy\u00e9ni k\u00f6vetelm\u00e9nyeinek t\u00f6k\u00e9letesen megfelel\u0151 megold\u00e1sok kiv\u00e1laszt\u00e1s\u00e1ban.<\/p>\n\n\n\n<p>&nbsp;<\/p>\n<p>&nbsp;<\/p>\n<\/div>\n\n\n\n<div class=\"wp-block-column is-layout-flow wp-block-column-is-layout-flow\" style=\"flex-basis:10%\"><\/div>\n<\/div>\n","protected":false},"excerpt":{"rendered":"<p>Polimer vagy ac\u00e9l biztons\u00e1gi korl\u00e1tok &#8211; melyiket v\u00e1lasszuk? A rakt\u00e1rakat \u00e9s a gy\u00e1rt\u00f3\u00fczemeket ir\u00e1ny\u00edt\u00f3k sz\u00e1m\u00e1ra a munkav\u00e1llal\u00f3k biztons\u00e1g\u00e1nak garant\u00e1l\u00e1sa, valamint a berendez\u00e9sek \u00e9s g\u00e9pek v\u00e9delme a legfontosabb priorit\u00e1sok . Az emberi eg\u00e9szs\u00e9g \u00e9s az \u00e9let felbecs\u00fclhetetlen \u00e9rt\u00e9k\u0171, ez\u00e9rt a biztons\u00e1gi megold\u00e1sok kiv\u00e1laszt\u00e1sakor nincs helye f\u00e9lmegold\u00e1soknak vagy kompromisszumoknak. Az egyik leggyakrabban haszn\u00e1lt \u00e9s legsokoldal\u00fabb v\u00e9d\u0151elem mind [&hellip;]<\/p>\n","protected":false},"author":1,"featured_media":0,"parent":30300,"menu_order":0,"comment_status":"closed","ping_status":"closed","template":"","meta":{"inline_featured_image":false,"ngg_post_thumbnail":0,"footnotes":""},"class_list":["post-39632","page","type-page","status-publish","hentry"],"acf":[],"yoast_head":"<!-- This site is optimized with the Yoast SEO plugin v27.0 - https:\/\/yoast.com\/product\/yoast-seo-wordpress\/ -->\n<title>Polimer biztons\u00e1gi korl\u00e1tok - Anter System<\/title>\n<meta name=\"description\" content=\"Bez wzgl\u0119du na typ wybranego zabezpieczenia, warto polega\u0107 na asortymencie od czo\u0142owych producent\u00f3w. Anter System oferuje najwi\u0119kszy wyb\u00f3r certyfikowanych, solidnie wykonanych, nowoczesnych barier ochronnych.\" \/>\n<meta name=\"robots\" content=\"index, follow, max-snippet:-1, max-image-preview:large, max-video-preview:-1\" \/>\n<link rel=\"canonical\" href=\"https:\/\/antersystem.com\/hu\/hirek\/polymer-safety-barriers\/\" \/>\n<meta property=\"og:locale\" content=\"hu_HU\" \/>\n<meta property=\"og:type\" content=\"article\" \/>\n<meta property=\"og:title\" content=\"Polimer biztons\u00e1gi korl\u00e1tok - Anter System\" \/>\n<meta property=\"og:description\" content=\"Bez wzgl\u0119du na typ wybranego zabezpieczenia, warto polega\u0107 na asortymencie od czo\u0142owych producent\u00f3w. Anter System oferuje najwi\u0119kszy wyb\u00f3r certyfikowanych, solidnie wykonanych, nowoczesnych barier ochronnych.\" \/>\n<meta property=\"og:url\" content=\"https:\/\/antersystem.com\/hu\/hirek\/polymer-safety-barriers\/\" \/>\n<meta property=\"og:site_name\" content=\"Anter System\" \/>\n<meta property=\"article:modified_time\" content=\"2026-02-04T13:04:59+00:00\" \/>\n<meta name=\"twitter:card\" content=\"summary_large_image\" \/>\n<meta name=\"twitter:label1\" content=\"Becs\u00fclt olvas\u00e1si id\u0151\" \/>\n\t<meta name=\"twitter:data1\" content=\"3 perc\" \/>\n<script type=\"application\/ld+json\" class=\"yoast-schema-graph\">{\"@context\":\"https:\/\/schema.org\",\"@graph\":[{\"@type\":\"WebPage\",\"@id\":\"https:\/\/antersystem.com\/hu\/hirek\/polymer-safety-barriers\/\",\"url\":\"https:\/\/antersystem.com\/hu\/hirek\/polymer-safety-barriers\/\",\"name\":\"Polimer biztons\u00e1gi korl\u00e1tok - Anter System\",\"isPartOf\":{\"@id\":\"https:\/\/antersystem.com\/hu\/#website\"},\"datePublished\":\"2023-10-12T07:31:59+00:00\",\"dateModified\":\"2026-02-04T13:04:59+00:00\",\"description\":\"Bez wzgl\u0119du na typ wybranego zabezpieczenia, warto polega\u0107 na asortymencie od czo\u0142owych producent\u00f3w. Anter System oferuje najwi\u0119kszy wyb\u00f3r certyfikowanych, solidnie wykonanych, nowoczesnych barier ochronnych.\",\"breadcrumb\":{\"@id\":\"https:\/\/antersystem.com\/hu\/hirek\/polymer-safety-barriers\/#breadcrumb\"},\"inLanguage\":\"hu\",\"potentialAction\":[{\"@type\":\"ReadAction\",\"target\":[\"https:\/\/antersystem.com\/hu\/hirek\/polymer-safety-barriers\/\"]}]},{\"@type\":\"BreadcrumbList\",\"@id\":\"https:\/\/antersystem.com\/hu\/hirek\/polymer-safety-barriers\/#breadcrumb\",\"itemListElement\":[{\"@type\":\"ListItem\",\"position\":1,\"name\":\"AnterSystem\",\"item\":\"https:\/\/antersystem.com\/hu\/\"},{\"@type\":\"ListItem\",\"position\":2,\"name\":\"H\u00edrek\",\"item\":\"https:\/\/antersystem.com\/hu\/hirek\/\"},{\"@type\":\"ListItem\",\"position\":3,\"name\":\"Polimer biztons\u00e1gi korl\u00e1tok\"}]},{\"@type\":\"WebSite\",\"@id\":\"https:\/\/antersystem.com\/hu\/#website\",\"url\":\"https:\/\/antersystem.com\/hu\/\",\"name\":\"Anter System\",\"description\":\"Jeste\u015bmy polskim producentem elastycznych barier ochronnych wykonywanych z polimerowych tworzyw sztucznych. Na rynku krajowym i zagranicznym dzia\u0142amy od ponad 15 lat dbaj\u0105c o zapewnienie bezpiecze\u0144stwa w zak\u0142adach produkcyjnych, magazynach oraz centrach logistycznych.\",\"potentialAction\":[{\"@type\":\"SearchAction\",\"target\":{\"@type\":\"EntryPoint\",\"urlTemplate\":\"https:\/\/antersystem.com\/hu\/?s={search_term_string}\"},\"query-input\":{\"@type\":\"PropertyValueSpecification\",\"valueRequired\":true,\"valueName\":\"search_term_string\"}}],\"inLanguage\":\"hu\"}]}<\/script>\n<!-- \/ Yoast SEO plugin. -->","yoast_head_json":{"title":"Polimer biztons\u00e1gi korl\u00e1tok - Anter System","description":"Bez wzgl\u0119du na typ wybranego zabezpieczenia, warto polega\u0107 na asortymencie od czo\u0142owych producent\u00f3w. Anter System oferuje najwi\u0119kszy wyb\u00f3r certyfikowanych, solidnie wykonanych, nowoczesnych barier ochronnych.","robots":{"index":"index","follow":"follow","max-snippet":"max-snippet:-1","max-image-preview":"max-image-preview:large","max-video-preview":"max-video-preview:-1"},"canonical":"https:\/\/antersystem.com\/hu\/hirek\/polymer-safety-barriers\/","og_locale":"hu_HU","og_type":"article","og_title":"Polimer biztons\u00e1gi korl\u00e1tok - Anter System","og_description":"Bez wzgl\u0119du na typ wybranego zabezpieczenia, warto polega\u0107 na asortymencie od czo\u0142owych producent\u00f3w. Anter System oferuje najwi\u0119kszy wyb\u00f3r certyfikowanych, solidnie wykonanych, nowoczesnych barier ochronnych.","og_url":"https:\/\/antersystem.com\/hu\/hirek\/polymer-safety-barriers\/","og_site_name":"Anter System","article_modified_time":"2026-02-04T13:04:59+00:00","twitter_card":"summary_large_image","twitter_misc":{"Becs\u00fclt olvas\u00e1si id\u0151":"3 perc"},"schema":{"@context":"https:\/\/schema.org","@graph":[{"@type":"WebPage","@id":"https:\/\/antersystem.com\/hu\/hirek\/polymer-safety-barriers\/","url":"https:\/\/antersystem.com\/hu\/hirek\/polymer-safety-barriers\/","name":"Polimer biztons\u00e1gi korl\u00e1tok - Anter System","isPartOf":{"@id":"https:\/\/antersystem.com\/hu\/#website"},"datePublished":"2023-10-12T07:31:59+00:00","dateModified":"2026-02-04T13:04:59+00:00","description":"Bez wzgl\u0119du na typ wybranego zabezpieczenia, warto polega\u0107 na asortymencie od czo\u0142owych producent\u00f3w. Anter System oferuje najwi\u0119kszy wyb\u00f3r certyfikowanych, solidnie wykonanych, nowoczesnych barier ochronnych.","breadcrumb":{"@id":"https:\/\/antersystem.com\/hu\/hirek\/polymer-safety-barriers\/#breadcrumb"},"inLanguage":"hu","potentialAction":[{"@type":"ReadAction","target":["https:\/\/antersystem.com\/hu\/hirek\/polymer-safety-barriers\/"]}]},{"@type":"BreadcrumbList","@id":"https:\/\/antersystem.com\/hu\/hirek\/polymer-safety-barriers\/#breadcrumb","itemListElement":[{"@type":"ListItem","position":1,"name":"AnterSystem","item":"https:\/\/antersystem.com\/hu\/"},{"@type":"ListItem","position":2,"name":"H\u00edrek","item":"https:\/\/antersystem.com\/hu\/hirek\/"},{"@type":"ListItem","position":3,"name":"Polimer biztons\u00e1gi korl\u00e1tok"}]},{"@type":"WebSite","@id":"https:\/\/antersystem.com\/hu\/#website","url":"https:\/\/antersystem.com\/hu\/","name":"Anter System","description":"Jeste\u015bmy polskim producentem elastycznych barier ochronnych wykonywanych z polimerowych tworzyw sztucznych. Na rynku krajowym i zagranicznym dzia\u0142amy od ponad 15 lat dbaj\u0105c o zapewnienie bezpiecze\u0144stwa w zak\u0142adach produkcyjnych, magazynach oraz centrach logistycznych.","potentialAction":[{"@type":"SearchAction","target":{"@type":"EntryPoint","urlTemplate":"https:\/\/antersystem.com\/hu\/?s={search_term_string}"},"query-input":{"@type":"PropertyValueSpecification","valueRequired":true,"valueName":"search_term_string"}}],"inLanguage":"hu"}]}},"_links":{"self":[{"href":"https:\/\/antersystem.com\/hu\/wp-json\/wp\/v2\/pages\/39632","targetHints":{"allow":["GET"]}}],"collection":[{"href":"https:\/\/antersystem.com\/hu\/wp-json\/wp\/v2\/pages"}],"about":[{"href":"https:\/\/antersystem.com\/hu\/wp-json\/wp\/v2\/types\/page"}],"author":[{"embeddable":true,"href":"https:\/\/antersystem.com\/hu\/wp-json\/wp\/v2\/users\/1"}],"replies":[{"embeddable":true,"href":"https:\/\/antersystem.com\/hu\/wp-json\/wp\/v2\/comments?post=39632"}],"version-history":[{"count":1,"href":"https:\/\/antersystem.com\/hu\/wp-json\/wp\/v2\/pages\/39632\/revisions"}],"predecessor-version":[{"id":39635,"href":"https:\/\/antersystem.com\/hu\/wp-json\/wp\/v2\/pages\/39632\/revisions\/39635"}],"up":[{"embeddable":true,"href":"https:\/\/antersystem.com\/hu\/wp-json\/wp\/v2\/pages\/30300"}],"wp:attachment":[{"href":"https:\/\/antersystem.com\/hu\/wp-json\/wp\/v2\/media?parent=39632"}],"curies":[{"name":"wp","href":"https:\/\/api.w.org\/{rel}","templated":true}]}}