{"id":39678,"date":"2024-02-28T09:18:11","date_gmt":"2024-02-28T08:18:11","guid":{"rendered":"https:\/\/antersystem.com\/hirek\/mid-magazine-visions-of-safety-wizje-bezpieczenstwa\/"},"modified":"2026-02-04T14:07:09","modified_gmt":"2026-02-04T13:07:09","slug":"mid-magazine-visions-of-safety-wizje-bezpieczenstwa","status":"publish","type":"page","link":"https:\/\/antersystem.com\/hu\/hirek\/mid-magazine-visions-of-safety-wizje-bezpieczenstwa\/","title":{"rendered":"MID Magazin &#8211; &#8222;Visions of Safety&#8221; &#8211; &#8222;Wizje bezpiecze\u0144stwa&#8221;"},"content":{"rendered":"\n<div class=\"wp-block-columns is-layout-flex wp-container-core-columns-is-layout-9d6595d7 wp-block-columns-is-layout-flex\">\n<div class=\"wp-block-column is-layout-flow wp-block-column-is-layout-flow\" style=\"flex-basis:10%\"><\/div>\n\n\n\n<div class=\"wp-block-column is-layout-flow wp-block-column-is-layout-flow\">\n<h3 class=\"wp-block-heading\">MID 97 &#8211; a 2024-es \u00e9v els\u0151 sz\u00e1ma. Mi vez\u00e9reljen, hogy egy t\u00e9r megfeleljen a biztons\u00e1gi k\u00f6vetelm\u00e9nyeknek? <\/h3>\n\n\n\n<p>MID magazin legut\u00f3bbi sz\u00e1m\u00e1ban egy olyan szerkeszt\u0151s\u00e9gi cikk jelent meg, amely a rakt\u00e1rhelyis\u00e9gek tervez\u0151i sz\u00e1m\u00e1ra eg\u00e9szs\u00e9g\u00fcgyi \u00e9s biztons\u00e1gi k\u00e9zik\u00f6nyvk\u00e9nt kezelhet\u0151. A cikk figyelembe veszi a t\u00e9relrendez\u00e9ssel, a vil\u00e1g\u00edt\u00e1ssal, a p\u00e1ratartalommal, a munkav\u00e9delmi el\u0151\u00edr\u00e1sokkal \u00e9s a j\u00e1rm\u0171forgalommal kapcsolatos biztons\u00e1gi int\u00e9zked\u00e9seket. Jelent\u0151s r\u00e9szt szentel az olyan ter\u00fcletek v\u00e9delm\u00e9nek is, ahol megn\u0151 az \u00fctk\u00f6z\u00e9svesz\u00e9ly. Itt az Anter System projektmenedzsere ny\u00fajt seg\u00edts\u00e9get, r\u00e1mutatva &#8211; a rugalmas biztons\u00e1gi korl\u00e1tok p\u00e9ld\u00e1j\u00e1n kereszt\u00fcl &#8211; a mindennapi munkav\u00e9gz\u00e9s sor\u00e1n el\u0151fordul\u00f3 vesz\u00e9lyt\u00edpusokra. A cikk olyan fejlettebb v\u00e9delmi int\u00e9zked\u00e9sekkel is foglalkozik, mint a folyamatok automatiz\u00e1l\u00e1sa \u00e9s a dr\u00f3nok haszn\u00e1lata a k\u00e9szletgazd\u00e1lkod\u00e1sban.    <\/p>\n<p>A szerkeszt\u0151k a biztons\u00e1gi int\u00e9zked\u00e9seket akt\u00edv vagy passz\u00edv jelleg\u00fck szerint hat\u00e1rozz\u00e1k meg. A rugalmas biztons\u00e1gi korl\u00e1tok az ut\u00f3bbi kateg\u00f3ri\u00e1ba tartoznak, ami semmik\u00e9ppen sem cs\u00f6kkenti alkalmaz\u00e1suk priorit\u00e1s\u00e1t. E cikk birtok\u00e1ban az olvas\u00f3k \u00fajra\u00e9rt\u00e9kelhetik a t\u00e9rtervez\u00e9ssel kapcsolatos ismereteiket a hat\u00e9kony kihaszn\u00e1l\u00e1s \u00e9s a benne zajl\u00f3 m\u0171veletek szempontj\u00e1b\u00f3l.  <\/p>\n<p>Kellemes olvas\u00e1st k\u00edv\u00e1nunk!<\/p>\n<\/div>\n\n\n\n<div class=\"wp-block-column is-layout-flow wp-block-column-is-layout-flow\" style=\"flex-basis:10%\"><\/div>\n<\/div>\n\n<div data-wp-interactive=\"core\/file\" class=\"wp-block-file\"><object data-wp-bind--hidden=\"!state.hasPdfPreview\" hidden class=\"wp-block-file__embed\" data=\"https:\/\/antersystem.com\/wp-content\/uploads\/MID_97_1_2024-Anter-System.pdf\" type=\"application\/pdf\" style=\"width:100%;height:600px\" aria-label=\"MID_97_1_2024-Anter-System be\u00e1gyaz\u00e1sa\"><\/object><a id=\"wp-block-file--media-c4a79965-4313-4b68-8827-3aa81c41db0a\" href=\"https:\/\/antersystem.com\/wp-content\/uploads\/MID_97_1_2024-Anter-System.pdf\">MID_97_1_2024-Anter-System<\/a><a href=\"https:\/\/antersystem.com\/wp-content\/uploads\/MID_97_1_2024-Anter-System.pdf\" class=\"wp-block-file__button wp-element-button\" download=\"\" aria-describedby=\"wp-block-file--media-c4a79965-4313-4b68-8827-3aa81c41db0a\">Let\u00f6lt\u00e9s<\/a><\/div>\n","protected":false},"excerpt":{"rendered":"<p>MID 97 &#8211; a 2024-es \u00e9v els\u0151 sz\u00e1ma. Mi vez\u00e9reljen, hogy egy t\u00e9r megfeleljen a biztons\u00e1gi k\u00f6vetelm\u00e9nyeknek? MID magazin legut\u00f3bbi sz\u00e1m\u00e1ban egy olyan szerkeszt\u0151s\u00e9gi cikk jelent meg, amely a rakt\u00e1rhelyis\u00e9gek tervez\u0151i sz\u00e1m\u00e1ra eg\u00e9szs\u00e9g\u00fcgyi \u00e9s biztons\u00e1gi k\u00e9zik\u00f6nyvk\u00e9nt kezelhet\u0151. A cikk figyelembe veszi a t\u00e9relrendez\u00e9ssel, a vil\u00e1g\u00edt\u00e1ssal, a p\u00e1ratartalommal, a munkav\u00e9delmi el\u0151\u00edr\u00e1sokkal \u00e9s a j\u00e1rm\u0171forgalommal kapcsolatos biztons\u00e1gi [&hellip;]<\/p>\n","protected":false},"author":1,"featured_media":0,"parent":30300,"menu_order":0,"comment_status":"closed","ping_status":"closed","template":"","meta":{"inline_featured_image":false,"ngg_post_thumbnail":0,"footnotes":""},"class_list":["post-39678","page","type-page","status-publish","hentry"],"acf":[],"yoast_head":"<!-- This site is optimized with the Yoast SEO plugin v27.0 - https:\/\/yoast.com\/product\/yoast-seo-wordpress\/ -->\n<title>MID Magazin - &quot;Visions of Safety&quot; - &quot;Wizje bezpiecze\u0144stwa&quot; - Anter System<\/title>\n<meta name=\"description\" content=\"MID 97 - a 2024-es \u00e9v els\u0151 sz\u00e1ma. Mi vez\u00e9reljen, hogy egy t\u00e9r megfeleljen a biztons\u00e1gi k\u00f6vetelm\u00e9nyeknek? MID magazin legut\u00f3bbi sz\u00e1m\u00e1ban egy olyan\" \/>\n<meta name=\"robots\" content=\"index, follow, max-snippet:-1, max-image-preview:large, max-video-preview:-1\" \/>\n<link rel=\"canonical\" href=\"https:\/\/antersystem.com\/hu\/hirek\/mid-magazine-visions-of-safety-wizje-bezpieczenstwa\/\" \/>\n<meta property=\"og:locale\" content=\"hu_HU\" \/>\n<meta property=\"og:type\" content=\"article\" \/>\n<meta property=\"og:title\" content=\"MID Magazin - &quot;Visions of Safety&quot; - &quot;Wizje bezpiecze\u0144stwa&quot; - Anter System\" \/>\n<meta property=\"og:description\" content=\"MID 97 - a 2024-es \u00e9v els\u0151 sz\u00e1ma. Mi vez\u00e9reljen, hogy egy t\u00e9r megfeleljen a biztons\u00e1gi k\u00f6vetelm\u00e9nyeknek? MID magazin legut\u00f3bbi sz\u00e1m\u00e1ban egy olyan\" \/>\n<meta property=\"og:url\" content=\"https:\/\/antersystem.com\/hu\/hirek\/mid-magazine-visions-of-safety-wizje-bezpieczenstwa\/\" \/>\n<meta property=\"og:site_name\" content=\"Anter System\" \/>\n<meta property=\"article:modified_time\" content=\"2026-02-04T13:07:09+00:00\" \/>\n<meta name=\"twitter:card\" content=\"summary_large_image\" \/>\n<meta name=\"twitter:label1\" content=\"Becs\u00fclt olvas\u00e1si id\u0151\" \/>\n\t<meta name=\"twitter:data1\" content=\"1 perc\" \/>\n<script type=\"application\/ld+json\" class=\"yoast-schema-graph\">{\"@context\":\"https:\/\/schema.org\",\"@graph\":[{\"@type\":\"WebPage\",\"@id\":\"https:\/\/antersystem.com\/hu\/hirek\/mid-magazine-visions-of-safety-wizje-bezpieczenstwa\/\",\"url\":\"https:\/\/antersystem.com\/hu\/hirek\/mid-magazine-visions-of-safety-wizje-bezpieczenstwa\/\",\"name\":\"MID Magazin - \\\"Visions of Safety\\\" - \\\"Wizje bezpiecze\u0144stwa\\\" - Anter System\",\"isPartOf\":{\"@id\":\"https:\/\/antersystem.com\/hu\/#website\"},\"datePublished\":\"2024-02-28T08:18:11+00:00\",\"dateModified\":\"2026-02-04T13:07:09+00:00\",\"description\":\"MID 97 - a 2024-es \u00e9v els\u0151 sz\u00e1ma. Mi vez\u00e9reljen, hogy egy t\u00e9r megfeleljen a biztons\u00e1gi k\u00f6vetelm\u00e9nyeknek? MID magazin legut\u00f3bbi sz\u00e1m\u00e1ban egy olyan\",\"breadcrumb\":{\"@id\":\"https:\/\/antersystem.com\/hu\/hirek\/mid-magazine-visions-of-safety-wizje-bezpieczenstwa\/#breadcrumb\"},\"inLanguage\":\"hu\",\"potentialAction\":[{\"@type\":\"ReadAction\",\"target\":[\"https:\/\/antersystem.com\/hu\/hirek\/mid-magazine-visions-of-safety-wizje-bezpieczenstwa\/\"]}]},{\"@type\":\"BreadcrumbList\",\"@id\":\"https:\/\/antersystem.com\/hu\/hirek\/mid-magazine-visions-of-safety-wizje-bezpieczenstwa\/#breadcrumb\",\"itemListElement\":[{\"@type\":\"ListItem\",\"position\":1,\"name\":\"AnterSystem\",\"item\":\"https:\/\/antersystem.com\/hu\/\"},{\"@type\":\"ListItem\",\"position\":2,\"name\":\"H\u00edrek\",\"item\":\"https:\/\/antersystem.com\/hu\/hirek\/\"},{\"@type\":\"ListItem\",\"position\":3,\"name\":\"MID Magazin &#8211; &#8220;Visions of Safety&#8221; &#8211; &#8220;Wizje bezpiecze\u0144stwa&#8221;\"}]},{\"@type\":\"WebSite\",\"@id\":\"https:\/\/antersystem.com\/hu\/#website\",\"url\":\"https:\/\/antersystem.com\/hu\/\",\"name\":\"Anter System\",\"description\":\"Jeste\u015bmy polskim producentem elastycznych barier ochronnych wykonywanych z polimerowych tworzyw sztucznych. Na rynku krajowym i zagranicznym dzia\u0142amy od ponad 15 lat dbaj\u0105c o zapewnienie bezpiecze\u0144stwa w zak\u0142adach produkcyjnych, magazynach oraz centrach logistycznych.\",\"potentialAction\":[{\"@type\":\"SearchAction\",\"target\":{\"@type\":\"EntryPoint\",\"urlTemplate\":\"https:\/\/antersystem.com\/hu\/?s={search_term_string}\"},\"query-input\":{\"@type\":\"PropertyValueSpecification\",\"valueRequired\":true,\"valueName\":\"search_term_string\"}}],\"inLanguage\":\"hu\"}]}<\/script>\n<!-- \/ Yoast SEO plugin. -->","yoast_head_json":{"title":"MID Magazin - \"Visions of Safety\" - \"Wizje bezpiecze\u0144stwa\" - Anter System","description":"MID 97 - a 2024-es \u00e9v els\u0151 sz\u00e1ma. Mi vez\u00e9reljen, hogy egy t\u00e9r megfeleljen a biztons\u00e1gi k\u00f6vetelm\u00e9nyeknek? MID magazin legut\u00f3bbi sz\u00e1m\u00e1ban egy olyan","robots":{"index":"index","follow":"follow","max-snippet":"max-snippet:-1","max-image-preview":"max-image-preview:large","max-video-preview":"max-video-preview:-1"},"canonical":"https:\/\/antersystem.com\/hu\/hirek\/mid-magazine-visions-of-safety-wizje-bezpieczenstwa\/","og_locale":"hu_HU","og_type":"article","og_title":"MID Magazin - \"Visions of Safety\" - \"Wizje bezpiecze\u0144stwa\" - Anter System","og_description":"MID 97 - a 2024-es \u00e9v els\u0151 sz\u00e1ma. Mi vez\u00e9reljen, hogy egy t\u00e9r megfeleljen a biztons\u00e1gi k\u00f6vetelm\u00e9nyeknek? MID magazin legut\u00f3bbi sz\u00e1m\u00e1ban egy olyan","og_url":"https:\/\/antersystem.com\/hu\/hirek\/mid-magazine-visions-of-safety-wizje-bezpieczenstwa\/","og_site_name":"Anter System","article_modified_time":"2026-02-04T13:07:09+00:00","twitter_card":"summary_large_image","twitter_misc":{"Becs\u00fclt olvas\u00e1si id\u0151":"1 perc"},"schema":{"@context":"https:\/\/schema.org","@graph":[{"@type":"WebPage","@id":"https:\/\/antersystem.com\/hu\/hirek\/mid-magazine-visions-of-safety-wizje-bezpieczenstwa\/","url":"https:\/\/antersystem.com\/hu\/hirek\/mid-magazine-visions-of-safety-wizje-bezpieczenstwa\/","name":"MID Magazin - \"Visions of Safety\" - \"Wizje bezpiecze\u0144stwa\" - Anter System","isPartOf":{"@id":"https:\/\/antersystem.com\/hu\/#website"},"datePublished":"2024-02-28T08:18:11+00:00","dateModified":"2026-02-04T13:07:09+00:00","description":"MID 97 - a 2024-es \u00e9v els\u0151 sz\u00e1ma. Mi vez\u00e9reljen, hogy egy t\u00e9r megfeleljen a biztons\u00e1gi k\u00f6vetelm\u00e9nyeknek? MID magazin legut\u00f3bbi sz\u00e1m\u00e1ban egy olyan","breadcrumb":{"@id":"https:\/\/antersystem.com\/hu\/hirek\/mid-magazine-visions-of-safety-wizje-bezpieczenstwa\/#breadcrumb"},"inLanguage":"hu","potentialAction":[{"@type":"ReadAction","target":["https:\/\/antersystem.com\/hu\/hirek\/mid-magazine-visions-of-safety-wizje-bezpieczenstwa\/"]}]},{"@type":"BreadcrumbList","@id":"https:\/\/antersystem.com\/hu\/hirek\/mid-magazine-visions-of-safety-wizje-bezpieczenstwa\/#breadcrumb","itemListElement":[{"@type":"ListItem","position":1,"name":"AnterSystem","item":"https:\/\/antersystem.com\/hu\/"},{"@type":"ListItem","position":2,"name":"H\u00edrek","item":"https:\/\/antersystem.com\/hu\/hirek\/"},{"@type":"ListItem","position":3,"name":"MID Magazin &#8211; &#8220;Visions of Safety&#8221; &#8211; &#8220;Wizje bezpiecze\u0144stwa&#8221;"}]},{"@type":"WebSite","@id":"https:\/\/antersystem.com\/hu\/#website","url":"https:\/\/antersystem.com\/hu\/","name":"Anter System","description":"Jeste\u015bmy polskim producentem elastycznych barier ochronnych wykonywanych z polimerowych tworzyw sztucznych. Na rynku krajowym i zagranicznym dzia\u0142amy od ponad 15 lat dbaj\u0105c o zapewnienie bezpiecze\u0144stwa w zak\u0142adach produkcyjnych, magazynach oraz centrach logistycznych.","potentialAction":[{"@type":"SearchAction","target":{"@type":"EntryPoint","urlTemplate":"https:\/\/antersystem.com\/hu\/?s={search_term_string}"},"query-input":{"@type":"PropertyValueSpecification","valueRequired":true,"valueName":"search_term_string"}}],"inLanguage":"hu"}]}},"_links":{"self":[{"href":"https:\/\/antersystem.com\/hu\/wp-json\/wp\/v2\/pages\/39678","targetHints":{"allow":["GET"]}}],"collection":[{"href":"https:\/\/antersystem.com\/hu\/wp-json\/wp\/v2\/pages"}],"about":[{"href":"https:\/\/antersystem.com\/hu\/wp-json\/wp\/v2\/types\/page"}],"author":[{"embeddable":true,"href":"https:\/\/antersystem.com\/hu\/wp-json\/wp\/v2\/users\/1"}],"replies":[{"embeddable":true,"href":"https:\/\/antersystem.com\/hu\/wp-json\/wp\/v2\/comments?post=39678"}],"version-history":[{"count":1,"href":"https:\/\/antersystem.com\/hu\/wp-json\/wp\/v2\/pages\/39678\/revisions"}],"predecessor-version":[{"id":39680,"href":"https:\/\/antersystem.com\/hu\/wp-json\/wp\/v2\/pages\/39678\/revisions\/39680"}],"up":[{"embeddable":true,"href":"https:\/\/antersystem.com\/hu\/wp-json\/wp\/v2\/pages\/30300"}],"wp:attachment":[{"href":"https:\/\/antersystem.com\/hu\/wp-json\/wp\/v2\/media?parent=39678"}],"curies":[{"name":"wp","href":"https:\/\/api.w.org\/{rel}","templated":true}]}}