{"id":40152,"date":"2022-05-31T14:30:17","date_gmt":"2022-05-31T12:30:17","guid":{"rendered":"https:\/\/antersystem.com\/cookie-policy\/"},"modified":"2026-02-19T10:31:57","modified_gmt":"2026-02-19T09:31:57","slug":"cookie-policy","status":"publish","type":"page","link":"https:\/\/antersystem.com\/hu\/cookie-policy\/","title":{"rendered":"Cookie szab\u00e1lyzat"},"content":{"rendered":"\n<p class=\"has-text-align-left\"><strong>A s\u00fctik olyan kis adatf\u00e1jlok, amelyeket az \u00d6n eszk\u00f6z\u00e9re k\u00fcld\u00fcnk, amikor megl\u00e1togatja a Weboldalunkat, \u00e9s amelyek inform\u00e1ci\u00f3kat t\u00e1rolnak arr\u00f3l, hogyan haszn\u00e1lja azt, \u00e9s n\u00e9ha nyomon k\u00f6vetik az \u00d6nre vonatkoz\u00f3 inform\u00e1ci\u00f3kat.<\/strong>  A s\u00fctik lehet\u0151v\u00e9 teszik sz\u00e1munkra, hogy felismerj\u00fck az \u00d6n eszk\u00f6z\u00e9t, \u00e9s olyan adatokat gy\u0171jts\u00fcnk, mint az internetszolg\u00e1ltat\u00f3 domainneve, a b\u00f6ng\u00e9sz\u0151 t\u00edpusa, az oper\u00e1ci\u00f3s rendszer t\u00edpusa, az IP-c\u00edm, a weboldal, amelyr\u0151l hozz\u00e1nk ir\u00e1ny\u00edtott\u00e1k, valamint m\u0171k\u00f6d\u00e9si adatokat vagy az eszk\u00f6z hely\u00e9re vonatkoz\u00f3 inform\u00e1ci\u00f3kat. A s\u00fctik \u00e1ltal gy\u0171jt\u00f6tt inform\u00e1ci\u00f3k nem minden esetben szem\u00e9lyes adatok a term\u00e9szetes szem\u00e9lyeknek a szem\u00e9lyes adatok kezel\u00e9se tekintet\u00e9ben t\u00f6rt\u00e9n\u0151 v\u00e9delm\u00e9r\u0151l \u00e9s az ilyen adatok szabad \u00e1raml\u00e1s\u00e1r\u00f3l, valamint a 95\/46\/EK ir\u00e1nyelv hat\u00e1lyon k\u00edv\u00fcl helyez\u00e9s\u00e9r\u0151l sz\u00f3l\u00f3, 2016. \u00e1prilis 27-i (EU) 2016\/679 eur\u00f3pai parlamenti \u00e9s tan\u00e1csi rendelet (a tov\u00e1bbiakban: \u00e1ltal\u00e1nos adatv\u00e9delmi rendelet (GDPR)) \u00e9rtelm\u00e9ben. Ha azonban \u00d6n kor\u00e1bban megadta szem\u00e9lyes adatait, a s\u00fctik k\u00f6zvetlen\u00fcl \u00d6nh\u00f6z k\u00f6thet\u0151k, p\u00e9ld\u00e1ul a s\u00fctikben szerepl\u0151 azonos\u00edt\u00f3 sz\u00e1mok \u00e9s m\u00e1s inform\u00e1ci\u00f3k \u00f6sszekapcsol\u00e1s\u00e1val.    <\/p>\n\n<p>A s\u00fctik \u00e9s hasonl\u00f3 technol\u00f3gi\u00e1k seg\u00edts\u00e9g\u00e9vel gy\u0171jt\u00f6tt szem\u00e9lyes adatok feldolgoz\u00e1s\u00e1nak jogalapja \u00e1ltal\u00e1ban az \u00d6n <strong>hozz\u00e1j\u00e1rul\u00e1sa (<\/strong> GDPR 6 <strong>. cikk<\/strong> (1) <strong>bekezd\u00e9s<\/strong> a) pont), kiv\u00e9ve, ha ezek haszn\u00e1lata a Weboldal megfelel\u0151 m\u0171k\u00f6d\u00e9s\u00e9hez (elektronikus szolg\u00e1ltat\u00e1sok ny\u00fajt\u00e1sa) sz\u00fcks\u00e9ges, ahol a 2004. j\u00falius 16-i t\u00e1vk\u00f6zl\u00e9si t\u00f6rv\u00e9ny 173. cikk (3) bekezd\u00e9s 2. pontj\u00e1ra \u00e9s ennek megfelel\u0151en jogos \u00e9rdek\u00fcnkre (GDPR 6. cikk (1) bekezd\u00e9s f) pont) hivatkozunk.<\/p>\n\n<p><strong>A fent eml\u00edtett szem\u00e9lyes adatokat az Anter System Polska Sp\u00f3\u0142ka z ograniczon\u0105 odpowiedzialno\u015bci\u0105 (sz\u00e9khelye: <\/strong>Wroc\u0142aw<strong>, <\/strong><a> c\u00edm: ul. Strzegomska 199, 54-431 Wroc\u0142aw, Lengyelorsz\u00e1g, valamint<\/a><strong> a Weboldalon kereszt\u00fcl el\u00e9rhet\u0151 tartalomnak az \u00d6n \u00e9rdekeihez val\u00f3 igaz\u00edt\u00e1sa (bele\u00e9rtve<\/strong> a Szem\u00e9lyes adatok automatiz\u00e1lt feldolgoz\u00e1s<strong> \u00e1n bel\u00fcl<\/strong> a Szolg\u00e1ltat\u00e1sokkal kapcsolatos \u00e1ltal\u00e1nos hirdet\u00e9sek, aj\u00e1nlatok vagy prom\u00f3ci\u00f3k bemutat\u00e1sa c\u00e9lj\u00e1b\u00f3l a Felhaszn\u00e1l\u00f3 \u00e9rdekeihez igaz\u00edtott m\u00f3don, azonban a d\u00f6nt\u00e9seik jelent\u0151s befoly\u00e1sol\u00e1sa n\u00e9lk\u00fcl &#8211; profilalkot\u00e1s). Olvashatjuk az \u00d6n preferenci\u00e1it, p\u00e9ld\u00e1ul annak elemz\u00e9s\u00e9vel, hogy milyen gyakran l\u00e1togatja a Weboldalt, milyen szolg\u00e1ltat\u00e1sokat haszn\u00e1l, milyen b\u0151v\u00edtm\u00e9nyeket stb. Ez lehet\u0151v\u00e9 teszi sz\u00e1munkra, hogy jobban meg\u00e9rts\u00fck az \u00d6n elv\u00e1r\u00e1sait \u00e9s alkalmazkodjunk az \u00d6n ig\u00e9nyeihez. A fejlett technol\u00f3gi\u00e1k alkalmaz\u00e1s\u00e1val a fenti tev\u00e9kenys\u00e9geket a rendszer gyakran automatiz\u00e1lt m\u00f3don v\u00e9gzi, hogy az \u00d6nnek megjelen\u00edtett tartalom a legfrissebb legyen (e c\u00e9lb\u00f3l az \u00d6n szem\u00e9lyes adatait jogos <strong>\u00e9rdek\u00fcnk<\/strong> alapj\u00e1n is feldolgozzuk <strong>&#8211; prom\u00f3ci\u00f3s\/elemz\u00e9si\/teljes\u00edtm\u00e9nyn\u00f6vel\u00e9si c\u00e9lokra &#8211;<\/strong> GDPR 6. <strong>cikk<\/strong> (1) bekezd\u00e9s f) pont).   <\/p>\n\n<p>Amennyiben a szem\u00e9lyes adatok feldolgoz\u00e1s\u00e1nak jogalapja az \u00d6n hozz\u00e1j\u00e1rul\u00e1sa, eml\u00e9keztetj\u00fck \u00d6nt, hogy <strong>ezt b\u00e1rmikor visszavonhatja, an\u00e9lk\u00fcl, hogy<\/strong> ez befoly\u00e1soln\u00e1 a hozz\u00e1j\u00e1rul\u00e1son alapul\u00f3 feldolgoz\u00e1s jogszer\u0171s\u00e9g\u00e9t a visszavon\u00e1s el\u0151tt. Ha azonban az \u00d6n szem\u00e9lyes adatait jogos \u00e9rdek\u00fcnk alapj\u00e1n dolgozzuk fel, \u00d6n <strong>jogosult tiltakozni az ilyen feldolgoz\u00e1s ellen.<\/strong> Az \u00d6n jogainak le\u00edr\u00e1sa az Adatv\u00e9delmi szab\u00e1lyzat VI. r\u00e9sz\u00e9ben tal\u00e1lhat\u00f3, amelyre az al\u00e1bbiakban hivatkozunk: <a href=\"https:\/\/antersystem.com\/hu\/privacy-policy\/\"><u>https:\/\/antersystem.com\/privacy-policy\/<\/u><\/a>  <\/p>\n\n<p>Az \u00d6n eszk\u00f6z\u00e9re telep\u00edtett webb\u00f6ng\u00e9sz\u0151k vagy egy\u00e9b szoftverek \u00e1ltal\u00e1ban alap\u00e9rtelmez\u00e9s szerint enged\u00e9lyezik a s\u00fctik haszn\u00e1lat\u00e1t az adott eszk\u00f6z\u00f6n, \u00e9s \u00edgy a fent eml\u00edtett inform\u00e1ci\u00f3k gy\u0171jt\u00e9s\u00e9t. A cookie-k haszn\u00e1lat\u00e1nak m\u00f3dj\u00e1t a webb\u00f6ng\u00e9sz\u0151j\u00e9n kereszt\u00fcl megv\u00e1ltoztathatja, bele\u00e9rtve a cookie-k letilt\u00e1s\u00e1t vagy teljes t\u00f6rl\u00e9s\u00e9t is &#8211; err\u0151l tov\u00e1bbi inform\u00e1ci\u00f3kat a felhaszn\u00e1l\u00f3i k\u00e9zik\u00f6nyvben tal\u00e1l. Felh\u00edvjuk figyelm\u00e9t, hogy bizonyos s\u00fctik letilt\u00e1sa vagy blokkol\u00e1sa megakad\u00e1lyozhatja vagy jelent\u0151sen akad\u00e1lyozhatja Weboldalunk megfelel\u0151 m\u0171k\u00f6d\u00e9s\u00e9t, p\u00e9ld\u00e1ul lelass\u00edthatja azt. A cookie-be\u00e1ll\u00edt\u00e1sokr\u00f3l tov\u00e1bbi inform\u00e1ci\u00f3kat a b\u00f6ng\u00e9sz\u0151 inform\u00e1ci\u00f3iban vagy a Weboldalunkon tal\u00e1l. L\u00e1togasson el a k\u00f6vetkez\u0151 weboldalra is <a href=\"https:\/\/www.allaboutcookies.org\/\" target=\"_blank\" rel=\"noreferrer noopener\"><u>https:\/\/www.allaboutcookies.org<\/u><\/a> gyakorlati tan\u00e1csok\u00e9rt.    <\/p>\n\n<p>A tartom\u00e1ny alapj\u00e1n, ahonnan sz\u00e1rmaznak, a s\u00fctiket a k\u00f6vetkez\u0151kre osztjuk:<\/p>\n\n<ol style=\"list-style-type:upper-alpha\" class=\"wp-block-list\">\n<li><strong>els\u0151 f\u00e9lt\u0151l sz\u00e1rmaz\u00f3 s\u00fctik &#8211;<\/strong> a Weboldalunk webszerverei \u00e1ltal be\u00e1ll\u00edtott s\u00fctik;<\/li>\n\n\n\n<li><strong>harmadik f\u00e9lt\u0151l sz\u00e1rmaz\u00f3 s\u00fctik &#8211;<\/strong> a Weboldalunkon k\u00edv\u00fcli webszerverek \u00e1ltal be\u00e1ll\u00edtott s\u00fctik.<\/li>\n<\/ol>\n\n<p>Az \u00e9lettartamuk miatt a s\u00fctiket a k\u00f6vetkez\u0151kre osztjuk:<\/p>\n\n<ol style=\"list-style-type:upper-alpha\" class=\"wp-block-list\">\n<li><strong>munkamenet &#8211;<\/strong> a munkamenets\u00fcti a mem\u00f3ria egy ideiglenes hely\u00e9n t\u00e1rolt inform\u00e1ci\u00f3kat tartalmaz, majd a munkamenet v\u00e9g\u00e9n vagy a b\u00f6ng\u00e9sz\u0151 bez\u00e1r\u00e1sakor t\u00f6rl\u0151dik;<\/li>\n\n\n\n<li><strong>\u00e1lland\u00f3 &#8211;<\/strong> m\u00e1s n\u00e9ven \u00e1lland\u00f3 cookie-k vagy t\u00e1rolt cookie-k; olyan cookie-f\u00e1jl, amely a Felhaszn\u00e1l\u00f3 merevlemez\u00e9n t\u00e1rol\u00f3dik, am\u00edg le nem j\u00e1r (a tart\u00f3s cookie-k lej\u00e1rati d\u00e1tummal vannak ell\u00e1tva) vagy am\u00edg a cookie-t nem t\u00f6rlik; a tart\u00f3s cookie-kat a Felhaszn\u00e1l\u00f3 azonos\u00edt\u00e1s\u00e1ra szolg\u00e1l\u00f3 inform\u00e1ci\u00f3k gy\u0171jt\u00e9s\u00e9re haszn\u00e1lj\u00e1k, mint p\u00e9ld\u00e1ul a Weboldal b\u00f6ng\u00e9sz\u00e9si viselked\u00e9se vagy a Felhaszn\u00e1l\u00f3 Weboldal preferenci\u00e1i.<\/li>\n<\/ol>\n\n<p>A k\u00f6vetkez\u0151 t\u00edpus\u00fa s\u00fctiket haszn\u00e1lhatjuk:<\/p>\n\n<ol style=\"list-style-type:upper-alpha\" class=\"wp-block-list\">\n<li><strong>a sz\u00fcks\u00e9ges s\u00fctik hozz\u00e1j\u00e1rulnak<\/strong> a Weboldal haszn\u00e1lhat\u00f3s\u00e1g\u00e1hoz az\u00e1ltal, hogy lehet\u0151v\u00e9 teszik az olyan alapvet\u0151 funkci\u00f3kat, mint a Weboldalon val\u00f3 navig\u00e1ci\u00f3 \u00e9s a Weboldal biztons\u00e1gos ter\u00fcleteinek el\u00e9r\u00e9se. A Weboldal nem tud megfelel\u0151en m\u0171k\u00f6dni ezen s\u00fctik n\u00e9lk\u00fcl; <\/li>\n\n\n\n<li><strong>A preferencias\u00fctik lehet\u0151v\u00e9 teszik<\/strong>, hogy a Webhely megjegyezze azokat az inform\u00e1ci\u00f3kat, amelyek megv\u00e1ltoztatj\u00e1k a Webhely megjelen\u00e9s\u00e9t vagy m\u0171k\u00f6d\u00e9s\u00e9t, p\u00e9ld\u00e1ul a prefer\u00e1lt nyelvet vagy a r\u00e9gi\u00f3t, amelyben a Felhaszn\u00e1l\u00f3 tart\u00f3zkodik;<\/li>\n\n\n\n<li><strong>a statisztikai s\u00fctik<\/strong> anonim inform\u00e1ci\u00f3k gy\u0171jt\u00e9s\u00e9vel \u00e9s jelent\u00e9s\u00e9vel <strong>seg\u00edtenek<\/strong> meg\u00e9rteni, hogy a k\u00fcl\u00f6nb\u00f6z\u0151 felhaszn\u00e1l\u00f3k hogyan viselkednek a Webhelyen;<\/li>\n\n\n\n<li><strong>A marketing s\u00fctiket<\/strong> a felhaszn\u00e1l\u00f3k nyomon k\u00f6vet\u00e9s\u00e9re <strong>haszn\u00e1lj\u00e1k<\/strong> a Weboldalon \u00e9s m\u00e1s weboldalakon. A c\u00e9l az, hogy olyan hirdet\u00e9seket jelen\u00edtsenek meg, amelyek relev\u00e1nsak \u00e9s \u00e9rdekesek a Felhaszn\u00e1l\u00f3 sz\u00e1m\u00e1ra, \u00e9s \u00edgy \u00e9rt\u00e9kesebbek a kiad\u00f3k \u00e9s harmadik f\u00e9l hirdet\u0151k sz\u00e1m\u00e1ra; <\/li>\n\n\n\n<li><strong>besorolatlan s\u00fctik,<\/strong> ezek olyan s\u00fctik, amelyek besorol\u00e1sa folyamatban van, az egyes s\u00fctik szolg\u00e1ltat\u00f3ival egy\u00fctt.<\/li>\n<\/ol>\n\n<p><strong>A GDPR k\u00f6vetelm\u00e9nyeinek megfelel\u0151en a k\u00fcl\u00f6nb\u00f6z\u0151 t\u00edpus\u00fa cookie-kkal kapcsolatos hozz\u00e1j\u00e1rul\u00e1sait kezelheti.<\/strong>  Ehhez biztos\u00edtjuk a Cookiebot eszk\u00f6zt, amelynek fel\u00fclete lehet\u0151v\u00e9 teszi, hogy eld\u00f6ntse, mely s\u00fctiket fogadja el, \u00e9s ezeket a be\u00e1ll\u00edt\u00e1sokat b\u00e1rmikor megv\u00e1ltoztathatja a preferenci\u00e1inak megfelel\u0151en.<\/p>\n\n<p>Kattintson a  c\u00edmre. <a href=\"#\" class=\"cky-banner-element\"><u>itt<\/u><\/a> ha a GDPR-nak megfelel\u0151en kezelheti a cookie-be\u00e1ll\u00edt\u00e1sait, vagy egyszer\u0171en csak megtekintheti azokat.<\/p>\n\n<p>Az \u00edgy gy\u0171jt\u00f6tt inform\u00e1ci\u00f3k a s\u00fctik feldolgoz\u00e1s\u00e1nak c\u00e9lj\u00e1t\u00f3l \u00e9s jogalapj\u00e1t\u00f3l f\u00fcggnek; az adatokat az Adatv\u00e9delmi szab\u00e1lyzat IV. r\u00e9sz\u00e9ben megadott ideig t\u00e1rolhatj\u00e1k \u00e9s dolgozhatj\u00e1k fel, amelynek teljes sz\u00f6vege az al\u00e1bbi linken \u00e9rhet\u0151 el: <a href=\"https:\/\/antersystem.com\/hu\/privacy-policy\/\"><u>https:\/\/antersystem.com\/privacy-policy\/<\/u><\/a><\/p>\n\n<p><a id=\"_msocom_1\"><\/a><\/p>\n","protected":false},"excerpt":{"rendered":"<p>A s\u00fctik olyan kis adatf\u00e1jlok, amelyeket az \u00d6n eszk\u00f6z\u00e9re k\u00fcld\u00fcnk, amikor megl\u00e1togatja a Weboldalunkat, \u00e9s amelyek inform\u00e1ci\u00f3kat t\u00e1rolnak arr\u00f3l, hogyan haszn\u00e1lja azt, \u00e9s n\u00e9ha nyomon k\u00f6vetik az \u00d6nre vonatkoz\u00f3 inform\u00e1ci\u00f3kat. A s\u00fctik lehet\u0151v\u00e9 teszik sz\u00e1munkra, hogy felismerj\u00fck az \u00d6n eszk\u00f6z\u00e9t, \u00e9s olyan adatokat gy\u0171jts\u00fcnk, mint az internetszolg\u00e1ltat\u00f3 domainneve, a b\u00f6ng\u00e9sz\u0151 t\u00edpusa, az oper\u00e1ci\u00f3s rendszer t\u00edpusa, [&hellip;]<\/p>\n","protected":false},"author":1,"featured_media":0,"parent":0,"menu_order":0,"comment_status":"closed","ping_status":"closed","template":"","meta":{"inline_featured_image":false,"ngg_post_thumbnail":0,"footnotes":""},"class_list":["post-40152","page","type-page","status-publish","hentry"],"acf":[],"yoast_head":"<!-- This site is optimized with the Yoast SEO plugin v27.0 - https:\/\/yoast.com\/product\/yoast-seo-wordpress\/ -->\n<title>Cookie szab\u00e1lyzat - Anter System<\/title>\n<meta name=\"description\" content=\"A s\u00fctik olyan kis adatf\u00e1jlok, amelyeket az \u00d6n eszk\u00f6z\u00e9re k\u00fcld\u00fcnk, amikor megl\u00e1togatja a Weboldalunkat, \u00e9s amelyek inform\u00e1ci\u00f3kat t\u00e1rolnak arr\u00f3l, hogyan\" \/>\n<meta name=\"robots\" content=\"index, follow, max-snippet:-1, max-image-preview:large, max-video-preview:-1\" \/>\n<link rel=\"canonical\" href=\"https:\/\/antersystem.com\/hu\/cookie-policy\/\" \/>\n<meta property=\"og:locale\" content=\"hu_HU\" \/>\n<meta property=\"og:type\" content=\"article\" \/>\n<meta property=\"og:title\" content=\"Cookie szab\u00e1lyzat - Anter System\" \/>\n<meta property=\"og:description\" content=\"A s\u00fctik olyan kis adatf\u00e1jlok, amelyeket az \u00d6n eszk\u00f6z\u00e9re k\u00fcld\u00fcnk, amikor megl\u00e1togatja a Weboldalunkat, \u00e9s amelyek inform\u00e1ci\u00f3kat t\u00e1rolnak arr\u00f3l, hogyan\" \/>\n<meta property=\"og:url\" content=\"https:\/\/antersystem.com\/hu\/cookie-policy\/\" \/>\n<meta property=\"og:site_name\" content=\"Anter System\" \/>\n<meta property=\"article:modified_time\" content=\"2026-02-19T09:31:57+00:00\" \/>\n<meta name=\"twitter:card\" content=\"summary_large_image\" \/>\n<meta name=\"twitter:label1\" content=\"Becs\u00fclt olvas\u00e1si id\u0151\" \/>\n\t<meta name=\"twitter:data1\" content=\"7 perc\" \/>\n<script type=\"application\/ld+json\" class=\"yoast-schema-graph\">{\"@context\":\"https:\/\/schema.org\",\"@graph\":[{\"@type\":\"WebPage\",\"@id\":\"https:\/\/antersystem.com\/hu\/cookie-policy\/\",\"url\":\"https:\/\/antersystem.com\/hu\/cookie-policy\/\",\"name\":\"Cookie szab\u00e1lyzat - Anter System\",\"isPartOf\":{\"@id\":\"https:\/\/antersystem.com\/hu\/#website\"},\"datePublished\":\"2022-05-31T12:30:17+00:00\",\"dateModified\":\"2026-02-19T09:31:57+00:00\",\"description\":\"A s\u00fctik olyan kis adatf\u00e1jlok, amelyeket az \u00d6n eszk\u00f6z\u00e9re k\u00fcld\u00fcnk, amikor megl\u00e1togatja a Weboldalunkat, \u00e9s amelyek inform\u00e1ci\u00f3kat t\u00e1rolnak arr\u00f3l, hogyan\",\"breadcrumb\":{\"@id\":\"https:\/\/antersystem.com\/hu\/cookie-policy\/#breadcrumb\"},\"inLanguage\":\"hu\",\"potentialAction\":[{\"@type\":\"ReadAction\",\"target\":[\"https:\/\/antersystem.com\/hu\/cookie-policy\/\"]}]},{\"@type\":\"BreadcrumbList\",\"@id\":\"https:\/\/antersystem.com\/hu\/cookie-policy\/#breadcrumb\",\"itemListElement\":[{\"@type\":\"ListItem\",\"position\":1,\"name\":\"AnterSystem\",\"item\":\"https:\/\/antersystem.com\/hu\/\"},{\"@type\":\"ListItem\",\"position\":2,\"name\":\"Cookie szab\u00e1lyzat\"}]},{\"@type\":\"WebSite\",\"@id\":\"https:\/\/antersystem.com\/hu\/#website\",\"url\":\"https:\/\/antersystem.com\/hu\/\",\"name\":\"Anter System\",\"description\":\"Jeste\u015bmy polskim producentem elastycznych barier ochronnych wykonywanych z polimerowych tworzyw sztucznych. Na rynku krajowym i zagranicznym dzia\u0142amy od ponad 15 lat dbaj\u0105c o zapewnienie bezpiecze\u0144stwa w zak\u0142adach produkcyjnych, magazynach oraz centrach logistycznych.\",\"potentialAction\":[{\"@type\":\"SearchAction\",\"target\":{\"@type\":\"EntryPoint\",\"urlTemplate\":\"https:\/\/antersystem.com\/hu\/?s={search_term_string}\"},\"query-input\":{\"@type\":\"PropertyValueSpecification\",\"valueRequired\":true,\"valueName\":\"search_term_string\"}}],\"inLanguage\":\"hu\"}]}<\/script>\n<!-- \/ Yoast SEO plugin. -->","yoast_head_json":{"title":"Cookie szab\u00e1lyzat - Anter System","description":"A s\u00fctik olyan kis adatf\u00e1jlok, amelyeket az \u00d6n eszk\u00f6z\u00e9re k\u00fcld\u00fcnk, amikor megl\u00e1togatja a Weboldalunkat, \u00e9s amelyek inform\u00e1ci\u00f3kat t\u00e1rolnak arr\u00f3l, hogyan","robots":{"index":"index","follow":"follow","max-snippet":"max-snippet:-1","max-image-preview":"max-image-preview:large","max-video-preview":"max-video-preview:-1"},"canonical":"https:\/\/antersystem.com\/hu\/cookie-policy\/","og_locale":"hu_HU","og_type":"article","og_title":"Cookie szab\u00e1lyzat - Anter System","og_description":"A s\u00fctik olyan kis adatf\u00e1jlok, amelyeket az \u00d6n eszk\u00f6z\u00e9re k\u00fcld\u00fcnk, amikor megl\u00e1togatja a Weboldalunkat, \u00e9s amelyek inform\u00e1ci\u00f3kat t\u00e1rolnak arr\u00f3l, hogyan","og_url":"https:\/\/antersystem.com\/hu\/cookie-policy\/","og_site_name":"Anter System","article_modified_time":"2026-02-19T09:31:57+00:00","twitter_card":"summary_large_image","twitter_misc":{"Becs\u00fclt olvas\u00e1si id\u0151":"7 perc"},"schema":{"@context":"https:\/\/schema.org","@graph":[{"@type":"WebPage","@id":"https:\/\/antersystem.com\/hu\/cookie-policy\/","url":"https:\/\/antersystem.com\/hu\/cookie-policy\/","name":"Cookie szab\u00e1lyzat - Anter System","isPartOf":{"@id":"https:\/\/antersystem.com\/hu\/#website"},"datePublished":"2022-05-31T12:30:17+00:00","dateModified":"2026-02-19T09:31:57+00:00","description":"A s\u00fctik olyan kis adatf\u00e1jlok, amelyeket az \u00d6n eszk\u00f6z\u00e9re k\u00fcld\u00fcnk, amikor megl\u00e1togatja a Weboldalunkat, \u00e9s amelyek inform\u00e1ci\u00f3kat t\u00e1rolnak arr\u00f3l, hogyan","breadcrumb":{"@id":"https:\/\/antersystem.com\/hu\/cookie-policy\/#breadcrumb"},"inLanguage":"hu","potentialAction":[{"@type":"ReadAction","target":["https:\/\/antersystem.com\/hu\/cookie-policy\/"]}]},{"@type":"BreadcrumbList","@id":"https:\/\/antersystem.com\/hu\/cookie-policy\/#breadcrumb","itemListElement":[{"@type":"ListItem","position":1,"name":"AnterSystem","item":"https:\/\/antersystem.com\/hu\/"},{"@type":"ListItem","position":2,"name":"Cookie szab\u00e1lyzat"}]},{"@type":"WebSite","@id":"https:\/\/antersystem.com\/hu\/#website","url":"https:\/\/antersystem.com\/hu\/","name":"Anter System","description":"Jeste\u015bmy polskim producentem elastycznych barier ochronnych wykonywanych z polimerowych tworzyw sztucznych. Na rynku krajowym i zagranicznym dzia\u0142amy od ponad 15 lat dbaj\u0105c o zapewnienie bezpiecze\u0144stwa w zak\u0142adach produkcyjnych, magazynach oraz centrach logistycznych.","potentialAction":[{"@type":"SearchAction","target":{"@type":"EntryPoint","urlTemplate":"https:\/\/antersystem.com\/hu\/?s={search_term_string}"},"query-input":{"@type":"PropertyValueSpecification","valueRequired":true,"valueName":"search_term_string"}}],"inLanguage":"hu"}]}},"_links":{"self":[{"href":"https:\/\/antersystem.com\/hu\/wp-json\/wp\/v2\/pages\/40152","targetHints":{"allow":["GET"]}}],"collection":[{"href":"https:\/\/antersystem.com\/hu\/wp-json\/wp\/v2\/pages"}],"about":[{"href":"https:\/\/antersystem.com\/hu\/wp-json\/wp\/v2\/types\/page"}],"author":[{"embeddable":true,"href":"https:\/\/antersystem.com\/hu\/wp-json\/wp\/v2\/users\/1"}],"replies":[{"embeddable":true,"href":"https:\/\/antersystem.com\/hu\/wp-json\/wp\/v2\/comments?post=40152"}],"version-history":[{"count":2,"href":"https:\/\/antersystem.com\/hu\/wp-json\/wp\/v2\/pages\/40152\/revisions"}],"predecessor-version":[{"id":40209,"href":"https:\/\/antersystem.com\/hu\/wp-json\/wp\/v2\/pages\/40152\/revisions\/40209"}],"wp:attachment":[{"href":"https:\/\/antersystem.com\/hu\/wp-json\/wp\/v2\/media?parent=40152"}],"curies":[{"name":"wp","href":"https:\/\/api.w.org\/{rel}","templated":true}]}}