{"id":40300,"date":"2026-02-22T13:05:26","date_gmt":"2026-02-22T12:05:26","guid":{"rendered":"https:\/\/antersystem.com\/hirek\/invitation-to-logimat-2026\/"},"modified":"2026-02-22T13:05:26","modified_gmt":"2026-02-22T12:05:26","slug":"invitation-to-logimat-2026","status":"publish","type":"page","link":"https:\/\/antersystem.com\/hu\/hirek\/invitation-to-logimat-2026\/","title":{"rendered":"Megh\u00edv\u00f3 a LogiMAT 2026-ra"},"content":{"rendered":"<h2>Ki\u00e1ll\u00edtunk a LogiMAT 2026 ki\u00e1ll\u00edt\u00e1son &#8211; tal\u00e1lkozzon vel\u00fcnk az 1. csarnokban<\/h2>\n<p>\u00d6r\u00f6mmel jelentj\u00fck be, hogy <strong>az Anter System ki\u00e1ll\u00edt a LogiMAT 2026 ki\u00e1ll\u00edt\u00e1son,<\/strong> az intralogisztikai megold\u00e1sok \u00e9s a folyamatir\u00e1ny\u00edt\u00e1s vezet\u0151 nemzetk\u00f6zi szakki\u00e1ll\u00edt\u00e1s\u00e1n.<\/p>\n<p>A LogiMAT \u00f6sszehozza az ipar\u00e1gi szakembereket, a technol\u00f3giai szolg\u00e1ltat\u00f3kat \u00e9s a rendszergy\u00e1rt\u00f3kat, hogy megismerj\u00e9k a rakt\u00e1rak automatiz\u00e1l\u00e1sa, az anyagmozgat\u00e1s \u00e9s a folyamatoptimaliz\u00e1l\u00e1s leg\u00fajabb fejleszt\u00e9seit.<\/p>\n<p>\ud83d\udccd Messe <strong>Stuttgart, N\u00e9metorsz\u00e1g<\/strong><\/p>\n<p>\ud83d\udcc5 <strong>2026. m\u00e1rcius<\/strong> 24-26.<\/p>\n<p>\ud83c\udfe2 1. csarnok | <strong>1D10-es stand<\/strong><\/p>\n<h3>Az eur\u00f3pai intralogisztika nyit\u00f3rendezv\u00e9nye<\/h3>\n<p>A LogiMAT az intralogisztika legfontosabb nemzetk\u00f6zi tal\u00e1lkoz\u00f3helye Eur\u00f3pa sz\u00edv\u00e9ben. A nemzetk\u00f6zi ki\u00e1ll\u00edt\u00f3k minden \u00e9vben innovat\u00edv technol\u00f3gi\u00e1kat, rendszereket \u00e9s megold\u00e1sokat mutatnak be, amelyek c\u00e9lja a bels\u0151 logisztikai folyamatok racionaliz\u00e1l\u00e1sa, folyamatoptimaliz\u00e1l\u00e1s \u00e9s k\u00f6lts\u00e9gcs\u00f6kkent\u00e9s. <\/p>\n<p>A LogiMAT a beszerz\u00e9st\u0151l \u00e9s a gy\u00e1rt\u00e1st\u00f3l a rakt\u00e1roz\u00e1sig \u00e9s a sz\u00e1ll\u00edt\u00e1sig \u00e1tfog\u00f3 piaci \u00e1ttekint\u00e9st \u00e9s gyakorlati tud\u00e1s\u00e1tad\u00e1st biztos\u00edt. A kompakt piaci strukt\u00far\u00e1val, a szak\u00e9rt\u0151i f\u00f3rumokkal \u00e9s az \u00e9l\u0151 bemutat\u00f3kkal a rendezv\u00e9ny a k\u00f6vetkez\u0151ket \u00f6tv\u00f6zi: konkr\u00e9t megold\u00e1sok, az ipar\u00e1gi szak\u00e9rt\u0151k k\u00f6zvetlen know-how-ja \u00e9s val\u00f3s idej\u0171 technol\u00f3giai bemutat\u00f3k. Itt tal\u00e1lkozik a piac.  <\/p>\n<h3>1. csarnok &#8211; Anyagmozgat\u00e1si \u00e9s t\u00e1rol\u00e1si technol\u00f3gia<\/h3>\n<p>Megtal\u00e1l minket <strong>az 1-es csarnokban,<\/strong> ahol a k\u00f6vetkez\u0151 t\u00e9m\u00e1knak szentelt\u00fck:\n<\/p>\n<ul>\n<li>Anyagmozgat\u00e1si \u00e9s t\u00e1rol\u00e1si technol\u00f3gia<\/li>\n<li>Rakt\u00e1roz\u00e1si \u00e9s \u00fczemeltet\u00e9si berendez\u00e9sek<\/li>\n<li>Rendszerszolg\u00e1ltat\u00f3k \u00e9s csarnok\u00e9p\u00edt\u00e9s<\/li>\n<\/ul>\n<p>Itt tal\u00e1lkozik a biztons\u00e1g, az infrastrukt\u00fara \u00e9s a bels\u0151 sz\u00e1ll\u00edt\u00e1s hat\u00e9konys\u00e1ga &#8211; \u00edgy ez a t\u00f6k\u00e9letes hely a modern rakt\u00e1rv\u00e9delmi strat\u00e9gi\u00e1k megvitat\u00e1s\u00e1ra.<\/p>\n<h3>Mit fogunk bemutatni<\/h3>\n<p>\nStandunkon bemutatjuk <strong>rugalmas polimer biztons\u00e1gi korl\u00e1trendszer\u00fcnket<\/strong>, amelyet a gyalogosok, ipari j\u00e1rm\u0171vek, rakt\u00e1ri infrastrukt\u00fara \u00e9s termel\u00e9si k\u00f6rnyezetek v\u00e9delm\u00e9re <strong>tervezt\u00fcnk<\/strong>. Megold\u00e1saink seg\u00edtenek vil\u00e1gosan elk\u00fcl\u00f6n\u00edtett k\u00f6zleked\u00e9si z\u00f3n\u00e1k kialak\u00edt\u00e1s\u00e1ban, mik\u00f6zben n\u00f6velik az \u00fczemi biztons\u00e1got \u00e9s hat\u00e9konys\u00e1got. A n\u00f6vekv\u0151 automatiz\u00e1l\u00e1s, az auton\u00f3m j\u00e1rm\u0171vek \u00e9s a digit\u00e1lis \u00e1talakul\u00e1s idej\u00e9n a biztons\u00e1gos forgalomelv\u00e1laszt\u00e1s tov\u00e1bbra is a hat\u00e9kony intralogisztika egyik alappill\u00e9re marad.  <\/p>\n<p>Megold\u00e1sainkat \u00fagy tervezt\u00fck, hogy:\n<\/p>\n<ul>\n<li>Elnyeli az \u00fctk\u00f6z\u00e9si energi\u00e1t, ahelyett, hogy tov\u00e1bbadn\u00e1 azt.<\/li>\n<li>Cs\u00f6kkentse a jav\u00edt\u00e1si k\u00f6lts\u00e9geket<\/li>\n<li>N\u00f6veli a m\u0171k\u00f6d\u00e9s folyamatoss\u00e1g\u00e1t<\/li>\n<li>Az ember \u00e9s g\u00e9p biztons\u00e1gos egy\u00fcttm\u0171k\u00f6d\u00e9s\u00e9nek t\u00e1mogat\u00e1sa<\/li>\n<\/ul>\n<h3>Biztons\u00e1g az ipar 4.0 kor\u00e1ban<\/h3>\n<p>A digitaliz\u00e1ci\u00f3, az \u00f6sszekapcsolhat\u00f3s\u00e1g, a mesters\u00e9ges intelligencia \u00e9s az intelligens auton\u00f3m rendszerek \u00e1talak\u00edtj\u00e1k az ell\u00e1t\u00e1si l\u00e1ncokat. A rendszerek fejletts\u00e9g\u00e9t\u0151l f\u00fcggetlen\u00fcl azonban a fizikai v\u00e9delem \u00e9s a forgalomir\u00e1ny\u00edt\u00e1s tov\u00e1bbra is kritikus fontoss\u00e1g\u00fa marad. <\/p>\n<p>Ahogy a rendszerek intelligens \u00f6kosziszt\u00e9m\u00e1kk\u00e1 n\u0151nek \u00f6ssze, a gyorsabb, energiahat\u00e9konyabb \u00e9s biztons\u00e1gosabb folyamatokhoz <strong>elengedhetetlenek az egy\u00e9rtelm\u0171en struktur\u00e1lt \u00e9s v\u00e9dett munkater\u00fcletek<\/strong>.<\/p>\n<p>A LogiMAT-n\u00e1l v\u00e1rjuk, hogy megvitassuk, hogyan t\u00e1mogatja a biztons\u00e1gi infrastrukt\u00fara ezt az \u00e1talakul\u00e1st.<\/p>\n<h3>Tal\u00e1lkozzunk Stuttgartban<\/h3>\n<p>Ha a LogiMAT 2026-ot tervezi megl\u00e1togatni, szeretettel megh\u00edvjuk, hogy tal\u00e1lkozzon csapatunkkal, \u00e9s fedezze fel, hogyan seg\u00edthet\u00fcnk jav\u00edtani a biztons\u00e1got \u00e9s a hat\u00e9konys\u00e1got az \u00d6n l\u00e9tes\u00edtm\u00e9ny\u00e9ben. V\u00e1rjuk, hogy szem\u00e9lyesen tal\u00e1lkozzunk \u00d6nnel. <\/p>\n","protected":false},"excerpt":{"rendered":"<p>Ki\u00e1ll\u00edtunk a LogiMAT 2026 ki\u00e1ll\u00edt\u00e1son &#8211; tal\u00e1lkozzon vel\u00fcnk az 1. csarnokban \u00d6r\u00f6mmel jelentj\u00fck be, hogy az Anter System ki\u00e1ll\u00edt a LogiMAT 2026 ki\u00e1ll\u00edt\u00e1son, az intralogisztikai megold\u00e1sok \u00e9s a folyamatir\u00e1ny\u00edt\u00e1s vezet\u0151 nemzetk\u00f6zi szakki\u00e1ll\u00edt\u00e1s\u00e1n. A LogiMAT \u00f6sszehozza az ipar\u00e1gi szakembereket, a technol\u00f3giai szolg\u00e1ltat\u00f3kat \u00e9s a rendszergy\u00e1rt\u00f3kat, hogy megismerj\u00e9k a rakt\u00e1rak automatiz\u00e1l\u00e1sa, az anyagmozgat\u00e1s \u00e9s a folyamatoptimaliz\u00e1l\u00e1s leg\u00fajabb [&hellip;]<\/p>\n","protected":false},"author":11,"featured_media":40223,"parent":30300,"menu_order":0,"comment_status":"closed","ping_status":"closed","template":"","meta":{"inline_featured_image":false,"ngg_post_thumbnail":0,"footnotes":""},"class_list":["post-40300","page","type-page","status-publish","has-post-thumbnail","hentry"],"acf":[],"yoast_head":"<!-- This site is optimized with the Yoast SEO plugin v27.0 - https:\/\/yoast.com\/product\/yoast-seo-wordpress\/ -->\n<title>Megh\u00edv\u00f3 a LogiMAT 2026-ra - Anter System<\/title>\n<meta name=\"description\" content=\"Ki\u00e1ll\u00edtunk a LogiMAT 2026 ki\u00e1ll\u00edt\u00e1son - tal\u00e1lkozzon vel\u00fcnk az 1. csarnokban \u00d6r\u00f6mmel jelentj\u00fck be, hogy az Anter System ki\u00e1ll\u00edt a LogiMAT 2026 ki\u00e1ll\u00edt\u00e1son,\" \/>\n<meta name=\"robots\" content=\"index, follow, max-snippet:-1, max-image-preview:large, max-video-preview:-1\" \/>\n<link rel=\"canonical\" href=\"https:\/\/antersystem.com\/hu\/hirek\/invitation-to-logimat-2026\/\" \/>\n<meta property=\"og:locale\" content=\"hu_HU\" \/>\n<meta property=\"og:type\" content=\"article\" \/>\n<meta property=\"og:title\" content=\"Megh\u00edv\u00f3 a LogiMAT 2026-ra - Anter System\" \/>\n<meta property=\"og:description\" content=\"Ki\u00e1ll\u00edtunk a LogiMAT 2026 ki\u00e1ll\u00edt\u00e1son - tal\u00e1lkozzon vel\u00fcnk az 1. csarnokban \u00d6r\u00f6mmel jelentj\u00fck be, hogy az Anter System ki\u00e1ll\u00edt a LogiMAT 2026 ki\u00e1ll\u00edt\u00e1son,\" \/>\n<meta property=\"og:url\" content=\"https:\/\/antersystem.com\/hu\/hirek\/invitation-to-logimat-2026\/\" \/>\n<meta property=\"og:site_name\" content=\"Anter System\" \/>\n<meta property=\"og:image\" content=\"https:\/\/antersystem.com\/wp-content\/uploads\/news-logimat-invitation.webp\" \/>\n\t<meta property=\"og:image:width\" content=\"1920\" \/>\n\t<meta property=\"og:image:height\" content=\"1081\" \/>\n\t<meta property=\"og:image:type\" content=\"image\/webp\" \/>\n<meta name=\"twitter:card\" content=\"summary_large_image\" \/>\n<meta name=\"twitter:label1\" content=\"Becs\u00fclt olvas\u00e1si id\u0151\" \/>\n\t<meta name=\"twitter:data1\" content=\"3 perc\" \/>\n<script type=\"application\/ld+json\" class=\"yoast-schema-graph\">{\"@context\":\"https:\/\/schema.org\",\"@graph\":[{\"@type\":\"WebPage\",\"@id\":\"https:\/\/antersystem.com\/hu\/hirek\/invitation-to-logimat-2026\/\",\"url\":\"https:\/\/antersystem.com\/hu\/hirek\/invitation-to-logimat-2026\/\",\"name\":\"Megh\u00edv\u00f3 a LogiMAT 2026-ra - Anter System\",\"isPartOf\":{\"@id\":\"https:\/\/antersystem.com\/hu\/#website\"},\"primaryImageOfPage\":{\"@id\":\"https:\/\/antersystem.com\/hu\/hirek\/invitation-to-logimat-2026\/#primaryimage\"},\"image\":{\"@id\":\"https:\/\/antersystem.com\/hu\/hirek\/invitation-to-logimat-2026\/#primaryimage\"},\"thumbnailUrl\":\"https:\/\/antersystem.com\/wp-content\/uploads\/news-logimat-invitation.webp\",\"datePublished\":\"2026-02-22T12:05:26+00:00\",\"description\":\"Ki\u00e1ll\u00edtunk a LogiMAT 2026 ki\u00e1ll\u00edt\u00e1son - tal\u00e1lkozzon vel\u00fcnk az 1. csarnokban \u00d6r\u00f6mmel jelentj\u00fck be, hogy az Anter System ki\u00e1ll\u00edt a LogiMAT 2026 ki\u00e1ll\u00edt\u00e1son,\",\"breadcrumb\":{\"@id\":\"https:\/\/antersystem.com\/hu\/hirek\/invitation-to-logimat-2026\/#breadcrumb\"},\"inLanguage\":\"hu\",\"potentialAction\":[{\"@type\":\"ReadAction\",\"target\":[\"https:\/\/antersystem.com\/hu\/hirek\/invitation-to-logimat-2026\/\"]}]},{\"@type\":\"ImageObject\",\"inLanguage\":\"hu\",\"@id\":\"https:\/\/antersystem.com\/hu\/hirek\/invitation-to-logimat-2026\/#primaryimage\",\"url\":\"https:\/\/antersystem.com\/wp-content\/uploads\/news-logimat-invitation.webp\",\"contentUrl\":\"https:\/\/antersystem.com\/wp-content\/uploads\/news-logimat-invitation.webp\",\"width\":1920,\"height\":1081},{\"@type\":\"BreadcrumbList\",\"@id\":\"https:\/\/antersystem.com\/hu\/hirek\/invitation-to-logimat-2026\/#breadcrumb\",\"itemListElement\":[{\"@type\":\"ListItem\",\"position\":1,\"name\":\"AnterSystem\",\"item\":\"https:\/\/antersystem.com\/hu\/\"},{\"@type\":\"ListItem\",\"position\":2,\"name\":\"H\u00edrek\",\"item\":\"https:\/\/antersystem.com\/hu\/hirek\/\"},{\"@type\":\"ListItem\",\"position\":3,\"name\":\"Megh\u00edv\u00f3 a LogiMAT 2026-ra\"}]},{\"@type\":\"WebSite\",\"@id\":\"https:\/\/antersystem.com\/hu\/#website\",\"url\":\"https:\/\/antersystem.com\/hu\/\",\"name\":\"Anter System\",\"description\":\"Jeste\u015bmy polskim producentem elastycznych barier ochronnych wykonywanych z polimerowych tworzyw sztucznych. Na rynku krajowym i zagranicznym dzia\u0142amy od ponad 15 lat dbaj\u0105c o zapewnienie bezpiecze\u0144stwa w zak\u0142adach produkcyjnych, magazynach oraz centrach logistycznych.\",\"potentialAction\":[{\"@type\":\"SearchAction\",\"target\":{\"@type\":\"EntryPoint\",\"urlTemplate\":\"https:\/\/antersystem.com\/hu\/?s={search_term_string}\"},\"query-input\":{\"@type\":\"PropertyValueSpecification\",\"valueRequired\":true,\"valueName\":\"search_term_string\"}}],\"inLanguage\":\"hu\"}]}<\/script>\n<!-- \/ Yoast SEO plugin. -->","yoast_head_json":{"title":"Megh\u00edv\u00f3 a LogiMAT 2026-ra - Anter System","description":"Ki\u00e1ll\u00edtunk a LogiMAT 2026 ki\u00e1ll\u00edt\u00e1son - tal\u00e1lkozzon vel\u00fcnk az 1. csarnokban \u00d6r\u00f6mmel jelentj\u00fck be, hogy az Anter System ki\u00e1ll\u00edt a LogiMAT 2026 ki\u00e1ll\u00edt\u00e1son,","robots":{"index":"index","follow":"follow","max-snippet":"max-snippet:-1","max-image-preview":"max-image-preview:large","max-video-preview":"max-video-preview:-1"},"canonical":"https:\/\/antersystem.com\/hu\/hirek\/invitation-to-logimat-2026\/","og_locale":"hu_HU","og_type":"article","og_title":"Megh\u00edv\u00f3 a LogiMAT 2026-ra - Anter System","og_description":"Ki\u00e1ll\u00edtunk a LogiMAT 2026 ki\u00e1ll\u00edt\u00e1son - tal\u00e1lkozzon vel\u00fcnk az 1. csarnokban \u00d6r\u00f6mmel jelentj\u00fck be, hogy az Anter System ki\u00e1ll\u00edt a LogiMAT 2026 ki\u00e1ll\u00edt\u00e1son,","og_url":"https:\/\/antersystem.com\/hu\/hirek\/invitation-to-logimat-2026\/","og_site_name":"Anter System","og_image":[{"width":1920,"height":1081,"url":"https:\/\/antersystem.com\/wp-content\/uploads\/news-logimat-invitation.webp","type":"image\/webp"}],"twitter_card":"summary_large_image","twitter_misc":{"Becs\u00fclt olvas\u00e1si id\u0151":"3 perc"},"schema":{"@context":"https:\/\/schema.org","@graph":[{"@type":"WebPage","@id":"https:\/\/antersystem.com\/hu\/hirek\/invitation-to-logimat-2026\/","url":"https:\/\/antersystem.com\/hu\/hirek\/invitation-to-logimat-2026\/","name":"Megh\u00edv\u00f3 a LogiMAT 2026-ra - Anter System","isPartOf":{"@id":"https:\/\/antersystem.com\/hu\/#website"},"primaryImageOfPage":{"@id":"https:\/\/antersystem.com\/hu\/hirek\/invitation-to-logimat-2026\/#primaryimage"},"image":{"@id":"https:\/\/antersystem.com\/hu\/hirek\/invitation-to-logimat-2026\/#primaryimage"},"thumbnailUrl":"https:\/\/antersystem.com\/wp-content\/uploads\/news-logimat-invitation.webp","datePublished":"2026-02-22T12:05:26+00:00","description":"Ki\u00e1ll\u00edtunk a LogiMAT 2026 ki\u00e1ll\u00edt\u00e1son - tal\u00e1lkozzon vel\u00fcnk az 1. csarnokban \u00d6r\u00f6mmel jelentj\u00fck be, hogy az Anter System ki\u00e1ll\u00edt a LogiMAT 2026 ki\u00e1ll\u00edt\u00e1son,","breadcrumb":{"@id":"https:\/\/antersystem.com\/hu\/hirek\/invitation-to-logimat-2026\/#breadcrumb"},"inLanguage":"hu","potentialAction":[{"@type":"ReadAction","target":["https:\/\/antersystem.com\/hu\/hirek\/invitation-to-logimat-2026\/"]}]},{"@type":"ImageObject","inLanguage":"hu","@id":"https:\/\/antersystem.com\/hu\/hirek\/invitation-to-logimat-2026\/#primaryimage","url":"https:\/\/antersystem.com\/wp-content\/uploads\/news-logimat-invitation.webp","contentUrl":"https:\/\/antersystem.com\/wp-content\/uploads\/news-logimat-invitation.webp","width":1920,"height":1081},{"@type":"BreadcrumbList","@id":"https:\/\/antersystem.com\/hu\/hirek\/invitation-to-logimat-2026\/#breadcrumb","itemListElement":[{"@type":"ListItem","position":1,"name":"AnterSystem","item":"https:\/\/antersystem.com\/hu\/"},{"@type":"ListItem","position":2,"name":"H\u00edrek","item":"https:\/\/antersystem.com\/hu\/hirek\/"},{"@type":"ListItem","position":3,"name":"Megh\u00edv\u00f3 a LogiMAT 2026-ra"}]},{"@type":"WebSite","@id":"https:\/\/antersystem.com\/hu\/#website","url":"https:\/\/antersystem.com\/hu\/","name":"Anter System","description":"Jeste\u015bmy polskim producentem elastycznych barier ochronnych wykonywanych z polimerowych tworzyw sztucznych. Na rynku krajowym i zagranicznym dzia\u0142amy od ponad 15 lat dbaj\u0105c o zapewnienie bezpiecze\u0144stwa w zak\u0142adach produkcyjnych, magazynach oraz centrach logistycznych.","potentialAction":[{"@type":"SearchAction","target":{"@type":"EntryPoint","urlTemplate":"https:\/\/antersystem.com\/hu\/?s={search_term_string}"},"query-input":{"@type":"PropertyValueSpecification","valueRequired":true,"valueName":"search_term_string"}}],"inLanguage":"hu"}]}},"_links":{"self":[{"href":"https:\/\/antersystem.com\/hu\/wp-json\/wp\/v2\/pages\/40300","targetHints":{"allow":["GET"]}}],"collection":[{"href":"https:\/\/antersystem.com\/hu\/wp-json\/wp\/v2\/pages"}],"about":[{"href":"https:\/\/antersystem.com\/hu\/wp-json\/wp\/v2\/types\/page"}],"author":[{"embeddable":true,"href":"https:\/\/antersystem.com\/hu\/wp-json\/wp\/v2\/users\/11"}],"replies":[{"embeddable":true,"href":"https:\/\/antersystem.com\/hu\/wp-json\/wp\/v2\/comments?post=40300"}],"version-history":[{"count":0,"href":"https:\/\/antersystem.com\/hu\/wp-json\/wp\/v2\/pages\/40300\/revisions"}],"up":[{"embeddable":true,"href":"https:\/\/antersystem.com\/hu\/wp-json\/wp\/v2\/pages\/30300"}],"wp:featuredmedia":[{"embeddable":true,"href":"https:\/\/antersystem.com\/hu\/wp-json\/wp\/v2\/media\/40223"}],"wp:attachment":[{"href":"https:\/\/antersystem.com\/hu\/wp-json\/wp\/v2\/media?parent=40300"}],"curies":[{"name":"wp","href":"https:\/\/api.w.org\/{rel}","templated":true}]}}