{"id":40350,"date":"2025-12-22T15:36:00","date_gmt":"2025-12-22T14:36:00","guid":{"rendered":"https:\/\/antersystem.com\/hirek\/handling-expo-2025\/"},"modified":"2026-02-22T22:30:20","modified_gmt":"2026-02-22T21:30:20","slug":"handling-expo-2025","status":"publish","type":"page","link":"https:\/\/antersystem.com\/hu\/hirek\/handling-expo-2025\/","title":{"rendered":"Handling Expo 2025"},"content":{"rendered":"<h2>Anter System kair\u00f3i Handling Expo 2025 ki\u00e1ll\u00edt\u00e1son<\/h2>\n<p>2025. december 18-21. k\u00f6z\u00f6tt volt szerencs\u00e9nk r\u00e9szt venni <strong>a Handling Expo &#8211; Az anyagmozgat\u00e1si \u00e9s rakt\u00e1roz\u00e1si berendez\u00e9sek nemzetk\u00f6zi ki\u00e1ll\u00edt\u00e1s\u00e1n Kair\u00f3ban<\/strong>, Egyiptomban. Az esem\u00e9ny fontos \u00e1llom\u00e1st jelentett az Anter System nemzetk\u00f6zi \u00fatiterv\u00e9ben, \u00e9s egy er\u0151s z\u00e1r\u00f3pontja volt a 2025-\u00f6s v\u00e1s\u00e1rszezonunknak. <\/p>\n<p>Az Egyiptomi Nemzetk\u00f6zi Ki\u00e1ll\u00edt\u00e1si K\u00f6zpontban megrendezett Handling Expo meger\u0151s\u00edtette, hogy a rakt\u00e1roz\u00e1s, az intralogisztika \u00e9s az ipari biztons\u00e1g milyen dinamikusan fejl\u0151dik a k\u00f6zel-keleti \u00e9s afrikai piacokon. A szervez\u0151k szerint az idei kiad\u00e1s <strong>27 orsz\u00e1gb\u00f3l<\/strong> 622 <strong>ki\u00e1ll\u00edt\u00f3t<\/strong> gy\u0171jt\u00f6tt \u00f6ssze <strong>, \u00e9s<\/strong> 24 208 <strong>szakmai l\u00e1togat\u00f3t<\/strong> <strong>vonzott<\/strong> <strong>, \u00e9l\u00e9nk platformot teremtve<\/strong> a tud\u00e1scser\u00e9hez \u00e9s az \u00fczleti n\u00f6veked\u00e9shez. <\/p>\n<p>A v\u00e1s\u00e1ron bemutattuk <strong>a rugalmas \u00fctk\u00f6z\u00e9sv\u00e9delmi rendszerekkel<\/strong> kapcsolatos megk\u00f6zel\u00edt\u00e9s\u00fcnket <strong>,<\/strong> amely a modern rakt\u00e1rak \u00e9s termel\u00e9si l\u00e9tes\u00edtm\u00e9nyek gyakorlati biztons\u00e1gi kih\u00edv\u00e1saira <strong>\u00f6sszpontos\u00edt<\/strong>. Partner\u00fcnkkel <strong>, az IRack Storage Solutionnel<\/strong> k\u00f6z\u00f6sen mutattuk be a val\u00f3s \u00fczemeltet\u00e9si k\u00f6r\u00fclm\u00e9nyekre tervezett megold\u00e1sokat &#8211; az emberek, az infrastrukt\u00fara \u00e9s az \u00e1ruk v\u00e9delm\u00e9t nagy forgalm\u00fa ipari k\u00f6rnyezetben. <\/p>\n<p>Minden egyes nemzetk\u00f6zi esem\u00e9ny seg\u00edt nek\u00fcnk jobban meg\u00e9rteni a helyi piaci ig\u00e9nyeket, az ipar\u00e1gi szakemberekkel val\u00f3 eszmecser\u00e9ben, \u00e9s olyan megold\u00e1sok finom\u00edt\u00e1s\u00e1ban, amelyek glob\u00e1lisan m\u0171k\u00f6dnek, mik\u00f6zben helyben is megval\u00f3s\u00edthat\u00f3k.<\/p>\n<p>K\u00f6sz\u00f6nj\u00fck mindenkinek, aki megl\u00e1togatott minket Kair\u00f3ban, \u00e9s hozz\u00e1j\u00e1rult az inspir\u00e1l\u00f3 besz\u00e9lget\u00e9sekhez \u00e9s \u00e9rt\u00e9kes tal\u00e1lkoz\u00f3khoz. Alig v\u00e1rjuk, hogy 2026-ban folytat\u00f3djanak ezek a megbesz\u00e9l\u00e9sek. <\/p>\n","protected":false},"excerpt":{"rendered":"<p>Anter System kair\u00f3i Handling Expo 2025 ki\u00e1ll\u00edt\u00e1son 2025. december 18-21. k\u00f6z\u00f6tt volt szerencs\u00e9nk r\u00e9szt venni a Handling Expo &#8211; Az anyagmozgat\u00e1si \u00e9s rakt\u00e1roz\u00e1si berendez\u00e9sek nemzetk\u00f6zi ki\u00e1ll\u00edt\u00e1s\u00e1n Kair\u00f3ban, Egyiptomban. Az esem\u00e9ny fontos \u00e1llom\u00e1st jelentett az Anter System nemzetk\u00f6zi \u00fatiterv\u00e9ben, \u00e9s egy er\u0151s z\u00e1r\u00f3pontja volt a 2025-\u00f6s v\u00e1s\u00e1rszezonunknak. Az Egyiptomi Nemzetk\u00f6zi Ki\u00e1ll\u00edt\u00e1si K\u00f6zpontban megrendezett Handling Expo meger\u0151s\u00edtette, [&hellip;]<\/p>\n","protected":false},"author":11,"featured_media":40285,"parent":30300,"menu_order":0,"comment_status":"closed","ping_status":"closed","template":"","meta":{"inline_featured_image":false,"ngg_post_thumbnail":0,"footnotes":""},"class_list":["post-40350","page","type-page","status-publish","has-post-thumbnail","hentry"],"acf":[],"yoast_head":"<!-- This site is optimized with the Yoast SEO plugin v27.0 - https:\/\/yoast.com\/product\/yoast-seo-wordpress\/ -->\n<title>Handling Expo 2025 - Anter System<\/title>\n<meta name=\"description\" content=\"Anter System kair\u00f3i Handling Expo 2025 ki\u00e1ll\u00edt\u00e1son 2025. december 18-21. k\u00f6z\u00f6tt volt szerencs\u00e9nk r\u00e9szt venni a Handling Expo - Az anyagmozgat\u00e1si \u00e9s\" \/>\n<meta name=\"robots\" content=\"index, follow, max-snippet:-1, max-image-preview:large, max-video-preview:-1\" \/>\n<link rel=\"canonical\" href=\"https:\/\/antersystem.com\/hu\/hirek\/handling-expo-2025\/\" \/>\n<meta property=\"og:locale\" content=\"hu_HU\" \/>\n<meta property=\"og:type\" content=\"article\" \/>\n<meta property=\"og:title\" content=\"Handling Expo 2025 - Anter System\" \/>\n<meta property=\"og:description\" content=\"Anter System kair\u00f3i Handling Expo 2025 ki\u00e1ll\u00edt\u00e1son 2025. december 18-21. k\u00f6z\u00f6tt volt szerencs\u00e9nk r\u00e9szt venni a Handling Expo - Az anyagmozgat\u00e1si \u00e9s\" \/>\n<meta property=\"og:url\" content=\"https:\/\/antersystem.com\/hu\/hirek\/handling-expo-2025\/\" \/>\n<meta property=\"og:site_name\" content=\"Anter System\" \/>\n<meta property=\"article:modified_time\" content=\"2026-02-22T21:30:20+00:00\" \/>\n<meta property=\"og:image\" content=\"https:\/\/antersystem.com\/wp-content\/uploads\/handling-expo-2025-cover.webp\" \/>\n\t<meta property=\"og:image:width\" content=\"1921\" \/>\n\t<meta property=\"og:image:height\" content=\"1080\" \/>\n\t<meta property=\"og:image:type\" content=\"image\/webp\" \/>\n<meta name=\"twitter:card\" content=\"summary_large_image\" \/>\n<meta name=\"twitter:label1\" content=\"Becs\u00fclt olvas\u00e1si id\u0151\" \/>\n\t<meta name=\"twitter:data1\" content=\"2 perc\" \/>\n<script type=\"application\/ld+json\" class=\"yoast-schema-graph\">{\"@context\":\"https:\/\/schema.org\",\"@graph\":[{\"@type\":\"WebPage\",\"@id\":\"https:\/\/antersystem.com\/hu\/hirek\/handling-expo-2025\/\",\"url\":\"https:\/\/antersystem.com\/hu\/hirek\/handling-expo-2025\/\",\"name\":\"Handling Expo 2025 - Anter System\",\"isPartOf\":{\"@id\":\"https:\/\/antersystem.com\/hu\/#website\"},\"primaryImageOfPage\":{\"@id\":\"https:\/\/antersystem.com\/hu\/hirek\/handling-expo-2025\/#primaryimage\"},\"image\":{\"@id\":\"https:\/\/antersystem.com\/hu\/hirek\/handling-expo-2025\/#primaryimage\"},\"thumbnailUrl\":\"https:\/\/antersystem.com\/wp-content\/uploads\/handling-expo-2025-cover.webp\",\"datePublished\":\"2025-12-22T14:36:00+00:00\",\"dateModified\":\"2026-02-22T21:30:20+00:00\",\"description\":\"Anter System kair\u00f3i Handling Expo 2025 ki\u00e1ll\u00edt\u00e1son 2025. december 18-21. k\u00f6z\u00f6tt volt szerencs\u00e9nk r\u00e9szt venni a Handling Expo - Az anyagmozgat\u00e1si \u00e9s\",\"breadcrumb\":{\"@id\":\"https:\/\/antersystem.com\/hu\/hirek\/handling-expo-2025\/#breadcrumb\"},\"inLanguage\":\"hu\",\"potentialAction\":[{\"@type\":\"ReadAction\",\"target\":[\"https:\/\/antersystem.com\/hu\/hirek\/handling-expo-2025\/\"]}]},{\"@type\":\"ImageObject\",\"inLanguage\":\"hu\",\"@id\":\"https:\/\/antersystem.com\/hu\/hirek\/handling-expo-2025\/#primaryimage\",\"url\":\"https:\/\/antersystem.com\/wp-content\/uploads\/handling-expo-2025-cover.webp\",\"contentUrl\":\"https:\/\/antersystem.com\/wp-content\/uploads\/handling-expo-2025-cover.webp\",\"width\":1921,\"height\":1080},{\"@type\":\"BreadcrumbList\",\"@id\":\"https:\/\/antersystem.com\/hu\/hirek\/handling-expo-2025\/#breadcrumb\",\"itemListElement\":[{\"@type\":\"ListItem\",\"position\":1,\"name\":\"AnterSystem\",\"item\":\"https:\/\/antersystem.com\/hu\/\"},{\"@type\":\"ListItem\",\"position\":2,\"name\":\"H\u00edrek\",\"item\":\"https:\/\/antersystem.com\/hu\/hirek\/\"},{\"@type\":\"ListItem\",\"position\":3,\"name\":\"Handling Expo 2025\"}]},{\"@type\":\"WebSite\",\"@id\":\"https:\/\/antersystem.com\/hu\/#website\",\"url\":\"https:\/\/antersystem.com\/hu\/\",\"name\":\"Anter System\",\"description\":\"Jeste\u015bmy polskim producentem elastycznych barier ochronnych wykonywanych z polimerowych tworzyw sztucznych. Na rynku krajowym i zagranicznym dzia\u0142amy od ponad 15 lat dbaj\u0105c o zapewnienie bezpiecze\u0144stwa w zak\u0142adach produkcyjnych, magazynach oraz centrach logistycznych.\",\"potentialAction\":[{\"@type\":\"SearchAction\",\"target\":{\"@type\":\"EntryPoint\",\"urlTemplate\":\"https:\/\/antersystem.com\/hu\/?s={search_term_string}\"},\"query-input\":{\"@type\":\"PropertyValueSpecification\",\"valueRequired\":true,\"valueName\":\"search_term_string\"}}],\"inLanguage\":\"hu\"}]}<\/script>\n<!-- \/ Yoast SEO plugin. -->","yoast_head_json":{"title":"Handling Expo 2025 - Anter System","description":"Anter System kair\u00f3i Handling Expo 2025 ki\u00e1ll\u00edt\u00e1son 2025. december 18-21. k\u00f6z\u00f6tt volt szerencs\u00e9nk r\u00e9szt venni a Handling Expo - Az anyagmozgat\u00e1si \u00e9s","robots":{"index":"index","follow":"follow","max-snippet":"max-snippet:-1","max-image-preview":"max-image-preview:large","max-video-preview":"max-video-preview:-1"},"canonical":"https:\/\/antersystem.com\/hu\/hirek\/handling-expo-2025\/","og_locale":"hu_HU","og_type":"article","og_title":"Handling Expo 2025 - Anter System","og_description":"Anter System kair\u00f3i Handling Expo 2025 ki\u00e1ll\u00edt\u00e1son 2025. december 18-21. k\u00f6z\u00f6tt volt szerencs\u00e9nk r\u00e9szt venni a Handling Expo - Az anyagmozgat\u00e1si \u00e9s","og_url":"https:\/\/antersystem.com\/hu\/hirek\/handling-expo-2025\/","og_site_name":"Anter System","article_modified_time":"2026-02-22T21:30:20+00:00","og_image":[{"width":1921,"height":1080,"url":"https:\/\/antersystem.com\/wp-content\/uploads\/handling-expo-2025-cover.webp","type":"image\/webp"}],"twitter_card":"summary_large_image","twitter_misc":{"Becs\u00fclt olvas\u00e1si id\u0151":"2 perc"},"schema":{"@context":"https:\/\/schema.org","@graph":[{"@type":"WebPage","@id":"https:\/\/antersystem.com\/hu\/hirek\/handling-expo-2025\/","url":"https:\/\/antersystem.com\/hu\/hirek\/handling-expo-2025\/","name":"Handling Expo 2025 - Anter System","isPartOf":{"@id":"https:\/\/antersystem.com\/hu\/#website"},"primaryImageOfPage":{"@id":"https:\/\/antersystem.com\/hu\/hirek\/handling-expo-2025\/#primaryimage"},"image":{"@id":"https:\/\/antersystem.com\/hu\/hirek\/handling-expo-2025\/#primaryimage"},"thumbnailUrl":"https:\/\/antersystem.com\/wp-content\/uploads\/handling-expo-2025-cover.webp","datePublished":"2025-12-22T14:36:00+00:00","dateModified":"2026-02-22T21:30:20+00:00","description":"Anter System kair\u00f3i Handling Expo 2025 ki\u00e1ll\u00edt\u00e1son 2025. december 18-21. k\u00f6z\u00f6tt volt szerencs\u00e9nk r\u00e9szt venni a Handling Expo - Az anyagmozgat\u00e1si \u00e9s","breadcrumb":{"@id":"https:\/\/antersystem.com\/hu\/hirek\/handling-expo-2025\/#breadcrumb"},"inLanguage":"hu","potentialAction":[{"@type":"ReadAction","target":["https:\/\/antersystem.com\/hu\/hirek\/handling-expo-2025\/"]}]},{"@type":"ImageObject","inLanguage":"hu","@id":"https:\/\/antersystem.com\/hu\/hirek\/handling-expo-2025\/#primaryimage","url":"https:\/\/antersystem.com\/wp-content\/uploads\/handling-expo-2025-cover.webp","contentUrl":"https:\/\/antersystem.com\/wp-content\/uploads\/handling-expo-2025-cover.webp","width":1921,"height":1080},{"@type":"BreadcrumbList","@id":"https:\/\/antersystem.com\/hu\/hirek\/handling-expo-2025\/#breadcrumb","itemListElement":[{"@type":"ListItem","position":1,"name":"AnterSystem","item":"https:\/\/antersystem.com\/hu\/"},{"@type":"ListItem","position":2,"name":"H\u00edrek","item":"https:\/\/antersystem.com\/hu\/hirek\/"},{"@type":"ListItem","position":3,"name":"Handling Expo 2025"}]},{"@type":"WebSite","@id":"https:\/\/antersystem.com\/hu\/#website","url":"https:\/\/antersystem.com\/hu\/","name":"Anter System","description":"Jeste\u015bmy polskim producentem elastycznych barier ochronnych wykonywanych z polimerowych tworzyw sztucznych. Na rynku krajowym i zagranicznym dzia\u0142amy od ponad 15 lat dbaj\u0105c o zapewnienie bezpiecze\u0144stwa w zak\u0142adach produkcyjnych, magazynach oraz centrach logistycznych.","potentialAction":[{"@type":"SearchAction","target":{"@type":"EntryPoint","urlTemplate":"https:\/\/antersystem.com\/hu\/?s={search_term_string}"},"query-input":{"@type":"PropertyValueSpecification","valueRequired":true,"valueName":"search_term_string"}}],"inLanguage":"hu"}]}},"_links":{"self":[{"href":"https:\/\/antersystem.com\/hu\/wp-json\/wp\/v2\/pages\/40350","targetHints":{"allow":["GET"]}}],"collection":[{"href":"https:\/\/antersystem.com\/hu\/wp-json\/wp\/v2\/pages"}],"about":[{"href":"https:\/\/antersystem.com\/hu\/wp-json\/wp\/v2\/types\/page"}],"author":[{"embeddable":true,"href":"https:\/\/antersystem.com\/hu\/wp-json\/wp\/v2\/users\/11"}],"replies":[{"embeddable":true,"href":"https:\/\/antersystem.com\/hu\/wp-json\/wp\/v2\/comments?post=40350"}],"version-history":[{"count":1,"href":"https:\/\/antersystem.com\/hu\/wp-json\/wp\/v2\/pages\/40350\/revisions"}],"predecessor-version":[{"id":40379,"href":"https:\/\/antersystem.com\/hu\/wp-json\/wp\/v2\/pages\/40350\/revisions\/40379"}],"up":[{"embeddable":true,"href":"https:\/\/antersystem.com\/hu\/wp-json\/wp\/v2\/pages\/30300"}],"wp:featuredmedia":[{"embeddable":true,"href":"https:\/\/antersystem.com\/hu\/wp-json\/wp\/v2\/media\/40285"}],"wp:attachment":[{"href":"https:\/\/antersystem.com\/hu\/wp-json\/wp\/v2\/media?parent=40350"}],"curies":[{"name":"wp","href":"https:\/\/api.w.org\/{rel}","templated":true}]}}