{"id":40888,"date":"2026-04-16T10:33:36","date_gmt":"2026-04-16T08:33:36","guid":{"rendered":"https:\/\/antersystem.com\/hirek\/pa-bollard-sense-warn-wins-gold-medal-sawo\/"},"modified":"2026-04-16T13:54:40","modified_gmt":"2026-04-16T11:54:40","slug":"pa-bollard-sense-warn-wins-gold-medal-sawo","status":"publish","type":"page","link":"https:\/\/antersystem.com\/hu\/hirek\/pa-bollard-sense-warn-wins-gold-medal-sawo\/","title":{"rendered":"A Sense&amp;Warn funkci\u00f3val ell\u00e1tott PA LED-es poller arany\u00e9rmet nyert a SAWO 2026-on"},"content":{"rendered":"<p>B\u00fcszk\u00e9n osztjuk meg, hogy <strong>a Sense&amp;Warn rendszerrel ell\u00e1tott<\/strong> PA LED-es <strong>poller\u00fcnk<\/strong> <strong>arany\u00e9rmet<\/strong> <strong>kapott<\/strong> <strong>a SAWO<\/strong> <strong>2026-<\/strong> <strong>on<\/strong> <strong>&#8211;<\/strong> K\u00f6z\u00e9p- \u00e9s Kelet-Eur\u00f3pa <strong>egyik<\/strong> legfontosabb munkav\u00e9delmi rendezv\u00e9ny\u00e9n.<\/p>\n<p>Ez az elismer\u00e9s meger\u0151s\u00edti azt, amiben szil\u00e1rdan hisz\u00fcnk: a biztons\u00e1gi megold\u00e1soknak nemcsak v\u00e9deni\u00fck kell, hanem akt\u00edvan meg kell el\u0151zni\u00fck a baleseteket.<\/p>\n<h2>A v\u00e9delemt\u0151l a megel\u0151z\u00e9sig<\/h2>\n<p>A d\u00edjazott megold\u00e1s egy rugalmas biztons\u00e1gi pollert kombin\u00e1l egy intelligens figyelmeztet\u0151 rendszerrel, amelyet \u00fagy terveztek, hogy cs\u00f6kkentse az \u00fctk\u00f6z\u00e9sek kock\u00e1zat\u00e1t ipari k\u00f6rnyezetben. Sz\u00e1mos l\u00e9tes\u00edtm\u00e9nyben a korl\u00e1tozott l\u00e1that\u00f3s\u00e1g tov\u00e1bbra is az egyik legfontosabb biztons\u00e1gi kih\u00edv\u00e1s &#8211; k\u00fcl\u00f6n\u00f6sen a keresztez\u0151d\u00e9sekn\u00e9l, a folyos\u00f3k kij\u00e1ratain\u00e1l vagy a kapuzatokn\u00e1l. A Sense&amp;Warn rendszer ezt a probl\u00e9m\u00e1t \u00fagy kezeli, hogy \u00e9rz\u00e9keli a k\u00f6zeled\u0151 targonc\u00e1kat \u00e9s automatikusan aktiv\u00e1lja a LED-es jelz\u00e9st. Ennek eredm\u00e9nyek\u00e9nt a gyalogosok egy\u00e9rtelm\u0171 figyelmeztet\u00e9st kapnak, miel\u0151tt a j\u00e1rm\u0171 egy\u00e1ltal\u00e1n a l\u00e1t\u00f3mez\u0151j\u00fckbe ker\u00fclne.   <\/p>\n<h2>Intelligens biztons\u00e1g, val\u00f3s k\u00f6rnyezethez igaz\u00edtva<\/h2>\n<p>Ezt a megold\u00e1st rugalmass\u00e1ga \u00e9s alkalmazkod\u00f3k\u00e9pess\u00e9ge teszi kiemelked\u0151v\u00e9. A Sense&amp;Warn k\u00fcl\u00f6nb\u00f6z\u0151 \u00e9rz\u00e9kel\u00e9si technol\u00f3gi\u00e1k alapj\u00e1n m\u0171k\u00f6dhet, bele\u00e9rtve az UWB helymeghat\u00e1roz\u00f3 rendszereket, mozg\u00e1s\u00e9rz\u00e9kel\u0151ket vagy AI-alap\u00fa l\u00e1t\u00f3rendszereket. Ez lehet\u0151v\u00e9 teszi, hogy a rendszert az egyes l\u00e9tes\u00edtm\u00e9nyek saj\u00e1tos k\u00f6r\u00fclm\u00e9nyeihez igaz\u00edts\u00e1k, \u00e9s integr\u00e1lj\u00e1k a megl\u00e9v\u0151 biztons\u00e1gi infrastrukt\u00far\u00e1ba. Ugyanakkor maga a poller rugalmas, \u00fct\u00e9s\u00e1ll\u00f3 polimerb\u0151l k\u00e9sz\u00fcl, amely elnyeli az energi\u00e1t \u00e9s visszanyeri eredeti alakj\u00e1t &#8211; cs\u00f6kkentve ezzel a k\u00e1rokat, az \u00e1ll\u00e1sid\u0151t \u00e9s a karbantart\u00e1si k\u00f6lts\u00e9geket.   <\/p>\n<h2>Egy l\u00e9p\u00e9s el\u0151re az ipari biztons\u00e1g ter\u00e9n<\/h2>\n<p>SAWO arany\u00e9rm\u00e9t az innov\u00e1ci\u00f3, a min\u0151s\u00e9g \u00e9s a gyakorlati \u00e9rt\u00e9k szempontj\u00e1b\u00f3l kiemelked\u0151 megold\u00e1sok kapj\u00e1k. Sz\u00e1munkra ez az elismer\u00e9s nem csup\u00e1n egy d\u00edj &#8211; ez egy meger\u0151s\u00edt\u00e9s, hogy az \u00e1ltalunk v\u00e1lasztott ir\u00e1ny a helyes. Hissz\u00fck, hogy az ipari biztons\u00e1g j\u00f6v\u0151je olyan megold\u00e1sokban rejlik, amelyek a fizikai v\u00e9delmet olyan intelligens rendszerekkel kombin\u00e1lj\u00e1k, amelyek akt\u00edvan t\u00e1mogatj\u00e1k az embereket mindennapi munk\u00e1jukban.  <\/p>\n<h2>K\u00f6sz\u00f6nj\u00fck, hogy megl\u00e1togatott minket Pozna\u0144ban<\/h2>\n<p>A SAWO 2026 sor\u00e1n lehet\u0151s\u00e9g\u00fcnk volt bemutatni ezt a megold\u00e1st, \u00e9s sz\u00e1mos szakemberrel besz\u00e9lgethett\u00fcnk a l\u00e9tes\u00edtm\u00e9nyeikben felmer\u00fcl\u0151 val\u00f3s biztons\u00e1gi kih\u00edv\u00e1sokr\u00f3l.  <strong>K\u00f6sz\u00f6nj\u00fck mindenkinek, aki ell\u00e1togatott a standunkra &#8211; \u00e9s a zs\u0171rinek, hogy elismerte a megold\u00e1sunkat.<\/strong><\/p>\n","protected":false},"excerpt":{"rendered":"<p>B\u00fcszk\u00e9n osztjuk meg, hogy a Sense&amp;Warn rendszerrel ell\u00e1tott PA LED-es poller\u00fcnk arany\u00e9rmet kapott a SAWO 2026- on &#8211; K\u00f6z\u00e9p- \u00e9s Kelet-Eur\u00f3pa egyik legfontosabb munkav\u00e9delmi rendezv\u00e9ny\u00e9n. Ez az elismer\u00e9s meger\u0151s\u00edti azt, amiben szil\u00e1rdan hisz\u00fcnk: a biztons\u00e1gi megold\u00e1soknak nemcsak v\u00e9deni\u00fck kell, hanem akt\u00edvan meg kell el\u0151zni\u00fck a baleseteket. A v\u00e9delemt\u0151l a megel\u0151z\u00e9sig A d\u00edjazott megold\u00e1s egy rugalmas [&hellip;]<\/p>\n","protected":false},"author":11,"featured_media":40849,"parent":30300,"menu_order":0,"comment_status":"closed","ping_status":"closed","template":"","meta":{"inline_featured_image":false,"ngg_post_thumbnail":0,"footnotes":""},"class_list":["post-40888","page","type-page","status-publish","has-post-thumbnail","hentry"],"acf":[],"yoast_head":"<!-- This site is optimized with the Yoast SEO plugin v27.0 - https:\/\/yoast.com\/product\/yoast-seo-wordpress\/ -->\n<title>A Sense&amp;Warn funkci\u00f3val ell\u00e1tott PA LED-es poller arany\u00e9rmet nyert a SAWO 2026-on - Anter System<\/title>\n<meta name=\"description\" content=\"B\u00fcszk\u00e9n osztjuk meg, hogy a Sense&amp;Warn rendszerrel ell\u00e1tott PA LED-es poller\u00fcnk arany\u00e9rmet kapott a SAWO 2026- on - K\u00f6z\u00e9p- \u00e9s Kelet-Eur\u00f3pa egyik\" \/>\n<meta name=\"robots\" content=\"index, follow, max-snippet:-1, max-image-preview:large, max-video-preview:-1\" \/>\n<link rel=\"canonical\" href=\"https:\/\/antersystem.com\/hu\/hirek\/pa-bollard-sense-warn-wins-gold-medal-sawo\/\" \/>\n<meta property=\"og:locale\" content=\"hu_HU\" \/>\n<meta property=\"og:type\" content=\"article\" \/>\n<meta property=\"og:title\" content=\"A Sense&amp;Warn funkci\u00f3val ell\u00e1tott PA LED-es poller arany\u00e9rmet nyert a SAWO 2026-on - Anter System\" \/>\n<meta property=\"og:description\" content=\"B\u00fcszk\u00e9n osztjuk meg, hogy a Sense&amp;Warn rendszerrel ell\u00e1tott PA LED-es poller\u00fcnk arany\u00e9rmet kapott a SAWO 2026- on - K\u00f6z\u00e9p- \u00e9s Kelet-Eur\u00f3pa egyik\" \/>\n<meta property=\"og:url\" content=\"https:\/\/antersystem.com\/hu\/hirek\/pa-bollard-sense-warn-wins-gold-medal-sawo\/\" \/>\n<meta property=\"og:site_name\" content=\"Anter System\" \/>\n<meta property=\"article:modified_time\" content=\"2026-04-16T11:54:40+00:00\" \/>\n<meta property=\"og:image\" content=\"https:\/\/antersystem.com\/wp-content\/uploads\/sawo-2026-gold-medal.webp\" \/>\n\t<meta property=\"og:image:width\" content=\"1920\" \/>\n\t<meta property=\"og:image:height\" content=\"1080\" \/>\n\t<meta property=\"og:image:type\" content=\"image\/webp\" \/>\n<meta name=\"twitter:card\" content=\"summary_large_image\" \/>\n<meta name=\"twitter:label1\" content=\"Becs\u00fclt olvas\u00e1si id\u0151\" \/>\n\t<meta name=\"twitter:data1\" content=\"3 perc\" \/>\n<script type=\"application\/ld+json\" class=\"yoast-schema-graph\">{\"@context\":\"https:\/\/schema.org\",\"@graph\":[{\"@type\":\"WebPage\",\"@id\":\"https:\/\/antersystem.com\/hu\/hirek\/pa-bollard-sense-warn-wins-gold-medal-sawo\/\",\"url\":\"https:\/\/antersystem.com\/hu\/hirek\/pa-bollard-sense-warn-wins-gold-medal-sawo\/\",\"name\":\"A Sense&amp;Warn funkci\u00f3val ell\u00e1tott PA LED-es poller arany\u00e9rmet nyert a SAWO 2026-on - Anter System\",\"isPartOf\":{\"@id\":\"https:\/\/antersystem.com\/hu\/#website\"},\"primaryImageOfPage\":{\"@id\":\"https:\/\/antersystem.com\/hu\/hirek\/pa-bollard-sense-warn-wins-gold-medal-sawo\/#primaryimage\"},\"image\":{\"@id\":\"https:\/\/antersystem.com\/hu\/hirek\/pa-bollard-sense-warn-wins-gold-medal-sawo\/#primaryimage\"},\"thumbnailUrl\":\"https:\/\/antersystem.com\/wp-content\/uploads\/sawo-2026-gold-medal.webp\",\"datePublished\":\"2026-04-16T08:33:36+00:00\",\"dateModified\":\"2026-04-16T11:54:40+00:00\",\"description\":\"B\u00fcszk\u00e9n osztjuk meg, hogy a Sense&amp;Warn rendszerrel ell\u00e1tott PA LED-es poller\u00fcnk arany\u00e9rmet kapott a SAWO 2026- on - K\u00f6z\u00e9p- \u00e9s Kelet-Eur\u00f3pa egyik\",\"breadcrumb\":{\"@id\":\"https:\/\/antersystem.com\/hu\/hirek\/pa-bollard-sense-warn-wins-gold-medal-sawo\/#breadcrumb\"},\"inLanguage\":\"hu\",\"potentialAction\":[{\"@type\":\"ReadAction\",\"target\":[\"https:\/\/antersystem.com\/hu\/hirek\/pa-bollard-sense-warn-wins-gold-medal-sawo\/\"]}]},{\"@type\":\"ImageObject\",\"inLanguage\":\"hu\",\"@id\":\"https:\/\/antersystem.com\/hu\/hirek\/pa-bollard-sense-warn-wins-gold-medal-sawo\/#primaryimage\",\"url\":\"https:\/\/antersystem.com\/wp-content\/uploads\/sawo-2026-gold-medal.webp\",\"contentUrl\":\"https:\/\/antersystem.com\/wp-content\/uploads\/sawo-2026-gold-medal.webp\",\"width\":1920,\"height\":1080},{\"@type\":\"BreadcrumbList\",\"@id\":\"https:\/\/antersystem.com\/hu\/hirek\/pa-bollard-sense-warn-wins-gold-medal-sawo\/#breadcrumb\",\"itemListElement\":[{\"@type\":\"ListItem\",\"position\":1,\"name\":\"AnterSystem\",\"item\":\"https:\/\/antersystem.com\/hu\/\"},{\"@type\":\"ListItem\",\"position\":2,\"name\":\"H\u00edrek\",\"item\":\"https:\/\/antersystem.com\/hu\/hirek\/\"},{\"@type\":\"ListItem\",\"position\":3,\"name\":\"A Sense&amp;Warn funkci\u00f3val ell\u00e1tott PA LED-es poller arany\u00e9rmet nyert a SAWO 2026-on\"}]},{\"@type\":\"WebSite\",\"@id\":\"https:\/\/antersystem.com\/hu\/#website\",\"url\":\"https:\/\/antersystem.com\/hu\/\",\"name\":\"Anter System\",\"description\":\"Jeste\u015bmy polskim producentem elastycznych barier ochronnych wykonywanych z polimerowych tworzyw sztucznych. Na rynku krajowym i zagranicznym dzia\u0142amy od ponad 15 lat dbaj\u0105c o zapewnienie bezpiecze\u0144stwa w zak\u0142adach produkcyjnych, magazynach oraz centrach logistycznych.\",\"potentialAction\":[{\"@type\":\"SearchAction\",\"target\":{\"@type\":\"EntryPoint\",\"urlTemplate\":\"https:\/\/antersystem.com\/hu\/?s={search_term_string}\"},\"query-input\":{\"@type\":\"PropertyValueSpecification\",\"valueRequired\":true,\"valueName\":\"search_term_string\"}}],\"inLanguage\":\"hu\"}]}<\/script>\n<!-- \/ Yoast SEO plugin. -->","yoast_head_json":{"title":"A Sense&amp;Warn funkci\u00f3val ell\u00e1tott PA LED-es poller arany\u00e9rmet nyert a SAWO 2026-on - Anter System","description":"B\u00fcszk\u00e9n osztjuk meg, hogy a Sense&amp;Warn rendszerrel ell\u00e1tott PA LED-es poller\u00fcnk arany\u00e9rmet kapott a SAWO 2026- on - K\u00f6z\u00e9p- \u00e9s Kelet-Eur\u00f3pa egyik","robots":{"index":"index","follow":"follow","max-snippet":"max-snippet:-1","max-image-preview":"max-image-preview:large","max-video-preview":"max-video-preview:-1"},"canonical":"https:\/\/antersystem.com\/hu\/hirek\/pa-bollard-sense-warn-wins-gold-medal-sawo\/","og_locale":"hu_HU","og_type":"article","og_title":"A Sense&amp;Warn funkci\u00f3val ell\u00e1tott PA LED-es poller arany\u00e9rmet nyert a SAWO 2026-on - Anter System","og_description":"B\u00fcszk\u00e9n osztjuk meg, hogy a Sense&amp;Warn rendszerrel ell\u00e1tott PA LED-es poller\u00fcnk arany\u00e9rmet kapott a SAWO 2026- on - K\u00f6z\u00e9p- \u00e9s Kelet-Eur\u00f3pa egyik","og_url":"https:\/\/antersystem.com\/hu\/hirek\/pa-bollard-sense-warn-wins-gold-medal-sawo\/","og_site_name":"Anter System","article_modified_time":"2026-04-16T11:54:40+00:00","og_image":[{"width":1920,"height":1080,"url":"https:\/\/antersystem.com\/wp-content\/uploads\/sawo-2026-gold-medal.webp","type":"image\/webp"}],"twitter_card":"summary_large_image","twitter_misc":{"Becs\u00fclt olvas\u00e1si id\u0151":"3 perc"},"schema":{"@context":"https:\/\/schema.org","@graph":[{"@type":"WebPage","@id":"https:\/\/antersystem.com\/hu\/hirek\/pa-bollard-sense-warn-wins-gold-medal-sawo\/","url":"https:\/\/antersystem.com\/hu\/hirek\/pa-bollard-sense-warn-wins-gold-medal-sawo\/","name":"A Sense&amp;Warn funkci\u00f3val ell\u00e1tott PA LED-es poller arany\u00e9rmet nyert a SAWO 2026-on - Anter System","isPartOf":{"@id":"https:\/\/antersystem.com\/hu\/#website"},"primaryImageOfPage":{"@id":"https:\/\/antersystem.com\/hu\/hirek\/pa-bollard-sense-warn-wins-gold-medal-sawo\/#primaryimage"},"image":{"@id":"https:\/\/antersystem.com\/hu\/hirek\/pa-bollard-sense-warn-wins-gold-medal-sawo\/#primaryimage"},"thumbnailUrl":"https:\/\/antersystem.com\/wp-content\/uploads\/sawo-2026-gold-medal.webp","datePublished":"2026-04-16T08:33:36+00:00","dateModified":"2026-04-16T11:54:40+00:00","description":"B\u00fcszk\u00e9n osztjuk meg, hogy a Sense&amp;Warn rendszerrel ell\u00e1tott PA LED-es poller\u00fcnk arany\u00e9rmet kapott a SAWO 2026- on - K\u00f6z\u00e9p- \u00e9s Kelet-Eur\u00f3pa egyik","breadcrumb":{"@id":"https:\/\/antersystem.com\/hu\/hirek\/pa-bollard-sense-warn-wins-gold-medal-sawo\/#breadcrumb"},"inLanguage":"hu","potentialAction":[{"@type":"ReadAction","target":["https:\/\/antersystem.com\/hu\/hirek\/pa-bollard-sense-warn-wins-gold-medal-sawo\/"]}]},{"@type":"ImageObject","inLanguage":"hu","@id":"https:\/\/antersystem.com\/hu\/hirek\/pa-bollard-sense-warn-wins-gold-medal-sawo\/#primaryimage","url":"https:\/\/antersystem.com\/wp-content\/uploads\/sawo-2026-gold-medal.webp","contentUrl":"https:\/\/antersystem.com\/wp-content\/uploads\/sawo-2026-gold-medal.webp","width":1920,"height":1080},{"@type":"BreadcrumbList","@id":"https:\/\/antersystem.com\/hu\/hirek\/pa-bollard-sense-warn-wins-gold-medal-sawo\/#breadcrumb","itemListElement":[{"@type":"ListItem","position":1,"name":"AnterSystem","item":"https:\/\/antersystem.com\/hu\/"},{"@type":"ListItem","position":2,"name":"H\u00edrek","item":"https:\/\/antersystem.com\/hu\/hirek\/"},{"@type":"ListItem","position":3,"name":"A Sense&amp;Warn funkci\u00f3val ell\u00e1tott PA LED-es poller arany\u00e9rmet nyert a SAWO 2026-on"}]},{"@type":"WebSite","@id":"https:\/\/antersystem.com\/hu\/#website","url":"https:\/\/antersystem.com\/hu\/","name":"Anter System","description":"Jeste\u015bmy polskim producentem elastycznych barier ochronnych wykonywanych z polimerowych tworzyw sztucznych. Na rynku krajowym i zagranicznym dzia\u0142amy od ponad 15 lat dbaj\u0105c o zapewnienie bezpiecze\u0144stwa w zak\u0142adach produkcyjnych, magazynach oraz centrach logistycznych.","potentialAction":[{"@type":"SearchAction","target":{"@type":"EntryPoint","urlTemplate":"https:\/\/antersystem.com\/hu\/?s={search_term_string}"},"query-input":{"@type":"PropertyValueSpecification","valueRequired":true,"valueName":"search_term_string"}}],"inLanguage":"hu"}]}},"_links":{"self":[{"href":"https:\/\/antersystem.com\/hu\/wp-json\/wp\/v2\/pages\/40888","targetHints":{"allow":["GET"]}}],"collection":[{"href":"https:\/\/antersystem.com\/hu\/wp-json\/wp\/v2\/pages"}],"about":[{"href":"https:\/\/antersystem.com\/hu\/wp-json\/wp\/v2\/types\/page"}],"author":[{"embeddable":true,"href":"https:\/\/antersystem.com\/hu\/wp-json\/wp\/v2\/users\/11"}],"replies":[{"embeddable":true,"href":"https:\/\/antersystem.com\/hu\/wp-json\/wp\/v2\/comments?post=40888"}],"version-history":[{"count":2,"href":"https:\/\/antersystem.com\/hu\/wp-json\/wp\/v2\/pages\/40888\/revisions"}],"predecessor-version":[{"id":40988,"href":"https:\/\/antersystem.com\/hu\/wp-json\/wp\/v2\/pages\/40888\/revisions\/40988"}],"up":[{"embeddable":true,"href":"https:\/\/antersystem.com\/hu\/wp-json\/wp\/v2\/pages\/30300"}],"wp:featuredmedia":[{"embeddable":true,"href":"https:\/\/antersystem.com\/hu\/wp-json\/wp\/v2\/media\/40849"}],"wp:attachment":[{"href":"https:\/\/antersystem.com\/hu\/wp-json\/wp\/v2\/media?parent=40888"}],"curies":[{"name":"wp","href":"https:\/\/api.w.org\/{rel}","templated":true}]}}