{"id":40905,"date":"2026-03-31T10:10:47","date_gmt":"2026-03-31T08:10:47","guid":{"rendered":"https:\/\/antersystem.com\/hirek\/see-you-at-nordbygg-2026\/"},"modified":"2026-04-16T10:59:55","modified_gmt":"2026-04-16T08:59:55","slug":"see-you-at-nordbygg-2026","status":"publish","type":"page","link":"https:\/\/antersystem.com\/hu\/hirek\/see-you-at-nordbygg-2026\/","title":{"rendered":"Tal\u00e1lkozunk a sv\u00e9dorsz\u00e1gi Nordbygg 2026-on"},"content":{"rendered":"<p>Az Anter System ki\u00e1ll\u00edt <strong>a<\/strong> <strong>sv\u00e9dorsz\u00e1gi Stockholmban<\/strong> megrendez\u00e9sre ker\u00fcl\u0151 <strong>Nordbygg 2026<\/strong> ki\u00e1ll\u00edt\u00e1son <strong>.<\/strong> A Nordbygg az \u00e9p\u00edt\u0151ipar \u00e9s az \u00e9p\u00edt\u0151ipar egyik legfontosabb szakv\u00e1s\u00e1rak\u00e9nt a skandin\u00e1v r\u00e9gi\u00f3ban \u00f6sszehozza az innovat\u00edv \u00e9s gyakorlatias megold\u00e1sokat keres\u0151 szakembereket. <\/p>\n<p>A rendezv\u00e9ny ideje alatt a l\u00e1togat\u00f3k a <strong>Lengyel V\u00e1llalkoz\u00e1sfejleszt\u00e9si \u00dcgyn\u00f6ks\u00e9g<\/strong> standj\u00e1n\u00e1l tal\u00e1lkozhatnak az Anter System rendszerrel <strong>.<\/strong> Bemutatjuk ipari biztons\u00e1gi megold\u00e1sainkat, amelyeket az emberek, az infrastrukt\u00fara \u00e9s a m\u0171veletek v\u00e9delm\u00e9re tervezt\u00fcnk rakt\u00e1rakban, termel\u00e9si l\u00e9tes\u00edtm\u00e9nyekben \u00e9s logisztikai k\u00f6rnyezetben. <\/p>\n<p>Ha ell\u00e1togat a Nordbyggbe, szeretettel megh\u00edvjuk, hogy tal\u00e1lkozzon csapatunkkal a <strong>C<\/strong> csarnokban <strong>, a C03:61-es standon.<\/strong> V\u00e1rjuk \u00d6nt Sv\u00e9dorsz\u00e1gban. <\/p>\n","protected":false},"excerpt":{"rendered":"<p>Az Anter System ki\u00e1ll\u00edt a sv\u00e9dorsz\u00e1gi Stockholmban megrendez\u00e9sre ker\u00fcl\u0151 Nordbygg 2026 ki\u00e1ll\u00edt\u00e1son . A Nordbygg az \u00e9p\u00edt\u0151ipar \u00e9s az \u00e9p\u00edt\u0151ipar egyik legfontosabb szakv\u00e1s\u00e1rak\u00e9nt a skandin\u00e1v r\u00e9gi\u00f3ban \u00f6sszehozza az innovat\u00edv \u00e9s gyakorlatias megold\u00e1sokat keres\u0151 szakembereket. A rendezv\u00e9ny ideje alatt a l\u00e1togat\u00f3k a Lengyel V\u00e1llalkoz\u00e1sfejleszt\u00e9si \u00dcgyn\u00f6ks\u00e9g standj\u00e1n\u00e1l tal\u00e1lkozhatnak az Anter System rendszerrel . Bemutatjuk ipari biztons\u00e1gi megold\u00e1sainkat, [&hellip;]<\/p>\n","protected":false},"author":11,"featured_media":40831,"parent":30300,"menu_order":0,"comment_status":"closed","ping_status":"closed","template":"","meta":{"inline_featured_image":false,"ngg_post_thumbnail":0,"footnotes":""},"class_list":["post-40905","page","type-page","status-publish","has-post-thumbnail","hentry"],"acf":[],"yoast_head":"<!-- This site is optimized with the Yoast SEO plugin v27.0 - https:\/\/yoast.com\/product\/yoast-seo-wordpress\/ -->\n<title>Tal\u00e1lkozunk a sv\u00e9dorsz\u00e1gi Nordbygg 2026-on - Anter System<\/title>\n<meta name=\"description\" content=\"Az Anter System ki\u00e1ll\u00edt a sv\u00e9dorsz\u00e1gi Stockholmban megrendez\u00e9sre ker\u00fcl\u0151 Nordbygg 2026 ki\u00e1ll\u00edt\u00e1son . A Nordbygg az \u00e9p\u00edt\u0151ipar \u00e9s az \u00e9p\u00edt\u0151ipar egyik\" \/>\n<meta name=\"robots\" content=\"index, follow, max-snippet:-1, max-image-preview:large, max-video-preview:-1\" \/>\n<link rel=\"canonical\" href=\"https:\/\/antersystem.com\/hu\/hirek\/see-you-at-nordbygg-2026\/\" \/>\n<meta property=\"og:locale\" content=\"hu_HU\" \/>\n<meta property=\"og:type\" content=\"article\" \/>\n<meta property=\"og:title\" content=\"Tal\u00e1lkozunk a sv\u00e9dorsz\u00e1gi Nordbygg 2026-on - Anter System\" \/>\n<meta property=\"og:description\" content=\"Az Anter System ki\u00e1ll\u00edt a sv\u00e9dorsz\u00e1gi Stockholmban megrendez\u00e9sre ker\u00fcl\u0151 Nordbygg 2026 ki\u00e1ll\u00edt\u00e1son . A Nordbygg az \u00e9p\u00edt\u0151ipar \u00e9s az \u00e9p\u00edt\u0151ipar egyik\" \/>\n<meta property=\"og:url\" content=\"https:\/\/antersystem.com\/hu\/hirek\/see-you-at-nordbygg-2026\/\" \/>\n<meta property=\"og:site_name\" content=\"Anter System\" \/>\n<meta property=\"article:modified_time\" content=\"2026-04-16T08:59:55+00:00\" \/>\n<meta property=\"og:image\" content=\"https:\/\/antersystem.com\/wp-content\/uploads\/norbygg-logo.webp\" \/>\n\t<meta property=\"og:image:width\" content=\"961\" \/>\n\t<meta property=\"og:image:height\" content=\"541\" \/>\n\t<meta property=\"og:image:type\" content=\"image\/webp\" \/>\n<meta name=\"twitter:card\" content=\"summary_large_image\" \/>\n<meta name=\"twitter:label1\" content=\"Becs\u00fclt olvas\u00e1si id\u0151\" \/>\n\t<meta name=\"twitter:data1\" content=\"1 perc\" \/>\n<script type=\"application\/ld+json\" class=\"yoast-schema-graph\">{\"@context\":\"https:\/\/schema.org\",\"@graph\":[{\"@type\":\"WebPage\",\"@id\":\"https:\/\/antersystem.com\/hu\/hirek\/see-you-at-nordbygg-2026\/\",\"url\":\"https:\/\/antersystem.com\/hu\/hirek\/see-you-at-nordbygg-2026\/\",\"name\":\"Tal\u00e1lkozunk a sv\u00e9dorsz\u00e1gi Nordbygg 2026-on - Anter System\",\"isPartOf\":{\"@id\":\"https:\/\/antersystem.com\/hu\/#website\"},\"primaryImageOfPage\":{\"@id\":\"https:\/\/antersystem.com\/hu\/hirek\/see-you-at-nordbygg-2026\/#primaryimage\"},\"image\":{\"@id\":\"https:\/\/antersystem.com\/hu\/hirek\/see-you-at-nordbygg-2026\/#primaryimage\"},\"thumbnailUrl\":\"https:\/\/antersystem.com\/wp-content\/uploads\/norbygg-logo.webp\",\"datePublished\":\"2026-03-31T08:10:47+00:00\",\"dateModified\":\"2026-04-16T08:59:55+00:00\",\"description\":\"Az Anter System ki\u00e1ll\u00edt a sv\u00e9dorsz\u00e1gi Stockholmban megrendez\u00e9sre ker\u00fcl\u0151 Nordbygg 2026 ki\u00e1ll\u00edt\u00e1son . A Nordbygg az \u00e9p\u00edt\u0151ipar \u00e9s az \u00e9p\u00edt\u0151ipar egyik\",\"breadcrumb\":{\"@id\":\"https:\/\/antersystem.com\/hu\/hirek\/see-you-at-nordbygg-2026\/#breadcrumb\"},\"inLanguage\":\"hu\",\"potentialAction\":[{\"@type\":\"ReadAction\",\"target\":[\"https:\/\/antersystem.com\/hu\/hirek\/see-you-at-nordbygg-2026\/\"]}]},{\"@type\":\"ImageObject\",\"inLanguage\":\"hu\",\"@id\":\"https:\/\/antersystem.com\/hu\/hirek\/see-you-at-nordbygg-2026\/#primaryimage\",\"url\":\"https:\/\/antersystem.com\/wp-content\/uploads\/norbygg-logo.webp\",\"contentUrl\":\"https:\/\/antersystem.com\/wp-content\/uploads\/norbygg-logo.webp\",\"width\":961,\"height\":541},{\"@type\":\"BreadcrumbList\",\"@id\":\"https:\/\/antersystem.com\/hu\/hirek\/see-you-at-nordbygg-2026\/#breadcrumb\",\"itemListElement\":[{\"@type\":\"ListItem\",\"position\":1,\"name\":\"AnterSystem\",\"item\":\"https:\/\/antersystem.com\/hu\/\"},{\"@type\":\"ListItem\",\"position\":2,\"name\":\"H\u00edrek\",\"item\":\"https:\/\/antersystem.com\/hu\/hirek\/\"},{\"@type\":\"ListItem\",\"position\":3,\"name\":\"Tal\u00e1lkozunk a sv\u00e9dorsz\u00e1gi Nordbygg 2026-on\"}]},{\"@type\":\"WebSite\",\"@id\":\"https:\/\/antersystem.com\/hu\/#website\",\"url\":\"https:\/\/antersystem.com\/hu\/\",\"name\":\"Anter System\",\"description\":\"Jeste\u015bmy polskim producentem elastycznych barier ochronnych wykonywanych z polimerowych tworzyw sztucznych. Na rynku krajowym i zagranicznym dzia\u0142amy od ponad 15 lat dbaj\u0105c o zapewnienie bezpiecze\u0144stwa w zak\u0142adach produkcyjnych, magazynach oraz centrach logistycznych.\",\"potentialAction\":[{\"@type\":\"SearchAction\",\"target\":{\"@type\":\"EntryPoint\",\"urlTemplate\":\"https:\/\/antersystem.com\/hu\/?s={search_term_string}\"},\"query-input\":{\"@type\":\"PropertyValueSpecification\",\"valueRequired\":true,\"valueName\":\"search_term_string\"}}],\"inLanguage\":\"hu\"}]}<\/script>\n<!-- \/ Yoast SEO plugin. -->","yoast_head_json":{"title":"Tal\u00e1lkozunk a sv\u00e9dorsz\u00e1gi Nordbygg 2026-on - Anter System","description":"Az Anter System ki\u00e1ll\u00edt a sv\u00e9dorsz\u00e1gi Stockholmban megrendez\u00e9sre ker\u00fcl\u0151 Nordbygg 2026 ki\u00e1ll\u00edt\u00e1son . A Nordbygg az \u00e9p\u00edt\u0151ipar \u00e9s az \u00e9p\u00edt\u0151ipar egyik","robots":{"index":"index","follow":"follow","max-snippet":"max-snippet:-1","max-image-preview":"max-image-preview:large","max-video-preview":"max-video-preview:-1"},"canonical":"https:\/\/antersystem.com\/hu\/hirek\/see-you-at-nordbygg-2026\/","og_locale":"hu_HU","og_type":"article","og_title":"Tal\u00e1lkozunk a sv\u00e9dorsz\u00e1gi Nordbygg 2026-on - Anter System","og_description":"Az Anter System ki\u00e1ll\u00edt a sv\u00e9dorsz\u00e1gi Stockholmban megrendez\u00e9sre ker\u00fcl\u0151 Nordbygg 2026 ki\u00e1ll\u00edt\u00e1son . A Nordbygg az \u00e9p\u00edt\u0151ipar \u00e9s az \u00e9p\u00edt\u0151ipar egyik","og_url":"https:\/\/antersystem.com\/hu\/hirek\/see-you-at-nordbygg-2026\/","og_site_name":"Anter System","article_modified_time":"2026-04-16T08:59:55+00:00","og_image":[{"width":961,"height":541,"url":"https:\/\/antersystem.com\/wp-content\/uploads\/norbygg-logo.webp","type":"image\/webp"}],"twitter_card":"summary_large_image","twitter_misc":{"Becs\u00fclt olvas\u00e1si id\u0151":"1 perc"},"schema":{"@context":"https:\/\/schema.org","@graph":[{"@type":"WebPage","@id":"https:\/\/antersystem.com\/hu\/hirek\/see-you-at-nordbygg-2026\/","url":"https:\/\/antersystem.com\/hu\/hirek\/see-you-at-nordbygg-2026\/","name":"Tal\u00e1lkozunk a sv\u00e9dorsz\u00e1gi Nordbygg 2026-on - Anter System","isPartOf":{"@id":"https:\/\/antersystem.com\/hu\/#website"},"primaryImageOfPage":{"@id":"https:\/\/antersystem.com\/hu\/hirek\/see-you-at-nordbygg-2026\/#primaryimage"},"image":{"@id":"https:\/\/antersystem.com\/hu\/hirek\/see-you-at-nordbygg-2026\/#primaryimage"},"thumbnailUrl":"https:\/\/antersystem.com\/wp-content\/uploads\/norbygg-logo.webp","datePublished":"2026-03-31T08:10:47+00:00","dateModified":"2026-04-16T08:59:55+00:00","description":"Az Anter System ki\u00e1ll\u00edt a sv\u00e9dorsz\u00e1gi Stockholmban megrendez\u00e9sre ker\u00fcl\u0151 Nordbygg 2026 ki\u00e1ll\u00edt\u00e1son . A Nordbygg az \u00e9p\u00edt\u0151ipar \u00e9s az \u00e9p\u00edt\u0151ipar egyik","breadcrumb":{"@id":"https:\/\/antersystem.com\/hu\/hirek\/see-you-at-nordbygg-2026\/#breadcrumb"},"inLanguage":"hu","potentialAction":[{"@type":"ReadAction","target":["https:\/\/antersystem.com\/hu\/hirek\/see-you-at-nordbygg-2026\/"]}]},{"@type":"ImageObject","inLanguage":"hu","@id":"https:\/\/antersystem.com\/hu\/hirek\/see-you-at-nordbygg-2026\/#primaryimage","url":"https:\/\/antersystem.com\/wp-content\/uploads\/norbygg-logo.webp","contentUrl":"https:\/\/antersystem.com\/wp-content\/uploads\/norbygg-logo.webp","width":961,"height":541},{"@type":"BreadcrumbList","@id":"https:\/\/antersystem.com\/hu\/hirek\/see-you-at-nordbygg-2026\/#breadcrumb","itemListElement":[{"@type":"ListItem","position":1,"name":"AnterSystem","item":"https:\/\/antersystem.com\/hu\/"},{"@type":"ListItem","position":2,"name":"H\u00edrek","item":"https:\/\/antersystem.com\/hu\/hirek\/"},{"@type":"ListItem","position":3,"name":"Tal\u00e1lkozunk a sv\u00e9dorsz\u00e1gi Nordbygg 2026-on"}]},{"@type":"WebSite","@id":"https:\/\/antersystem.com\/hu\/#website","url":"https:\/\/antersystem.com\/hu\/","name":"Anter System","description":"Jeste\u015bmy polskim producentem elastycznych barier ochronnych wykonywanych z polimerowych tworzyw sztucznych. Na rynku krajowym i zagranicznym dzia\u0142amy od ponad 15 lat dbaj\u0105c o zapewnienie bezpiecze\u0144stwa w zak\u0142adach produkcyjnych, magazynach oraz centrach logistycznych.","potentialAction":[{"@type":"SearchAction","target":{"@type":"EntryPoint","urlTemplate":"https:\/\/antersystem.com\/hu\/?s={search_term_string}"},"query-input":{"@type":"PropertyValueSpecification","valueRequired":true,"valueName":"search_term_string"}}],"inLanguage":"hu"}]}},"_links":{"self":[{"href":"https:\/\/antersystem.com\/hu\/wp-json\/wp\/v2\/pages\/40905","targetHints":{"allow":["GET"]}}],"collection":[{"href":"https:\/\/antersystem.com\/hu\/wp-json\/wp\/v2\/pages"}],"about":[{"href":"https:\/\/antersystem.com\/hu\/wp-json\/wp\/v2\/types\/page"}],"author":[{"embeddable":true,"href":"https:\/\/antersystem.com\/hu\/wp-json\/wp\/v2\/users\/11"}],"replies":[{"embeddable":true,"href":"https:\/\/antersystem.com\/hu\/wp-json\/wp\/v2\/comments?post=40905"}],"version-history":[{"count":1,"href":"https:\/\/antersystem.com\/hu\/wp-json\/wp\/v2\/pages\/40905\/revisions"}],"predecessor-version":[{"id":40928,"href":"https:\/\/antersystem.com\/hu\/wp-json\/wp\/v2\/pages\/40905\/revisions\/40928"}],"up":[{"embeddable":true,"href":"https:\/\/antersystem.com\/hu\/wp-json\/wp\/v2\/pages\/30300"}],"wp:featuredmedia":[{"embeddable":true,"href":"https:\/\/antersystem.com\/hu\/wp-json\/wp\/v2\/media\/40831"}],"wp:attachment":[{"href":"https:\/\/antersystem.com\/hu\/wp-json\/wp\/v2\/media?parent=40905"}],"curies":[{"name":"wp","href":"https:\/\/api.w.org\/{rel}","templated":true}]}}