{"id":10959,"date":"2024-10-07T13:21:59","date_gmt":"2024-10-07T11:21:59","guid":{"rendered":"https:\/\/new.antersystem.com\/warsaw-industry-week-2024\/"},"modified":"2026-01-30T14:30:26","modified_gmt":"2026-01-30T13:30:26","slug":"warsaw-industry-week-2024","status":"publish","type":"page","link":"https:\/\/antersystem.com\/it\/notizie\/warsaw-industry-week-2024\/","title":{"rendered":"Warsaw Industry Week 2024"},"content":{"rendered":"\n<div class=\"wp-block-columns is-layout-flex wp-container-core-columns-is-layout-9d6595d7 wp-block-columns-is-layout-flex\">\n<div class=\"wp-block-column is-layout-flow wp-block-column-is-layout-flow\" style=\"flex-basis:10%\"><\/div>\n\n\n\n<div class=\"wp-block-column is-layout-flow wp-block-column-is-layout-flow\">\n<h2 class=\"wp-block-heading\">Vieni a trovarci alla Warsaw Industry Week!<\/h2>\n\n\n\n<p>La prossima edizione della pi\u00f9 grande fiera industriale della Polonia \u00e8 alle porte! Dal <strong>5 al 7 novembre<\/strong> a Varsavia, i leader del settore presenteranno le ultime innovazioni in uno spazio espositivo di <strong>65.000 m\u00b2<\/strong> al Ptak Expo. Pi\u00f9 di <strong>370 aziende<\/strong> hanno confermato la loro partecipazione, presentando tecnologie e strumenti avanzati a supporto della crescita di vari settori industriali.<\/p>\n\n\n\n<p><strong>Anche Anter System sar\u00e0 presente per presentare le sue soluzioni innovative<\/strong>: un sistema modulare di barriere flessibili in polimero progettate per la sicurezza industriale, compresi i <strong>moderni cancelli di sicurezza automatici<\/strong>. Ti invitiamo a visitare il nostro stand e a parlare con i nostri esperti di come proteggere efficacemente le infrastrutture, le macchine e i dipendenti nei capannoni di produzione, nei magazzini e nelle banchine di carico.<\/p>\n\n\n\n<p><strong><a href=\"https:\/\/industryweek.pl\/\" target=\"_blank\" rel=\"noreferrer noopener\">Warsaw Industry Week<\/a><\/strong> non \u00e8 solo la pi\u00f9 grande fiera industriale della Polonia, ma anche un&#8217;iniziativa unica creata <strong>dall&#8217;industria, per l&#8217;industria<\/strong>. L&#8217;evento \u00e8 accompagnato da un congresso professionale che offre ai partecipanti l&#8217;opportunit\u00e0 di aggiornare le proprie conoscenze, acquisire nuove competenze ed esplorare le ultime tendenze del mercato. \u00c8 anche un <strong>luogo eccellente per costruire relazioni commerciali<\/strong> attraverso incontri diretti e presentazioni dal vivo di soluzioni innovative. Per gli espositori \u00e8 un&#8217;<strong>occasione unica per discutere le esigenze, le sfide e le aspettative del settore<\/strong> nei confronti dei fornitori e dei loro prodotti.<\/p>\n\n\n\n<p>Troverai <strong>Anter System al padiglione C, stand C2.41a.<\/strong> Saremo presenti dalle <strong>10:00 alle 17:00<\/strong> &#8211; ci vediamo a Varsavia!<\/p>\n\n\n\n<p>Vuoi <strong>fissare un incontro<\/strong> con gli specialisti di Anter System durante la fiera? Scrivici a: <a href=\"mailto:contact@antersystem.com\">contact@antersystem.com<\/a><\/p>\n\n\n\n<p><\/p>\n<\/div>\n\n\n\n<div class=\"wp-block-column is-layout-flow wp-block-column-is-layout-flow\" style=\"flex-basis:10%\"><\/div>\n<\/div>\n<div class=\"wp-block-image\">\n<figure class=\"aligncenter size-large is-resized\"><img loading=\"lazy\" decoding=\"async\" width=\"1024\" height=\"576\" src=\"https:\/\/antersystem.com\/wp-content\/uploads\/warsaw_industry_week2-1-1024x576.jpg\" alt=\"Anter System alla Warsaw Industry Week 2024\" class=\"wp-image-5501\" style=\"width:620px;height:auto\" srcset=\"https:\/\/antersystem.com\/wp-content\/uploads\/warsaw_industry_week2-1-1024x576.jpg 1024w, https:\/\/antersystem.com\/wp-content\/uploads\/warsaw_industry_week2-1-300x169.jpg 300w, https:\/\/antersystem.com\/wp-content\/uploads\/warsaw_industry_week2-1-768x432.jpg 768w, https:\/\/antersystem.com\/wp-content\/uploads\/warsaw_industry_week2-1-450x253.jpg 450w, https:\/\/antersystem.com\/wp-content\/uploads\/warsaw_industry_week2-1-330x186.jpg 330w, https:\/\/antersystem.com\/wp-content\/uploads\/warsaw_industry_week2-1.jpg 1115w\" sizes=\"auto, (max-width: 1024px) 100vw, 1024px\" \/><\/figure><\/div>","protected":false},"excerpt":{"rendered":"<p>Vieni a trovarci alla Warsaw Industry Week! La prossima edizione della pi\u00f9 grande fiera industriale della Polonia \u00e8 alle porte! Dal 5 al 7 novembre a Varsavia, i leader del settore presenteranno le ultime innovazioni in uno spazio espositivo di 65.000 m\u00b2 al Ptak Expo. Pi\u00f9 di 370 aziende hanno confermato la loro partecipazione, presentando [&hellip;]<\/p>\n","protected":false},"author":1,"featured_media":0,"parent":30444,"menu_order":0,"comment_status":"closed","ping_status":"closed","template":"","meta":{"inline_featured_image":false,"ngg_post_thumbnail":0,"footnotes":""},"class_list":["post-10959","page","type-page","status-publish","hentry"],"acf":[],"yoast_head":"<!-- This site is optimized with the Yoast SEO plugin v27.0 - https:\/\/yoast.com\/product\/yoast-seo-wordpress\/ -->\n<title>Warsaw Industry Week 2024 - Anter System<\/title>\n<meta name=\"description\" content=\"EcoVadis pozwala firmom oceni\u0107 jak skutecznie zarz\u0105dzaj\u0105 swoimi praktykami odpowiedzialno\u015bci spo\u0142ecznej. Anter System anga\u017cuje si\u0119...\" \/>\n<meta name=\"robots\" content=\"index, follow, max-snippet:-1, max-image-preview:large, max-video-preview:-1\" \/>\n<link rel=\"canonical\" href=\"https:\/\/antersystem.com\/it\/notizie\/warsaw-industry-week-2024\/\" \/>\n<meta property=\"og:locale\" content=\"it_IT\" \/>\n<meta property=\"og:type\" content=\"article\" \/>\n<meta property=\"og:title\" content=\"Warsaw Industry Week 2024 - Anter System\" \/>\n<meta property=\"og:description\" content=\"EcoVadis pozwala firmom oceni\u0107 jak skutecznie zarz\u0105dzaj\u0105 swoimi praktykami odpowiedzialno\u015bci spo\u0142ecznej. Anter System anga\u017cuje si\u0119...\" \/>\n<meta property=\"og:url\" content=\"https:\/\/antersystem.com\/it\/notizie\/warsaw-industry-week-2024\/\" \/>\n<meta property=\"og:site_name\" content=\"Anter System\" \/>\n<meta property=\"article:modified_time\" content=\"2026-01-30T13:30:26+00:00\" \/>\n<meta property=\"og:image\" content=\"https:\/\/antersystem.com\/wp-content\/uploads\/warsaw_industry_week2-1-1024x576.jpg\" \/>\n<meta name=\"twitter:card\" content=\"summary_large_image\" \/>\n<meta name=\"twitter:label1\" content=\"Tempo di lettura stimato\" \/>\n\t<meta name=\"twitter:data1\" content=\"1 minuto\" \/>\n<script type=\"application\/ld+json\" class=\"yoast-schema-graph\">{\"@context\":\"https:\/\/schema.org\",\"@graph\":[{\"@type\":\"WebPage\",\"@id\":\"https:\/\/antersystem.com\/it\/notizie\/warsaw-industry-week-2024\/\",\"url\":\"https:\/\/antersystem.com\/it\/notizie\/warsaw-industry-week-2024\/\",\"name\":\"Warsaw Industry Week 2024 - Anter System\",\"isPartOf\":{\"@id\":\"https:\/\/antersystem.com\/it\/#website\"},\"primaryImageOfPage\":{\"@id\":\"https:\/\/antersystem.com\/it\/notizie\/warsaw-industry-week-2024\/#primaryimage\"},\"image\":{\"@id\":\"https:\/\/antersystem.com\/it\/notizie\/warsaw-industry-week-2024\/#primaryimage\"},\"thumbnailUrl\":\"https:\/\/antersystem.com\/wp-content\/uploads\/warsaw_industry_week2-1-1024x576.jpg\",\"datePublished\":\"2024-10-07T11:21:59+00:00\",\"dateModified\":\"2026-01-30T13:30:26+00:00\",\"description\":\"EcoVadis pozwala firmom oceni\u0107 jak skutecznie zarz\u0105dzaj\u0105 swoimi praktykami odpowiedzialno\u015bci spo\u0142ecznej. Anter System anga\u017cuje si\u0119...\",\"breadcrumb\":{\"@id\":\"https:\/\/antersystem.com\/it\/notizie\/warsaw-industry-week-2024\/#breadcrumb\"},\"inLanguage\":\"it-IT\",\"potentialAction\":[{\"@type\":\"ReadAction\",\"target\":[\"https:\/\/antersystem.com\/it\/notizie\/warsaw-industry-week-2024\/\"]}]},{\"@type\":\"ImageObject\",\"inLanguage\":\"it-IT\",\"@id\":\"https:\/\/antersystem.com\/it\/notizie\/warsaw-industry-week-2024\/#primaryimage\",\"url\":\"https:\/\/antersystem.com\/wp-content\/uploads\/warsaw_industry_week2-1-1024x576.jpg\",\"contentUrl\":\"https:\/\/antersystem.com\/wp-content\/uploads\/warsaw_industry_week2-1-1024x576.jpg\"},{\"@type\":\"BreadcrumbList\",\"@id\":\"https:\/\/antersystem.com\/it\/notizie\/warsaw-industry-week-2024\/#breadcrumb\",\"itemListElement\":[{\"@type\":\"ListItem\",\"position\":1,\"name\":\"AnterSystem\",\"item\":\"https:\/\/antersystem.com\/it\/\"},{\"@type\":\"ListItem\",\"position\":2,\"name\":\"Notizie\",\"item\":\"https:\/\/antersystem.com\/it\/notizie\/\"},{\"@type\":\"ListItem\",\"position\":3,\"name\":\"Warsaw Industry Week 2024\"}]},{\"@type\":\"WebSite\",\"@id\":\"https:\/\/antersystem.com\/it\/#website\",\"url\":\"https:\/\/antersystem.com\/it\/\",\"name\":\"Anter System\",\"description\":\"Jeste\u015bmy polskim producentem elastycznych barier ochronnych wykonywanych z polimerowych tworzyw sztucznych. Na rynku krajowym i zagranicznym dzia\u0142amy od ponad 15 lat dbaj\u0105c o zapewnienie bezpiecze\u0144stwa w zak\u0142adach produkcyjnych, magazynach oraz centrach logistycznych.\",\"potentialAction\":[{\"@type\":\"SearchAction\",\"target\":{\"@type\":\"EntryPoint\",\"urlTemplate\":\"https:\/\/antersystem.com\/it\/?s={search_term_string}\"},\"query-input\":{\"@type\":\"PropertyValueSpecification\",\"valueRequired\":true,\"valueName\":\"search_term_string\"}}],\"inLanguage\":\"it-IT\"}]}<\/script>\n<!-- \/ Yoast SEO plugin. -->","yoast_head_json":{"title":"Warsaw Industry Week 2024 - Anter System","description":"EcoVadis pozwala firmom oceni\u0107 jak skutecznie zarz\u0105dzaj\u0105 swoimi praktykami odpowiedzialno\u015bci spo\u0142ecznej. Anter System anga\u017cuje si\u0119...","robots":{"index":"index","follow":"follow","max-snippet":"max-snippet:-1","max-image-preview":"max-image-preview:large","max-video-preview":"max-video-preview:-1"},"canonical":"https:\/\/antersystem.com\/it\/notizie\/warsaw-industry-week-2024\/","og_locale":"it_IT","og_type":"article","og_title":"Warsaw Industry Week 2024 - Anter System","og_description":"EcoVadis pozwala firmom oceni\u0107 jak skutecznie zarz\u0105dzaj\u0105 swoimi praktykami odpowiedzialno\u015bci spo\u0142ecznej. Anter System anga\u017cuje si\u0119...","og_url":"https:\/\/antersystem.com\/it\/notizie\/warsaw-industry-week-2024\/","og_site_name":"Anter System","article_modified_time":"2026-01-30T13:30:26+00:00","og_image":[{"url":"https:\/\/antersystem.com\/wp-content\/uploads\/warsaw_industry_week2-1-1024x576.jpg","type":"","width":"","height":""}],"twitter_card":"summary_large_image","twitter_misc":{"Tempo di lettura stimato":"1 minuto"},"schema":{"@context":"https:\/\/schema.org","@graph":[{"@type":"WebPage","@id":"https:\/\/antersystem.com\/it\/notizie\/warsaw-industry-week-2024\/","url":"https:\/\/antersystem.com\/it\/notizie\/warsaw-industry-week-2024\/","name":"Warsaw Industry Week 2024 - Anter System","isPartOf":{"@id":"https:\/\/antersystem.com\/it\/#website"},"primaryImageOfPage":{"@id":"https:\/\/antersystem.com\/it\/notizie\/warsaw-industry-week-2024\/#primaryimage"},"image":{"@id":"https:\/\/antersystem.com\/it\/notizie\/warsaw-industry-week-2024\/#primaryimage"},"thumbnailUrl":"https:\/\/antersystem.com\/wp-content\/uploads\/warsaw_industry_week2-1-1024x576.jpg","datePublished":"2024-10-07T11:21:59+00:00","dateModified":"2026-01-30T13:30:26+00:00","description":"EcoVadis pozwala firmom oceni\u0107 jak skutecznie zarz\u0105dzaj\u0105 swoimi praktykami odpowiedzialno\u015bci spo\u0142ecznej. Anter System anga\u017cuje si\u0119...","breadcrumb":{"@id":"https:\/\/antersystem.com\/it\/notizie\/warsaw-industry-week-2024\/#breadcrumb"},"inLanguage":"it-IT","potentialAction":[{"@type":"ReadAction","target":["https:\/\/antersystem.com\/it\/notizie\/warsaw-industry-week-2024\/"]}]},{"@type":"ImageObject","inLanguage":"it-IT","@id":"https:\/\/antersystem.com\/it\/notizie\/warsaw-industry-week-2024\/#primaryimage","url":"https:\/\/antersystem.com\/wp-content\/uploads\/warsaw_industry_week2-1-1024x576.jpg","contentUrl":"https:\/\/antersystem.com\/wp-content\/uploads\/warsaw_industry_week2-1-1024x576.jpg"},{"@type":"BreadcrumbList","@id":"https:\/\/antersystem.com\/it\/notizie\/warsaw-industry-week-2024\/#breadcrumb","itemListElement":[{"@type":"ListItem","position":1,"name":"AnterSystem","item":"https:\/\/antersystem.com\/it\/"},{"@type":"ListItem","position":2,"name":"Notizie","item":"https:\/\/antersystem.com\/it\/notizie\/"},{"@type":"ListItem","position":3,"name":"Warsaw Industry Week 2024"}]},{"@type":"WebSite","@id":"https:\/\/antersystem.com\/it\/#website","url":"https:\/\/antersystem.com\/it\/","name":"Anter System","description":"Jeste\u015bmy polskim producentem elastycznych barier ochronnych wykonywanych z polimerowych tworzyw sztucznych. Na rynku krajowym i zagranicznym dzia\u0142amy od ponad 15 lat dbaj\u0105c o zapewnienie bezpiecze\u0144stwa w zak\u0142adach produkcyjnych, magazynach oraz centrach logistycznych.","potentialAction":[{"@type":"SearchAction","target":{"@type":"EntryPoint","urlTemplate":"https:\/\/antersystem.com\/it\/?s={search_term_string}"},"query-input":{"@type":"PropertyValueSpecification","valueRequired":true,"valueName":"search_term_string"}}],"inLanguage":"it-IT"}]}},"_links":{"self":[{"href":"https:\/\/antersystem.com\/it\/wp-json\/wp\/v2\/pages\/10959","targetHints":{"allow":["GET"]}}],"collection":[{"href":"https:\/\/antersystem.com\/it\/wp-json\/wp\/v2\/pages"}],"about":[{"href":"https:\/\/antersystem.com\/it\/wp-json\/wp\/v2\/types\/page"}],"author":[{"embeddable":true,"href":"https:\/\/antersystem.com\/it\/wp-json\/wp\/v2\/users\/1"}],"replies":[{"embeddable":true,"href":"https:\/\/antersystem.com\/it\/wp-json\/wp\/v2\/comments?post=10959"}],"version-history":[{"count":3,"href":"https:\/\/antersystem.com\/it\/wp-json\/wp\/v2\/pages\/10959\/revisions"}],"predecessor-version":[{"id":15453,"href":"https:\/\/antersystem.com\/it\/wp-json\/wp\/v2\/pages\/10959\/revisions\/15453"}],"up":[{"embeddable":true,"href":"https:\/\/antersystem.com\/it\/wp-json\/wp\/v2\/pages\/30444"}],"wp:attachment":[{"href":"https:\/\/antersystem.com\/it\/wp-json\/wp\/v2\/media?parent=10959"}],"curies":[{"name":"wp","href":"https:\/\/api.w.org\/{rel}","templated":true}]}}