{"id":12776,"date":"2024-06-28T09:56:14","date_gmt":"2024-06-28T07:56:14","guid":{"rendered":"https:\/\/new.antersystem.com\/sustainable-practices\/"},"modified":"2026-01-30T14:30:26","modified_gmt":"2026-01-30T13:30:26","slug":"sustainable-practices","status":"publish","type":"page","link":"https:\/\/antersystem.com\/it\/notizie\/sustainable-practices\/","title":{"rendered":"Pratiche sostenibili"},"content":{"rendered":"\n<div class=\"wp-block-columns is-layout-flex wp-container-core-columns-is-layout-9d6595d7 wp-block-columns-is-layout-flex\">\n<div class=\"wp-block-column is-layout-flow wp-block-column-is-layout-flow\" style=\"flex-basis:10%\"><\/div>\n\n\n\n<div class=\"wp-block-column is-layout-flow wp-block-column-is-layout-flow\">\n<h2 class=\"wp-block-heading\">Mantenere il passo con le iniziative e gli standard globali<\/h2>\n\n\n\n<p><strong>EcoVadis aiuta le aziende a valutare l&#8217;efficacia della loro gestione della responsabilit\u00e0 sociale d&#8217;impresa.  <\/strong>  Anter System si impegna a prevenire l&#8217;inquinamento ambientale, a fornire prodotti etici e ad adottare modelli di business sostenibili. Nel 2024 i nostri sforzi sono stati nuovamente riconosciuti con la <strong>Medaglia d&#8217;Argento EcoVadis<\/strong>, proprio come l&#8217;anno precedente.<\/p>\n\n\n\n<p>Questo riconoscimento conferma che l&#8217;azienda ha raggiunto risultati elevati nelle seguenti aree:<\/p>\n\n\n\n<p><strong>Ambiente:<\/strong> Politiche e azioni relative alla gestione dell&#8217;impatto ambientale dell&#8217;azienda, compresa la gestione delle emissioni, l&#8217;efficienza delle risorse e le iniziative di sostenibilit\u00e0.<\/p>\n\n\n\n<p><strong>Lavoro e diritti umani:<\/strong> Condizioni di lavoro, rispetto dei diritti dei dipendenti, salute e sicurezza sul lavoro, nonch\u00e9 politiche di diversit\u00e0 e inclusione.<\/p>\n\n\n\n<p><strong>Etica:<\/strong> Principi etici, misure anticorruzione, trasparenza e rispetto delle norme legali.<\/p>\n\n\n\n<p><strong>Approvvigionamento sostenibile:<\/strong> Politiche che promuovono pratiche di acquisto etiche e sostenibili, selezione dei fornitori e gestione della catena di fornitura.<\/p>\n\n\n\n<p>La Medaglia d&#8217;Argento ci colloca tra il 15% delle aziende valutate da EcoVadis, evidenziando il nostro impegno attivo per la sostenibilit\u00e0 e la responsabilit\u00e0 sociale. Ringraziamo tutti coloro che hanno contribuito a questi risultati in Anter System e i nostri clienti per la loro continua fiducia.<\/p>\n<\/div>\n\n\n\n<div class=\"wp-block-column is-layout-flow wp-block-column-is-layout-flow\" style=\"flex-basis:10%\"><\/div>\n<\/div>\n<div class=\"wp-block-image\">\n<figure class=\"aligncenter size-large is-resized\"><img loading=\"lazy\" decoding=\"async\" width=\"1024\" height=\"535\" src=\"https:\/\/antersystem.com\/wp-content\/uploads\/ECOVADIS-1-1024x535.webp\" alt=\"L'immagine mostra la Medaglia d'Argento EcoVadis. Questa medaglia conferma le prestazioni elevate in materia di responsabilit&#xE0; sociale d'impresa, etica, tutela dell'ambiente e gestione sostenibile. \" class=\"wp-image-4968\" style=\"width:620px;height:auto\" srcset=\"https:\/\/antersystem.com\/wp-content\/uploads\/ECOVADIS-1-1024x535.webp 1024w, https:\/\/antersystem.com\/wp-content\/uploads\/ECOVADIS-1-300x157.webp 300w, https:\/\/antersystem.com\/wp-content\/uploads\/ECOVADIS-1-768x401.webp 768w, https:\/\/antersystem.com\/wp-content\/uploads\/ECOVADIS-1-450x235.webp 450w, https:\/\/antersystem.com\/wp-content\/uploads\/ECOVADIS-1-330x172.webp 330w, https:\/\/antersystem.com\/wp-content\/uploads\/ECOVADIS-1.webp 1200w\" sizes=\"auto, (max-width: 1024px) 100vw, 1024px\" \/><\/figure><\/div>","protected":false},"excerpt":{"rendered":"<p>Mantenere il passo con le iniziative e gli standard globali EcoVadis aiuta le aziende a valutare l&#8217;efficacia della loro gestione della responsabilit\u00e0 sociale d&#8217;impresa. Anter System si impegna a prevenire l&#8217;inquinamento ambientale, a fornire prodotti etici e ad adottare modelli di business sostenibili. Nel 2024 i nostri sforzi sono stati nuovamente riconosciuti con la Medaglia [&hellip;]<\/p>\n","protected":false},"author":1,"featured_media":0,"parent":30444,"menu_order":0,"comment_status":"closed","ping_status":"closed","template":"","meta":{"inline_featured_image":false,"ngg_post_thumbnail":0,"footnotes":""},"class_list":["post-12776","page","type-page","status-publish","hentry"],"acf":[],"yoast_head":"<!-- This site is optimized with the Yoast SEO plugin v27.0 - https:\/\/yoast.com\/product\/yoast-seo-wordpress\/ -->\n<title>Pratiche sostenibili - Anter System<\/title>\n<meta name=\"description\" content=\"Mantenere il passo con le iniziative e gli standard globali EcoVadis aiuta le aziende a valutare l&#039;efficacia della loro gestione della responsabilit\u00e0\" \/>\n<meta name=\"robots\" content=\"index, follow, max-snippet:-1, max-image-preview:large, max-video-preview:-1\" \/>\n<link rel=\"canonical\" href=\"https:\/\/antersystem.com\/it\/notizie\/sustainable-practices\/\" \/>\n<meta property=\"og:locale\" content=\"it_IT\" \/>\n<meta property=\"og:type\" content=\"article\" \/>\n<meta property=\"og:title\" content=\"Pratiche sostenibili - Anter System\" \/>\n<meta property=\"og:description\" content=\"Mantenere il passo con le iniziative e gli standard globali EcoVadis aiuta le aziende a valutare l&#039;efficacia della loro gestione della responsabilit\u00e0\" \/>\n<meta property=\"og:url\" content=\"https:\/\/antersystem.com\/it\/notizie\/sustainable-practices\/\" \/>\n<meta property=\"og:site_name\" content=\"Anter System\" \/>\n<meta property=\"article:modified_time\" content=\"2026-01-30T13:30:26+00:00\" \/>\n<meta property=\"og:image\" content=\"https:\/\/antersystem.com\/wp-content\/uploads\/ECOVADIS-1-1024x535.webp\" \/>\n<meta name=\"twitter:card\" content=\"summary_large_image\" \/>\n<meta name=\"twitter:label1\" content=\"Tempo di lettura stimato\" \/>\n\t<meta name=\"twitter:data1\" content=\"1 minuto\" \/>\n<script type=\"application\/ld+json\" class=\"yoast-schema-graph\">{\"@context\":\"https:\/\/schema.org\",\"@graph\":[{\"@type\":\"WebPage\",\"@id\":\"https:\/\/antersystem.com\/it\/notizie\/sustainable-practices\/\",\"url\":\"https:\/\/antersystem.com\/it\/notizie\/sustainable-practices\/\",\"name\":\"Pratiche sostenibili - Anter System\",\"isPartOf\":{\"@id\":\"https:\/\/antersystem.com\/it\/#website\"},\"primaryImageOfPage\":{\"@id\":\"https:\/\/antersystem.com\/it\/notizie\/sustainable-practices\/#primaryimage\"},\"image\":{\"@id\":\"https:\/\/antersystem.com\/it\/notizie\/sustainable-practices\/#primaryimage\"},\"thumbnailUrl\":\"https:\/\/antersystem.com\/wp-content\/uploads\/ECOVADIS-1-1024x535.webp\",\"datePublished\":\"2024-06-28T07:56:14+00:00\",\"dateModified\":\"2026-01-30T13:30:26+00:00\",\"description\":\"Mantenere il passo con le iniziative e gli standard globali EcoVadis aiuta le aziende a valutare l'efficacia della loro gestione della responsabilit\u00e0\",\"breadcrumb\":{\"@id\":\"https:\/\/antersystem.com\/it\/notizie\/sustainable-practices\/#breadcrumb\"},\"inLanguage\":\"it-IT\",\"potentialAction\":[{\"@type\":\"ReadAction\",\"target\":[\"https:\/\/antersystem.com\/it\/notizie\/sustainable-practices\/\"]}]},{\"@type\":\"ImageObject\",\"inLanguage\":\"it-IT\",\"@id\":\"https:\/\/antersystem.com\/it\/notizie\/sustainable-practices\/#primaryimage\",\"url\":\"https:\/\/antersystem.com\/wp-content\/uploads\/ECOVADIS-1-1024x535.webp\",\"contentUrl\":\"https:\/\/antersystem.com\/wp-content\/uploads\/ECOVADIS-1-1024x535.webp\"},{\"@type\":\"BreadcrumbList\",\"@id\":\"https:\/\/antersystem.com\/it\/notizie\/sustainable-practices\/#breadcrumb\",\"itemListElement\":[{\"@type\":\"ListItem\",\"position\":1,\"name\":\"AnterSystem\",\"item\":\"https:\/\/antersystem.com\/it\/\"},{\"@type\":\"ListItem\",\"position\":2,\"name\":\"Notizie\",\"item\":\"https:\/\/antersystem.com\/it\/notizie\/\"},{\"@type\":\"ListItem\",\"position\":3,\"name\":\"Pratiche sostenibili\"}]},{\"@type\":\"WebSite\",\"@id\":\"https:\/\/antersystem.com\/it\/#website\",\"url\":\"https:\/\/antersystem.com\/it\/\",\"name\":\"Anter System\",\"description\":\"Jeste\u015bmy polskim producentem elastycznych barier ochronnych wykonywanych z polimerowych tworzyw sztucznych. Na rynku krajowym i zagranicznym dzia\u0142amy od ponad 15 lat dbaj\u0105c o zapewnienie bezpiecze\u0144stwa w zak\u0142adach produkcyjnych, magazynach oraz centrach logistycznych.\",\"potentialAction\":[{\"@type\":\"SearchAction\",\"target\":{\"@type\":\"EntryPoint\",\"urlTemplate\":\"https:\/\/antersystem.com\/it\/?s={search_term_string}\"},\"query-input\":{\"@type\":\"PropertyValueSpecification\",\"valueRequired\":true,\"valueName\":\"search_term_string\"}}],\"inLanguage\":\"it-IT\"}]}<\/script>\n<!-- \/ Yoast SEO plugin. -->","yoast_head_json":{"title":"Pratiche sostenibili - Anter System","description":"Mantenere il passo con le iniziative e gli standard globali EcoVadis aiuta le aziende a valutare l'efficacia della loro gestione della responsabilit\u00e0","robots":{"index":"index","follow":"follow","max-snippet":"max-snippet:-1","max-image-preview":"max-image-preview:large","max-video-preview":"max-video-preview:-1"},"canonical":"https:\/\/antersystem.com\/it\/notizie\/sustainable-practices\/","og_locale":"it_IT","og_type":"article","og_title":"Pratiche sostenibili - Anter System","og_description":"Mantenere il passo con le iniziative e gli standard globali EcoVadis aiuta le aziende a valutare l'efficacia della loro gestione della responsabilit\u00e0","og_url":"https:\/\/antersystem.com\/it\/notizie\/sustainable-practices\/","og_site_name":"Anter System","article_modified_time":"2026-01-30T13:30:26+00:00","og_image":[{"url":"https:\/\/antersystem.com\/wp-content\/uploads\/ECOVADIS-1-1024x535.webp","type":"","width":"","height":""}],"twitter_card":"summary_large_image","twitter_misc":{"Tempo di lettura stimato":"1 minuto"},"schema":{"@context":"https:\/\/schema.org","@graph":[{"@type":"WebPage","@id":"https:\/\/antersystem.com\/it\/notizie\/sustainable-practices\/","url":"https:\/\/antersystem.com\/it\/notizie\/sustainable-practices\/","name":"Pratiche sostenibili - Anter System","isPartOf":{"@id":"https:\/\/antersystem.com\/it\/#website"},"primaryImageOfPage":{"@id":"https:\/\/antersystem.com\/it\/notizie\/sustainable-practices\/#primaryimage"},"image":{"@id":"https:\/\/antersystem.com\/it\/notizie\/sustainable-practices\/#primaryimage"},"thumbnailUrl":"https:\/\/antersystem.com\/wp-content\/uploads\/ECOVADIS-1-1024x535.webp","datePublished":"2024-06-28T07:56:14+00:00","dateModified":"2026-01-30T13:30:26+00:00","description":"Mantenere il passo con le iniziative e gli standard globali EcoVadis aiuta le aziende a valutare l'efficacia della loro gestione della responsabilit\u00e0","breadcrumb":{"@id":"https:\/\/antersystem.com\/it\/notizie\/sustainable-practices\/#breadcrumb"},"inLanguage":"it-IT","potentialAction":[{"@type":"ReadAction","target":["https:\/\/antersystem.com\/it\/notizie\/sustainable-practices\/"]}]},{"@type":"ImageObject","inLanguage":"it-IT","@id":"https:\/\/antersystem.com\/it\/notizie\/sustainable-practices\/#primaryimage","url":"https:\/\/antersystem.com\/wp-content\/uploads\/ECOVADIS-1-1024x535.webp","contentUrl":"https:\/\/antersystem.com\/wp-content\/uploads\/ECOVADIS-1-1024x535.webp"},{"@type":"BreadcrumbList","@id":"https:\/\/antersystem.com\/it\/notizie\/sustainable-practices\/#breadcrumb","itemListElement":[{"@type":"ListItem","position":1,"name":"AnterSystem","item":"https:\/\/antersystem.com\/it\/"},{"@type":"ListItem","position":2,"name":"Notizie","item":"https:\/\/antersystem.com\/it\/notizie\/"},{"@type":"ListItem","position":3,"name":"Pratiche sostenibili"}]},{"@type":"WebSite","@id":"https:\/\/antersystem.com\/it\/#website","url":"https:\/\/antersystem.com\/it\/","name":"Anter System","description":"Jeste\u015bmy polskim producentem elastycznych barier ochronnych wykonywanych z polimerowych tworzyw sztucznych. Na rynku krajowym i zagranicznym dzia\u0142amy od ponad 15 lat dbaj\u0105c o zapewnienie bezpiecze\u0144stwa w zak\u0142adach produkcyjnych, magazynach oraz centrach logistycznych.","potentialAction":[{"@type":"SearchAction","target":{"@type":"EntryPoint","urlTemplate":"https:\/\/antersystem.com\/it\/?s={search_term_string}"},"query-input":{"@type":"PropertyValueSpecification","valueRequired":true,"valueName":"search_term_string"}}],"inLanguage":"it-IT"}]}},"_links":{"self":[{"href":"https:\/\/antersystem.com\/it\/wp-json\/wp\/v2\/pages\/12776","targetHints":{"allow":["GET"]}}],"collection":[{"href":"https:\/\/antersystem.com\/it\/wp-json\/wp\/v2\/pages"}],"about":[{"href":"https:\/\/antersystem.com\/it\/wp-json\/wp\/v2\/types\/page"}],"author":[{"embeddable":true,"href":"https:\/\/antersystem.com\/it\/wp-json\/wp\/v2\/users\/1"}],"replies":[{"embeddable":true,"href":"https:\/\/antersystem.com\/it\/wp-json\/wp\/v2\/comments?post=12776"}],"version-history":[{"count":1,"href":"https:\/\/antersystem.com\/it\/wp-json\/wp\/v2\/pages\/12776\/revisions"}],"predecessor-version":[{"id":12782,"href":"https:\/\/antersystem.com\/it\/wp-json\/wp\/v2\/pages\/12776\/revisions\/12782"}],"up":[{"embeddable":true,"href":"https:\/\/antersystem.com\/it\/wp-json\/wp\/v2\/pages\/30444"}],"wp:attachment":[{"href":"https:\/\/antersystem.com\/it\/wp-json\/wp\/v2\/media?parent=12776"}],"curies":[{"name":"wp","href":"https:\/\/api.w.org\/{rel}","templated":true}]}}