{"id":12888,"date":"2023-09-01T11:11:31","date_gmt":"2023-09-01T09:11:31","guid":{"rendered":"https:\/\/new.antersystem.com\/case-studies\/barriers-traffic-r3\/"},"modified":"2026-01-30T01:30:58","modified_gmt":"2026-01-30T00:30:58","slug":"barriers-traffic-r3","status":"publish","type":"page","link":"https:\/\/antersystem.com\/it\/case-studies\/barriers-traffic-r3\/","title":{"rendered":"Barriere Traffic R3"},"content":{"rendered":"\n<div class=\"wp-block-columns is-layout-flex wp-container-core-columns-is-layout-9d6595d7 wp-block-columns-is-layout-flex\">\n<div class=\"wp-block-column is-layout-flow wp-block-column-is-layout-flow\" style=\"flex-basis:10%\"><\/div>\n\n\n\n<div class=\"wp-block-column is-layout-flow wp-block-column-is-layout-flow\" style=\"flex-basis:80%\">\n<p class=\"justify-mru\">Un altro progetto adattato alle esigenze individuali del cliente \u00e8 stato realizzato per un fornitore di componenti automobilistici della Germania. Le barriere Traffic R3 e le barriere Wall PROTECTOR sono state progettate e installate per separare le aree di stoccaggio pi\u00f9 alte. Per eliminare il rischio di collisioni tra carrelli elevatori e pedoni, sono stati implementati cancelli di sicurezza e sistemi automatici di barriere stradali. La gamma di soluzioni applicate non solo ha aumentato il livello generale di sicurezza, ma ha anche ottimizzato i processi produttivi.<\/p>\n\n\n\nngg_shortcode_0_placeholder\n<\/div>\n\n\n\n<div class=\"wp-block-column is-layout-flow wp-block-column-is-layout-flow\" style=\"flex-basis:10%\"><\/div>\n<\/div>\n","protected":false},"excerpt":{"rendered":"<p>Un altro progetto adattato alle esigenze individuali del cliente \u00e8 stato realizzato per un fornitore di componenti automobilistici della Germania. Le barriere Traffic R3 e le barriere Wall PROTECTOR sono state progettate e installate per separare le aree di stoccaggio pi\u00f9 alte. Per eliminare il rischio di collisioni tra carrelli elevatori e pedoni, sono stati [&hellip;]<\/p>\n","protected":false},"author":1,"featured_media":0,"parent":12553,"menu_order":0,"comment_status":"closed","ping_status":"closed","template":"","meta":{"inline_featured_image":false,"ngg_post_thumbnail":0,"footnotes":""},"class_list":["post-12888","page","type-page","status-publish","hentry"],"acf":[],"yoast_head":"<!-- This site is optimized with the Yoast SEO plugin v27.0 - https:\/\/yoast.com\/product\/yoast-seo-wordpress\/ -->\n<title>Barriere Traffic R3 - Anter System<\/title>\n<meta name=\"description\" content=\"Un altro progetto adattato alle esigenze individuali del cliente \u00e8 stato realizzato per un fornitore di componenti automobilistici della Germania. Le\" \/>\n<meta name=\"robots\" content=\"index, follow, max-snippet:-1, max-image-preview:large, max-video-preview:-1\" \/>\n<link rel=\"canonical\" href=\"https:\/\/antersystem.com\/it\/case-studies\/barriers-traffic-r3\/\" \/>\n<meta property=\"og:locale\" content=\"it_IT\" \/>\n<meta property=\"og:type\" content=\"article\" \/>\n<meta property=\"og:title\" content=\"Barriere Traffic R3 - Anter System\" \/>\n<meta property=\"og:description\" content=\"Un altro progetto adattato alle esigenze individuali del cliente \u00e8 stato realizzato per un fornitore di componenti automobilistici della Germania. Le\" \/>\n<meta property=\"og:url\" content=\"https:\/\/antersystem.com\/it\/case-studies\/barriers-traffic-r3\/\" \/>\n<meta property=\"og:site_name\" content=\"Anter System\" \/>\n<meta property=\"article:modified_time\" content=\"2026-01-30T00:30:58+00:00\" \/>\n<meta name=\"twitter:card\" content=\"summary_large_image\" \/>\n<script type=\"application\/ld+json\" class=\"yoast-schema-graph\">{\"@context\":\"https:\/\/schema.org\",\"@graph\":[{\"@type\":\"WebPage\",\"@id\":\"https:\/\/antersystem.com\/it\/case-studies\/barriers-traffic-r3\/\",\"url\":\"https:\/\/antersystem.com\/it\/case-studies\/barriers-traffic-r3\/\",\"name\":\"Barriere Traffic R3 - Anter System\",\"isPartOf\":{\"@id\":\"https:\/\/antersystem.com\/it\/#website\"},\"datePublished\":\"2023-09-01T09:11:31+00:00\",\"dateModified\":\"2026-01-30T00:30:58+00:00\",\"description\":\"Un altro progetto adattato alle esigenze individuali del cliente \u00e8 stato realizzato per un fornitore di componenti automobilistici della Germania. Le\",\"breadcrumb\":{\"@id\":\"https:\/\/antersystem.com\/it\/case-studies\/barriers-traffic-r3\/#breadcrumb\"},\"inLanguage\":\"it-IT\",\"potentialAction\":[{\"@type\":\"ReadAction\",\"target\":[\"https:\/\/antersystem.com\/it\/case-studies\/barriers-traffic-r3\/\"]}]},{\"@type\":\"BreadcrumbList\",\"@id\":\"https:\/\/antersystem.com\/it\/case-studies\/barriers-traffic-r3\/#breadcrumb\",\"itemListElement\":[{\"@type\":\"ListItem\",\"position\":1,\"name\":\"AnterSystem\",\"item\":\"https:\/\/antersystem.com\/it\/\"},{\"@type\":\"ListItem\",\"position\":2,\"name\":\"Casi di studio\",\"item\":\"https:\/\/antersystem.com\/it\/case-studies\/\"},{\"@type\":\"ListItem\",\"position\":3,\"name\":\"Barriere Traffic R3\"}]},{\"@type\":\"WebSite\",\"@id\":\"https:\/\/antersystem.com\/it\/#website\",\"url\":\"https:\/\/antersystem.com\/it\/\",\"name\":\"Anter System\",\"description\":\"Jeste\u015bmy polskim producentem elastycznych barier ochronnych wykonywanych z polimerowych tworzyw sztucznych. Na rynku krajowym i zagranicznym dzia\u0142amy od ponad 15 lat dbaj\u0105c o zapewnienie bezpiecze\u0144stwa w zak\u0142adach produkcyjnych, magazynach oraz centrach logistycznych.\",\"potentialAction\":[{\"@type\":\"SearchAction\",\"target\":{\"@type\":\"EntryPoint\",\"urlTemplate\":\"https:\/\/antersystem.com\/it\/?s={search_term_string}\"},\"query-input\":{\"@type\":\"PropertyValueSpecification\",\"valueRequired\":true,\"valueName\":\"search_term_string\"}}],\"inLanguage\":\"it-IT\"}]}<\/script>\n<!-- \/ Yoast SEO plugin. -->","yoast_head_json":{"title":"Barriere Traffic R3 - Anter System","description":"Un altro progetto adattato alle esigenze individuali del cliente \u00e8 stato realizzato per un fornitore di componenti automobilistici della Germania. Le","robots":{"index":"index","follow":"follow","max-snippet":"max-snippet:-1","max-image-preview":"max-image-preview:large","max-video-preview":"max-video-preview:-1"},"canonical":"https:\/\/antersystem.com\/it\/case-studies\/barriers-traffic-r3\/","og_locale":"it_IT","og_type":"article","og_title":"Barriere Traffic R3 - Anter System","og_description":"Un altro progetto adattato alle esigenze individuali del cliente \u00e8 stato realizzato per un fornitore di componenti automobilistici della Germania. Le","og_url":"https:\/\/antersystem.com\/it\/case-studies\/barriers-traffic-r3\/","og_site_name":"Anter System","article_modified_time":"2026-01-30T00:30:58+00:00","twitter_card":"summary_large_image","schema":{"@context":"https:\/\/schema.org","@graph":[{"@type":"WebPage","@id":"https:\/\/antersystem.com\/it\/case-studies\/barriers-traffic-r3\/","url":"https:\/\/antersystem.com\/it\/case-studies\/barriers-traffic-r3\/","name":"Barriere Traffic R3 - Anter System","isPartOf":{"@id":"https:\/\/antersystem.com\/it\/#website"},"datePublished":"2023-09-01T09:11:31+00:00","dateModified":"2026-01-30T00:30:58+00:00","description":"Un altro progetto adattato alle esigenze individuali del cliente \u00e8 stato realizzato per un fornitore di componenti automobilistici della Germania. Le","breadcrumb":{"@id":"https:\/\/antersystem.com\/it\/case-studies\/barriers-traffic-r3\/#breadcrumb"},"inLanguage":"it-IT","potentialAction":[{"@type":"ReadAction","target":["https:\/\/antersystem.com\/it\/case-studies\/barriers-traffic-r3\/"]}]},{"@type":"BreadcrumbList","@id":"https:\/\/antersystem.com\/it\/case-studies\/barriers-traffic-r3\/#breadcrumb","itemListElement":[{"@type":"ListItem","position":1,"name":"AnterSystem","item":"https:\/\/antersystem.com\/it\/"},{"@type":"ListItem","position":2,"name":"Casi di studio","item":"https:\/\/antersystem.com\/it\/case-studies\/"},{"@type":"ListItem","position":3,"name":"Barriere Traffic R3"}]},{"@type":"WebSite","@id":"https:\/\/antersystem.com\/it\/#website","url":"https:\/\/antersystem.com\/it\/","name":"Anter System","description":"Jeste\u015bmy polskim producentem elastycznych barier ochronnych wykonywanych z polimerowych tworzyw sztucznych. Na rynku krajowym i zagranicznym dzia\u0142amy od ponad 15 lat dbaj\u0105c o zapewnienie bezpiecze\u0144stwa w zak\u0142adach produkcyjnych, magazynach oraz centrach logistycznych.","potentialAction":[{"@type":"SearchAction","target":{"@type":"EntryPoint","urlTemplate":"https:\/\/antersystem.com\/it\/?s={search_term_string}"},"query-input":{"@type":"PropertyValueSpecification","valueRequired":true,"valueName":"search_term_string"}}],"inLanguage":"it-IT"}]}},"_links":{"self":[{"href":"https:\/\/antersystem.com\/it\/wp-json\/wp\/v2\/pages\/12888","targetHints":{"allow":["GET"]}}],"collection":[{"href":"https:\/\/antersystem.com\/it\/wp-json\/wp\/v2\/pages"}],"about":[{"href":"https:\/\/antersystem.com\/it\/wp-json\/wp\/v2\/types\/page"}],"author":[{"embeddable":true,"href":"https:\/\/antersystem.com\/it\/wp-json\/wp\/v2\/users\/1"}],"replies":[{"embeddable":true,"href":"https:\/\/antersystem.com\/it\/wp-json\/wp\/v2\/comments?post=12888"}],"version-history":[{"count":1,"href":"https:\/\/antersystem.com\/it\/wp-json\/wp\/v2\/pages\/12888\/revisions"}],"predecessor-version":[{"id":12890,"href":"https:\/\/antersystem.com\/it\/wp-json\/wp\/v2\/pages\/12888\/revisions\/12890"}],"up":[{"embeddable":true,"href":"https:\/\/antersystem.com\/it\/wp-json\/wp\/v2\/pages\/12553"}],"wp:attachment":[{"href":"https:\/\/antersystem.com\/it\/wp-json\/wp\/v2\/media?parent=12888"}],"curies":[{"name":"wp","href":"https:\/\/api.w.org\/{rel}","templated":true}]}}