{"id":12931,"date":"2023-10-06T11:50:25","date_gmt":"2023-10-06T09:50:25","guid":{"rendered":"https:\/\/new.antersystem.com\/case-studies\/kb-kerb-barriers\/"},"modified":"2026-01-30T01:30:14","modified_gmt":"2026-01-30T00:30:14","slug":"kb-kerb-barriers","status":"publish","type":"page","link":"https:\/\/antersystem.com\/it\/case-studies\/kb-kerb-barriers\/","title":{"rendered":"Barriere per marciapiedi KB"},"content":{"rendered":"\n<p><\/p>\n\n<div class=\"wp-block-columns is-layout-flex wp-container-core-columns-is-layout-9d6595d7 wp-block-columns-is-layout-flex\">\n<div class=\"wp-block-column is-layout-flow wp-block-column-is-layout-flow\" style=\"flex-basis:10%\"><\/div>\n\n\n\n<div class=\"wp-block-column is-layout-flow wp-block-column-is-layout-flow\">\n<p>L&#8217;installazione delle barriere KB per un cliente dell&#8217;industria automobilistica ha fornito una soluzione efficace per mettere in sicurezza l&#8217;area di stoccaggio dei pallet. Le barriere KB di Anter System, realizzate in materiale altamente resistente ERTAX, si sono rivelate indispensabili per impedire il movimento e mantenere il corretto allineamento dei box.<\/p>\n\n\n\n<p>Grazie alla sua estrema resistenza agli urti, il materiale Ertax non solo garantisce una durata eccezionale, ma riduce anche al minimo il rischio di danni o deformazioni delle barriere. L&#8217;installazione delle barriere KB ha contribuito a migliorare l&#8217;efficienza dello stoccaggio e la sicurezza del magazzino. Questa soluzione non solo fa risparmiare tempo e costi, ma aumenta anche la funzionalit\u00e0 complessiva dell&#8217;area di stoccaggio dei pallet.<\/p>\n\n\n\nngg_shortcode_0_placeholder\n<\/div>\n\n\n\n<div class=\"wp-block-column is-layout-flow wp-block-column-is-layout-flow\" style=\"flex-basis:10%\"><\/div>\n<\/div>\n","protected":false},"excerpt":{"rendered":"<p>L&#8217;installazione delle barriere KB per un cliente dell&#8217;industria automobilistica ha fornito una soluzione efficace per mettere in sicurezza l&#8217;area di stoccaggio dei pallet. Le barriere KB di Anter System, realizzate in materiale altamente resistente ERTAX, si sono rivelate indispensabili per impedire il movimento e mantenere il corretto allineamento dei box. Grazie alla sua estrema resistenza [&hellip;]<\/p>\n","protected":false},"author":1,"featured_media":0,"parent":12553,"menu_order":0,"comment_status":"closed","ping_status":"closed","template":"","meta":{"inline_featured_image":false,"ngg_post_thumbnail":0,"footnotes":""},"class_list":["post-12931","page","type-page","status-publish","hentry"],"acf":[],"yoast_head":"<!-- This site is optimized with the Yoast SEO plugin v27.0 - https:\/\/yoast.com\/product\/yoast-seo-wordpress\/ -->\n<title>Barriere per marciapiedi KB - Anter System<\/title>\n<meta name=\"description\" content=\"L&#039;installazione delle barriere KB per un cliente dell&#039;industria automobilistica ha fornito una soluzione efficace per mettere in sicurezza l&#039;area di\" \/>\n<meta name=\"robots\" content=\"index, follow, max-snippet:-1, max-image-preview:large, max-video-preview:-1\" \/>\n<link rel=\"canonical\" href=\"https:\/\/antersystem.com\/it\/case-studies\/kb-kerb-barriers\/\" \/>\n<meta property=\"og:locale\" content=\"it_IT\" \/>\n<meta property=\"og:type\" content=\"article\" \/>\n<meta property=\"og:title\" content=\"Barriere per marciapiedi KB - Anter System\" \/>\n<meta property=\"og:description\" content=\"L&#039;installazione delle barriere KB per un cliente dell&#039;industria automobilistica ha fornito una soluzione efficace per mettere in sicurezza l&#039;area di\" \/>\n<meta property=\"og:url\" content=\"https:\/\/antersystem.com\/it\/case-studies\/kb-kerb-barriers\/\" \/>\n<meta property=\"og:site_name\" content=\"Anter System\" \/>\n<meta property=\"article:modified_time\" content=\"2026-01-30T00:30:14+00:00\" \/>\n<meta name=\"twitter:card\" content=\"summary_large_image\" \/>\n<meta name=\"twitter:label1\" content=\"Tempo di lettura stimato\" \/>\n\t<meta name=\"twitter:data1\" content=\"1 minuto\" \/>\n<script type=\"application\/ld+json\" class=\"yoast-schema-graph\">{\"@context\":\"https:\/\/schema.org\",\"@graph\":[{\"@type\":\"WebPage\",\"@id\":\"https:\/\/antersystem.com\/it\/case-studies\/kb-kerb-barriers\/\",\"url\":\"https:\/\/antersystem.com\/it\/case-studies\/kb-kerb-barriers\/\",\"name\":\"Barriere per marciapiedi KB - Anter System\",\"isPartOf\":{\"@id\":\"https:\/\/antersystem.com\/it\/#website\"},\"datePublished\":\"2023-10-06T09:50:25+00:00\",\"dateModified\":\"2026-01-30T00:30:14+00:00\",\"description\":\"L'installazione delle barriere KB per un cliente dell'industria automobilistica ha fornito una soluzione efficace per mettere in sicurezza l'area di\",\"breadcrumb\":{\"@id\":\"https:\/\/antersystem.com\/it\/case-studies\/kb-kerb-barriers\/#breadcrumb\"},\"inLanguage\":\"it-IT\",\"potentialAction\":[{\"@type\":\"ReadAction\",\"target\":[\"https:\/\/antersystem.com\/it\/case-studies\/kb-kerb-barriers\/\"]}]},{\"@type\":\"BreadcrumbList\",\"@id\":\"https:\/\/antersystem.com\/it\/case-studies\/kb-kerb-barriers\/#breadcrumb\",\"itemListElement\":[{\"@type\":\"ListItem\",\"position\":1,\"name\":\"AnterSystem\",\"item\":\"https:\/\/antersystem.com\/it\/\"},{\"@type\":\"ListItem\",\"position\":2,\"name\":\"Casi di studio\",\"item\":\"https:\/\/antersystem.com\/it\/case-studies\/\"},{\"@type\":\"ListItem\",\"position\":3,\"name\":\"Barriere per marciapiedi KB\"}]},{\"@type\":\"WebSite\",\"@id\":\"https:\/\/antersystem.com\/it\/#website\",\"url\":\"https:\/\/antersystem.com\/it\/\",\"name\":\"Anter System\",\"description\":\"Jeste\u015bmy polskim producentem elastycznych barier ochronnych wykonywanych z polimerowych tworzyw sztucznych. Na rynku krajowym i zagranicznym dzia\u0142amy od ponad 15 lat dbaj\u0105c o zapewnienie bezpiecze\u0144stwa w zak\u0142adach produkcyjnych, magazynach oraz centrach logistycznych.\",\"potentialAction\":[{\"@type\":\"SearchAction\",\"target\":{\"@type\":\"EntryPoint\",\"urlTemplate\":\"https:\/\/antersystem.com\/it\/?s={search_term_string}\"},\"query-input\":{\"@type\":\"PropertyValueSpecification\",\"valueRequired\":true,\"valueName\":\"search_term_string\"}}],\"inLanguage\":\"it-IT\"}]}<\/script>\n<!-- \/ Yoast SEO plugin. -->","yoast_head_json":{"title":"Barriere per marciapiedi KB - Anter System","description":"L'installazione delle barriere KB per un cliente dell'industria automobilistica ha fornito una soluzione efficace per mettere in sicurezza l'area di","robots":{"index":"index","follow":"follow","max-snippet":"max-snippet:-1","max-image-preview":"max-image-preview:large","max-video-preview":"max-video-preview:-1"},"canonical":"https:\/\/antersystem.com\/it\/case-studies\/kb-kerb-barriers\/","og_locale":"it_IT","og_type":"article","og_title":"Barriere per marciapiedi KB - Anter System","og_description":"L'installazione delle barriere KB per un cliente dell'industria automobilistica ha fornito una soluzione efficace per mettere in sicurezza l'area di","og_url":"https:\/\/antersystem.com\/it\/case-studies\/kb-kerb-barriers\/","og_site_name":"Anter System","article_modified_time":"2026-01-30T00:30:14+00:00","twitter_card":"summary_large_image","twitter_misc":{"Tempo di lettura stimato":"1 minuto"},"schema":{"@context":"https:\/\/schema.org","@graph":[{"@type":"WebPage","@id":"https:\/\/antersystem.com\/it\/case-studies\/kb-kerb-barriers\/","url":"https:\/\/antersystem.com\/it\/case-studies\/kb-kerb-barriers\/","name":"Barriere per marciapiedi KB - Anter System","isPartOf":{"@id":"https:\/\/antersystem.com\/it\/#website"},"datePublished":"2023-10-06T09:50:25+00:00","dateModified":"2026-01-30T00:30:14+00:00","description":"L'installazione delle barriere KB per un cliente dell'industria automobilistica ha fornito una soluzione efficace per mettere in sicurezza l'area di","breadcrumb":{"@id":"https:\/\/antersystem.com\/it\/case-studies\/kb-kerb-barriers\/#breadcrumb"},"inLanguage":"it-IT","potentialAction":[{"@type":"ReadAction","target":["https:\/\/antersystem.com\/it\/case-studies\/kb-kerb-barriers\/"]}]},{"@type":"BreadcrumbList","@id":"https:\/\/antersystem.com\/it\/case-studies\/kb-kerb-barriers\/#breadcrumb","itemListElement":[{"@type":"ListItem","position":1,"name":"AnterSystem","item":"https:\/\/antersystem.com\/it\/"},{"@type":"ListItem","position":2,"name":"Casi di studio","item":"https:\/\/antersystem.com\/it\/case-studies\/"},{"@type":"ListItem","position":3,"name":"Barriere per marciapiedi KB"}]},{"@type":"WebSite","@id":"https:\/\/antersystem.com\/it\/#website","url":"https:\/\/antersystem.com\/it\/","name":"Anter System","description":"Jeste\u015bmy polskim producentem elastycznych barier ochronnych wykonywanych z polimerowych tworzyw sztucznych. Na rynku krajowym i zagranicznym dzia\u0142amy od ponad 15 lat dbaj\u0105c o zapewnienie bezpiecze\u0144stwa w zak\u0142adach produkcyjnych, magazynach oraz centrach logistycznych.","potentialAction":[{"@type":"SearchAction","target":{"@type":"EntryPoint","urlTemplate":"https:\/\/antersystem.com\/it\/?s={search_term_string}"},"query-input":{"@type":"PropertyValueSpecification","valueRequired":true,"valueName":"search_term_string"}}],"inLanguage":"it-IT"}]}},"_links":{"self":[{"href":"https:\/\/antersystem.com\/it\/wp-json\/wp\/v2\/pages\/12931","targetHints":{"allow":["GET"]}}],"collection":[{"href":"https:\/\/antersystem.com\/it\/wp-json\/wp\/v2\/pages"}],"about":[{"href":"https:\/\/antersystem.com\/it\/wp-json\/wp\/v2\/types\/page"}],"author":[{"embeddable":true,"href":"https:\/\/antersystem.com\/it\/wp-json\/wp\/v2\/users\/1"}],"replies":[{"embeddable":true,"href":"https:\/\/antersystem.com\/it\/wp-json\/wp\/v2\/comments?post=12931"}],"version-history":[{"count":1,"href":"https:\/\/antersystem.com\/it\/wp-json\/wp\/v2\/pages\/12931\/revisions"}],"predecessor-version":[{"id":12936,"href":"https:\/\/antersystem.com\/it\/wp-json\/wp\/v2\/pages\/12931\/revisions\/12936"}],"up":[{"embeddable":true,"href":"https:\/\/antersystem.com\/it\/wp-json\/wp\/v2\/pages\/12553"}],"wp:attachment":[{"href":"https:\/\/antersystem.com\/it\/wp-json\/wp\/v2\/media?parent=12931"}],"curies":[{"name":"wp","href":"https:\/\/api.w.org\/{rel}","templated":true}]}}