{"id":12977,"date":"2023-08-28T15:34:49","date_gmt":"2023-08-28T13:34:49","guid":{"rendered":"https:\/\/new.antersystem.com\/case-studies\/high-storage-barriers-wroclaw\/"},"modified":"2026-01-30T01:30:58","modified_gmt":"2026-01-30T00:30:58","slug":"high-storage-barriers-wroclaw","status":"publish","type":"page","link":"https:\/\/antersystem.com\/it\/case-studies\/high-storage-barriers-wroclaw\/","title":{"rendered":"Barriere di stoccaggio alte a Wroclaw"},"content":{"rendered":"\n<div class=\"wp-block-columns is-layout-flex wp-container-core-columns-is-layout-9d6595d7 wp-block-columns-is-layout-flex\">\n<div class=\"wp-block-column is-layout-flow wp-block-column-is-layout-flow\" style=\"flex-basis:10%\"><\/div>\n\n\n\n<div class=\"wp-block-column is-layout-flow wp-block-column-is-layout-flow\" style=\"flex-basis:80%\">\n<p class=\"justify-mru\">Un&#8217;azienda leader in Europa nella produzione di cavi per l&#8217;industria automobilistica aveva da tempo difficolt\u00e0 a garantire campi di stoccaggio per le pile di prodotti pesanti.<\/p>\n\n\n\n<p class=\"justify-mru\">L&#8217;azienda ha esplorato e consultato diverse soluzioni di protezione. Alla fine hanno scelto la soluzione Anter System, convinti dal suo design robusto, dalla facilit\u00e0 di installazione in spazi ristretti e, cosa fondamentale per il cliente, dalla sua finitura di alta qualit\u00e0.<\/p>\n\n\n\n<p class=\"justify-mru\">Grazie all&#8217;implementazione della nostra soluzione &#8211; le barriere di stoccaggio alte Wall Protector &#8211; l&#8217;azienda non solo ha aumentato la sicurezza delle postazioni di lavoro e delle vie di circolazione, ma ha anche sfruttato meglio le aree in cui vengono stoccati i cavi. Hanno raggiunto l&#8217;obiettivo di ridurre il rischio associato al rovesciamento dei materiali stoccati in prossimit\u00e0 delle postazioni di lavoro e dei percorsi pedonali e veicolari.  <\/p>\n\n\n\nngg_shortcode_0_placeholder\n<\/div>\n\n\n\n<div class=\"wp-block-column is-layout-flow wp-block-column-is-layout-flow\" style=\"flex-basis:10%\"><\/div>\n<\/div>\n","protected":false},"excerpt":{"rendered":"<p>Un&#8217;azienda leader in Europa nella produzione di cavi per l&#8217;industria automobilistica aveva da tempo difficolt\u00e0 a garantire campi di stoccaggio per le pile di prodotti pesanti. L&#8217;azienda ha esplorato e consultato diverse soluzioni di protezione. Alla fine hanno scelto la soluzione Anter System, convinti dal suo design robusto, dalla facilit\u00e0 di installazione in spazi ristretti [&hellip;]<\/p>\n","protected":false},"author":1,"featured_media":0,"parent":12553,"menu_order":0,"comment_status":"closed","ping_status":"closed","template":"","meta":{"inline_featured_image":false,"ngg_post_thumbnail":0,"footnotes":""},"class_list":["post-12977","page","type-page","status-publish","hentry"],"acf":[],"yoast_head":"<!-- This site is optimized with the Yoast SEO plugin v27.0 - https:\/\/yoast.com\/product\/yoast-seo-wordpress\/ -->\n<title>Barriere di stoccaggio alte a Wroclaw - Anter System<\/title>\n<meta name=\"description\" content=\"Un&#039;azienda leader in Europa nella produzione di cavi per l&#039;industria automobilistica aveva da tempo difficolt\u00e0 a garantire campi di stoccaggio per le pile\" \/>\n<meta name=\"robots\" content=\"index, follow, max-snippet:-1, max-image-preview:large, max-video-preview:-1\" \/>\n<link rel=\"canonical\" href=\"https:\/\/antersystem.com\/it\/case-studies\/high-storage-barriers-wroclaw\/\" \/>\n<meta property=\"og:locale\" content=\"it_IT\" \/>\n<meta property=\"og:type\" content=\"article\" \/>\n<meta property=\"og:title\" content=\"Barriere di stoccaggio alte a Wroclaw - Anter System\" \/>\n<meta property=\"og:description\" content=\"Un&#039;azienda leader in Europa nella produzione di cavi per l&#039;industria automobilistica aveva da tempo difficolt\u00e0 a garantire campi di stoccaggio per le pile\" \/>\n<meta property=\"og:url\" content=\"https:\/\/antersystem.com\/it\/case-studies\/high-storage-barriers-wroclaw\/\" \/>\n<meta property=\"og:site_name\" content=\"Anter System\" \/>\n<meta property=\"article:modified_time\" content=\"2026-01-30T00:30:58+00:00\" \/>\n<meta name=\"twitter:card\" content=\"summary_large_image\" \/>\n<meta name=\"twitter:label1\" content=\"Tempo di lettura stimato\" \/>\n\t<meta name=\"twitter:data1\" content=\"1 minuto\" \/>\n<script type=\"application\/ld+json\" class=\"yoast-schema-graph\">{\"@context\":\"https:\/\/schema.org\",\"@graph\":[{\"@type\":\"WebPage\",\"@id\":\"https:\/\/antersystem.com\/it\/case-studies\/high-storage-barriers-wroclaw\/\",\"url\":\"https:\/\/antersystem.com\/it\/case-studies\/high-storage-barriers-wroclaw\/\",\"name\":\"Barriere di stoccaggio alte a Wroclaw - Anter System\",\"isPartOf\":{\"@id\":\"https:\/\/antersystem.com\/it\/#website\"},\"datePublished\":\"2023-08-28T13:34:49+00:00\",\"dateModified\":\"2026-01-30T00:30:58+00:00\",\"description\":\"Un'azienda leader in Europa nella produzione di cavi per l'industria automobilistica aveva da tempo difficolt\u00e0 a garantire campi di stoccaggio per le pile\",\"breadcrumb\":{\"@id\":\"https:\/\/antersystem.com\/it\/case-studies\/high-storage-barriers-wroclaw\/#breadcrumb\"},\"inLanguage\":\"it-IT\",\"potentialAction\":[{\"@type\":\"ReadAction\",\"target\":[\"https:\/\/antersystem.com\/it\/case-studies\/high-storage-barriers-wroclaw\/\"]}]},{\"@type\":\"BreadcrumbList\",\"@id\":\"https:\/\/antersystem.com\/it\/case-studies\/high-storage-barriers-wroclaw\/#breadcrumb\",\"itemListElement\":[{\"@type\":\"ListItem\",\"position\":1,\"name\":\"AnterSystem\",\"item\":\"https:\/\/antersystem.com\/it\/\"},{\"@type\":\"ListItem\",\"position\":2,\"name\":\"Casi di studio\",\"item\":\"https:\/\/antersystem.com\/it\/case-studies\/\"},{\"@type\":\"ListItem\",\"position\":3,\"name\":\"Barriere di stoccaggio alte a Wroclaw\"}]},{\"@type\":\"WebSite\",\"@id\":\"https:\/\/antersystem.com\/it\/#website\",\"url\":\"https:\/\/antersystem.com\/it\/\",\"name\":\"Anter System\",\"description\":\"Jeste\u015bmy polskim producentem elastycznych barier ochronnych wykonywanych z polimerowych tworzyw sztucznych. Na rynku krajowym i zagranicznym dzia\u0142amy od ponad 15 lat dbaj\u0105c o zapewnienie bezpiecze\u0144stwa w zak\u0142adach produkcyjnych, magazynach oraz centrach logistycznych.\",\"potentialAction\":[{\"@type\":\"SearchAction\",\"target\":{\"@type\":\"EntryPoint\",\"urlTemplate\":\"https:\/\/antersystem.com\/it\/?s={search_term_string}\"},\"query-input\":{\"@type\":\"PropertyValueSpecification\",\"valueRequired\":true,\"valueName\":\"search_term_string\"}}],\"inLanguage\":\"it-IT\"}]}<\/script>\n<!-- \/ Yoast SEO plugin. -->","yoast_head_json":{"title":"Barriere di stoccaggio alte a Wroclaw - Anter System","description":"Un'azienda leader in Europa nella produzione di cavi per l'industria automobilistica aveva da tempo difficolt\u00e0 a garantire campi di stoccaggio per le pile","robots":{"index":"index","follow":"follow","max-snippet":"max-snippet:-1","max-image-preview":"max-image-preview:large","max-video-preview":"max-video-preview:-1"},"canonical":"https:\/\/antersystem.com\/it\/case-studies\/high-storage-barriers-wroclaw\/","og_locale":"it_IT","og_type":"article","og_title":"Barriere di stoccaggio alte a Wroclaw - Anter System","og_description":"Un'azienda leader in Europa nella produzione di cavi per l'industria automobilistica aveva da tempo difficolt\u00e0 a garantire campi di stoccaggio per le pile","og_url":"https:\/\/antersystem.com\/it\/case-studies\/high-storage-barriers-wroclaw\/","og_site_name":"Anter System","article_modified_time":"2026-01-30T00:30:58+00:00","twitter_card":"summary_large_image","twitter_misc":{"Tempo di lettura stimato":"1 minuto"},"schema":{"@context":"https:\/\/schema.org","@graph":[{"@type":"WebPage","@id":"https:\/\/antersystem.com\/it\/case-studies\/high-storage-barriers-wroclaw\/","url":"https:\/\/antersystem.com\/it\/case-studies\/high-storage-barriers-wroclaw\/","name":"Barriere di stoccaggio alte a Wroclaw - Anter System","isPartOf":{"@id":"https:\/\/antersystem.com\/it\/#website"},"datePublished":"2023-08-28T13:34:49+00:00","dateModified":"2026-01-30T00:30:58+00:00","description":"Un'azienda leader in Europa nella produzione di cavi per l'industria automobilistica aveva da tempo difficolt\u00e0 a garantire campi di stoccaggio per le pile","breadcrumb":{"@id":"https:\/\/antersystem.com\/it\/case-studies\/high-storage-barriers-wroclaw\/#breadcrumb"},"inLanguage":"it-IT","potentialAction":[{"@type":"ReadAction","target":["https:\/\/antersystem.com\/it\/case-studies\/high-storage-barriers-wroclaw\/"]}]},{"@type":"BreadcrumbList","@id":"https:\/\/antersystem.com\/it\/case-studies\/high-storage-barriers-wroclaw\/#breadcrumb","itemListElement":[{"@type":"ListItem","position":1,"name":"AnterSystem","item":"https:\/\/antersystem.com\/it\/"},{"@type":"ListItem","position":2,"name":"Casi di studio","item":"https:\/\/antersystem.com\/it\/case-studies\/"},{"@type":"ListItem","position":3,"name":"Barriere di stoccaggio alte a Wroclaw"}]},{"@type":"WebSite","@id":"https:\/\/antersystem.com\/it\/#website","url":"https:\/\/antersystem.com\/it\/","name":"Anter System","description":"Jeste\u015bmy polskim producentem elastycznych barier ochronnych wykonywanych z polimerowych tworzyw sztucznych. Na rynku krajowym i zagranicznym dzia\u0142amy od ponad 15 lat dbaj\u0105c o zapewnienie bezpiecze\u0144stwa w zak\u0142adach produkcyjnych, magazynach oraz centrach logistycznych.","potentialAction":[{"@type":"SearchAction","target":{"@type":"EntryPoint","urlTemplate":"https:\/\/antersystem.com\/it\/?s={search_term_string}"},"query-input":{"@type":"PropertyValueSpecification","valueRequired":true,"valueName":"search_term_string"}}],"inLanguage":"it-IT"}]}},"_links":{"self":[{"href":"https:\/\/antersystem.com\/it\/wp-json\/wp\/v2\/pages\/12977","targetHints":{"allow":["GET"]}}],"collection":[{"href":"https:\/\/antersystem.com\/it\/wp-json\/wp\/v2\/pages"}],"about":[{"href":"https:\/\/antersystem.com\/it\/wp-json\/wp\/v2\/types\/page"}],"author":[{"embeddable":true,"href":"https:\/\/antersystem.com\/it\/wp-json\/wp\/v2\/users\/1"}],"replies":[{"embeddable":true,"href":"https:\/\/antersystem.com\/it\/wp-json\/wp\/v2\/comments?post=12977"}],"version-history":[{"count":1,"href":"https:\/\/antersystem.com\/it\/wp-json\/wp\/v2\/pages\/12977\/revisions"}],"predecessor-version":[{"id":12978,"href":"https:\/\/antersystem.com\/it\/wp-json\/wp\/v2\/pages\/12977\/revisions\/12978"}],"up":[{"embeddable":true,"href":"https:\/\/antersystem.com\/it\/wp-json\/wp\/v2\/pages\/12553"}],"wp:attachment":[{"href":"https:\/\/antersystem.com\/it\/wp-json\/wp\/v2\/media?parent=12977"}],"curies":[{"name":"wp","href":"https:\/\/api.w.org\/{rel}","templated":true}]}}