{"id":12991,"date":"2024-12-06T14:52:25","date_gmt":"2024-12-06T13:52:25","guid":{"rendered":"https:\/\/new.antersystem.com\/case-studies\/pa-bollards-gb-barriers-cold-storage-facility\/"},"modified":"2026-01-31T22:28:52","modified_gmt":"2026-01-31T21:28:52","slug":"pa-bollards-gb-barriers-cold-storage-facility","status":"publish","type":"page","link":"https:\/\/antersystem.com\/it\/case-studies\/pa-bollards-gb-barriers-cold-storage-facility\/","title":{"rendered":"Dissuasori PA e barriere GB in un deposito frigorifero"},"content":{"rendered":"\n<div class=\"wp-block-columns is-layout-flex wp-container-core-columns-is-layout-9d6595d7 wp-block-columns-is-layout-flex\">\n<div class=\"wp-block-column is-layout-flow wp-block-column-is-layout-flow\" style=\"flex-basis:10%\"><\/div>\n\n\n\n<div class=\"wp-block-column is-layout-flow wp-block-column-is-layout-flow\">\n<h2 class=\"wp-block-heading\">Dissuasori di protezione PA e barriere HD+ GB. Protezione efficace delle infrastrutture a basse temperature<\/h2>\n\n\n\n<p>In uno dei nostri progetti di sicurezza industriale, realizzato per un impianto di stoccaggio del freddo di recente costruzione, abbiamo affrontato la sfida di proteggere gli elementi chiave dell&#8217;infrastruttura esposti a potenziali danni. L&#8217;intenso traffico di carrelli elevatori e carrelli da trasporto manuali richiedeva soluzioni che non solo proteggessero le aree critiche della struttura, ma che fossero anche <strong>resistenti a condizioni estreme<\/strong>, con temperature fino a -40\u00b0C.<\/p>\n\n\n\n<p>L&#8217;ambito del progetto comprendeva la protezione di elementi come cancelli d&#8217;ingresso, banchine di carico, attrezzature sanitarie e pareti nelle aree di produzione e magazzino. Inoltre, le soluzioni dovevano soddisfare gli elevati requisiti sanitari dell&#8217;industria alimentare.<\/p>\n\n\n\n<h3 class=\"wp-block-heading\">Implementazione<\/h3>\n\n\n\n<p>Il processo \u00e8 iniziato con una <strong>verifica dettagliata del sito<\/strong>, che ci ha permesso di identificare le aree pi\u00f9 esposte ai danni. La collaborazione con il cliente \u00e8 stata fondamentale in ogni fase, dall&#8217;analisi delle esigenze all&#8217;implementazione di prodotti adeguati. Il nostro compito non era solo quello di fornire una protezione efficace, ma anche di progettare una soluzione che fosse durevole, estetica e funzionale nell&#8217;uso quotidiano.<\/p>\n\n\n\n<p>Per proteggere l&#8217;infrastruttura abbiamo utilizzato <a href=\"https:\/\/antersystem.com\/produkty\/elastyczny-slup-ochronny-pa\/\">dissuasori di protezione PA<\/a> flessibili, barriere PEDESTRIAN R2 e <a href=\"https:\/\/antersystem.com\/produkty\/elastyczna-bariera-gb-hd\/\">barriere GB a pavimento<\/a>. I dissuasori di protezione PA sono stati installati ai cancelli d&#8217;ingresso, alle banchine di carico e alle porte utilizzate da veicoli e carrelli per il trasporto manuale. Sono stati inoltre posizionati vicino ad attrezzature sanitarie come i lavandini, proteggendoli da urti accidentali.<\/p>\n\n\n\n<p>Lungo le pareti esposte al contatto con le forche dei carrelli elevatori, abbiamo installato barriere protettive flessibili <a href=\"https:\/\/antersystem.com\/produkty\/elastyczna-bariera-pedestrian-r2-gb\/\">PEDESTRIAN R2 GB<\/a> e barriere a pavimento GB. Queste soluzioni proteggono efficacemente le sezioni inferiori delle pareti dai danni meccanici.<\/p>\n\n\n\n<p>Un aspetto importante dell&#8217;implementazione \u00e8 stato l&#8217;utilizzo di una linea di prodotti dedicata, progettata <strong>per funzionare a temperature estremamente basse<\/strong>. Anche in ambienti freddi, queste soluzioni mantengono la loro flessibilit\u00e0 e durata, il che significa che possono resistere agli urti senza incrinarsi o rompersi. I prodotti applicati sono realizzati con materiali polimerici di alta qualit\u00e0, resistenti alla corrosione e ad altri danni meccanici.<\/p>\n\n\n\n<h3 class=\"wp-block-heading\">Risultati<\/h3>\n\n\n\n<p>Le soluzioni implementate hanno portato una serie di vantaggi. Abbiamo garantito un&#8217;efficace protezione delle infrastrutture, permettendo al cliente di evitare i costi legati a potenziali riparazioni di cancelli, moli o attrezzature sanitarie. Grazie al corretto posizionamento degli elementi di protezione, l&#8217;intera installazione funziona come un sistema di sicurezza coerente che riduce al minimo il rischio di danni durante le operazioni quotidiane.<\/p>\n\n\n\n<p>I materiali utilizzati da Anter System per le barriere protettive e i dissuasori sono facili da mantenere puliti, il che \u00e8 essenziale nell&#8217;industria alimentare. <a href=\"https:\/\/antersystem.com\/wiedza-i-nowosci\/standardy-higieniczne\/\">Soddisfano i severi requisiti HACCP e FDA<\/a>, confermando la loro sicurezza a contatto con gli alimenti. Inoltre, durante l&#8217;installazione abbiamo utilizzato soluzioni di montaggio interne, dedicate alle aree che richiedono i pi\u00f9 alti standard igienici.<\/p>\n\n\n\n<p>Il vantaggio principale della soluzione implementata \u00e8 la sua resistenza alle basse temperature. Le barriere flessibili Anter System della linea dedicata agli ambienti a bassissima temperatura mantengono la piena funzionalit\u00e0 a temperature <strong>fino a -40\u00b0C<\/strong>, rendendole la scelta ideale per le celle frigorifere e i congelatori.<\/p>\n\n\n\n<h3 class=\"wp-block-heading\">Sommario<\/h3>\n\n\n\n<p>Il progetto della cella frigorifera \u00e8 un altro esempio dell&#8217;efficace applicazione dei sistemi di barriera protettiva Anter System in condizioni particolari. La combinazione di <strong>flessibilit\u00e0, durata ed estetica<\/strong> ha garantito che le barriere e i dissuasori di protezione implementati soddisfacessero pienamente le aspettative del cliente. Grazie a un&#8217;attenta pianificazione, a un&#8217;adeguata selezione dei prodotti e a un&#8217;esecuzione professionale, la struttura \u00e8 stata protetta in modo completo, con conseguente aumento della sicurezza e riduzione dei potenziali costi di riparazione.<\/p>\n<\/div>\n\n\n\n<div class=\"wp-block-column is-layout-flow wp-block-column-is-layout-flow\" style=\"flex-basis:10%\"><\/div>\n<\/div>\n\nngg_shortcode_0_placeholder\n","protected":false},"excerpt":{"rendered":"<p>Dissuasori di protezione PA e barriere HD+ GB. Protezione efficace delle infrastrutture a basse temperature In uno dei nostri progetti di sicurezza industriale, realizzato per un impianto di stoccaggio del freddo di recente costruzione, abbiamo affrontato la sfida di proteggere gli elementi chiave dell&#8217;infrastruttura esposti a potenziali danni. L&#8217;intenso traffico di carrelli elevatori e carrelli [&hellip;]<\/p>\n","protected":false},"author":1,"featured_media":0,"parent":12553,"menu_order":0,"comment_status":"closed","ping_status":"closed","template":"","meta":{"inline_featured_image":false,"ngg_post_thumbnail":0,"footnotes":""},"class_list":["post-12991","page","type-page","status-publish","hentry"],"acf":[],"yoast_head":"<!-- This site is optimized with the Yoast SEO plugin v27.0 - https:\/\/yoast.com\/product\/yoast-seo-wordpress\/ -->\n<title>Dissuasori PA e barriere GB in un deposito frigorifero - Anter System<\/title>\n<meta name=\"description\" content=\"Dissuasori di protezione PA e barriere HD+ GB. Protezione efficace delle infrastrutture a basse temperature In uno dei nostri progetti di sicurezza\" \/>\n<meta name=\"robots\" content=\"index, follow, max-snippet:-1, max-image-preview:large, max-video-preview:-1\" \/>\n<link rel=\"canonical\" href=\"https:\/\/antersystem.com\/it\/case-studies\/pa-bollards-gb-barriers-cold-storage-facility\/\" \/>\n<meta property=\"og:locale\" content=\"it_IT\" \/>\n<meta property=\"og:type\" content=\"article\" \/>\n<meta property=\"og:title\" content=\"Dissuasori PA e barriere GB in un deposito frigorifero - Anter System\" \/>\n<meta property=\"og:description\" content=\"Dissuasori di protezione PA e barriere HD+ GB. Protezione efficace delle infrastrutture a basse temperature In uno dei nostri progetti di sicurezza\" \/>\n<meta property=\"og:url\" content=\"https:\/\/antersystem.com\/it\/case-studies\/pa-bollards-gb-barriers-cold-storage-facility\/\" \/>\n<meta property=\"og:site_name\" content=\"Anter System\" \/>\n<meta property=\"article:modified_time\" content=\"2026-01-31T21:28:52+00:00\" \/>\n<meta name=\"twitter:card\" content=\"summary_large_image\" \/>\n<meta name=\"twitter:label1\" content=\"Tempo di lettura stimato\" \/>\n\t<meta name=\"twitter:data1\" content=\"3 minuti\" \/>\n<script type=\"application\/ld+json\" class=\"yoast-schema-graph\">{\"@context\":\"https:\/\/schema.org\",\"@graph\":[{\"@type\":\"WebPage\",\"@id\":\"https:\/\/antersystem.com\/it\/case-studies\/pa-bollards-gb-barriers-cold-storage-facility\/\",\"url\":\"https:\/\/antersystem.com\/it\/case-studies\/pa-bollards-gb-barriers-cold-storage-facility\/\",\"name\":\"Dissuasori PA e barriere GB in un deposito frigorifero - Anter System\",\"isPartOf\":{\"@id\":\"https:\/\/antersystem.com\/it\/#website\"},\"datePublished\":\"2024-12-06T13:52:25+00:00\",\"dateModified\":\"2026-01-31T21:28:52+00:00\",\"description\":\"Dissuasori di protezione PA e barriere HD+ GB. Protezione efficace delle infrastrutture a basse temperature In uno dei nostri progetti di sicurezza\",\"breadcrumb\":{\"@id\":\"https:\/\/antersystem.com\/it\/case-studies\/pa-bollards-gb-barriers-cold-storage-facility\/#breadcrumb\"},\"inLanguage\":\"it-IT\",\"potentialAction\":[{\"@type\":\"ReadAction\",\"target\":[\"https:\/\/antersystem.com\/it\/case-studies\/pa-bollards-gb-barriers-cold-storage-facility\/\"]}]},{\"@type\":\"BreadcrumbList\",\"@id\":\"https:\/\/antersystem.com\/it\/case-studies\/pa-bollards-gb-barriers-cold-storage-facility\/#breadcrumb\",\"itemListElement\":[{\"@type\":\"ListItem\",\"position\":1,\"name\":\"AnterSystem\",\"item\":\"https:\/\/antersystem.com\/it\/\"},{\"@type\":\"ListItem\",\"position\":2,\"name\":\"Casi di studio\",\"item\":\"https:\/\/antersystem.com\/it\/case-studies\/\"},{\"@type\":\"ListItem\",\"position\":3,\"name\":\"Dissuasori PA e barriere GB in un deposito frigorifero\"}]},{\"@type\":\"WebSite\",\"@id\":\"https:\/\/antersystem.com\/it\/#website\",\"url\":\"https:\/\/antersystem.com\/it\/\",\"name\":\"Anter System\",\"description\":\"Jeste\u015bmy polskim producentem elastycznych barier ochronnych wykonywanych z polimerowych tworzyw sztucznych. Na rynku krajowym i zagranicznym dzia\u0142amy od ponad 15 lat dbaj\u0105c o zapewnienie bezpiecze\u0144stwa w zak\u0142adach produkcyjnych, magazynach oraz centrach logistycznych.\",\"potentialAction\":[{\"@type\":\"SearchAction\",\"target\":{\"@type\":\"EntryPoint\",\"urlTemplate\":\"https:\/\/antersystem.com\/it\/?s={search_term_string}\"},\"query-input\":{\"@type\":\"PropertyValueSpecification\",\"valueRequired\":true,\"valueName\":\"search_term_string\"}}],\"inLanguage\":\"it-IT\"}]}<\/script>\n<!-- \/ Yoast SEO plugin. -->","yoast_head_json":{"title":"Dissuasori PA e barriere GB in un deposito frigorifero - Anter System","description":"Dissuasori di protezione PA e barriere HD+ GB. Protezione efficace delle infrastrutture a basse temperature In uno dei nostri progetti di sicurezza","robots":{"index":"index","follow":"follow","max-snippet":"max-snippet:-1","max-image-preview":"max-image-preview:large","max-video-preview":"max-video-preview:-1"},"canonical":"https:\/\/antersystem.com\/it\/case-studies\/pa-bollards-gb-barriers-cold-storage-facility\/","og_locale":"it_IT","og_type":"article","og_title":"Dissuasori PA e barriere GB in un deposito frigorifero - Anter System","og_description":"Dissuasori di protezione PA e barriere HD+ GB. Protezione efficace delle infrastrutture a basse temperature In uno dei nostri progetti di sicurezza","og_url":"https:\/\/antersystem.com\/it\/case-studies\/pa-bollards-gb-barriers-cold-storage-facility\/","og_site_name":"Anter System","article_modified_time":"2026-01-31T21:28:52+00:00","twitter_card":"summary_large_image","twitter_misc":{"Tempo di lettura stimato":"3 minuti"},"schema":{"@context":"https:\/\/schema.org","@graph":[{"@type":"WebPage","@id":"https:\/\/antersystem.com\/it\/case-studies\/pa-bollards-gb-barriers-cold-storage-facility\/","url":"https:\/\/antersystem.com\/it\/case-studies\/pa-bollards-gb-barriers-cold-storage-facility\/","name":"Dissuasori PA e barriere GB in un deposito frigorifero - Anter System","isPartOf":{"@id":"https:\/\/antersystem.com\/it\/#website"},"datePublished":"2024-12-06T13:52:25+00:00","dateModified":"2026-01-31T21:28:52+00:00","description":"Dissuasori di protezione PA e barriere HD+ GB. Protezione efficace delle infrastrutture a basse temperature In uno dei nostri progetti di sicurezza","breadcrumb":{"@id":"https:\/\/antersystem.com\/it\/case-studies\/pa-bollards-gb-barriers-cold-storage-facility\/#breadcrumb"},"inLanguage":"it-IT","potentialAction":[{"@type":"ReadAction","target":["https:\/\/antersystem.com\/it\/case-studies\/pa-bollards-gb-barriers-cold-storage-facility\/"]}]},{"@type":"BreadcrumbList","@id":"https:\/\/antersystem.com\/it\/case-studies\/pa-bollards-gb-barriers-cold-storage-facility\/#breadcrumb","itemListElement":[{"@type":"ListItem","position":1,"name":"AnterSystem","item":"https:\/\/antersystem.com\/it\/"},{"@type":"ListItem","position":2,"name":"Casi di studio","item":"https:\/\/antersystem.com\/it\/case-studies\/"},{"@type":"ListItem","position":3,"name":"Dissuasori PA e barriere GB in un deposito frigorifero"}]},{"@type":"WebSite","@id":"https:\/\/antersystem.com\/it\/#website","url":"https:\/\/antersystem.com\/it\/","name":"Anter System","description":"Jeste\u015bmy polskim producentem elastycznych barier ochronnych wykonywanych z polimerowych tworzyw sztucznych. Na rynku krajowym i zagranicznym dzia\u0142amy od ponad 15 lat dbaj\u0105c o zapewnienie bezpiecze\u0144stwa w zak\u0142adach produkcyjnych, magazynach oraz centrach logistycznych.","potentialAction":[{"@type":"SearchAction","target":{"@type":"EntryPoint","urlTemplate":"https:\/\/antersystem.com\/it\/?s={search_term_string}"},"query-input":{"@type":"PropertyValueSpecification","valueRequired":true,"valueName":"search_term_string"}}],"inLanguage":"it-IT"}]}},"_links":{"self":[{"href":"https:\/\/antersystem.com\/it\/wp-json\/wp\/v2\/pages\/12991","targetHints":{"allow":["GET"]}}],"collection":[{"href":"https:\/\/antersystem.com\/it\/wp-json\/wp\/v2\/pages"}],"about":[{"href":"https:\/\/antersystem.com\/it\/wp-json\/wp\/v2\/types\/page"}],"author":[{"embeddable":true,"href":"https:\/\/antersystem.com\/it\/wp-json\/wp\/v2\/users\/1"}],"replies":[{"embeddable":true,"href":"https:\/\/antersystem.com\/it\/wp-json\/wp\/v2\/comments?post=12991"}],"version-history":[{"count":1,"href":"https:\/\/antersystem.com\/it\/wp-json\/wp\/v2\/pages\/12991\/revisions"}],"predecessor-version":[{"id":12994,"href":"https:\/\/antersystem.com\/it\/wp-json\/wp\/v2\/pages\/12991\/revisions\/12994"}],"up":[{"embeddable":true,"href":"https:\/\/antersystem.com\/it\/wp-json\/wp\/v2\/pages\/12553"}],"wp:attachment":[{"href":"https:\/\/antersystem.com\/it\/wp-json\/wp\/v2\/media?parent=12991"}],"curies":[{"name":"wp","href":"https:\/\/api.w.org\/{rel}","templated":true}]}}