{"id":13043,"date":"2023-12-11T12:55:28","date_gmt":"2023-12-11T11:55:28","guid":{"rendered":"https:\/\/new.antersystem.com\/case-studies\/sga-safety-gates\/"},"modified":"2026-01-30T01:31:15","modified_gmt":"2026-01-30T00:31:15","slug":"sga-safety-gates","status":"publish","type":"page","link":"https:\/\/antersystem.com\/it\/case-studies\/sga-safety-gates\/","title":{"rendered":"Cancelli di sicurezza SGA"},"content":{"rendered":"\n<p><\/p>\n\n<div class=\"wp-block-columns is-layout-flex wp-container-core-columns-is-layout-9d6595d7 wp-block-columns-is-layout-flex\">\n  \n  <div class=\"wp-block-column is-layout-flow wp-block-column-is-layout-flow\" style=\"flex-basis:10%\"><\/div>\n  \n\n  \n  <div class=\"wp-block-column is-layout-flow wp-block-column-is-layout-flow\">\n    \n    <p>Installiamo i nostri sistemi in base alle esigenze specifiche di ogni magazzino. Forniamo protezione ovunque ci sia il rischio di collisioni con i veicoli del magazzino, garantendo allo stesso tempo un flusso pedonale regolare. Un esempio di questa installazione \u00e8 visibile qui sotto: una combinazione di <strong>barriere flessibili per pedoni<\/strong> e un <a href=\"https:\/\/antersystem.com\/produkty\/bramka-bezpieczenstwa-ze-znakiem-stop\/\">cancello SGA con un segnale di STOP<\/a>.<\/p>\n    \n\n    \n    <p>Il nostro cliente della nostra citt\u00e0 aveva utilizzato in precedenza barriere e cancelli tradizionali in acciaio, che tendono a scheggiarsi e a deformarsi quando vengono colpiti dai carrelli elevatori. Anche il pavimento intorno alle barriere in acciaio subisce danni nel tempo. Ecco perch\u00e9 hanno scelto noi e siamo felici che l&#8217;abbiano fatto. <strong>Le barriere flessibili proteggono in modo efficace<\/strong> e allo stesso tempo rappresentano un investimento a lungo termine per il bilancio dell&#8217;azienda. Richiedono una manutenzione molto minore rispetto a quelle in acciaio: nessuna riverniciatura, nessuna riparazione della ruggine. Inoltre, il pavimento rimane in condizioni migliori perch\u00e9 il <strong>materiale polimerico assorbe gli impatti<\/strong> in modo uniforme su tutta la superficie. Un altro fattore importante \u00e8 il sistema di ancoraggio sicuro utilizzato per i pali. Apprezziamo la fiducia e rimaniamo disponibili a offrire <a href=\"https:\/\/antersystem.com\/co-zabezpieczamy\/\">consigli di esperti sulla sicurezza e sulla gestione dei flussi di traffico<\/a> ogni qualvolta sia necessario.<\/p>\n    \n\n    \n    ngg_shortcode_0_placeholder\n    \n  <\/div>\n  \n\n  \n  <div class=\"wp-block-column is-layout-flow wp-block-column-is-layout-flow\" style=\"flex-basis:10%\"><\/div>\n  \n<\/div>\n","protected":false},"excerpt":{"rendered":"<p>Installiamo i nostri sistemi in base alle esigenze specifiche di ogni magazzino. Forniamo protezione ovunque ci sia il rischio di collisioni con i veicoli del magazzino, garantendo allo stesso tempo un flusso pedonale regolare. Un esempio di questa installazione \u00e8 visibile qui sotto: una combinazione di barriere flessibili per pedoni e un cancello SGA con [&hellip;]<\/p>\n","protected":false},"author":1,"featured_media":0,"parent":12553,"menu_order":0,"comment_status":"closed","ping_status":"closed","template":"","meta":{"inline_featured_image":false,"ngg_post_thumbnail":0,"footnotes":""},"class_list":["post-13043","page","type-page","status-publish","hentry"],"acf":[],"yoast_head":"<!-- This site is optimized with the Yoast SEO plugin v27.0 - https:\/\/yoast.com\/product\/yoast-seo-wordpress\/ -->\n<title>Cancelli di sicurezza SGA - Anter System<\/title>\n<meta name=\"description\" content=\"Installiamo i nostri sistemi in base alle esigenze specifiche di ogni magazzino. Forniamo protezione ovunque ci sia il rischio di collisioni con i veicoli\" \/>\n<meta name=\"robots\" content=\"index, follow, max-snippet:-1, max-image-preview:large, max-video-preview:-1\" \/>\n<link rel=\"canonical\" href=\"https:\/\/antersystem.com\/it\/case-studies\/sga-safety-gates\/\" \/>\n<meta property=\"og:locale\" content=\"it_IT\" \/>\n<meta property=\"og:type\" content=\"article\" \/>\n<meta property=\"og:title\" content=\"Cancelli di sicurezza SGA - Anter System\" \/>\n<meta property=\"og:description\" content=\"Installiamo i nostri sistemi in base alle esigenze specifiche di ogni magazzino. Forniamo protezione ovunque ci sia il rischio di collisioni con i veicoli\" \/>\n<meta property=\"og:url\" content=\"https:\/\/antersystem.com\/it\/case-studies\/sga-safety-gates\/\" \/>\n<meta property=\"og:site_name\" content=\"Anter System\" \/>\n<meta property=\"article:modified_time\" content=\"2026-01-30T00:31:15+00:00\" \/>\n<meta name=\"twitter:card\" content=\"summary_large_image\" \/>\n<meta name=\"twitter:label1\" content=\"Tempo di lettura stimato\" \/>\n\t<meta name=\"twitter:data1\" content=\"1 minuto\" \/>\n<script type=\"application\/ld+json\" class=\"yoast-schema-graph\">{\"@context\":\"https:\/\/schema.org\",\"@graph\":[{\"@type\":\"WebPage\",\"@id\":\"https:\/\/antersystem.com\/it\/case-studies\/sga-safety-gates\/\",\"url\":\"https:\/\/antersystem.com\/it\/case-studies\/sga-safety-gates\/\",\"name\":\"Cancelli di sicurezza SGA - Anter System\",\"isPartOf\":{\"@id\":\"https:\/\/antersystem.com\/it\/#website\"},\"datePublished\":\"2023-12-11T11:55:28+00:00\",\"dateModified\":\"2026-01-30T00:31:15+00:00\",\"description\":\"Installiamo i nostri sistemi in base alle esigenze specifiche di ogni magazzino. Forniamo protezione ovunque ci sia il rischio di collisioni con i veicoli\",\"breadcrumb\":{\"@id\":\"https:\/\/antersystem.com\/it\/case-studies\/sga-safety-gates\/#breadcrumb\"},\"inLanguage\":\"it-IT\",\"potentialAction\":[{\"@type\":\"ReadAction\",\"target\":[\"https:\/\/antersystem.com\/it\/case-studies\/sga-safety-gates\/\"]}]},{\"@type\":\"BreadcrumbList\",\"@id\":\"https:\/\/antersystem.com\/it\/case-studies\/sga-safety-gates\/#breadcrumb\",\"itemListElement\":[{\"@type\":\"ListItem\",\"position\":1,\"name\":\"AnterSystem\",\"item\":\"https:\/\/antersystem.com\/it\/\"},{\"@type\":\"ListItem\",\"position\":2,\"name\":\"Casi di studio\",\"item\":\"https:\/\/antersystem.com\/it\/case-studies\/\"},{\"@type\":\"ListItem\",\"position\":3,\"name\":\"Cancelli di sicurezza SGA\"}]},{\"@type\":\"WebSite\",\"@id\":\"https:\/\/antersystem.com\/it\/#website\",\"url\":\"https:\/\/antersystem.com\/it\/\",\"name\":\"Anter System\",\"description\":\"Jeste\u015bmy polskim producentem elastycznych barier ochronnych wykonywanych z polimerowych tworzyw sztucznych. Na rynku krajowym i zagranicznym dzia\u0142amy od ponad 15 lat dbaj\u0105c o zapewnienie bezpiecze\u0144stwa w zak\u0142adach produkcyjnych, magazynach oraz centrach logistycznych.\",\"potentialAction\":[{\"@type\":\"SearchAction\",\"target\":{\"@type\":\"EntryPoint\",\"urlTemplate\":\"https:\/\/antersystem.com\/it\/?s={search_term_string}\"},\"query-input\":{\"@type\":\"PropertyValueSpecification\",\"valueRequired\":true,\"valueName\":\"search_term_string\"}}],\"inLanguage\":\"it-IT\"}]}<\/script>\n<!-- \/ Yoast SEO plugin. -->","yoast_head_json":{"title":"Cancelli di sicurezza SGA - Anter System","description":"Installiamo i nostri sistemi in base alle esigenze specifiche di ogni magazzino. Forniamo protezione ovunque ci sia il rischio di collisioni con i veicoli","robots":{"index":"index","follow":"follow","max-snippet":"max-snippet:-1","max-image-preview":"max-image-preview:large","max-video-preview":"max-video-preview:-1"},"canonical":"https:\/\/antersystem.com\/it\/case-studies\/sga-safety-gates\/","og_locale":"it_IT","og_type":"article","og_title":"Cancelli di sicurezza SGA - Anter System","og_description":"Installiamo i nostri sistemi in base alle esigenze specifiche di ogni magazzino. Forniamo protezione ovunque ci sia il rischio di collisioni con i veicoli","og_url":"https:\/\/antersystem.com\/it\/case-studies\/sga-safety-gates\/","og_site_name":"Anter System","article_modified_time":"2026-01-30T00:31:15+00:00","twitter_card":"summary_large_image","twitter_misc":{"Tempo di lettura stimato":"1 minuto"},"schema":{"@context":"https:\/\/schema.org","@graph":[{"@type":"WebPage","@id":"https:\/\/antersystem.com\/it\/case-studies\/sga-safety-gates\/","url":"https:\/\/antersystem.com\/it\/case-studies\/sga-safety-gates\/","name":"Cancelli di sicurezza SGA - Anter System","isPartOf":{"@id":"https:\/\/antersystem.com\/it\/#website"},"datePublished":"2023-12-11T11:55:28+00:00","dateModified":"2026-01-30T00:31:15+00:00","description":"Installiamo i nostri sistemi in base alle esigenze specifiche di ogni magazzino. Forniamo protezione ovunque ci sia il rischio di collisioni con i veicoli","breadcrumb":{"@id":"https:\/\/antersystem.com\/it\/case-studies\/sga-safety-gates\/#breadcrumb"},"inLanguage":"it-IT","potentialAction":[{"@type":"ReadAction","target":["https:\/\/antersystem.com\/it\/case-studies\/sga-safety-gates\/"]}]},{"@type":"BreadcrumbList","@id":"https:\/\/antersystem.com\/it\/case-studies\/sga-safety-gates\/#breadcrumb","itemListElement":[{"@type":"ListItem","position":1,"name":"AnterSystem","item":"https:\/\/antersystem.com\/it\/"},{"@type":"ListItem","position":2,"name":"Casi di studio","item":"https:\/\/antersystem.com\/it\/case-studies\/"},{"@type":"ListItem","position":3,"name":"Cancelli di sicurezza SGA"}]},{"@type":"WebSite","@id":"https:\/\/antersystem.com\/it\/#website","url":"https:\/\/antersystem.com\/it\/","name":"Anter System","description":"Jeste\u015bmy polskim producentem elastycznych barier ochronnych wykonywanych z polimerowych tworzyw sztucznych. Na rynku krajowym i zagranicznym dzia\u0142amy od ponad 15 lat dbaj\u0105c o zapewnienie bezpiecze\u0144stwa w zak\u0142adach produkcyjnych, magazynach oraz centrach logistycznych.","potentialAction":[{"@type":"SearchAction","target":{"@type":"EntryPoint","urlTemplate":"https:\/\/antersystem.com\/it\/?s={search_term_string}"},"query-input":{"@type":"PropertyValueSpecification","valueRequired":true,"valueName":"search_term_string"}}],"inLanguage":"it-IT"}]}},"_links":{"self":[{"href":"https:\/\/antersystem.com\/it\/wp-json\/wp\/v2\/pages\/13043","targetHints":{"allow":["GET"]}}],"collection":[{"href":"https:\/\/antersystem.com\/it\/wp-json\/wp\/v2\/pages"}],"about":[{"href":"https:\/\/antersystem.com\/it\/wp-json\/wp\/v2\/types\/page"}],"author":[{"embeddable":true,"href":"https:\/\/antersystem.com\/it\/wp-json\/wp\/v2\/users\/1"}],"replies":[{"embeddable":true,"href":"https:\/\/antersystem.com\/it\/wp-json\/wp\/v2\/comments?post=13043"}],"version-history":[{"count":1,"href":"https:\/\/antersystem.com\/it\/wp-json\/wp\/v2\/pages\/13043\/revisions"}],"predecessor-version":[{"id":13045,"href":"https:\/\/antersystem.com\/it\/wp-json\/wp\/v2\/pages\/13043\/revisions\/13045"}],"up":[{"embeddable":true,"href":"https:\/\/antersystem.com\/it\/wp-json\/wp\/v2\/pages\/12553"}],"wp:attachment":[{"href":"https:\/\/antersystem.com\/it\/wp-json\/wp\/v2\/media?parent=13043"}],"curies":[{"name":"wp","href":"https:\/\/api.w.org\/{rel}","templated":true}]}}