{"id":13056,"date":"2023-09-01T11:16:10","date_gmt":"2023-09-01T09:16:10","guid":{"rendered":"https:\/\/new.antersystem.com\/case-studies\/lift-gates\/"},"modified":"2026-01-30T01:29:52","modified_gmt":"2026-01-30T00:29:52","slug":"lift-gates","status":"publish","type":"page","link":"https:\/\/antersystem.com\/it\/case-studies\/lift-gates\/","title":{"rendered":"LIFT GATE di sicurezza"},"content":{"rendered":"\n<div class=\"wp-block-columns is-layout-flex wp-container-core-columns-is-layout-9d6595d7 wp-block-columns-is-layout-flex\">\n<div class=\"wp-block-column is-layout-flow wp-block-column-is-layout-flow\" style=\"flex-basis:10%\"><\/div>\n\n\n\n<div class=\"wp-block-column is-layout-flow wp-block-column-is-layout-flow\" style=\"flex-basis:80%\">\n<p class=\"justify-mru\">Un cliente dell&#8217;industria automobilistica si \u00e8 rivolto a noi con la sfida di mettere in sicurezza le vie di comunicazione mantenendo l&#8217;accesso alle aree di stoccaggio. Per aumentare la sicurezza e ottimizzare i tempi di lavoro, sono stati installati dei cancelli di sicurezza LIFT GATE lungo i percorsi pedonali. Questa soluzione ha garantito un passaggio sicuro lungo i passaggi pedonali, consentendo al contempo la chiusura temporanea dell&#8217;area in caso di necessit\u00e0. Il progetto ha soddisfatto pienamente le aspettative del cliente e ha contribuito a migliorare la sicurezza e l&#8217;efficienza operativa.<\/p>\n\n\n\nngg_shortcode_0_placeholder\n<\/div>\n\n\n\n<div class=\"wp-block-column is-layout-flow wp-block-column-is-layout-flow\" style=\"flex-basis:10%\"><\/div>\n<\/div>\n","protected":false},"excerpt":{"rendered":"<p>Un cliente dell&#8217;industria automobilistica si \u00e8 rivolto a noi con la sfida di mettere in sicurezza le vie di comunicazione mantenendo l&#8217;accesso alle aree di stoccaggio. Per aumentare la sicurezza e ottimizzare i tempi di lavoro, sono stati installati dei cancelli di sicurezza LIFT GATE lungo i percorsi pedonali. Questa soluzione ha garantito un passaggio [&hellip;]<\/p>\n","protected":false},"author":1,"featured_media":0,"parent":12553,"menu_order":0,"comment_status":"closed","ping_status":"closed","template":"","meta":{"inline_featured_image":false,"ngg_post_thumbnail":0,"footnotes":""},"class_list":["post-13056","page","type-page","status-publish","hentry"],"acf":[],"yoast_head":"<!-- This site is optimized with the Yoast SEO plugin v27.0 - https:\/\/yoast.com\/product\/yoast-seo-wordpress\/ -->\n<title>LIFT GATE di sicurezza - Anter System<\/title>\n<meta name=\"description\" content=\"Un cliente dell&#039;industria automobilistica si \u00e8 rivolto a noi con la sfida di mettere in sicurezza le vie di comunicazione mantenendo l&#039;accesso alle aree\" \/>\n<meta name=\"robots\" content=\"index, follow, max-snippet:-1, max-image-preview:large, max-video-preview:-1\" \/>\n<link rel=\"canonical\" href=\"https:\/\/antersystem.com\/it\/case-studies\/lift-gates\/\" \/>\n<meta property=\"og:locale\" content=\"it_IT\" \/>\n<meta property=\"og:type\" content=\"article\" \/>\n<meta property=\"og:title\" content=\"LIFT GATE di sicurezza - Anter System\" \/>\n<meta property=\"og:description\" content=\"Un cliente dell&#039;industria automobilistica si \u00e8 rivolto a noi con la sfida di mettere in sicurezza le vie di comunicazione mantenendo l&#039;accesso alle aree\" \/>\n<meta property=\"og:url\" content=\"https:\/\/antersystem.com\/it\/case-studies\/lift-gates\/\" \/>\n<meta property=\"og:site_name\" content=\"Anter System\" \/>\n<meta property=\"article:modified_time\" content=\"2026-01-30T00:29:52+00:00\" \/>\n<meta name=\"twitter:card\" content=\"summary_large_image\" \/>\n<meta name=\"twitter:label1\" content=\"Tempo di lettura stimato\" \/>\n\t<meta name=\"twitter:data1\" content=\"1 minuto\" \/>\n<script type=\"application\/ld+json\" class=\"yoast-schema-graph\">{\"@context\":\"https:\/\/schema.org\",\"@graph\":[{\"@type\":\"WebPage\",\"@id\":\"https:\/\/antersystem.com\/it\/case-studies\/lift-gates\/\",\"url\":\"https:\/\/antersystem.com\/it\/case-studies\/lift-gates\/\",\"name\":\"LIFT GATE di sicurezza - Anter System\",\"isPartOf\":{\"@id\":\"https:\/\/antersystem.com\/it\/#website\"},\"datePublished\":\"2023-09-01T09:16:10+00:00\",\"dateModified\":\"2026-01-30T00:29:52+00:00\",\"description\":\"Un cliente dell'industria automobilistica si \u00e8 rivolto a noi con la sfida di mettere in sicurezza le vie di comunicazione mantenendo l'accesso alle aree\",\"breadcrumb\":{\"@id\":\"https:\/\/antersystem.com\/it\/case-studies\/lift-gates\/#breadcrumb\"},\"inLanguage\":\"it-IT\",\"potentialAction\":[{\"@type\":\"ReadAction\",\"target\":[\"https:\/\/antersystem.com\/it\/case-studies\/lift-gates\/\"]}]},{\"@type\":\"BreadcrumbList\",\"@id\":\"https:\/\/antersystem.com\/it\/case-studies\/lift-gates\/#breadcrumb\",\"itemListElement\":[{\"@type\":\"ListItem\",\"position\":1,\"name\":\"AnterSystem\",\"item\":\"https:\/\/antersystem.com\/it\/\"},{\"@type\":\"ListItem\",\"position\":2,\"name\":\"Casi di studio\",\"item\":\"https:\/\/antersystem.com\/it\/case-studies\/\"},{\"@type\":\"ListItem\",\"position\":3,\"name\":\"LIFT GATE di sicurezza\"}]},{\"@type\":\"WebSite\",\"@id\":\"https:\/\/antersystem.com\/it\/#website\",\"url\":\"https:\/\/antersystem.com\/it\/\",\"name\":\"Anter System\",\"description\":\"Jeste\u015bmy polskim producentem elastycznych barier ochronnych wykonywanych z polimerowych tworzyw sztucznych. Na rynku krajowym i zagranicznym dzia\u0142amy od ponad 15 lat dbaj\u0105c o zapewnienie bezpiecze\u0144stwa w zak\u0142adach produkcyjnych, magazynach oraz centrach logistycznych.\",\"potentialAction\":[{\"@type\":\"SearchAction\",\"target\":{\"@type\":\"EntryPoint\",\"urlTemplate\":\"https:\/\/antersystem.com\/it\/?s={search_term_string}\"},\"query-input\":{\"@type\":\"PropertyValueSpecification\",\"valueRequired\":true,\"valueName\":\"search_term_string\"}}],\"inLanguage\":\"it-IT\"}]}<\/script>\n<!-- \/ Yoast SEO plugin. -->","yoast_head_json":{"title":"LIFT GATE di sicurezza - Anter System","description":"Un cliente dell'industria automobilistica si \u00e8 rivolto a noi con la sfida di mettere in sicurezza le vie di comunicazione mantenendo l'accesso alle aree","robots":{"index":"index","follow":"follow","max-snippet":"max-snippet:-1","max-image-preview":"max-image-preview:large","max-video-preview":"max-video-preview:-1"},"canonical":"https:\/\/antersystem.com\/it\/case-studies\/lift-gates\/","og_locale":"it_IT","og_type":"article","og_title":"LIFT GATE di sicurezza - Anter System","og_description":"Un cliente dell'industria automobilistica si \u00e8 rivolto a noi con la sfida di mettere in sicurezza le vie di comunicazione mantenendo l'accesso alle aree","og_url":"https:\/\/antersystem.com\/it\/case-studies\/lift-gates\/","og_site_name":"Anter System","article_modified_time":"2026-01-30T00:29:52+00:00","twitter_card":"summary_large_image","twitter_misc":{"Tempo di lettura stimato":"1 minuto"},"schema":{"@context":"https:\/\/schema.org","@graph":[{"@type":"WebPage","@id":"https:\/\/antersystem.com\/it\/case-studies\/lift-gates\/","url":"https:\/\/antersystem.com\/it\/case-studies\/lift-gates\/","name":"LIFT GATE di sicurezza - Anter System","isPartOf":{"@id":"https:\/\/antersystem.com\/it\/#website"},"datePublished":"2023-09-01T09:16:10+00:00","dateModified":"2026-01-30T00:29:52+00:00","description":"Un cliente dell'industria automobilistica si \u00e8 rivolto a noi con la sfida di mettere in sicurezza le vie di comunicazione mantenendo l'accesso alle aree","breadcrumb":{"@id":"https:\/\/antersystem.com\/it\/case-studies\/lift-gates\/#breadcrumb"},"inLanguage":"it-IT","potentialAction":[{"@type":"ReadAction","target":["https:\/\/antersystem.com\/it\/case-studies\/lift-gates\/"]}]},{"@type":"BreadcrumbList","@id":"https:\/\/antersystem.com\/it\/case-studies\/lift-gates\/#breadcrumb","itemListElement":[{"@type":"ListItem","position":1,"name":"AnterSystem","item":"https:\/\/antersystem.com\/it\/"},{"@type":"ListItem","position":2,"name":"Casi di studio","item":"https:\/\/antersystem.com\/it\/case-studies\/"},{"@type":"ListItem","position":3,"name":"LIFT GATE di sicurezza"}]},{"@type":"WebSite","@id":"https:\/\/antersystem.com\/it\/#website","url":"https:\/\/antersystem.com\/it\/","name":"Anter System","description":"Jeste\u015bmy polskim producentem elastycznych barier ochronnych wykonywanych z polimerowych tworzyw sztucznych. Na rynku krajowym i zagranicznym dzia\u0142amy od ponad 15 lat dbaj\u0105c o zapewnienie bezpiecze\u0144stwa w zak\u0142adach produkcyjnych, magazynach oraz centrach logistycznych.","potentialAction":[{"@type":"SearchAction","target":{"@type":"EntryPoint","urlTemplate":"https:\/\/antersystem.com\/it\/?s={search_term_string}"},"query-input":{"@type":"PropertyValueSpecification","valueRequired":true,"valueName":"search_term_string"}}],"inLanguage":"it-IT"}]}},"_links":{"self":[{"href":"https:\/\/antersystem.com\/it\/wp-json\/wp\/v2\/pages\/13056","targetHints":{"allow":["GET"]}}],"collection":[{"href":"https:\/\/antersystem.com\/it\/wp-json\/wp\/v2\/pages"}],"about":[{"href":"https:\/\/antersystem.com\/it\/wp-json\/wp\/v2\/types\/page"}],"author":[{"embeddable":true,"href":"https:\/\/antersystem.com\/it\/wp-json\/wp\/v2\/users\/1"}],"replies":[{"embeddable":true,"href":"https:\/\/antersystem.com\/it\/wp-json\/wp\/v2\/comments?post=13056"}],"version-history":[{"count":1,"href":"https:\/\/antersystem.com\/it\/wp-json\/wp\/v2\/pages\/13056\/revisions"}],"predecessor-version":[{"id":13057,"href":"https:\/\/antersystem.com\/it\/wp-json\/wp\/v2\/pages\/13056\/revisions\/13057"}],"up":[{"embeddable":true,"href":"https:\/\/antersystem.com\/it\/wp-json\/wp\/v2\/pages\/12553"}],"wp:attachment":[{"href":"https:\/\/antersystem.com\/it\/wp-json\/wp\/v2\/media?parent=13056"}],"curies":[{"name":"wp","href":"https:\/\/api.w.org\/{rel}","templated":true}]}}