{"id":13119,"date":"2025-01-28T14:41:10","date_gmt":"2025-01-28T13:41:10","guid":{"rendered":"https:\/\/new.antersystem.com\/case-studies\/wall-protector-hd-warehouses-with-high-storage\/"},"modified":"2026-01-30T01:22:13","modified_gmt":"2026-01-30T00:22:13","slug":"wall-protector-hd-warehouses-with-high-storage","status":"publish","type":"page","link":"https:\/\/antersystem.com\/it\/case-studies\/wall-protector-hd-warehouses-with-high-storage\/","title":{"rendered":"WALL PROTECTOR HD+ nei magazzini con aree di stoccaggio elevate"},"content":{"rendered":"\n<div class=\"wp-block-columns is-layout-flex wp-container-core-columns-is-layout-9d6595d7 wp-block-columns-is-layout-flex\">\n<div class=\"wp-block-column is-layout-flow wp-block-column-is-layout-flow\" style=\"flex-basis:10%\"><\/div>\n\n\n\n<div class=\"wp-block-column is-layout-flow wp-block-column-is-layout-flow\">\n<h2 class=\"wp-block-heading\">WALL PROTECTOR HD+ con barriere HD+ GB per la sicurezza nei magazzini con aree di stoccaggio a scaffale alto<\/h2>\n\n\n\n<p>In un capannone industriale che opera in modo dinamico, dove coesistono <strong>persone, macchine, robot e aree di stoccaggio a scaffali alti<\/strong>, era necessario garantire la sicurezza del posto di lavoro e un&#8217;organizzazione efficiente degli spazi. L&#8217;obiettivo principale era quello di separare le persone e le macchine dalle zone di stoccaggio. Inoltre, era fondamentale designare percorsi di trasporto chiari e proteggere le infrastrutture dai potenziali danni causati dal traffico intenso e dalla natura delle operazioni in questo ambiente.<\/p>\n\n\n\n<h3 class=\"wp-block-heading\">Implementazione<\/h3>\n\n\n\n<p>Il processo di implementazione \u00e8 iniziato con un&#8217;analisi approfondita delle esigenze e dei potenziali rischi associati all&#8217;uso della struttura. Su questa base, \u00e8 stato proposto di implementare una protezione costituita da una <a href=\"https:\/\/antersystem.com\/produkty\/ciag-elastycznych-barier-wall-protector-hd-m16-z-barierami-gb-hd\/\">serie di barriere flessibili Wall PROTECTOR HD+ combinate con barriere HD+ GB.<\/a><\/p>\n\n\n\n<p>I Wall PROTECTOR sono stati <strong>posizionati strategicamente<\/strong> per proteggere le aree di stoccaggio a scaffale alto dallo spostamento delle merci immagazzinate e per salvaguardare le zone di produzione dove operano macchine e robot industriali. L&#8217;uso di <a href=\"https:\/\/antersystem.com\/produkty\/elastyczna-bariera-gb-hd\/\">barriere protettive inferiori rinforzate HD+<\/a> ha permesso di proteggere efficacemente le aree adiacenti dalle forche dei carrelli elevatori posizionate in basso che operano nella zona.<\/p>\n\n\n\n<p>I Wall PROTECTOR sono stati utilizzati anche <strong>per proteggere e separare rigorosamente le zone di produzione<\/strong> dotate di robot, macchine e altri sistemi moderni a supporto della produzione e della logistica. Queste soluzioni non solo hanno protetto gli elementi chiave della sala, ma hanno anche contribuito a definire percorsi di trasporto chiari tra le aree di lavoro.<\/p>\n\n\n\n<p>L&#8217;implementazione \u00e8 stata completata dall&#8217;utilizzo di <a href=\"https:\/\/antersystem.com\/produkty\/bramka-bezpieczenstwa-sga-ze-znakiem-stop-i-oswietleniem-ostrzegawczym\/\">cancelli di sicurezza SGA<\/a> con segnali di stop e segnali luminosi nelle linee di barriera Traffic R3. Regolano il traffico pedonale nelle aree critiche e minimizzano il rischio di entrare nei percorsi utilizzati dai veicoli.<\/p>\n\n\n\n<h3 class=\"wp-block-heading\">Risultati<\/h3>\n\n\n\n<p>L&#8217;uso delle barriere protettive flessibili WALL PROTECTOR HD+ in combinazione con le barriere HD+ GB ha portato numerosi vantaggi. Grazie alle soluzioni implementate, le aree di stoccaggio a scaffale alto <strong>sono state efficacemente separate dalle zone di trasporto e produzione<\/strong>, aumentando in modo significativo la sicurezza sul posto di lavoro. I percorsi di trasporto chiaramente contrassegnati hanno migliorato il flusso e l&#8217;efficienza dei processi logistici, riducendo al minimo il rischio di collisioni e tempi morti. Il design modulare del sistema ha facilitato notevolmente l&#8217;implementazione dell&#8217;attivit\u00e0 in linea con le esigenze del cliente e ha garantito una protezione adeguata nelle aree designate.<\/p>\n\n\n\n<h3 class=\"wp-block-heading\">Sommario<\/h3>\n\n\n\n<p>L&#8217;implementazione del sistema WALL PROTECTOR HD+ con le barriere GB HD+ in un capannone con zone di produzione automatizzate e aree di stoccaggio a scaffali alti <strong>ha migliorato in modo significativo la sicurezza sul posto di lavoro e l&#8217;organizzazione dello spazio<\/strong>. Grazie alle soluzioni applicate, \u00e8 stato possibile mettere in sicurezza parti specifiche del capannone, migliorare l&#8217;organizzazione del traffico in un ambiente industriale dinamico e garantire la sicurezza dei dipendenti nelle aree pi\u00f9 esposte agli incidenti.<\/p>\n<\/div>\n\n\n\n<div class=\"wp-block-column is-layout-flow wp-block-column-is-layout-flow\" style=\"flex-basis:10%\"><\/div>\n<\/div>\n\nngg_shortcode_0_placeholder\n","protected":false},"excerpt":{"rendered":"<p>WALL PROTECTOR HD+ con barriere HD+ GB per la sicurezza nei magazzini con aree di stoccaggio a scaffale alto In un capannone industriale che opera in modo dinamico, dove coesistono persone, macchine, robot e aree di stoccaggio a scaffali alti, era necessario garantire la sicurezza del posto di lavoro e un&#8217;organizzazione efficiente degli spazi. L&#8217;obiettivo [&hellip;]<\/p>\n","protected":false},"author":1,"featured_media":0,"parent":12553,"menu_order":0,"comment_status":"closed","ping_status":"closed","template":"","meta":{"inline_featured_image":false,"ngg_post_thumbnail":0,"footnotes":""},"class_list":["post-13119","page","type-page","status-publish","hentry"],"acf":[],"yoast_head":"<!-- This site is optimized with the Yoast SEO plugin v27.0 - https:\/\/yoast.com\/product\/yoast-seo-wordpress\/ -->\n<title>WALL PROTECTOR HD+ nei magazzini con aree di stoccaggio elevate - Anter System<\/title>\n<meta name=\"description\" content=\"WALL PROTECTOR HD+ con barriere HD+ GB per la sicurezza nei magazzini con aree di stoccaggio a scaffale alto In un capannone industriale che opera in modo\" \/>\n<meta name=\"robots\" content=\"index, follow, max-snippet:-1, max-image-preview:large, max-video-preview:-1\" \/>\n<link rel=\"canonical\" href=\"https:\/\/antersystem.com\/it\/case-studies\/wall-protector-hd-warehouses-with-high-storage\/\" \/>\n<meta property=\"og:locale\" content=\"it_IT\" \/>\n<meta property=\"og:type\" content=\"article\" \/>\n<meta property=\"og:title\" content=\"WALL PROTECTOR HD+ nei magazzini con aree di stoccaggio elevate - Anter System\" \/>\n<meta property=\"og:description\" content=\"WALL PROTECTOR HD+ con barriere HD+ GB per la sicurezza nei magazzini con aree di stoccaggio a scaffale alto In un capannone industriale che opera in modo\" \/>\n<meta property=\"og:url\" content=\"https:\/\/antersystem.com\/it\/case-studies\/wall-protector-hd-warehouses-with-high-storage\/\" \/>\n<meta property=\"og:site_name\" content=\"Anter System\" \/>\n<meta property=\"article:modified_time\" content=\"2026-01-30T00:22:13+00:00\" \/>\n<meta name=\"twitter:card\" content=\"summary_large_image\" \/>\n<meta name=\"twitter:label1\" content=\"Tempo di lettura stimato\" \/>\n\t<meta name=\"twitter:data1\" content=\"2 minuti\" \/>\n<script type=\"application\/ld+json\" class=\"yoast-schema-graph\">{\"@context\":\"https:\/\/schema.org\",\"@graph\":[{\"@type\":\"WebPage\",\"@id\":\"https:\/\/antersystem.com\/it\/case-studies\/wall-protector-hd-warehouses-with-high-storage\/\",\"url\":\"https:\/\/antersystem.com\/it\/case-studies\/wall-protector-hd-warehouses-with-high-storage\/\",\"name\":\"WALL PROTECTOR HD+ nei magazzini con aree di stoccaggio elevate - Anter System\",\"isPartOf\":{\"@id\":\"https:\/\/antersystem.com\/it\/#website\"},\"datePublished\":\"2025-01-28T13:41:10+00:00\",\"dateModified\":\"2026-01-30T00:22:13+00:00\",\"description\":\"WALL PROTECTOR HD+ con barriere HD+ GB per la sicurezza nei magazzini con aree di stoccaggio a scaffale alto In un capannone industriale che opera in modo\",\"breadcrumb\":{\"@id\":\"https:\/\/antersystem.com\/it\/case-studies\/wall-protector-hd-warehouses-with-high-storage\/#breadcrumb\"},\"inLanguage\":\"it-IT\",\"potentialAction\":[{\"@type\":\"ReadAction\",\"target\":[\"https:\/\/antersystem.com\/it\/case-studies\/wall-protector-hd-warehouses-with-high-storage\/\"]}]},{\"@type\":\"BreadcrumbList\",\"@id\":\"https:\/\/antersystem.com\/it\/case-studies\/wall-protector-hd-warehouses-with-high-storage\/#breadcrumb\",\"itemListElement\":[{\"@type\":\"ListItem\",\"position\":1,\"name\":\"AnterSystem\",\"item\":\"https:\/\/antersystem.com\/it\/\"},{\"@type\":\"ListItem\",\"position\":2,\"name\":\"Casi di studio\",\"item\":\"https:\/\/antersystem.com\/it\/case-studies\/\"},{\"@type\":\"ListItem\",\"position\":3,\"name\":\"WALL PROTECTOR HD+ nei magazzini con aree di stoccaggio elevate\"}]},{\"@type\":\"WebSite\",\"@id\":\"https:\/\/antersystem.com\/it\/#website\",\"url\":\"https:\/\/antersystem.com\/it\/\",\"name\":\"Anter System\",\"description\":\"Jeste\u015bmy polskim producentem elastycznych barier ochronnych wykonywanych z polimerowych tworzyw sztucznych. Na rynku krajowym i zagranicznym dzia\u0142amy od ponad 15 lat dbaj\u0105c o zapewnienie bezpiecze\u0144stwa w zak\u0142adach produkcyjnych, magazynach oraz centrach logistycznych.\",\"potentialAction\":[{\"@type\":\"SearchAction\",\"target\":{\"@type\":\"EntryPoint\",\"urlTemplate\":\"https:\/\/antersystem.com\/it\/?s={search_term_string}\"},\"query-input\":{\"@type\":\"PropertyValueSpecification\",\"valueRequired\":true,\"valueName\":\"search_term_string\"}}],\"inLanguage\":\"it-IT\"}]}<\/script>\n<!-- \/ Yoast SEO plugin. -->","yoast_head_json":{"title":"WALL PROTECTOR HD+ nei magazzini con aree di stoccaggio elevate - Anter System","description":"WALL PROTECTOR HD+ con barriere HD+ GB per la sicurezza nei magazzini con aree di stoccaggio a scaffale alto In un capannone industriale che opera in modo","robots":{"index":"index","follow":"follow","max-snippet":"max-snippet:-1","max-image-preview":"max-image-preview:large","max-video-preview":"max-video-preview:-1"},"canonical":"https:\/\/antersystem.com\/it\/case-studies\/wall-protector-hd-warehouses-with-high-storage\/","og_locale":"it_IT","og_type":"article","og_title":"WALL PROTECTOR HD+ nei magazzini con aree di stoccaggio elevate - Anter System","og_description":"WALL PROTECTOR HD+ con barriere HD+ GB per la sicurezza nei magazzini con aree di stoccaggio a scaffale alto In un capannone industriale che opera in modo","og_url":"https:\/\/antersystem.com\/it\/case-studies\/wall-protector-hd-warehouses-with-high-storage\/","og_site_name":"Anter System","article_modified_time":"2026-01-30T00:22:13+00:00","twitter_card":"summary_large_image","twitter_misc":{"Tempo di lettura stimato":"2 minuti"},"schema":{"@context":"https:\/\/schema.org","@graph":[{"@type":"WebPage","@id":"https:\/\/antersystem.com\/it\/case-studies\/wall-protector-hd-warehouses-with-high-storage\/","url":"https:\/\/antersystem.com\/it\/case-studies\/wall-protector-hd-warehouses-with-high-storage\/","name":"WALL PROTECTOR HD+ nei magazzini con aree di stoccaggio elevate - Anter System","isPartOf":{"@id":"https:\/\/antersystem.com\/it\/#website"},"datePublished":"2025-01-28T13:41:10+00:00","dateModified":"2026-01-30T00:22:13+00:00","description":"WALL PROTECTOR HD+ con barriere HD+ GB per la sicurezza nei magazzini con aree di stoccaggio a scaffale alto In un capannone industriale che opera in modo","breadcrumb":{"@id":"https:\/\/antersystem.com\/it\/case-studies\/wall-protector-hd-warehouses-with-high-storage\/#breadcrumb"},"inLanguage":"it-IT","potentialAction":[{"@type":"ReadAction","target":["https:\/\/antersystem.com\/it\/case-studies\/wall-protector-hd-warehouses-with-high-storage\/"]}]},{"@type":"BreadcrumbList","@id":"https:\/\/antersystem.com\/it\/case-studies\/wall-protector-hd-warehouses-with-high-storage\/#breadcrumb","itemListElement":[{"@type":"ListItem","position":1,"name":"AnterSystem","item":"https:\/\/antersystem.com\/it\/"},{"@type":"ListItem","position":2,"name":"Casi di studio","item":"https:\/\/antersystem.com\/it\/case-studies\/"},{"@type":"ListItem","position":3,"name":"WALL PROTECTOR HD+ nei magazzini con aree di stoccaggio elevate"}]},{"@type":"WebSite","@id":"https:\/\/antersystem.com\/it\/#website","url":"https:\/\/antersystem.com\/it\/","name":"Anter System","description":"Jeste\u015bmy polskim producentem elastycznych barier ochronnych wykonywanych z polimerowych tworzyw sztucznych. Na rynku krajowym i zagranicznym dzia\u0142amy od ponad 15 lat dbaj\u0105c o zapewnienie bezpiecze\u0144stwa w zak\u0142adach produkcyjnych, magazynach oraz centrach logistycznych.","potentialAction":[{"@type":"SearchAction","target":{"@type":"EntryPoint","urlTemplate":"https:\/\/antersystem.com\/it\/?s={search_term_string}"},"query-input":{"@type":"PropertyValueSpecification","valueRequired":true,"valueName":"search_term_string"}}],"inLanguage":"it-IT"}]}},"_links":{"self":[{"href":"https:\/\/antersystem.com\/it\/wp-json\/wp\/v2\/pages\/13119","targetHints":{"allow":["GET"]}}],"collection":[{"href":"https:\/\/antersystem.com\/it\/wp-json\/wp\/v2\/pages"}],"about":[{"href":"https:\/\/antersystem.com\/it\/wp-json\/wp\/v2\/types\/page"}],"author":[{"embeddable":true,"href":"https:\/\/antersystem.com\/it\/wp-json\/wp\/v2\/users\/1"}],"replies":[{"embeddable":true,"href":"https:\/\/antersystem.com\/it\/wp-json\/wp\/v2\/comments?post=13119"}],"version-history":[{"count":1,"href":"https:\/\/antersystem.com\/it\/wp-json\/wp\/v2\/pages\/13119\/revisions"}],"predecessor-version":[{"id":13121,"href":"https:\/\/antersystem.com\/it\/wp-json\/wp\/v2\/pages\/13119\/revisions\/13121"}],"up":[{"embeddable":true,"href":"https:\/\/antersystem.com\/it\/wp-json\/wp\/v2\/pages\/12553"}],"wp:attachment":[{"href":"https:\/\/antersystem.com\/it\/wp-json\/wp\/v2\/media?parent=13119"}],"curies":[{"name":"wp","href":"https:\/\/api.w.org\/{rel}","templated":true}]}}