{"id":13151,"date":"2025-01-28T13:58:17","date_gmt":"2025-01-28T12:58:17","guid":{"rendered":"https:\/\/new.antersystem.com\/case-studies\/pedestrian-lt-protecting-people-machines\/"},"modified":"2026-01-30T01:22:09","modified_gmt":"2026-01-30T00:22:09","slug":"pedestrian-lt-protecting-people-machines","status":"publish","type":"page","link":"https:\/\/antersystem.com\/it\/case-studies\/pedestrian-lt-protecting-people-machines\/","title":{"rendered":"LT per pedoni &#8211; Proteggere persone e macchine"},"content":{"rendered":"\n<div class=\"wp-block-columns is-layout-flex wp-container-core-columns-is-layout-9d6595d7 wp-block-columns-is-layout-flex\">\n<div class=\"wp-block-column is-layout-flow wp-block-column-is-layout-flow\" style=\"flex-basis:10%\"><\/div>\n\n\n\n<div class=\"wp-block-column is-layout-flow wp-block-column-is-layout-flow\">\n<h2 class=\"wp-block-heading\">Barriere pedonali LT &#8211; Proteggono le persone e le macchine nelle aree di magazzino ad alto traffico<\/h2>\n\n\n\n<p>Garantire la sicurezza di persone e macchinari in un ambiente di magazzino ad alto traffico richiede un approccio globale. La struttura in questione &#8211; uno <strong>spazio di lavoro per dipendenti e operatori di carrelli elevatori<\/strong> &#8211; conteneva anche attrezzature appartenenti a sistemi logistici automatizzati. La priorit\u00e0 assoluta era quella di separare i percorsi pedonali dalle zone di lavoro, <strong>proteggendo<\/strong> allo stesso tempo <strong>gli elementi chiave dell&#8217;infrastruttura dell&#8217;edificio<\/strong>, come le colonne e le banchine di carico, dai potenziali impatti dei carrelli elevatori.<\/p>\n\n\n\n<h3 class=\"wp-block-heading\">Implementazione<\/h3>\n\n\n\n<p>Il progetto \u00e8 iniziato con un&#8217;analisi dettagliata delle esigenze del cliente e della natura dinamica delle operazioni di magazzino. Grazie alla mappatura degli schemi di movimento all&#8217;interno della struttura, siamo stati in grado di progettare e implementare soluzioni di sicurezza che combinassero una protezione efficace con la funzionalit\u00e0, garantendo un flusso di lavoro fluido e la massima sicurezza.<\/p>\n\n\n\n<p>Per <strong>separare<\/strong> efficacemente <strong>i pedoni dai carrelli elevatori<\/strong>, abbiamo installato linee di <a href=\"https:\/\/antersystem.com\/produkty\/elastyczna-bariera-pedestrian-r3-lt\/\">barriere PEDESTRIAN R2 LT<\/a> dotate di una trave inferiore rinforzata. Questa protezione aggiuntiva previene i danni causati dalle forche basse dei carrelli elevatori. Nelle aree a maggior rischio di collisione, la protezione \u00e8 stata migliorata con le barriere <a href=\"https:\/\/antersystem.com\/produkty\/elastyczna-bariera-db-hd\/\">DB HD+<\/a>, progettate per applicazioni pesanti.<\/p>\n\n\n\n<p><strong>Per salvaguardare le colonne strutturali sono state utilizzate<\/strong> <a href=\"https:\/\/antersystem.com\/produkty\/elastyczna-ochrona-kolumn-ral4\/\">protezioni flessibili RAL4<\/a>, in grado di assorbire e disperdere l&#8217;energia d&#8217;impatto per ridurre al minimo i danni ai pilastri. I cancelli delle banchine di carico sono stati protetti con <a href=\"https:\/\/antersystem.com\/kategorie-produktow\/slupki-ochronne\/\">dissuasori di protezione PA<\/a>, impedendo efficacemente le collisioni nelle aree in cui i carrelli elevatori si muovono in spazi limitati. A completamento del sistema, sono stati installati i <a href=\"https:\/\/antersystem.com\/produkty\/corner-bumper\/\">Corner Bumpers<\/a> per proteggere i bordi delle pareti nelle zone ad alto rischio.<\/p>\n\n\n\n<h3 class=\"wp-block-heading\">Risultati<\/h3>\n\n\n\n<p>L&#8217;installazione delle <strong>barriere di sicurezza flessibili di Anter System<\/strong> ha portato una serie di vantaggi. I materiali polimerici utilizzati sono caratterizzati da un eccezionale assorbimento degli impatti, riducendo in modo significativo il rischio di costose riparazioni di attrezzature e infrastrutture in seguito a collisioni. La <strong>struttura modulare del sistema<\/strong> consente un facile montaggio, smontaggio e adattamento all&#8217;evoluzione delle esigenze operative. Di conseguenza, le soluzioni implementate hanno aumentato la sicurezza di persone e macchine, riducendo al minimo i tempi di inattivit\u00e0 e le interruzioni operative.<\/p>\n\n\n\n<h3 class=\"wp-block-heading\">Sommario<\/h3>\n\n\n\n<p>Grazie alle soluzioni di Anter System, il magazzino ha ottenuto un significativo <strong>miglioramento della sicurezza sul posto di lavoro e dell&#8217;organizzazione spaziale<\/strong> in un ambiente condiviso da pedoni, veicoli e sistemi logistici automatizzati. Il design moderno e la struttura robusta delle nostre barriere protettive flessibili non solo assicurano una protezione efficace, ma contribuiscono anche all&#8217;ottimizzazione dei flussi di lavoro negli ambienti industriali di oggi in rapida evoluzione.<\/p>\n<\/div>\n\n\n\n<div class=\"wp-block-column is-layout-flow wp-block-column-is-layout-flow\" style=\"flex-basis:10%\"><\/div>\n<\/div>\n\nngg_shortcode_0_placeholder\n","protected":false},"excerpt":{"rendered":"<p>Barriere pedonali LT &#8211; Proteggono le persone e le macchine nelle aree di magazzino ad alto traffico Garantire la sicurezza di persone e macchinari in un ambiente di magazzino ad alto traffico richiede un approccio globale. La struttura in questione &#8211; uno spazio di lavoro per dipendenti e operatori di carrelli elevatori &#8211; conteneva anche [&hellip;]<\/p>\n","protected":false},"author":1,"featured_media":0,"parent":12553,"menu_order":0,"comment_status":"closed","ping_status":"closed","template":"","meta":{"inline_featured_image":false,"ngg_post_thumbnail":0,"footnotes":""},"class_list":["post-13151","page","type-page","status-publish","hentry"],"acf":[],"yoast_head":"<!-- This site is optimized with the Yoast SEO plugin v27.0 - https:\/\/yoast.com\/product\/yoast-seo-wordpress\/ -->\n<title>LT per pedoni - Proteggere persone e macchine - Anter System<\/title>\n<meta name=\"description\" content=\"Barriere pedonali LT - Proteggono le persone e le macchine nelle aree di magazzino ad alto traffico Garantire la sicurezza di persone e macchinari in un\" \/>\n<meta name=\"robots\" content=\"index, follow, max-snippet:-1, max-image-preview:large, max-video-preview:-1\" \/>\n<link rel=\"canonical\" href=\"https:\/\/antersystem.com\/it\/case-studies\/pedestrian-lt-protecting-people-machines\/\" \/>\n<meta property=\"og:locale\" content=\"it_IT\" \/>\n<meta property=\"og:type\" content=\"article\" \/>\n<meta property=\"og:title\" content=\"LT per pedoni - Proteggere persone e macchine - Anter System\" \/>\n<meta property=\"og:description\" content=\"Barriere pedonali LT - Proteggono le persone e le macchine nelle aree di magazzino ad alto traffico Garantire la sicurezza di persone e macchinari in un\" \/>\n<meta property=\"og:url\" content=\"https:\/\/antersystem.com\/it\/case-studies\/pedestrian-lt-protecting-people-machines\/\" \/>\n<meta property=\"og:site_name\" content=\"Anter System\" \/>\n<meta property=\"article:modified_time\" content=\"2026-01-30T00:22:09+00:00\" \/>\n<meta name=\"twitter:card\" content=\"summary_large_image\" \/>\n<meta name=\"twitter:label1\" content=\"Tempo di lettura stimato\" \/>\n\t<meta name=\"twitter:data1\" content=\"2 minuti\" \/>\n<script type=\"application\/ld+json\" class=\"yoast-schema-graph\">{\"@context\":\"https:\/\/schema.org\",\"@graph\":[{\"@type\":\"WebPage\",\"@id\":\"https:\/\/antersystem.com\/it\/case-studies\/pedestrian-lt-protecting-people-machines\/\",\"url\":\"https:\/\/antersystem.com\/it\/case-studies\/pedestrian-lt-protecting-people-machines\/\",\"name\":\"LT per pedoni - Proteggere persone e macchine - Anter System\",\"isPartOf\":{\"@id\":\"https:\/\/antersystem.com\/it\/#website\"},\"datePublished\":\"2025-01-28T12:58:17+00:00\",\"dateModified\":\"2026-01-30T00:22:09+00:00\",\"description\":\"Barriere pedonali LT - Proteggono le persone e le macchine nelle aree di magazzino ad alto traffico Garantire la sicurezza di persone e macchinari in un\",\"breadcrumb\":{\"@id\":\"https:\/\/antersystem.com\/it\/case-studies\/pedestrian-lt-protecting-people-machines\/#breadcrumb\"},\"inLanguage\":\"it-IT\",\"potentialAction\":[{\"@type\":\"ReadAction\",\"target\":[\"https:\/\/antersystem.com\/it\/case-studies\/pedestrian-lt-protecting-people-machines\/\"]}]},{\"@type\":\"BreadcrumbList\",\"@id\":\"https:\/\/antersystem.com\/it\/case-studies\/pedestrian-lt-protecting-people-machines\/#breadcrumb\",\"itemListElement\":[{\"@type\":\"ListItem\",\"position\":1,\"name\":\"AnterSystem\",\"item\":\"https:\/\/antersystem.com\/it\/\"},{\"@type\":\"ListItem\",\"position\":2,\"name\":\"Casi di studio\",\"item\":\"https:\/\/antersystem.com\/it\/case-studies\/\"},{\"@type\":\"ListItem\",\"position\":3,\"name\":\"LT per pedoni &#8211; Proteggere persone e macchine\"}]},{\"@type\":\"WebSite\",\"@id\":\"https:\/\/antersystem.com\/it\/#website\",\"url\":\"https:\/\/antersystem.com\/it\/\",\"name\":\"Anter System\",\"description\":\"Jeste\u015bmy polskim producentem elastycznych barier ochronnych wykonywanych z polimerowych tworzyw sztucznych. Na rynku krajowym i zagranicznym dzia\u0142amy od ponad 15 lat dbaj\u0105c o zapewnienie bezpiecze\u0144stwa w zak\u0142adach produkcyjnych, magazynach oraz centrach logistycznych.\",\"potentialAction\":[{\"@type\":\"SearchAction\",\"target\":{\"@type\":\"EntryPoint\",\"urlTemplate\":\"https:\/\/antersystem.com\/it\/?s={search_term_string}\"},\"query-input\":{\"@type\":\"PropertyValueSpecification\",\"valueRequired\":true,\"valueName\":\"search_term_string\"}}],\"inLanguage\":\"it-IT\"}]}<\/script>\n<!-- \/ Yoast SEO plugin. -->","yoast_head_json":{"title":"LT per pedoni - Proteggere persone e macchine - Anter System","description":"Barriere pedonali LT - Proteggono le persone e le macchine nelle aree di magazzino ad alto traffico Garantire la sicurezza di persone e macchinari in un","robots":{"index":"index","follow":"follow","max-snippet":"max-snippet:-1","max-image-preview":"max-image-preview:large","max-video-preview":"max-video-preview:-1"},"canonical":"https:\/\/antersystem.com\/it\/case-studies\/pedestrian-lt-protecting-people-machines\/","og_locale":"it_IT","og_type":"article","og_title":"LT per pedoni - Proteggere persone e macchine - Anter System","og_description":"Barriere pedonali LT - Proteggono le persone e le macchine nelle aree di magazzino ad alto traffico Garantire la sicurezza di persone e macchinari in un","og_url":"https:\/\/antersystem.com\/it\/case-studies\/pedestrian-lt-protecting-people-machines\/","og_site_name":"Anter System","article_modified_time":"2026-01-30T00:22:09+00:00","twitter_card":"summary_large_image","twitter_misc":{"Tempo di lettura stimato":"2 minuti"},"schema":{"@context":"https:\/\/schema.org","@graph":[{"@type":"WebPage","@id":"https:\/\/antersystem.com\/it\/case-studies\/pedestrian-lt-protecting-people-machines\/","url":"https:\/\/antersystem.com\/it\/case-studies\/pedestrian-lt-protecting-people-machines\/","name":"LT per pedoni - Proteggere persone e macchine - Anter System","isPartOf":{"@id":"https:\/\/antersystem.com\/it\/#website"},"datePublished":"2025-01-28T12:58:17+00:00","dateModified":"2026-01-30T00:22:09+00:00","description":"Barriere pedonali LT - Proteggono le persone e le macchine nelle aree di magazzino ad alto traffico Garantire la sicurezza di persone e macchinari in un","breadcrumb":{"@id":"https:\/\/antersystem.com\/it\/case-studies\/pedestrian-lt-protecting-people-machines\/#breadcrumb"},"inLanguage":"it-IT","potentialAction":[{"@type":"ReadAction","target":["https:\/\/antersystem.com\/it\/case-studies\/pedestrian-lt-protecting-people-machines\/"]}]},{"@type":"BreadcrumbList","@id":"https:\/\/antersystem.com\/it\/case-studies\/pedestrian-lt-protecting-people-machines\/#breadcrumb","itemListElement":[{"@type":"ListItem","position":1,"name":"AnterSystem","item":"https:\/\/antersystem.com\/it\/"},{"@type":"ListItem","position":2,"name":"Casi di studio","item":"https:\/\/antersystem.com\/it\/case-studies\/"},{"@type":"ListItem","position":3,"name":"LT per pedoni &#8211; Proteggere persone e macchine"}]},{"@type":"WebSite","@id":"https:\/\/antersystem.com\/it\/#website","url":"https:\/\/antersystem.com\/it\/","name":"Anter System","description":"Jeste\u015bmy polskim producentem elastycznych barier ochronnych wykonywanych z polimerowych tworzyw sztucznych. Na rynku krajowym i zagranicznym dzia\u0142amy od ponad 15 lat dbaj\u0105c o zapewnienie bezpiecze\u0144stwa w zak\u0142adach produkcyjnych, magazynach oraz centrach logistycznych.","potentialAction":[{"@type":"SearchAction","target":{"@type":"EntryPoint","urlTemplate":"https:\/\/antersystem.com\/it\/?s={search_term_string}"},"query-input":{"@type":"PropertyValueSpecification","valueRequired":true,"valueName":"search_term_string"}}],"inLanguage":"it-IT"}]}},"_links":{"self":[{"href":"https:\/\/antersystem.com\/it\/wp-json\/wp\/v2\/pages\/13151","targetHints":{"allow":["GET"]}}],"collection":[{"href":"https:\/\/antersystem.com\/it\/wp-json\/wp\/v2\/pages"}],"about":[{"href":"https:\/\/antersystem.com\/it\/wp-json\/wp\/v2\/types\/page"}],"author":[{"embeddable":true,"href":"https:\/\/antersystem.com\/it\/wp-json\/wp\/v2\/users\/1"}],"replies":[{"embeddable":true,"href":"https:\/\/antersystem.com\/it\/wp-json\/wp\/v2\/comments?post=13151"}],"version-history":[{"count":1,"href":"https:\/\/antersystem.com\/it\/wp-json\/wp\/v2\/pages\/13151\/revisions"}],"predecessor-version":[{"id":13152,"href":"https:\/\/antersystem.com\/it\/wp-json\/wp\/v2\/pages\/13151\/revisions\/13152"}],"up":[{"embeddable":true,"href":"https:\/\/antersystem.com\/it\/wp-json\/wp\/v2\/pages\/12553"}],"wp:attachment":[{"href":"https:\/\/antersystem.com\/it\/wp-json\/wp\/v2\/media?parent=13151"}],"curies":[{"name":"wp","href":"https:\/\/api.w.org\/{rel}","templated":true}]}}