{"id":13218,"date":"2024-04-24T15:59:43","date_gmt":"2024-04-24T13:59:43","guid":{"rendered":"https:\/\/new.antersystem.com\/hygiene-standards\/"},"modified":"2026-01-30T14:30:26","modified_gmt":"2026-01-30T13:30:26","slug":"hygiene-standards","status":"publish","type":"page","link":"https:\/\/antersystem.com\/it\/notizie\/hygiene-standards\/","title":{"rendered":"Standard igienici"},"content":{"rendered":"\n<div class=\"wp-block-columns is-layout-flex wp-container-core-columns-is-layout-9d6595d7 wp-block-columns-is-layout-flex\">\n<div class=\"wp-block-column is-layout-flow wp-block-column-is-layout-flow\" style=\"flex-basis:10%\"><\/div>\n\n\n\n<div class=\"wp-block-column is-layout-flow wp-block-column-is-layout-flow\">\n<h2 class=\"wp-block-heading\">Standard igienici e adattamento delle barriere flessibili ai diversi ambienti di lavoro<\/h2>\n\n\n\n<p>I sistemi di protezione sul posto di lavoro devono essere adattati alle specifiche condizioni ambientali in cui operano. Quando si parla delle nostre <strong>barriere flessibili in polimeri<\/strong>, spesso si legge la frase &#8220;soddisfare i requisiti sanitari&#8221;, ma cosa significa in pratica?<\/p>\n\n\n\n<h3 class=\"wp-block-heading\">Cosa determina se una barriera di sicurezza soddisfa gli standard igienici?<\/h3>\n\n\n\n<p>Quando si parla di standard sanitari, il pi\u00f9 delle volte ci si riferisce agli ambienti di produzione dell&#8217;<strong>industria alimentare e farmaceutica<\/strong>. Per garantire l&#8217;igiene e la sicurezza, non solo dei lavoratori ma anche dei prodotti trattati, vengono presi in considerazione diversi fattori. Di seguito sono elencati gli aspetti chiave che definiscono la sicurezza igienica delle barriere protettive:  <\/p>\n\n<p><strong>Pulibilit\u00e0:<\/strong> Le barriere di sicurezza devono essere facili da pulire e disinfettare, con superfici lisce e non porose che non accumulano sporco o batteri.<\/p>\n<p><strong>Conformit\u00e0 alla sicurezza alimentare:<\/strong> Nelle strutture in cui le barriere vengono installate in prossimit\u00e0 di zone di lavorazione degli alimenti, devono essere conformi alle normative sulla sicurezza alimentare come l&#8217;<strong>HACCP<\/strong> e altri standard sanitari locali. I materiali devono essere atossici, resistenti alla corrosione e certificati per l&#8217;uso in ambienti igienici. <\/p>\n<p><strong>Resistenza chimica:<\/strong> Le barriere devono resistere all&#8217;uso di forti agenti detergenti e disinfettanti comunemente utilizzati nella manutenzione dell&#8217;igiene industriale.<\/p>\n<p><strong>Resistenza ambientale:<\/strong> L&#8217;elevata umidit\u00e0, i rapidi sbalzi di temperatura o gli ambienti gelidi non dovrebbero compromettere l&#8217;integrit\u00e0 strutturale o le prestazioni delle barriere.<\/p>\n<p><strong>Certificazione e conformit\u00e0:<\/strong> A seconda del settore, le barriere di sicurezza flessibili devono essere sottoposte a certificazioni e test per confermare la conformit\u00e0 agli standard igienici internazionali e nazionali.<\/p>\n\n\n\n<h3 class=\"wp-block-heading\"><strong>Standard accettati per le barriere protettive negli ambienti igienici<\/strong><\/h3>\n\n\n\n<p>Le barriere di sicurezza utilizzate negli ambienti in cui vengono lavorati gli alimenti devono essere conformi a una serie di standard per garantire la protezione dalla contaminazione e dai rischi per la salute. Di seguito sono riportati i principali regolamenti che disciplinano tale conformit\u00e0: <\/p>\n\n\n\n<p><strong>HACCP (Hazard Analysis and Critical Control Points)<\/strong> &#8211; un sistema di gestione che identifica e controlla i potenziali rischi nell&#8217;intero processo di produzione alimentare. Le barriere flessibili utilizzate in queste strutture devono essere in linea con i principi HACCP, assicurando che la loro installazione e i loro materiali non introducano rischi di contaminazione e che supportino il mantenimento di condizioni igieniche controllate.<\/p>\n\n\n\n<p><strong>FDA (Food and Drug Administration)<\/strong> &#8211; per le applicazioni negli Stati Uniti, le barriere devono essere conformi alle normative FDA che regolano la sicurezza e l&#8217;igiene alimentare. Ci\u00f2 significa utilizzare materiali non tossici, non contaminanti e sicuri per il contatto indiretto con gli alimenti, in conformit\u00e0 con gli standard federali dell&#8217;industria alimentare. <\/p>\n\n\n\n<p><strong>ISO 22000<\/strong> &#8211; questo standard internazionale definisce i requisiti per i sistemi di gestione della sicurezza alimentare, garantendo che tutte le attrezzature e i componenti utilizzati nelle strutture produttive e logistiche contribuiscano a pratiche di manipolazione sicura degli alimenti.<\/p>\n\n\n\n<p><strong>Certificazioni specifiche del settore:<\/strong> A seconda del tipo di produzione, possono essere richieste ulteriori certificazioni, ad esempio la certificazione <strong>USDA Organic<\/strong> per le strutture che producono alimenti biologici o altre approvazioni locali specifiche per il settore.<\/p>\n\n\n\n<p><strong>Normative locali e nazionali:<\/strong> Ogni paese ha le proprie normative sanitarie ed epidemiologiche che definiscono i requisiti igienici negli ambienti di produzione e lavorazione degli alimenti. Le barriere devono soddisfare queste normative locali per essere legalmente approvate per l&#8217;uso in queste strutture. <\/p>\n\n\n\n<p>Tutti questi fattori sono fondamentali per mantenere i pi\u00f9 alti standard sanitari negli impianti di produzione &#8211; sia nell&#8217;industria alimentare, farmaceutica o chimica &#8211; riducendo al minimo il rischio di contaminazione e proteggendo la salute dei consumatori.<\/p>\n\n\n\n<p>Le <a href=\"https:\/\/antersystem.com\/nasze-systemy\/\">barriere flessibili Anter System<\/a> sono progettate e realizzate per soddisfare i pi\u00f9 alti standard di igiene e sicurezza alimentare, in piena conformit\u00e0 con i requisiti <strong>HACCP, FDA e ISO 22000<\/strong>. La loro qualit\u00e0 e sicurezza sono ulteriormente verificate dalla <strong>certificazione T\u00dcV Rheinland<\/strong>.<\/p>\n\n\n<div class=\"wp-block-image\">\n<figure class=\"aligncenter size-large is-resized\"><a href=\"https:\/\/antersystem.com\/nasze-systemy\/\"><img loading=\"lazy\" decoding=\"async\" width=\"768\" height=\"1024\" src=\"https:\/\/antersystem.com\/wp-content\/uploads\/mroznia-768x1024.webp\" alt=\"Barriere di sicurezza flessibili in ambienti igienici\" class=\"wp-image-4652\" style=\"width:462px;height:auto\" srcset=\"https:\/\/antersystem.com\/wp-content\/uploads\/mroznia-768x1024.webp 768w, https:\/\/antersystem.com\/wp-content\/uploads\/mroznia-225x300.webp 225w, https:\/\/antersystem.com\/wp-content\/uploads\/mroznia-450x600.webp 450w, https:\/\/antersystem.com\/wp-content\/uploads\/mroznia-330x440.webp 330w, https:\/\/antersystem.com\/wp-content\/uploads\/mroznia.webp 900w\" sizes=\"auto, (max-width: 768px) 100vw, 768px\" \/><\/a><\/figure><\/div><\/div>\n\n\n\n<div class=\"wp-block-column is-layout-flow wp-block-column-is-layout-flow\" style=\"flex-basis:10%\"><\/div>\n<\/div>\n","protected":false},"excerpt":{"rendered":"<p>Standard igienici e adattamento delle barriere flessibili ai diversi ambienti di lavoro I sistemi di protezione sul posto di lavoro devono essere adattati alle specifiche condizioni ambientali in cui operano. Quando si parla delle nostre barriere flessibili in polimeri, spesso si legge la frase &#8220;soddisfare i requisiti sanitari&#8221;, ma cosa significa in pratica? Cosa determina [&hellip;]<\/p>\n","protected":false},"author":1,"featured_media":0,"parent":30444,"menu_order":0,"comment_status":"closed","ping_status":"closed","template":"","meta":{"inline_featured_image":false,"ngg_post_thumbnail":0,"footnotes":""},"class_list":["post-13218","page","type-page","status-publish","hentry"],"acf":[],"yoast_head":"<!-- This site is optimized with the Yoast SEO plugin v27.0 - https:\/\/yoast.com\/product\/yoast-seo-wordpress\/ -->\n<title>Standard igienici - Anter System<\/title>\n<meta name=\"description\" content=\"Le soluzioni per la sicurezza sul lavoro dipendono dalle condizioni specifiche dell&#039;ambiente. Nel caso delle nostre barriere flessibili, ci\u00f2 include anche gli standard igienici.\" \/>\n<meta name=\"robots\" content=\"index, follow, max-snippet:-1, max-image-preview:large, max-video-preview:-1\" \/>\n<link rel=\"canonical\" href=\"https:\/\/antersystem.com\/it\/notizie\/hygiene-standards\/\" \/>\n<meta property=\"og:locale\" content=\"it_IT\" \/>\n<meta property=\"og:type\" content=\"article\" \/>\n<meta property=\"og:title\" content=\"Standard igienici - Anter System\" \/>\n<meta property=\"og:description\" content=\"Le soluzioni per la sicurezza sul lavoro dipendono dalle condizioni specifiche dell&#039;ambiente. Nel caso delle nostre barriere flessibili, ci\u00f2 include anche gli standard igienici.\" \/>\n<meta property=\"og:url\" content=\"https:\/\/antersystem.com\/it\/notizie\/hygiene-standards\/\" \/>\n<meta property=\"og:site_name\" content=\"Anter System\" \/>\n<meta property=\"article:modified_time\" content=\"2026-01-30T13:30:26+00:00\" \/>\n<meta property=\"og:image\" content=\"https:\/\/antersystem.com\/wp-content\/uploads\/mroznia-768x1024.webp\" \/>\n<meta name=\"twitter:card\" content=\"summary_large_image\" \/>\n<meta name=\"twitter:label1\" content=\"Tempo di lettura stimato\" \/>\n\t<meta name=\"twitter:data1\" content=\"3 minuti\" \/>\n<script type=\"application\/ld+json\" class=\"yoast-schema-graph\">{\"@context\":\"https:\/\/schema.org\",\"@graph\":[{\"@type\":\"WebPage\",\"@id\":\"https:\/\/antersystem.com\/it\/notizie\/hygiene-standards\/\",\"url\":\"https:\/\/antersystem.com\/it\/notizie\/hygiene-standards\/\",\"name\":\"Standard igienici - Anter System\",\"isPartOf\":{\"@id\":\"https:\/\/antersystem.com\/it\/#website\"},\"primaryImageOfPage\":{\"@id\":\"https:\/\/antersystem.com\/it\/notizie\/hygiene-standards\/#primaryimage\"},\"image\":{\"@id\":\"https:\/\/antersystem.com\/it\/notizie\/hygiene-standards\/#primaryimage\"},\"thumbnailUrl\":\"https:\/\/antersystem.com\/wp-content\/uploads\/mroznia-768x1024.webp\",\"datePublished\":\"2024-04-24T13:59:43+00:00\",\"dateModified\":\"2026-01-30T13:30:26+00:00\",\"description\":\"Le soluzioni per la sicurezza sul lavoro dipendono dalle condizioni specifiche dell'ambiente. Nel caso delle nostre barriere flessibili, ci\u00f2 include anche gli standard igienici.\",\"breadcrumb\":{\"@id\":\"https:\/\/antersystem.com\/it\/notizie\/hygiene-standards\/#breadcrumb\"},\"inLanguage\":\"it-IT\",\"potentialAction\":[{\"@type\":\"ReadAction\",\"target\":[\"https:\/\/antersystem.com\/it\/notizie\/hygiene-standards\/\"]}]},{\"@type\":\"ImageObject\",\"inLanguage\":\"it-IT\",\"@id\":\"https:\/\/antersystem.com\/it\/notizie\/hygiene-standards\/#primaryimage\",\"url\":\"https:\/\/antersystem.com\/wp-content\/uploads\/mroznia-768x1024.webp\",\"contentUrl\":\"https:\/\/antersystem.com\/wp-content\/uploads\/mroznia-768x1024.webp\"},{\"@type\":\"BreadcrumbList\",\"@id\":\"https:\/\/antersystem.com\/it\/notizie\/hygiene-standards\/#breadcrumb\",\"itemListElement\":[{\"@type\":\"ListItem\",\"position\":1,\"name\":\"AnterSystem\",\"item\":\"https:\/\/antersystem.com\/it\/\"},{\"@type\":\"ListItem\",\"position\":2,\"name\":\"Notizie\",\"item\":\"https:\/\/antersystem.com\/it\/notizie\/\"},{\"@type\":\"ListItem\",\"position\":3,\"name\":\"Standard igienici\"}]},{\"@type\":\"WebSite\",\"@id\":\"https:\/\/antersystem.com\/it\/#website\",\"url\":\"https:\/\/antersystem.com\/it\/\",\"name\":\"Anter System\",\"description\":\"Jeste\u015bmy polskim producentem elastycznych barier ochronnych wykonywanych z polimerowych tworzyw sztucznych. Na rynku krajowym i zagranicznym dzia\u0142amy od ponad 15 lat dbaj\u0105c o zapewnienie bezpiecze\u0144stwa w zak\u0142adach produkcyjnych, magazynach oraz centrach logistycznych.\",\"potentialAction\":[{\"@type\":\"SearchAction\",\"target\":{\"@type\":\"EntryPoint\",\"urlTemplate\":\"https:\/\/antersystem.com\/it\/?s={search_term_string}\"},\"query-input\":{\"@type\":\"PropertyValueSpecification\",\"valueRequired\":true,\"valueName\":\"search_term_string\"}}],\"inLanguage\":\"it-IT\"}]}<\/script>\n<!-- \/ Yoast SEO plugin. -->","yoast_head_json":{"title":"Standard igienici - Anter System","description":"Le soluzioni per la sicurezza sul lavoro dipendono dalle condizioni specifiche dell'ambiente. Nel caso delle nostre barriere flessibili, ci\u00f2 include anche gli standard igienici.","robots":{"index":"index","follow":"follow","max-snippet":"max-snippet:-1","max-image-preview":"max-image-preview:large","max-video-preview":"max-video-preview:-1"},"canonical":"https:\/\/antersystem.com\/it\/notizie\/hygiene-standards\/","og_locale":"it_IT","og_type":"article","og_title":"Standard igienici - Anter System","og_description":"Le soluzioni per la sicurezza sul lavoro dipendono dalle condizioni specifiche dell'ambiente. Nel caso delle nostre barriere flessibili, ci\u00f2 include anche gli standard igienici.","og_url":"https:\/\/antersystem.com\/it\/notizie\/hygiene-standards\/","og_site_name":"Anter System","article_modified_time":"2026-01-30T13:30:26+00:00","og_image":[{"url":"https:\/\/antersystem.com\/wp-content\/uploads\/mroznia-768x1024.webp","type":"","width":"","height":""}],"twitter_card":"summary_large_image","twitter_misc":{"Tempo di lettura stimato":"3 minuti"},"schema":{"@context":"https:\/\/schema.org","@graph":[{"@type":"WebPage","@id":"https:\/\/antersystem.com\/it\/notizie\/hygiene-standards\/","url":"https:\/\/antersystem.com\/it\/notizie\/hygiene-standards\/","name":"Standard igienici - Anter System","isPartOf":{"@id":"https:\/\/antersystem.com\/it\/#website"},"primaryImageOfPage":{"@id":"https:\/\/antersystem.com\/it\/notizie\/hygiene-standards\/#primaryimage"},"image":{"@id":"https:\/\/antersystem.com\/it\/notizie\/hygiene-standards\/#primaryimage"},"thumbnailUrl":"https:\/\/antersystem.com\/wp-content\/uploads\/mroznia-768x1024.webp","datePublished":"2024-04-24T13:59:43+00:00","dateModified":"2026-01-30T13:30:26+00:00","description":"Le soluzioni per la sicurezza sul lavoro dipendono dalle condizioni specifiche dell'ambiente. Nel caso delle nostre barriere flessibili, ci\u00f2 include anche gli standard igienici.","breadcrumb":{"@id":"https:\/\/antersystem.com\/it\/notizie\/hygiene-standards\/#breadcrumb"},"inLanguage":"it-IT","potentialAction":[{"@type":"ReadAction","target":["https:\/\/antersystem.com\/it\/notizie\/hygiene-standards\/"]}]},{"@type":"ImageObject","inLanguage":"it-IT","@id":"https:\/\/antersystem.com\/it\/notizie\/hygiene-standards\/#primaryimage","url":"https:\/\/antersystem.com\/wp-content\/uploads\/mroznia-768x1024.webp","contentUrl":"https:\/\/antersystem.com\/wp-content\/uploads\/mroznia-768x1024.webp"},{"@type":"BreadcrumbList","@id":"https:\/\/antersystem.com\/it\/notizie\/hygiene-standards\/#breadcrumb","itemListElement":[{"@type":"ListItem","position":1,"name":"AnterSystem","item":"https:\/\/antersystem.com\/it\/"},{"@type":"ListItem","position":2,"name":"Notizie","item":"https:\/\/antersystem.com\/it\/notizie\/"},{"@type":"ListItem","position":3,"name":"Standard igienici"}]},{"@type":"WebSite","@id":"https:\/\/antersystem.com\/it\/#website","url":"https:\/\/antersystem.com\/it\/","name":"Anter System","description":"Jeste\u015bmy polskim producentem elastycznych barier ochronnych wykonywanych z polimerowych tworzyw sztucznych. Na rynku krajowym i zagranicznym dzia\u0142amy od ponad 15 lat dbaj\u0105c o zapewnienie bezpiecze\u0144stwa w zak\u0142adach produkcyjnych, magazynach oraz centrach logistycznych.","potentialAction":[{"@type":"SearchAction","target":{"@type":"EntryPoint","urlTemplate":"https:\/\/antersystem.com\/it\/?s={search_term_string}"},"query-input":{"@type":"PropertyValueSpecification","valueRequired":true,"valueName":"search_term_string"}}],"inLanguage":"it-IT"}]}},"_links":{"self":[{"href":"https:\/\/antersystem.com\/it\/wp-json\/wp\/v2\/pages\/13218","targetHints":{"allow":["GET"]}}],"collection":[{"href":"https:\/\/antersystem.com\/it\/wp-json\/wp\/v2\/pages"}],"about":[{"href":"https:\/\/antersystem.com\/it\/wp-json\/wp\/v2\/types\/page"}],"author":[{"embeddable":true,"href":"https:\/\/antersystem.com\/it\/wp-json\/wp\/v2\/users\/1"}],"replies":[{"embeddable":true,"href":"https:\/\/antersystem.com\/it\/wp-json\/wp\/v2\/comments?post=13218"}],"version-history":[{"count":1,"href":"https:\/\/antersystem.com\/it\/wp-json\/wp\/v2\/pages\/13218\/revisions"}],"predecessor-version":[{"id":13222,"href":"https:\/\/antersystem.com\/it\/wp-json\/wp\/v2\/pages\/13218\/revisions\/13222"}],"up":[{"embeddable":true,"href":"https:\/\/antersystem.com\/it\/wp-json\/wp\/v2\/pages\/30444"}],"wp:attachment":[{"href":"https:\/\/antersystem.com\/it\/wp-json\/wp\/v2\/media?parent=13218"}],"curies":[{"name":"wp","href":"https:\/\/api.w.org\/{rel}","templated":true}]}}