{"id":13322,"date":"2024-04-12T12:31:12","date_gmt":"2024-04-12T10:31:12","guid":{"rendered":"https:\/\/new.antersystem.com\/gold-medal-traffic-dock-gate\/"},"modified":"2026-01-30T14:30:26","modified_gmt":"2026-01-30T13:30:26","slug":"gold-medal-traffic-dock-gate","status":"publish","type":"page","link":"https:\/\/antersystem.com\/it\/notizie\/gold-medal-traffic-dock-gate\/","title":{"rendered":"Medaglia d&#8217;oro per il TRAFFIC DOCK GATE"},"content":{"rendered":"\n<div class=\"wp-block-columns is-layout-flex wp-container-core-columns-is-layout-9d6595d7 wp-block-columns-is-layout-flex\">\n<div class=\"wp-block-column is-layout-flow wp-block-column-is-layout-flow\" style=\"flex-basis:10%\"><\/div>\n\n\n\n<div class=\"wp-block-column is-layout-flow wp-block-column-is-layout-flow\">\n<h3 class=\"wp-block-heading\">Premio Medaglia d&#8217;oro per il TRAFFIC DOCK GATE<\/h3>\n\n\n\n<p>La <strong>Medaglia d&#8217;Oro<\/strong> \u00e8 un prestigioso riconoscimento assegnato in occasione delle fiere di settore, tra cui la <strong>Fiera SAWO<\/strong>. Riconosce l&#8217;<strong>innovazione, la qualit\u00e0 e il valore dei prodotti<\/strong> e dei servizi presentati durante l&#8217;evento. Il concorso della Medaglia d&#8217;Oro offre agli espositori un&#8217;opportunit\u00e0 unica per presentare le loro ultime soluzioni e ottenere il riconoscimento di clienti e partner commerciali.  <\/p>\n\n\n\n<p>Uno dei vincitori della Medaglia d&#8217;Oro di quest&#8217;anno \u00e8 il nostro <strong><a href=\"https:\/\/antersystem.com\/it\/prodotti\/traffic-dock-gate\/bramka-dock-gate-3-2\/\">Cancello automatico TRAFFIC DOCK GATE R2<\/a><\/strong>. Questa soluzione innovativa garantisce una gestione sicura ed efficiente dei carichi nelle aree di carico, nelle zone di stoccaggio e nei magazzini. Il cancello \u00e8 dotato di funzioni di automazione avanzate, che consentono di effettuare operazioni di carico e scarico fluide e rapide in condizioni di sicurezza. Il suo design innovativo e la sua applicazione pratica sono stati i fattori chiave che hanno contribuito al conferimento della Medaglia d&#8217;Oro alla fiera SAWO.<\/p>\n\n\n\n<figure class=\"wp-block-gallery has-nested-images columns-default is-cropped wp-block-gallery-1 is-layout-flex wp-block-gallery-is-layout-flex\">\n<figure class=\"wp-block-image size-large\"><img loading=\"lazy\" decoding=\"async\" width=\"720\" height=\"480\" data-id=\"4584\" src=\"https:\/\/antersystem.com\/wp-content\/uploads\/2024_SAWO-Anter-System.webp\" alt=\"foto del prestigioso premio Medaglia d'Oro assegnato alla fiera SAWO\" class=\"wp-image-4584\" srcset=\"https:\/\/antersystem.com\/wp-content\/uploads\/2024_SAWO-Anter-System.webp 720w, https:\/\/antersystem.com\/wp-content\/uploads\/2024_SAWO-Anter-System-300x200.webp 300w, https:\/\/antersystem.com\/wp-content\/uploads\/2024_SAWO-Anter-System-450x300.webp 450w, https:\/\/antersystem.com\/wp-content\/uploads\/2024_SAWO-Anter-System-330x220.webp 330w\" sizes=\"auto, (max-width: 720px) 100vw, 720px\" \/><\/figure>\n\n\n<figure class=\"wp-block-image size-large\"><img loading=\"lazy\" decoding=\"async\" width=\"720\" height=\"480\" data-id=\"4585\" src=\"https:\/\/antersystem.com\/wp-content\/uploads\/2024-SAWO-Anter-System.webp\" alt=\"Foto che mostra il CEO di Anter System mentre riceve il premio Medaglia d'Oro alla fiera SAWO\" class=\"wp-image-4585\" srcset=\"https:\/\/antersystem.com\/wp-content\/uploads\/2024-SAWO-Anter-System.webp 720w, https:\/\/antersystem.com\/wp-content\/uploads\/2024-SAWO-Anter-System-300x200.webp 300w, https:\/\/antersystem.com\/wp-content\/uploads\/2024-SAWO-Anter-System-450x300.webp 450w, https:\/\/antersystem.com\/wp-content\/uploads\/2024-SAWO-Anter-System-330x220.webp 330w\" sizes=\"auto, (max-width: 720px) 100vw, 720px\" \/><\/figure><\/figure>\n\n\n\n<p>Il <strong>Traffic Dock Gate R2<\/strong> \u00e8 stato progettato per <strong>proteggere le porte delle baie di carico e le banchine<\/strong>, fungendo da barriera affidabile contro il movimento incontrollato dei veicoli. \u00c8 altamente <strong>resistente agli urti<\/strong>, soprattutto in caso di contatto con i carrelli elevatori. Il materiale polimerico flessibile permette ai profili del cancello di piegarsi, assorbire l&#8217;energia dell&#8217;impatto e tornare alla forma originale. Questo non solo <strong>riduce al minimo il rischio di lesioni e danni da collisione<\/strong> per i lavoratori, ma riduce anche lo shock subito dall&#8217;operatore del carrello elevatore. Inoltre, i sistemi di controllo del cancello possono essere integrati con l&#8217;automazione dell&#8217;edificio esistente per una maggiore efficienza e facilit\u00e0 d&#8217;uso.    <\/p>\n\n\n\n<div class=\"wp-block-group is-nowrap is-layout-flex wp-container-core-group-is-layout-ad2f72ca wp-block-group-is-layout-flex\">\n<p>Il <strong>Traffic Dock Gate R2<\/strong> \u00e8 dotato di un <strong>sistema di sollevamento\/abbassamento automatico<\/strong> e pu\u00f2 emettere <strong>avvisi acustici e visivi<\/strong> per segnalare l&#8217;aumento del rischio in zone pericolose. Un&#8217;opzione disponibile \u00e8 un <strong>sistema di rilevamento dei veicoli<\/strong> che blocca automaticamente il cancello in presenza di carrelli elevatori o veicoli da trasporto. Pu\u00f2 anche essere <strong>integrato con il sistema di gestione dell&#8217;edificio (BMS)<\/strong>, che apre automaticamente il cancello in caso di incendio, creando percorsi di evacuazione sicuri.  <\/p>\n<\/div>\n\n\n\n<p>Il <strong>marchio Anter System<\/strong> offre una serie di opzioni di controllo per il TRAFFIC DOCK GATE R2, tra cui controllo remoto, sistemi di tessere di accesso, sensori di movimento, pulsanti manuali e integrazione con i sistemi del cliente. Il materiale polimerico flessibile garantisce non solo un&#8217;elevata durata, ma anche la <strong>compatibilit\u00e0 modulare<\/strong> con altri prodotti protettivi Anter System, come le barriere pedonali flessibili. <\/p>\n\n\n<div class=\"wp-block-image\">\n<figure class=\"aligncenter size-large is-resized\"><img loading=\"lazy\" decoding=\"async\" width=\"758\" height=\"1024\" src=\"https:\/\/antersystem.com\/wp-content\/uploads\/Zloty-medal-dla-automatycznej-bramki-Traffic-Dock-Gate-758x1024.webp\" alt=\"Traffic Dock Gate R2 ha ricevuto la medaglia d'oro a SAWO\" class=\"wp-image-4538\" style=\"width:414px;height:auto\" srcset=\"https:\/\/antersystem.com\/wp-content\/uploads\/Zloty-medal-dla-automatycznej-bramki-Traffic-Dock-Gate-758x1024.webp 758w, https:\/\/antersystem.com\/wp-content\/uploads\/Zloty-medal-dla-automatycznej-bramki-Traffic-Dock-Gate-222x300.webp 222w, https:\/\/antersystem.com\/wp-content\/uploads\/Zloty-medal-dla-automatycznej-bramki-Traffic-Dock-Gate-768x1037.webp 768w, https:\/\/antersystem.com\/wp-content\/uploads\/Zloty-medal-dla-automatycznej-bramki-Traffic-Dock-Gate-1137x1536.webp 1137w, https:\/\/antersystem.com\/wp-content\/uploads\/Zloty-medal-dla-automatycznej-bramki-Traffic-Dock-Gate-450x608.webp 450w, https:\/\/antersystem.com\/wp-content\/uploads\/Zloty-medal-dla-automatycznej-bramki-Traffic-Dock-Gate-330x446.webp 330w, https:\/\/antersystem.com\/wp-content\/uploads\/Zloty-medal-dla-automatycznej-bramki-Traffic-Dock-Gate.webp 1164w\" sizes=\"auto, (max-width: 758px) 100vw, 758px\" \/><\/figure><\/div><\/div>\n\n\n\n<div class=\"wp-block-column is-layout-flow wp-block-column-is-layout-flow\" style=\"flex-basis:10%\"><\/div>\n<\/div>\n","protected":false},"excerpt":{"rendered":"<p>Premio Medaglia d&#8217;oro per il TRAFFIC DOCK GATE La Medaglia d&#8217;Oro \u00e8 un prestigioso riconoscimento assegnato in occasione delle fiere di settore, tra cui la Fiera SAWO. Riconosce l&#8217;innovazione, la qualit\u00e0 e il valore dei prodotti e dei servizi presentati durante l&#8217;evento. Il concorso della Medaglia d&#8217;Oro offre agli espositori un&#8217;opportunit\u00e0 unica per presentare le [&hellip;]<\/p>\n","protected":false},"author":1,"featured_media":0,"parent":30444,"menu_order":0,"comment_status":"closed","ping_status":"closed","template":"","meta":{"inline_featured_image":false,"ngg_post_thumbnail":0,"footnotes":""},"class_list":["post-13322","page","type-page","status-publish","hentry"],"acf":[],"yoast_head":"<!-- This site is optimized with the Yoast SEO plugin v27.0 - https:\/\/yoast.com\/product\/yoast-seo-wordpress\/ -->\n<title>Medaglia d&#039;oro per il TRAFFIC DOCK GATE - Anter System<\/title>\n<meta name=\"description\" content=\"Premio Medaglia d&#039;oro per il TRAFFIC DOCK GATE La Medaglia d&#039;Oro \u00e8 un prestigioso riconoscimento assegnato in occasione delle fiere di settore, tra cui la\" \/>\n<meta name=\"robots\" content=\"index, follow, max-snippet:-1, max-image-preview:large, max-video-preview:-1\" \/>\n<link rel=\"canonical\" href=\"https:\/\/antersystem.com\/it\/notizie\/gold-medal-traffic-dock-gate\/\" \/>\n<meta property=\"og:locale\" content=\"it_IT\" \/>\n<meta property=\"og:type\" content=\"article\" \/>\n<meta property=\"og:title\" content=\"Medaglia d&#039;oro per il TRAFFIC DOCK GATE - Anter System\" \/>\n<meta property=\"og:description\" content=\"Premio Medaglia d&#039;oro per il TRAFFIC DOCK GATE La Medaglia d&#039;Oro \u00e8 un prestigioso riconoscimento assegnato in occasione delle fiere di settore, tra cui la\" \/>\n<meta property=\"og:url\" content=\"https:\/\/antersystem.com\/it\/notizie\/gold-medal-traffic-dock-gate\/\" \/>\n<meta property=\"og:site_name\" content=\"Anter System\" \/>\n<meta property=\"article:modified_time\" content=\"2026-01-30T13:30:26+00:00\" \/>\n<meta property=\"og:image\" content=\"https:\/\/antersystem.com\/wp-content\/uploads\/2024_SAWO-Anter-System.webp\" \/>\n<meta name=\"twitter:card\" content=\"summary_large_image\" \/>\n<meta name=\"twitter:label1\" content=\"Tempo di lettura stimato\" \/>\n\t<meta name=\"twitter:data1\" content=\"2 minuti\" \/>\n<script type=\"application\/ld+json\" class=\"yoast-schema-graph\">{\"@context\":\"https:\/\/schema.org\",\"@graph\":[{\"@type\":\"WebPage\",\"@id\":\"https:\/\/antersystem.com\/it\/notizie\/gold-medal-traffic-dock-gate\/\",\"url\":\"https:\/\/antersystem.com\/it\/notizie\/gold-medal-traffic-dock-gate\/\",\"name\":\"Medaglia d'oro per il TRAFFIC DOCK GATE - Anter System\",\"isPartOf\":{\"@id\":\"https:\/\/antersystem.com\/it\/#website\"},\"primaryImageOfPage\":{\"@id\":\"https:\/\/antersystem.com\/it\/notizie\/gold-medal-traffic-dock-gate\/#primaryimage\"},\"image\":{\"@id\":\"https:\/\/antersystem.com\/it\/notizie\/gold-medal-traffic-dock-gate\/#primaryimage\"},\"thumbnailUrl\":\"https:\/\/antersystem.com\/wp-content\/uploads\/2024_SAWO-Anter-System.webp\",\"datePublished\":\"2024-04-12T10:31:12+00:00\",\"dateModified\":\"2026-01-30T13:30:26+00:00\",\"description\":\"Premio Medaglia d'oro per il TRAFFIC DOCK GATE La Medaglia d'Oro \u00e8 un prestigioso riconoscimento assegnato in occasione delle fiere di settore, tra cui la\",\"breadcrumb\":{\"@id\":\"https:\/\/antersystem.com\/it\/notizie\/gold-medal-traffic-dock-gate\/#breadcrumb\"},\"inLanguage\":\"it-IT\",\"potentialAction\":[{\"@type\":\"ReadAction\",\"target\":[\"https:\/\/antersystem.com\/it\/notizie\/gold-medal-traffic-dock-gate\/\"]}]},{\"@type\":\"ImageObject\",\"inLanguage\":\"it-IT\",\"@id\":\"https:\/\/antersystem.com\/it\/notizie\/gold-medal-traffic-dock-gate\/#primaryimage\",\"url\":\"https:\/\/antersystem.com\/wp-content\/uploads\/2024_SAWO-Anter-System.webp\",\"contentUrl\":\"https:\/\/antersystem.com\/wp-content\/uploads\/2024_SAWO-Anter-System.webp\"},{\"@type\":\"BreadcrumbList\",\"@id\":\"https:\/\/antersystem.com\/it\/notizie\/gold-medal-traffic-dock-gate\/#breadcrumb\",\"itemListElement\":[{\"@type\":\"ListItem\",\"position\":1,\"name\":\"AnterSystem\",\"item\":\"https:\/\/antersystem.com\/it\/\"},{\"@type\":\"ListItem\",\"position\":2,\"name\":\"Notizie\",\"item\":\"https:\/\/antersystem.com\/it\/notizie\/\"},{\"@type\":\"ListItem\",\"position\":3,\"name\":\"Medaglia d&#8217;oro per il TRAFFIC DOCK GATE\"}]},{\"@type\":\"WebSite\",\"@id\":\"https:\/\/antersystem.com\/it\/#website\",\"url\":\"https:\/\/antersystem.com\/it\/\",\"name\":\"Anter System\",\"description\":\"Jeste\u015bmy polskim producentem elastycznych barier ochronnych wykonywanych z polimerowych tworzyw sztucznych. Na rynku krajowym i zagranicznym dzia\u0142amy od ponad 15 lat dbaj\u0105c o zapewnienie bezpiecze\u0144stwa w zak\u0142adach produkcyjnych, magazynach oraz centrach logistycznych.\",\"potentialAction\":[{\"@type\":\"SearchAction\",\"target\":{\"@type\":\"EntryPoint\",\"urlTemplate\":\"https:\/\/antersystem.com\/it\/?s={search_term_string}\"},\"query-input\":{\"@type\":\"PropertyValueSpecification\",\"valueRequired\":true,\"valueName\":\"search_term_string\"}}],\"inLanguage\":\"it-IT\"}]}<\/script>\n<!-- \/ Yoast SEO plugin. -->","yoast_head_json":{"title":"Medaglia d'oro per il TRAFFIC DOCK GATE - Anter System","description":"Premio Medaglia d'oro per il TRAFFIC DOCK GATE La Medaglia d'Oro \u00e8 un prestigioso riconoscimento assegnato in occasione delle fiere di settore, tra cui la","robots":{"index":"index","follow":"follow","max-snippet":"max-snippet:-1","max-image-preview":"max-image-preview:large","max-video-preview":"max-video-preview:-1"},"canonical":"https:\/\/antersystem.com\/it\/notizie\/gold-medal-traffic-dock-gate\/","og_locale":"it_IT","og_type":"article","og_title":"Medaglia d'oro per il TRAFFIC DOCK GATE - Anter System","og_description":"Premio Medaglia d'oro per il TRAFFIC DOCK GATE La Medaglia d'Oro \u00e8 un prestigioso riconoscimento assegnato in occasione delle fiere di settore, tra cui la","og_url":"https:\/\/antersystem.com\/it\/notizie\/gold-medal-traffic-dock-gate\/","og_site_name":"Anter System","article_modified_time":"2026-01-30T13:30:26+00:00","og_image":[{"url":"https:\/\/antersystem.com\/wp-content\/uploads\/2024_SAWO-Anter-System.webp","type":"","width":"","height":""}],"twitter_card":"summary_large_image","twitter_misc":{"Tempo di lettura stimato":"2 minuti"},"schema":{"@context":"https:\/\/schema.org","@graph":[{"@type":"WebPage","@id":"https:\/\/antersystem.com\/it\/notizie\/gold-medal-traffic-dock-gate\/","url":"https:\/\/antersystem.com\/it\/notizie\/gold-medal-traffic-dock-gate\/","name":"Medaglia d'oro per il TRAFFIC DOCK GATE - Anter System","isPartOf":{"@id":"https:\/\/antersystem.com\/it\/#website"},"primaryImageOfPage":{"@id":"https:\/\/antersystem.com\/it\/notizie\/gold-medal-traffic-dock-gate\/#primaryimage"},"image":{"@id":"https:\/\/antersystem.com\/it\/notizie\/gold-medal-traffic-dock-gate\/#primaryimage"},"thumbnailUrl":"https:\/\/antersystem.com\/wp-content\/uploads\/2024_SAWO-Anter-System.webp","datePublished":"2024-04-12T10:31:12+00:00","dateModified":"2026-01-30T13:30:26+00:00","description":"Premio Medaglia d'oro per il TRAFFIC DOCK GATE La Medaglia d'Oro \u00e8 un prestigioso riconoscimento assegnato in occasione delle fiere di settore, tra cui la","breadcrumb":{"@id":"https:\/\/antersystem.com\/it\/notizie\/gold-medal-traffic-dock-gate\/#breadcrumb"},"inLanguage":"it-IT","potentialAction":[{"@type":"ReadAction","target":["https:\/\/antersystem.com\/it\/notizie\/gold-medal-traffic-dock-gate\/"]}]},{"@type":"ImageObject","inLanguage":"it-IT","@id":"https:\/\/antersystem.com\/it\/notizie\/gold-medal-traffic-dock-gate\/#primaryimage","url":"https:\/\/antersystem.com\/wp-content\/uploads\/2024_SAWO-Anter-System.webp","contentUrl":"https:\/\/antersystem.com\/wp-content\/uploads\/2024_SAWO-Anter-System.webp"},{"@type":"BreadcrumbList","@id":"https:\/\/antersystem.com\/it\/notizie\/gold-medal-traffic-dock-gate\/#breadcrumb","itemListElement":[{"@type":"ListItem","position":1,"name":"AnterSystem","item":"https:\/\/antersystem.com\/it\/"},{"@type":"ListItem","position":2,"name":"Notizie","item":"https:\/\/antersystem.com\/it\/notizie\/"},{"@type":"ListItem","position":3,"name":"Medaglia d&#8217;oro per il TRAFFIC DOCK GATE"}]},{"@type":"WebSite","@id":"https:\/\/antersystem.com\/it\/#website","url":"https:\/\/antersystem.com\/it\/","name":"Anter System","description":"Jeste\u015bmy polskim producentem elastycznych barier ochronnych wykonywanych z polimerowych tworzyw sztucznych. Na rynku krajowym i zagranicznym dzia\u0142amy od ponad 15 lat dbaj\u0105c o zapewnienie bezpiecze\u0144stwa w zak\u0142adach produkcyjnych, magazynach oraz centrach logistycznych.","potentialAction":[{"@type":"SearchAction","target":{"@type":"EntryPoint","urlTemplate":"https:\/\/antersystem.com\/it\/?s={search_term_string}"},"query-input":{"@type":"PropertyValueSpecification","valueRequired":true,"valueName":"search_term_string"}}],"inLanguage":"it-IT"}]}},"_links":{"self":[{"href":"https:\/\/antersystem.com\/it\/wp-json\/wp\/v2\/pages\/13322","targetHints":{"allow":["GET"]}}],"collection":[{"href":"https:\/\/antersystem.com\/it\/wp-json\/wp\/v2\/pages"}],"about":[{"href":"https:\/\/antersystem.com\/it\/wp-json\/wp\/v2\/types\/page"}],"author":[{"embeddable":true,"href":"https:\/\/antersystem.com\/it\/wp-json\/wp\/v2\/users\/1"}],"replies":[{"embeddable":true,"href":"https:\/\/antersystem.com\/it\/wp-json\/wp\/v2\/comments?post=13322"}],"version-history":[{"count":1,"href":"https:\/\/antersystem.com\/it\/wp-json\/wp\/v2\/pages\/13322\/revisions"}],"predecessor-version":[{"id":13328,"href":"https:\/\/antersystem.com\/it\/wp-json\/wp\/v2\/pages\/13322\/revisions\/13328"}],"up":[{"embeddable":true,"href":"https:\/\/antersystem.com\/it\/wp-json\/wp\/v2\/pages\/30444"}],"wp:attachment":[{"href":"https:\/\/antersystem.com\/it\/wp-json\/wp\/v2\/media?parent=13322"}],"curies":[{"name":"wp","href":"https:\/\/api.w.org\/{rel}","templated":true}]}}