{"id":15343,"date":"2023-10-16T15:46:15","date_gmt":"2023-10-16T13:46:15","guid":{"rendered":"https:\/\/new.antersystem.com\/what-are-barriers-made-of\/"},"modified":"2026-01-30T14:30:26","modified_gmt":"2026-01-30T13:30:26","slug":"what-are-barriers-made-of","status":"publish","type":"page","link":"https:\/\/antersystem.com\/it\/notizie\/what-are-barriers-made-of\/","title":{"rendered":"Di cosa sono fatte le nostre barriere?"},"content":{"rendered":"\n<div class=\"wp-block-columns is-layout-flex wp-container-core-columns-is-layout-9d6595d7 wp-block-columns-is-layout-flex\">\n  \n  <div class=\"wp-block-column is-layout-flow wp-block-column-is-layout-flow\" style=\"flex-basis:10%\"><\/div>\n  \n\n  \n  <div class=\"wp-block-column is-layout-flow wp-block-column-is-layout-flow\">\n    \n    <h3 class=\"wp-block-heading\"><strong>i-PLAST e ERTAX<\/strong><\/h3>\n    \n\n    \n    <p>Progettiamo e produciamo barriere di sicurezza innovative utilizzando i nostri materiali proprietari: <strong>i-PLAST<\/strong> ed <strong>ERTAX<\/strong>.<\/p>\n    \n\n    \n    <p>Il <strong>composto i-PLAST<\/strong> \u00e8 un materiale a base di polimeri tecnici rinforzati. Permette di produrre barre con spessori e geometrie finora irraggiungibili. <strong>i-PLAST \u00e8 completamente resistente al fuoco, atossico e pienamente conforme agli standard HACCP<\/strong>, il che lo rende ideale per le aziende che operano in base a rigide norme igieniche.<\/p>\n    \n\n    \n    <p>Le barriere estruse da questo composto dimostrano un&#8217;eccezionale <strong>resistenza agli agenti atmosferici (esposizione ai raggi UV, gelo) e alla corrosione<\/strong>, il che le rende adatte all&#8217;installazione sia in interni che in esterni. I profili sono cavi e consentono alle barriere di assorbire l&#8217;energia dell&#8217;impatto e di disperderla in modo efficiente. Una volta rilasciata la pressione, tornano alla loro forma originale. Mantengono la loro struttura anche dopo le collisioni con i carrelli elevatori, proteggendo sia il pavimento nel punto di installazione che la struttura dell&#8217;edificio.<\/p>\n    \n\n    \n    <p>Il <strong>composto ERTAX<\/strong> \u00e8 un innovativo materiale tecno-plastico di nostra formulazione che dimostra un&#8217;<strong>elevata flessibilit\u00e0 meccanica<\/strong>. \u00c8 atossico e conforme alle norme HACCP. La superficie non subisce alcun pre-trattamento, garantendo una durata a lungo termine e un&#8217;estetica costante nel tempo.<\/p>\n    \n\n    \n    <p>Le barriere sono realizzate con lastre semilavorate ad alta compressione. La loro geometria brevettata <strong>garantisce prestazioni dinamiche in caso di impatto e deformazione controllata<\/strong>.<\/p>\n    \n\n    \n    <p><strong>Tutti i prodotti sono testati dal T\u00dcV Rheinland<\/strong> e hanno ricevuto la certificazione di sicurezza. <a href=\"https:\/\/antersystem.com\/o-naszej-firmie\/\">Sono sottoposti a ispezioni di produzione annuali per garantire prestazioni costanti e di alta qualit\u00e0.<\/a><\/p>\n    \n\n    \n<div data-video-id=\"\" class='wp-block-html5-player-video html5_video_players' class=\"wp-block-html5-player-video\" data-nonce=\"93a13dc457\" data-attributes=\"{&quot;source&quot;:&quot;https:\\\/\\\/antersystem.com\\\/wp-content\\\/uploads\\\/AnterSystem_animacja.mp4&quot;,&quot;provider&quot;:&quot;self-hosted&quot;,&quot;imported&quot;:false,&quot;poster&quot;:&quot;&quot;,&quot;options&quot;:{&quot;controls&quot;:[&quot;play-large&quot;,&quot;play&quot;,&quot;progress&quot;,&quot;current-time&quot;,&quot;mute&quot;,&quot;volume&quot;,&quot;captions&quot;,&quot;settings&quot;,&quot;airplay&quot;,&quot;fullscreen&quot;],&quot;settings&quot;:[&quot;captions&quot;,&quot;quality&quot;,&quot;speed&quot;,&quot;loop&quot;],&quot;loadSprite&quot;:true,&quot;autoplay&quot;:false,&quot;playsinline&quot;:true,&quot;seekTime&quot;:10,&quot;volume&quot;:1,&quot;muted&quot;:false,&quot;hideControls&quot;:true,&quot;resetOnEnd&quot;:false,&quot;tooltips&quot;:{&quot;controls&quot;:true,&quot;seek&quot;:true},&quot;captions&quot;:{&quot;active&quot;:true,&quot;language&quot;:&quot;auto&quot;,&quot;update&quot;:true},&quot;ratio&quot;:null,&quot;storage&quot;:{&quot;enabled&quot;:true,&quot;key&quot;:&quot;plyr&quot;},&quot;speed&quot;:{&quot;options&quot;:[0.5,0.75,1,1.25,1.5,1.75,2,4]},&quot;loop&quot;:{&quot;active&quot;:false},&quot;ads&quot;:{&quot;enabled&quot;:true,&quot;tagUrl&quot;:null},&quot;urls&quot;:{&quot;enabled&quot;:false,&quot;download&quot;:null},&quot;markers&quot;:{&quot;enabled&quot;:false,&quot;points&quot;:[]},&quot;preload&quot;:&quot;metadata&quot;},&quot;features&quot;:{&quot;popup&quot;:{&quot;enabled&quot;:false,&quot;selector&quot;:null,&quot;hasBtn&quot;:false,&quot;type&quot;:&quot;button&quot;,&quot;btnText&quot;:&quot;Watch Video&quot;,&quot;align&quot;:&quot;center&quot;,&quot;btnStyle&quot;:{&quot;color&quot;:&quot;#fff&quot;,&quot;backgroundColor&quot;:&quot;#006BA1&quot;,&quot;fontSize&quot;:&quot;16px&quot;,&quot;padding&quot;:{&quot;top&quot;:&quot;10px&quot;,&quot;right&quot;:&quot;20px&quot;,&quot;bottom&quot;:&quot;10px&quot;,&quot;left&quot;:&quot;20px&quot;}},&quot;isTrigger&quot;:false},&quot;overlay&quot;:{&quot;enabled&quot;:false,&quot;items&quot;:[{&quot;color&quot;:&quot;#fff&quot;,&quot;backgroundColor&quot;:&quot;#333&quot;,&quot;fontSize&quot;:&quot;16px&quot;,&quot;link&quot;:&quot;&quot;,&quot;logo&quot;:&quot;&quot;,&quot;text&quot;:&quot;Simple Text&quot;,&quot;position&quot;:&quot;top_right&quot;,&quot;type&quot;:&quot;text&quot;,&quot;opacity&quot;:1}]},&quot;endScreen&quot;:{&quot;enabled&quot;:false,&quot;text&quot;:&quot;Simple Text&quot;,&quot;btnText&quot;:&quot;Visit&quot;,&quot;btnLink&quot;:&quot;&quot;,&quot;btnStyle&quot;:[]},&quot;thumbInPause&quot;:{&quot;enabled&quot;:false,&quot;type&quot;:&quot;default&quot;},&quot;watermark&quot;:{&quot;enabled&quot;:false,&quot;type&quot;:&quot;email&quot;,&quot;text&quot;:&quot;&quot;,&quot;color&quot;:&quot;#f00&quot;},&quot;passwordProtected&quot;:{&quot;enabled&quot;:false,&quot;errorMessage&quot;:&quot;Password didn&#039;t matched&quot;,&quot;heading&quot;:&quot;Please Entire the password to access the video&quot;,&quot;button&quot;:{&quot;text&quot;:&quot;Access&quot;,&quot;color&quot;:&quot;#222&quot;,&quot;backgroundColor&quot;:&quot;#ffffffe3&quot;},&quot;password&quot;:null},&quot;sticky&quot;:{&quot;enabled&quot;:false,&quot;position&quot;:&quot;top_right&quot;},&quot;playWhenVisible&quot;:false,&quot;disablePause&quot;:false,&quot;hideYoutubeUI&quot;:false,&quot;startTime&quot;:null,&quot;hideLoadingPlaceholder&quot;:false,&quot;saveState&quot;:false},&quot;onlyLoggedIn&quot;:{&quot;whoCanSeeThisVideo&quot;:&quot;everyone&quot;,&quot;allowedRoles&quot;:[],&quot;message&quot;:&quot;This video is only for registered users. Please login to view the video.&quot;},&quot;seo&quot;:{&quot;title&quot;:&quot;&quot;,&quot;description&quot;:&quot;&quot;,&quot;duration&quot;:&quot;&quot;},&quot;quality&quot;:[],&quot;subtitle&quot;:[{&quot;label&quot;:&quot;English\\\/en&quot;,&quot;caption_file&quot;:&quot;&quot;}],&quot;thumbInPause&quot;:false,&quot;hideYoutubeUI&quot;:false,&quot;autoplayWhenVisible&quot;:false,&quot;styles&quot;:{&quot;plyr_wrapper&quot;:{&quot;width&quot;:&quot;100%&quot;,&quot;borderRadius&quot;:&quot;0px&quot;,&quot;overflow&quot;:&quot;hidden&quot;},&quot;.plyr&quot;:{&quot;--plyr-color-main&quot;:&quot;#00b2ff&quot;}},&quot;CSS&quot;:&quot;&quot;,&quot;isCDURL&quot;:false,&quot;posterTime&quot;:20,&quot;chapters&quot;:[],&quot;controls&quot;:{&quot;play-large&quot;:true,&quot;restart&quot;:false,&quot;rewind&quot;:false,&quot;play&quot;:true,&quot;fast-forward&quot;:false,&quot;progress&quot;:true,&quot;current-time&quot;:true,&quot;duration&quot;:false,&quot;mute&quot;:true,&quot;volume&quot;:true,&quot;pip&quot;:false,&quot;airplay&quot;:false,&quot;settings&quot;:true,&quot;downlaod&quot;:false,&quot;fullscreen&quot;:true},&quot;brandColor&quot;:&quot;#00B3FF&quot;,&quot;width&quot;:{&quot;deprecated&quot;:true,&quot;number&quot;:100,&quot;unit&quot;:&quot;%&quot;},&quot;radius&quot;:{&quot;number&quot;:0,&quot;unit&quot;:&quot;px&quot;},&quot;repeat&quot;:false,&quot;autoplay&quot;:false,&quot;muted&quot;:false,&quot;sticky&quot;:false,&quot;stickyPosition&quot;:&quot;top-right&quot;,&quot;popup&quot;:false,&quot;popupType&quot;:&quot;button&quot;,&quot;playsinline&quot;:false,&quot;popupBtnStyle&quot;:{&quot;color&quot;:&quot;#fff&quot;,&quot;backgroundColor&quot;:&quot;#006BA1&quot;,&quot;fontSize&quot;:&quot;16px&quot;,&quot;padding&quot;:{&quot;top&quot;:&quot;10px&quot;,&quot;right&quot;:&quot;20px&quot;,&quot;bottom&quot;:&quot;10px&quot;,&quot;left&quot;:&quot;20px&quot;},&quot;align&quot;:&quot;center&quot;},&quot;popupBtnText&quot;:&quot;Watch Video&quot;,&quot;disablePause&quot;:false,&quot;thumbStyle&quot;:&quot;default&quot;,&quot;resetOnEnd&quot;:false,&quot;autoHideControl&quot;:true,&quot;protected&quot;:false,&quot;protectedText&quot;:&quot;Please enter password to wath the video&quot;,&quot;seekTime&quot;:10,&quot;startTime&quot;:0,&quot;preload&quot;:&quot;metadata&quot;,&quot;overlay&quot;:false,&quot;overlayPosition&quot;:&quot;top_right&quot;,&quot;overlayBackground&quot;:&quot;#333&quot;,&quot;overlayOpacity&quot;:0.8,&quot;overlayTextColor&quot;:&quot;#ffffff&quot;,&quot;overlayFontSize&quot;:{&quot;number&quot;:20,&quot;unit&quot;:&quot;px&quot;},&quot;overlayTextHoverColor&quot;:&quot;#ffffff&quot;,&quot;endScreen&quot;:{&quot;enabled&quot;:false,&quot;text&quot;:&quot;Simple Text&quot;,&quot;btnText&quot;:&quot;Watch Again&quot;,&quot;btnLink&quot;:&quot;&quot;,&quot;btnStyle&quot;:[]},&quot;endscreen&quot;:false,&quot;endscreenText&quot;:&quot;Endscreen text&quot;,&quot;endscreenTextLink&quot;:&quot;#&quot;,&quot;streaming&quot;:false,&quot;streamingType&quot;:&quot;hls&quot;,&quot;speed&quot;:{&quot;1&quot;:true,&quot;2&quot;:true,&quot;3&quot;:true,&quot;0.5&quot;:true,&quot;0.75&quot;:true,&quot;1.25&quot;:true,&quot;1.5&quot;:true,&quot;1.75&quot;:true,&quot;2.5&quot;:true},&quot;captionEnabled&quot;:false,&quot;saveState&quot;:false,&quot;openPopupId&quot;:&quot;&quot;}\" style=\"aspect-ratio:16\/9\">\n    <div class=\"preload_poster\" style=\"overflow:hidden;aspect-ratio:16\/9;\">\n        <svg width=\"36px\" height=\"36px\" viewBox=\"0 0 15 15\" fill=\"none\" xmlns=\"http:\/\/www.w3.org\/2000\/svg\">\n            <path d=\"M4.79062 2.09314C4.63821 1.98427 4.43774 1.96972 4.27121 2.05542C4.10467 2.14112 4 2.31271 4 2.5V12.5C4 12.6873 4.10467 12.8589 4.27121 12.9446C4.43774 13.0303 4.63821 13.0157 4.79062 12.9069L11.7906 7.90687C11.922 7.81301 12 7.66148 12 7.5C12 7.33853 11.922 7.18699 11.7906 7.09314L4.79062 2.09314Z\" fill=\"#fff\" \/>\n        <\/svg>\n    <\/div>\n<\/div>\n\n\n\n    \n    <p>&nbsp;<\/p>\n    <p><strong>VANTAGGI DELL&#8217;UTILIZZO DI BARRIERE FLESSIBILI:<\/strong><\/p>\n    <ul>\n      <li>Mantengono la loro struttura anche dopo le collisioni con i carrelli elevatori, grazie all&#8217;esclusiva composizione del materiale.<\/li>\n      <li>Resistente alla corrosione, alle condizioni atmosferiche (range operativo da -30\u00b0C a +60\u00b0C) e agli agenti chimici.<\/li>\n      <li>Disponibile con due tipi di montaggio. I sistemi di ancoraggio interni (nascosti all&#8217;interno della struttura del palo) aiutano a mantenere gli standard igienici, rendendoli ideali per l&#8217;industria alimentare.<\/li>\n      <li>Gli ancoraggi esterni sono fissati a vite nel calcestruzzo, riducendo al minimo il rischio di crepe. Non \u00e8 richiesta alcuna espansione per l&#8217;ancoraggio, il che li rende adatti all&#8217;installazione vicino ai bordi o agli ancoraggi vicini. Questa soluzione \u00e8 riutilizzabile.<\/li>\n      <li>Testato da T\u00dcV Rheinland e sottoposto a continui controlli di produzione per garantire la massima qualit\u00e0.<\/li>\n      <li>Rispettare i rigorosi standard di sicurezza e igiene.<\/li>\n      <li>Design modulare: facile da collegare, spostare o espandere per adattarsi ai cambiamenti di layout del magazzino o della produzione.<\/li>\n      <li>Completamente riciclabile.<\/li>\n    <\/ul>\n    <p>&nbsp;<\/p>\n    \n  <\/div>\n  \n\n  \n  <div class=\"wp-block-column is-layout-flow wp-block-column-is-layout-flow\" style=\"flex-basis:10%\"><\/div>\n  \n<\/div>\n","protected":false},"excerpt":{"rendered":"<p>i-PLAST e ERTAX Progettiamo e produciamo barriere di sicurezza innovative utilizzando i nostri materiali proprietari: i-PLAST ed ERTAX. Il composto i-PLAST \u00e8 un materiale a base di polimeri tecnici rinforzati. Permette di produrre barre con spessori e geometrie finora irraggiungibili. i-PLAST \u00e8 completamente resistente al fuoco, atossico e pienamente conforme agli standard HACCP, il che [&hellip;]<\/p>\n","protected":false},"author":1,"featured_media":0,"parent":30444,"menu_order":0,"comment_status":"closed","ping_status":"closed","template":"","meta":{"inline_featured_image":false,"ngg_post_thumbnail":0,"footnotes":""},"class_list":["post-15343","page","type-page","status-publish","hentry"],"acf":[],"yoast_head":"<!-- This site is optimized with the Yoast SEO plugin v27.0 - https:\/\/yoast.com\/product\/yoast-seo-wordpress\/ -->\n<title>Di cosa sono fatte le nostre barriere? - Anter System<\/title>\n<meta name=\"description\" content=\"i-PLAST e ERTAX Progettiamo e produciamo barriere di sicurezza innovative utilizzando i nostri materiali proprietari: i-PLAST ed ERTAX. Il composto\" \/>\n<meta name=\"robots\" content=\"index, follow, max-snippet:-1, max-image-preview:large, max-video-preview:-1\" \/>\n<link rel=\"canonical\" href=\"https:\/\/antersystem.com\/it\/notizie\/what-are-barriers-made-of\/\" \/>\n<meta property=\"og:locale\" content=\"it_IT\" \/>\n<meta property=\"og:type\" content=\"article\" \/>\n<meta property=\"og:title\" content=\"Di cosa sono fatte le nostre barriere? - Anter System\" \/>\n<meta property=\"og:description\" content=\"i-PLAST e ERTAX Progettiamo e produciamo barriere di sicurezza innovative utilizzando i nostri materiali proprietari: i-PLAST ed ERTAX. Il composto\" \/>\n<meta property=\"og:url\" content=\"https:\/\/antersystem.com\/it\/notizie\/what-are-barriers-made-of\/\" \/>\n<meta property=\"og:site_name\" content=\"Anter System\" \/>\n<meta property=\"article:modified_time\" content=\"2026-01-30T13:30:26+00:00\" \/>\n<meta name=\"twitter:card\" content=\"summary_large_image\" \/>\n<meta name=\"twitter:label1\" content=\"Tempo di lettura stimato\" \/>\n\t<meta name=\"twitter:data1\" content=\"2 minuti\" \/>\n<script type=\"application\/ld+json\" class=\"yoast-schema-graph\">{\"@context\":\"https:\/\/schema.org\",\"@graph\":[{\"@type\":\"WebPage\",\"@id\":\"https:\/\/antersystem.com\/it\/notizie\/what-are-barriers-made-of\/\",\"url\":\"https:\/\/antersystem.com\/it\/notizie\/what-are-barriers-made-of\/\",\"name\":\"Di cosa sono fatte le nostre barriere? - Anter System\",\"isPartOf\":{\"@id\":\"https:\/\/antersystem.com\/it\/#website\"},\"datePublished\":\"2023-10-16T13:46:15+00:00\",\"dateModified\":\"2026-01-30T13:30:26+00:00\",\"description\":\"i-PLAST e ERTAX Progettiamo e produciamo barriere di sicurezza innovative utilizzando i nostri materiali proprietari: i-PLAST ed ERTAX. Il composto\",\"breadcrumb\":{\"@id\":\"https:\/\/antersystem.com\/it\/notizie\/what-are-barriers-made-of\/#breadcrumb\"},\"inLanguage\":\"it-IT\",\"potentialAction\":[{\"@type\":\"ReadAction\",\"target\":[\"https:\/\/antersystem.com\/it\/notizie\/what-are-barriers-made-of\/\"]}]},{\"@type\":\"BreadcrumbList\",\"@id\":\"https:\/\/antersystem.com\/it\/notizie\/what-are-barriers-made-of\/#breadcrumb\",\"itemListElement\":[{\"@type\":\"ListItem\",\"position\":1,\"name\":\"AnterSystem\",\"item\":\"https:\/\/antersystem.com\/it\/\"},{\"@type\":\"ListItem\",\"position\":2,\"name\":\"Notizie\",\"item\":\"https:\/\/antersystem.com\/it\/notizie\/\"},{\"@type\":\"ListItem\",\"position\":3,\"name\":\"Di cosa sono fatte le nostre barriere?\"}]},{\"@type\":\"WebSite\",\"@id\":\"https:\/\/antersystem.com\/it\/#website\",\"url\":\"https:\/\/antersystem.com\/it\/\",\"name\":\"Anter System\",\"description\":\"Jeste\u015bmy polskim producentem elastycznych barier ochronnych wykonywanych z polimerowych tworzyw sztucznych. Na rynku krajowym i zagranicznym dzia\u0142amy od ponad 15 lat dbaj\u0105c o zapewnienie bezpiecze\u0144stwa w zak\u0142adach produkcyjnych, magazynach oraz centrach logistycznych.\",\"potentialAction\":[{\"@type\":\"SearchAction\",\"target\":{\"@type\":\"EntryPoint\",\"urlTemplate\":\"https:\/\/antersystem.com\/it\/?s={search_term_string}\"},\"query-input\":{\"@type\":\"PropertyValueSpecification\",\"valueRequired\":true,\"valueName\":\"search_term_string\"}}],\"inLanguage\":\"it-IT\"}]}<\/script>\n<!-- \/ Yoast SEO plugin. -->","yoast_head_json":{"title":"Di cosa sono fatte le nostre barriere? - Anter System","description":"i-PLAST e ERTAX Progettiamo e produciamo barriere di sicurezza innovative utilizzando i nostri materiali proprietari: i-PLAST ed ERTAX. Il composto","robots":{"index":"index","follow":"follow","max-snippet":"max-snippet:-1","max-image-preview":"max-image-preview:large","max-video-preview":"max-video-preview:-1"},"canonical":"https:\/\/antersystem.com\/it\/notizie\/what-are-barriers-made-of\/","og_locale":"it_IT","og_type":"article","og_title":"Di cosa sono fatte le nostre barriere? - Anter System","og_description":"i-PLAST e ERTAX Progettiamo e produciamo barriere di sicurezza innovative utilizzando i nostri materiali proprietari: i-PLAST ed ERTAX. Il composto","og_url":"https:\/\/antersystem.com\/it\/notizie\/what-are-barriers-made-of\/","og_site_name":"Anter System","article_modified_time":"2026-01-30T13:30:26+00:00","twitter_card":"summary_large_image","twitter_misc":{"Tempo di lettura stimato":"2 minuti"},"schema":{"@context":"https:\/\/schema.org","@graph":[{"@type":"WebPage","@id":"https:\/\/antersystem.com\/it\/notizie\/what-are-barriers-made-of\/","url":"https:\/\/antersystem.com\/it\/notizie\/what-are-barriers-made-of\/","name":"Di cosa sono fatte le nostre barriere? - Anter System","isPartOf":{"@id":"https:\/\/antersystem.com\/it\/#website"},"datePublished":"2023-10-16T13:46:15+00:00","dateModified":"2026-01-30T13:30:26+00:00","description":"i-PLAST e ERTAX Progettiamo e produciamo barriere di sicurezza innovative utilizzando i nostri materiali proprietari: i-PLAST ed ERTAX. Il composto","breadcrumb":{"@id":"https:\/\/antersystem.com\/it\/notizie\/what-are-barriers-made-of\/#breadcrumb"},"inLanguage":"it-IT","potentialAction":[{"@type":"ReadAction","target":["https:\/\/antersystem.com\/it\/notizie\/what-are-barriers-made-of\/"]}]},{"@type":"BreadcrumbList","@id":"https:\/\/antersystem.com\/it\/notizie\/what-are-barriers-made-of\/#breadcrumb","itemListElement":[{"@type":"ListItem","position":1,"name":"AnterSystem","item":"https:\/\/antersystem.com\/it\/"},{"@type":"ListItem","position":2,"name":"Notizie","item":"https:\/\/antersystem.com\/it\/notizie\/"},{"@type":"ListItem","position":3,"name":"Di cosa sono fatte le nostre barriere?"}]},{"@type":"WebSite","@id":"https:\/\/antersystem.com\/it\/#website","url":"https:\/\/antersystem.com\/it\/","name":"Anter System","description":"Jeste\u015bmy polskim producentem elastycznych barier ochronnych wykonywanych z polimerowych tworzyw sztucznych. Na rynku krajowym i zagranicznym dzia\u0142amy od ponad 15 lat dbaj\u0105c o zapewnienie bezpiecze\u0144stwa w zak\u0142adach produkcyjnych, magazynach oraz centrach logistycznych.","potentialAction":[{"@type":"SearchAction","target":{"@type":"EntryPoint","urlTemplate":"https:\/\/antersystem.com\/it\/?s={search_term_string}"},"query-input":{"@type":"PropertyValueSpecification","valueRequired":true,"valueName":"search_term_string"}}],"inLanguage":"it-IT"}]}},"_links":{"self":[{"href":"https:\/\/antersystem.com\/it\/wp-json\/wp\/v2\/pages\/15343","targetHints":{"allow":["GET"]}}],"collection":[{"href":"https:\/\/antersystem.com\/it\/wp-json\/wp\/v2\/pages"}],"about":[{"href":"https:\/\/antersystem.com\/it\/wp-json\/wp\/v2\/types\/page"}],"author":[{"embeddable":true,"href":"https:\/\/antersystem.com\/it\/wp-json\/wp\/v2\/users\/1"}],"replies":[{"embeddable":true,"href":"https:\/\/antersystem.com\/it\/wp-json\/wp\/v2\/comments?post=15343"}],"version-history":[{"count":1,"href":"https:\/\/antersystem.com\/it\/wp-json\/wp\/v2\/pages\/15343\/revisions"}],"predecessor-version":[{"id":15347,"href":"https:\/\/antersystem.com\/it\/wp-json\/wp\/v2\/pages\/15343\/revisions\/15347"}],"up":[{"embeddable":true,"href":"https:\/\/antersystem.com\/it\/wp-json\/wp\/v2\/pages\/30444"}],"wp:attachment":[{"href":"https:\/\/antersystem.com\/it\/wp-json\/wp\/v2\/media?parent=15343"}],"curies":[{"name":"wp","href":"https:\/\/api.w.org\/{rel}","templated":true}]}}