{"id":15409,"date":"2024-04-11T13:02:00","date_gmt":"2024-04-11T11:02:00","guid":{"rendered":"https:\/\/new.antersystem.com\/trailer-supports\/"},"modified":"2026-01-30T14:30:26","modified_gmt":"2026-01-30T13:30:26","slug":"trailer-supports","status":"publish","type":"page","link":"https:\/\/antersystem.com\/it\/notizie\/trailer-supports\/","title":{"rendered":"Supporti per rimorchi"},"content":{"rendered":"\n<div class=\"wp-block-columns is-layout-flex wp-container-core-columns-is-layout-9d6595d7 wp-block-columns-is-layout-flex\">\n<div class=\"wp-block-column is-layout-flow wp-block-column-is-layout-flow\" style=\"flex-basis:10px\"><\/div>\n\n\n\n<div class=\"wp-block-column is-layout-flow wp-block-column-is-layout-flow\">\n<h3 class=\"wp-block-heading\">Come migliorare la sicurezza delle banchine di carico?  <br\/>La sicurezza dei rimorchi \u00e8 la chiave della stabilit\u00e0 nella logistica<\/h3>\n\n\n\n<figure class=\"wp-block-embed aligncenter is-type-video is-provider-youtube wp-block-embed-youtube wp-embed-aspect-16-9 wp-has-aspect-ratio\"><div class=\"wp-block-embed__wrapper\">\n<iframe loading=\"lazy\" title=\"AnterSystem demonstration of trailer support -JST and JST. R. Products for loadnig technique.\" width=\"500\" height=\"281\" src=\"https:\/\/www.youtube.com\/embed\/rS78QAlo6eM?feature=oembed\" frameborder=\"0\" allow=\"accelerometer; autoplay; clipboard-write; encrypted-media; gyroscope; picture-in-picture; web-share\" referrerpolicy=\"strict-origin-when-cross-origin\" allowfullscreen><\/iframe>\n<\/div><\/figure>\n\n\n\n<p>Nella logistica globale, ogni parte della catena di approvvigionamento gioca un ruolo fondamentale nel garantire efficienza e sicurezza. Un elemento spesso trascurato, ma fondamentale, \u00e8 il <strong>supporto di sicurezza del rimorchio<\/strong>. Questo semplice ma indispensabile componente \u00e8 essenziale per mantenere la stabilit\u00e0 e la sicurezza durante le operazioni sulle banchine di carico.<\/p>\n\n\n\n<p><strong>Il ruolo chiave dei supporti di sicurezza per rimorchi<\/strong><\/p>\n\n\n\n<p><a href=\"https:\/\/antersystem.com\/kategorie_produktow\/technika-zaladunkowa\/\"><strong>I supporti di sicurezza per rimorchi &#8211; JST (Jack Stand Trailer)<\/strong> e <strong>JST.R<\/strong><\/a> &#8211; impediscono ai rimorchi di inclinarsi o crollare sotto il peso dei carrelli elevatori durante le operazioni di carico e scarico. Con l&#8217;utilizzo dei cavalletti di sicurezza, questi processi possono essere eseguiti <strong>in modo rapido e sicuro, senza la necessit\u00e0 di un trattore<\/strong>. I veicoli che normalmente vengono utilizzati per altri scopi possono essere sfruttati in modo efficiente quando c&#8217;\u00e8 un cavalletto per rimorchi. Durante l&#8217;intero processo, la <strong>stabilit\u00e0 del rimorchio viene mantenuta inalterata<\/strong>, riducendo al minimo il rischio di danni a veicoli, merci o persone, e talvolta anche alle banchine stesse. In breve, <strong>le potenziali conseguenze di un fissaggio improprio del rimorchio vengono eliminate<\/strong>, proteggendo sia gli operatori che l&#8217;azienda.<\/p>\n\n\n\n<p><strong>Cosa definisce il supporto di sicurezza per rimorchi ideale?<\/strong><\/p>\n\n\n\n<p>I cavalletti di sicurezza per rimorchi devono rispettare rigorosi standard di qualit\u00e0 e durata per garantire condizioni di lavoro ottimali. Innanzitutto, devono essere realizzati con materiali di alta qualit\u00e0 in grado di resistere a condizioni climatiche estreme e a carichi pesanti. Altrettanto importanti sono la <strong>stabilit\u00e0 e l&#8217;altezza regolabile<\/strong>, che consentono di adattarsi a diversi tipi di rimorchio e alle condizioni del terreno. Per garantire la sicurezza dell&#8217;operatore, i cavalletti devono includere <strong>meccanismi di blocco<\/strong> che impediscano lo spostamento accidentale durante l&#8217;uso.<\/p>\n\n\n\n<p>I cavalletti per rimorchi di Anter System sono progettati per essere <strong>facili da usare<\/strong> e duraturi. Sono dotati di un <strong>meccanismo autolivellante<\/strong> e di impostazioni di altezza regolabili. Ogni unit\u00e0 pu\u00f2 sopportare carichi fino a <strong>45 tonnellate<\/strong> e include caratteristiche aggiuntive come <strong>sistemi di accesso controllato<\/strong> e <strong>segnaletica ad alta visibilit\u00e0<\/strong>. I materiali utilizzati per la loro produzione possono anche essere dotati di un <strong>rivestimento anticorrosione<\/strong> per prolungarne la durata e l&#8217;affidabilit\u00e0. Se non sai ancora come i cavalletti di sicurezza per rimorchi possono migliorare l&#8217;efficienza e la sicurezza del tuo magazzino, guarda il video qui sopra.<\/p>\n\n\n\n<p>Gli stessi produttori di rimorchi <strong>raccomandano l&#8217;uso di cavalletti di sicurezza<\/strong> come parte della prassi operativa standard.<\/p>\n\n\n\n<p>Scopri di pi\u00f9 su come funzionano: <strong><a href=\"https:\/\/antersystem.com\/wiedza-i-nowosci\/podpora-pod-naczepe-tira\/\">Supporto alla sicurezza dei rimorchi nella logistica<\/a><\/strong><\/p>\n<\/div>\n\n\n\n<div class=\"wp-block-column is-layout-flow wp-block-column-is-layout-flow\" style=\"flex-basis:10px\"><\/div>\n<\/div>\n","protected":false},"excerpt":{"rendered":"<p>Come migliorare la sicurezza delle banchine di carico? La sicurezza dei rimorchi \u00e8 la chiave della stabilit\u00e0 nella logistica Nella logistica globale, ogni parte della catena di approvvigionamento gioca un ruolo fondamentale nel garantire efficienza e sicurezza. Un elemento spesso trascurato, ma fondamentale, \u00e8 il supporto di sicurezza del rimorchio. Questo semplice ma indispensabile componente [&hellip;]<\/p>\n","protected":false},"author":1,"featured_media":0,"parent":30444,"menu_order":0,"comment_status":"closed","ping_status":"closed","template":"","meta":{"inline_featured_image":false,"ngg_post_thumbnail":0,"footnotes":""},"class_list":["post-15409","page","type-page","status-publish","hentry"],"acf":[],"yoast_head":"<!-- This site is optimized with the Yoast SEO plugin v27.0 - https:\/\/yoast.com\/product\/yoast-seo-wordpress\/ -->\n<title>Supporti per rimorchi - Anter System<\/title>\n<meta name=\"description\" content=\"I supporti di sicurezza per rimorchi svolgono un ruolo fondamentale nel garantire operazioni efficaci e sicure sulle banchine di carico.\" \/>\n<meta name=\"robots\" content=\"index, follow, max-snippet:-1, max-image-preview:large, max-video-preview:-1\" \/>\n<link rel=\"canonical\" href=\"https:\/\/antersystem.com\/it\/notizie\/trailer-supports\/\" \/>\n<meta property=\"og:locale\" content=\"it_IT\" \/>\n<meta property=\"og:type\" content=\"article\" \/>\n<meta property=\"og:title\" content=\"Supporti per rimorchi - Anter System\" \/>\n<meta property=\"og:description\" content=\"I supporti di sicurezza per rimorchi svolgono un ruolo fondamentale nel garantire operazioni efficaci e sicure sulle banchine di carico.\" \/>\n<meta property=\"og:url\" content=\"https:\/\/antersystem.com\/it\/notizie\/trailer-supports\/\" \/>\n<meta property=\"og:site_name\" content=\"Anter System\" \/>\n<meta property=\"article:modified_time\" content=\"2026-01-30T13:30:26+00:00\" \/>\n<meta name=\"twitter:card\" content=\"summary_large_image\" \/>\n<meta name=\"twitter:label1\" content=\"Tempo di lettura stimato\" \/>\n\t<meta name=\"twitter:data1\" content=\"2 minuti\" \/>\n<script type=\"application\/ld+json\" class=\"yoast-schema-graph\">{\"@context\":\"https:\/\/schema.org\",\"@graph\":[{\"@type\":\"WebPage\",\"@id\":\"https:\/\/antersystem.com\/it\/notizie\/trailer-supports\/\",\"url\":\"https:\/\/antersystem.com\/it\/notizie\/trailer-supports\/\",\"name\":\"Supporti per rimorchi - Anter System\",\"isPartOf\":{\"@id\":\"https:\/\/antersystem.com\/it\/#website\"},\"datePublished\":\"2024-04-11T11:02:00+00:00\",\"dateModified\":\"2026-01-30T13:30:26+00:00\",\"description\":\"I supporti di sicurezza per rimorchi svolgono un ruolo fondamentale nel garantire operazioni efficaci e sicure sulle banchine di carico.\",\"breadcrumb\":{\"@id\":\"https:\/\/antersystem.com\/it\/notizie\/trailer-supports\/#breadcrumb\"},\"inLanguage\":\"it-IT\",\"potentialAction\":[{\"@type\":\"ReadAction\",\"target\":[\"https:\/\/antersystem.com\/it\/notizie\/trailer-supports\/\"]}]},{\"@type\":\"BreadcrumbList\",\"@id\":\"https:\/\/antersystem.com\/it\/notizie\/trailer-supports\/#breadcrumb\",\"itemListElement\":[{\"@type\":\"ListItem\",\"position\":1,\"name\":\"AnterSystem\",\"item\":\"https:\/\/antersystem.com\/it\/\"},{\"@type\":\"ListItem\",\"position\":2,\"name\":\"Notizie\",\"item\":\"https:\/\/antersystem.com\/it\/notizie\/\"},{\"@type\":\"ListItem\",\"position\":3,\"name\":\"Supporti per rimorchi\"}]},{\"@type\":\"WebSite\",\"@id\":\"https:\/\/antersystem.com\/it\/#website\",\"url\":\"https:\/\/antersystem.com\/it\/\",\"name\":\"Anter System\",\"description\":\"Jeste\u015bmy polskim producentem elastycznych barier ochronnych wykonywanych z polimerowych tworzyw sztucznych. Na rynku krajowym i zagranicznym dzia\u0142amy od ponad 15 lat dbaj\u0105c o zapewnienie bezpiecze\u0144stwa w zak\u0142adach produkcyjnych, magazynach oraz centrach logistycznych.\",\"potentialAction\":[{\"@type\":\"SearchAction\",\"target\":{\"@type\":\"EntryPoint\",\"urlTemplate\":\"https:\/\/antersystem.com\/it\/?s={search_term_string}\"},\"query-input\":{\"@type\":\"PropertyValueSpecification\",\"valueRequired\":true,\"valueName\":\"search_term_string\"}}],\"inLanguage\":\"it-IT\"}]}<\/script>\n<!-- \/ Yoast SEO plugin. -->","yoast_head_json":{"title":"Supporti per rimorchi - Anter System","description":"I supporti di sicurezza per rimorchi svolgono un ruolo fondamentale nel garantire operazioni efficaci e sicure sulle banchine di carico.","robots":{"index":"index","follow":"follow","max-snippet":"max-snippet:-1","max-image-preview":"max-image-preview:large","max-video-preview":"max-video-preview:-1"},"canonical":"https:\/\/antersystem.com\/it\/notizie\/trailer-supports\/","og_locale":"it_IT","og_type":"article","og_title":"Supporti per rimorchi - Anter System","og_description":"I supporti di sicurezza per rimorchi svolgono un ruolo fondamentale nel garantire operazioni efficaci e sicure sulle banchine di carico.","og_url":"https:\/\/antersystem.com\/it\/notizie\/trailer-supports\/","og_site_name":"Anter System","article_modified_time":"2026-01-30T13:30:26+00:00","twitter_card":"summary_large_image","twitter_misc":{"Tempo di lettura stimato":"2 minuti"},"schema":{"@context":"https:\/\/schema.org","@graph":[{"@type":"WebPage","@id":"https:\/\/antersystem.com\/it\/notizie\/trailer-supports\/","url":"https:\/\/antersystem.com\/it\/notizie\/trailer-supports\/","name":"Supporti per rimorchi - Anter System","isPartOf":{"@id":"https:\/\/antersystem.com\/it\/#website"},"datePublished":"2024-04-11T11:02:00+00:00","dateModified":"2026-01-30T13:30:26+00:00","description":"I supporti di sicurezza per rimorchi svolgono un ruolo fondamentale nel garantire operazioni efficaci e sicure sulle banchine di carico.","breadcrumb":{"@id":"https:\/\/antersystem.com\/it\/notizie\/trailer-supports\/#breadcrumb"},"inLanguage":"it-IT","potentialAction":[{"@type":"ReadAction","target":["https:\/\/antersystem.com\/it\/notizie\/trailer-supports\/"]}]},{"@type":"BreadcrumbList","@id":"https:\/\/antersystem.com\/it\/notizie\/trailer-supports\/#breadcrumb","itemListElement":[{"@type":"ListItem","position":1,"name":"AnterSystem","item":"https:\/\/antersystem.com\/it\/"},{"@type":"ListItem","position":2,"name":"Notizie","item":"https:\/\/antersystem.com\/it\/notizie\/"},{"@type":"ListItem","position":3,"name":"Supporti per rimorchi"}]},{"@type":"WebSite","@id":"https:\/\/antersystem.com\/it\/#website","url":"https:\/\/antersystem.com\/it\/","name":"Anter System","description":"Jeste\u015bmy polskim producentem elastycznych barier ochronnych wykonywanych z polimerowych tworzyw sztucznych. Na rynku krajowym i zagranicznym dzia\u0142amy od ponad 15 lat dbaj\u0105c o zapewnienie bezpiecze\u0144stwa w zak\u0142adach produkcyjnych, magazynach oraz centrach logistycznych.","potentialAction":[{"@type":"SearchAction","target":{"@type":"EntryPoint","urlTemplate":"https:\/\/antersystem.com\/it\/?s={search_term_string}"},"query-input":{"@type":"PropertyValueSpecification","valueRequired":true,"valueName":"search_term_string"}}],"inLanguage":"it-IT"}]}},"_links":{"self":[{"href":"https:\/\/antersystem.com\/it\/wp-json\/wp\/v2\/pages\/15409","targetHints":{"allow":["GET"]}}],"collection":[{"href":"https:\/\/antersystem.com\/it\/wp-json\/wp\/v2\/pages"}],"about":[{"href":"https:\/\/antersystem.com\/it\/wp-json\/wp\/v2\/types\/page"}],"author":[{"embeddable":true,"href":"https:\/\/antersystem.com\/it\/wp-json\/wp\/v2\/users\/1"}],"replies":[{"embeddable":true,"href":"https:\/\/antersystem.com\/it\/wp-json\/wp\/v2\/comments?post=15409"}],"version-history":[{"count":1,"href":"https:\/\/antersystem.com\/it\/wp-json\/wp\/v2\/pages\/15409\/revisions"}],"predecessor-version":[{"id":15411,"href":"https:\/\/antersystem.com\/it\/wp-json\/wp\/v2\/pages\/15409\/revisions\/15411"}],"up":[{"embeddable":true,"href":"https:\/\/antersystem.com\/it\/wp-json\/wp\/v2\/pages\/30444"}],"wp:attachment":[{"href":"https:\/\/antersystem.com\/it\/wp-json\/wp\/v2\/media?parent=15409"}],"curies":[{"name":"wp","href":"https:\/\/api.w.org\/{rel}","templated":true}]}}