{"id":15479,"date":"2023-11-16T15:30:28","date_gmt":"2023-11-16T14:30:28","guid":{"rendered":"https:\/\/new.antersystem.com\/congress-modern-warehouse\/"},"modified":"2026-01-30T14:30:26","modified_gmt":"2026-01-30T13:30:26","slug":"congress-modern-warehouse","status":"publish","type":"page","link":"https:\/\/antersystem.com\/it\/notizie\/congress-modern-warehouse\/","title":{"rendered":"Magazzino moderno del Congresso"},"content":{"rendered":"\n<div class=\"wp-block-columns is-layout-flex wp-container-core-columns-is-layout-9d6595d7 wp-block-columns-is-layout-flex\">\n  \n  <div class=\"wp-block-column is-layout-flow wp-block-column-is-layout-flow\" style=\"flex-basis:10%\"><\/div>\n  \n\n  \n  <div class=\"wp-block-column is-layout-flow wp-block-column-is-layout-flow\">\n    \n    <h3 class=\"wp-block-heading\"><strong>Congresso Magazzino Moderno<\/strong><\/h3>\n    \n\n    \n    <p>Il <strong>Congresso sul Magazzino Moderno<\/strong> \u00e8 diventato un evento consolidato nel calendario del settore, organizzato dalla rivista <strong>Nowoczesny Magazyn<\/strong>. Quest&#8217;anno non sar\u00e0 diverso. Non vediamo l&#8217;ora di incontrare nuovamente i professionisti della logistica e del magazzino il <strong>20 novembre a Varsavia<\/strong>. Durante l&#8217;edizione di quest&#8217;anno sar\u00e0 presente anche <strong>Anter System<\/strong>! In qualit\u00e0 di espositori, abbiamo preparato uno stand dove i partecipanti potranno osservare da vicino le nostre <a href=\"https:\/\/antersystem.com\/kategorie_produktow\/bariery-bezpieczenstwa-dla-pieszych\/\">barriere di sicurezza flessibili<\/a> e <a href=\"https:\/\/antersystem.com\/realizacje\/\">discutere idee per migliorare la sicurezza e l&#8217;organizzazione del magazzino<\/a>. Se sei ancora alla ricerca di risposte su come ottimizzare i costi della logistica e gestire in modo efficiente lo spazio di magazzino, ti invitiamo a incontrarci l\u00ec.<\/p>\n    \n\n    \n    <h4 class=\"wp-block-heading\">Come affermano gli organizzatori, l&#8217;edizione di quest&#8217;anno, intitolata &#8220;Efficienza dei costi e innovazione tecnologica&#8221;, si propone di: <em>&#8220;non solo discutere le tendenze e le sfide attuali, ma anche ispirare i partecipanti a cercare soluzioni innovative e a plasmare il futuro del settore della logistica e del magazzinaggio&#8221;.<\/em><\/h4>\n    \n\n    \n    <p>Una nuova caratteristica di questa edizione del Modern Warehouse Congress sar\u00e0 la <strong>sessione mastermind<\/strong>, ovvero gruppi di discussione progettati per scambiare esperienze e affrontare in modo collaborativo le sfide del settore con gli esperti. Ci sar\u00e0 anche spazio per condividere le intuizioni aziendali e fare networking.<\/p>\n    \n\n    \n    <p>Gli argomenti previsti per le sessioni di mastermind includono:<\/p>\n    \n\n    \n    <ul class=\"wp-block-list\"><li>automazione del magazzino,<\/li>\n      <li>investimenti in strutture di magazzino,<\/li>\n      <li>stoccaggio &#8211; argomenti su richiesta suggeriti dai partecipanti,<\/li>\n      <li>sistemi informatici di magazzino,<\/li>\n      <li>etichettatura e tracciabilit\u00e0 delle merci,<\/li>\n      <li>tecnologia di magazzino e trasporto interno,<\/li>\n      <li>gestione della forza lavoro del magazzino,<\/li>\n      <li>Sessione <em>&#8220;Libera la mente&#8221;<\/em>: un tavolo di discussione aperto ai partecipanti che desiderano scambiare pensieri, condividere esperienze e ottenere feedback.<\/li>\n    <\/ul>\n\n    \n    <p><strong>Sede:<\/strong><br\/>Novotel Warszawa Aeroporto<br\/>1 Sierpnia 1, 02-134 Varsavia<\/p>\n    \n\n    <div class=\"wp-block-image\">\n    <figure class=\"aligncenter size-large is-resized\"><img loading=\"lazy\" decoding=\"async\" width=\"1024\" height=\"683\" src=\"https:\/\/antersystem.com\/wp-content\/uploads\/Modern-Warehouse-Anter-System-2023-1024x683.png\" alt=\"Congresso sul Magazzino Moderno 2024 - Anter System\" class=\"wp-image-3567\" style=\"width:620px;height:auto\" srcset=\"https:\/\/antersystem.com\/wp-content\/uploads\/Modern-Warehouse-Anter-System-2023-1024x683.png 1024w, https:\/\/antersystem.com\/wp-content\/uploads\/Modern-Warehouse-Anter-System-2023-300x200.png 300w, https:\/\/antersystem.com\/wp-content\/uploads\/Modern-Warehouse-Anter-System-2023-768x512.png 768w, https:\/\/antersystem.com\/wp-content\/uploads\/Modern-Warehouse-Anter-System-2023-1536x1024.png 1536w, https:\/\/antersystem.com\/wp-content\/uploads\/Modern-Warehouse-Anter-System-2023-450x300.png 450w, https:\/\/antersystem.com\/wp-content\/uploads\/Modern-Warehouse-Anter-System-2023-330x220.png 330w, https:\/\/antersystem.com\/wp-content\/uploads\/Modern-Warehouse-Anter-System-2023.png 1800w\" sizes=\"auto, (max-width: 1024px) 100vw, 1024px\" \/><\/figure><\/div>\n  <\/div>\n  \n\n  \n  <div class=\"wp-block-column is-layout-flow wp-block-column-is-layout-flow\" style=\"flex-basis:10%\"><\/div>\n  \n<\/div>\n","protected":false},"excerpt":{"rendered":"<p>Congresso Magazzino Moderno Il Congresso sul Magazzino Moderno \u00e8 diventato un evento consolidato nel calendario del settore, organizzato dalla rivista Nowoczesny Magazyn. Quest&#8217;anno non sar\u00e0 diverso. Non vediamo l&#8217;ora di incontrare nuovamente i professionisti della logistica e del magazzino il 20 novembre a Varsavia. Durante l&#8217;edizione di quest&#8217;anno sar\u00e0 presente anche Anter System! In qualit\u00e0 [&hellip;]<\/p>\n","protected":false},"author":1,"featured_media":0,"parent":30444,"menu_order":0,"comment_status":"closed","ping_status":"closed","template":"","meta":{"inline_featured_image":false,"ngg_post_thumbnail":0,"footnotes":""},"class_list":["post-15479","page","type-page","status-publish","hentry"],"acf":[],"yoast_head":"<!-- This site is optimized with the Yoast SEO plugin v27.0 - https:\/\/yoast.com\/product\/yoast-seo-wordpress\/ -->\n<title>Magazzino moderno del Congresso - Anter System<\/title>\n<meta name=\"description\" content=\"Il Congresso sul Magazzino Moderno \u00e8 un appuntamento fisso nel calendario degli eventi del settore, organizzato dalla rivista Nowoczesny Magazyn, e anche questa volta non sar\u00e0 diverso. Non vediamo l&#039;ora di incontrarci di nuovo.\" \/>\n<meta name=\"robots\" content=\"index, follow, max-snippet:-1, max-image-preview:large, max-video-preview:-1\" \/>\n<link rel=\"canonical\" href=\"https:\/\/antersystem.com\/it\/notizie\/congress-modern-warehouse\/\" \/>\n<meta property=\"og:locale\" content=\"it_IT\" \/>\n<meta property=\"og:type\" content=\"article\" \/>\n<meta property=\"og:title\" content=\"Magazzino moderno del Congresso - Anter System\" \/>\n<meta property=\"og:description\" content=\"Il Congresso sul Magazzino Moderno \u00e8 un appuntamento fisso nel calendario degli eventi del settore, organizzato dalla rivista Nowoczesny Magazyn, e anche questa volta non sar\u00e0 diverso. Non vediamo l&#039;ora di incontrarci di nuovo.\" \/>\n<meta property=\"og:url\" content=\"https:\/\/antersystem.com\/it\/notizie\/congress-modern-warehouse\/\" \/>\n<meta property=\"og:site_name\" content=\"Anter System\" \/>\n<meta property=\"article:modified_time\" content=\"2026-01-30T13:30:26+00:00\" \/>\n<meta property=\"og:image\" content=\"https:\/\/antersystem.com\/wp-content\/uploads\/Modern-Warehouse-Anter-System-2023-1024x683.png\" \/>\n<meta name=\"twitter:card\" content=\"summary_large_image\" \/>\n<meta name=\"twitter:label1\" content=\"Tempo di lettura stimato\" \/>\n\t<meta name=\"twitter:data1\" content=\"1 minuto\" \/>\n<script type=\"application\/ld+json\" class=\"yoast-schema-graph\">{\"@context\":\"https:\/\/schema.org\",\"@graph\":[{\"@type\":\"WebPage\",\"@id\":\"https:\/\/antersystem.com\/it\/notizie\/congress-modern-warehouse\/\",\"url\":\"https:\/\/antersystem.com\/it\/notizie\/congress-modern-warehouse\/\",\"name\":\"Magazzino moderno del Congresso - Anter System\",\"isPartOf\":{\"@id\":\"https:\/\/antersystem.com\/it\/#website\"},\"primaryImageOfPage\":{\"@id\":\"https:\/\/antersystem.com\/it\/notizie\/congress-modern-warehouse\/#primaryimage\"},\"image\":{\"@id\":\"https:\/\/antersystem.com\/it\/notizie\/congress-modern-warehouse\/#primaryimage\"},\"thumbnailUrl\":\"https:\/\/antersystem.com\/wp-content\/uploads\/Modern-Warehouse-Anter-System-2023-1024x683.png\",\"datePublished\":\"2023-11-16T14:30:28+00:00\",\"dateModified\":\"2026-01-30T13:30:26+00:00\",\"description\":\"Il Congresso sul Magazzino Moderno \u00e8 un appuntamento fisso nel calendario degli eventi del settore, organizzato dalla rivista Nowoczesny Magazyn, e anche questa volta non sar\u00e0 diverso. Non vediamo l'ora di incontrarci di nuovo.\",\"breadcrumb\":{\"@id\":\"https:\/\/antersystem.com\/it\/notizie\/congress-modern-warehouse\/#breadcrumb\"},\"inLanguage\":\"it-IT\",\"potentialAction\":[{\"@type\":\"ReadAction\",\"target\":[\"https:\/\/antersystem.com\/it\/notizie\/congress-modern-warehouse\/\"]}]},{\"@type\":\"ImageObject\",\"inLanguage\":\"it-IT\",\"@id\":\"https:\/\/antersystem.com\/it\/notizie\/congress-modern-warehouse\/#primaryimage\",\"url\":\"https:\/\/antersystem.com\/wp-content\/uploads\/Modern-Warehouse-Anter-System-2023-1024x683.png\",\"contentUrl\":\"https:\/\/antersystem.com\/wp-content\/uploads\/Modern-Warehouse-Anter-System-2023-1024x683.png\"},{\"@type\":\"BreadcrumbList\",\"@id\":\"https:\/\/antersystem.com\/it\/notizie\/congress-modern-warehouse\/#breadcrumb\",\"itemListElement\":[{\"@type\":\"ListItem\",\"position\":1,\"name\":\"AnterSystem\",\"item\":\"https:\/\/antersystem.com\/it\/\"},{\"@type\":\"ListItem\",\"position\":2,\"name\":\"Notizie\",\"item\":\"https:\/\/antersystem.com\/it\/notizie\/\"},{\"@type\":\"ListItem\",\"position\":3,\"name\":\"Magazzino moderno del Congresso\"}]},{\"@type\":\"WebSite\",\"@id\":\"https:\/\/antersystem.com\/it\/#website\",\"url\":\"https:\/\/antersystem.com\/it\/\",\"name\":\"Anter System\",\"description\":\"Jeste\u015bmy polskim producentem elastycznych barier ochronnych wykonywanych z polimerowych tworzyw sztucznych. Na rynku krajowym i zagranicznym dzia\u0142amy od ponad 15 lat dbaj\u0105c o zapewnienie bezpiecze\u0144stwa w zak\u0142adach produkcyjnych, magazynach oraz centrach logistycznych.\",\"potentialAction\":[{\"@type\":\"SearchAction\",\"target\":{\"@type\":\"EntryPoint\",\"urlTemplate\":\"https:\/\/antersystem.com\/it\/?s={search_term_string}\"},\"query-input\":{\"@type\":\"PropertyValueSpecification\",\"valueRequired\":true,\"valueName\":\"search_term_string\"}}],\"inLanguage\":\"it-IT\"}]}<\/script>\n<!-- \/ Yoast SEO plugin. -->","yoast_head_json":{"title":"Magazzino moderno del Congresso - Anter System","description":"Il Congresso sul Magazzino Moderno \u00e8 un appuntamento fisso nel calendario degli eventi del settore, organizzato dalla rivista Nowoczesny Magazyn, e anche questa volta non sar\u00e0 diverso. Non vediamo l'ora di incontrarci di nuovo.","robots":{"index":"index","follow":"follow","max-snippet":"max-snippet:-1","max-image-preview":"max-image-preview:large","max-video-preview":"max-video-preview:-1"},"canonical":"https:\/\/antersystem.com\/it\/notizie\/congress-modern-warehouse\/","og_locale":"it_IT","og_type":"article","og_title":"Magazzino moderno del Congresso - Anter System","og_description":"Il Congresso sul Magazzino Moderno \u00e8 un appuntamento fisso nel calendario degli eventi del settore, organizzato dalla rivista Nowoczesny Magazyn, e anche questa volta non sar\u00e0 diverso. Non vediamo l'ora di incontrarci di nuovo.","og_url":"https:\/\/antersystem.com\/it\/notizie\/congress-modern-warehouse\/","og_site_name":"Anter System","article_modified_time":"2026-01-30T13:30:26+00:00","og_image":[{"url":"https:\/\/antersystem.com\/wp-content\/uploads\/Modern-Warehouse-Anter-System-2023-1024x683.png","type":"","width":"","height":""}],"twitter_card":"summary_large_image","twitter_misc":{"Tempo di lettura stimato":"1 minuto"},"schema":{"@context":"https:\/\/schema.org","@graph":[{"@type":"WebPage","@id":"https:\/\/antersystem.com\/it\/notizie\/congress-modern-warehouse\/","url":"https:\/\/antersystem.com\/it\/notizie\/congress-modern-warehouse\/","name":"Magazzino moderno del Congresso - Anter System","isPartOf":{"@id":"https:\/\/antersystem.com\/it\/#website"},"primaryImageOfPage":{"@id":"https:\/\/antersystem.com\/it\/notizie\/congress-modern-warehouse\/#primaryimage"},"image":{"@id":"https:\/\/antersystem.com\/it\/notizie\/congress-modern-warehouse\/#primaryimage"},"thumbnailUrl":"https:\/\/antersystem.com\/wp-content\/uploads\/Modern-Warehouse-Anter-System-2023-1024x683.png","datePublished":"2023-11-16T14:30:28+00:00","dateModified":"2026-01-30T13:30:26+00:00","description":"Il Congresso sul Magazzino Moderno \u00e8 un appuntamento fisso nel calendario degli eventi del settore, organizzato dalla rivista Nowoczesny Magazyn, e anche questa volta non sar\u00e0 diverso. Non vediamo l'ora di incontrarci di nuovo.","breadcrumb":{"@id":"https:\/\/antersystem.com\/it\/notizie\/congress-modern-warehouse\/#breadcrumb"},"inLanguage":"it-IT","potentialAction":[{"@type":"ReadAction","target":["https:\/\/antersystem.com\/it\/notizie\/congress-modern-warehouse\/"]}]},{"@type":"ImageObject","inLanguage":"it-IT","@id":"https:\/\/antersystem.com\/it\/notizie\/congress-modern-warehouse\/#primaryimage","url":"https:\/\/antersystem.com\/wp-content\/uploads\/Modern-Warehouse-Anter-System-2023-1024x683.png","contentUrl":"https:\/\/antersystem.com\/wp-content\/uploads\/Modern-Warehouse-Anter-System-2023-1024x683.png"},{"@type":"BreadcrumbList","@id":"https:\/\/antersystem.com\/it\/notizie\/congress-modern-warehouse\/#breadcrumb","itemListElement":[{"@type":"ListItem","position":1,"name":"AnterSystem","item":"https:\/\/antersystem.com\/it\/"},{"@type":"ListItem","position":2,"name":"Notizie","item":"https:\/\/antersystem.com\/it\/notizie\/"},{"@type":"ListItem","position":3,"name":"Magazzino moderno del Congresso"}]},{"@type":"WebSite","@id":"https:\/\/antersystem.com\/it\/#website","url":"https:\/\/antersystem.com\/it\/","name":"Anter System","description":"Jeste\u015bmy polskim producentem elastycznych barier ochronnych wykonywanych z polimerowych tworzyw sztucznych. Na rynku krajowym i zagranicznym dzia\u0142amy od ponad 15 lat dbaj\u0105c o zapewnienie bezpiecze\u0144stwa w zak\u0142adach produkcyjnych, magazynach oraz centrach logistycznych.","potentialAction":[{"@type":"SearchAction","target":{"@type":"EntryPoint","urlTemplate":"https:\/\/antersystem.com\/it\/?s={search_term_string}"},"query-input":{"@type":"PropertyValueSpecification","valueRequired":true,"valueName":"search_term_string"}}],"inLanguage":"it-IT"}]}},"_links":{"self":[{"href":"https:\/\/antersystem.com\/it\/wp-json\/wp\/v2\/pages\/15479","targetHints":{"allow":["GET"]}}],"collection":[{"href":"https:\/\/antersystem.com\/it\/wp-json\/wp\/v2\/pages"}],"about":[{"href":"https:\/\/antersystem.com\/it\/wp-json\/wp\/v2\/types\/page"}],"author":[{"embeddable":true,"href":"https:\/\/antersystem.com\/it\/wp-json\/wp\/v2\/users\/1"}],"replies":[{"embeddable":true,"href":"https:\/\/antersystem.com\/it\/wp-json\/wp\/v2\/comments?post=15479"}],"version-history":[{"count":1,"href":"https:\/\/antersystem.com\/it\/wp-json\/wp\/v2\/pages\/15479\/revisions"}],"predecessor-version":[{"id":15483,"href":"https:\/\/antersystem.com\/it\/wp-json\/wp\/v2\/pages\/15479\/revisions\/15483"}],"up":[{"embeddable":true,"href":"https:\/\/antersystem.com\/it\/wp-json\/wp\/v2\/pages\/30444"}],"wp:attachment":[{"href":"https:\/\/antersystem.com\/it\/wp-json\/wp\/v2\/media?parent=15479"}],"curies":[{"name":"wp","href":"https:\/\/api.w.org\/{rel}","templated":true}]}}