{"id":15559,"date":"2023-12-07T09:34:39","date_gmt":"2023-12-07T08:34:39","guid":{"rendered":"https:\/\/new.antersystem.com\/forbes-diamonds-2024\/"},"modified":"2026-01-30T14:30:26","modified_gmt":"2026-01-30T13:30:26","slug":"forbes-diamonds-2024","status":"publish","type":"page","link":"https:\/\/antersystem.com\/it\/notizie\/forbes-diamonds-2024\/","title":{"rendered":"Diamanti Forbes 2024"},"content":{"rendered":"\n<div class=\"wp-block-columns is-layout-flex wp-container-core-columns-is-layout-9d6595d7 wp-block-columns-is-layout-flex\">\n  \n  <div class=\"wp-block-column is-layout-flow wp-block-column-is-layout-flow\" style=\"flex-basis:10%\"><\/div>\n  \n\n  \n  <div class=\"wp-block-column is-layout-flow wp-block-column-is-layout-flow\">\n    \n    <h3 class=\"wp-block-heading\"><strong>Anter System \u00e8 stata premiata da Forbes Diamonds Poland 2024 come una delle aziende con lo sviluppo pi\u00f9 dinamico.<\/strong><\/h3>\n    \n\n    \n    <h4>Una parola da parte nostra<\/h4>\n    <p>La nostra storia non \u00e8 come il copione di un film. Non ci sono colpi di scena drammatici o coincidenze improbabili &#8211; anche se, come molti imprenditori in Polonia, abbiamo sicuramente affrontato la nostra parte di sfide. I fondatori e i comproprietari non cercano di recitare il ruolo di supereroi, eppure il marchio Anter System continua a rafforzarsi. Si basa su relazioni coerenti con i clienti e sulla soddisfazione di esigenze reali. Ci adattiamo costantemente ai cambiamenti delle condizioni e ci impegniamo molto per mantenere la nostra visibilit\u00e0 sul mercato. Il concetto di barriere di sicurezza flessibili \u00e8 ancora molto lontano dall&#8217;essere scontato nel nostro settore, quindi la nostra missione educativa rimane una parte importante del nostro lavoro.<\/p>\n\n    <p>Ecco perch\u00e9 siamo particolarmente grati per questo riconoscimento: essere stati inclusi nella lista Forbes Diamonds 2024. Questo prestigioso riconoscimento rafforza la nostra credibilit\u00e0 agli occhi dei nostri partner e distributori e ci incoraggia a perfezionare ulteriormente il nostro modello di innovazione e a raggiungere mercati pi\u00f9 ampi. Siamo stimolati a migliorare continuamente la nostra offerta e a sviluppare soluzioni che servano sempre meglio i nostri clienti.<\/p>\n\n    <h4>Cosa sono i Diamanti Forbes?<\/h4>\n    <p>La lista Forbes Diamonds \u00e8 compilata per conto del team editoriale della rivista Forbes. Il suo scopo \u00e8 quello di evidenziare e premiare le aziende pi\u00f9 dinamiche in Polonia. La classifica classifica le aziende in base al loro tasso di crescita e ai risultati finanziari degli ultimi tre anni, sottolineando la stabilit\u00e0 e il potenziale di ogni azienda. \u00c8 un&#8217;importante fonte di informazioni per gli investitori e i partner commerciali. Le aziende vengono premiate in tre categorie in base al loro fatturato: da 5 a 50 milioni di PLN, da 50 a 250 milioni di PLN e oltre 250 milioni di PLN. Le istituzioni finanziarie come le banche sono escluse dalla classifica.<\/p>\n\n    <p><em>&#8220;Essere inclusi nella classifica di Forbes Diamonds \u00e8 una prova di coraggio e di strategie aziendali efficaci, ben adattate a tempi turbolenti&#8221;, ha<\/em> dichiarato Ewa \u0141uniewska, vicepresidente del consiglio di amministrazione di ING Bank \u015al\u0105ski, partner strategico del concorso.<\/p>\n    <p>&nbsp;<\/p>\n    \n\n    <div class=\"wp-block-image\">\n    <figure class=\"aligncenter size-large is-resized\"><img loading=\"lazy\" decoding=\"async\" width=\"1024\" height=\"535\" src=\"https:\/\/antersystem.com\/wp-content\/uploads\/Diamenty-Forbes-2024-Anter-System-1024x535.jpg\" alt=\"Anter System - Premio Forbes Diamonds 2024\" class=\"wp-image-3741\" style=\"width:709px;height:auto\" srcset=\"https:\/\/antersystem.com\/wp-content\/uploads\/Diamenty-Forbes-2024-Anter-System-1024x535.jpg 1024w, https:\/\/antersystem.com\/wp-content\/uploads\/Diamenty-Forbes-2024-Anter-System-300x157.jpg 300w, https:\/\/antersystem.com\/wp-content\/uploads\/Diamenty-Forbes-2024-Anter-System-768x401.jpg 768w, https:\/\/antersystem.com\/wp-content\/uploads\/Diamenty-Forbes-2024-Anter-System-450x235.jpg 450w, https:\/\/antersystem.com\/wp-content\/uploads\/Diamenty-Forbes-2024-Anter-System-330x172.jpg 330w, https:\/\/antersystem.com\/wp-content\/uploads\/Diamenty-Forbes-2024-Anter-System.jpg 1200w\" sizes=\"auto, (max-width: 1024px) 100vw, 1024px\" \/><\/figure><\/div>\n  <\/div>\n  \n\n  \n  <div class=\"wp-block-column is-layout-flow wp-block-column-is-layout-flow\" style=\"flex-basis:10%\"><\/div>\n  \n<\/div>\n","protected":false},"excerpt":{"rendered":"<p>Anter System \u00e8 stata premiata da Forbes Diamonds Poland 2024 come una delle aziende con lo sviluppo pi\u00f9 dinamico. Una parola da parte nostra La nostra storia non \u00e8 come il copione di un film. Non ci sono colpi di scena drammatici o coincidenze improbabili &#8211; anche se, come molti imprenditori in Polonia, abbiamo sicuramente [&hellip;]<\/p>\n","protected":false},"author":1,"featured_media":0,"parent":30444,"menu_order":0,"comment_status":"closed","ping_status":"closed","template":"","meta":{"inline_featured_image":false,"ngg_post_thumbnail":0,"footnotes":""},"class_list":["post-15559","page","type-page","status-publish","hentry"],"acf":[],"yoast_head":"<!-- This site is optimized with the Yoast SEO plugin v27.0 - https:\/\/yoast.com\/product\/yoast-seo-wordpress\/ -->\n<title>Diamanti Forbes 2024 - Anter System<\/title>\n<meta name=\"description\" content=\"Anter System \u00e8 stata premiata da Forbes Diamonds Poland 2024 come una delle aziende con lo sviluppo pi\u00f9 dinamico. Una parola da parte nostra La nostra\" \/>\n<meta name=\"robots\" content=\"index, follow, max-snippet:-1, max-image-preview:large, max-video-preview:-1\" \/>\n<link rel=\"canonical\" href=\"https:\/\/antersystem.com\/it\/notizie\/forbes-diamonds-2024\/\" \/>\n<meta property=\"og:locale\" content=\"it_IT\" \/>\n<meta property=\"og:type\" content=\"article\" \/>\n<meta property=\"og:title\" content=\"Diamanti Forbes 2024 - Anter System\" \/>\n<meta property=\"og:description\" content=\"Anter System \u00e8 stata premiata da Forbes Diamonds Poland 2024 come una delle aziende con lo sviluppo pi\u00f9 dinamico. Una parola da parte nostra La nostra\" \/>\n<meta property=\"og:url\" content=\"https:\/\/antersystem.com\/it\/notizie\/forbes-diamonds-2024\/\" \/>\n<meta property=\"og:site_name\" content=\"Anter System\" \/>\n<meta property=\"article:modified_time\" content=\"2026-01-30T13:30:26+00:00\" \/>\n<meta property=\"og:image\" content=\"https:\/\/antersystem.com\/wp-content\/uploads\/Diamenty-Forbes-2024-Anter-System-1024x535.jpg\" \/>\n<meta name=\"twitter:card\" content=\"summary_large_image\" \/>\n<meta name=\"twitter:label1\" content=\"Tempo di lettura stimato\" \/>\n\t<meta name=\"twitter:data1\" content=\"2 minuti\" \/>\n<script type=\"application\/ld+json\" class=\"yoast-schema-graph\">{\"@context\":\"https:\/\/schema.org\",\"@graph\":[{\"@type\":\"WebPage\",\"@id\":\"https:\/\/antersystem.com\/it\/notizie\/forbes-diamonds-2024\/\",\"url\":\"https:\/\/antersystem.com\/it\/notizie\/forbes-diamonds-2024\/\",\"name\":\"Diamanti Forbes 2024 - Anter System\",\"isPartOf\":{\"@id\":\"https:\/\/antersystem.com\/it\/#website\"},\"primaryImageOfPage\":{\"@id\":\"https:\/\/antersystem.com\/it\/notizie\/forbes-diamonds-2024\/#primaryimage\"},\"image\":{\"@id\":\"https:\/\/antersystem.com\/it\/notizie\/forbes-diamonds-2024\/#primaryimage\"},\"thumbnailUrl\":\"https:\/\/antersystem.com\/wp-content\/uploads\/Diamenty-Forbes-2024-Anter-System-1024x535.jpg\",\"datePublished\":\"2023-12-07T08:34:39+00:00\",\"dateModified\":\"2026-01-30T13:30:26+00:00\",\"description\":\"Anter System \u00e8 stata premiata da Forbes Diamonds Poland 2024 come una delle aziende con lo sviluppo pi\u00f9 dinamico. Una parola da parte nostra La nostra\",\"breadcrumb\":{\"@id\":\"https:\/\/antersystem.com\/it\/notizie\/forbes-diamonds-2024\/#breadcrumb\"},\"inLanguage\":\"it-IT\",\"potentialAction\":[{\"@type\":\"ReadAction\",\"target\":[\"https:\/\/antersystem.com\/it\/notizie\/forbes-diamonds-2024\/\"]}]},{\"@type\":\"ImageObject\",\"inLanguage\":\"it-IT\",\"@id\":\"https:\/\/antersystem.com\/it\/notizie\/forbes-diamonds-2024\/#primaryimage\",\"url\":\"https:\/\/antersystem.com\/wp-content\/uploads\/Diamenty-Forbes-2024-Anter-System-1024x535.jpg\",\"contentUrl\":\"https:\/\/antersystem.com\/wp-content\/uploads\/Diamenty-Forbes-2024-Anter-System-1024x535.jpg\"},{\"@type\":\"BreadcrumbList\",\"@id\":\"https:\/\/antersystem.com\/it\/notizie\/forbes-diamonds-2024\/#breadcrumb\",\"itemListElement\":[{\"@type\":\"ListItem\",\"position\":1,\"name\":\"AnterSystem\",\"item\":\"https:\/\/antersystem.com\/it\/\"},{\"@type\":\"ListItem\",\"position\":2,\"name\":\"Notizie\",\"item\":\"https:\/\/antersystem.com\/it\/notizie\/\"},{\"@type\":\"ListItem\",\"position\":3,\"name\":\"Diamanti Forbes 2024\"}]},{\"@type\":\"WebSite\",\"@id\":\"https:\/\/antersystem.com\/it\/#website\",\"url\":\"https:\/\/antersystem.com\/it\/\",\"name\":\"Anter System\",\"description\":\"Jeste\u015bmy polskim producentem elastycznych barier ochronnych wykonywanych z polimerowych tworzyw sztucznych. Na rynku krajowym i zagranicznym dzia\u0142amy od ponad 15 lat dbaj\u0105c o zapewnienie bezpiecze\u0144stwa w zak\u0142adach produkcyjnych, magazynach oraz centrach logistycznych.\",\"potentialAction\":[{\"@type\":\"SearchAction\",\"target\":{\"@type\":\"EntryPoint\",\"urlTemplate\":\"https:\/\/antersystem.com\/it\/?s={search_term_string}\"},\"query-input\":{\"@type\":\"PropertyValueSpecification\",\"valueRequired\":true,\"valueName\":\"search_term_string\"}}],\"inLanguage\":\"it-IT\"}]}<\/script>\n<!-- \/ Yoast SEO plugin. -->","yoast_head_json":{"title":"Diamanti Forbes 2024 - Anter System","description":"Anter System \u00e8 stata premiata da Forbes Diamonds Poland 2024 come una delle aziende con lo sviluppo pi\u00f9 dinamico. Una parola da parte nostra La nostra","robots":{"index":"index","follow":"follow","max-snippet":"max-snippet:-1","max-image-preview":"max-image-preview:large","max-video-preview":"max-video-preview:-1"},"canonical":"https:\/\/antersystem.com\/it\/notizie\/forbes-diamonds-2024\/","og_locale":"it_IT","og_type":"article","og_title":"Diamanti Forbes 2024 - Anter System","og_description":"Anter System \u00e8 stata premiata da Forbes Diamonds Poland 2024 come una delle aziende con lo sviluppo pi\u00f9 dinamico. Una parola da parte nostra La nostra","og_url":"https:\/\/antersystem.com\/it\/notizie\/forbes-diamonds-2024\/","og_site_name":"Anter System","article_modified_time":"2026-01-30T13:30:26+00:00","og_image":[{"url":"https:\/\/antersystem.com\/wp-content\/uploads\/Diamenty-Forbes-2024-Anter-System-1024x535.jpg","type":"","width":"","height":""}],"twitter_card":"summary_large_image","twitter_misc":{"Tempo di lettura stimato":"2 minuti"},"schema":{"@context":"https:\/\/schema.org","@graph":[{"@type":"WebPage","@id":"https:\/\/antersystem.com\/it\/notizie\/forbes-diamonds-2024\/","url":"https:\/\/antersystem.com\/it\/notizie\/forbes-diamonds-2024\/","name":"Diamanti Forbes 2024 - Anter System","isPartOf":{"@id":"https:\/\/antersystem.com\/it\/#website"},"primaryImageOfPage":{"@id":"https:\/\/antersystem.com\/it\/notizie\/forbes-diamonds-2024\/#primaryimage"},"image":{"@id":"https:\/\/antersystem.com\/it\/notizie\/forbes-diamonds-2024\/#primaryimage"},"thumbnailUrl":"https:\/\/antersystem.com\/wp-content\/uploads\/Diamenty-Forbes-2024-Anter-System-1024x535.jpg","datePublished":"2023-12-07T08:34:39+00:00","dateModified":"2026-01-30T13:30:26+00:00","description":"Anter System \u00e8 stata premiata da Forbes Diamonds Poland 2024 come una delle aziende con lo sviluppo pi\u00f9 dinamico. Una parola da parte nostra La nostra","breadcrumb":{"@id":"https:\/\/antersystem.com\/it\/notizie\/forbes-diamonds-2024\/#breadcrumb"},"inLanguage":"it-IT","potentialAction":[{"@type":"ReadAction","target":["https:\/\/antersystem.com\/it\/notizie\/forbes-diamonds-2024\/"]}]},{"@type":"ImageObject","inLanguage":"it-IT","@id":"https:\/\/antersystem.com\/it\/notizie\/forbes-diamonds-2024\/#primaryimage","url":"https:\/\/antersystem.com\/wp-content\/uploads\/Diamenty-Forbes-2024-Anter-System-1024x535.jpg","contentUrl":"https:\/\/antersystem.com\/wp-content\/uploads\/Diamenty-Forbes-2024-Anter-System-1024x535.jpg"},{"@type":"BreadcrumbList","@id":"https:\/\/antersystem.com\/it\/notizie\/forbes-diamonds-2024\/#breadcrumb","itemListElement":[{"@type":"ListItem","position":1,"name":"AnterSystem","item":"https:\/\/antersystem.com\/it\/"},{"@type":"ListItem","position":2,"name":"Notizie","item":"https:\/\/antersystem.com\/it\/notizie\/"},{"@type":"ListItem","position":3,"name":"Diamanti Forbes 2024"}]},{"@type":"WebSite","@id":"https:\/\/antersystem.com\/it\/#website","url":"https:\/\/antersystem.com\/it\/","name":"Anter System","description":"Jeste\u015bmy polskim producentem elastycznych barier ochronnych wykonywanych z polimerowych tworzyw sztucznych. Na rynku krajowym i zagranicznym dzia\u0142amy od ponad 15 lat dbaj\u0105c o zapewnienie bezpiecze\u0144stwa w zak\u0142adach produkcyjnych, magazynach oraz centrach logistycznych.","potentialAction":[{"@type":"SearchAction","target":{"@type":"EntryPoint","urlTemplate":"https:\/\/antersystem.com\/it\/?s={search_term_string}"},"query-input":{"@type":"PropertyValueSpecification","valueRequired":true,"valueName":"search_term_string"}}],"inLanguage":"it-IT"}]}},"_links":{"self":[{"href":"https:\/\/antersystem.com\/it\/wp-json\/wp\/v2\/pages\/15559","targetHints":{"allow":["GET"]}}],"collection":[{"href":"https:\/\/antersystem.com\/it\/wp-json\/wp\/v2\/pages"}],"about":[{"href":"https:\/\/antersystem.com\/it\/wp-json\/wp\/v2\/types\/page"}],"author":[{"embeddable":true,"href":"https:\/\/antersystem.com\/it\/wp-json\/wp\/v2\/users\/1"}],"replies":[{"embeddable":true,"href":"https:\/\/antersystem.com\/it\/wp-json\/wp\/v2\/comments?post=15559"}],"version-history":[{"count":1,"href":"https:\/\/antersystem.com\/it\/wp-json\/wp\/v2\/pages\/15559\/revisions"}],"predecessor-version":[{"id":15563,"href":"https:\/\/antersystem.com\/it\/wp-json\/wp\/v2\/pages\/15559\/revisions\/15563"}],"up":[{"embeddable":true,"href":"https:\/\/antersystem.com\/it\/wp-json\/wp\/v2\/pages\/30444"}],"wp:attachment":[{"href":"https:\/\/antersystem.com\/it\/wp-json\/wp\/v2\/media?parent=15559"}],"curies":[{"name":"wp","href":"https:\/\/api.w.org\/{rel}","templated":true}]}}