{"id":15572,"date":"2024-03-26T13:03:30","date_gmt":"2024-03-26T12:03:30","guid":{"rendered":"https:\/\/new.antersystem.com\/sawo-2024\/"},"modified":"2026-01-30T14:30:26","modified_gmt":"2026-01-30T13:30:26","slug":"sawo-2024","status":"publish","type":"page","link":"https:\/\/antersystem.com\/it\/notizie\/sawo-2024\/","title":{"rendered":"Fiere SAWO"},"content":{"rendered":"\n<div class=\"wp-block-columns is-layout-flex wp-container-core-columns-is-layout-9d6595d7 wp-block-columns-is-layout-flex\">\n<div class=\"wp-block-column is-layout-flow wp-block-column-is-layout-flow\" style=\"flex-basis:10%\"><\/div>\n\n\n\n<div class=\"wp-block-column is-layout-flow wp-block-column-is-layout-flow\">\n<h3 class=\"wp-block-heading\">Sicurezza sul lavoro e risposta alle emergenze &#8211; Fiera SAWO&#8217;24 a Pozna\u0144.<\/h3>\n\n\n\n<p>Se i capannoni di produzione, i magazzini e le altre strutture industriali fossero pi\u00f9 protetti, il numero di incidenti sarebbe sicuramente molto pi\u00f9 basso. Sembra che l&#8217;espansione delle conoscenze in questo settore possa essere infinita, e questo \u00e8 un bene. Un&#8217;altra occasione per farlo si presenter\u00e0 nella seconda met\u00e0 di aprile, dal 23 al 25 aprile a Pozna\u0144. La <strong>fiera internazionale per la sicurezza sul lavoro, la protezione antincendio e il soccorso SAWO<\/strong> \u00e8 la pi\u00f9 grande fiera OHS dell&#8217;Europa centrale e orientale.<\/p>\n\n\n\n<p>Durante l&#8217;evento verranno presentati gli ultimi risultati ottenuti dai <strong>produttori<\/strong> polacchi e internazionali <strong>di attrezzature e soluzioni dedicate alla sicurezza, alla tutela della salute e al lavoro<\/strong>. La fiera SAWO \u00e8 anche uno spazio per presentare le tecnologie avanzate utilizzate nelle operazioni di soccorso specialistico. I visitatori possono aspettarsi non solo un&#8217;esposizione variegata, ma anche l&#8217;opportunit\u00e0 di partecipare a conferenze tematiche e a spettacolari dimostrazioni dal vivo.<\/p>\n\n\n\n<p>Da anni si discute su come proteggere adeguatamente i dipendenti e i beni aziendali dalle conseguenze di errori umani e incidenti. Una delle sfide principali che i datori di lavoro moderni devono affrontare \u00e8 la necessit\u00e0 di adattare la protezione delle strutture alle condizioni di mercato in continua evoluzione, nonch\u00e9 alle nuove soluzioni e tecnologie. Intendiamo condividere le nostre conoscenze su questo argomento durante la fiera SAWO.<\/p>\n\n\n\n<p>Tra i maggiori <a href=\"https:\/\/antersystem.com\/nasze-systemy\/\"><strong>vantaggi dei sistemi di barriere flessibili Anter System<\/strong><\/a> sono la loro struttura robusta e la possibilit\u00e0 di essere ampliati in modo flessibile con moduli aggiuntivi. Anche il loro prezzo accessibile, soprattutto in relazione alla qualit\u00e0 del prodotto, \u00e8 significativo. Le barriere flessibili aumentano il livello di sicurezza delle operazioni che coinvolgono i carrelli elevatori, aiutando a proteggere gli altri dipendenti dalle conseguenze degli errori dell&#8217;operatore. Allo stesso tempo, l&#8217;utilizzo di barriere ad assorbimento di energia negli impianti industriali porta a riduzioni dei costi misurabili e a lungo termine, grazie a una migliore protezione dei carichi e all&#8217;ottimizzazione dello spazio di magazzino. Questi prodotti consentono di immagazzinare in modo sicuro e conveniente le merci a grandi altezze, senza, ad esempio, il rischio di spostamenti accidentali.<\/p>\n\n\n\n<p>Allora, ci vediamo alla prossima edizione! Ti invitiamo a vedere i nostri prodotti da vicino: <strong>Padiglione 3A (piano terra), stand n. 121<\/strong>.<\/p>\n\n\n\n<p>Link all&#8217;evento: <a href=\"https:\/\/targisawo.pl\/pl\/program-wydarzen\/\"><strong>targisawo.pl<\/strong><\/a><\/p>\n\n\n\n<p><strong>#SAWO #tradefair #salvataggio #OHS<\/strong> <strong>#flexiblesafetybarriers<\/strong><\/p>\n<\/div>\n\n\n\n<div class=\"wp-block-column is-layout-flow wp-block-column-is-layout-flow\" style=\"flex-basis:10%\"><\/div>\n<\/div>\n<div class=\"wp-block-image\">\n<figure class=\"aligncenter size-large is-resized\"><img loading=\"lazy\" decoding=\"async\" width=\"1024\" height=\"535\" src=\"https:\/\/antersystem.com\/wp-content\/uploads\/SAWO-targi-ochrony-pracy-pozarnictwa-i-ratownictwa-Anter-System-1024x535.webp\" alt=\"\" class=\"wp-image-4389\" style=\"width:720px;height:auto\" srcset=\"https:\/\/antersystem.com\/wp-content\/uploads\/SAWO-targi-ochrony-pracy-pozarnictwa-i-ratownictwa-Anter-System-1024x535.webp 1024w, https:\/\/antersystem.com\/wp-content\/uploads\/SAWO-targi-ochrony-pracy-pozarnictwa-i-ratownictwa-Anter-System-300x157.webp 300w, https:\/\/antersystem.com\/wp-content\/uploads\/SAWO-targi-ochrony-pracy-pozarnictwa-i-ratownictwa-Anter-System-768x401.webp 768w, https:\/\/antersystem.com\/wp-content\/uploads\/SAWO-targi-ochrony-pracy-pozarnictwa-i-ratownictwa-Anter-System-450x235.webp 450w, https:\/\/antersystem.com\/wp-content\/uploads\/SAWO-targi-ochrony-pracy-pozarnictwa-i-ratownictwa-Anter-System-330x172.webp 330w, https:\/\/antersystem.com\/wp-content\/uploads\/SAWO-targi-ochrony-pracy-pozarnictwa-i-ratownictwa-Anter-System.webp 1200w\" sizes=\"auto, (max-width: 1024px) 100vw, 1024px\" \/><\/figure><\/div>","protected":false},"excerpt":{"rendered":"<p>Sicurezza sul lavoro e risposta alle emergenze &#8211; Fiera SAWO&#8217;24 a Pozna\u0144. Se i capannoni di produzione, i magazzini e le altre strutture industriali fossero pi\u00f9 protetti, il numero di incidenti sarebbe sicuramente molto pi\u00f9 basso. Sembra che l&#8217;espansione delle conoscenze in questo settore possa essere infinita, e questo \u00e8 un bene. Un&#8217;altra occasione per [&hellip;]<\/p>\n","protected":false},"author":1,"featured_media":0,"parent":30444,"menu_order":0,"comment_status":"closed","ping_status":"closed","template":"","meta":{"inline_featured_image":false,"ngg_post_thumbnail":0,"footnotes":""},"class_list":["post-15572","page","type-page","status-publish","hentry"],"acf":[],"yoast_head":"<!-- This site is optimized with the Yoast SEO plugin v27.0 - https:\/\/yoast.com\/product\/yoast-seo-wordpress\/ -->\n<title>Fiere SAWO - Anter System<\/title>\n<meta name=\"description\" content=\"Sicurezza sul lavoro e risposta alle emergenze - Fiera SAWO&#039;24 a Pozna\u0144. Se i capannoni di produzione, i magazzini e le altre strutture industriali\" \/>\n<meta name=\"robots\" content=\"index, follow, max-snippet:-1, max-image-preview:large, max-video-preview:-1\" \/>\n<link rel=\"canonical\" href=\"https:\/\/antersystem.com\/it\/notizie\/sawo-2024\/\" \/>\n<meta property=\"og:locale\" content=\"it_IT\" \/>\n<meta property=\"og:type\" content=\"article\" \/>\n<meta property=\"og:title\" content=\"Fiere SAWO - Anter System\" \/>\n<meta property=\"og:description\" content=\"Sicurezza sul lavoro e risposta alle emergenze - Fiera SAWO&#039;24 a Pozna\u0144. Se i capannoni di produzione, i magazzini e le altre strutture industriali\" \/>\n<meta property=\"og:url\" content=\"https:\/\/antersystem.com\/it\/notizie\/sawo-2024\/\" \/>\n<meta property=\"og:site_name\" content=\"Anter System\" \/>\n<meta property=\"article:modified_time\" content=\"2026-01-30T13:30:26+00:00\" \/>\n<meta property=\"og:image\" content=\"https:\/\/antersystem.com\/wp-content\/uploads\/SAWO-targi-ochrony-pracy-pozarnictwa-i-ratownictwa-Anter-System-1024x535.webp\" \/>\n<meta name=\"twitter:card\" content=\"summary_large_image\" \/>\n<meta name=\"twitter:label1\" content=\"Tempo di lettura stimato\" \/>\n\t<meta name=\"twitter:data1\" content=\"2 minuti\" \/>\n<script type=\"application\/ld+json\" class=\"yoast-schema-graph\">{\"@context\":\"https:\/\/schema.org\",\"@graph\":[{\"@type\":\"WebPage\",\"@id\":\"https:\/\/antersystem.com\/it\/notizie\/sawo-2024\/\",\"url\":\"https:\/\/antersystem.com\/it\/notizie\/sawo-2024\/\",\"name\":\"Fiere SAWO - Anter System\",\"isPartOf\":{\"@id\":\"https:\/\/antersystem.com\/it\/#website\"},\"primaryImageOfPage\":{\"@id\":\"https:\/\/antersystem.com\/it\/notizie\/sawo-2024\/#primaryimage\"},\"image\":{\"@id\":\"https:\/\/antersystem.com\/it\/notizie\/sawo-2024\/#primaryimage\"},\"thumbnailUrl\":\"https:\/\/antersystem.com\/wp-content\/uploads\/SAWO-targi-ochrony-pracy-pozarnictwa-i-ratownictwa-Anter-System-1024x535.webp\",\"datePublished\":\"2024-03-26T12:03:30+00:00\",\"dateModified\":\"2026-01-30T13:30:26+00:00\",\"description\":\"Sicurezza sul lavoro e risposta alle emergenze - Fiera SAWO'24 a Pozna\u0144. Se i capannoni di produzione, i magazzini e le altre strutture industriali\",\"breadcrumb\":{\"@id\":\"https:\/\/antersystem.com\/it\/notizie\/sawo-2024\/#breadcrumb\"},\"inLanguage\":\"it-IT\",\"potentialAction\":[{\"@type\":\"ReadAction\",\"target\":[\"https:\/\/antersystem.com\/it\/notizie\/sawo-2024\/\"]}]},{\"@type\":\"ImageObject\",\"inLanguage\":\"it-IT\",\"@id\":\"https:\/\/antersystem.com\/it\/notizie\/sawo-2024\/#primaryimage\",\"url\":\"https:\/\/antersystem.com\/wp-content\/uploads\/SAWO-targi-ochrony-pracy-pozarnictwa-i-ratownictwa-Anter-System-1024x535.webp\",\"contentUrl\":\"https:\/\/antersystem.com\/wp-content\/uploads\/SAWO-targi-ochrony-pracy-pozarnictwa-i-ratownictwa-Anter-System-1024x535.webp\"},{\"@type\":\"BreadcrumbList\",\"@id\":\"https:\/\/antersystem.com\/it\/notizie\/sawo-2024\/#breadcrumb\",\"itemListElement\":[{\"@type\":\"ListItem\",\"position\":1,\"name\":\"AnterSystem\",\"item\":\"https:\/\/antersystem.com\/it\/\"},{\"@type\":\"ListItem\",\"position\":2,\"name\":\"Notizie\",\"item\":\"https:\/\/antersystem.com\/it\/notizie\/\"},{\"@type\":\"ListItem\",\"position\":3,\"name\":\"Fiere SAWO\"}]},{\"@type\":\"WebSite\",\"@id\":\"https:\/\/antersystem.com\/it\/#website\",\"url\":\"https:\/\/antersystem.com\/it\/\",\"name\":\"Anter System\",\"description\":\"Jeste\u015bmy polskim producentem elastycznych barier ochronnych wykonywanych z polimerowych tworzyw sztucznych. Na rynku krajowym i zagranicznym dzia\u0142amy od ponad 15 lat dbaj\u0105c o zapewnienie bezpiecze\u0144stwa w zak\u0142adach produkcyjnych, magazynach oraz centrach logistycznych.\",\"potentialAction\":[{\"@type\":\"SearchAction\",\"target\":{\"@type\":\"EntryPoint\",\"urlTemplate\":\"https:\/\/antersystem.com\/it\/?s={search_term_string}\"},\"query-input\":{\"@type\":\"PropertyValueSpecification\",\"valueRequired\":true,\"valueName\":\"search_term_string\"}}],\"inLanguage\":\"it-IT\"}]}<\/script>\n<!-- \/ Yoast SEO plugin. -->","yoast_head_json":{"title":"Fiere SAWO - Anter System","description":"Sicurezza sul lavoro e risposta alle emergenze - Fiera SAWO'24 a Pozna\u0144. Se i capannoni di produzione, i magazzini e le altre strutture industriali","robots":{"index":"index","follow":"follow","max-snippet":"max-snippet:-1","max-image-preview":"max-image-preview:large","max-video-preview":"max-video-preview:-1"},"canonical":"https:\/\/antersystem.com\/it\/notizie\/sawo-2024\/","og_locale":"it_IT","og_type":"article","og_title":"Fiere SAWO - Anter System","og_description":"Sicurezza sul lavoro e risposta alle emergenze - Fiera SAWO'24 a Pozna\u0144. Se i capannoni di produzione, i magazzini e le altre strutture industriali","og_url":"https:\/\/antersystem.com\/it\/notizie\/sawo-2024\/","og_site_name":"Anter System","article_modified_time":"2026-01-30T13:30:26+00:00","og_image":[{"url":"https:\/\/antersystem.com\/wp-content\/uploads\/SAWO-targi-ochrony-pracy-pozarnictwa-i-ratownictwa-Anter-System-1024x535.webp","type":"","width":"","height":""}],"twitter_card":"summary_large_image","twitter_misc":{"Tempo di lettura stimato":"2 minuti"},"schema":{"@context":"https:\/\/schema.org","@graph":[{"@type":"WebPage","@id":"https:\/\/antersystem.com\/it\/notizie\/sawo-2024\/","url":"https:\/\/antersystem.com\/it\/notizie\/sawo-2024\/","name":"Fiere SAWO - Anter System","isPartOf":{"@id":"https:\/\/antersystem.com\/it\/#website"},"primaryImageOfPage":{"@id":"https:\/\/antersystem.com\/it\/notizie\/sawo-2024\/#primaryimage"},"image":{"@id":"https:\/\/antersystem.com\/it\/notizie\/sawo-2024\/#primaryimage"},"thumbnailUrl":"https:\/\/antersystem.com\/wp-content\/uploads\/SAWO-targi-ochrony-pracy-pozarnictwa-i-ratownictwa-Anter-System-1024x535.webp","datePublished":"2024-03-26T12:03:30+00:00","dateModified":"2026-01-30T13:30:26+00:00","description":"Sicurezza sul lavoro e risposta alle emergenze - Fiera SAWO'24 a Pozna\u0144. Se i capannoni di produzione, i magazzini e le altre strutture industriali","breadcrumb":{"@id":"https:\/\/antersystem.com\/it\/notizie\/sawo-2024\/#breadcrumb"},"inLanguage":"it-IT","potentialAction":[{"@type":"ReadAction","target":["https:\/\/antersystem.com\/it\/notizie\/sawo-2024\/"]}]},{"@type":"ImageObject","inLanguage":"it-IT","@id":"https:\/\/antersystem.com\/it\/notizie\/sawo-2024\/#primaryimage","url":"https:\/\/antersystem.com\/wp-content\/uploads\/SAWO-targi-ochrony-pracy-pozarnictwa-i-ratownictwa-Anter-System-1024x535.webp","contentUrl":"https:\/\/antersystem.com\/wp-content\/uploads\/SAWO-targi-ochrony-pracy-pozarnictwa-i-ratownictwa-Anter-System-1024x535.webp"},{"@type":"BreadcrumbList","@id":"https:\/\/antersystem.com\/it\/notizie\/sawo-2024\/#breadcrumb","itemListElement":[{"@type":"ListItem","position":1,"name":"AnterSystem","item":"https:\/\/antersystem.com\/it\/"},{"@type":"ListItem","position":2,"name":"Notizie","item":"https:\/\/antersystem.com\/it\/notizie\/"},{"@type":"ListItem","position":3,"name":"Fiere SAWO"}]},{"@type":"WebSite","@id":"https:\/\/antersystem.com\/it\/#website","url":"https:\/\/antersystem.com\/it\/","name":"Anter System","description":"Jeste\u015bmy polskim producentem elastycznych barier ochronnych wykonywanych z polimerowych tworzyw sztucznych. Na rynku krajowym i zagranicznym dzia\u0142amy od ponad 15 lat dbaj\u0105c o zapewnienie bezpiecze\u0144stwa w zak\u0142adach produkcyjnych, magazynach oraz centrach logistycznych.","potentialAction":[{"@type":"SearchAction","target":{"@type":"EntryPoint","urlTemplate":"https:\/\/antersystem.com\/it\/?s={search_term_string}"},"query-input":{"@type":"PropertyValueSpecification","valueRequired":true,"valueName":"search_term_string"}}],"inLanguage":"it-IT"}]}},"_links":{"self":[{"href":"https:\/\/antersystem.com\/it\/wp-json\/wp\/v2\/pages\/15572","targetHints":{"allow":["GET"]}}],"collection":[{"href":"https:\/\/antersystem.com\/it\/wp-json\/wp\/v2\/pages"}],"about":[{"href":"https:\/\/antersystem.com\/it\/wp-json\/wp\/v2\/types\/page"}],"author":[{"embeddable":true,"href":"https:\/\/antersystem.com\/it\/wp-json\/wp\/v2\/users\/1"}],"replies":[{"embeddable":true,"href":"https:\/\/antersystem.com\/it\/wp-json\/wp\/v2\/comments?post=15572"}],"version-history":[{"count":1,"href":"https:\/\/antersystem.com\/it\/wp-json\/wp\/v2\/pages\/15572\/revisions"}],"predecessor-version":[{"id":15576,"href":"https:\/\/antersystem.com\/it\/wp-json\/wp\/v2\/pages\/15572\/revisions\/15576"}],"up":[{"embeddable":true,"href":"https:\/\/antersystem.com\/it\/wp-json\/wp\/v2\/pages\/30444"}],"wp:attachment":[{"href":"https:\/\/antersystem.com\/it\/wp-json\/wp\/v2\/media?parent=15572"}],"curies":[{"name":"wp","href":"https:\/\/api.w.org\/{rel}","templated":true}]}}