{"id":15618,"date":"2023-10-09T09:58:06","date_gmt":"2023-10-09T07:58:06","guid":{"rendered":"https:\/\/new.antersystem.com\/modernlog-2023\/"},"modified":"2026-01-30T14:30:26","modified_gmt":"2026-01-30T13:30:26","slug":"modernlog-2023","status":"publish","type":"page","link":"https:\/\/antersystem.com\/it\/notizie\/modernlog-2023\/","title":{"rendered":"Modernlog 2023"},"content":{"rendered":"\n<div class=\"wp-block-columns is-layout-flex wp-container-core-columns-is-layout-9d6595d7 wp-block-columns-is-layout-flex\">\n<div class=\"wp-block-column is-layout-flow wp-block-column-is-layout-flow\" style=\"flex-basis:10%\"><\/div>\n\n\n\n<div class=\"wp-block-column is-layout-flow wp-block-column-is-layout-flow\">\n<h3 class=\"wp-block-heading\">Anter System al Modernlog 2023<\/h3>\n\n\n\n<p style=\"text-align: left;\">Siamo lieti di aver partecipato a MODERNLOG, la fiera leader nel settore della logistica, dei magazzini e dei trasporti. In qualit\u00e0 di rinomato produttore di barriere di sicurezza flessibili, Anter System ha avuto la grande opportunit\u00e0 di presentare le sue soluzioni innovative a un vasto pubblico di professionisti.<\/p>\n<p style=\"text-align: left;\">Ti invitiamo a guardare il nostro video riassuntivo dell&#8217;evento. Scopri come presentiamo le nostre soluzioni progettate per ottimizzare le operazioni logistiche aumentando la sicurezza e l&#8217;efficienza negli ambienti di magazzino. Il video evidenzia anche le nostre interazioni con clienti e partner e la nostra partecipazione a discussioni stimolanti sul futuro del settore.<\/p>\n<p style=\"text-align: left;\">Durante il MODERNLOG, le nostre barriere di sicurezza flessibili hanno ottenuto il riconoscimento di molti specialisti del settore, confermando che Anter System \u00e8 all&#8217;avanguardia nell&#8217;innovazione della sicurezza dei magazzini.<\/p>\n<p style=\"text-align: left;\">Ti invitiamo caldamente a guardare il video e a vivere l&#8217;atmosfera di questo evento stimolante. Scopri come Anter System contribuisce a plasmare il futuro del settore logistico.<\/p>\n\n\n<p><video style=\"width: 100%; height: auto;\" controls><source src=\"https:\/\/antersystem.com\/wp-content\/uploads\/antersystem_small_Modernlog.mp4\" type=\"video\/mp4\"><\/video><\/p>\n<\/div>\n\n\n\n<div class=\"wp-block-column is-layout-flow wp-block-column-is-layout-flow\" style=\"flex-basis:10%\"><\/div>\n<\/div>\n","protected":false},"excerpt":{"rendered":"<p>Anter System al Modernlog 2023 Siamo lieti di aver partecipato a MODERNLOG, la fiera leader nel settore della logistica, dei magazzini e dei trasporti. In qualit\u00e0 di rinomato produttore di barriere di sicurezza flessibili, Anter System ha avuto la grande opportunit\u00e0 di presentare le sue soluzioni innovative a un vasto pubblico di professionisti. Ti invitiamo [&hellip;]<\/p>\n","protected":false},"author":1,"featured_media":0,"parent":30444,"menu_order":0,"comment_status":"closed","ping_status":"closed","template":"","meta":{"inline_featured_image":false,"ngg_post_thumbnail":0,"footnotes":""},"class_list":["post-15618","page","type-page","status-publish","hentry"],"acf":[],"yoast_head":"<!-- This site is optimized with the Yoast SEO plugin v27.0 - https:\/\/yoast.com\/product\/yoast-seo-wordpress\/ -->\n<title>Modernlog 2023 - Anter System<\/title>\n<meta name=\"description\" content=\"Anter System, jako renomowany producent elastycznych barier ochronnych, mia\u0142 niezwyk\u0142\u0105 okazj\u0119, aby zaprezentowa\u0107 swoje innowacyjne rozwi\u0105zania szerokiej publiczno\u015bci z bran\u017cy podczas targ\u00f3w Modernlog 2023.\" \/>\n<meta name=\"robots\" content=\"index, follow, max-snippet:-1, max-image-preview:large, max-video-preview:-1\" \/>\n<link rel=\"canonical\" href=\"https:\/\/antersystem.com\/it\/notizie\/modernlog-2023\/\" \/>\n<meta property=\"og:locale\" content=\"it_IT\" \/>\n<meta property=\"og:type\" content=\"article\" \/>\n<meta property=\"og:title\" content=\"Modernlog 2023 - Anter System\" \/>\n<meta property=\"og:description\" content=\"Anter System, jako renomowany producent elastycznych barier ochronnych, mia\u0142 niezwyk\u0142\u0105 okazj\u0119, aby zaprezentowa\u0107 swoje innowacyjne rozwi\u0105zania szerokiej publiczno\u015bci z bran\u017cy podczas targ\u00f3w Modernlog 2023.\" \/>\n<meta property=\"og:url\" content=\"https:\/\/antersystem.com\/it\/notizie\/modernlog-2023\/\" \/>\n<meta property=\"og:site_name\" content=\"Anter System\" \/>\n<meta property=\"article:modified_time\" content=\"2026-01-30T13:30:26+00:00\" \/>\n<meta name=\"twitter:card\" content=\"summary_large_image\" \/>\n<meta name=\"twitter:label1\" content=\"Tempo di lettura stimato\" \/>\n\t<meta name=\"twitter:data1\" content=\"1 minuto\" \/>\n<script type=\"application\/ld+json\" class=\"yoast-schema-graph\">{\"@context\":\"https:\/\/schema.org\",\"@graph\":[{\"@type\":\"WebPage\",\"@id\":\"https:\/\/antersystem.com\/it\/notizie\/modernlog-2023\/\",\"url\":\"https:\/\/antersystem.com\/it\/notizie\/modernlog-2023\/\",\"name\":\"Modernlog 2023 - Anter System\",\"isPartOf\":{\"@id\":\"https:\/\/antersystem.com\/it\/#website\"},\"datePublished\":\"2023-10-09T07:58:06+00:00\",\"dateModified\":\"2026-01-30T13:30:26+00:00\",\"description\":\"Anter System, jako renomowany producent elastycznych barier ochronnych, mia\u0142 niezwyk\u0142\u0105 okazj\u0119, aby zaprezentowa\u0107 swoje innowacyjne rozwi\u0105zania szerokiej publiczno\u015bci z bran\u017cy podczas targ\u00f3w Modernlog 2023.\",\"breadcrumb\":{\"@id\":\"https:\/\/antersystem.com\/it\/notizie\/modernlog-2023\/#breadcrumb\"},\"inLanguage\":\"it-IT\",\"potentialAction\":[{\"@type\":\"ReadAction\",\"target\":[\"https:\/\/antersystem.com\/it\/notizie\/modernlog-2023\/\"]}]},{\"@type\":\"BreadcrumbList\",\"@id\":\"https:\/\/antersystem.com\/it\/notizie\/modernlog-2023\/#breadcrumb\",\"itemListElement\":[{\"@type\":\"ListItem\",\"position\":1,\"name\":\"AnterSystem\",\"item\":\"https:\/\/antersystem.com\/it\/\"},{\"@type\":\"ListItem\",\"position\":2,\"name\":\"Notizie\",\"item\":\"https:\/\/antersystem.com\/it\/notizie\/\"},{\"@type\":\"ListItem\",\"position\":3,\"name\":\"Modernlog 2023\"}]},{\"@type\":\"WebSite\",\"@id\":\"https:\/\/antersystem.com\/it\/#website\",\"url\":\"https:\/\/antersystem.com\/it\/\",\"name\":\"Anter System\",\"description\":\"Jeste\u015bmy polskim producentem elastycznych barier ochronnych wykonywanych z polimerowych tworzyw sztucznych. Na rynku krajowym i zagranicznym dzia\u0142amy od ponad 15 lat dbaj\u0105c o zapewnienie bezpiecze\u0144stwa w zak\u0142adach produkcyjnych, magazynach oraz centrach logistycznych.\",\"potentialAction\":[{\"@type\":\"SearchAction\",\"target\":{\"@type\":\"EntryPoint\",\"urlTemplate\":\"https:\/\/antersystem.com\/it\/?s={search_term_string}\"},\"query-input\":{\"@type\":\"PropertyValueSpecification\",\"valueRequired\":true,\"valueName\":\"search_term_string\"}}],\"inLanguage\":\"it-IT\"}]}<\/script>\n<!-- \/ Yoast SEO plugin. -->","yoast_head_json":{"title":"Modernlog 2023 - Anter System","description":"Anter System, jako renomowany producent elastycznych barier ochronnych, mia\u0142 niezwyk\u0142\u0105 okazj\u0119, aby zaprezentowa\u0107 swoje innowacyjne rozwi\u0105zania szerokiej publiczno\u015bci z bran\u017cy podczas targ\u00f3w Modernlog 2023.","robots":{"index":"index","follow":"follow","max-snippet":"max-snippet:-1","max-image-preview":"max-image-preview:large","max-video-preview":"max-video-preview:-1"},"canonical":"https:\/\/antersystem.com\/it\/notizie\/modernlog-2023\/","og_locale":"it_IT","og_type":"article","og_title":"Modernlog 2023 - Anter System","og_description":"Anter System, jako renomowany producent elastycznych barier ochronnych, mia\u0142 niezwyk\u0142\u0105 okazj\u0119, aby zaprezentowa\u0107 swoje innowacyjne rozwi\u0105zania szerokiej publiczno\u015bci z bran\u017cy podczas targ\u00f3w Modernlog 2023.","og_url":"https:\/\/antersystem.com\/it\/notizie\/modernlog-2023\/","og_site_name":"Anter System","article_modified_time":"2026-01-30T13:30:26+00:00","twitter_card":"summary_large_image","twitter_misc":{"Tempo di lettura stimato":"1 minuto"},"schema":{"@context":"https:\/\/schema.org","@graph":[{"@type":"WebPage","@id":"https:\/\/antersystem.com\/it\/notizie\/modernlog-2023\/","url":"https:\/\/antersystem.com\/it\/notizie\/modernlog-2023\/","name":"Modernlog 2023 - Anter System","isPartOf":{"@id":"https:\/\/antersystem.com\/it\/#website"},"datePublished":"2023-10-09T07:58:06+00:00","dateModified":"2026-01-30T13:30:26+00:00","description":"Anter System, jako renomowany producent elastycznych barier ochronnych, mia\u0142 niezwyk\u0142\u0105 okazj\u0119, aby zaprezentowa\u0107 swoje innowacyjne rozwi\u0105zania szerokiej publiczno\u015bci z bran\u017cy podczas targ\u00f3w Modernlog 2023.","breadcrumb":{"@id":"https:\/\/antersystem.com\/it\/notizie\/modernlog-2023\/#breadcrumb"},"inLanguage":"it-IT","potentialAction":[{"@type":"ReadAction","target":["https:\/\/antersystem.com\/it\/notizie\/modernlog-2023\/"]}]},{"@type":"BreadcrumbList","@id":"https:\/\/antersystem.com\/it\/notizie\/modernlog-2023\/#breadcrumb","itemListElement":[{"@type":"ListItem","position":1,"name":"AnterSystem","item":"https:\/\/antersystem.com\/it\/"},{"@type":"ListItem","position":2,"name":"Notizie","item":"https:\/\/antersystem.com\/it\/notizie\/"},{"@type":"ListItem","position":3,"name":"Modernlog 2023"}]},{"@type":"WebSite","@id":"https:\/\/antersystem.com\/it\/#website","url":"https:\/\/antersystem.com\/it\/","name":"Anter System","description":"Jeste\u015bmy polskim producentem elastycznych barier ochronnych wykonywanych z polimerowych tworzyw sztucznych. Na rynku krajowym i zagranicznym dzia\u0142amy od ponad 15 lat dbaj\u0105c o zapewnienie bezpiecze\u0144stwa w zak\u0142adach produkcyjnych, magazynach oraz centrach logistycznych.","potentialAction":[{"@type":"SearchAction","target":{"@type":"EntryPoint","urlTemplate":"https:\/\/antersystem.com\/it\/?s={search_term_string}"},"query-input":{"@type":"PropertyValueSpecification","valueRequired":true,"valueName":"search_term_string"}}],"inLanguage":"it-IT"}]}},"_links":{"self":[{"href":"https:\/\/antersystem.com\/it\/wp-json\/wp\/v2\/pages\/15618","targetHints":{"allow":["GET"]}}],"collection":[{"href":"https:\/\/antersystem.com\/it\/wp-json\/wp\/v2\/pages"}],"about":[{"href":"https:\/\/antersystem.com\/it\/wp-json\/wp\/v2\/types\/page"}],"author":[{"embeddable":true,"href":"https:\/\/antersystem.com\/it\/wp-json\/wp\/v2\/users\/1"}],"replies":[{"embeddable":true,"href":"https:\/\/antersystem.com\/it\/wp-json\/wp\/v2\/comments?post=15618"}],"version-history":[{"count":1,"href":"https:\/\/antersystem.com\/it\/wp-json\/wp\/v2\/pages\/15618\/revisions"}],"predecessor-version":[{"id":15619,"href":"https:\/\/antersystem.com\/it\/wp-json\/wp\/v2\/pages\/15618\/revisions\/15619"}],"up":[{"embeddable":true,"href":"https:\/\/antersystem.com\/it\/wp-json\/wp\/v2\/pages\/30444"}],"wp:attachment":[{"href":"https:\/\/antersystem.com\/it\/wp-json\/wp\/v2\/media?parent=15618"}],"curies":[{"name":"wp","href":"https:\/\/api.w.org\/{rel}","templated":true}]}}