{"id":15688,"date":"2023-10-20T11:06:59","date_gmt":"2023-10-20T09:06:59","guid":{"rendered":"https:\/\/new.antersystem.com\/ecovadis-2023-anter-system\/"},"modified":"2026-01-30T14:30:26","modified_gmt":"2026-01-30T13:30:26","slug":"ecovadis-2023-anter-system","status":"publish","type":"page","link":"https:\/\/antersystem.com\/it\/notizie\/ecovadis-2023-anter-system\/","title":{"rendered":"Certificato di sostenibilit\u00e0 EcoVadis Silver"},"content":{"rendered":"\n<div class=\"wp-block-columns is-layout-flex wp-container-core-columns-is-layout-9d6595d7 wp-block-columns-is-layout-flex\">\n  \n  <div class=\"wp-block-column is-layout-flow wp-block-column-is-layout-flow\" style=\"flex-basis:10%\"><\/div>\n  \n\n  \n  <div class=\"wp-block-column is-layout-flow wp-block-column-is-layout-flow\">\n    \n    <h3 class=\"wp-block-heading\">Le aziende devono rispettare l&#8217;ambiente!  <br\/>Abbiamo ricevuto il certificato di sostenibilit\u00e0 EcoVadis Silver nel 2023.<\/h3>\n    \n\n    \n    <p>Si tratta di un grande onore che corona i nostri sforzi per la tutela dell&#8217;ambiente e la responsabilit\u00e0 sociale. Se vogliamo continuare ad abitare questo luogo, dobbiamo mantenere relazioni chiare e rispettose tra la societ\u00e0, la natura e il suo uso commerciale.<\/p>\n\n    <h4>Certificato EcoVadis &#8211; Cosa significa?<\/h4>\n    <p>Il certificato EcoVadis conferma che un&#8217;azienda gestisce efficacemente le sue pratiche di <strong>CSR (Responsabilit\u00e0 Sociale d&#8217;Impresa)<\/strong> e <strong>ESG (Ambiente, Sociale e Governance)<\/strong>. Valuta le prestazioni rispetto agli standard internazionali in aree quali i <strong>diritti dei lavoratori, l&#8217;impatto ambientale, l&#8217;etica, gli acquisti sostenibili e i diritti umani<\/strong>, in 200 categorie.<\/p>\n\n    <p>Un team globale di esperti di diverse discipline, che lavora attraverso la piattaforma tecnologica EcoVadis, valuta le aziende sulla base di una scheda di valutazione della sostenibilit\u00e0 completa.  <strong>Solo il 25% delle aziende di tutto il mondo che si sottopongono a questo processo di valutazione riceve il Certificato d&#8217;Argento &#8211; e noi siamo orgogliosi di essere tra queste.<\/strong><\/p>\n\n    <p>Abbiamo completato con successo la valutazione, dimostrando un solido sistema di gestione in linea con la metodologia EcoVadis. La certificazione tiene conto dei seguenti standard internazionali:<\/p>\n    <ul>\n      <li>Rete del Global Compact delle Nazioni Unite<\/li>\n      <li>Iniziativa di rendicontazione globale (GRI)<\/li>\n      <li>Convenzioni dell&#8217;Organizzazione Internazionale del Lavoro (OIL)<\/li>\n      <li>Standard ISO 26000<\/li>\n      <li>Principi guida delle Nazioni Unite su imprese e diritti umani<\/li>\n      <li>Tabella di marcia del CERES<\/li>\n    <\/ul>\n\n    <p><strong>Ringraziamo tutti i nostri dipendenti e partner per il loro contributo al raggiungimento di questo traguardo.<\/strong><\/p>\n    <p>&nbsp;<\/p>\n    \n  <\/div>\n  \n\n  \n  <div class=\"wp-block-column is-layout-flow wp-block-column-is-layout-flow\" style=\"flex-basis:10%\"><\/div>\n  \n<\/div>\n<div class=\"wp-block-image\">\n<figure class=\"aligncenter size-full is-resized\"><img loading=\"lazy\" decoding=\"async\" width=\"720\" height=\"480\" src=\"https:\/\/antersystem.com\/wp-content\/uploads\/eco-vadis-111-eng-edited.jpg\" alt=\"Certificato di sostenibilit&#xE0; EcoVadis Silver 2023\" class=\"wp-image-3096\" style=\"aspect-ratio:1.5;object-fit:cover;width:504px;height:auto\" srcset=\"https:\/\/antersystem.com\/wp-content\/uploads\/eco-vadis-111-eng-edited.jpg 720w, https:\/\/antersystem.com\/wp-content\/uploads\/eco-vadis-111-eng-edited-300x200.jpg 300w, https:\/\/antersystem.com\/wp-content\/uploads\/eco-vadis-111-eng-edited-450x300.jpg 450w, https:\/\/antersystem.com\/wp-content\/uploads\/eco-vadis-111-eng-edited-330x220.jpg 330w\" sizes=\"auto, (max-width: 720px) 100vw, 720px\" \/><\/figure><\/div>","protected":false},"excerpt":{"rendered":"<p>Le aziende devono rispettare l&#8217;ambiente! Abbiamo ricevuto il certificato di sostenibilit\u00e0 EcoVadis Silver nel 2023. Si tratta di un grande onore che corona i nostri sforzi per la tutela dell&#8217;ambiente e la responsabilit\u00e0 sociale. Se vogliamo continuare ad abitare questo luogo, dobbiamo mantenere relazioni chiare e rispettose tra la societ\u00e0, la natura e il suo [&hellip;]<\/p>\n","protected":false},"author":1,"featured_media":0,"parent":30444,"menu_order":0,"comment_status":"closed","ping_status":"closed","template":"","meta":{"inline_featured_image":false,"ngg_post_thumbnail":0,"footnotes":""},"class_list":["post-15688","page","type-page","status-publish","hentry"],"acf":[],"yoast_head":"<!-- This site is optimized with the Yoast SEO plugin v27.0 - https:\/\/yoast.com\/product\/yoast-seo-wordpress\/ -->\n<title>Certificato di sostenibilit\u00e0 EcoVadis Silver - Anter System<\/title>\n<meta name=\"description\" content=\"Le aziende devono rispettare l&#039;ambiente! Abbiamo ricevuto il certificato di sostenibilit\u00e0 EcoVadis Silver nel 2023. Si tratta di un grande onore che\" \/>\n<meta name=\"robots\" content=\"index, follow, max-snippet:-1, max-image-preview:large, max-video-preview:-1\" \/>\n<link rel=\"canonical\" href=\"https:\/\/antersystem.com\/it\/notizie\/ecovadis-2023-anter-system\/\" \/>\n<meta property=\"og:locale\" content=\"it_IT\" \/>\n<meta property=\"og:type\" content=\"article\" \/>\n<meta property=\"og:title\" content=\"Certificato di sostenibilit\u00e0 EcoVadis Silver - Anter System\" \/>\n<meta property=\"og:description\" content=\"Le aziende devono rispettare l&#039;ambiente! Abbiamo ricevuto il certificato di sostenibilit\u00e0 EcoVadis Silver nel 2023. Si tratta di un grande onore che\" \/>\n<meta property=\"og:url\" content=\"https:\/\/antersystem.com\/it\/notizie\/ecovadis-2023-anter-system\/\" \/>\n<meta property=\"og:site_name\" content=\"Anter System\" \/>\n<meta property=\"article:modified_time\" content=\"2026-01-30T13:30:26+00:00\" \/>\n<meta property=\"og:image\" content=\"https:\/\/antersystem.com\/wp-content\/uploads\/eco-vadis-111-eng-edited.jpg\" \/>\n<meta name=\"twitter:card\" content=\"summary_large_image\" \/>\n<meta name=\"twitter:label1\" content=\"Tempo di lettura stimato\" \/>\n\t<meta name=\"twitter:data1\" content=\"1 minuto\" \/>\n<script type=\"application\/ld+json\" class=\"yoast-schema-graph\">{\"@context\":\"https:\/\/schema.org\",\"@graph\":[{\"@type\":\"WebPage\",\"@id\":\"https:\/\/antersystem.com\/it\/notizie\/ecovadis-2023-anter-system\/\",\"url\":\"https:\/\/antersystem.com\/it\/notizie\/ecovadis-2023-anter-system\/\",\"name\":\"Certificato di sostenibilit\u00e0 EcoVadis Silver - Anter System\",\"isPartOf\":{\"@id\":\"https:\/\/antersystem.com\/it\/#website\"},\"primaryImageOfPage\":{\"@id\":\"https:\/\/antersystem.com\/it\/notizie\/ecovadis-2023-anter-system\/#primaryimage\"},\"image\":{\"@id\":\"https:\/\/antersystem.com\/it\/notizie\/ecovadis-2023-anter-system\/#primaryimage\"},\"thumbnailUrl\":\"https:\/\/antersystem.com\/wp-content\/uploads\/eco-vadis-111-eng-edited.jpg\",\"datePublished\":\"2023-10-20T09:06:59+00:00\",\"dateModified\":\"2026-01-30T13:30:26+00:00\",\"description\":\"Le aziende devono rispettare l'ambiente! Abbiamo ricevuto il certificato di sostenibilit\u00e0 EcoVadis Silver nel 2023. Si tratta di un grande onore che\",\"breadcrumb\":{\"@id\":\"https:\/\/antersystem.com\/it\/notizie\/ecovadis-2023-anter-system\/#breadcrumb\"},\"inLanguage\":\"it-IT\",\"potentialAction\":[{\"@type\":\"ReadAction\",\"target\":[\"https:\/\/antersystem.com\/it\/notizie\/ecovadis-2023-anter-system\/\"]}]},{\"@type\":\"ImageObject\",\"inLanguage\":\"it-IT\",\"@id\":\"https:\/\/antersystem.com\/it\/notizie\/ecovadis-2023-anter-system\/#primaryimage\",\"url\":\"https:\/\/antersystem.com\/wp-content\/uploads\/eco-vadis-111-eng-edited.jpg\",\"contentUrl\":\"https:\/\/antersystem.com\/wp-content\/uploads\/eco-vadis-111-eng-edited.jpg\"},{\"@type\":\"BreadcrumbList\",\"@id\":\"https:\/\/antersystem.com\/it\/notizie\/ecovadis-2023-anter-system\/#breadcrumb\",\"itemListElement\":[{\"@type\":\"ListItem\",\"position\":1,\"name\":\"AnterSystem\",\"item\":\"https:\/\/antersystem.com\/it\/\"},{\"@type\":\"ListItem\",\"position\":2,\"name\":\"Notizie\",\"item\":\"https:\/\/antersystem.com\/it\/notizie\/\"},{\"@type\":\"ListItem\",\"position\":3,\"name\":\"Certificato di sostenibilit\u00e0 EcoVadis Silver\"}]},{\"@type\":\"WebSite\",\"@id\":\"https:\/\/antersystem.com\/it\/#website\",\"url\":\"https:\/\/antersystem.com\/it\/\",\"name\":\"Anter System\",\"description\":\"Jeste\u015bmy polskim producentem elastycznych barier ochronnych wykonywanych z polimerowych tworzyw sztucznych. Na rynku krajowym i zagranicznym dzia\u0142amy od ponad 15 lat dbaj\u0105c o zapewnienie bezpiecze\u0144stwa w zak\u0142adach produkcyjnych, magazynach oraz centrach logistycznych.\",\"potentialAction\":[{\"@type\":\"SearchAction\",\"target\":{\"@type\":\"EntryPoint\",\"urlTemplate\":\"https:\/\/antersystem.com\/it\/?s={search_term_string}\"},\"query-input\":{\"@type\":\"PropertyValueSpecification\",\"valueRequired\":true,\"valueName\":\"search_term_string\"}}],\"inLanguage\":\"it-IT\"}]}<\/script>\n<!-- \/ Yoast SEO plugin. -->","yoast_head_json":{"title":"Certificato di sostenibilit\u00e0 EcoVadis Silver - Anter System","description":"Le aziende devono rispettare l'ambiente! Abbiamo ricevuto il certificato di sostenibilit\u00e0 EcoVadis Silver nel 2023. Si tratta di un grande onore che","robots":{"index":"index","follow":"follow","max-snippet":"max-snippet:-1","max-image-preview":"max-image-preview:large","max-video-preview":"max-video-preview:-1"},"canonical":"https:\/\/antersystem.com\/it\/notizie\/ecovadis-2023-anter-system\/","og_locale":"it_IT","og_type":"article","og_title":"Certificato di sostenibilit\u00e0 EcoVadis Silver - Anter System","og_description":"Le aziende devono rispettare l'ambiente! Abbiamo ricevuto il certificato di sostenibilit\u00e0 EcoVadis Silver nel 2023. Si tratta di un grande onore che","og_url":"https:\/\/antersystem.com\/it\/notizie\/ecovadis-2023-anter-system\/","og_site_name":"Anter System","article_modified_time":"2026-01-30T13:30:26+00:00","og_image":[{"url":"https:\/\/antersystem.com\/wp-content\/uploads\/eco-vadis-111-eng-edited.jpg","type":"","width":"","height":""}],"twitter_card":"summary_large_image","twitter_misc":{"Tempo di lettura stimato":"1 minuto"},"schema":{"@context":"https:\/\/schema.org","@graph":[{"@type":"WebPage","@id":"https:\/\/antersystem.com\/it\/notizie\/ecovadis-2023-anter-system\/","url":"https:\/\/antersystem.com\/it\/notizie\/ecovadis-2023-anter-system\/","name":"Certificato di sostenibilit\u00e0 EcoVadis Silver - Anter System","isPartOf":{"@id":"https:\/\/antersystem.com\/it\/#website"},"primaryImageOfPage":{"@id":"https:\/\/antersystem.com\/it\/notizie\/ecovadis-2023-anter-system\/#primaryimage"},"image":{"@id":"https:\/\/antersystem.com\/it\/notizie\/ecovadis-2023-anter-system\/#primaryimage"},"thumbnailUrl":"https:\/\/antersystem.com\/wp-content\/uploads\/eco-vadis-111-eng-edited.jpg","datePublished":"2023-10-20T09:06:59+00:00","dateModified":"2026-01-30T13:30:26+00:00","description":"Le aziende devono rispettare l'ambiente! Abbiamo ricevuto il certificato di sostenibilit\u00e0 EcoVadis Silver nel 2023. Si tratta di un grande onore che","breadcrumb":{"@id":"https:\/\/antersystem.com\/it\/notizie\/ecovadis-2023-anter-system\/#breadcrumb"},"inLanguage":"it-IT","potentialAction":[{"@type":"ReadAction","target":["https:\/\/antersystem.com\/it\/notizie\/ecovadis-2023-anter-system\/"]}]},{"@type":"ImageObject","inLanguage":"it-IT","@id":"https:\/\/antersystem.com\/it\/notizie\/ecovadis-2023-anter-system\/#primaryimage","url":"https:\/\/antersystem.com\/wp-content\/uploads\/eco-vadis-111-eng-edited.jpg","contentUrl":"https:\/\/antersystem.com\/wp-content\/uploads\/eco-vadis-111-eng-edited.jpg"},{"@type":"BreadcrumbList","@id":"https:\/\/antersystem.com\/it\/notizie\/ecovadis-2023-anter-system\/#breadcrumb","itemListElement":[{"@type":"ListItem","position":1,"name":"AnterSystem","item":"https:\/\/antersystem.com\/it\/"},{"@type":"ListItem","position":2,"name":"Notizie","item":"https:\/\/antersystem.com\/it\/notizie\/"},{"@type":"ListItem","position":3,"name":"Certificato di sostenibilit\u00e0 EcoVadis Silver"}]},{"@type":"WebSite","@id":"https:\/\/antersystem.com\/it\/#website","url":"https:\/\/antersystem.com\/it\/","name":"Anter System","description":"Jeste\u015bmy polskim producentem elastycznych barier ochronnych wykonywanych z polimerowych tworzyw sztucznych. Na rynku krajowym i zagranicznym dzia\u0142amy od ponad 15 lat dbaj\u0105c o zapewnienie bezpiecze\u0144stwa w zak\u0142adach produkcyjnych, magazynach oraz centrach logistycznych.","potentialAction":[{"@type":"SearchAction","target":{"@type":"EntryPoint","urlTemplate":"https:\/\/antersystem.com\/it\/?s={search_term_string}"},"query-input":{"@type":"PropertyValueSpecification","valueRequired":true,"valueName":"search_term_string"}}],"inLanguage":"it-IT"}]}},"_links":{"self":[{"href":"https:\/\/antersystem.com\/it\/wp-json\/wp\/v2\/pages\/15688","targetHints":{"allow":["GET"]}}],"collection":[{"href":"https:\/\/antersystem.com\/it\/wp-json\/wp\/v2\/pages"}],"about":[{"href":"https:\/\/antersystem.com\/it\/wp-json\/wp\/v2\/types\/page"}],"author":[{"embeddable":true,"href":"https:\/\/antersystem.com\/it\/wp-json\/wp\/v2\/users\/1"}],"replies":[{"embeddable":true,"href":"https:\/\/antersystem.com\/it\/wp-json\/wp\/v2\/comments?post=15688"}],"version-history":[{"count":1,"href":"https:\/\/antersystem.com\/it\/wp-json\/wp\/v2\/pages\/15688\/revisions"}],"predecessor-version":[{"id":15694,"href":"https:\/\/antersystem.com\/it\/wp-json\/wp\/v2\/pages\/15688\/revisions\/15694"}],"up":[{"embeddable":true,"href":"https:\/\/antersystem.com\/it\/wp-json\/wp\/v2\/pages\/30444"}],"wp:attachment":[{"href":"https:\/\/antersystem.com\/it\/wp-json\/wp\/v2\/media?parent=15688"}],"curies":[{"name":"wp","href":"https:\/\/api.w.org\/{rel}","templated":true}]}}