{"id":15744,"date":"2024-05-28T10:54:04","date_gmt":"2024-05-28T08:54:04","guid":{"rendered":"https:\/\/new.antersystem.com\/modernlog24\/"},"modified":"2026-01-30T14:30:26","modified_gmt":"2026-01-30T13:30:26","slug":"modernlog24","status":"publish","type":"page","link":"https:\/\/antersystem.com\/it\/notizie\/modernlog24\/","title":{"rendered":"MODERNLOG&#8217;24"},"content":{"rendered":"\n<div class=\"wp-block-columns is-layout-flex wp-container-core-columns-is-layout-9d6595d7 wp-block-columns-is-layout-flex\">\n<div class=\"wp-block-column is-layout-flow wp-block-column-is-layout-flow\" style=\"flex-basis:10%\"><\/div>\n\n\n\n<div class=\"wp-block-column is-layout-flow wp-block-column-is-layout-flow\">\n<h2 class=\"wp-block-heading\">Anter System &#8211; Partner tecnologico di IN4LOG<\/h2>\n\n\n\n<h2 class=\"wp-block-heading\"><br\/>La Fiera MODERNLOG si terr\u00e0 dal 4 al 7 giugno 2024 presso il Quartiere Fieristico Internazionale di Pozna\u0144, nei padiglioni 7, 7A, 8 e 8A.<\/h2>\n\n\n\n<p>L&#8217;inizio di giugno promette di essere un momento emozionante alla Fiera Internazionale di Pozna\u0144. <strong>Modernlog<\/strong> e la <strong>Smart Warehouse Conference<\/strong> si tengono insieme a <strong>ITM Industry Europe<\/strong>, un&#8217;importante fiera che presenta i risultati dell&#8217;industria polacca e mondiale. Tra gli eventi collaterali c&#8217;\u00e8 anche la <strong>Fiera della Cooperazione Industriale in Subappalto<\/strong>. <a href=\"https:\/\/modernlog.pl\/pl\/aktualnosci\/wieksze-potrzeby-wieksza-powierzchnia-targi-modernlog-i-konferencja-smart-warehouse-z-nowa-lokalizacja\/\">Maggiori informazioni sono disponibili sul sito web dell&#8217;organizzatore.<\/a> I visitatori che intendono partecipare devono assolutamente pianificare il loro itinerario con attenzione!<\/p>\n\n\n\n<p>Ora torniamo a Modernlog. Un&#8217;attrazione fondamentale della <strong>Fiera della Logistica, del Magazzinaggio e dei Trasporti<\/strong> sono le dimostrazioni dal vivo dei macchinari nella <strong>zona In4Log<\/strong>, organizzata in collaborazione con i partner tecnologici. <strong>\u00c8 qui che troverai noi, che presentiamo le nostre barriere di sicurezza flessibili.<\/strong> In qualit\u00e0 di partner tecnologico della zona e della conferenza, <strong>Anter System<\/strong> fornir\u00e0 sistemi di sicurezza per l&#8217;area In4Log. Molte delle soluzioni di protezione che descriviamo qui saranno disponibili in loco per un&#8217;esperienza pratica.<\/p>\n\n\n\n<h3 class=\"wp-block-heading\">Ottimizzazione in azione<\/h3>\n\n\n\n<p><strong>In4Log<\/strong> \u00e8 una presentazione dal vivo dei processi intralogistici, che ricrea le operazioni critiche degli ambienti di magazzino e logistica. \u00c8 il luogo perfetto per guardare le tue attrezzature attuali da una nuova prospettiva e sbloccare una maggiore produttivit\u00e0 grazie a un migliore utilizzo delle risorse. Buone pratiche e prodotti di supporto possono ispirare un approccio pi\u00f9 creativo alla logistica. Le dimostrazioni si svolgeranno tutti i giorni dell&#8217;evento.<\/p>\n\n\n\n<h3 class=\"wp-block-heading\">Tecnologie future nella logistica<\/h3>\n\n\n\n<p>Il Modernlog di quest&#8217;anno \u00e8 ricco di informazioni. I visitatori sono invitati a partecipare alla <strong>Smart Warehouse Conference<\/strong>, che presenta casi di studio pratici, approfondimenti sulla <strong>logistica 4.0<\/strong> e soluzioni moderne per i magazzini del futuro. Il programma comprende pannelli tematici come:<\/p>\n\n\n\n<ul>\n<li>Manager che affrontano le sfide della logistica del futuro<\/li>\n<li>Digitalizzazione e IoT &#8211; Supporto ai processi di magazzino<\/li>\n<li>Magazzini intelligenti &#8211; Automazione e trasformazione<\/li>\n<li>Robot e tecnologie future<\/li>\n<li>E-commerce Fulfilment &#8211; Esigenze crescenti, nuove sfide<\/li>\n<\/ul>\n\n\n\n<p>Un momento particolarmente interessante per chi \u00e8 interessato all&#8217;impatto dell&#8217;IA sul posto di lavoro \u00e8 la conferenza: <em>&#8220;Tra senso e non senso &#8211; Come lo sviluppo tecnologico cambier\u00e0 la nostra esperienza lavorativa&#8221;<\/em> (Giorno 1, relatore: Bart\u0142omiej Brach).<\/p>\n\n\n\n<p>Le nostre <strong>barriere flessibili<\/strong> sono una risposta diretta alle sfide di un mondo in rapida evoluzione e guidato dalla tecnologia. Permettono di adattarsi in modo dinamico alle mutevoli condizioni operative, offrendo sia controllo che protezione e consentendo di sfruttare i vantaggi dell&#8217;automazione.<\/p>\n\n\n\n<p>Ti invitiamo a scoprire i vantaggi delle barriere flessibili, prodotti con molte caratteristiche innovative ancora da scoprire. Presenteremo anche le <strong>pluripremiate innovazioni di Anter System<\/strong>, riconosciute nei principali concorsi del settore. <strong>Aspettatevi consigli di esperti e un&#8217;esperienza coinvolgente e pratica.<\/strong> E per chi volesse vedere cosa ci aspetta, ecco il nostro <strong><a href=\"https:\/\/antersystem.com\/wiedza-i-nowosci\/modernlog-targi-logistyki-magazynowania-i-transportu\/\">riassunto dell&#8217;edizione precedente.<\/a><\/strong><\/p>\n\n\n\n<p>Ci vediamo presto al <strong>Modernlog 2024!<\/strong> Scopri come le soluzioni Anter System possono trasformare la tua attivit\u00e0: <strong>Padiglione 7A, Stand 44.<\/strong><\/p>\n\n\n\n<p>Link all&#8217;evento: <strong><a href=\"https:\/\/modernlog.pl\/pl\/\">MODERNLOG<\/a><\/strong><\/p>\n\n\n\n<p><strong>#MODERNLOG #tradeshow #sicurezza #OHS #barriere flessibili<\/strong><\/p>\n<\/div>\n\n\n\n<div class=\"wp-block-column is-layout-flow wp-block-column-is-layout-flow\" style=\"flex-basis:10%\"><\/div>\n<\/div>\n<div class=\"wp-block-image\">\n<figure class=\"aligncenter size-large is-resized\"><img loading=\"lazy\" decoding=\"async\" width=\"1024\" height=\"535\" src=\"https:\/\/antersystem.com\/wp-content\/uploads\/ZAJAWKA-MODERNLOG-1024x535.webp\" alt=\"Anter System al Modernlog 2024\" class=\"wp-image-4733\" style=\"width:720px;height:auto\" srcset=\"https:\/\/antersystem.com\/wp-content\/uploads\/ZAJAWKA-MODERNLOG-1024x535.webp 1024w, https:\/\/antersystem.com\/wp-content\/uploads\/ZAJAWKA-MODERNLOG-300x157.webp 300w, https:\/\/antersystem.com\/wp-content\/uploads\/ZAJAWKA-MODERNLOG-768x401.webp 768w, https:\/\/antersystem.com\/wp-content\/uploads\/ZAJAWKA-MODERNLOG-450x235.webp 450w, https:\/\/antersystem.com\/wp-content\/uploads\/ZAJAWKA-MODERNLOG-330x172.webp 330w, https:\/\/antersystem.com\/wp-content\/uploads\/ZAJAWKA-MODERNLOG.webp 1200w\" sizes=\"auto, (max-width: 1024px) 100vw, 1024px\" \/><\/figure><\/div>","protected":false},"excerpt":{"rendered":"<p>Anter System &#8211; Partner tecnologico di IN4LOG La Fiera MODERNLOG si terr\u00e0 dal 4 al 7 giugno 2024 presso il Quartiere Fieristico Internazionale di Pozna\u0144, nei padiglioni 7, 7A, 8 e 8A. L&#8217;inizio di giugno promette di essere un momento emozionante alla Fiera Internazionale di Pozna\u0144. Modernlog e la Smart Warehouse Conference si tengono insieme [&hellip;]<\/p>\n","protected":false},"author":1,"featured_media":0,"parent":30444,"menu_order":0,"comment_status":"closed","ping_status":"closed","template":"","meta":{"inline_featured_image":false,"ngg_post_thumbnail":0,"footnotes":""},"class_list":["post-15744","page","type-page","status-publish","hentry"],"acf":[],"yoast_head":"<!-- This site is optimized with the Yoast SEO plugin v27.0 - https:\/\/yoast.com\/product\/yoast-seo-wordpress\/ -->\n<title>MODERNLOG&#039;24 - Anter System<\/title>\n<meta name=\"description\" content=\"Targi MODERNLOG potrwaj\u0105 od 4 do 7 czerwca&#039;24 na terenie Mi\u0119dzynarodowych Targ\u00f3w Pozna\u0144skich. Anter System zabezpieczy tam stref\u0119 In4Log.\" \/>\n<meta name=\"robots\" content=\"index, follow, max-snippet:-1, max-image-preview:large, max-video-preview:-1\" \/>\n<link rel=\"canonical\" href=\"https:\/\/antersystem.com\/it\/notizie\/modernlog24\/\" \/>\n<meta property=\"og:locale\" content=\"it_IT\" \/>\n<meta property=\"og:type\" content=\"article\" \/>\n<meta property=\"og:title\" content=\"MODERNLOG&#039;24 - Anter System\" \/>\n<meta property=\"og:description\" content=\"Targi MODERNLOG potrwaj\u0105 od 4 do 7 czerwca&#039;24 na terenie Mi\u0119dzynarodowych Targ\u00f3w Pozna\u0144skich. Anter System zabezpieczy tam stref\u0119 In4Log.\" \/>\n<meta property=\"og:url\" content=\"https:\/\/antersystem.com\/it\/notizie\/modernlog24\/\" \/>\n<meta property=\"og:site_name\" content=\"Anter System\" \/>\n<meta property=\"article:modified_time\" content=\"2026-01-30T13:30:26+00:00\" \/>\n<meta property=\"og:image\" content=\"https:\/\/antersystem.com\/wp-content\/uploads\/ZAJAWKA-MODERNLOG-1024x535.webp\" \/>\n<meta name=\"twitter:card\" content=\"summary_large_image\" \/>\n<meta name=\"twitter:label1\" content=\"Tempo di lettura stimato\" \/>\n\t<meta name=\"twitter:data1\" content=\"2 minuti\" \/>\n<script type=\"application\/ld+json\" class=\"yoast-schema-graph\">{\"@context\":\"https:\/\/schema.org\",\"@graph\":[{\"@type\":\"WebPage\",\"@id\":\"https:\/\/antersystem.com\/it\/notizie\/modernlog24\/\",\"url\":\"https:\/\/antersystem.com\/it\/notizie\/modernlog24\/\",\"name\":\"MODERNLOG'24 - Anter System\",\"isPartOf\":{\"@id\":\"https:\/\/antersystem.com\/it\/#website\"},\"primaryImageOfPage\":{\"@id\":\"https:\/\/antersystem.com\/it\/notizie\/modernlog24\/#primaryimage\"},\"image\":{\"@id\":\"https:\/\/antersystem.com\/it\/notizie\/modernlog24\/#primaryimage\"},\"thumbnailUrl\":\"https:\/\/antersystem.com\/wp-content\/uploads\/ZAJAWKA-MODERNLOG-1024x535.webp\",\"datePublished\":\"2024-05-28T08:54:04+00:00\",\"dateModified\":\"2026-01-30T13:30:26+00:00\",\"description\":\"Targi MODERNLOG potrwaj\u0105 od 4 do 7 czerwca'24 na terenie Mi\u0119dzynarodowych Targ\u00f3w Pozna\u0144skich. Anter System zabezpieczy tam stref\u0119 In4Log.\",\"breadcrumb\":{\"@id\":\"https:\/\/antersystem.com\/it\/notizie\/modernlog24\/#breadcrumb\"},\"inLanguage\":\"it-IT\",\"potentialAction\":[{\"@type\":\"ReadAction\",\"target\":[\"https:\/\/antersystem.com\/it\/notizie\/modernlog24\/\"]}]},{\"@type\":\"ImageObject\",\"inLanguage\":\"it-IT\",\"@id\":\"https:\/\/antersystem.com\/it\/notizie\/modernlog24\/#primaryimage\",\"url\":\"https:\/\/antersystem.com\/wp-content\/uploads\/ZAJAWKA-MODERNLOG-1024x535.webp\",\"contentUrl\":\"https:\/\/antersystem.com\/wp-content\/uploads\/ZAJAWKA-MODERNLOG-1024x535.webp\"},{\"@type\":\"BreadcrumbList\",\"@id\":\"https:\/\/antersystem.com\/it\/notizie\/modernlog24\/#breadcrumb\",\"itemListElement\":[{\"@type\":\"ListItem\",\"position\":1,\"name\":\"AnterSystem\",\"item\":\"https:\/\/antersystem.com\/it\/\"},{\"@type\":\"ListItem\",\"position\":2,\"name\":\"Notizie\",\"item\":\"https:\/\/antersystem.com\/it\/notizie\/\"},{\"@type\":\"ListItem\",\"position\":3,\"name\":\"MODERNLOG&#8217;24\"}]},{\"@type\":\"WebSite\",\"@id\":\"https:\/\/antersystem.com\/it\/#website\",\"url\":\"https:\/\/antersystem.com\/it\/\",\"name\":\"Anter System\",\"description\":\"Jeste\u015bmy polskim producentem elastycznych barier ochronnych wykonywanych z polimerowych tworzyw sztucznych. Na rynku krajowym i zagranicznym dzia\u0142amy od ponad 15 lat dbaj\u0105c o zapewnienie bezpiecze\u0144stwa w zak\u0142adach produkcyjnych, magazynach oraz centrach logistycznych.\",\"potentialAction\":[{\"@type\":\"SearchAction\",\"target\":{\"@type\":\"EntryPoint\",\"urlTemplate\":\"https:\/\/antersystem.com\/it\/?s={search_term_string}\"},\"query-input\":{\"@type\":\"PropertyValueSpecification\",\"valueRequired\":true,\"valueName\":\"search_term_string\"}}],\"inLanguage\":\"it-IT\"}]}<\/script>\n<!-- \/ Yoast SEO plugin. -->","yoast_head_json":{"title":"MODERNLOG'24 - Anter System","description":"Targi MODERNLOG potrwaj\u0105 od 4 do 7 czerwca'24 na terenie Mi\u0119dzynarodowych Targ\u00f3w Pozna\u0144skich. Anter System zabezpieczy tam stref\u0119 In4Log.","robots":{"index":"index","follow":"follow","max-snippet":"max-snippet:-1","max-image-preview":"max-image-preview:large","max-video-preview":"max-video-preview:-1"},"canonical":"https:\/\/antersystem.com\/it\/notizie\/modernlog24\/","og_locale":"it_IT","og_type":"article","og_title":"MODERNLOG'24 - Anter System","og_description":"Targi MODERNLOG potrwaj\u0105 od 4 do 7 czerwca'24 na terenie Mi\u0119dzynarodowych Targ\u00f3w Pozna\u0144skich. Anter System zabezpieczy tam stref\u0119 In4Log.","og_url":"https:\/\/antersystem.com\/it\/notizie\/modernlog24\/","og_site_name":"Anter System","article_modified_time":"2026-01-30T13:30:26+00:00","og_image":[{"url":"https:\/\/antersystem.com\/wp-content\/uploads\/ZAJAWKA-MODERNLOG-1024x535.webp","type":"","width":"","height":""}],"twitter_card":"summary_large_image","twitter_misc":{"Tempo di lettura stimato":"2 minuti"},"schema":{"@context":"https:\/\/schema.org","@graph":[{"@type":"WebPage","@id":"https:\/\/antersystem.com\/it\/notizie\/modernlog24\/","url":"https:\/\/antersystem.com\/it\/notizie\/modernlog24\/","name":"MODERNLOG'24 - Anter System","isPartOf":{"@id":"https:\/\/antersystem.com\/it\/#website"},"primaryImageOfPage":{"@id":"https:\/\/antersystem.com\/it\/notizie\/modernlog24\/#primaryimage"},"image":{"@id":"https:\/\/antersystem.com\/it\/notizie\/modernlog24\/#primaryimage"},"thumbnailUrl":"https:\/\/antersystem.com\/wp-content\/uploads\/ZAJAWKA-MODERNLOG-1024x535.webp","datePublished":"2024-05-28T08:54:04+00:00","dateModified":"2026-01-30T13:30:26+00:00","description":"Targi MODERNLOG potrwaj\u0105 od 4 do 7 czerwca'24 na terenie Mi\u0119dzynarodowych Targ\u00f3w Pozna\u0144skich. Anter System zabezpieczy tam stref\u0119 In4Log.","breadcrumb":{"@id":"https:\/\/antersystem.com\/it\/notizie\/modernlog24\/#breadcrumb"},"inLanguage":"it-IT","potentialAction":[{"@type":"ReadAction","target":["https:\/\/antersystem.com\/it\/notizie\/modernlog24\/"]}]},{"@type":"ImageObject","inLanguage":"it-IT","@id":"https:\/\/antersystem.com\/it\/notizie\/modernlog24\/#primaryimage","url":"https:\/\/antersystem.com\/wp-content\/uploads\/ZAJAWKA-MODERNLOG-1024x535.webp","contentUrl":"https:\/\/antersystem.com\/wp-content\/uploads\/ZAJAWKA-MODERNLOG-1024x535.webp"},{"@type":"BreadcrumbList","@id":"https:\/\/antersystem.com\/it\/notizie\/modernlog24\/#breadcrumb","itemListElement":[{"@type":"ListItem","position":1,"name":"AnterSystem","item":"https:\/\/antersystem.com\/it\/"},{"@type":"ListItem","position":2,"name":"Notizie","item":"https:\/\/antersystem.com\/it\/notizie\/"},{"@type":"ListItem","position":3,"name":"MODERNLOG&#8217;24"}]},{"@type":"WebSite","@id":"https:\/\/antersystem.com\/it\/#website","url":"https:\/\/antersystem.com\/it\/","name":"Anter System","description":"Jeste\u015bmy polskim producentem elastycznych barier ochronnych wykonywanych z polimerowych tworzyw sztucznych. Na rynku krajowym i zagranicznym dzia\u0142amy od ponad 15 lat dbaj\u0105c o zapewnienie bezpiecze\u0144stwa w zak\u0142adach produkcyjnych, magazynach oraz centrach logistycznych.","potentialAction":[{"@type":"SearchAction","target":{"@type":"EntryPoint","urlTemplate":"https:\/\/antersystem.com\/it\/?s={search_term_string}"},"query-input":{"@type":"PropertyValueSpecification","valueRequired":true,"valueName":"search_term_string"}}],"inLanguage":"it-IT"}]}},"_links":{"self":[{"href":"https:\/\/antersystem.com\/it\/wp-json\/wp\/v2\/pages\/15744","targetHints":{"allow":["GET"]}}],"collection":[{"href":"https:\/\/antersystem.com\/it\/wp-json\/wp\/v2\/pages"}],"about":[{"href":"https:\/\/antersystem.com\/it\/wp-json\/wp\/v2\/types\/page"}],"author":[{"embeddable":true,"href":"https:\/\/antersystem.com\/it\/wp-json\/wp\/v2\/users\/1"}],"replies":[{"embeddable":true,"href":"https:\/\/antersystem.com\/it\/wp-json\/wp\/v2\/comments?post=15744"}],"version-history":[{"count":1,"href":"https:\/\/antersystem.com\/it\/wp-json\/wp\/v2\/pages\/15744\/revisions"}],"predecessor-version":[{"id":15747,"href":"https:\/\/antersystem.com\/it\/wp-json\/wp\/v2\/pages\/15744\/revisions\/15747"}],"up":[{"embeddable":true,"href":"https:\/\/antersystem.com\/it\/wp-json\/wp\/v2\/pages\/30444"}],"wp:attachment":[{"href":"https:\/\/antersystem.com\/it\/wp-json\/wp\/v2\/media?parent=15744"}],"curies":[{"name":"wp","href":"https:\/\/api.w.org\/{rel}","templated":true}]}}