{"id":30200,"date":"2023-11-22T10:15:28","date_gmt":"2023-11-22T09:15:28","guid":{"rendered":"https:\/\/new.antersystem.com\/big-5-global-2023\/"},"modified":"2026-01-30T14:30:26","modified_gmt":"2026-01-30T13:30:26","slug":"big-5-global-2023","status":"publish","type":"page","link":"https:\/\/antersystem.com\/it\/notizie\/big-5-global-2023\/","title":{"rendered":"Anter System al Big 5 Global&#8217;23"},"content":{"rendered":"\n<div class=\"wp-block-columns is-layout-flex wp-container-core-columns-is-layout-9d6595d7 wp-block-columns-is-layout-flex\">\n<div class=\"wp-block-column is-layout-flow wp-block-column-is-layout-flow\" style=\"flex-basis:10%\"><\/div>\n\n\n\n<div class=\"wp-block-column is-layout-flow wp-block-column-is-layout-flow\">\n<h3 class=\"wp-block-heading\"><strong>Anter System in collaborazione con l&#8217;Agenzia polacca per gli investimenti e il commercio a Dubai<\/strong><\/h3>\n\n\n\n<p>Abbiamo abbracciato sempre pi\u00f9 la digitalizzazione e l&#8217;Internet delle cose. La circolazione digitale dei documenti e l&#8217;uso diffuso del GPS sono diventati standard. Ma oltre alle nuove tecnologie, anche le partnership internazionali e l&#8217;ingresso in mercati lontani sono modi per esplorare l&#8217;ignoto. Cosa sappiamo davvero dei mercati mediorientali? In che misura l&#8217;industria globale conosce le specialit\u00e0 delle aziende polacche?<\/p>\n\n\n\n<p>Stiamo per scoprirlo! In qualit\u00e0 di produttore di barriere di sicurezza flessibili, abbiamo accettato l&#8217;invito di PAIH a partecipare alla fiera dell&#8217;edilizia Big 5 Global 2023. L&#8217;evento si terr\u00e0 dal 4 al 7 dicembre 2023 a Dubai (Emirati Arabi Uniti).<\/p>\n\n\n\n<h4 class=\"wp-block-heading\">Big 5 Global<\/h4>\n\n\n\n<p>La fiera <a href=\"https:\/\/www.big5global.com\/\">Big 5 Global<\/a> \u00e8 uno degli eventi pi\u00f9 importanti del settore globale delle costruzioni e delle infrastrutture. L&#8217;edizione precedente ha ospitato 2.200 espositori provenienti da 150 paesi e oltre 68.000 visitatori. L&#8217;evento prevede anche numerose altre iniziative, conferenze e sessioni tematiche.<\/p>\n\n\n\n<p>Siamo molto contenti di avere l&#8217;opportunit\u00e0 di presentare i prodotti e i servizi polacchi a un vasto pubblico di potenziali clienti. Siamo onorati della risposta dell&#8217;Agenzia polacca per gli investimenti e il commercio. Anter System, azienda specializzata in sistemi di sicurezza, nasce dalla vasta esperienza dei suoi fondatori in questo campo. Fornire consulenza su quali soluzioni possono migliorare la qualit\u00e0 e la sicurezza del lavoro \u00e8 una delle pietre miliari del nostro sviluppo. Crediamo che la capacit\u00e0 di organizzare lo spazio utilizzando barriere di sicurezza flessibili sia un forte vantaggio in un mercato competitivo.<\/p>\n\n\n\n<p>Ti invitiamo a visitare il nostro stand e a condividere le tue idee!<\/p>\n<\/div>\n\n\n\n<div class=\"wp-block-column is-layout-flow wp-block-column-is-layout-flow\" style=\"flex-basis:10%\"><\/div>\n<\/div>\n\n<p><\/p>\n<div class=\"wp-block-image\">\n<figure class=\"aligncenter size-large is-resized\"><img loading=\"lazy\" decoding=\"async\" width=\"1024\" height=\"535\" src=\"https:\/\/antersystem.com\/wp-content\/uploads\/4-7-December-2023-Dubai-World-Trade-Centre-1-1024x535.jpg\" alt=\"\" class=\"wp-image-3635\" style=\"width:720px;height:auto\" srcset=\"https:\/\/antersystem.com\/wp-content\/uploads\/4-7-December-2023-Dubai-World-Trade-Centre-1-1024x535.jpg 1024w, https:\/\/antersystem.com\/wp-content\/uploads\/4-7-December-2023-Dubai-World-Trade-Centre-1-300x157.jpg 300w, https:\/\/antersystem.com\/wp-content\/uploads\/4-7-December-2023-Dubai-World-Trade-Centre-1-768x401.jpg 768w, https:\/\/antersystem.com\/wp-content\/uploads\/4-7-December-2023-Dubai-World-Trade-Centre-1-450x235.jpg 450w, https:\/\/antersystem.com\/wp-content\/uploads\/4-7-December-2023-Dubai-World-Trade-Centre-1-330x172.jpg 330w, https:\/\/antersystem.com\/wp-content\/uploads\/4-7-December-2023-Dubai-World-Trade-Centre-1.jpg 1200w\" sizes=\"auto, (max-width: 1024px) 100vw, 1024px\" \/><\/figure><\/div>","protected":false},"excerpt":{"rendered":"<p>Anter System in collaborazione con l&#8217;Agenzia polacca per gli investimenti e il commercio a Dubai Abbiamo abbracciato sempre pi\u00f9 la digitalizzazione e l&#8217;Internet delle cose. La circolazione digitale dei documenti e l&#8217;uso diffuso del GPS sono diventati standard. Ma oltre alle nuove tecnologie, anche le partnership internazionali e l&#8217;ingresso in mercati lontani sono modi per [&hellip;]<\/p>\n","protected":false},"author":1,"featured_media":0,"parent":30444,"menu_order":0,"comment_status":"closed","ping_status":"closed","template":"","meta":{"inline_featured_image":false,"ngg_post_thumbnail":0,"footnotes":""},"class_list":["post-30200","page","type-page","status-publish","hentry"],"acf":[],"yoast_head":"<!-- This site is optimized with the Yoast SEO plugin v27.0 - https:\/\/yoast.com\/product\/yoast-seo-wordpress\/ -->\n<title>Anter System al Big 5 Global&#039;23 - Anter System<\/title>\n<meta name=\"description\" content=\"Jako producent elastycznych barier ochronnych przyj\u0119li\u015bmy zaproszenie PAIH do udzia\u0142u w targach budowlanych Big 5 Global 2023.\" \/>\n<meta name=\"robots\" content=\"index, follow, max-snippet:-1, max-image-preview:large, max-video-preview:-1\" \/>\n<link rel=\"canonical\" href=\"https:\/\/antersystem.com\/it\/notizie\/big-5-global-2023\/\" \/>\n<meta property=\"og:locale\" content=\"it_IT\" \/>\n<meta property=\"og:type\" content=\"article\" \/>\n<meta property=\"og:title\" content=\"Anter System al Big 5 Global&#039;23 - Anter System\" \/>\n<meta property=\"og:description\" content=\"Jako producent elastycznych barier ochronnych przyj\u0119li\u015bmy zaproszenie PAIH do udzia\u0142u w targach budowlanych Big 5 Global 2023.\" \/>\n<meta property=\"og:url\" content=\"https:\/\/antersystem.com\/it\/notizie\/big-5-global-2023\/\" \/>\n<meta property=\"og:site_name\" content=\"Anter System\" \/>\n<meta property=\"article:modified_time\" content=\"2026-01-30T13:30:26+00:00\" \/>\n<meta property=\"og:image\" content=\"https:\/\/antersystem.com\/wp-content\/uploads\/4-7-December-2023-Dubai-World-Trade-Centre-1-1024x535.jpg\" \/>\n<meta name=\"twitter:card\" content=\"summary_large_image\" \/>\n<meta name=\"twitter:label1\" content=\"Tempo di lettura stimato\" \/>\n\t<meta name=\"twitter:data1\" content=\"1 minuto\" \/>\n<script type=\"application\/ld+json\" class=\"yoast-schema-graph\">{\"@context\":\"https:\/\/schema.org\",\"@graph\":[{\"@type\":\"WebPage\",\"@id\":\"https:\/\/antersystem.com\/it\/notizie\/big-5-global-2023\/\",\"url\":\"https:\/\/antersystem.com\/it\/notizie\/big-5-global-2023\/\",\"name\":\"Anter System al Big 5 Global'23 - Anter System\",\"isPartOf\":{\"@id\":\"https:\/\/antersystem.com\/it\/#website\"},\"primaryImageOfPage\":{\"@id\":\"https:\/\/antersystem.com\/it\/notizie\/big-5-global-2023\/#primaryimage\"},\"image\":{\"@id\":\"https:\/\/antersystem.com\/it\/notizie\/big-5-global-2023\/#primaryimage\"},\"thumbnailUrl\":\"https:\/\/antersystem.com\/wp-content\/uploads\/4-7-December-2023-Dubai-World-Trade-Centre-1-1024x535.jpg\",\"datePublished\":\"2023-11-22T09:15:28+00:00\",\"dateModified\":\"2026-01-30T13:30:26+00:00\",\"description\":\"Jako producent elastycznych barier ochronnych przyj\u0119li\u015bmy zaproszenie PAIH do udzia\u0142u w targach budowlanych Big 5 Global 2023.\",\"breadcrumb\":{\"@id\":\"https:\/\/antersystem.com\/it\/notizie\/big-5-global-2023\/#breadcrumb\"},\"inLanguage\":\"it-IT\",\"potentialAction\":[{\"@type\":\"ReadAction\",\"target\":[\"https:\/\/antersystem.com\/it\/notizie\/big-5-global-2023\/\"]}]},{\"@type\":\"ImageObject\",\"inLanguage\":\"it-IT\",\"@id\":\"https:\/\/antersystem.com\/it\/notizie\/big-5-global-2023\/#primaryimage\",\"url\":\"https:\/\/antersystem.com\/wp-content\/uploads\/4-7-December-2023-Dubai-World-Trade-Centre-1-1024x535.jpg\",\"contentUrl\":\"https:\/\/antersystem.com\/wp-content\/uploads\/4-7-December-2023-Dubai-World-Trade-Centre-1-1024x535.jpg\"},{\"@type\":\"BreadcrumbList\",\"@id\":\"https:\/\/antersystem.com\/it\/notizie\/big-5-global-2023\/#breadcrumb\",\"itemListElement\":[{\"@type\":\"ListItem\",\"position\":1,\"name\":\"AnterSystem\",\"item\":\"https:\/\/antersystem.com\/it\/\"},{\"@type\":\"ListItem\",\"position\":2,\"name\":\"Notizie\",\"item\":\"https:\/\/antersystem.com\/it\/notizie\/\"},{\"@type\":\"ListItem\",\"position\":3,\"name\":\"Anter System al Big 5 Global&#8217;23\"}]},{\"@type\":\"WebSite\",\"@id\":\"https:\/\/antersystem.com\/it\/#website\",\"url\":\"https:\/\/antersystem.com\/it\/\",\"name\":\"Anter System\",\"description\":\"Jeste\u015bmy polskim producentem elastycznych barier ochronnych wykonywanych z polimerowych tworzyw sztucznych. Na rynku krajowym i zagranicznym dzia\u0142amy od ponad 15 lat dbaj\u0105c o zapewnienie bezpiecze\u0144stwa w zak\u0142adach produkcyjnych, magazynach oraz centrach logistycznych.\",\"potentialAction\":[{\"@type\":\"SearchAction\",\"target\":{\"@type\":\"EntryPoint\",\"urlTemplate\":\"https:\/\/antersystem.com\/it\/?s={search_term_string}\"},\"query-input\":{\"@type\":\"PropertyValueSpecification\",\"valueRequired\":true,\"valueName\":\"search_term_string\"}}],\"inLanguage\":\"it-IT\"}]}<\/script>\n<!-- \/ Yoast SEO plugin. -->","yoast_head_json":{"title":"Anter System al Big 5 Global'23 - Anter System","description":"Jako producent elastycznych barier ochronnych przyj\u0119li\u015bmy zaproszenie PAIH do udzia\u0142u w targach budowlanych Big 5 Global 2023.","robots":{"index":"index","follow":"follow","max-snippet":"max-snippet:-1","max-image-preview":"max-image-preview:large","max-video-preview":"max-video-preview:-1"},"canonical":"https:\/\/antersystem.com\/it\/notizie\/big-5-global-2023\/","og_locale":"it_IT","og_type":"article","og_title":"Anter System al Big 5 Global'23 - Anter System","og_description":"Jako producent elastycznych barier ochronnych przyj\u0119li\u015bmy zaproszenie PAIH do udzia\u0142u w targach budowlanych Big 5 Global 2023.","og_url":"https:\/\/antersystem.com\/it\/notizie\/big-5-global-2023\/","og_site_name":"Anter System","article_modified_time":"2026-01-30T13:30:26+00:00","og_image":[{"url":"https:\/\/antersystem.com\/wp-content\/uploads\/4-7-December-2023-Dubai-World-Trade-Centre-1-1024x535.jpg","type":"","width":"","height":""}],"twitter_card":"summary_large_image","twitter_misc":{"Tempo di lettura stimato":"1 minuto"},"schema":{"@context":"https:\/\/schema.org","@graph":[{"@type":"WebPage","@id":"https:\/\/antersystem.com\/it\/notizie\/big-5-global-2023\/","url":"https:\/\/antersystem.com\/it\/notizie\/big-5-global-2023\/","name":"Anter System al Big 5 Global'23 - Anter System","isPartOf":{"@id":"https:\/\/antersystem.com\/it\/#website"},"primaryImageOfPage":{"@id":"https:\/\/antersystem.com\/it\/notizie\/big-5-global-2023\/#primaryimage"},"image":{"@id":"https:\/\/antersystem.com\/it\/notizie\/big-5-global-2023\/#primaryimage"},"thumbnailUrl":"https:\/\/antersystem.com\/wp-content\/uploads\/4-7-December-2023-Dubai-World-Trade-Centre-1-1024x535.jpg","datePublished":"2023-11-22T09:15:28+00:00","dateModified":"2026-01-30T13:30:26+00:00","description":"Jako producent elastycznych barier ochronnych przyj\u0119li\u015bmy zaproszenie PAIH do udzia\u0142u w targach budowlanych Big 5 Global 2023.","breadcrumb":{"@id":"https:\/\/antersystem.com\/it\/notizie\/big-5-global-2023\/#breadcrumb"},"inLanguage":"it-IT","potentialAction":[{"@type":"ReadAction","target":["https:\/\/antersystem.com\/it\/notizie\/big-5-global-2023\/"]}]},{"@type":"ImageObject","inLanguage":"it-IT","@id":"https:\/\/antersystem.com\/it\/notizie\/big-5-global-2023\/#primaryimage","url":"https:\/\/antersystem.com\/wp-content\/uploads\/4-7-December-2023-Dubai-World-Trade-Centre-1-1024x535.jpg","contentUrl":"https:\/\/antersystem.com\/wp-content\/uploads\/4-7-December-2023-Dubai-World-Trade-Centre-1-1024x535.jpg"},{"@type":"BreadcrumbList","@id":"https:\/\/antersystem.com\/it\/notizie\/big-5-global-2023\/#breadcrumb","itemListElement":[{"@type":"ListItem","position":1,"name":"AnterSystem","item":"https:\/\/antersystem.com\/it\/"},{"@type":"ListItem","position":2,"name":"Notizie","item":"https:\/\/antersystem.com\/it\/notizie\/"},{"@type":"ListItem","position":3,"name":"Anter System al Big 5 Global&#8217;23"}]},{"@type":"WebSite","@id":"https:\/\/antersystem.com\/it\/#website","url":"https:\/\/antersystem.com\/it\/","name":"Anter System","description":"Jeste\u015bmy polskim producentem elastycznych barier ochronnych wykonywanych z polimerowych tworzyw sztucznych. Na rynku krajowym i zagranicznym dzia\u0142amy od ponad 15 lat dbaj\u0105c o zapewnienie bezpiecze\u0144stwa w zak\u0142adach produkcyjnych, magazynach oraz centrach logistycznych.","potentialAction":[{"@type":"SearchAction","target":{"@type":"EntryPoint","urlTemplate":"https:\/\/antersystem.com\/it\/?s={search_term_string}"},"query-input":{"@type":"PropertyValueSpecification","valueRequired":true,"valueName":"search_term_string"}}],"inLanguage":"it-IT"}]}},"_links":{"self":[{"href":"https:\/\/antersystem.com\/it\/wp-json\/wp\/v2\/pages\/30200","targetHints":{"allow":["GET"]}}],"collection":[{"href":"https:\/\/antersystem.com\/it\/wp-json\/wp\/v2\/pages"}],"about":[{"href":"https:\/\/antersystem.com\/it\/wp-json\/wp\/v2\/types\/page"}],"author":[{"embeddable":true,"href":"https:\/\/antersystem.com\/it\/wp-json\/wp\/v2\/users\/1"}],"replies":[{"embeddable":true,"href":"https:\/\/antersystem.com\/it\/wp-json\/wp\/v2\/comments?post=30200"}],"version-history":[{"count":1,"href":"https:\/\/antersystem.com\/it\/wp-json\/wp\/v2\/pages\/30200\/revisions"}],"predecessor-version":[{"id":30201,"href":"https:\/\/antersystem.com\/it\/wp-json\/wp\/v2\/pages\/30200\/revisions\/30201"}],"up":[{"embeddable":true,"href":"https:\/\/antersystem.com\/it\/wp-json\/wp\/v2\/pages\/30444"}],"wp:attachment":[{"href":"https:\/\/antersystem.com\/it\/wp-json\/wp\/v2\/media?parent=30200"}],"curies":[{"name":"wp","href":"https:\/\/api.w.org\/{rel}","templated":true}]}}