{"id":30697,"date":"2024-02-15T10:41:35","date_gmt":"2024-02-15T09:41:35","guid":{"rendered":"https:\/\/new.antersystem.com\/notizie\/logimat-2024\/"},"modified":"2026-01-30T14:35:46","modified_gmt":"2026-01-30T13:35:46","slug":"logimat-2024","status":"publish","type":"page","link":"https:\/\/antersystem.com\/it\/notizie\/logimat-2024\/","title":{"rendered":"LogiMAT 2024"},"content":{"rendered":"\n<div class=\"wp-block-columns is-layout-flex wp-container-core-columns-is-layout-9d6595d7 wp-block-columns-is-layout-flex\">\n  \n  <div class=\"wp-block-column is-layout-flow wp-block-column-is-layout-flow\" style=\"flex-basis:10%\"><\/div>\n  \n\n  \n  <div class=\"wp-block-column is-layout-flow wp-block-column-is-layout-flow\">\n    \n    <h3 class=\"wp-block-heading\">Invito a LogiMAT!<\/h3>\n    \n\n    \n    <p>Tra un mese inizier\u00e0 a Stoccarda la <strong>fiera<\/strong> internazionale <strong>LogiMAT<\/strong>. Dal <strong>19 al 21 marzo<\/strong> presenteremo i nostri sistemi che migliorano la sicurezza nei magazzini e nei centri logistici. L&#8217;evento ti invita a esplorare le tendenze emergenti del settore e i prodotti all&#8217;avanguardia. Il tema principale della piattaforma aziendale di quest&#8217;anno: <strong>DARE FORMA AL CAMBIAMENTO INSIEME<\/strong>.<\/p>\n    \n\n    \n    <h4 class=\"wp-block-heading\"><strong>Cosa aspettarsi alla LogiMAT 2024?<\/strong><\/h4>\n    \n\n    \n    <p>Oltre alle anteprime mondiali ed europee, i professionisti del settore presenti a <strong>LogiMAT 2024<\/strong> scopriranno un&#8217;ampia gamma di soluzioni nuove e migliorate progettate per ottimizzare i flussi di lavoro intralogistici. <strong>La mobilit\u00e0 del magazzino<\/strong> sar\u00e0 il tema centrale di quest&#8217;anno, evidenziato dai prodotti e dalle soluzioni presentate dai vari espositori: dai produttori di macchinari e attrezzature, agli sviluppatori di robot mobili autonomi (AMR), ai produttori di carrelli industriali, fino alle aziende come noi, <a href=\"https:\/\/antersystem.com\/produkty\/\">produttrici di barriere di sicurezza mobili e flessibili<\/a>.<\/p>\n    \n\n    \n    <p>I biglietti per l&#8217;evento possono essere prenotati qui: <a href=\"https:\/\/www.logimat-messe.de\/en\"><strong>logimat-messe.de\/it<\/strong><\/a><\/p>\n    \n\n    \n    <p>&#8220;<em>Con l&#8217;intero spettro di innovazioni che gli espositori porteranno a Stoccarda, LogiMAT 2024 riflette le tendenze attuali che caratterizzano l&#8217;intero settore dell&#8217;intralogistica&#8221;,<\/em> riassume il direttore della fiera <strong>Michael Ruchty<\/strong>. <em>&#8220;LogiMAT offre ai professionisti l&#8217;opportunit\u00e0 di esplorare le soluzioni all&#8217;avanguardia che definiranno il settore nei prossimi anni&#8221;.<\/em><\/p>\n    \n\n    \n    <h4 class=\"wp-block-heading\"><strong>Condividere le conoscenze<\/strong><\/h4>\n    \n\n    \n    <p>Forniamo soluzioni esperte per rafforzare la sicurezza sul lavoro nella tua azienda. Se sei interessato a metterti in contatto con noi, saremo lieti di incontrarti e di discutere in dettaglio le opzioni specifiche. Vieni a trovarci al <strong>padiglione 9, stand 9A17<\/strong>. Continuiamo inoltre a offrire una <strong>verifica gratuita della sicurezza in loco<\/strong>, incentrata sul miglioramento della stabilit\u00e0 e dell&#8217;affidabilit\u00e0 delle aree di lavoro: per fissare il tuo appuntamento, chiamaci al numero <a href=\"tel:+48%20606%20116%20171\"><strong>+48 606 116 171<\/strong><\/a>.<\/p>\n    \n\n    \n    <hr class=\"wp-block-separator has-text-color has-white-color has-alpha-channel-opacity has-white-background-color has-background is-style-default\"\/>\n    \n  <\/div>\n  \n\n  \n  <div class=\"wp-block-column is-layout-flow wp-block-column-is-layout-flow\" style=\"flex-basis:10%\"><\/div>\n  \n<\/div>\n<div class=\"wp-block-image\">\n<figure class=\"aligncenter size-large is-resized\"><img loading=\"lazy\" decoding=\"async\" width=\"1024\" height=\"535\" src=\"https:\/\/antersystem.com\/wp-content\/uploads\/Logimat2024-Anter-System-invitation-2-1024x535.jpg\" alt=\"Anter System alla fiera LogiMAT 2024\" class=\"wp-image-4227\" style=\"width:720px;height:auto\" srcset=\"https:\/\/antersystem.com\/wp-content\/uploads\/Logimat2024-Anter-System-invitation-2-1024x535.jpg 1024w, https:\/\/antersystem.com\/wp-content\/uploads\/Logimat2024-Anter-System-invitation-2-300x157.jpg 300w, https:\/\/antersystem.com\/wp-content\/uploads\/Logimat2024-Anter-System-invitation-2-768x401.jpg 768w, https:\/\/antersystem.com\/wp-content\/uploads\/Logimat2024-Anter-System-invitation-2-450x235.jpg 450w, https:\/\/antersystem.com\/wp-content\/uploads\/Logimat2024-Anter-System-invitation-2-330x172.jpg 330w, https:\/\/antersystem.com\/wp-content\/uploads\/Logimat2024-Anter-System-invitation-2.jpg 1200w\" sizes=\"auto, (max-width: 1024px) 100vw, 1024px\" \/><\/figure><\/div>","protected":false},"excerpt":{"rendered":"<p>Invito a LogiMAT! Tra un mese inizier\u00e0 a Stoccarda la fiera internazionale LogiMAT. Dal 19 al 21 marzo presenteremo i nostri sistemi che migliorano la sicurezza nei magazzini e nei centri logistici. L&#8217;evento ti invita a esplorare le tendenze emergenti del settore e i prodotti all&#8217;avanguardia. Il tema principale della piattaforma aziendale di quest&#8217;anno: DARE [&hellip;]<\/p>\n","protected":false},"author":1,"featured_media":0,"parent":30444,"menu_order":0,"comment_status":"closed","ping_status":"closed","template":"","meta":{"inline_featured_image":false,"ngg_post_thumbnail":0,"footnotes":""},"class_list":["post-30697","page","type-page","status-publish","hentry"],"acf":[],"yoast_head":"<!-- This site is optimized with the Yoast SEO plugin v27.0 - https:\/\/yoast.com\/product\/yoast-seo-wordpress\/ -->\n<title>LogiMAT 2024 - Anter System<\/title>\n<meta name=\"description\" content=\"Ju\u017c za miesi\u0105c rozpoczynaj\u0105 si\u0119 mi\u0119dzynarodowe Targi Logimat w Stuttgarcie. Nel periodo 19-21.03 b\u0119dziemy prezentowa\u0107 tam nasze systemy.\" \/>\n<meta name=\"robots\" content=\"index, follow, max-snippet:-1, max-image-preview:large, max-video-preview:-1\" \/>\n<link rel=\"canonical\" href=\"https:\/\/antersystem.com\/it\/notizie\/logimat-2024\/\" \/>\n<meta property=\"og:locale\" content=\"it_IT\" \/>\n<meta property=\"og:type\" content=\"article\" \/>\n<meta property=\"og:title\" content=\"LogiMAT 2024 - Anter System\" \/>\n<meta property=\"og:description\" content=\"Ju\u017c za miesi\u0105c rozpoczynaj\u0105 si\u0119 mi\u0119dzynarodowe Targi Logimat w Stuttgarcie. Nel periodo 19-21.03 b\u0119dziemy prezentowa\u0107 tam nasze systemy.\" \/>\n<meta property=\"og:url\" content=\"https:\/\/antersystem.com\/it\/notizie\/logimat-2024\/\" \/>\n<meta property=\"og:site_name\" content=\"Anter System\" \/>\n<meta property=\"article:modified_time\" content=\"2026-01-30T13:35:46+00:00\" \/>\n<meta property=\"og:image\" content=\"https:\/\/antersystem.com\/wp-content\/uploads\/Logimat2024-Anter-System-invitation-2-1024x535.jpg\" \/>\n<meta name=\"twitter:card\" content=\"summary_large_image\" \/>\n<meta name=\"twitter:label1\" content=\"Tempo di lettura stimato\" \/>\n\t<meta name=\"twitter:data1\" content=\"1 minuto\" \/>\n<script type=\"application\/ld+json\" class=\"yoast-schema-graph\">{\"@context\":\"https:\/\/schema.org\",\"@graph\":[{\"@type\":\"WebPage\",\"@id\":\"https:\/\/antersystem.com\/it\/notizie\/logimat-2024\/\",\"url\":\"https:\/\/antersystem.com\/it\/notizie\/logimat-2024\/\",\"name\":\"LogiMAT 2024 - Anter System\",\"isPartOf\":{\"@id\":\"https:\/\/antersystem.com\/it\/#website\"},\"primaryImageOfPage\":{\"@id\":\"https:\/\/antersystem.com\/it\/notizie\/logimat-2024\/#primaryimage\"},\"image\":{\"@id\":\"https:\/\/antersystem.com\/it\/notizie\/logimat-2024\/#primaryimage\"},\"thumbnailUrl\":\"https:\/\/antersystem.com\/wp-content\/uploads\/Logimat2024-Anter-System-invitation-2-1024x535.jpg\",\"datePublished\":\"2024-02-15T09:41:35+00:00\",\"dateModified\":\"2026-01-30T13:35:46+00:00\",\"description\":\"Ju\u017c za miesi\u0105c rozpoczynaj\u0105 si\u0119 mi\u0119dzynarodowe Targi Logimat w Stuttgarcie. Nel periodo 19-21.03 b\u0119dziemy prezentowa\u0107 tam nasze systemy.\",\"breadcrumb\":{\"@id\":\"https:\/\/antersystem.com\/it\/notizie\/logimat-2024\/#breadcrumb\"},\"inLanguage\":\"it-IT\",\"potentialAction\":[{\"@type\":\"ReadAction\",\"target\":[\"https:\/\/antersystem.com\/it\/notizie\/logimat-2024\/\"]}]},{\"@type\":\"ImageObject\",\"inLanguage\":\"it-IT\",\"@id\":\"https:\/\/antersystem.com\/it\/notizie\/logimat-2024\/#primaryimage\",\"url\":\"https:\/\/antersystem.com\/wp-content\/uploads\/Logimat2024-Anter-System-invitation-2-1024x535.jpg\",\"contentUrl\":\"https:\/\/antersystem.com\/wp-content\/uploads\/Logimat2024-Anter-System-invitation-2-1024x535.jpg\"},{\"@type\":\"BreadcrumbList\",\"@id\":\"https:\/\/antersystem.com\/it\/notizie\/logimat-2024\/#breadcrumb\",\"itemListElement\":[{\"@type\":\"ListItem\",\"position\":1,\"name\":\"AnterSystem\",\"item\":\"https:\/\/antersystem.com\/it\/\"},{\"@type\":\"ListItem\",\"position\":2,\"name\":\"Notizie\",\"item\":\"https:\/\/antersystem.com\/it\/notizie\/\"},{\"@type\":\"ListItem\",\"position\":3,\"name\":\"LogiMAT 2024\"}]},{\"@type\":\"WebSite\",\"@id\":\"https:\/\/antersystem.com\/it\/#website\",\"url\":\"https:\/\/antersystem.com\/it\/\",\"name\":\"Anter System\",\"description\":\"Jeste\u015bmy polskim producentem elastycznych barier ochronnych wykonywanych z polimerowych tworzyw sztucznych. Na rynku krajowym i zagranicznym dzia\u0142amy od ponad 15 lat dbaj\u0105c o zapewnienie bezpiecze\u0144stwa w zak\u0142adach produkcyjnych, magazynach oraz centrach logistycznych.\",\"potentialAction\":[{\"@type\":\"SearchAction\",\"target\":{\"@type\":\"EntryPoint\",\"urlTemplate\":\"https:\/\/antersystem.com\/it\/?s={search_term_string}\"},\"query-input\":{\"@type\":\"PropertyValueSpecification\",\"valueRequired\":true,\"valueName\":\"search_term_string\"}}],\"inLanguage\":\"it-IT\"}]}<\/script>\n<!-- \/ Yoast SEO plugin. -->","yoast_head_json":{"title":"LogiMAT 2024 - Anter System","description":"Ju\u017c za miesi\u0105c rozpoczynaj\u0105 si\u0119 mi\u0119dzynarodowe Targi Logimat w Stuttgarcie. Nel periodo 19-21.03 b\u0119dziemy prezentowa\u0107 tam nasze systemy.","robots":{"index":"index","follow":"follow","max-snippet":"max-snippet:-1","max-image-preview":"max-image-preview:large","max-video-preview":"max-video-preview:-1"},"canonical":"https:\/\/antersystem.com\/it\/notizie\/logimat-2024\/","og_locale":"it_IT","og_type":"article","og_title":"LogiMAT 2024 - Anter System","og_description":"Ju\u017c za miesi\u0105c rozpoczynaj\u0105 si\u0119 mi\u0119dzynarodowe Targi Logimat w Stuttgarcie. Nel periodo 19-21.03 b\u0119dziemy prezentowa\u0107 tam nasze systemy.","og_url":"https:\/\/antersystem.com\/it\/notizie\/logimat-2024\/","og_site_name":"Anter System","article_modified_time":"2026-01-30T13:35:46+00:00","og_image":[{"url":"https:\/\/antersystem.com\/wp-content\/uploads\/Logimat2024-Anter-System-invitation-2-1024x535.jpg","type":"","width":"","height":""}],"twitter_card":"summary_large_image","twitter_misc":{"Tempo di lettura stimato":"1 minuto"},"schema":{"@context":"https:\/\/schema.org","@graph":[{"@type":"WebPage","@id":"https:\/\/antersystem.com\/it\/notizie\/logimat-2024\/","url":"https:\/\/antersystem.com\/it\/notizie\/logimat-2024\/","name":"LogiMAT 2024 - Anter System","isPartOf":{"@id":"https:\/\/antersystem.com\/it\/#website"},"primaryImageOfPage":{"@id":"https:\/\/antersystem.com\/it\/notizie\/logimat-2024\/#primaryimage"},"image":{"@id":"https:\/\/antersystem.com\/it\/notizie\/logimat-2024\/#primaryimage"},"thumbnailUrl":"https:\/\/antersystem.com\/wp-content\/uploads\/Logimat2024-Anter-System-invitation-2-1024x535.jpg","datePublished":"2024-02-15T09:41:35+00:00","dateModified":"2026-01-30T13:35:46+00:00","description":"Ju\u017c za miesi\u0105c rozpoczynaj\u0105 si\u0119 mi\u0119dzynarodowe Targi Logimat w Stuttgarcie. Nel periodo 19-21.03 b\u0119dziemy prezentowa\u0107 tam nasze systemy.","breadcrumb":{"@id":"https:\/\/antersystem.com\/it\/notizie\/logimat-2024\/#breadcrumb"},"inLanguage":"it-IT","potentialAction":[{"@type":"ReadAction","target":["https:\/\/antersystem.com\/it\/notizie\/logimat-2024\/"]}]},{"@type":"ImageObject","inLanguage":"it-IT","@id":"https:\/\/antersystem.com\/it\/notizie\/logimat-2024\/#primaryimage","url":"https:\/\/antersystem.com\/wp-content\/uploads\/Logimat2024-Anter-System-invitation-2-1024x535.jpg","contentUrl":"https:\/\/antersystem.com\/wp-content\/uploads\/Logimat2024-Anter-System-invitation-2-1024x535.jpg"},{"@type":"BreadcrumbList","@id":"https:\/\/antersystem.com\/it\/notizie\/logimat-2024\/#breadcrumb","itemListElement":[{"@type":"ListItem","position":1,"name":"AnterSystem","item":"https:\/\/antersystem.com\/it\/"},{"@type":"ListItem","position":2,"name":"Notizie","item":"https:\/\/antersystem.com\/it\/notizie\/"},{"@type":"ListItem","position":3,"name":"LogiMAT 2024"}]},{"@type":"WebSite","@id":"https:\/\/antersystem.com\/it\/#website","url":"https:\/\/antersystem.com\/it\/","name":"Anter System","description":"Jeste\u015bmy polskim producentem elastycznych barier ochronnych wykonywanych z polimerowych tworzyw sztucznych. Na rynku krajowym i zagranicznym dzia\u0142amy od ponad 15 lat dbaj\u0105c o zapewnienie bezpiecze\u0144stwa w zak\u0142adach produkcyjnych, magazynach oraz centrach logistycznych.","potentialAction":[{"@type":"SearchAction","target":{"@type":"EntryPoint","urlTemplate":"https:\/\/antersystem.com\/it\/?s={search_term_string}"},"query-input":{"@type":"PropertyValueSpecification","valueRequired":true,"valueName":"search_term_string"}}],"inLanguage":"it-IT"}]}},"_links":{"self":[{"href":"https:\/\/antersystem.com\/it\/wp-json\/wp\/v2\/pages\/30697","targetHints":{"allow":["GET"]}}],"collection":[{"href":"https:\/\/antersystem.com\/it\/wp-json\/wp\/v2\/pages"}],"about":[{"href":"https:\/\/antersystem.com\/it\/wp-json\/wp\/v2\/types\/page"}],"author":[{"embeddable":true,"href":"https:\/\/antersystem.com\/it\/wp-json\/wp\/v2\/users\/1"}],"replies":[{"embeddable":true,"href":"https:\/\/antersystem.com\/it\/wp-json\/wp\/v2\/comments?post=30697"}],"version-history":[{"count":1,"href":"https:\/\/antersystem.com\/it\/wp-json\/wp\/v2\/pages\/30697\/revisions"}],"predecessor-version":[{"id":30698,"href":"https:\/\/antersystem.com\/it\/wp-json\/wp\/v2\/pages\/30697\/revisions\/30698"}],"up":[{"embeddable":true,"href":"https:\/\/antersystem.com\/it\/wp-json\/wp\/v2\/pages\/30444"}],"wp:attachment":[{"href":"https:\/\/antersystem.com\/it\/wp-json\/wp\/v2\/media?parent=30697"}],"curies":[{"name":"wp","href":"https:\/\/api.w.org\/{rel}","templated":true}]}}