{"id":38810,"date":"2025-06-11T10:14:00","date_gmt":"2025-06-11T08:14:00","guid":{"rendered":"https:\/\/antersystem.com\/notizie\/anter-system-gets-polska-nagroda-inteligentnego-rozwoju\/"},"modified":"2026-02-02T10:37:09","modified_gmt":"2026-02-02T09:37:09","slug":"anter-system-gets-polska-nagroda-inteligentnego-rozwoju","status":"publish","type":"page","link":"https:\/\/antersystem.com\/it\/notizie\/anter-system-gets-polska-nagroda-inteligentnego-rozwoju\/","title":{"rendered":"Anter System ottiene Polska Nagroda Inteligentnego Rozwoju"},"content":{"rendered":"\n<div class=\"wp-block-columns is-layout-flex wp-container-core-columns-is-layout-9d6595d7 wp-block-columns-is-layout-flex\">\n<div class=\"wp-block-column is-layout-flow wp-block-column-is-layout-flow\">\n<div class=\"wp-block-columns is-layout-flex wp-container-core-columns-is-layout-9d6595d7 wp-block-columns-is-layout-flex\">\n<div class=\"wp-block-column is-layout-flow wp-block-column-is-layout-flow\">\n<p>Siamo lieti di annunciare che durante l&#8217;edizione del 10\u00b0 anniversario dell&#8217;Intelligent Development Forum di Uniej\u00f3w, Anter System \u00e8 stata premiata con il prestigioso Polish Intelligent Development Award. Questo premio viene assegnato a persone, aziende e organizzazioni le cui attivit\u00e0 contribuiscono alla creazione di soluzioni innovative a sostegno dello sviluppo sostenibile della societ\u00e0 e dell&#8217;economia. <\/p>\n\n\n\n<p>Questo riconoscimento \u00e8 un grande onore per noi e una conferma che la direzione che abbiamo intrapreso &#8211; sviluppare tecnologie intelligenti che proteggono le persone e le infrastrutture negli spazi industriali &#8211; \u00e8 riconosciuta non solo dai nostri clienti, ma anche dagli esperti e dai leader dell&#8217;innovazione in Polonia.<\/p>\n\n\n\n<h2 class=\"wp-block-heading\">Un forum per il futuro che mette in contatto scienza, tecnologia e affari<\/h2>\n\n\n\n<p>Il Forum sullo Sviluppo Intelligente \u00e8 uno degli eventi economici e tecnologici pi\u00f9 interessanti della Polonia. Il congresso riunisce rappresentanti dell&#8217;economia, della scienza, delle amministrazioni locali e della comunit\u00e0 degli investitori per esplorare insieme come le moderne tecnologie possano avere un impatto reale sulla qualit\u00e0 della vita e sulla crescita economica. Partecipare a questo evento non \u00e8 solo un onore, ma anche un&#8217;opportunit\u00e0 per scambiare esperienze e conoscenze con altri leader dell&#8217;innovazione.  <\/p>\n\n\n\n<h2 class=\"wp-block-heading\">Una presentazione sulla tecnologia che protegge<\/h2>\n\n\n\n<p>Nell&#8217;ambito del Forum, abbiamo anche avuto l&#8217;opportunit\u00e0 di partecipare al programma di esperti. Tomasz Bary\u0142a, Product Manager di Anter System, ha partecipato al panel &#8220;Future Technologies in Action &#8211; How Innovations Shape Science, Business, and Society&#8221;, dove ha tenuto una presentazione intitolata &#8220;Technology That Protects &#8211; Intelligent Safety Systems in Industrial Spaces&#8221;. <\/p>\n\n\n\n<p>Durante il suo discorso, Tomasz ha discusso, tra gli altri argomenti, di:<\/p>\n\n\n\n<ul class=\"wp-block-list\">\n<li>le attuali sfide di sicurezza dell&#8217;intralogistica,<\/li>\n\n\n\n<li>come le barriere di sicurezza flessibili combinate con elementi di automazione migliorano la sicurezza e l&#8217;efficienza del luogo di lavoro.<\/li>\n<\/ul>\n\n\n\n<h2 class=\"wp-block-heading\">Motivazione per un&#8217;ulteriore crescita<\/h2>\n\n\n\n<p>Il premio ricevuto non \u00e8 solo una fonte di prestigio, ma anche un impegno a continuare a sviluppare, introdurre nuove innovazioni e aumentare costantemente gli standard di sicurezza nell&#8217;industria. Ringraziamo la Giuria del Concorso per la fiducia e il riconoscimento, e tutti i partecipanti al Forum per le preziose conversazioni e gli incontri stimolanti. <\/p>\n<\/div>\n<\/div>\n<\/div>\n<\/div>\n","protected":false},"excerpt":{"rendered":"<p>Siamo lieti di annunciare che durante l&#8217;edizione del 10\u00b0 anniversario dell&#8217;Intelligent Development Forum di Uniej\u00f3w, Anter System \u00e8 stata premiata con il prestigioso Polish Intelligent Development Award. Questo premio viene assegnato a persone, aziende e organizzazioni le cui attivit\u00e0 contribuiscono alla creazione di soluzioni innovative a sostegno dello sviluppo sostenibile della societ\u00e0 e dell&#8217;economia. Questo [&hellip;]<\/p>\n","protected":false},"author":11,"featured_media":0,"parent":30444,"menu_order":0,"comment_status":"closed","ping_status":"closed","template":"","meta":{"inline_featured_image":false,"ngg_post_thumbnail":0,"footnotes":""},"class_list":["post-38810","page","type-page","status-publish","hentry"],"acf":[],"yoast_head":"<!-- This site is optimized with the Yoast SEO plugin v27.0 - https:\/\/yoast.com\/product\/yoast-seo-wordpress\/ -->\n<title>Anter System ottiene Polska Nagroda Inteligentnego Rozwoju - Anter System<\/title>\n<meta name=\"description\" content=\"Siamo lieti di annunciare che durante l&#039;edizione del 10\u00b0 anniversario dell&#039;Intelligent Development Forum di Uniej\u00f3w, Anter System \u00e8 stata premiata con il\" \/>\n<meta name=\"robots\" content=\"index, follow, max-snippet:-1, max-image-preview:large, max-video-preview:-1\" \/>\n<link rel=\"canonical\" href=\"https:\/\/antersystem.com\/it\/notizie\/anter-system-gets-polska-nagroda-inteligentnego-rozwoju\/\" \/>\n<meta property=\"og:locale\" content=\"it_IT\" \/>\n<meta property=\"og:type\" content=\"article\" \/>\n<meta property=\"og:title\" content=\"Anter System ottiene Polska Nagroda Inteligentnego Rozwoju - Anter System\" \/>\n<meta property=\"og:description\" content=\"Siamo lieti di annunciare che durante l&#039;edizione del 10\u00b0 anniversario dell&#039;Intelligent Development Forum di Uniej\u00f3w, Anter System \u00e8 stata premiata con il\" \/>\n<meta property=\"og:url\" content=\"https:\/\/antersystem.com\/it\/notizie\/anter-system-gets-polska-nagroda-inteligentnego-rozwoju\/\" \/>\n<meta property=\"og:site_name\" content=\"Anter System\" \/>\n<meta property=\"article:modified_time\" content=\"2026-02-02T09:37:09+00:00\" \/>\n<meta name=\"twitter:card\" content=\"summary_large_image\" \/>\n<meta name=\"twitter:label1\" content=\"Tempo di lettura stimato\" \/>\n\t<meta name=\"twitter:data1\" content=\"2 minuti\" \/>\n<script type=\"application\/ld+json\" class=\"yoast-schema-graph\">{\"@context\":\"https:\/\/schema.org\",\"@graph\":[{\"@type\":\"WebPage\",\"@id\":\"https:\/\/antersystem.com\/it\/notizie\/anter-system-gets-polska-nagroda-inteligentnego-rozwoju\/\",\"url\":\"https:\/\/antersystem.com\/it\/notizie\/anter-system-gets-polska-nagroda-inteligentnego-rozwoju\/\",\"name\":\"Anter System ottiene Polska Nagroda Inteligentnego Rozwoju - Anter System\",\"isPartOf\":{\"@id\":\"https:\/\/antersystem.com\/it\/#website\"},\"datePublished\":\"2025-06-11T08:14:00+00:00\",\"dateModified\":\"2026-02-02T09:37:09+00:00\",\"description\":\"Siamo lieti di annunciare che durante l'edizione del 10\u00b0 anniversario dell'Intelligent Development Forum di Uniej\u00f3w, Anter System \u00e8 stata premiata con il\",\"breadcrumb\":{\"@id\":\"https:\/\/antersystem.com\/it\/notizie\/anter-system-gets-polska-nagroda-inteligentnego-rozwoju\/#breadcrumb\"},\"inLanguage\":\"it-IT\",\"potentialAction\":[{\"@type\":\"ReadAction\",\"target\":[\"https:\/\/antersystem.com\/it\/notizie\/anter-system-gets-polska-nagroda-inteligentnego-rozwoju\/\"]}]},{\"@type\":\"BreadcrumbList\",\"@id\":\"https:\/\/antersystem.com\/it\/notizie\/anter-system-gets-polska-nagroda-inteligentnego-rozwoju\/#breadcrumb\",\"itemListElement\":[{\"@type\":\"ListItem\",\"position\":1,\"name\":\"AnterSystem\",\"item\":\"https:\/\/antersystem.com\/it\/\"},{\"@type\":\"ListItem\",\"position\":2,\"name\":\"Notizie\",\"item\":\"https:\/\/antersystem.com\/it\/notizie\/\"},{\"@type\":\"ListItem\",\"position\":3,\"name\":\"Anter System ottiene Polska Nagroda Inteligentnego Rozwoju\"}]},{\"@type\":\"WebSite\",\"@id\":\"https:\/\/antersystem.com\/it\/#website\",\"url\":\"https:\/\/antersystem.com\/it\/\",\"name\":\"Anter System\",\"description\":\"Jeste\u015bmy polskim producentem elastycznych barier ochronnych wykonywanych z polimerowych tworzyw sztucznych. Na rynku krajowym i zagranicznym dzia\u0142amy od ponad 15 lat dbaj\u0105c o zapewnienie bezpiecze\u0144stwa w zak\u0142adach produkcyjnych, magazynach oraz centrach logistycznych.\",\"potentialAction\":[{\"@type\":\"SearchAction\",\"target\":{\"@type\":\"EntryPoint\",\"urlTemplate\":\"https:\/\/antersystem.com\/it\/?s={search_term_string}\"},\"query-input\":{\"@type\":\"PropertyValueSpecification\",\"valueRequired\":true,\"valueName\":\"search_term_string\"}}],\"inLanguage\":\"it-IT\"}]}<\/script>\n<!-- \/ Yoast SEO plugin. -->","yoast_head_json":{"title":"Anter System ottiene Polska Nagroda Inteligentnego Rozwoju - Anter System","description":"Siamo lieti di annunciare che durante l'edizione del 10\u00b0 anniversario dell'Intelligent Development Forum di Uniej\u00f3w, Anter System \u00e8 stata premiata con il","robots":{"index":"index","follow":"follow","max-snippet":"max-snippet:-1","max-image-preview":"max-image-preview:large","max-video-preview":"max-video-preview:-1"},"canonical":"https:\/\/antersystem.com\/it\/notizie\/anter-system-gets-polska-nagroda-inteligentnego-rozwoju\/","og_locale":"it_IT","og_type":"article","og_title":"Anter System ottiene Polska Nagroda Inteligentnego Rozwoju - Anter System","og_description":"Siamo lieti di annunciare che durante l'edizione del 10\u00b0 anniversario dell'Intelligent Development Forum di Uniej\u00f3w, Anter System \u00e8 stata premiata con il","og_url":"https:\/\/antersystem.com\/it\/notizie\/anter-system-gets-polska-nagroda-inteligentnego-rozwoju\/","og_site_name":"Anter System","article_modified_time":"2026-02-02T09:37:09+00:00","twitter_card":"summary_large_image","twitter_misc":{"Tempo di lettura stimato":"2 minuti"},"schema":{"@context":"https:\/\/schema.org","@graph":[{"@type":"WebPage","@id":"https:\/\/antersystem.com\/it\/notizie\/anter-system-gets-polska-nagroda-inteligentnego-rozwoju\/","url":"https:\/\/antersystem.com\/it\/notizie\/anter-system-gets-polska-nagroda-inteligentnego-rozwoju\/","name":"Anter System ottiene Polska Nagroda Inteligentnego Rozwoju - Anter System","isPartOf":{"@id":"https:\/\/antersystem.com\/it\/#website"},"datePublished":"2025-06-11T08:14:00+00:00","dateModified":"2026-02-02T09:37:09+00:00","description":"Siamo lieti di annunciare che durante l'edizione del 10\u00b0 anniversario dell'Intelligent Development Forum di Uniej\u00f3w, Anter System \u00e8 stata premiata con il","breadcrumb":{"@id":"https:\/\/antersystem.com\/it\/notizie\/anter-system-gets-polska-nagroda-inteligentnego-rozwoju\/#breadcrumb"},"inLanguage":"it-IT","potentialAction":[{"@type":"ReadAction","target":["https:\/\/antersystem.com\/it\/notizie\/anter-system-gets-polska-nagroda-inteligentnego-rozwoju\/"]}]},{"@type":"BreadcrumbList","@id":"https:\/\/antersystem.com\/it\/notizie\/anter-system-gets-polska-nagroda-inteligentnego-rozwoju\/#breadcrumb","itemListElement":[{"@type":"ListItem","position":1,"name":"AnterSystem","item":"https:\/\/antersystem.com\/it\/"},{"@type":"ListItem","position":2,"name":"Notizie","item":"https:\/\/antersystem.com\/it\/notizie\/"},{"@type":"ListItem","position":3,"name":"Anter System ottiene Polska Nagroda Inteligentnego Rozwoju"}]},{"@type":"WebSite","@id":"https:\/\/antersystem.com\/it\/#website","url":"https:\/\/antersystem.com\/it\/","name":"Anter System","description":"Jeste\u015bmy polskim producentem elastycznych barier ochronnych wykonywanych z polimerowych tworzyw sztucznych. Na rynku krajowym i zagranicznym dzia\u0142amy od ponad 15 lat dbaj\u0105c o zapewnienie bezpiecze\u0144stwa w zak\u0142adach produkcyjnych, magazynach oraz centrach logistycznych.","potentialAction":[{"@type":"SearchAction","target":{"@type":"EntryPoint","urlTemplate":"https:\/\/antersystem.com\/it\/?s={search_term_string}"},"query-input":{"@type":"PropertyValueSpecification","valueRequired":true,"valueName":"search_term_string"}}],"inLanguage":"it-IT"}]}},"_links":{"self":[{"href":"https:\/\/antersystem.com\/it\/wp-json\/wp\/v2\/pages\/38810","targetHints":{"allow":["GET"]}}],"collection":[{"href":"https:\/\/antersystem.com\/it\/wp-json\/wp\/v2\/pages"}],"about":[{"href":"https:\/\/antersystem.com\/it\/wp-json\/wp\/v2\/types\/page"}],"author":[{"embeddable":true,"href":"https:\/\/antersystem.com\/it\/wp-json\/wp\/v2\/users\/11"}],"replies":[{"embeddable":true,"href":"https:\/\/antersystem.com\/it\/wp-json\/wp\/v2\/comments?post=38810"}],"version-history":[{"count":1,"href":"https:\/\/antersystem.com\/it\/wp-json\/wp\/v2\/pages\/38810\/revisions"}],"predecessor-version":[{"id":38811,"href":"https:\/\/antersystem.com\/it\/wp-json\/wp\/v2\/pages\/38810\/revisions\/38811"}],"up":[{"embeddable":true,"href":"https:\/\/antersystem.com\/it\/wp-json\/wp\/v2\/pages\/30444"}],"wp:attachment":[{"href":"https:\/\/antersystem.com\/it\/wp-json\/wp\/v2\/media?parent=38810"}],"curies":[{"name":"wp","href":"https:\/\/api.w.org\/{rel}","templated":true}]}}