{"id":38963,"date":"2024-12-12T15:46:51","date_gmt":"2024-12-12T14:46:51","guid":{"rendered":"https:\/\/antersystem.com\/notizie\/anter-system-expert-commentary-for-kaizen-magazine\/"},"modified":"2026-02-02T15:23:18","modified_gmt":"2026-02-02T14:23:18","slug":"anter-system-expert-commentary-for-kaizen-magazine","status":"publish","type":"page","link":"https:\/\/antersystem.com\/it\/notizie\/anter-system-expert-commentary-for-kaizen-magazine\/","title":{"rendered":"Commenti dell&#8217;esperto di Anter System per la rivista KAIZEN"},"content":{"rendered":"\n<div class=\"wp-block-columns is-layout-flex wp-container-core-columns-is-layout-9d6595d7 wp-block-columns-is-layout-flex\">\n  \n  <div class=\"wp-block-column is-layout-flow wp-block-column-is-layout-flow\" style=\"flex-basis:10%\"><\/div>\n  \n\n  \n  <div class=\"wp-block-column is-layout-flow wp-block-column-is-layout-flow\">\n    \n    <h2 class=\"wp-block-heading\">Alcune parole di Anter System sulla sicurezza industriale per la rivista <em>Kaizen<\/em> <\/h2>\n    \n\n    \n    <p>Siamo lieti di annunciare che l&#8217;ultimo numero della rivista <em>Kaizen<\/em> (ottobre &#8211; novembre 2024, n. 5(70)\/2024) contiene un commento di <strong>Natalia Margatis, Project Manager di Anter System<\/strong>. Il commento fa parte di un articolo di Micha\u0142 Jurczak intitolato <em>&#8220;Zona di traffico. Come e con cosa proteggere le aree di movimento per le attrezzature e le persone nei capannoni industriali?&#8221;,<\/em> che esamina le <strong>tendenze attuali in materia di sicurezza sul lavoro negli ambienti industriali.<\/strong> L&#8217;articolo passa in rassegna un&#8217;ampia gamma di soluzioni moderne, dai sistemi informatici alle misure di protezione fisica. <\/p>\n    \n\n    \n    <p><strong>Il commento del nostro esperto<\/strong> si concentra sulla crescente consapevolezza della prevenzione degli incidenti nei moderni impianti industriali, sulla collaborazione con gli specialisti della sicurezza sul lavoro durante gli audit di sicurezza e sulle ultime innovazioni del sistema modulare di barriere protettive flessibili sviluppato da Anter System.<\/p>\n    \n\n    \n    <blockquote class=\"wp-block-quote is-layout-flow wp-block-quote-is-layout-flow\">\n      \n      <p><em>&#8220;[&#8230;] Le barriere di sicurezza fisica rimangono un elemento chiave dei sistemi di protezione nei capannoni industriali. Aiutano a minimizzare il rischio di incidenti pedonali e a salvaguardare efficacemente macchine, scaffali, infrastrutture e altre aree esposte a danni. Nella scelta della protezione giusta, il materiale utilizzato gioca un ruolo fondamentale. Vale la pena considerare la durata, la durata di vita, la facilit\u00e0 di manutenzione e l&#8217;estetica delle soluzioni offerte. [&#8230;]      <\/em><\/p>\n      \n\n      \n      <p><em>Questi sistemi moderni offrono anche funzioni aggiuntive come luci di avvertimento o segnali sonori. Sempre pi\u00f9 popolari sono le soluzioni che bloccano i cancelli di sicurezza quando viene rilevato un veicolo in avvicinamento. Tutte queste funzionalit\u00e0 mirano a prevenire le collisioni tra pedoni e veicoli in aree particolarmente esposte all&#8217;impatto&#8221;.  <\/em><\/p>\n      \n      <cite>Natalia Margatis, Project Manager di Anter System, <em>Kaizen<\/em> n. 5(70)\/2024<\/cite>\n    <\/blockquote>\n    \n\n    \n    <p>L&#8217;articolo completo \u00e8 disponibile online all&#8217;indirizzo: <a href=\"https:\/\/www.logistyczny.com\/sklep24\/index.php\/kaizen\/2024\/kaizen-5-2024-e-wydanie.html\"><em>Kaizen 5\/2024 e-edition &#8211; 2024 &#8211; Kaizen<\/em><\/a><\/p>\n    \n\n    \n    <p>L&#8217;ultimo numero include anche molti altri argomenti interessanti per i professionisti del settore industriale &#8211; che riguardano la gestione, l&#8217;automazione, la robotica e l&#8217;intelligenza artificiale nella produzione &#8211; oltre a un interessante articolo di sintesi annuale: <em>&#8220;Cinque tendenze. Nuove tecnologie nella logistica e nell&#8217;industria nel 2024 &#8211; dall&#8217;IA all&#8217;elettrificazione&#8221;.<\/em> Ne consigliamo vivamente la lettura!<\/p>\n    \n\n    \n    <p>&#8212;&#8212;&#8212;&#8212;&#8212;&#8212;&#8212;&#8212;&#8212;&#8212;&#8212;&#8212;-<\/p>\n    \n\n    \n    <p><em>&#8220;Kaizen. A magazine about continuous improvement tools in lean manufacturing&#8221;<\/em> \u00e8 l&#8217;unica pubblicazione polacca dedicata ai coordinatori Kaizen\/Lean e ai professionisti che implementano strategie di gestione snella nelle aziende, con particolare attenzione alle aree e ai processi produttivi. I contenuti complementari includono materiali sull&#8217;infrastruttura hardware utilizzata nelle linee di produzione, soluzioni che automatizzano il flusso di materiali e prodotti e sistemi IT che controllano i processi produttivi. <\/p>\n    \n\n    \n    <p><em>Fonte: <a href=\"https:\/\/www.logistyczny.com\/\">www.logistyczny.com<\/a><\/em><\/p>\n    \n  <\/div>\n  \n\n  \n  <div class=\"wp-block-column is-layout-flow wp-block-column-is-layout-flow\" style=\"flex-basis:10%\"><\/div>\n  \n<\/div>\n","protected":false},"excerpt":{"rendered":"<p>Alcune parole di Anter System sulla sicurezza industriale per la rivista Kaizen Siamo lieti di annunciare che l&#8217;ultimo numero della rivista Kaizen (ottobre &#8211; novembre 2024, n. 5(70)\/2024) contiene un commento di Natalia Margatis, Project Manager di Anter System. Il commento fa parte di un articolo di Micha\u0142 Jurczak intitolato &#8220;Zona di traffico. Come e [&hellip;]<\/p>\n","protected":false},"author":1,"featured_media":0,"parent":30444,"menu_order":0,"comment_status":"closed","ping_status":"closed","template":"","meta":{"inline_featured_image":false,"ngg_post_thumbnail":0,"footnotes":""},"class_list":["post-38963","page","type-page","status-publish","hentry"],"acf":[],"yoast_head":"<!-- This site is optimized with the Yoast SEO plugin v27.0 - https:\/\/yoast.com\/product\/yoast-seo-wordpress\/ -->\n<title>Commenti dell&#039;esperto di Anter System per la rivista KAIZEN - Anter System<\/title>\n<meta name=\"description\" content=\"Zapraszamy do lektury najnowszego wydania magazynu KAIZEN, w kt\u00f3rym ukaza\u0142 si\u0119 komentarz ekspercki firmy Anter System\" \/>\n<meta name=\"robots\" content=\"index, follow, max-snippet:-1, max-image-preview:large, max-video-preview:-1\" \/>\n<link rel=\"canonical\" href=\"https:\/\/antersystem.com\/it\/notizie\/anter-system-expert-commentary-for-kaizen-magazine\/\" \/>\n<meta property=\"og:locale\" content=\"it_IT\" \/>\n<meta property=\"og:type\" content=\"article\" \/>\n<meta property=\"og:title\" content=\"Commenti dell&#039;esperto di Anter System per la rivista KAIZEN - Anter System\" \/>\n<meta property=\"og:description\" content=\"Zapraszamy do lektury najnowszego wydania magazynu KAIZEN, w kt\u00f3rym ukaza\u0142 si\u0119 komentarz ekspercki firmy Anter System\" \/>\n<meta property=\"og:url\" content=\"https:\/\/antersystem.com\/it\/notizie\/anter-system-expert-commentary-for-kaizen-magazine\/\" \/>\n<meta property=\"og:site_name\" content=\"Anter System\" \/>\n<meta property=\"article:modified_time\" content=\"2026-02-02T14:23:18+00:00\" \/>\n<meta name=\"twitter:card\" content=\"summary_large_image\" \/>\n<meta name=\"twitter:label1\" content=\"Tempo di lettura stimato\" \/>\n\t<meta name=\"twitter:data1\" content=\"2 minuti\" \/>\n<script type=\"application\/ld+json\" class=\"yoast-schema-graph\">{\"@context\":\"https:\/\/schema.org\",\"@graph\":[{\"@type\":\"WebPage\",\"@id\":\"https:\/\/antersystem.com\/it\/notizie\/anter-system-expert-commentary-for-kaizen-magazine\/\",\"url\":\"https:\/\/antersystem.com\/it\/notizie\/anter-system-expert-commentary-for-kaizen-magazine\/\",\"name\":\"Commenti dell'esperto di Anter System per la rivista KAIZEN - Anter System\",\"isPartOf\":{\"@id\":\"https:\/\/antersystem.com\/it\/#website\"},\"datePublished\":\"2024-12-12T14:46:51+00:00\",\"dateModified\":\"2026-02-02T14:23:18+00:00\",\"description\":\"Zapraszamy do lektury najnowszego wydania magazynu KAIZEN, w kt\u00f3rym ukaza\u0142 si\u0119 komentarz ekspercki firmy Anter System\",\"breadcrumb\":{\"@id\":\"https:\/\/antersystem.com\/it\/notizie\/anter-system-expert-commentary-for-kaizen-magazine\/#breadcrumb\"},\"inLanguage\":\"it-IT\",\"potentialAction\":[{\"@type\":\"ReadAction\",\"target\":[\"https:\/\/antersystem.com\/it\/notizie\/anter-system-expert-commentary-for-kaizen-magazine\/\"]}]},{\"@type\":\"BreadcrumbList\",\"@id\":\"https:\/\/antersystem.com\/it\/notizie\/anter-system-expert-commentary-for-kaizen-magazine\/#breadcrumb\",\"itemListElement\":[{\"@type\":\"ListItem\",\"position\":1,\"name\":\"AnterSystem\",\"item\":\"https:\/\/antersystem.com\/it\/\"},{\"@type\":\"ListItem\",\"position\":2,\"name\":\"Notizie\",\"item\":\"https:\/\/antersystem.com\/it\/notizie\/\"},{\"@type\":\"ListItem\",\"position\":3,\"name\":\"Commenti dell&#8217;esperto di Anter System per la rivista KAIZEN\"}]},{\"@type\":\"WebSite\",\"@id\":\"https:\/\/antersystem.com\/it\/#website\",\"url\":\"https:\/\/antersystem.com\/it\/\",\"name\":\"Anter System\",\"description\":\"Jeste\u015bmy polskim producentem elastycznych barier ochronnych wykonywanych z polimerowych tworzyw sztucznych. Na rynku krajowym i zagranicznym dzia\u0142amy od ponad 15 lat dbaj\u0105c o zapewnienie bezpiecze\u0144stwa w zak\u0142adach produkcyjnych, magazynach oraz centrach logistycznych.\",\"potentialAction\":[{\"@type\":\"SearchAction\",\"target\":{\"@type\":\"EntryPoint\",\"urlTemplate\":\"https:\/\/antersystem.com\/it\/?s={search_term_string}\"},\"query-input\":{\"@type\":\"PropertyValueSpecification\",\"valueRequired\":true,\"valueName\":\"search_term_string\"}}],\"inLanguage\":\"it-IT\"}]}<\/script>\n<!-- \/ Yoast SEO plugin. -->","yoast_head_json":{"title":"Commenti dell'esperto di Anter System per la rivista KAIZEN - Anter System","description":"Zapraszamy do lektury najnowszego wydania magazynu KAIZEN, w kt\u00f3rym ukaza\u0142 si\u0119 komentarz ekspercki firmy Anter System","robots":{"index":"index","follow":"follow","max-snippet":"max-snippet:-1","max-image-preview":"max-image-preview:large","max-video-preview":"max-video-preview:-1"},"canonical":"https:\/\/antersystem.com\/it\/notizie\/anter-system-expert-commentary-for-kaizen-magazine\/","og_locale":"it_IT","og_type":"article","og_title":"Commenti dell'esperto di Anter System per la rivista KAIZEN - Anter System","og_description":"Zapraszamy do lektury najnowszego wydania magazynu KAIZEN, w kt\u00f3rym ukaza\u0142 si\u0119 komentarz ekspercki firmy Anter System","og_url":"https:\/\/antersystem.com\/it\/notizie\/anter-system-expert-commentary-for-kaizen-magazine\/","og_site_name":"Anter System","article_modified_time":"2026-02-02T14:23:18+00:00","twitter_card":"summary_large_image","twitter_misc":{"Tempo di lettura stimato":"2 minuti"},"schema":{"@context":"https:\/\/schema.org","@graph":[{"@type":"WebPage","@id":"https:\/\/antersystem.com\/it\/notizie\/anter-system-expert-commentary-for-kaizen-magazine\/","url":"https:\/\/antersystem.com\/it\/notizie\/anter-system-expert-commentary-for-kaizen-magazine\/","name":"Commenti dell'esperto di Anter System per la rivista KAIZEN - Anter System","isPartOf":{"@id":"https:\/\/antersystem.com\/it\/#website"},"datePublished":"2024-12-12T14:46:51+00:00","dateModified":"2026-02-02T14:23:18+00:00","description":"Zapraszamy do lektury najnowszego wydania magazynu KAIZEN, w kt\u00f3rym ukaza\u0142 si\u0119 komentarz ekspercki firmy Anter System","breadcrumb":{"@id":"https:\/\/antersystem.com\/it\/notizie\/anter-system-expert-commentary-for-kaizen-magazine\/#breadcrumb"},"inLanguage":"it-IT","potentialAction":[{"@type":"ReadAction","target":["https:\/\/antersystem.com\/it\/notizie\/anter-system-expert-commentary-for-kaizen-magazine\/"]}]},{"@type":"BreadcrumbList","@id":"https:\/\/antersystem.com\/it\/notizie\/anter-system-expert-commentary-for-kaizen-magazine\/#breadcrumb","itemListElement":[{"@type":"ListItem","position":1,"name":"AnterSystem","item":"https:\/\/antersystem.com\/it\/"},{"@type":"ListItem","position":2,"name":"Notizie","item":"https:\/\/antersystem.com\/it\/notizie\/"},{"@type":"ListItem","position":3,"name":"Commenti dell&#8217;esperto di Anter System per la rivista KAIZEN"}]},{"@type":"WebSite","@id":"https:\/\/antersystem.com\/it\/#website","url":"https:\/\/antersystem.com\/it\/","name":"Anter System","description":"Jeste\u015bmy polskim producentem elastycznych barier ochronnych wykonywanych z polimerowych tworzyw sztucznych. Na rynku krajowym i zagranicznym dzia\u0142amy od ponad 15 lat dbaj\u0105c o zapewnienie bezpiecze\u0144stwa w zak\u0142adach produkcyjnych, magazynach oraz centrach logistycznych.","potentialAction":[{"@type":"SearchAction","target":{"@type":"EntryPoint","urlTemplate":"https:\/\/antersystem.com\/it\/?s={search_term_string}"},"query-input":{"@type":"PropertyValueSpecification","valueRequired":true,"valueName":"search_term_string"}}],"inLanguage":"it-IT"}]}},"_links":{"self":[{"href":"https:\/\/antersystem.com\/it\/wp-json\/wp\/v2\/pages\/38963","targetHints":{"allow":["GET"]}}],"collection":[{"href":"https:\/\/antersystem.com\/it\/wp-json\/wp\/v2\/pages"}],"about":[{"href":"https:\/\/antersystem.com\/it\/wp-json\/wp\/v2\/types\/page"}],"author":[{"embeddable":true,"href":"https:\/\/antersystem.com\/it\/wp-json\/wp\/v2\/users\/1"}],"replies":[{"embeddable":true,"href":"https:\/\/antersystem.com\/it\/wp-json\/wp\/v2\/comments?post=38963"}],"version-history":[{"count":1,"href":"https:\/\/antersystem.com\/it\/wp-json\/wp\/v2\/pages\/38963\/revisions"}],"predecessor-version":[{"id":38965,"href":"https:\/\/antersystem.com\/it\/wp-json\/wp\/v2\/pages\/38963\/revisions\/38965"}],"up":[{"embeddable":true,"href":"https:\/\/antersystem.com\/it\/wp-json\/wp\/v2\/pages\/30444"}],"wp:attachment":[{"href":"https:\/\/antersystem.com\/it\/wp-json\/wp\/v2\/media?parent=38963"}],"curies":[{"name":"wp","href":"https:\/\/api.w.org\/{rel}","templated":true}]}}