{"id":38984,"date":"2025-06-09T08:46:29","date_gmt":"2025-06-09T06:46:29","guid":{"rendered":"https:\/\/antersystem.com\/notizie\/trade-fairs-modernlog-and-itm-industry-europe-2025\/"},"modified":"2026-02-02T15:23:25","modified_gmt":"2026-02-02T14:23:25","slug":"trade-fairs-modernlog-and-itm-industry-europe-2025","status":"publish","type":"page","link":"https:\/\/antersystem.com\/it\/notizie\/trade-fairs-modernlog-and-itm-industry-europe-2025\/","title":{"rendered":"Fiere Modernlog e ITM Industry Europe 2025"},"content":{"rendered":"\n<div class=\"wp-block-columns is-layout-flex wp-container-core-columns-is-layout-9d6595d7 wp-block-columns-is-layout-flex\">\n<div class=\"wp-block-column is-layout-flow wp-block-column-is-layout-flow\">\n<h2 class=\"wp-block-heading\">Rapporto sulle Fiere dell&#8217;Industria e della Logistica di Pozna\u0144<\/h2>\n\n\n\n<div class=\"wp-block-columns is-layout-flex wp-container-core-columns-is-layout-9d6595d7 wp-block-columns-is-layout-flex\">\n<div class=\"wp-block-column is-layout-flow wp-block-column-is-layout-flow\" style=\"flex-basis:10%\"><\/div>\n\n\n\n<div class=\"wp-block-column is-layout-flow wp-block-column-is-layout-flow\">\n<p>Dal 3 al 5 giugno 2025 abbiamo partecipato a due importanti eventi del settore: Modernlog e ITM Industry Europe. Entrambi gli eventi, tenutisi presso la Fiera Internazionale di Pozna\u0144, hanno attirato migliaia di professionisti alla ricerca di soluzioni moderne per l&#8217;industria, la logistica e l&#8217;automazione. Quest&#8217;anno, i nostri prodotti potevano essere visti in due spazi unici: la Safety Zone durante ITM Industry Europe e l&#8217;area In4Log a Modernlog. Entrambe le zone sono state il fulcro di dimostrazioni dinamiche, di dimostrazioni pratiche e di scambi di conoscenze nello spirito dell&#8217;Industria 4.0.   <\/p>\n\n\n\n<div style=\"height:30px\" aria-hidden=\"true\" class=\"wp-block-spacer\"><\/div>\n\n\n\n<div class=\"wp-block-media-text is-stacked-on-mobile is-image-fill-element\" style=\"grid-template-columns:40% auto\"><figure class=\"wp-block-media-text__media\"><img loading=\"lazy\" decoding=\"async\" width=\"683\" height=\"1024\" src=\"https:\/\/antersystem.com\/wp-content\/uploads\/modernlog-2025-011-683x1024.png\" alt=\"\" class=\"wp-image-6172 size-full\" style=\"object-position:50% 54%\" srcset=\"https:\/\/antersystem.com\/wp-content\/uploads\/modernlog-2025-011-683x1024.png 683w, https:\/\/antersystem.com\/wp-content\/uploads\/modernlog-2025-011-200x300.png 200w, https:\/\/antersystem.com\/wp-content\/uploads\/modernlog-2025-011-768x1152.png 768w, https:\/\/antersystem.com\/wp-content\/uploads\/modernlog-2025-011-450x675.png 450w, https:\/\/antersystem.com\/wp-content\/uploads\/modernlog-2025-011-330x495.png 330w, https:\/\/antersystem.com\/wp-content\/uploads\/modernlog-2025-011.png 800w\" sizes=\"auto, (max-width: 683px) 100vw, 683px\" \/><\/figure><div class=\"wp-block-media-text__content\">\n<h3 class=\"wp-block-heading\">La logistica del futuro nella zona In4Log &#8211; Modernlog 2025<\/h3>\n\n\n\n<p>Nella zona In4Log, i visitatori hanno potuto seguire l&#8217;intero processo logistico: dal buffering delle merci, al picking e all&#8217;imballaggio automatizzati, fino alla preparazione dei pallet per la spedizione. Le nostre barriere di sicurezza flessibili, integrate con sistemi di rilevamento e di segnalazione, hanno svolto un ruolo fondamentale nella messa in sicurezza dell&#8217;intero spazio logistico. Abbiamo dimostrato come le moderne tecnologie di protezione possano lavorare in armonia con l&#8217;automazione e la robotica, garantendo operazioni fluide e sicure.  <\/p>\n<\/div><\/div>\n\n\n\n<div style=\"height:30px\" aria-hidden=\"true\" class=\"wp-block-spacer\"><\/div>\n\n\n\n<div class=\"wp-block-media-text has-media-on-the-right is-stacked-on-mobile\" style=\"grid-template-columns:auto 40%\"><div class=\"wp-block-media-text__content\" style=\"padding-left: 0px\">\n\n<h3 class=\"wp-block-heading\">Innovazioni nella zona di sicurezza &#8211; ITM Industry Europe<\/h3>\n\n\n<p>Nella Safety Zone, insieme ad altri leader nella protezione dei processi e delle persone, abbiamo presentato soluzioni innovative per la sicurezza degli spazi di produzione e di magazzino. Uno dei punti salienti del programma sono stati i &#8220;crash test&#8221;, che hanno dimostrato come le misure di protezione adeguate possano ridurre al minimo i rischi di incidente e salvaguardare la salute dei lavoratori. <\/p>\n\n<\/div><figure class=\"wp-block-media-text__media\"><img loading=\"lazy\" decoding=\"async\" width=\"1024\" height=\"683\" src=\"https:\/\/antersystem.com\/wp-content\/uploads\/ITM-2025-002-1024x683.png\" alt=\"\" class=\"wp-image-6158 size-full\" srcset=\"https:\/\/antersystem.com\/wp-content\/uploads\/ITM-2025-002-1024x683.png 1024w, https:\/\/antersystem.com\/wp-content\/uploads\/ITM-2025-002-300x200.png 300w, https:\/\/antersystem.com\/wp-content\/uploads\/ITM-2025-002-768x512.png 768w, https:\/\/antersystem.com\/wp-content\/uploads\/ITM-2025-002-450x300.png 450w, https:\/\/antersystem.com\/wp-content\/uploads\/ITM-2025-002-330x220.png 330w, https:\/\/antersystem.com\/wp-content\/uploads\/ITM-2025-002.png 1200w\" sizes=\"auto, (max-width: 1024px) 100vw, 1024px\" \/><\/figure><\/div>\n\n\n\n<div style=\"height:30px\" aria-hidden=\"true\" class=\"wp-block-spacer\"><\/div>\n\n\n\n<div class=\"wp-block-media-text is-stacked-on-mobile is-image-fill-element\" style=\"grid-template-columns:40% auto\"><figure class=\"wp-block-media-text__media\"><img loading=\"lazy\" decoding=\"async\" width=\"683\" height=\"1024\" src=\"https:\/\/antersystem.com\/wp-content\/uploads\/modernlog-2025-012-683x1024.png\" alt=\"\" class=\"wp-image-6168 size-full\" style=\"object-position:51% 48%\" srcset=\"https:\/\/antersystem.com\/wp-content\/uploads\/modernlog-2025-012-683x1024.png 683w, https:\/\/antersystem.com\/wp-content\/uploads\/modernlog-2025-012-200x300.png 200w, https:\/\/antersystem.com\/wp-content\/uploads\/modernlog-2025-012-768x1152.png 768w, https:\/\/antersystem.com\/wp-content\/uploads\/modernlog-2025-012-450x675.png 450w, https:\/\/antersystem.com\/wp-content\/uploads\/modernlog-2025-012-330x495.png 330w, https:\/\/antersystem.com\/wp-content\/uploads\/modernlog-2025-012.png 800w\" sizes=\"auto, (max-width: 683px) 100vw, 683px\" \/><\/figure><div class=\"wp-block-media-text__content\">\n<h3 class=\"wp-block-heading\">Un&#8217;opportunit\u00e0 per connettersi<\/h3>\n\n\n\n<p>Accanto a entrambe le zone dimostrative, abbiamo creato degli spazi in cui i visitatori potevano vedere da vicino i prodotti Anter System. Queste aree hanno rappresentato l&#8217;ambiente perfetto per ispirare conversazioni sulle soluzioni che supportano la sicurezza nell&#8217;industria. <\/p>\n\n\n\n<p>L&#8217;attrazione principale dei nostri stand, come sempre, sono stati i nuovi prodotti, tra cui le barriere GATE PROTECTOR con sistema di allarme, presentate a Pozna\u0144 per la prima volta. Progettati per proteggere cancelli, soppalchi e infrastrutture basse, i Gate Protector sono dotati di spie luminose che segnalano il pericolo. I cancelli sono dotati di sistemi di rilevamento avanzati che identificano un veicolo in avvicinamento che entra nella zona di pericolo e attivano istantaneamente intense luci di avvertimento rosse, visibili sia all&#8217;altezza degli occhi dei pedoni che degli operatori dei carrelli elevatori.  <\/p>\n<\/div><\/div>\n\n\n\n<div style=\"height:30px\" aria-hidden=\"true\" class=\"wp-block-spacer\"><\/div>\n\n\n\n<div class=\"wp-block-media-text has-media-on-the-right is-stacked-on-mobile is-image-fill-element\" style=\"grid-template-columns:auto 35%\"><div class=\"wp-block-media-text__content\" style=\"padding-left: 0px\">\n\n<h3 class=\"wp-block-heading\">Medaglia d&#8217;oro al Modernlog 2025<\/h3>\n\n\n<p>Siamo orgogliosi di annunciare che il nostro prodotto &#8211; l&#8217;Intelligent SGA GATE PROTECTOR &#8211; \u00e8 stato premiato con la Medaglia d&#8217;Oro al Modernlog 2025. La giuria del concorso ha riconosciuto questa soluzione nella categoria dei prodotti per la sicurezza sul lavoro. SGA GATE PROTECTOR non \u00e8 solo una protezione fisica per le zone condivise da pedoni e veicoli: \u00e8 un sistema intelligente che risponde attivamente ai potenziali pericoli. Grazie al rilevamento avanzato combinato con un sistema di segnalazione luminosa attiva e un blocco del passaggio, il cancello riduce in modo significativo il rischio di collisioni, garantendo la coesistenza sicura di persone e macchine in ambienti di lavoro dinamici. La Medaglia d&#8217;Oro \u00e8 un grande onore e una motivazione per continuare a sviluppare tecnologie che migliorino la sicurezza sul posto di lavoro. Ulteriori informazioni sul cancello sono disponibili <a href=\"https:\/\/antersystem.com\/produkty\/elastyczna-bariera-gate-protector-with-sga-gate\/\"><strong>qui<\/strong><\/a>.     <\/p>\n\n<\/div><figure class=\"wp-block-media-text__media\"><img loading=\"lazy\" decoding=\"async\" width=\"683\" height=\"1024\" src=\"https:\/\/antersystem.com\/wp-content\/uploads\/modernlog-2025-009-683x1024.png\" alt=\"\" class=\"wp-image-6157 size-full\" style=\"object-position:39% 51%\" srcset=\"https:\/\/antersystem.com\/wp-content\/uploads\/modernlog-2025-009-683x1024.png 683w, https:\/\/antersystem.com\/wp-content\/uploads\/modernlog-2025-009-200x300.png 200w, https:\/\/antersystem.com\/wp-content\/uploads\/modernlog-2025-009-768x1152.png 768w, https:\/\/antersystem.com\/wp-content\/uploads\/modernlog-2025-009-450x675.png 450w, https:\/\/antersystem.com\/wp-content\/uploads\/modernlog-2025-009-330x495.png 330w, https:\/\/antersystem.com\/wp-content\/uploads\/modernlog-2025-009.png 800w\" sizes=\"auto, (max-width: 683px) 100vw, 683px\" \/><\/figure><\/div>\n\n\n\n<div style=\"height:30px\" aria-hidden=\"true\" class=\"wp-block-spacer\"><\/div>\n\n\n\n<figure class=\"wp-block-embed is-type-video is-provider-youtube wp-block-embed-youtube wp-embed-aspect-16-9 wp-has-aspect-ratio\"><div class=\"wp-block-embed__wrapper\" style=\"text-align: center;\">\n<iframe loading=\"lazy\" title=\"Targi Modernlog i ITM Industry Europe 2025\" width=\"500\" height=\"281\" src=\"https:\/\/www.youtube.com\/embed\/ofugWHZvKVU?feature=oembed\" frameborder=\"0\" allow=\"accelerometer; autoplay; clipboard-write; encrypted-media; gyroscope; picture-in-picture; web-share\" referrerpolicy=\"strict-origin-when-cross-origin\" allowfullscreen><\/iframe>\n<\/div><\/figure>\n\n\n<p>Desideriamo ringraziare tutti coloro che hanno visitato i nostri stand. Il vostro interesse, le numerose domande e le discussioni sono di grande valore per noi. Siamo lieti di aver avuto l&#8217;opportunit\u00e0 di presentare le nostre soluzioni in un contesto cos\u00ec professionale e innovativo.  <\/p>\n\n\n\n<p>Ci vediamo alle prossime fiere!<\/p>\n<\/div>\n\n\n\n<div class=\"wp-block-column is-layout-flow wp-block-column-is-layout-flow\" style=\"flex-basis:10%\"><\/div>\n<\/div>\n\n\n\nngg_shortcode_0_placeholder\n<\/div>\n<\/div>\n","protected":false},"excerpt":{"rendered":"<p>Rapporto sulle Fiere dell&#8217;Industria e della Logistica di Pozna\u0144 Dal 3 al 5 giugno 2025 abbiamo partecipato a due importanti eventi del settore: Modernlog e ITM Industry Europe. Entrambi gli eventi, tenutisi presso la Fiera Internazionale di Pozna\u0144, hanno attirato migliaia di professionisti alla ricerca di soluzioni moderne per l&#8217;industria, la logistica e l&#8217;automazione. Quest&#8217;anno, [&hellip;]<\/p>\n","protected":false},"author":11,"featured_media":0,"parent":30444,"menu_order":0,"comment_status":"closed","ping_status":"closed","template":"","meta":{"inline_featured_image":false,"ngg_post_thumbnail":0,"footnotes":""},"class_list":["post-38984","page","type-page","status-publish","hentry"],"acf":[],"yoast_head":"<!-- This site is optimized with the Yoast SEO plugin v27.0 - https:\/\/yoast.com\/product\/yoast-seo-wordpress\/ -->\n<title>Fiere Modernlog e ITM Industry Europe 2025 - Anter System<\/title>\n<meta name=\"description\" content=\"Rapporto sulle Fiere dell&#039;Industria e della Logistica di Pozna\u0144 Dal 3 al 5 giugno 2025 abbiamo partecipato a due importanti eventi del settore: Modernlog\" \/>\n<meta name=\"robots\" content=\"index, follow, max-snippet:-1, max-image-preview:large, max-video-preview:-1\" \/>\n<link rel=\"canonical\" href=\"https:\/\/antersystem.com\/it\/notizie\/trade-fairs-modernlog-and-itm-industry-europe-2025\/\" \/>\n<meta property=\"og:locale\" content=\"it_IT\" \/>\n<meta property=\"og:type\" content=\"article\" \/>\n<meta property=\"og:title\" content=\"Fiere Modernlog e ITM Industry Europe 2025 - Anter System\" \/>\n<meta property=\"og:description\" content=\"Rapporto sulle Fiere dell&#039;Industria e della Logistica di Pozna\u0144 Dal 3 al 5 giugno 2025 abbiamo partecipato a due importanti eventi del settore: Modernlog\" \/>\n<meta property=\"og:url\" content=\"https:\/\/antersystem.com\/it\/notizie\/trade-fairs-modernlog-and-itm-industry-europe-2025\/\" \/>\n<meta property=\"og:site_name\" content=\"Anter System\" \/>\n<meta property=\"article:modified_time\" content=\"2026-02-02T14:23:25+00:00\" \/>\n<meta property=\"og:image\" content=\"https:\/\/antersystem.com\/wp-content\/uploads\/modernlog-2025-011-683x1024.png\" \/>\n<meta name=\"twitter:card\" content=\"summary_large_image\" \/>\n<meta name=\"twitter:label1\" content=\"Tempo di lettura stimato\" \/>\n\t<meta name=\"twitter:data1\" content=\"3 minuti\" \/>\n<script type=\"application\/ld+json\" class=\"yoast-schema-graph\">{\"@context\":\"https:\/\/schema.org\",\"@graph\":[{\"@type\":\"WebPage\",\"@id\":\"https:\/\/antersystem.com\/it\/notizie\/trade-fairs-modernlog-and-itm-industry-europe-2025\/\",\"url\":\"https:\/\/antersystem.com\/it\/notizie\/trade-fairs-modernlog-and-itm-industry-europe-2025\/\",\"name\":\"Fiere Modernlog e ITM Industry Europe 2025 - Anter System\",\"isPartOf\":{\"@id\":\"https:\/\/antersystem.com\/it\/#website\"},\"primaryImageOfPage\":{\"@id\":\"https:\/\/antersystem.com\/it\/notizie\/trade-fairs-modernlog-and-itm-industry-europe-2025\/#primaryimage\"},\"image\":{\"@id\":\"https:\/\/antersystem.com\/it\/notizie\/trade-fairs-modernlog-and-itm-industry-europe-2025\/#primaryimage\"},\"thumbnailUrl\":\"https:\/\/antersystem.com\/wp-content\/uploads\/modernlog-2025-011-683x1024.png\",\"datePublished\":\"2025-06-09T06:46:29+00:00\",\"dateModified\":\"2026-02-02T14:23:25+00:00\",\"description\":\"Rapporto sulle Fiere dell'Industria e della Logistica di Pozna\u0144 Dal 3 al 5 giugno 2025 abbiamo partecipato a due importanti eventi del settore: Modernlog\",\"breadcrumb\":{\"@id\":\"https:\/\/antersystem.com\/it\/notizie\/trade-fairs-modernlog-and-itm-industry-europe-2025\/#breadcrumb\"},\"inLanguage\":\"it-IT\",\"potentialAction\":[{\"@type\":\"ReadAction\",\"target\":[\"https:\/\/antersystem.com\/it\/notizie\/trade-fairs-modernlog-and-itm-industry-europe-2025\/\"]}]},{\"@type\":\"ImageObject\",\"inLanguage\":\"it-IT\",\"@id\":\"https:\/\/antersystem.com\/it\/notizie\/trade-fairs-modernlog-and-itm-industry-europe-2025\/#primaryimage\",\"url\":\"https:\/\/antersystem.com\/wp-content\/uploads\/modernlog-2025-011-683x1024.png\",\"contentUrl\":\"https:\/\/antersystem.com\/wp-content\/uploads\/modernlog-2025-011-683x1024.png\"},{\"@type\":\"BreadcrumbList\",\"@id\":\"https:\/\/antersystem.com\/it\/notizie\/trade-fairs-modernlog-and-itm-industry-europe-2025\/#breadcrumb\",\"itemListElement\":[{\"@type\":\"ListItem\",\"position\":1,\"name\":\"AnterSystem\",\"item\":\"https:\/\/antersystem.com\/it\/\"},{\"@type\":\"ListItem\",\"position\":2,\"name\":\"Notizie\",\"item\":\"https:\/\/antersystem.com\/it\/notizie\/\"},{\"@type\":\"ListItem\",\"position\":3,\"name\":\"Fiere Modernlog e ITM Industry Europe 2025\"}]},{\"@type\":\"WebSite\",\"@id\":\"https:\/\/antersystem.com\/it\/#website\",\"url\":\"https:\/\/antersystem.com\/it\/\",\"name\":\"Anter System\",\"description\":\"Jeste\u015bmy polskim producentem elastycznych barier ochronnych wykonywanych z polimerowych tworzyw sztucznych. Na rynku krajowym i zagranicznym dzia\u0142amy od ponad 15 lat dbaj\u0105c o zapewnienie bezpiecze\u0144stwa w zak\u0142adach produkcyjnych, magazynach oraz centrach logistycznych.\",\"potentialAction\":[{\"@type\":\"SearchAction\",\"target\":{\"@type\":\"EntryPoint\",\"urlTemplate\":\"https:\/\/antersystem.com\/it\/?s={search_term_string}\"},\"query-input\":{\"@type\":\"PropertyValueSpecification\",\"valueRequired\":true,\"valueName\":\"search_term_string\"}}],\"inLanguage\":\"it-IT\"}]}<\/script>\n<!-- \/ Yoast SEO plugin. -->","yoast_head_json":{"title":"Fiere Modernlog e ITM Industry Europe 2025 - Anter System","description":"Rapporto sulle Fiere dell'Industria e della Logistica di Pozna\u0144 Dal 3 al 5 giugno 2025 abbiamo partecipato a due importanti eventi del settore: Modernlog","robots":{"index":"index","follow":"follow","max-snippet":"max-snippet:-1","max-image-preview":"max-image-preview:large","max-video-preview":"max-video-preview:-1"},"canonical":"https:\/\/antersystem.com\/it\/notizie\/trade-fairs-modernlog-and-itm-industry-europe-2025\/","og_locale":"it_IT","og_type":"article","og_title":"Fiere Modernlog e ITM Industry Europe 2025 - Anter System","og_description":"Rapporto sulle Fiere dell'Industria e della Logistica di Pozna\u0144 Dal 3 al 5 giugno 2025 abbiamo partecipato a due importanti eventi del settore: Modernlog","og_url":"https:\/\/antersystem.com\/it\/notizie\/trade-fairs-modernlog-and-itm-industry-europe-2025\/","og_site_name":"Anter System","article_modified_time":"2026-02-02T14:23:25+00:00","og_image":[{"url":"https:\/\/antersystem.com\/wp-content\/uploads\/modernlog-2025-011-683x1024.png","type":"","width":"","height":""}],"twitter_card":"summary_large_image","twitter_misc":{"Tempo di lettura stimato":"3 minuti"},"schema":{"@context":"https:\/\/schema.org","@graph":[{"@type":"WebPage","@id":"https:\/\/antersystem.com\/it\/notizie\/trade-fairs-modernlog-and-itm-industry-europe-2025\/","url":"https:\/\/antersystem.com\/it\/notizie\/trade-fairs-modernlog-and-itm-industry-europe-2025\/","name":"Fiere Modernlog e ITM Industry Europe 2025 - Anter System","isPartOf":{"@id":"https:\/\/antersystem.com\/it\/#website"},"primaryImageOfPage":{"@id":"https:\/\/antersystem.com\/it\/notizie\/trade-fairs-modernlog-and-itm-industry-europe-2025\/#primaryimage"},"image":{"@id":"https:\/\/antersystem.com\/it\/notizie\/trade-fairs-modernlog-and-itm-industry-europe-2025\/#primaryimage"},"thumbnailUrl":"https:\/\/antersystem.com\/wp-content\/uploads\/modernlog-2025-011-683x1024.png","datePublished":"2025-06-09T06:46:29+00:00","dateModified":"2026-02-02T14:23:25+00:00","description":"Rapporto sulle Fiere dell'Industria e della Logistica di Pozna\u0144 Dal 3 al 5 giugno 2025 abbiamo partecipato a due importanti eventi del settore: Modernlog","breadcrumb":{"@id":"https:\/\/antersystem.com\/it\/notizie\/trade-fairs-modernlog-and-itm-industry-europe-2025\/#breadcrumb"},"inLanguage":"it-IT","potentialAction":[{"@type":"ReadAction","target":["https:\/\/antersystem.com\/it\/notizie\/trade-fairs-modernlog-and-itm-industry-europe-2025\/"]}]},{"@type":"ImageObject","inLanguage":"it-IT","@id":"https:\/\/antersystem.com\/it\/notizie\/trade-fairs-modernlog-and-itm-industry-europe-2025\/#primaryimage","url":"https:\/\/antersystem.com\/wp-content\/uploads\/modernlog-2025-011-683x1024.png","contentUrl":"https:\/\/antersystem.com\/wp-content\/uploads\/modernlog-2025-011-683x1024.png"},{"@type":"BreadcrumbList","@id":"https:\/\/antersystem.com\/it\/notizie\/trade-fairs-modernlog-and-itm-industry-europe-2025\/#breadcrumb","itemListElement":[{"@type":"ListItem","position":1,"name":"AnterSystem","item":"https:\/\/antersystem.com\/it\/"},{"@type":"ListItem","position":2,"name":"Notizie","item":"https:\/\/antersystem.com\/it\/notizie\/"},{"@type":"ListItem","position":3,"name":"Fiere Modernlog e ITM Industry Europe 2025"}]},{"@type":"WebSite","@id":"https:\/\/antersystem.com\/it\/#website","url":"https:\/\/antersystem.com\/it\/","name":"Anter System","description":"Jeste\u015bmy polskim producentem elastycznych barier ochronnych wykonywanych z polimerowych tworzyw sztucznych. Na rynku krajowym i zagranicznym dzia\u0142amy od ponad 15 lat dbaj\u0105c o zapewnienie bezpiecze\u0144stwa w zak\u0142adach produkcyjnych, magazynach oraz centrach logistycznych.","potentialAction":[{"@type":"SearchAction","target":{"@type":"EntryPoint","urlTemplate":"https:\/\/antersystem.com\/it\/?s={search_term_string}"},"query-input":{"@type":"PropertyValueSpecification","valueRequired":true,"valueName":"search_term_string"}}],"inLanguage":"it-IT"}]}},"_links":{"self":[{"href":"https:\/\/antersystem.com\/it\/wp-json\/wp\/v2\/pages\/38984","targetHints":{"allow":["GET"]}}],"collection":[{"href":"https:\/\/antersystem.com\/it\/wp-json\/wp\/v2\/pages"}],"about":[{"href":"https:\/\/antersystem.com\/it\/wp-json\/wp\/v2\/types\/page"}],"author":[{"embeddable":true,"href":"https:\/\/antersystem.com\/it\/wp-json\/wp\/v2\/users\/11"}],"replies":[{"embeddable":true,"href":"https:\/\/antersystem.com\/it\/wp-json\/wp\/v2\/comments?post=38984"}],"version-history":[{"count":1,"href":"https:\/\/antersystem.com\/it\/wp-json\/wp\/v2\/pages\/38984\/revisions"}],"predecessor-version":[{"id":38986,"href":"https:\/\/antersystem.com\/it\/wp-json\/wp\/v2\/pages\/38984\/revisions\/38986"}],"up":[{"embeddable":true,"href":"https:\/\/antersystem.com\/it\/wp-json\/wp\/v2\/pages\/30444"}],"wp:attachment":[{"href":"https:\/\/antersystem.com\/it\/wp-json\/wp\/v2\/media?parent=38984"}],"curies":[{"name":"wp","href":"https:\/\/api.w.org\/{rel}","templated":true}]}}