{"id":39032,"date":"2023-10-11T15:11:24","date_gmt":"2023-10-11T13:11:24","guid":{"rendered":"https:\/\/antersystem.com\/notizie\/product-of-the-year-2019\/"},"modified":"2026-02-02T15:24:50","modified_gmt":"2026-02-02T14:24:50","slug":"product-of-the-year-2019","status":"publish","type":"page","link":"https:\/\/antersystem.com\/it\/notizie\/product-of-the-year-2019\/","title":{"rendered":"Prodotto dell&#8217;anno 2019"},"content":{"rendered":"\n<div class=\"wp-block-columns is-layout-flex wp-container-core-columns-is-layout-9d6595d7 wp-block-columns-is-layout-flex\">\n<div class=\"wp-block-column is-layout-flow wp-block-column-is-layout-flow\" style=\"flex-basis:10%\"><\/div>\n\n\n\n<div class=\"wp-block-column is-layout-flow wp-block-column-is-layout-flow\">\n<h3 class=\"wp-block-heading\">Il supporto per semirimorchi JST 1.2 vince il sondaggio Engineering &amp; Maintenance &#8211; Prodotto dell&#8217;anno 2019<\/h3>\n\n\n\n<p style=\"text-align: left;\">Il supporto per semirimorchio JST 1.2 \u00e8 stato progettato per garantire la sicurezza durante le operazioni di carico e scarico delle merci da un semirimorchio senza l&#8217;utilizzo di una motrice. Il supporto impedisce efficacemente al rimorchio di inclinarsi o ribaltarsi, riducendo al minimo il rischio di incidenti. <strong>I vantaggi di investire in soluzioni di sicurezza adeguate nelle stazioni di carico sono stati riconosciuti nel sondaggio di Engineering &amp; Maintenance <a href=\"https:\/\/utrzymanieruchu.pl\/konkurs-produkt-roku-2019-rozstrzygniety\/\">e il supporto per rimorchi JST 1.2 ha ricevuto il premio Prodotto dell&#8217;anno 2019 nella categoria: Attrezzature per il trasporto.<\/a><\/strong> <\/p>\n<p style=\"text-align: left;\">Il prodotto \u00e8 dotato di un sistema autolivellante e la sua altezza pu\u00f2 essere regolata in base alle esigenze. Il sistema di mobilit\u00e0 permette di posizionare facilmente il supporto sotto il semirimorchio. I produttori di rimorchi raccomandano l&#8217;uso di supporti quando si caricano senza motrice; inoltre, su alcuni semirimorchi sono presenti adesivi che raccomandano l&#8217;uso di supporti aggiuntivi.  <\/p>\n\n\n<div class=\"wp-block-image\">\n<figure class=\"aligncenter size-full is-resized\"><img loading=\"lazy\" decoding=\"async\" src=\"https:\/\/antersystem.com\/wp-content\/uploads\/Produkt-roku-2019-1.png\" alt=\"\" class=\"wp-image-2832\" style=\"width:485px;height:451px\" width=\"485\" height=\"451\" srcset=\"https:\/\/antersystem.com\/wp-content\/uploads\/Produkt-roku-2019-1.png 648w, https:\/\/antersystem.com\/wp-content\/uploads\/Produkt-roku-2019-1-300x279.png 300w, https:\/\/antersystem.com\/wp-content\/uploads\/Produkt-roku-2019-1-450x419.png 450w, https:\/\/antersystem.com\/wp-content\/uploads\/Produkt-roku-2019-1-330x307.png 330w\" sizes=\"auto, (max-width: 485px) 100vw, 485px\" \/><\/figure><\/div><\/div>\n\n\n\n<div class=\"wp-block-column is-layout-flow wp-block-column-is-layout-flow\" style=\"flex-basis:10%\"><\/div>\n<\/div>\n","protected":false},"excerpt":{"rendered":"<p>Il supporto per semirimorchi JST 1.2 vince il sondaggio Engineering &amp; Maintenance &#8211; Prodotto dell&#8217;anno 2019 Il supporto per semirimorchio JST 1.2 \u00e8 stato progettato per garantire la sicurezza durante le operazioni di carico e scarico delle merci da un semirimorchio senza l&#8217;utilizzo di una motrice. Il supporto impedisce efficacemente al rimorchio di inclinarsi o [&hellip;]<\/p>\n","protected":false},"author":1,"featured_media":0,"parent":30444,"menu_order":0,"comment_status":"closed","ping_status":"closed","template":"","meta":{"inline_featured_image":false,"ngg_post_thumbnail":0,"footnotes":""},"class_list":["post-39032","page","type-page","status-publish","hentry"],"acf":[],"yoast_head":"<!-- This site is optimized with the Yoast SEO plugin v27.0 - https:\/\/yoast.com\/product\/yoast-seo-wordpress\/ -->\n<title>Prodotto dell&#039;anno 2019 - Anter System<\/title>\n<meta name=\"description\" content=\"Il supporto per semirimorchi JST 1.2 vince il sondaggio Engineering &amp; Maintenance - Prodotto dell&#039;anno 2019 Il supporto per semirimorchio JST 1.2 \u00e8\" \/>\n<meta name=\"robots\" content=\"index, follow, max-snippet:-1, max-image-preview:large, max-video-preview:-1\" \/>\n<link rel=\"canonical\" href=\"https:\/\/antersystem.com\/it\/notizie\/product-of-the-year-2019\/\" \/>\n<meta property=\"og:locale\" content=\"it_IT\" \/>\n<meta property=\"og:type\" content=\"article\" \/>\n<meta property=\"og:title\" content=\"Prodotto dell&#039;anno 2019 - Anter System\" \/>\n<meta property=\"og:description\" content=\"Il supporto per semirimorchi JST 1.2 vince il sondaggio Engineering &amp; Maintenance - Prodotto dell&#039;anno 2019 Il supporto per semirimorchio JST 1.2 \u00e8\" \/>\n<meta property=\"og:url\" content=\"https:\/\/antersystem.com\/it\/notizie\/product-of-the-year-2019\/\" \/>\n<meta property=\"og:site_name\" content=\"Anter System\" \/>\n<meta property=\"article:modified_time\" content=\"2026-02-02T14:24:50+00:00\" \/>\n<meta property=\"og:image\" content=\"https:\/\/antersystem.com\/wp-content\/uploads\/Produkt-roku-2019-1.png\" \/>\n<meta name=\"twitter:card\" content=\"summary_large_image\" \/>\n<meta name=\"twitter:label1\" content=\"Tempo di lettura stimato\" \/>\n\t<meta name=\"twitter:data1\" content=\"1 minuto\" \/>\n<script type=\"application\/ld+json\" class=\"yoast-schema-graph\">{\"@context\":\"https:\/\/schema.org\",\"@graph\":[{\"@type\":\"WebPage\",\"@id\":\"https:\/\/antersystem.com\/it\/notizie\/product-of-the-year-2019\/\",\"url\":\"https:\/\/antersystem.com\/it\/notizie\/product-of-the-year-2019\/\",\"name\":\"Prodotto dell'anno 2019 - Anter System\",\"isPartOf\":{\"@id\":\"https:\/\/antersystem.com\/it\/#website\"},\"primaryImageOfPage\":{\"@id\":\"https:\/\/antersystem.com\/it\/notizie\/product-of-the-year-2019\/#primaryimage\"},\"image\":{\"@id\":\"https:\/\/antersystem.com\/it\/notizie\/product-of-the-year-2019\/#primaryimage\"},\"thumbnailUrl\":\"https:\/\/antersystem.com\/wp-content\/uploads\/Produkt-roku-2019-1.png\",\"datePublished\":\"2023-10-11T13:11:24+00:00\",\"dateModified\":\"2026-02-02T14:24:50+00:00\",\"description\":\"Il supporto per semirimorchi JST 1.2 vince il sondaggio Engineering &amp; Maintenance - Prodotto dell'anno 2019 Il supporto per semirimorchio JST 1.2 \u00e8\",\"breadcrumb\":{\"@id\":\"https:\/\/antersystem.com\/it\/notizie\/product-of-the-year-2019\/#breadcrumb\"},\"inLanguage\":\"it-IT\",\"potentialAction\":[{\"@type\":\"ReadAction\",\"target\":[\"https:\/\/antersystem.com\/it\/notizie\/product-of-the-year-2019\/\"]}]},{\"@type\":\"ImageObject\",\"inLanguage\":\"it-IT\",\"@id\":\"https:\/\/antersystem.com\/it\/notizie\/product-of-the-year-2019\/#primaryimage\",\"url\":\"https:\/\/antersystem.com\/wp-content\/uploads\/Produkt-roku-2019-1.png\",\"contentUrl\":\"https:\/\/antersystem.com\/wp-content\/uploads\/Produkt-roku-2019-1.png\"},{\"@type\":\"BreadcrumbList\",\"@id\":\"https:\/\/antersystem.com\/it\/notizie\/product-of-the-year-2019\/#breadcrumb\",\"itemListElement\":[{\"@type\":\"ListItem\",\"position\":1,\"name\":\"AnterSystem\",\"item\":\"https:\/\/antersystem.com\/it\/\"},{\"@type\":\"ListItem\",\"position\":2,\"name\":\"Notizie\",\"item\":\"https:\/\/antersystem.com\/it\/notizie\/\"},{\"@type\":\"ListItem\",\"position\":3,\"name\":\"Prodotto dell&#8217;anno 2019\"}]},{\"@type\":\"WebSite\",\"@id\":\"https:\/\/antersystem.com\/it\/#website\",\"url\":\"https:\/\/antersystem.com\/it\/\",\"name\":\"Anter System\",\"description\":\"Jeste\u015bmy polskim producentem elastycznych barier ochronnych wykonywanych z polimerowych tworzyw sztucznych. Na rynku krajowym i zagranicznym dzia\u0142amy od ponad 15 lat dbaj\u0105c o zapewnienie bezpiecze\u0144stwa w zak\u0142adach produkcyjnych, magazynach oraz centrach logistycznych.\",\"potentialAction\":[{\"@type\":\"SearchAction\",\"target\":{\"@type\":\"EntryPoint\",\"urlTemplate\":\"https:\/\/antersystem.com\/it\/?s={search_term_string}\"},\"query-input\":{\"@type\":\"PropertyValueSpecification\",\"valueRequired\":true,\"valueName\":\"search_term_string\"}}],\"inLanguage\":\"it-IT\"}]}<\/script>\n<!-- \/ Yoast SEO plugin. -->","yoast_head_json":{"title":"Prodotto dell'anno 2019 - Anter System","description":"Il supporto per semirimorchi JST 1.2 vince il sondaggio Engineering &amp; Maintenance - Prodotto dell'anno 2019 Il supporto per semirimorchio JST 1.2 \u00e8","robots":{"index":"index","follow":"follow","max-snippet":"max-snippet:-1","max-image-preview":"max-image-preview:large","max-video-preview":"max-video-preview:-1"},"canonical":"https:\/\/antersystem.com\/it\/notizie\/product-of-the-year-2019\/","og_locale":"it_IT","og_type":"article","og_title":"Prodotto dell'anno 2019 - Anter System","og_description":"Il supporto per semirimorchi JST 1.2 vince il sondaggio Engineering &amp; Maintenance - Prodotto dell'anno 2019 Il supporto per semirimorchio JST 1.2 \u00e8","og_url":"https:\/\/antersystem.com\/it\/notizie\/product-of-the-year-2019\/","og_site_name":"Anter System","article_modified_time":"2026-02-02T14:24:50+00:00","og_image":[{"url":"https:\/\/antersystem.com\/wp-content\/uploads\/Produkt-roku-2019-1.png","type":"","width":"","height":""}],"twitter_card":"summary_large_image","twitter_misc":{"Tempo di lettura stimato":"1 minuto"},"schema":{"@context":"https:\/\/schema.org","@graph":[{"@type":"WebPage","@id":"https:\/\/antersystem.com\/it\/notizie\/product-of-the-year-2019\/","url":"https:\/\/antersystem.com\/it\/notizie\/product-of-the-year-2019\/","name":"Prodotto dell'anno 2019 - Anter System","isPartOf":{"@id":"https:\/\/antersystem.com\/it\/#website"},"primaryImageOfPage":{"@id":"https:\/\/antersystem.com\/it\/notizie\/product-of-the-year-2019\/#primaryimage"},"image":{"@id":"https:\/\/antersystem.com\/it\/notizie\/product-of-the-year-2019\/#primaryimage"},"thumbnailUrl":"https:\/\/antersystem.com\/wp-content\/uploads\/Produkt-roku-2019-1.png","datePublished":"2023-10-11T13:11:24+00:00","dateModified":"2026-02-02T14:24:50+00:00","description":"Il supporto per semirimorchi JST 1.2 vince il sondaggio Engineering &amp; Maintenance - Prodotto dell'anno 2019 Il supporto per semirimorchio JST 1.2 \u00e8","breadcrumb":{"@id":"https:\/\/antersystem.com\/it\/notizie\/product-of-the-year-2019\/#breadcrumb"},"inLanguage":"it-IT","potentialAction":[{"@type":"ReadAction","target":["https:\/\/antersystem.com\/it\/notizie\/product-of-the-year-2019\/"]}]},{"@type":"ImageObject","inLanguage":"it-IT","@id":"https:\/\/antersystem.com\/it\/notizie\/product-of-the-year-2019\/#primaryimage","url":"https:\/\/antersystem.com\/wp-content\/uploads\/Produkt-roku-2019-1.png","contentUrl":"https:\/\/antersystem.com\/wp-content\/uploads\/Produkt-roku-2019-1.png"},{"@type":"BreadcrumbList","@id":"https:\/\/antersystem.com\/it\/notizie\/product-of-the-year-2019\/#breadcrumb","itemListElement":[{"@type":"ListItem","position":1,"name":"AnterSystem","item":"https:\/\/antersystem.com\/it\/"},{"@type":"ListItem","position":2,"name":"Notizie","item":"https:\/\/antersystem.com\/it\/notizie\/"},{"@type":"ListItem","position":3,"name":"Prodotto dell&#8217;anno 2019"}]},{"@type":"WebSite","@id":"https:\/\/antersystem.com\/it\/#website","url":"https:\/\/antersystem.com\/it\/","name":"Anter System","description":"Jeste\u015bmy polskim producentem elastycznych barier ochronnych wykonywanych z polimerowych tworzyw sztucznych. Na rynku krajowym i zagranicznym dzia\u0142amy od ponad 15 lat dbaj\u0105c o zapewnienie bezpiecze\u0144stwa w zak\u0142adach produkcyjnych, magazynach oraz centrach logistycznych.","potentialAction":[{"@type":"SearchAction","target":{"@type":"EntryPoint","urlTemplate":"https:\/\/antersystem.com\/it\/?s={search_term_string}"},"query-input":{"@type":"PropertyValueSpecification","valueRequired":true,"valueName":"search_term_string"}}],"inLanguage":"it-IT"}]}},"_links":{"self":[{"href":"https:\/\/antersystem.com\/it\/wp-json\/wp\/v2\/pages\/39032","targetHints":{"allow":["GET"]}}],"collection":[{"href":"https:\/\/antersystem.com\/it\/wp-json\/wp\/v2\/pages"}],"about":[{"href":"https:\/\/antersystem.com\/it\/wp-json\/wp\/v2\/types\/page"}],"author":[{"embeddable":true,"href":"https:\/\/antersystem.com\/it\/wp-json\/wp\/v2\/users\/1"}],"replies":[{"embeddable":true,"href":"https:\/\/antersystem.com\/it\/wp-json\/wp\/v2\/comments?post=39032"}],"version-history":[{"count":1,"href":"https:\/\/antersystem.com\/it\/wp-json\/wp\/v2\/pages\/39032\/revisions"}],"predecessor-version":[{"id":39033,"href":"https:\/\/antersystem.com\/it\/wp-json\/wp\/v2\/pages\/39032\/revisions\/39033"}],"up":[{"embeddable":true,"href":"https:\/\/antersystem.com\/it\/wp-json\/wp\/v2\/pages\/30444"}],"wp:attachment":[{"href":"https:\/\/antersystem.com\/it\/wp-json\/wp\/v2\/media?parent=39032"}],"curies":[{"name":"wp","href":"https:\/\/api.w.org\/{rel}","templated":true}]}}