{"id":39052,"date":"2023-10-10T10:31:28","date_gmt":"2023-10-10T08:31:28","guid":{"rendered":"https:\/\/antersystem.com\/notizie\/magazine-mid-hazardous-events\/"},"modified":"2026-02-02T15:47:12","modified_gmt":"2026-02-02T14:47:12","slug":"magazine-mid-hazardous-events","status":"publish","type":"page","link":"https:\/\/antersystem.com\/it\/notizie\/magazine-mid-hazardous-events\/","title":{"rendered":"Rivista MID &#8220;Eventi pericolosi"},"content":{"rendered":"\n<div class=\"wp-block-columns is-layout-flex wp-container-core-columns-is-layout-9d6595d7 wp-block-columns-is-layout-flex\">\n<div class=\"wp-block-column is-layout-flow wp-block-column-is-layout-flow\" style=\"flex-basis:10%\"><\/div>\n\n\n\n<div class=\"wp-block-column is-layout-flow wp-block-column-is-layout-flow\">\n<h3 class=\"wp-block-heading\">Rivista MID 1\/2023 &#8211; articolo &#8220;Eventi pericolosi&#8221; (&#8220;Zdarzenia niebezpieczne&#8221;)<\/h3>\n\n\n\n<p style=\"text-align: left;\">Ti invitiamo a leggere l&#8217;articolo di S\u0142awomir Erkiert intitolato &#8220;Eventi pericolosi&#8221;, con il commento della nostra Project Manager, Natalia Margatis. Nel testo, Natalia condivide le sue opinioni sui cambiamenti del settore che riguardano la sicurezza sul lavoro. <\/p>\n<p>&nbsp;<\/p>\n<\/div>\n\n\n\n<div class=\"wp-block-column is-layout-flow wp-block-column-is-layout-flow\" style=\"flex-basis:10%\"><\/div>\n<\/div>\n\n<div data-wp-interactive=\"core\/file\" class=\"wp-block-file\"><object data-wp-bind--hidden=\"!state.hasPdfPreview\" hidden class=\"wp-block-file__embed\" data=\"https:\/\/antersystem.com\/wp-content\/uploads\/MID_91_1_2023-net.pdf\" type=\"application\/pdf\" style=\"width:100%;height:600px\" aria-label=\"Incorporamento di MID_91_1_2023-net.\"><\/object><a id=\"wp-block-file--media-c4a79965-4313-4b68-8827-3aa81c41db0a\" href=\"https:\/\/antersystem.com\/wp-content\/uploads\/MID_91_1_2023-net.pdf\">MID_91_1_2023-net<\/a><a href=\"https:\/\/antersystem.com\/wp-content\/uploads\/MID_91_1_2023-net.pdf\" class=\"wp-block-file__button wp-element-button\" download=\"\" aria-describedby=\"wp-block-file--media-c4a79965-4313-4b68-8827-3aa81c41db0a\">Scarica<\/a><\/div>\n","protected":false},"excerpt":{"rendered":"<p>Rivista MID 1\/2023 &#8211; articolo &#8220;Eventi pericolosi&#8221; (&#8220;Zdarzenia niebezpieczne&#8221;) Ti invitiamo a leggere l&#8217;articolo di S\u0142awomir Erkiert intitolato &#8220;Eventi pericolosi&#8221;, con il commento della nostra Project Manager, Natalia Margatis. Nel testo, Natalia condivide le sue opinioni sui cambiamenti del settore che riguardano la sicurezza sul lavoro. &nbsp;<\/p>\n","protected":false},"author":1,"featured_media":0,"parent":30444,"menu_order":0,"comment_status":"closed","ping_status":"closed","template":"","meta":{"inline_featured_image":false,"ngg_post_thumbnail":0,"footnotes":""},"class_list":["post-39052","page","type-page","status-publish","hentry"],"acf":[],"yoast_head":"<!-- This site is optimized with the Yoast SEO plugin v27.0 - https:\/\/yoast.com\/product\/yoast-seo-wordpress\/ -->\n<title>Rivista MID &quot;Eventi pericolosi - Anter System<\/title>\n<meta name=\"description\" content=\"Rivista MID 1\/2023 - articolo &quot;Eventi pericolosi&quot; (&quot;Zdarzenia niebezpieczne&quot;) Ti invitiamo a leggere l&#039;articolo di S\u0142awomir Erkiert intitolato &quot;Eventi\" \/>\n<meta name=\"robots\" content=\"index, follow, max-snippet:-1, max-image-preview:large, max-video-preview:-1\" \/>\n<link rel=\"canonical\" href=\"https:\/\/antersystem.com\/it\/notizie\/magazine-mid-hazardous-events\/\" \/>\n<meta property=\"og:locale\" content=\"it_IT\" \/>\n<meta property=\"og:type\" content=\"article\" \/>\n<meta property=\"og:title\" content=\"Rivista MID &quot;Eventi pericolosi - Anter System\" \/>\n<meta property=\"og:description\" content=\"Rivista MID 1\/2023 - articolo &quot;Eventi pericolosi&quot; (&quot;Zdarzenia niebezpieczne&quot;) Ti invitiamo a leggere l&#039;articolo di S\u0142awomir Erkiert intitolato &quot;Eventi\" \/>\n<meta property=\"og:url\" content=\"https:\/\/antersystem.com\/it\/notizie\/magazine-mid-hazardous-events\/\" \/>\n<meta property=\"og:site_name\" content=\"Anter System\" \/>\n<meta property=\"article:modified_time\" content=\"2026-02-02T14:47:12+00:00\" \/>\n<meta name=\"twitter:card\" content=\"summary_large_image\" \/>\n<script type=\"application\/ld+json\" class=\"yoast-schema-graph\">{\"@context\":\"https:\/\/schema.org\",\"@graph\":[{\"@type\":\"WebPage\",\"@id\":\"https:\/\/antersystem.com\/it\/notizie\/magazine-mid-hazardous-events\/\",\"url\":\"https:\/\/antersystem.com\/it\/notizie\/magazine-mid-hazardous-events\/\",\"name\":\"Rivista MID \\\"Eventi pericolosi - Anter System\",\"isPartOf\":{\"@id\":\"https:\/\/antersystem.com\/it\/#website\"},\"datePublished\":\"2023-10-10T08:31:28+00:00\",\"dateModified\":\"2026-02-02T14:47:12+00:00\",\"description\":\"Rivista MID 1\/2023 - articolo \\\"Eventi pericolosi\\\" (\\\"Zdarzenia niebezpieczne\\\") Ti invitiamo a leggere l'articolo di S\u0142awomir Erkiert intitolato \\\"Eventi\",\"breadcrumb\":{\"@id\":\"https:\/\/antersystem.com\/it\/notizie\/magazine-mid-hazardous-events\/#breadcrumb\"},\"inLanguage\":\"it-IT\",\"potentialAction\":[{\"@type\":\"ReadAction\",\"target\":[\"https:\/\/antersystem.com\/it\/notizie\/magazine-mid-hazardous-events\/\"]}]},{\"@type\":\"BreadcrumbList\",\"@id\":\"https:\/\/antersystem.com\/it\/notizie\/magazine-mid-hazardous-events\/#breadcrumb\",\"itemListElement\":[{\"@type\":\"ListItem\",\"position\":1,\"name\":\"AnterSystem\",\"item\":\"https:\/\/antersystem.com\/it\/\"},{\"@type\":\"ListItem\",\"position\":2,\"name\":\"Notizie\",\"item\":\"https:\/\/antersystem.com\/it\/notizie\/\"},{\"@type\":\"ListItem\",\"position\":3,\"name\":\"Rivista MID &#8220;Eventi pericolosi\"}]},{\"@type\":\"WebSite\",\"@id\":\"https:\/\/antersystem.com\/it\/#website\",\"url\":\"https:\/\/antersystem.com\/it\/\",\"name\":\"Anter System\",\"description\":\"Jeste\u015bmy polskim producentem elastycznych barier ochronnych wykonywanych z polimerowych tworzyw sztucznych. Na rynku krajowym i zagranicznym dzia\u0142amy od ponad 15 lat dbaj\u0105c o zapewnienie bezpiecze\u0144stwa w zak\u0142adach produkcyjnych, magazynach oraz centrach logistycznych.\",\"potentialAction\":[{\"@type\":\"SearchAction\",\"target\":{\"@type\":\"EntryPoint\",\"urlTemplate\":\"https:\/\/antersystem.com\/it\/?s={search_term_string}\"},\"query-input\":{\"@type\":\"PropertyValueSpecification\",\"valueRequired\":true,\"valueName\":\"search_term_string\"}}],\"inLanguage\":\"it-IT\"}]}<\/script>\n<!-- \/ Yoast SEO plugin. -->","yoast_head_json":{"title":"Rivista MID \"Eventi pericolosi - Anter System","description":"Rivista MID 1\/2023 - articolo \"Eventi pericolosi\" (\"Zdarzenia niebezpieczne\") Ti invitiamo a leggere l'articolo di S\u0142awomir Erkiert intitolato \"Eventi","robots":{"index":"index","follow":"follow","max-snippet":"max-snippet:-1","max-image-preview":"max-image-preview:large","max-video-preview":"max-video-preview:-1"},"canonical":"https:\/\/antersystem.com\/it\/notizie\/magazine-mid-hazardous-events\/","og_locale":"it_IT","og_type":"article","og_title":"Rivista MID \"Eventi pericolosi - Anter System","og_description":"Rivista MID 1\/2023 - articolo \"Eventi pericolosi\" (\"Zdarzenia niebezpieczne\") Ti invitiamo a leggere l'articolo di S\u0142awomir Erkiert intitolato \"Eventi","og_url":"https:\/\/antersystem.com\/it\/notizie\/magazine-mid-hazardous-events\/","og_site_name":"Anter System","article_modified_time":"2026-02-02T14:47:12+00:00","twitter_card":"summary_large_image","schema":{"@context":"https:\/\/schema.org","@graph":[{"@type":"WebPage","@id":"https:\/\/antersystem.com\/it\/notizie\/magazine-mid-hazardous-events\/","url":"https:\/\/antersystem.com\/it\/notizie\/magazine-mid-hazardous-events\/","name":"Rivista MID \"Eventi pericolosi - Anter System","isPartOf":{"@id":"https:\/\/antersystem.com\/it\/#website"},"datePublished":"2023-10-10T08:31:28+00:00","dateModified":"2026-02-02T14:47:12+00:00","description":"Rivista MID 1\/2023 - articolo \"Eventi pericolosi\" (\"Zdarzenia niebezpieczne\") Ti invitiamo a leggere l'articolo di S\u0142awomir Erkiert intitolato \"Eventi","breadcrumb":{"@id":"https:\/\/antersystem.com\/it\/notizie\/magazine-mid-hazardous-events\/#breadcrumb"},"inLanguage":"it-IT","potentialAction":[{"@type":"ReadAction","target":["https:\/\/antersystem.com\/it\/notizie\/magazine-mid-hazardous-events\/"]}]},{"@type":"BreadcrumbList","@id":"https:\/\/antersystem.com\/it\/notizie\/magazine-mid-hazardous-events\/#breadcrumb","itemListElement":[{"@type":"ListItem","position":1,"name":"AnterSystem","item":"https:\/\/antersystem.com\/it\/"},{"@type":"ListItem","position":2,"name":"Notizie","item":"https:\/\/antersystem.com\/it\/notizie\/"},{"@type":"ListItem","position":3,"name":"Rivista MID &#8220;Eventi pericolosi"}]},{"@type":"WebSite","@id":"https:\/\/antersystem.com\/it\/#website","url":"https:\/\/antersystem.com\/it\/","name":"Anter System","description":"Jeste\u015bmy polskim producentem elastycznych barier ochronnych wykonywanych z polimerowych tworzyw sztucznych. Na rynku krajowym i zagranicznym dzia\u0142amy od ponad 15 lat dbaj\u0105c o zapewnienie bezpiecze\u0144stwa w zak\u0142adach produkcyjnych, magazynach oraz centrach logistycznych.","potentialAction":[{"@type":"SearchAction","target":{"@type":"EntryPoint","urlTemplate":"https:\/\/antersystem.com\/it\/?s={search_term_string}"},"query-input":{"@type":"PropertyValueSpecification","valueRequired":true,"valueName":"search_term_string"}}],"inLanguage":"it-IT"}]}},"_links":{"self":[{"href":"https:\/\/antersystem.com\/it\/wp-json\/wp\/v2\/pages\/39052","targetHints":{"allow":["GET"]}}],"collection":[{"href":"https:\/\/antersystem.com\/it\/wp-json\/wp\/v2\/pages"}],"about":[{"href":"https:\/\/antersystem.com\/it\/wp-json\/wp\/v2\/types\/page"}],"author":[{"embeddable":true,"href":"https:\/\/antersystem.com\/it\/wp-json\/wp\/v2\/users\/1"}],"replies":[{"embeddable":true,"href":"https:\/\/antersystem.com\/it\/wp-json\/wp\/v2\/comments?post=39052"}],"version-history":[{"count":1,"href":"https:\/\/antersystem.com\/it\/wp-json\/wp\/v2\/pages\/39052\/revisions"}],"predecessor-version":[{"id":39054,"href":"https:\/\/antersystem.com\/it\/wp-json\/wp\/v2\/pages\/39052\/revisions\/39054"}],"up":[{"embeddable":true,"href":"https:\/\/antersystem.com\/it\/wp-json\/wp\/v2\/pages\/30444"}],"wp:attachment":[{"href":"https:\/\/antersystem.com\/it\/wp-json\/wp\/v2\/media?parent=39052"}],"curies":[{"name":"wp","href":"https:\/\/api.w.org\/{rel}","templated":true}]}}