{"id":39081,"date":"2024-04-29T13:41:44","date_gmt":"2024-04-29T11:41:44","guid":{"rendered":"https:\/\/antersystem.com\/notizie\/report-from-sawo-2024-trade-fair\/"},"modified":"2026-02-02T15:47:17","modified_gmt":"2026-02-02T14:47:17","slug":"report-from-sawo-2024-trade-fair","status":"publish","type":"page","link":"https:\/\/antersystem.com\/it\/notizie\/report-from-sawo-2024-trade-fair\/","title":{"rendered":"Rapporto dalla fiera SAWO 2024"},"content":{"rendered":"\n<div class=\"wp-block-columns is-layout-flex wp-container-core-columns-is-layout-9d6595d7 wp-block-columns-is-layout-flex\">\n<div class=\"wp-block-column is-layout-flow wp-block-column-is-layout-flow\" style=\"flex-basis:10%\"><\/div>\n\n\n\n<div class=\"wp-block-column is-layout-flow wp-block-column-is-layout-flow\">\n<h2 class=\"wp-block-heading\">Resoconto visivo della fiera SAWO&#8217;24<\/h2>\n\n\n\n<p>La fiera internazionale della sicurezza sul lavoro, della protezione antincendio e del soccorso SAWO \u00e8 la pi\u00f9 grande fiera OHS dell&#8217;Europa centrale e orientale. L&#8217;evento si tiene ogni due anni. SAWO \u00e8 un evento unico in Polonia che contribuisce direttamente all&#8217;implementazione di tecnologie e soluzioni avanzate nelle aziende, migliorando la qualit\u00e0 del lavoro e la sicurezza dei dipendenti.  <\/p>\n\n\n\n<p>Durante l&#8217;edizione di quest&#8217;anno, abbiamo ricevuto la medaglia d&#8217;oro dagli organizzatori per la <strong><a href=\"https:\/\/antersystem.com\/it\/prodotti\/traffic-dock-gate\/bramka-dock-gate-3-2\/\">Cancello Automatico per il Traffico Darsena R2<\/a><\/strong>. Questa soluzione innovativa garantisce una movimentazione sicura ed efficiente delle merci sulle banchine di carico, nelle aree di stoccaggio e nei magazzini. Il nostro team ha tenuto numerose conversazioni e presentato le soluzioni Anter System a centinaia di visitatori, tutti con un unico obiettivo: rendere il lavoro sicuro uno standard.  <\/p>\n\n\n\n<p>Grazie per aver visitato il nostro stand e per l&#8217;opportunit\u00e0 di presentare le soluzioni offerte da Anter System <a href=\"https:\/\/www.youtube.com\/channel\/UC1zGnGoW-aY0v1ZrDd3KHLA\">@antersystem_pl<\/a>.<\/p>\n\n\n\n<p>Ti invitiamo a metterti in contatto con noi e a guardare i video\/foto che catturano l&#8217;atmosfera dell&#8217;evento!<\/p>\n\n\n\nngg_shortcode_0_placeholder\n\n\n\n<figure class=\"wp-block-embed aligncenter is-type-video is-provider-youtube wp-block-embed-youtube wp-embed-aspect-16-9 wp-has-aspect-ratio\"><div class=\"wp-block-embed__wrapper\">\n<iframe loading=\"lazy\" title=\"Relacja z targ\u00f3w SAWO 2024 Anter System. [Report from the SAWO 2024 Anter System fair.]\" width=\"500\" height=\"281\" src=\"https:\/\/www.youtube.com\/embed\/sRi9QEKJonk?feature=oembed\" frameborder=\"0\" allow=\"accelerometer; autoplay; clipboard-write; encrypted-media; gyroscope; picture-in-picture; web-share\" referrerpolicy=\"strict-origin-when-cross-origin\" allowfullscreen><\/iframe>\n<\/div><\/figure>\n\n\n\n<h3 class=\"wp-block-heading\"><\/h3>\n<\/div>\n\n\n\n<div class=\"wp-block-column is-layout-flow wp-block-column-is-layout-flow\" style=\"flex-basis:10%\"><\/div>\n<\/div>\n","protected":false},"excerpt":{"rendered":"<p>Resoconto visivo della fiera SAWO&#8217;24 La fiera internazionale della sicurezza sul lavoro, della protezione antincendio e del soccorso SAWO \u00e8 la pi\u00f9 grande fiera OHS dell&#8217;Europa centrale e orientale. L&#8217;evento si tiene ogni due anni. SAWO \u00e8 un evento unico in Polonia che contribuisce direttamente all&#8217;implementazione di tecnologie e soluzioni avanzate nelle aziende, migliorando la [&hellip;]<\/p>\n","protected":false},"author":1,"featured_media":0,"parent":30444,"menu_order":0,"comment_status":"closed","ping_status":"closed","template":"","meta":{"inline_featured_image":false,"ngg_post_thumbnail":0,"footnotes":""},"class_list":["post-39081","page","type-page","status-publish","hentry"],"acf":[],"yoast_head":"<!-- This site is optimized with the Yoast SEO plugin v27.0 - https:\/\/yoast.com\/product\/yoast-seo-wordpress\/ -->\n<title>Rapporto dalla fiera SAWO 2024 - Anter System<\/title>\n<meta name=\"description\" content=\"Resoconto visivo della fiera SAWO&#039;24 La fiera internazionale della sicurezza sul lavoro, della protezione antincendio e del soccorso SAWO \u00e8 la pi\u00f9 grande\" \/>\n<meta name=\"robots\" content=\"index, follow, max-snippet:-1, max-image-preview:large, max-video-preview:-1\" \/>\n<link rel=\"canonical\" href=\"https:\/\/antersystem.com\/it\/notizie\/report-from-sawo-2024-trade-fair\/\" \/>\n<meta property=\"og:locale\" content=\"it_IT\" \/>\n<meta property=\"og:type\" content=\"article\" \/>\n<meta property=\"og:title\" content=\"Rapporto dalla fiera SAWO 2024 - Anter System\" \/>\n<meta property=\"og:description\" content=\"Resoconto visivo della fiera SAWO&#039;24 La fiera internazionale della sicurezza sul lavoro, della protezione antincendio e del soccorso SAWO \u00e8 la pi\u00f9 grande\" \/>\n<meta property=\"og:url\" content=\"https:\/\/antersystem.com\/it\/notizie\/report-from-sawo-2024-trade-fair\/\" \/>\n<meta property=\"og:site_name\" content=\"Anter System\" \/>\n<meta property=\"article:modified_time\" content=\"2026-02-02T14:47:17+00:00\" \/>\n<meta name=\"twitter:card\" content=\"summary_large_image\" \/>\n<meta name=\"twitter:label1\" content=\"Tempo di lettura stimato\" \/>\n\t<meta name=\"twitter:data1\" content=\"1 minuto\" \/>\n<script type=\"application\/ld+json\" class=\"yoast-schema-graph\">{\"@context\":\"https:\/\/schema.org\",\"@graph\":[{\"@type\":\"WebPage\",\"@id\":\"https:\/\/antersystem.com\/it\/notizie\/report-from-sawo-2024-trade-fair\/\",\"url\":\"https:\/\/antersystem.com\/it\/notizie\/report-from-sawo-2024-trade-fair\/\",\"name\":\"Rapporto dalla fiera SAWO 2024 - Anter System\",\"isPartOf\":{\"@id\":\"https:\/\/antersystem.com\/it\/#website\"},\"datePublished\":\"2024-04-29T11:41:44+00:00\",\"dateModified\":\"2026-02-02T14:47:17+00:00\",\"description\":\"Resoconto visivo della fiera SAWO'24 La fiera internazionale della sicurezza sul lavoro, della protezione antincendio e del soccorso SAWO \u00e8 la pi\u00f9 grande\",\"breadcrumb\":{\"@id\":\"https:\/\/antersystem.com\/it\/notizie\/report-from-sawo-2024-trade-fair\/#breadcrumb\"},\"inLanguage\":\"it-IT\",\"potentialAction\":[{\"@type\":\"ReadAction\",\"target\":[\"https:\/\/antersystem.com\/it\/notizie\/report-from-sawo-2024-trade-fair\/\"]}]},{\"@type\":\"BreadcrumbList\",\"@id\":\"https:\/\/antersystem.com\/it\/notizie\/report-from-sawo-2024-trade-fair\/#breadcrumb\",\"itemListElement\":[{\"@type\":\"ListItem\",\"position\":1,\"name\":\"AnterSystem\",\"item\":\"https:\/\/antersystem.com\/it\/\"},{\"@type\":\"ListItem\",\"position\":2,\"name\":\"Notizie\",\"item\":\"https:\/\/antersystem.com\/it\/notizie\/\"},{\"@type\":\"ListItem\",\"position\":3,\"name\":\"Rapporto dalla fiera SAWO 2024\"}]},{\"@type\":\"WebSite\",\"@id\":\"https:\/\/antersystem.com\/it\/#website\",\"url\":\"https:\/\/antersystem.com\/it\/\",\"name\":\"Anter System\",\"description\":\"Jeste\u015bmy polskim producentem elastycznych barier ochronnych wykonywanych z polimerowych tworzyw sztucznych. Na rynku krajowym i zagranicznym dzia\u0142amy od ponad 15 lat dbaj\u0105c o zapewnienie bezpiecze\u0144stwa w zak\u0142adach produkcyjnych, magazynach oraz centrach logistycznych.\",\"potentialAction\":[{\"@type\":\"SearchAction\",\"target\":{\"@type\":\"EntryPoint\",\"urlTemplate\":\"https:\/\/antersystem.com\/it\/?s={search_term_string}\"},\"query-input\":{\"@type\":\"PropertyValueSpecification\",\"valueRequired\":true,\"valueName\":\"search_term_string\"}}],\"inLanguage\":\"it-IT\"}]}<\/script>\n<!-- \/ Yoast SEO plugin. -->","yoast_head_json":{"title":"Rapporto dalla fiera SAWO 2024 - Anter System","description":"Resoconto visivo della fiera SAWO'24 La fiera internazionale della sicurezza sul lavoro, della protezione antincendio e del soccorso SAWO \u00e8 la pi\u00f9 grande","robots":{"index":"index","follow":"follow","max-snippet":"max-snippet:-1","max-image-preview":"max-image-preview:large","max-video-preview":"max-video-preview:-1"},"canonical":"https:\/\/antersystem.com\/it\/notizie\/report-from-sawo-2024-trade-fair\/","og_locale":"it_IT","og_type":"article","og_title":"Rapporto dalla fiera SAWO 2024 - Anter System","og_description":"Resoconto visivo della fiera SAWO'24 La fiera internazionale della sicurezza sul lavoro, della protezione antincendio e del soccorso SAWO \u00e8 la pi\u00f9 grande","og_url":"https:\/\/antersystem.com\/it\/notizie\/report-from-sawo-2024-trade-fair\/","og_site_name":"Anter System","article_modified_time":"2026-02-02T14:47:17+00:00","twitter_card":"summary_large_image","twitter_misc":{"Tempo di lettura stimato":"1 minuto"},"schema":{"@context":"https:\/\/schema.org","@graph":[{"@type":"WebPage","@id":"https:\/\/antersystem.com\/it\/notizie\/report-from-sawo-2024-trade-fair\/","url":"https:\/\/antersystem.com\/it\/notizie\/report-from-sawo-2024-trade-fair\/","name":"Rapporto dalla fiera SAWO 2024 - Anter System","isPartOf":{"@id":"https:\/\/antersystem.com\/it\/#website"},"datePublished":"2024-04-29T11:41:44+00:00","dateModified":"2026-02-02T14:47:17+00:00","description":"Resoconto visivo della fiera SAWO'24 La fiera internazionale della sicurezza sul lavoro, della protezione antincendio e del soccorso SAWO \u00e8 la pi\u00f9 grande","breadcrumb":{"@id":"https:\/\/antersystem.com\/it\/notizie\/report-from-sawo-2024-trade-fair\/#breadcrumb"},"inLanguage":"it-IT","potentialAction":[{"@type":"ReadAction","target":["https:\/\/antersystem.com\/it\/notizie\/report-from-sawo-2024-trade-fair\/"]}]},{"@type":"BreadcrumbList","@id":"https:\/\/antersystem.com\/it\/notizie\/report-from-sawo-2024-trade-fair\/#breadcrumb","itemListElement":[{"@type":"ListItem","position":1,"name":"AnterSystem","item":"https:\/\/antersystem.com\/it\/"},{"@type":"ListItem","position":2,"name":"Notizie","item":"https:\/\/antersystem.com\/it\/notizie\/"},{"@type":"ListItem","position":3,"name":"Rapporto dalla fiera SAWO 2024"}]},{"@type":"WebSite","@id":"https:\/\/antersystem.com\/it\/#website","url":"https:\/\/antersystem.com\/it\/","name":"Anter System","description":"Jeste\u015bmy polskim producentem elastycznych barier ochronnych wykonywanych z polimerowych tworzyw sztucznych. Na rynku krajowym i zagranicznym dzia\u0142amy od ponad 15 lat dbaj\u0105c o zapewnienie bezpiecze\u0144stwa w zak\u0142adach produkcyjnych, magazynach oraz centrach logistycznych.","potentialAction":[{"@type":"SearchAction","target":{"@type":"EntryPoint","urlTemplate":"https:\/\/antersystem.com\/it\/?s={search_term_string}"},"query-input":{"@type":"PropertyValueSpecification","valueRequired":true,"valueName":"search_term_string"}}],"inLanguage":"it-IT"}]}},"_links":{"self":[{"href":"https:\/\/antersystem.com\/it\/wp-json\/wp\/v2\/pages\/39081","targetHints":{"allow":["GET"]}}],"collection":[{"href":"https:\/\/antersystem.com\/it\/wp-json\/wp\/v2\/pages"}],"about":[{"href":"https:\/\/antersystem.com\/it\/wp-json\/wp\/v2\/types\/page"}],"author":[{"embeddable":true,"href":"https:\/\/antersystem.com\/it\/wp-json\/wp\/v2\/users\/1"}],"replies":[{"embeddable":true,"href":"https:\/\/antersystem.com\/it\/wp-json\/wp\/v2\/comments?post=39081"}],"version-history":[{"count":1,"href":"https:\/\/antersystem.com\/it\/wp-json\/wp\/v2\/pages\/39081\/revisions"}],"predecessor-version":[{"id":39083,"href":"https:\/\/antersystem.com\/it\/wp-json\/wp\/v2\/pages\/39081\/revisions\/39083"}],"up":[{"embeddable":true,"href":"https:\/\/antersystem.com\/it\/wp-json\/wp\/v2\/pages\/30444"}],"wp:attachment":[{"href":"https:\/\/antersystem.com\/it\/wp-json\/wp\/v2\/media?parent=39081"}],"curies":[{"name":"wp","href":"https:\/\/api.w.org\/{rel}","templated":true}]}}