{"id":39217,"date":"2024-02-08T14:55:05","date_gmt":"2024-02-08T13:55:05","guid":{"rendered":"https:\/\/antersystem.com\/notizie\/warehouse-logistics-at-the-trade-fair-intralogistica-2024\/"},"modified":"2026-02-04T11:22:37","modified_gmt":"2026-02-04T10:22:37","slug":"warehouse-logistics-at-the-trade-fair-intralogistica-2024","status":"publish","type":"page","link":"https:\/\/antersystem.com\/it\/notizie\/warehouse-logistics-at-the-trade-fair-intralogistica-2024\/","title":{"rendered":"Logistica di magazzino in fiera"},"content":{"rendered":"\n<div class=\"wp-block-columns is-layout-flex wp-container-core-columns-is-layout-9d6595d7 wp-block-columns-is-layout-flex\">\n  \n  <div class=\"wp-block-column is-layout-flow wp-block-column-is-layout-flow\">\n    \n    <h3 class=\"wp-block-heading\"><\/h3>\n    \n\n    \n    <div class=\"wp-block-columns is-layout-flex wp-container-core-columns-is-layout-9d6595d7 wp-block-columns-is-layout-flex\">\n      \n      <div class=\"wp-block-column is-layout-flow wp-block-column-is-layout-flow\" style=\"flex-basis:10%\"><\/div>\n      \n\n      \n      <div class=\"wp-block-column is-layout-flow wp-block-column-is-layout-flow\">\n        \n        <h3 class=\"wp-block-heading\"><strong> <\/strong>Intralogistica Poland EXPO &#8211; 24-26 gennaio 2024<\/h3>\n        \n\n        \n        <p>L&#8217;esperienza \u00e8 ormai alle spalle &#8211; e che esperienza \u00e8 stata! Desideriamo esprimere la nostra gratitudine per aver visitato il nostro stand con le <a href=\"https:\/\/antersystem.com\/kategorie_produktow\/bariery-bezpieczenstwa-dla-pieszych\/\">Barriere di Sicurezza Flessibili<\/a> e per la grande atmosfera che abbiamo creato insieme ai visitatori e agli organizzatori. Siamo particolarmente soddisfatti di aver presentato le nostre <a href=\"https:\/\/antersystem.com\/kategorie_produktow\/technika-zaladunkowa\/\">soluzioni di Loading Technology<\/a>, che non sono ancora ampiamente riconosciute sul mercato ma che migliorano in modo significativo i processi di trasbordo. In qualit\u00e0 di produttori di supporti di sicurezza e di bloccaggi manuali delle ruote, promuoviamo una cultura del lavoro sicura e un uso intelligente degli strumenti disponibili nei sistemi di gestione logistica integrata.   <\/p>\n        \n\n        \n        <p>Fiere come questa offrono un&#8217;ampia visione di ci\u00f2 che accade nel settore &#8211; ispirano, mettono in contatto e ci permettono di incontrare leader che condividono le loro esperienze e storie di successo. Desideriamo esprimere la nostra gratitudine a: <\/p>\n        \n\n        \n        <ul class=\"wp-block-list\"><li>Conversazioni su processi lavorativi impegnativi che richiedono uno sforzo mentale eccessivo &#8211; una riflessione ispirata da un esperto accademico che abbiamo incontrato all&#8217;evento.<\/li>\n          <li>La curiosit\u00e0 e l&#8217;approccio leale di altre aziende, anche concorrenti.<\/li>\n          <li>La disponibilit\u00e0 a uscire dai ruoli aziendali e a incontrarci di persona, discutendo dei rischi quotidiani sul posto di lavoro con onest\u00e0 e perspicacia.<\/li>\n          <li>Discussioni coinvolgenti e scambio di punti di vista.<\/li>\n          <li>Il tempo che hai dedicato a conoscere la nostra offerta e a vedere le nostre Barriere di Sicurezza Flessibili in azione.<\/li>\n          <li>Le tue gentili parole e il tuo apprezzamento per il design e il valore estetico del nostro stand e dei nostri prodotti.<\/li>\n        <\/ul>\n\n        \n        <p>Ti assicuriamo che ti forniremo solo informazioni pertinenti. Siamo sempre disponibili a visitare il tuo magazzino o il tuo sito produttivo per consigliarti le soluzioni di sicurezza pi\u00f9 efficaci per la tua struttura. Puoi trovare i nostri recapiti sul nostro sito web.  <\/p>\n        \n\n      <\/div>\n      \n\n      \n      <div class=\"wp-block-column is-layout-flow wp-block-column-is-layout-flow\" style=\"flex-basis:10%\"><\/div>\n      \n    <\/div>\n    \n\n    \n    ngg_shortcode_0_placeholder\n    \n  <\/div>\n  \n<\/div>\n","protected":false},"excerpt":{"rendered":"<p>Intralogistica Poland EXPO &#8211; 24-26 gennaio 2024 L&#8217;esperienza \u00e8 ormai alle spalle &#8211; e che esperienza \u00e8 stata! Desideriamo esprimere la nostra gratitudine per aver visitato il nostro stand con le Barriere di Sicurezza Flessibili e per la grande atmosfera che abbiamo creato insieme ai visitatori e agli organizzatori. Siamo particolarmente soddisfatti di aver presentato [&hellip;]<\/p>\n","protected":false},"author":1,"featured_media":0,"parent":30444,"menu_order":0,"comment_status":"closed","ping_status":"closed","template":"","meta":{"inline_featured_image":false,"ngg_post_thumbnail":0,"footnotes":""},"class_list":["post-39217","page","type-page","status-publish","hentry"],"acf":[],"yoast_head":"<!-- This site is optimized with the Yoast SEO plugin v27.0 - https:\/\/yoast.com\/product\/yoast-seo-wordpress\/ -->\n<title>Logistica di magazzino in fiera - Anter System<\/title>\n<meta name=\"description\" content=\"Intralogistica Poland EXPO - 24-26 gennaio 2024 L&#039;esperienza \u00e8 ormai alle spalle - e che esperienza \u00e8 stata! Desideriamo esprimere la nostra gratitudine\" \/>\n<meta name=\"robots\" content=\"index, follow, max-snippet:-1, max-image-preview:large, max-video-preview:-1\" \/>\n<link rel=\"canonical\" href=\"https:\/\/antersystem.com\/it\/notizie\/warehouse-logistics-at-the-trade-fair-intralogistica-2024\/\" \/>\n<meta property=\"og:locale\" content=\"it_IT\" \/>\n<meta property=\"og:type\" content=\"article\" \/>\n<meta property=\"og:title\" content=\"Logistica di magazzino in fiera - Anter System\" \/>\n<meta property=\"og:description\" content=\"Intralogistica Poland EXPO - 24-26 gennaio 2024 L&#039;esperienza \u00e8 ormai alle spalle - e che esperienza \u00e8 stata! Desideriamo esprimere la nostra gratitudine\" \/>\n<meta property=\"og:url\" content=\"https:\/\/antersystem.com\/it\/notizie\/warehouse-logistics-at-the-trade-fair-intralogistica-2024\/\" \/>\n<meta property=\"og:site_name\" content=\"Anter System\" \/>\n<meta property=\"article:modified_time\" content=\"2026-02-04T10:22:37+00:00\" \/>\n<meta name=\"twitter:card\" content=\"summary_large_image\" \/>\n<meta name=\"twitter:label1\" content=\"Tempo di lettura stimato\" \/>\n\t<meta name=\"twitter:data1\" content=\"2 minuti\" \/>\n<script type=\"application\/ld+json\" class=\"yoast-schema-graph\">{\"@context\":\"https:\/\/schema.org\",\"@graph\":[{\"@type\":\"WebPage\",\"@id\":\"https:\/\/antersystem.com\/it\/notizie\/warehouse-logistics-at-the-trade-fair-intralogistica-2024\/\",\"url\":\"https:\/\/antersystem.com\/it\/notizie\/warehouse-logistics-at-the-trade-fair-intralogistica-2024\/\",\"name\":\"Logistica di magazzino in fiera - Anter System\",\"isPartOf\":{\"@id\":\"https:\/\/antersystem.com\/it\/#website\"},\"datePublished\":\"2024-02-08T13:55:05+00:00\",\"dateModified\":\"2026-02-04T10:22:37+00:00\",\"description\":\"Intralogistica Poland EXPO - 24-26 gennaio 2024 L'esperienza \u00e8 ormai alle spalle - e che esperienza \u00e8 stata! Desideriamo esprimere la nostra gratitudine\",\"breadcrumb\":{\"@id\":\"https:\/\/antersystem.com\/it\/notizie\/warehouse-logistics-at-the-trade-fair-intralogistica-2024\/#breadcrumb\"},\"inLanguage\":\"it-IT\",\"potentialAction\":[{\"@type\":\"ReadAction\",\"target\":[\"https:\/\/antersystem.com\/it\/notizie\/warehouse-logistics-at-the-trade-fair-intralogistica-2024\/\"]}]},{\"@type\":\"BreadcrumbList\",\"@id\":\"https:\/\/antersystem.com\/it\/notizie\/warehouse-logistics-at-the-trade-fair-intralogistica-2024\/#breadcrumb\",\"itemListElement\":[{\"@type\":\"ListItem\",\"position\":1,\"name\":\"AnterSystem\",\"item\":\"https:\/\/antersystem.com\/it\/\"},{\"@type\":\"ListItem\",\"position\":2,\"name\":\"Notizie\",\"item\":\"https:\/\/antersystem.com\/it\/notizie\/\"},{\"@type\":\"ListItem\",\"position\":3,\"name\":\"Logistica di magazzino in fiera\"}]},{\"@type\":\"WebSite\",\"@id\":\"https:\/\/antersystem.com\/it\/#website\",\"url\":\"https:\/\/antersystem.com\/it\/\",\"name\":\"Anter System\",\"description\":\"Jeste\u015bmy polskim producentem elastycznych barier ochronnych wykonywanych z polimerowych tworzyw sztucznych. Na rynku krajowym i zagranicznym dzia\u0142amy od ponad 15 lat dbaj\u0105c o zapewnienie bezpiecze\u0144stwa w zak\u0142adach produkcyjnych, magazynach oraz centrach logistycznych.\",\"potentialAction\":[{\"@type\":\"SearchAction\",\"target\":{\"@type\":\"EntryPoint\",\"urlTemplate\":\"https:\/\/antersystem.com\/it\/?s={search_term_string}\"},\"query-input\":{\"@type\":\"PropertyValueSpecification\",\"valueRequired\":true,\"valueName\":\"search_term_string\"}}],\"inLanguage\":\"it-IT\"}]}<\/script>\n<!-- \/ Yoast SEO plugin. -->","yoast_head_json":{"title":"Logistica di magazzino in fiera - Anter System","description":"Intralogistica Poland EXPO - 24-26 gennaio 2024 L'esperienza \u00e8 ormai alle spalle - e che esperienza \u00e8 stata! Desideriamo esprimere la nostra gratitudine","robots":{"index":"index","follow":"follow","max-snippet":"max-snippet:-1","max-image-preview":"max-image-preview:large","max-video-preview":"max-video-preview:-1"},"canonical":"https:\/\/antersystem.com\/it\/notizie\/warehouse-logistics-at-the-trade-fair-intralogistica-2024\/","og_locale":"it_IT","og_type":"article","og_title":"Logistica di magazzino in fiera - Anter System","og_description":"Intralogistica Poland EXPO - 24-26 gennaio 2024 L'esperienza \u00e8 ormai alle spalle - e che esperienza \u00e8 stata! Desideriamo esprimere la nostra gratitudine","og_url":"https:\/\/antersystem.com\/it\/notizie\/warehouse-logistics-at-the-trade-fair-intralogistica-2024\/","og_site_name":"Anter System","article_modified_time":"2026-02-04T10:22:37+00:00","twitter_card":"summary_large_image","twitter_misc":{"Tempo di lettura stimato":"2 minuti"},"schema":{"@context":"https:\/\/schema.org","@graph":[{"@type":"WebPage","@id":"https:\/\/antersystem.com\/it\/notizie\/warehouse-logistics-at-the-trade-fair-intralogistica-2024\/","url":"https:\/\/antersystem.com\/it\/notizie\/warehouse-logistics-at-the-trade-fair-intralogistica-2024\/","name":"Logistica di magazzino in fiera - Anter System","isPartOf":{"@id":"https:\/\/antersystem.com\/it\/#website"},"datePublished":"2024-02-08T13:55:05+00:00","dateModified":"2026-02-04T10:22:37+00:00","description":"Intralogistica Poland EXPO - 24-26 gennaio 2024 L'esperienza \u00e8 ormai alle spalle - e che esperienza \u00e8 stata! Desideriamo esprimere la nostra gratitudine","breadcrumb":{"@id":"https:\/\/antersystem.com\/it\/notizie\/warehouse-logistics-at-the-trade-fair-intralogistica-2024\/#breadcrumb"},"inLanguage":"it-IT","potentialAction":[{"@type":"ReadAction","target":["https:\/\/antersystem.com\/it\/notizie\/warehouse-logistics-at-the-trade-fair-intralogistica-2024\/"]}]},{"@type":"BreadcrumbList","@id":"https:\/\/antersystem.com\/it\/notizie\/warehouse-logistics-at-the-trade-fair-intralogistica-2024\/#breadcrumb","itemListElement":[{"@type":"ListItem","position":1,"name":"AnterSystem","item":"https:\/\/antersystem.com\/it\/"},{"@type":"ListItem","position":2,"name":"Notizie","item":"https:\/\/antersystem.com\/it\/notizie\/"},{"@type":"ListItem","position":3,"name":"Logistica di magazzino in fiera"}]},{"@type":"WebSite","@id":"https:\/\/antersystem.com\/it\/#website","url":"https:\/\/antersystem.com\/it\/","name":"Anter System","description":"Jeste\u015bmy polskim producentem elastycznych barier ochronnych wykonywanych z polimerowych tworzyw sztucznych. Na rynku krajowym i zagranicznym dzia\u0142amy od ponad 15 lat dbaj\u0105c o zapewnienie bezpiecze\u0144stwa w zak\u0142adach produkcyjnych, magazynach oraz centrach logistycznych.","potentialAction":[{"@type":"SearchAction","target":{"@type":"EntryPoint","urlTemplate":"https:\/\/antersystem.com\/it\/?s={search_term_string}"},"query-input":{"@type":"PropertyValueSpecification","valueRequired":true,"valueName":"search_term_string"}}],"inLanguage":"it-IT"}]}},"_links":{"self":[{"href":"https:\/\/antersystem.com\/it\/wp-json\/wp\/v2\/pages\/39217","targetHints":{"allow":["GET"]}}],"collection":[{"href":"https:\/\/antersystem.com\/it\/wp-json\/wp\/v2\/pages"}],"about":[{"href":"https:\/\/antersystem.com\/it\/wp-json\/wp\/v2\/types\/page"}],"author":[{"embeddable":true,"href":"https:\/\/antersystem.com\/it\/wp-json\/wp\/v2\/users\/1"}],"replies":[{"embeddable":true,"href":"https:\/\/antersystem.com\/it\/wp-json\/wp\/v2\/comments?post=39217"}],"version-history":[{"count":3,"href":"https:\/\/antersystem.com\/it\/wp-json\/wp\/v2\/pages\/39217\/revisions"}],"predecessor-version":[{"id":39244,"href":"https:\/\/antersystem.com\/it\/wp-json\/wp\/v2\/pages\/39217\/revisions\/39244"}],"up":[{"embeddable":true,"href":"https:\/\/antersystem.com\/it\/wp-json\/wp\/v2\/pages\/30444"}],"wp:attachment":[{"href":"https:\/\/antersystem.com\/it\/wp-json\/wp\/v2\/media?parent=39217"}],"curies":[{"name":"wp","href":"https:\/\/api.w.org\/{rel}","templated":true}]}}