{"id":39255,"date":"2023-10-24T15:40:36","date_gmt":"2023-10-24T13:40:36","guid":{"rendered":"https:\/\/antersystem.com\/notizie\/trade-fair-in-toronto-november-79-2023\/"},"modified":"2026-02-04T11:22:39","modified_gmt":"2026-02-04T10:22:39","slug":"trade-fair-in-toronto-november-79-2023","status":"publish","type":"page","link":"https:\/\/antersystem.com\/it\/notizie\/trade-fair-in-toronto-november-79-2023\/","title":{"rendered":"Fiera a Toronto, 7-9 novembre 2023"},"content":{"rendered":"\n<div class=\"wp-block-columns is-layout-flex wp-container-core-columns-is-layout-9d6595d7 wp-block-columns-is-layout-flex\">\n<div class=\"wp-block-column is-layout-flow wp-block-column-is-layout-flow\" style=\"flex-basis:10%\"><\/div>\n\n\n\n<div class=\"wp-block-column is-layout-flow wp-block-column-is-layout-flow\">\n<h3 class=\"wp-block-heading\">Fiera di Toronto, 7-9 novembre 2023<\/h3>\n\n\n\n<p style=\"text-align: left;\"><strong>All&#8217;inizio di novembre, ci immergiamo nelle innovazioni del mondo della produzione alla fiera PACK EX di Toronto.<\/strong>  Anche Anter System sar\u00e0 presente all&#8217;evento. Dal 7 al 9 novembre potrai incontrarci e vedere i nostri prodotti, come i <a href=\"https:\/\/antersystem.com\/kategorie_produktow\/slupki-ochronne\/\">dissuasori PA<\/a>, le barriere protettive KB e le <a href=\"https:\/\/antersystem.com\/it\/elastyczna-bariera-pedestrian-r3-hd-flexi-2\/\">barriere flessibili Pedestrian R3<\/a> <strong>allo stand 2318.<\/strong> Chiunque sia interessato a sistemi che migliorano la sicurezza \u00e8 invitato a farci visita. <\/p>\n<h3><strong>Che cos&#8217;\u00e8 il PACK EX?<\/strong><\/h3>\n<p>PACK EX fa parte delle grandi fiere di ingegneria all&#8217;interno di ADM Toronto e offre soluzioni dalla progettazione alla produzione in ogni fase del processo produttivo. \u00c8 l&#8217;unico evento del genere in Canada dedicato al packaging. Nell&#8217;ambito della fiera, fornitori e acquirenti possono scoprire le innovazioni del settore, sviluppare nuove tecnologie e instaurare rapporti con gli esperti. Con le nostre barriere protettive, ci inseriamo perfettamente nel moderno panorama industriale incentrato sulla sostenibilit\u00e0.   <\/p>\n<h3><strong>Argomenti di questa edizione<\/strong><\/h3>\n<p>I temi principali dell&#8217;edizione di quest&#8217;anno includono:<\/p>\n<ul>\n<li style=\"text-align: left;\">leader del settore che presentano i pi\u00f9 recenti progetti e soluzioni F&amp;B per affrontare le sfide di oggi e le normative sui rifiuti<\/li>\n<li style=\"text-align: left;\">contenuti all&#8217;avanguardia che spaziano dalla produzione intelligente all&#8217;automazione del packaging nei principali settori produttivi: alimentare e delle bevande, elettronica, macchinari, aerospaziale e automobilistico<\/li>\n<\/ul>\n<p>Gli eventi PACK EX sono rivolti a produttori, ingegneri, manager, team di manutenzione, fornitori e operatori di macchine. L&#8217;ispirazione viene da aziende come DHL, Est\u00e9e Lauder, Ferrero Canada, Unilever Canada, Kellogg e molte altre. <\/p>\n<p>&nbsp;<\/p>\n\n\n<div class=\"wp-block-image\">\n<figure class=\"aligncenter size-large is-resized\"><a href=\"https:\/\/amto23.mapyourshow.com\/8_0\/exhibitor\/exhibitor-details.cfm?exhid=974402\"><img loading=\"lazy\" decoding=\"async\" width=\"1024\" height=\"535\" src=\"https:\/\/antersystem.com\/wp-content\/uploads\/FLEXIBLE-SAFETY-BARIERS-1-1024x535.jpg\" alt=\"\" class=\"wp-image-3125\" style=\"aspect-ratio:1.9140186915887851;width:647px;height:auto\" srcset=\"https:\/\/antersystem.com\/wp-content\/uploads\/FLEXIBLE-SAFETY-BARIERS-1-1024x535.jpg 1024w, https:\/\/antersystem.com\/wp-content\/uploads\/FLEXIBLE-SAFETY-BARIERS-1-300x157.jpg 300w, https:\/\/antersystem.com\/wp-content\/uploads\/FLEXIBLE-SAFETY-BARIERS-1-768x401.jpg 768w, https:\/\/antersystem.com\/wp-content\/uploads\/FLEXIBLE-SAFETY-BARIERS-1-450x235.jpg 450w, https:\/\/antersystem.com\/wp-content\/uploads\/FLEXIBLE-SAFETY-BARIERS-1-330x172.jpg 330w, https:\/\/antersystem.com\/wp-content\/uploads\/FLEXIBLE-SAFETY-BARIERS-1.jpg 1200w\" sizes=\"auto, (max-width: 1024px) 100vw, 1024px\" \/><\/a><\/figure><\/div><\/div>\n\n\n\n<div class=\"wp-block-column is-layout-flow wp-block-column-is-layout-flow\" style=\"flex-basis:10%\"><\/div>\n<\/div>\n","protected":false},"excerpt":{"rendered":"<p>Fiera di Toronto, 7-9 novembre 2023 All&#8217;inizio di novembre, ci immergiamo nelle innovazioni del mondo della produzione alla fiera PACK EX di Toronto. Anche Anter System sar\u00e0 presente all&#8217;evento. Dal 7 al 9 novembre potrai incontrarci e vedere i nostri prodotti, come i dissuasori PA, le barriere protettive KB e le barriere flessibili Pedestrian R3 [&hellip;]<\/p>\n","protected":false},"author":1,"featured_media":0,"parent":30444,"menu_order":0,"comment_status":"closed","ping_status":"closed","template":"","meta":{"inline_featured_image":false,"ngg_post_thumbnail":0,"footnotes":""},"class_list":["post-39255","page","type-page","status-publish","hentry"],"acf":[],"yoast_head":"<!-- This site is optimized with the Yoast SEO plugin v27.0 - https:\/\/yoast.com\/product\/yoast-seo-wordpress\/ -->\n<title>Fiera a Toronto, 7-9 novembre 2023 - Anter System<\/title>\n<meta name=\"description\" content=\"Fiera di Toronto, 7-9 novembre 2023 All&#039;inizio di novembre, ci immergiamo nelle innovazioni del mondo della produzione alla fiera PACK EX di Toronto.\" \/>\n<meta name=\"robots\" content=\"index, follow, max-snippet:-1, max-image-preview:large, max-video-preview:-1\" \/>\n<link rel=\"canonical\" href=\"https:\/\/antersystem.com\/it\/notizie\/trade-fair-in-toronto-november-79-2023\/\" \/>\n<meta property=\"og:locale\" content=\"it_IT\" \/>\n<meta property=\"og:type\" content=\"article\" \/>\n<meta property=\"og:title\" content=\"Fiera a Toronto, 7-9 novembre 2023 - Anter System\" \/>\n<meta property=\"og:description\" content=\"Fiera di Toronto, 7-9 novembre 2023 All&#039;inizio di novembre, ci immergiamo nelle innovazioni del mondo della produzione alla fiera PACK EX di Toronto.\" \/>\n<meta property=\"og:url\" content=\"https:\/\/antersystem.com\/it\/notizie\/trade-fair-in-toronto-november-79-2023\/\" \/>\n<meta property=\"og:site_name\" content=\"Anter System\" \/>\n<meta property=\"article:modified_time\" content=\"2026-02-04T10:22:39+00:00\" \/>\n<meta property=\"og:image\" content=\"https:\/\/antersystem.com\/wp-content\/uploads\/FLEXIBLE-SAFETY-BARIERS-1-1024x535.jpg\" \/>\n<meta name=\"twitter:card\" content=\"summary_large_image\" \/>\n<meta name=\"twitter:label1\" content=\"Tempo di lettura stimato\" \/>\n\t<meta name=\"twitter:data1\" content=\"1 minuto\" \/>\n<script type=\"application\/ld+json\" class=\"yoast-schema-graph\">{\"@context\":\"https:\/\/schema.org\",\"@graph\":[{\"@type\":\"WebPage\",\"@id\":\"https:\/\/antersystem.com\/it\/notizie\/trade-fair-in-toronto-november-79-2023\/\",\"url\":\"https:\/\/antersystem.com\/it\/notizie\/trade-fair-in-toronto-november-79-2023\/\",\"name\":\"Fiera a Toronto, 7-9 novembre 2023 - Anter System\",\"isPartOf\":{\"@id\":\"https:\/\/antersystem.com\/it\/#website\"},\"primaryImageOfPage\":{\"@id\":\"https:\/\/antersystem.com\/it\/notizie\/trade-fair-in-toronto-november-79-2023\/#primaryimage\"},\"image\":{\"@id\":\"https:\/\/antersystem.com\/it\/notizie\/trade-fair-in-toronto-november-79-2023\/#primaryimage\"},\"thumbnailUrl\":\"https:\/\/antersystem.com\/wp-content\/uploads\/FLEXIBLE-SAFETY-BARIERS-1-1024x535.jpg\",\"datePublished\":\"2023-10-24T13:40:36+00:00\",\"dateModified\":\"2026-02-04T10:22:39+00:00\",\"description\":\"Fiera di Toronto, 7-9 novembre 2023 All'inizio di novembre, ci immergiamo nelle innovazioni del mondo della produzione alla fiera PACK EX di Toronto.\",\"breadcrumb\":{\"@id\":\"https:\/\/antersystem.com\/it\/notizie\/trade-fair-in-toronto-november-79-2023\/#breadcrumb\"},\"inLanguage\":\"it-IT\",\"potentialAction\":[{\"@type\":\"ReadAction\",\"target\":[\"https:\/\/antersystem.com\/it\/notizie\/trade-fair-in-toronto-november-79-2023\/\"]}]},{\"@type\":\"ImageObject\",\"inLanguage\":\"it-IT\",\"@id\":\"https:\/\/antersystem.com\/it\/notizie\/trade-fair-in-toronto-november-79-2023\/#primaryimage\",\"url\":\"https:\/\/antersystem.com\/wp-content\/uploads\/FLEXIBLE-SAFETY-BARIERS-1-1024x535.jpg\",\"contentUrl\":\"https:\/\/antersystem.com\/wp-content\/uploads\/FLEXIBLE-SAFETY-BARIERS-1-1024x535.jpg\"},{\"@type\":\"BreadcrumbList\",\"@id\":\"https:\/\/antersystem.com\/it\/notizie\/trade-fair-in-toronto-november-79-2023\/#breadcrumb\",\"itemListElement\":[{\"@type\":\"ListItem\",\"position\":1,\"name\":\"AnterSystem\",\"item\":\"https:\/\/antersystem.com\/it\/\"},{\"@type\":\"ListItem\",\"position\":2,\"name\":\"Notizie\",\"item\":\"https:\/\/antersystem.com\/it\/notizie\/\"},{\"@type\":\"ListItem\",\"position\":3,\"name\":\"Fiera a Toronto, 7-9 novembre 2023\"}]},{\"@type\":\"WebSite\",\"@id\":\"https:\/\/antersystem.com\/it\/#website\",\"url\":\"https:\/\/antersystem.com\/it\/\",\"name\":\"Anter System\",\"description\":\"Jeste\u015bmy polskim producentem elastycznych barier ochronnych wykonywanych z polimerowych tworzyw sztucznych. Na rynku krajowym i zagranicznym dzia\u0142amy od ponad 15 lat dbaj\u0105c o zapewnienie bezpiecze\u0144stwa w zak\u0142adach produkcyjnych, magazynach oraz centrach logistycznych.\",\"potentialAction\":[{\"@type\":\"SearchAction\",\"target\":{\"@type\":\"EntryPoint\",\"urlTemplate\":\"https:\/\/antersystem.com\/it\/?s={search_term_string}\"},\"query-input\":{\"@type\":\"PropertyValueSpecification\",\"valueRequired\":true,\"valueName\":\"search_term_string\"}}],\"inLanguage\":\"it-IT\"}]}<\/script>\n<!-- \/ Yoast SEO plugin. -->","yoast_head_json":{"title":"Fiera a Toronto, 7-9 novembre 2023 - Anter System","description":"Fiera di Toronto, 7-9 novembre 2023 All'inizio di novembre, ci immergiamo nelle innovazioni del mondo della produzione alla fiera PACK EX di Toronto.","robots":{"index":"index","follow":"follow","max-snippet":"max-snippet:-1","max-image-preview":"max-image-preview:large","max-video-preview":"max-video-preview:-1"},"canonical":"https:\/\/antersystem.com\/it\/notizie\/trade-fair-in-toronto-november-79-2023\/","og_locale":"it_IT","og_type":"article","og_title":"Fiera a Toronto, 7-9 novembre 2023 - Anter System","og_description":"Fiera di Toronto, 7-9 novembre 2023 All'inizio di novembre, ci immergiamo nelle innovazioni del mondo della produzione alla fiera PACK EX di Toronto.","og_url":"https:\/\/antersystem.com\/it\/notizie\/trade-fair-in-toronto-november-79-2023\/","og_site_name":"Anter System","article_modified_time":"2026-02-04T10:22:39+00:00","og_image":[{"url":"https:\/\/antersystem.com\/wp-content\/uploads\/FLEXIBLE-SAFETY-BARIERS-1-1024x535.jpg","type":"","width":"","height":""}],"twitter_card":"summary_large_image","twitter_misc":{"Tempo di lettura stimato":"1 minuto"},"schema":{"@context":"https:\/\/schema.org","@graph":[{"@type":"WebPage","@id":"https:\/\/antersystem.com\/it\/notizie\/trade-fair-in-toronto-november-79-2023\/","url":"https:\/\/antersystem.com\/it\/notizie\/trade-fair-in-toronto-november-79-2023\/","name":"Fiera a Toronto, 7-9 novembre 2023 - Anter System","isPartOf":{"@id":"https:\/\/antersystem.com\/it\/#website"},"primaryImageOfPage":{"@id":"https:\/\/antersystem.com\/it\/notizie\/trade-fair-in-toronto-november-79-2023\/#primaryimage"},"image":{"@id":"https:\/\/antersystem.com\/it\/notizie\/trade-fair-in-toronto-november-79-2023\/#primaryimage"},"thumbnailUrl":"https:\/\/antersystem.com\/wp-content\/uploads\/FLEXIBLE-SAFETY-BARIERS-1-1024x535.jpg","datePublished":"2023-10-24T13:40:36+00:00","dateModified":"2026-02-04T10:22:39+00:00","description":"Fiera di Toronto, 7-9 novembre 2023 All'inizio di novembre, ci immergiamo nelle innovazioni del mondo della produzione alla fiera PACK EX di Toronto.","breadcrumb":{"@id":"https:\/\/antersystem.com\/it\/notizie\/trade-fair-in-toronto-november-79-2023\/#breadcrumb"},"inLanguage":"it-IT","potentialAction":[{"@type":"ReadAction","target":["https:\/\/antersystem.com\/it\/notizie\/trade-fair-in-toronto-november-79-2023\/"]}]},{"@type":"ImageObject","inLanguage":"it-IT","@id":"https:\/\/antersystem.com\/it\/notizie\/trade-fair-in-toronto-november-79-2023\/#primaryimage","url":"https:\/\/antersystem.com\/wp-content\/uploads\/FLEXIBLE-SAFETY-BARIERS-1-1024x535.jpg","contentUrl":"https:\/\/antersystem.com\/wp-content\/uploads\/FLEXIBLE-SAFETY-BARIERS-1-1024x535.jpg"},{"@type":"BreadcrumbList","@id":"https:\/\/antersystem.com\/it\/notizie\/trade-fair-in-toronto-november-79-2023\/#breadcrumb","itemListElement":[{"@type":"ListItem","position":1,"name":"AnterSystem","item":"https:\/\/antersystem.com\/it\/"},{"@type":"ListItem","position":2,"name":"Notizie","item":"https:\/\/antersystem.com\/it\/notizie\/"},{"@type":"ListItem","position":3,"name":"Fiera a Toronto, 7-9 novembre 2023"}]},{"@type":"WebSite","@id":"https:\/\/antersystem.com\/it\/#website","url":"https:\/\/antersystem.com\/it\/","name":"Anter System","description":"Jeste\u015bmy polskim producentem elastycznych barier ochronnych wykonywanych z polimerowych tworzyw sztucznych. Na rynku krajowym i zagranicznym dzia\u0142amy od ponad 15 lat dbaj\u0105c o zapewnienie bezpiecze\u0144stwa w zak\u0142adach produkcyjnych, magazynach oraz centrach logistycznych.","potentialAction":[{"@type":"SearchAction","target":{"@type":"EntryPoint","urlTemplate":"https:\/\/antersystem.com\/it\/?s={search_term_string}"},"query-input":{"@type":"PropertyValueSpecification","valueRequired":true,"valueName":"search_term_string"}}],"inLanguage":"it-IT"}]}},"_links":{"self":[{"href":"https:\/\/antersystem.com\/it\/wp-json\/wp\/v2\/pages\/39255","targetHints":{"allow":["GET"]}}],"collection":[{"href":"https:\/\/antersystem.com\/it\/wp-json\/wp\/v2\/pages"}],"about":[{"href":"https:\/\/antersystem.com\/it\/wp-json\/wp\/v2\/types\/page"}],"author":[{"embeddable":true,"href":"https:\/\/antersystem.com\/it\/wp-json\/wp\/v2\/users\/1"}],"replies":[{"embeddable":true,"href":"https:\/\/antersystem.com\/it\/wp-json\/wp\/v2\/comments?post=39255"}],"version-history":[{"count":1,"href":"https:\/\/antersystem.com\/it\/wp-json\/wp\/v2\/pages\/39255\/revisions"}],"predecessor-version":[{"id":39258,"href":"https:\/\/antersystem.com\/it\/wp-json\/wp\/v2\/pages\/39255\/revisions\/39258"}],"up":[{"embeddable":true,"href":"https:\/\/antersystem.com\/it\/wp-json\/wp\/v2\/pages\/30444"}],"wp:attachment":[{"href":"https:\/\/antersystem.com\/it\/wp-json\/wp\/v2\/media?parent=39255"}],"curies":[{"name":"wp","href":"https:\/\/api.w.org\/{rel}","templated":true}]}}