{"id":39374,"date":"2025-01-29T15:15:00","date_gmt":"2025-01-29T14:15:00","guid":{"rendered":"https:\/\/antersystem.com\/notizie\/interview-with-anter-system-representatives-in-monitor-rynkowy\/"},"modified":"2026-02-04T12:37:12","modified_gmt":"2026-02-04T11:37:12","slug":"interview-with-anter-system-representatives-in-monitor-rynkowy","status":"publish","type":"page","link":"https:\/\/antersystem.com\/it\/notizie\/interview-with-anter-system-representatives-in-monitor-rynkowy\/","title":{"rendered":"Intervista con i rappresentanti di Anter System a Monitor Rynkowy"},"content":{"rendered":"\n<div class=\"wp-block-columns is-layout-flex wp-container-core-columns-is-layout-9d6595d7 wp-block-columns-is-layout-flex\">\n<div class=\"wp-block-column is-layout-flow wp-block-column-is-layout-flow\" style=\"flex-basis:10%\"><\/div>\n\n\n\n<div class=\"wp-block-column is-layout-flow wp-block-column-is-layout-flow\">\n<p>Siamo lieti di annunciare che un&#8217;intervista ai rappresentanti della nostra azienda &#8211; <strong>Natalia Margatis<\/strong>, CEO di Anter System, e <strong>Tomasz Bary\u0142a<\/strong>, Product Manager &#8211; \u00e8 stata pubblicata sul sito web <em>Monitor Rynkowy<\/em>.<\/p>\n\n\n\n<p>La conversazione si \u00e8 concentrata sulle questioni chiave relative alla sicurezza negli ambienti industriali e di magazzino, nonch\u00e9 sul ruolo cruciale che le barriere flessibili in polimero svolgono nei moderni spazi produttivi. Abbiamo risposto a domande come: <\/p>\n\n\n\n<ul class=\"wp-block-list\">\n<li>Quali sono le vere sfide per la sicurezza che il settore industriale sta affrontando,<\/li>\n\n\n\n<li>Come l&#8217;automazione e le tecnologie intelligenti integrate nei nostri prodotti migliorano la sicurezza sul posto di lavoro,<\/li>\n\n\n\n<li>Ci\u00f2 che rende le barriere flessibili tecnicamente uniche, tra cui le loro propriet\u00e0 di assorbimento dell&#8217;energia d&#8217;impatto,<\/li>\n\n\n\n<li>Come le nostre soluzioni contribuiscono alla sostenibilit\u00e0 ambientale e aiutano a ridurre l&#8217;impronta di carbonio.<\/li>\n<\/ul>\n\n\n\n<p>Ti invitiamo a leggere l&#8217;intervista completa, ora disponibile sul sito web di <em>Monitor Rynkowy<\/em>: \ud83d\udc49 <a href=\"https:\/\/monitorrynkowy.pl\/polski-pomysl-na-globalne-potrzeby\/\"><strong>Leggi l&#8217;intervista<\/strong><\/a><\/p>\n<\/div>\n\n\n\n<div class=\"wp-block-column is-layout-flow wp-block-column-is-layout-flow\" style=\"flex-basis:10%\"><\/div>\n<\/div>\n","protected":false},"excerpt":{"rendered":"<p>Siamo lieti di annunciare che un&#8217;intervista ai rappresentanti della nostra azienda &#8211; Natalia Margatis, CEO di Anter System, e Tomasz Bary\u0142a, Product Manager &#8211; \u00e8 stata pubblicata sul sito web Monitor Rynkowy. La conversazione si \u00e8 concentrata sulle questioni chiave relative alla sicurezza negli ambienti industriali e di magazzino, nonch\u00e9 sul ruolo cruciale che le [&hellip;]<\/p>\n","protected":false},"author":11,"featured_media":0,"parent":30444,"menu_order":0,"comment_status":"closed","ping_status":"closed","template":"","meta":{"inline_featured_image":false,"ngg_post_thumbnail":0,"footnotes":""},"class_list":["post-39374","page","type-page","status-publish","hentry"],"acf":[],"yoast_head":"<!-- This site is optimized with the Yoast SEO plugin v27.0 - https:\/\/yoast.com\/product\/yoast-seo-wordpress\/ -->\n<title>Intervista con i rappresentanti di Anter System a Monitor Rynkowy - Anter System<\/title>\n<meta name=\"description\" content=\"Zapraszamy do lektury najnowszego wydania magazynu KAIZEN, w kt\u00f3rym ukaza\u0142 si\u0119 komentarz ekspercki firmy Anter System\" \/>\n<meta name=\"robots\" content=\"index, follow, max-snippet:-1, max-image-preview:large, max-video-preview:-1\" \/>\n<link rel=\"canonical\" href=\"https:\/\/antersystem.com\/it\/notizie\/interview-with-anter-system-representatives-in-monitor-rynkowy\/\" \/>\n<meta property=\"og:locale\" content=\"it_IT\" \/>\n<meta property=\"og:type\" content=\"article\" \/>\n<meta property=\"og:title\" content=\"Intervista con i rappresentanti di Anter System a Monitor Rynkowy - Anter System\" \/>\n<meta property=\"og:description\" content=\"Zapraszamy do lektury najnowszego wydania magazynu KAIZEN, w kt\u00f3rym ukaza\u0142 si\u0119 komentarz ekspercki firmy Anter System\" \/>\n<meta property=\"og:url\" content=\"https:\/\/antersystem.com\/it\/notizie\/interview-with-anter-system-representatives-in-monitor-rynkowy\/\" \/>\n<meta property=\"og:site_name\" content=\"Anter System\" \/>\n<meta property=\"article:modified_time\" content=\"2026-02-04T11:37:12+00:00\" \/>\n<meta name=\"twitter:card\" content=\"summary_large_image\" \/>\n<meta name=\"twitter:label1\" content=\"Tempo di lettura stimato\" \/>\n\t<meta name=\"twitter:data1\" content=\"1 minuto\" \/>\n<script type=\"application\/ld+json\" class=\"yoast-schema-graph\">{\"@context\":\"https:\/\/schema.org\",\"@graph\":[{\"@type\":\"WebPage\",\"@id\":\"https:\/\/antersystem.com\/it\/notizie\/interview-with-anter-system-representatives-in-monitor-rynkowy\/\",\"url\":\"https:\/\/antersystem.com\/it\/notizie\/interview-with-anter-system-representatives-in-monitor-rynkowy\/\",\"name\":\"Intervista con i rappresentanti di Anter System a Monitor Rynkowy - Anter System\",\"isPartOf\":{\"@id\":\"https:\/\/antersystem.com\/it\/#website\"},\"datePublished\":\"2025-01-29T14:15:00+00:00\",\"dateModified\":\"2026-02-04T11:37:12+00:00\",\"description\":\"Zapraszamy do lektury najnowszego wydania magazynu KAIZEN, w kt\u00f3rym ukaza\u0142 si\u0119 komentarz ekspercki firmy Anter System\",\"breadcrumb\":{\"@id\":\"https:\/\/antersystem.com\/it\/notizie\/interview-with-anter-system-representatives-in-monitor-rynkowy\/#breadcrumb\"},\"inLanguage\":\"it-IT\",\"potentialAction\":[{\"@type\":\"ReadAction\",\"target\":[\"https:\/\/antersystem.com\/it\/notizie\/interview-with-anter-system-representatives-in-monitor-rynkowy\/\"]}]},{\"@type\":\"BreadcrumbList\",\"@id\":\"https:\/\/antersystem.com\/it\/notizie\/interview-with-anter-system-representatives-in-monitor-rynkowy\/#breadcrumb\",\"itemListElement\":[{\"@type\":\"ListItem\",\"position\":1,\"name\":\"AnterSystem\",\"item\":\"https:\/\/antersystem.com\/it\/\"},{\"@type\":\"ListItem\",\"position\":2,\"name\":\"Notizie\",\"item\":\"https:\/\/antersystem.com\/it\/notizie\/\"},{\"@type\":\"ListItem\",\"position\":3,\"name\":\"Intervista con i rappresentanti di Anter System a Monitor Rynkowy\"}]},{\"@type\":\"WebSite\",\"@id\":\"https:\/\/antersystem.com\/it\/#website\",\"url\":\"https:\/\/antersystem.com\/it\/\",\"name\":\"Anter System\",\"description\":\"Jeste\u015bmy polskim producentem elastycznych barier ochronnych wykonywanych z polimerowych tworzyw sztucznych. Na rynku krajowym i zagranicznym dzia\u0142amy od ponad 15 lat dbaj\u0105c o zapewnienie bezpiecze\u0144stwa w zak\u0142adach produkcyjnych, magazynach oraz centrach logistycznych.\",\"potentialAction\":[{\"@type\":\"SearchAction\",\"target\":{\"@type\":\"EntryPoint\",\"urlTemplate\":\"https:\/\/antersystem.com\/it\/?s={search_term_string}\"},\"query-input\":{\"@type\":\"PropertyValueSpecification\",\"valueRequired\":true,\"valueName\":\"search_term_string\"}}],\"inLanguage\":\"it-IT\"}]}<\/script>\n<!-- \/ Yoast SEO plugin. -->","yoast_head_json":{"title":"Intervista con i rappresentanti di Anter System a Monitor Rynkowy - Anter System","description":"Zapraszamy do lektury najnowszego wydania magazynu KAIZEN, w kt\u00f3rym ukaza\u0142 si\u0119 komentarz ekspercki firmy Anter System","robots":{"index":"index","follow":"follow","max-snippet":"max-snippet:-1","max-image-preview":"max-image-preview:large","max-video-preview":"max-video-preview:-1"},"canonical":"https:\/\/antersystem.com\/it\/notizie\/interview-with-anter-system-representatives-in-monitor-rynkowy\/","og_locale":"it_IT","og_type":"article","og_title":"Intervista con i rappresentanti di Anter System a Monitor Rynkowy - Anter System","og_description":"Zapraszamy do lektury najnowszego wydania magazynu KAIZEN, w kt\u00f3rym ukaza\u0142 si\u0119 komentarz ekspercki firmy Anter System","og_url":"https:\/\/antersystem.com\/it\/notizie\/interview-with-anter-system-representatives-in-monitor-rynkowy\/","og_site_name":"Anter System","article_modified_time":"2026-02-04T11:37:12+00:00","twitter_card":"summary_large_image","twitter_misc":{"Tempo di lettura stimato":"1 minuto"},"schema":{"@context":"https:\/\/schema.org","@graph":[{"@type":"WebPage","@id":"https:\/\/antersystem.com\/it\/notizie\/interview-with-anter-system-representatives-in-monitor-rynkowy\/","url":"https:\/\/antersystem.com\/it\/notizie\/interview-with-anter-system-representatives-in-monitor-rynkowy\/","name":"Intervista con i rappresentanti di Anter System a Monitor Rynkowy - Anter System","isPartOf":{"@id":"https:\/\/antersystem.com\/it\/#website"},"datePublished":"2025-01-29T14:15:00+00:00","dateModified":"2026-02-04T11:37:12+00:00","description":"Zapraszamy do lektury najnowszego wydania magazynu KAIZEN, w kt\u00f3rym ukaza\u0142 si\u0119 komentarz ekspercki firmy Anter System","breadcrumb":{"@id":"https:\/\/antersystem.com\/it\/notizie\/interview-with-anter-system-representatives-in-monitor-rynkowy\/#breadcrumb"},"inLanguage":"it-IT","potentialAction":[{"@type":"ReadAction","target":["https:\/\/antersystem.com\/it\/notizie\/interview-with-anter-system-representatives-in-monitor-rynkowy\/"]}]},{"@type":"BreadcrumbList","@id":"https:\/\/antersystem.com\/it\/notizie\/interview-with-anter-system-representatives-in-monitor-rynkowy\/#breadcrumb","itemListElement":[{"@type":"ListItem","position":1,"name":"AnterSystem","item":"https:\/\/antersystem.com\/it\/"},{"@type":"ListItem","position":2,"name":"Notizie","item":"https:\/\/antersystem.com\/it\/notizie\/"},{"@type":"ListItem","position":3,"name":"Intervista con i rappresentanti di Anter System a Monitor Rynkowy"}]},{"@type":"WebSite","@id":"https:\/\/antersystem.com\/it\/#website","url":"https:\/\/antersystem.com\/it\/","name":"Anter System","description":"Jeste\u015bmy polskim producentem elastycznych barier ochronnych wykonywanych z polimerowych tworzyw sztucznych. Na rynku krajowym i zagranicznym dzia\u0142amy od ponad 15 lat dbaj\u0105c o zapewnienie bezpiecze\u0144stwa w zak\u0142adach produkcyjnych, magazynach oraz centrach logistycznych.","potentialAction":[{"@type":"SearchAction","target":{"@type":"EntryPoint","urlTemplate":"https:\/\/antersystem.com\/it\/?s={search_term_string}"},"query-input":{"@type":"PropertyValueSpecification","valueRequired":true,"valueName":"search_term_string"}}],"inLanguage":"it-IT"}]}},"_links":{"self":[{"href":"https:\/\/antersystem.com\/it\/wp-json\/wp\/v2\/pages\/39374","targetHints":{"allow":["GET"]}}],"collection":[{"href":"https:\/\/antersystem.com\/it\/wp-json\/wp\/v2\/pages"}],"about":[{"href":"https:\/\/antersystem.com\/it\/wp-json\/wp\/v2\/types\/page"}],"author":[{"embeddable":true,"href":"https:\/\/antersystem.com\/it\/wp-json\/wp\/v2\/users\/11"}],"replies":[{"embeddable":true,"href":"https:\/\/antersystem.com\/it\/wp-json\/wp\/v2\/comments?post=39374"}],"version-history":[{"count":1,"href":"https:\/\/antersystem.com\/it\/wp-json\/wp\/v2\/pages\/39374\/revisions"}],"predecessor-version":[{"id":39375,"href":"https:\/\/antersystem.com\/it\/wp-json\/wp\/v2\/pages\/39374\/revisions\/39375"}],"up":[{"embeddable":true,"href":"https:\/\/antersystem.com\/it\/wp-json\/wp\/v2\/pages\/30444"}],"wp:attachment":[{"href":"https:\/\/antersystem.com\/it\/wp-json\/wp\/v2\/media?parent=39374"}],"curies":[{"name":"wp","href":"https:\/\/api.w.org\/{rel}","templated":true}]}}