{"id":39397,"date":"2024-12-10T10:04:39","date_gmt":"2024-12-10T09:04:39","guid":{"rendered":"https:\/\/antersystem.com\/notizie\/summary-of-the-technical-conference-in-swarzedz\/"},"modified":"2026-02-04T12:37:23","modified_gmt":"2026-02-04T11:37:23","slug":"summary-of-the-technical-conference-in-swarzedz","status":"publish","type":"page","link":"https:\/\/antersystem.com\/it\/notizie\/summary-of-the-technical-conference-in-swarzedz\/","title":{"rendered":"Sintesi della Conferenza Tecnica di Swarz\u0119dz"},"content":{"rendered":"\n<div class=\"wp-block-columns is-layout-flex wp-container-core-columns-is-layout-9d6595d7 wp-block-columns-is-layout-flex\">\n<div class=\"wp-block-column is-layout-flow wp-block-column-is-layout-flow\">\n<h2 class=\"wp-block-heading\">Sintesi della Conferenza Tecnica di Swarz\u0119dz &#8211; 5 dicembre 2024<\/h2>\n\n\n\n<div class=\"wp-block-columns is-layout-flex wp-container-core-columns-is-layout-9d6595d7 wp-block-columns-is-layout-flex\">\n<div class=\"wp-block-column is-layout-flow wp-block-column-is-layout-flow\" style=\"flex-basis:10%\"><\/div>\n\n\n\n<div class=\"wp-block-column is-layout-flow wp-block-column-is-layout-flow\">\n<p>Il 5 dicembre a Swarz\u0119dz, vicino a Pozna\u0144, si \u00e8 tenuta la conferenza tecnica dal titolo <strong>&#8220;Ottimizzazione dei processi intralogistici e di magazzino&#8221;<\/strong>, organizzata da Axon Media, con Anter System come partner. L&#8217;evento ha riunito specialisti del settore logistico che hanno condiviso le loro conoscenze ed esperienze sulle tecnologie innovative che migliorano le operazioni di magazzino. <\/p>\n\n\n\n<p><strong>Gli argomenti discussi sono stati, tra gli altri, i seguenti:<\/strong><\/p>\n\n\n\n<p>1. <strong>Automazione e robotizzazione del magazzino<\/strong> &#8211; durante le presentazioni, i partecipanti hanno appreso soluzioni come sistemi di stoccaggio automatizzati, robot di magazzino e sistemi di trasporto autonomi.<\/p>\n\n\n\n<p>2. <strong>Tecnologie del futuro<\/strong>: i relatori hanno discusso, tra le altre cose, dell&#8217;uso dell&#8217;intelligenza artificiale nei sistemi WMS, di tecnologie di identificazione avanzate come l&#8217;RFID e di soluzioni mobili intelligenti.<\/p>\n\n\n\n<p>3. <strong>Efficienza energetica e sostenibilit\u00e0<\/strong>: sono state presentate soluzioni innovative, tra cui l&#8217;ammodernamento dell&#8217;illuminazione dei magazzini e processi produttivi ecocompatibili.<\/p>\n\n\n\n<p>4. <strong>Progettazione del magazzino e gestione dell&#8217;inventario<\/strong> &#8211; le presentazioni hanno riguardato argomenti come la progettazione degli spazi del magazzino, la gestione dell&#8217;inventario nei magazzini in conto deposito e la consulenza sui progetti.<\/p>\n\n\n\n<ol class=\"wp-block-list\"><\/ol>\n\n\n<p>La conferenza ha avuto un formato di lezioni e consulenze che ha permesso ai partecipanti di esplorare numerosi casi di studio e di familiarizzare con esempi pratici di implementazione di tecnologie moderne adattate alle specificit\u00e0 delle aziende manifatturiere e alle loro risorse.<\/p>\n\n\n\n<p><strong>Incontri e discussioni sul futuro del settore<\/strong><\/p>\n\n\n\n<p>L&#8217;evento \u00e8 stato anche un&#8217;<strong>ottima occasione per scambiare esperienze<\/strong> e costruire relazioni commerciali, offrendo una panoramica sulle ultime tendenze della logistica. Le conversazioni tra gli specialisti e gli esperti di Anter System in un&#8217;atmosfera cos\u00ec favorevole sono sempre <strong>preziose nel contesto dell&#8217;ulteriore sviluppo della nostra offerta<\/strong> di sistemi modulari di barriere di sicurezza flessibili per soddisfare le esigenze del settore intralogistico in rapida evoluzione. <\/p>\n\n\n\n<p>Grazie per tutte le discussioni sulle direzioni di sviluppo e sulle aspettative relative alla protezione degli spazi di magazzino. Ci vediamo alle prossime conferenze di settore!   <\/p>\n\n\n\n<div class=\"wp-block-columns is-layout-flex wp-container-core-columns-is-layout-9d6595d7 wp-block-columns-is-layout-flex\">\n<div class=\"wp-block-column is-layout-flow wp-block-column-is-layout-flow\"><\/div>\n\n\n\n<div class=\"wp-block-column is-layout-flow wp-block-column-is-layout-flow\"><\/div>\n\n\n\n<div class=\"wp-block-column is-layout-flow wp-block-column-is-layout-flow\"><\/div>\n<\/div>\n<\/div>\n\n\n\n<div class=\"wp-block-column is-layout-flow wp-block-column-is-layout-flow\" style=\"flex-basis:10%\"><\/div>\n<\/div>\n\n\n\nngg_shortcode_0_placeholder\n<\/div>\n<\/div>\n","protected":false},"excerpt":{"rendered":"<p>Sintesi della Conferenza Tecnica di Swarz\u0119dz &#8211; 5 dicembre 2024 Il 5 dicembre a Swarz\u0119dz, vicino a Pozna\u0144, si \u00e8 tenuta la conferenza tecnica dal titolo &#8220;Ottimizzazione dei processi intralogistici e di magazzino&#8221;, organizzata da Axon Media, con Anter System come partner. L&#8217;evento ha riunito specialisti del settore logistico che hanno condiviso le loro conoscenze [&hellip;]<\/p>\n","protected":false},"author":1,"featured_media":0,"parent":30444,"menu_order":0,"comment_status":"closed","ping_status":"closed","template":"","meta":{"inline_featured_image":false,"ngg_post_thumbnail":0,"footnotes":""},"class_list":["post-39397","page","type-page","status-publish","hentry"],"acf":[],"yoast_head":"<!-- This site is optimized with the Yoast SEO plugin v27.0 - https:\/\/yoast.com\/product\/yoast-seo-wordpress\/ -->\n<title>Sintesi della Conferenza Tecnica di Swarz\u0119dz - Anter System<\/title>\n<meta name=\"description\" content=\"Sintesi della Conferenza Tecnica di Swarz\u0119dz - 5 dicembre 2024 Il 5 dicembre a Swarz\u0119dz, vicino a Pozna\u0144, si \u00e8 tenuta la conferenza tecnica dal titolo\" \/>\n<meta name=\"robots\" content=\"index, follow, max-snippet:-1, max-image-preview:large, max-video-preview:-1\" \/>\n<link rel=\"canonical\" href=\"https:\/\/antersystem.com\/it\/notizie\/summary-of-the-technical-conference-in-swarzedz\/\" \/>\n<meta property=\"og:locale\" content=\"it_IT\" \/>\n<meta property=\"og:type\" content=\"article\" \/>\n<meta property=\"og:title\" content=\"Sintesi della Conferenza Tecnica di Swarz\u0119dz - Anter System\" \/>\n<meta property=\"og:description\" content=\"Sintesi della Conferenza Tecnica di Swarz\u0119dz - 5 dicembre 2024 Il 5 dicembre a Swarz\u0119dz, vicino a Pozna\u0144, si \u00e8 tenuta la conferenza tecnica dal titolo\" \/>\n<meta property=\"og:url\" content=\"https:\/\/antersystem.com\/it\/notizie\/summary-of-the-technical-conference-in-swarzedz\/\" \/>\n<meta property=\"og:site_name\" content=\"Anter System\" \/>\n<meta property=\"article:modified_time\" content=\"2026-02-04T11:37:23+00:00\" \/>\n<meta name=\"twitter:card\" content=\"summary_large_image\" \/>\n<meta name=\"twitter:label1\" content=\"Tempo di lettura stimato\" \/>\n\t<meta name=\"twitter:data1\" content=\"2 minuti\" \/>\n<script type=\"application\/ld+json\" class=\"yoast-schema-graph\">{\"@context\":\"https:\/\/schema.org\",\"@graph\":[{\"@type\":\"WebPage\",\"@id\":\"https:\/\/antersystem.com\/it\/notizie\/summary-of-the-technical-conference-in-swarzedz\/\",\"url\":\"https:\/\/antersystem.com\/it\/notizie\/summary-of-the-technical-conference-in-swarzedz\/\",\"name\":\"Sintesi della Conferenza Tecnica di Swarz\u0119dz - Anter System\",\"isPartOf\":{\"@id\":\"https:\/\/antersystem.com\/it\/#website\"},\"datePublished\":\"2024-12-10T09:04:39+00:00\",\"dateModified\":\"2026-02-04T11:37:23+00:00\",\"description\":\"Sintesi della Conferenza Tecnica di Swarz\u0119dz - 5 dicembre 2024 Il 5 dicembre a Swarz\u0119dz, vicino a Pozna\u0144, si \u00e8 tenuta la conferenza tecnica dal titolo\",\"breadcrumb\":{\"@id\":\"https:\/\/antersystem.com\/it\/notizie\/summary-of-the-technical-conference-in-swarzedz\/#breadcrumb\"},\"inLanguage\":\"it-IT\",\"potentialAction\":[{\"@type\":\"ReadAction\",\"target\":[\"https:\/\/antersystem.com\/it\/notizie\/summary-of-the-technical-conference-in-swarzedz\/\"]}]},{\"@type\":\"BreadcrumbList\",\"@id\":\"https:\/\/antersystem.com\/it\/notizie\/summary-of-the-technical-conference-in-swarzedz\/#breadcrumb\",\"itemListElement\":[{\"@type\":\"ListItem\",\"position\":1,\"name\":\"AnterSystem\",\"item\":\"https:\/\/antersystem.com\/it\/\"},{\"@type\":\"ListItem\",\"position\":2,\"name\":\"Notizie\",\"item\":\"https:\/\/antersystem.com\/it\/notizie\/\"},{\"@type\":\"ListItem\",\"position\":3,\"name\":\"Sintesi della Conferenza Tecnica di Swarz\u0119dz\"}]},{\"@type\":\"WebSite\",\"@id\":\"https:\/\/antersystem.com\/it\/#website\",\"url\":\"https:\/\/antersystem.com\/it\/\",\"name\":\"Anter System\",\"description\":\"Jeste\u015bmy polskim producentem elastycznych barier ochronnych wykonywanych z polimerowych tworzyw sztucznych. Na rynku krajowym i zagranicznym dzia\u0142amy od ponad 15 lat dbaj\u0105c o zapewnienie bezpiecze\u0144stwa w zak\u0142adach produkcyjnych, magazynach oraz centrach logistycznych.\",\"potentialAction\":[{\"@type\":\"SearchAction\",\"target\":{\"@type\":\"EntryPoint\",\"urlTemplate\":\"https:\/\/antersystem.com\/it\/?s={search_term_string}\"},\"query-input\":{\"@type\":\"PropertyValueSpecification\",\"valueRequired\":true,\"valueName\":\"search_term_string\"}}],\"inLanguage\":\"it-IT\"}]}<\/script>\n<!-- \/ Yoast SEO plugin. -->","yoast_head_json":{"title":"Sintesi della Conferenza Tecnica di Swarz\u0119dz - Anter System","description":"Sintesi della Conferenza Tecnica di Swarz\u0119dz - 5 dicembre 2024 Il 5 dicembre a Swarz\u0119dz, vicino a Pozna\u0144, si \u00e8 tenuta la conferenza tecnica dal titolo","robots":{"index":"index","follow":"follow","max-snippet":"max-snippet:-1","max-image-preview":"max-image-preview:large","max-video-preview":"max-video-preview:-1"},"canonical":"https:\/\/antersystem.com\/it\/notizie\/summary-of-the-technical-conference-in-swarzedz\/","og_locale":"it_IT","og_type":"article","og_title":"Sintesi della Conferenza Tecnica di Swarz\u0119dz - Anter System","og_description":"Sintesi della Conferenza Tecnica di Swarz\u0119dz - 5 dicembre 2024 Il 5 dicembre a Swarz\u0119dz, vicino a Pozna\u0144, si \u00e8 tenuta la conferenza tecnica dal titolo","og_url":"https:\/\/antersystem.com\/it\/notizie\/summary-of-the-technical-conference-in-swarzedz\/","og_site_name":"Anter System","article_modified_time":"2026-02-04T11:37:23+00:00","twitter_card":"summary_large_image","twitter_misc":{"Tempo di lettura stimato":"2 minuti"},"schema":{"@context":"https:\/\/schema.org","@graph":[{"@type":"WebPage","@id":"https:\/\/antersystem.com\/it\/notizie\/summary-of-the-technical-conference-in-swarzedz\/","url":"https:\/\/antersystem.com\/it\/notizie\/summary-of-the-technical-conference-in-swarzedz\/","name":"Sintesi della Conferenza Tecnica di Swarz\u0119dz - Anter System","isPartOf":{"@id":"https:\/\/antersystem.com\/it\/#website"},"datePublished":"2024-12-10T09:04:39+00:00","dateModified":"2026-02-04T11:37:23+00:00","description":"Sintesi della Conferenza Tecnica di Swarz\u0119dz - 5 dicembre 2024 Il 5 dicembre a Swarz\u0119dz, vicino a Pozna\u0144, si \u00e8 tenuta la conferenza tecnica dal titolo","breadcrumb":{"@id":"https:\/\/antersystem.com\/it\/notizie\/summary-of-the-technical-conference-in-swarzedz\/#breadcrumb"},"inLanguage":"it-IT","potentialAction":[{"@type":"ReadAction","target":["https:\/\/antersystem.com\/it\/notizie\/summary-of-the-technical-conference-in-swarzedz\/"]}]},{"@type":"BreadcrumbList","@id":"https:\/\/antersystem.com\/it\/notizie\/summary-of-the-technical-conference-in-swarzedz\/#breadcrumb","itemListElement":[{"@type":"ListItem","position":1,"name":"AnterSystem","item":"https:\/\/antersystem.com\/it\/"},{"@type":"ListItem","position":2,"name":"Notizie","item":"https:\/\/antersystem.com\/it\/notizie\/"},{"@type":"ListItem","position":3,"name":"Sintesi della Conferenza Tecnica di Swarz\u0119dz"}]},{"@type":"WebSite","@id":"https:\/\/antersystem.com\/it\/#website","url":"https:\/\/antersystem.com\/it\/","name":"Anter System","description":"Jeste\u015bmy polskim producentem elastycznych barier ochronnych wykonywanych z polimerowych tworzyw sztucznych. Na rynku krajowym i zagranicznym dzia\u0142amy od ponad 15 lat dbaj\u0105c o zapewnienie bezpiecze\u0144stwa w zak\u0142adach produkcyjnych, magazynach oraz centrach logistycznych.","potentialAction":[{"@type":"SearchAction","target":{"@type":"EntryPoint","urlTemplate":"https:\/\/antersystem.com\/it\/?s={search_term_string}"},"query-input":{"@type":"PropertyValueSpecification","valueRequired":true,"valueName":"search_term_string"}}],"inLanguage":"it-IT"}]}},"_links":{"self":[{"href":"https:\/\/antersystem.com\/it\/wp-json\/wp\/v2\/pages\/39397","targetHints":{"allow":["GET"]}}],"collection":[{"href":"https:\/\/antersystem.com\/it\/wp-json\/wp\/v2\/pages"}],"about":[{"href":"https:\/\/antersystem.com\/it\/wp-json\/wp\/v2\/types\/page"}],"author":[{"embeddable":true,"href":"https:\/\/antersystem.com\/it\/wp-json\/wp\/v2\/users\/1"}],"replies":[{"embeddable":true,"href":"https:\/\/antersystem.com\/it\/wp-json\/wp\/v2\/comments?post=39397"}],"version-history":[{"count":1,"href":"https:\/\/antersystem.com\/it\/wp-json\/wp\/v2\/pages\/39397\/revisions"}],"predecessor-version":[{"id":39398,"href":"https:\/\/antersystem.com\/it\/wp-json\/wp\/v2\/pages\/39397\/revisions\/39398"}],"up":[{"embeddable":true,"href":"https:\/\/antersystem.com\/it\/wp-json\/wp\/v2\/pages\/30444"}],"wp:attachment":[{"href":"https:\/\/antersystem.com\/it\/wp-json\/wp\/v2\/media?parent=39397"}],"curies":[{"name":"wp","href":"https:\/\/api.w.org\/{rel}","templated":true}]}}