{"id":39450,"date":"2024-06-18T10:35:57","date_gmt":"2024-06-18T08:35:57","guid":{"rendered":"https:\/\/antersystem.com\/notizie\/mid-magazine-an-exhibition-mix-wystawowa-mieszanka\/"},"modified":"2026-02-04T13:18:05","modified_gmt":"2026-02-04T12:18:05","slug":"mid-magazine-an-exhibition-mix-wystawowa-mieszanka","status":"publish","type":"page","link":"https:\/\/antersystem.com\/it\/notizie\/mid-magazine-an-exhibition-mix-wystawowa-mieszanka\/","title":{"rendered":"Rivista MID &#8220;Un mix di mostre&#8221; &#8211; &#8220;Wystawowa mieszanka"},"content":{"rendered":"\n<div class=\"wp-block-columns is-layout-flex wp-container-core-columns-is-layout-9d6595d7 wp-block-columns-is-layout-flex\">\n<div class=\"wp-block-column is-layout-flow wp-block-column-is-layout-flow\" style=\"flex-basis:10%\"><\/div>\n\n\n\n<div class=\"wp-block-column is-layout-flow wp-block-column-is-layout-flow\">\n<h2 class=\"wp-block-heading\">MID 3\/2024. Panoramica dei prodotti presentati di recente alle fiere della logistica.<\/h2>\n\n\n\n<p>L&#8217;ultimo numero della rivista MID si \u00e8 assunto il compito di raccogliere le principali informazioni sui prodotti per coloro che desiderano rimanere aggiornati sulle innovazioni nel settore della logistica ma che non hanno potuto partecipare a fiere come la SAWO Occupational Safety Fair (dove, tra l&#8217;altro, siamo stati premiati con la medaglia d&#8217;oro). <a href=\"https:\/\/antersystem.com\/it\/notizie\/gold-medal-traffic-dock-gate\/\"><span style=\"color: #000080;\"><strong>puoi leggere qui<\/strong><\/span><\/a>). Il team editoriale sottolinea inoltre che i prodotti Anter System sono soluzioni complete per proteggere i processi produttivi e i lavoratori del magazzino dalle collisioni con i carrelli elevatori. Il fatto che di recente abbiamo presentato le nostre soluzioni in occasione di numerosi eventi del settore ha sicuramente aumentato il nostro riconoscimento sul mercato. Tuttavia, se questo \u00e8 il tuo primo contatto con la nostra azienda e stai iniziando a comprendere le trasformazioni degli spazi logistici, prenditi un momento per notare alcune caratteristiche chiave di Anter System che possono tradursi direttamente in un miglioramento delle condizioni di lavoro nella tua struttura.   <\/p>\n\n<p><strong>Cosa ci distingue?<\/strong><\/p>\n<ul>\n<li>Elevata durata del prodotto: le nostre soluzioni resistono a impatti molte volte superiori a quelli dei prodotti in acciaio, come confermato dai test PAS 13 e dal feedback dei clienti.<\/li>\n<li>Qualit\u00e0 e conformit\u00e0 agli standard europei &#8211; I prodotti Anter System sono sottoposti a test rigorosi e certificati dal rinomato istituto T\u00dcV Rheinland.<\/li>\n<li>Ampia gamma di prodotti &#8211; su misura per le esigenze delle singole aziende e per le condizioni specifiche del sito di installazione, dalla protezione a livello del pavimento alle barriere per le alte corsie, tenendo conto del traffico di veicoli all&#8217;interno della struttura.<\/li>\n<li>Innovazione: ci concentriamo su soluzioni moderne, implementando sistemi automatizzati che migliorano la sicurezza e migliorando continuamente i nostri prodotti.<\/li>\n<li>Modularit\u00e0 &#8211; le barriere possono essere facilmente collegate, spostate e ampliate per adattarsi alle mutevoli condizioni di produzione o di magazzino.<\/li>\n<li>Ecologia: i nostri prodotti sono riciclabili al 100% e contribuiscono a ridurre l&#8217;impronta di carbonio.<\/li>\n<\/ul>\n\n<p>Il materiale redatto dal team MID ti aiuter\u00e0 sicuramente a prendere decisioni di acquisto consapevoli, non solo nella scelta delle barriere di sicurezza, ma anche delle soluzioni che utilizzano le tecnologie AI. Vale sicuramente la pena di leggerlo! \ud83d\ude42 L&#8217;articolo \u00e8 disponibile qui sotto, mentre il numero completo \u00e8 disponibile sul sito web dell&#8217;editore.  <\/p>\n<\/div>\n\n\n\n<div class=\"wp-block-column is-layout-flow wp-block-column-is-layout-flow\" style=\"flex-basis:10%\"><\/div>\n<\/div>\n\n<div data-wp-interactive=\"core\/file\" class=\"wp-block-file\"><object data-wp-bind--hidden=\"!state.hasPdfPreview\" hidden class=\"wp-block-file__embed\" data=\"https:\/\/antersystem.com\/wp-content\/uploads\/MID_99_3_2024_Anter-System.pdf\" type=\"application\/pdf\" style=\"width:100%;height:600px\" aria-label=\"Incorporamento di MID_99_3_2024_Anter-System.\"><\/object><a id=\"wp-block-file--media-81b055e1-ad38-4bf5-98d8-870bb86c3edb\" href=\"https:\/\/antersystem.com\/wp-content\/uploads\/MID_99_3_2024_Anter-System.pdf\">MID_99_3_2024_Anter-System<\/a><a href=\"https:\/\/antersystem.com\/wp-content\/uploads\/MID_99_3_2024_Anter-System.pdf\" class=\"wp-block-file__button wp-element-button\" download=\"\" aria-describedby=\"wp-block-file--media-81b055e1-ad38-4bf5-98d8-870bb86c3edb\">Scarica<\/a><\/div>\n","protected":false},"excerpt":{"rendered":"<p>MID 3\/2024. Panoramica dei prodotti presentati di recente alle fiere della logistica. L&#8217;ultimo numero della rivista MID si \u00e8 assunto il compito di raccogliere le principali informazioni sui prodotti per coloro che desiderano rimanere aggiornati sulle innovazioni nel settore della logistica ma che non hanno potuto partecipare a fiere come la SAWO Occupational Safety Fair [&hellip;]<\/p>\n","protected":false},"author":1,"featured_media":0,"parent":30444,"menu_order":0,"comment_status":"closed","ping_status":"closed","template":"","meta":{"inline_featured_image":false,"ngg_post_thumbnail":0,"footnotes":""},"class_list":["post-39450","page","type-page","status-publish","hentry"],"acf":[],"yoast_head":"<!-- This site is optimized with the Yoast SEO plugin v27.0 - https:\/\/yoast.com\/product\/yoast-seo-wordpress\/ -->\n<title>Rivista MID &quot;Un mix di mostre&quot; - &quot;Wystawowa mieszanka - Anter System<\/title>\n<meta name=\"description\" content=\"Il magazine MID si\u0119 o zebranie wa\u017cnych wskaza\u0144 ofertowych, dla tych, kt\u00f3rzy chc\u0105 by\u0107 na bie\u017c\u0105co z nowinkami bran\u017cy logistycznej\" \/>\n<meta name=\"robots\" content=\"index, follow, max-snippet:-1, max-image-preview:large, max-video-preview:-1\" \/>\n<link rel=\"canonical\" href=\"https:\/\/antersystem.com\/it\/notizie\/mid-magazine-an-exhibition-mix-wystawowa-mieszanka\/\" \/>\n<meta property=\"og:locale\" content=\"it_IT\" \/>\n<meta property=\"og:type\" content=\"article\" \/>\n<meta property=\"og:title\" content=\"Rivista MID &quot;Un mix di mostre&quot; - &quot;Wystawowa mieszanka - Anter System\" \/>\n<meta property=\"og:description\" content=\"Il magazine MID si\u0119 o zebranie wa\u017cnych wskaza\u0144 ofertowych, dla tych, kt\u00f3rzy chc\u0105 by\u0107 na bie\u017c\u0105co z nowinkami bran\u017cy logistycznej\" \/>\n<meta property=\"og:url\" content=\"https:\/\/antersystem.com\/it\/notizie\/mid-magazine-an-exhibition-mix-wystawowa-mieszanka\/\" \/>\n<meta property=\"og:site_name\" content=\"Anter System\" \/>\n<meta property=\"article:modified_time\" content=\"2026-02-04T12:18:05+00:00\" \/>\n<meta name=\"twitter:card\" content=\"summary_large_image\" \/>\n<meta name=\"twitter:label1\" content=\"Tempo di lettura stimato\" \/>\n\t<meta name=\"twitter:data1\" content=\"2 minuti\" \/>\n<script type=\"application\/ld+json\" class=\"yoast-schema-graph\">{\"@context\":\"https:\/\/schema.org\",\"@graph\":[{\"@type\":\"WebPage\",\"@id\":\"https:\/\/antersystem.com\/it\/notizie\/mid-magazine-an-exhibition-mix-wystawowa-mieszanka\/\",\"url\":\"https:\/\/antersystem.com\/it\/notizie\/mid-magazine-an-exhibition-mix-wystawowa-mieszanka\/\",\"name\":\"Rivista MID \\\"Un mix di mostre\\\" - \\\"Wystawowa mieszanka - Anter System\",\"isPartOf\":{\"@id\":\"https:\/\/antersystem.com\/it\/#website\"},\"datePublished\":\"2024-06-18T08:35:57+00:00\",\"dateModified\":\"2026-02-04T12:18:05+00:00\",\"description\":\"Il magazine MID si\u0119 o zebranie wa\u017cnych wskaza\u0144 ofertowych, dla tych, kt\u00f3rzy chc\u0105 by\u0107 na bie\u017c\u0105co z nowinkami bran\u017cy logistycznej\",\"breadcrumb\":{\"@id\":\"https:\/\/antersystem.com\/it\/notizie\/mid-magazine-an-exhibition-mix-wystawowa-mieszanka\/#breadcrumb\"},\"inLanguage\":\"it-IT\",\"potentialAction\":[{\"@type\":\"ReadAction\",\"target\":[\"https:\/\/antersystem.com\/it\/notizie\/mid-magazine-an-exhibition-mix-wystawowa-mieszanka\/\"]}]},{\"@type\":\"BreadcrumbList\",\"@id\":\"https:\/\/antersystem.com\/it\/notizie\/mid-magazine-an-exhibition-mix-wystawowa-mieszanka\/#breadcrumb\",\"itemListElement\":[{\"@type\":\"ListItem\",\"position\":1,\"name\":\"AnterSystem\",\"item\":\"https:\/\/antersystem.com\/it\/\"},{\"@type\":\"ListItem\",\"position\":2,\"name\":\"Notizie\",\"item\":\"https:\/\/antersystem.com\/it\/notizie\/\"},{\"@type\":\"ListItem\",\"position\":3,\"name\":\"Rivista MID &#8220;Un mix di mostre&#8221; &#8211; &#8220;Wystawowa mieszanka\"}]},{\"@type\":\"WebSite\",\"@id\":\"https:\/\/antersystem.com\/it\/#website\",\"url\":\"https:\/\/antersystem.com\/it\/\",\"name\":\"Anter System\",\"description\":\"Jeste\u015bmy polskim producentem elastycznych barier ochronnych wykonywanych z polimerowych tworzyw sztucznych. Na rynku krajowym i zagranicznym dzia\u0142amy od ponad 15 lat dbaj\u0105c o zapewnienie bezpiecze\u0144stwa w zak\u0142adach produkcyjnych, magazynach oraz centrach logistycznych.\",\"potentialAction\":[{\"@type\":\"SearchAction\",\"target\":{\"@type\":\"EntryPoint\",\"urlTemplate\":\"https:\/\/antersystem.com\/it\/?s={search_term_string}\"},\"query-input\":{\"@type\":\"PropertyValueSpecification\",\"valueRequired\":true,\"valueName\":\"search_term_string\"}}],\"inLanguage\":\"it-IT\"}]}<\/script>\n<!-- \/ Yoast SEO plugin. -->","yoast_head_json":{"title":"Rivista MID \"Un mix di mostre\" - \"Wystawowa mieszanka - Anter System","description":"Il magazine MID si\u0119 o zebranie wa\u017cnych wskaza\u0144 ofertowych, dla tych, kt\u00f3rzy chc\u0105 by\u0107 na bie\u017c\u0105co z nowinkami bran\u017cy logistycznej","robots":{"index":"index","follow":"follow","max-snippet":"max-snippet:-1","max-image-preview":"max-image-preview:large","max-video-preview":"max-video-preview:-1"},"canonical":"https:\/\/antersystem.com\/it\/notizie\/mid-magazine-an-exhibition-mix-wystawowa-mieszanka\/","og_locale":"it_IT","og_type":"article","og_title":"Rivista MID \"Un mix di mostre\" - \"Wystawowa mieszanka - Anter System","og_description":"Il magazine MID si\u0119 o zebranie wa\u017cnych wskaza\u0144 ofertowych, dla tych, kt\u00f3rzy chc\u0105 by\u0107 na bie\u017c\u0105co z nowinkami bran\u017cy logistycznej","og_url":"https:\/\/antersystem.com\/it\/notizie\/mid-magazine-an-exhibition-mix-wystawowa-mieszanka\/","og_site_name":"Anter System","article_modified_time":"2026-02-04T12:18:05+00:00","twitter_card":"summary_large_image","twitter_misc":{"Tempo di lettura stimato":"2 minuti"},"schema":{"@context":"https:\/\/schema.org","@graph":[{"@type":"WebPage","@id":"https:\/\/antersystem.com\/it\/notizie\/mid-magazine-an-exhibition-mix-wystawowa-mieszanka\/","url":"https:\/\/antersystem.com\/it\/notizie\/mid-magazine-an-exhibition-mix-wystawowa-mieszanka\/","name":"Rivista MID \"Un mix di mostre\" - \"Wystawowa mieszanka - Anter System","isPartOf":{"@id":"https:\/\/antersystem.com\/it\/#website"},"datePublished":"2024-06-18T08:35:57+00:00","dateModified":"2026-02-04T12:18:05+00:00","description":"Il magazine MID si\u0119 o zebranie wa\u017cnych wskaza\u0144 ofertowych, dla tych, kt\u00f3rzy chc\u0105 by\u0107 na bie\u017c\u0105co z nowinkami bran\u017cy logistycznej","breadcrumb":{"@id":"https:\/\/antersystem.com\/it\/notizie\/mid-magazine-an-exhibition-mix-wystawowa-mieszanka\/#breadcrumb"},"inLanguage":"it-IT","potentialAction":[{"@type":"ReadAction","target":["https:\/\/antersystem.com\/it\/notizie\/mid-magazine-an-exhibition-mix-wystawowa-mieszanka\/"]}]},{"@type":"BreadcrumbList","@id":"https:\/\/antersystem.com\/it\/notizie\/mid-magazine-an-exhibition-mix-wystawowa-mieszanka\/#breadcrumb","itemListElement":[{"@type":"ListItem","position":1,"name":"AnterSystem","item":"https:\/\/antersystem.com\/it\/"},{"@type":"ListItem","position":2,"name":"Notizie","item":"https:\/\/antersystem.com\/it\/notizie\/"},{"@type":"ListItem","position":3,"name":"Rivista MID &#8220;Un mix di mostre&#8221; &#8211; &#8220;Wystawowa mieszanka"}]},{"@type":"WebSite","@id":"https:\/\/antersystem.com\/it\/#website","url":"https:\/\/antersystem.com\/it\/","name":"Anter System","description":"Jeste\u015bmy polskim producentem elastycznych barier ochronnych wykonywanych z polimerowych tworzyw sztucznych. Na rynku krajowym i zagranicznym dzia\u0142amy od ponad 15 lat dbaj\u0105c o zapewnienie bezpiecze\u0144stwa w zak\u0142adach produkcyjnych, magazynach oraz centrach logistycznych.","potentialAction":[{"@type":"SearchAction","target":{"@type":"EntryPoint","urlTemplate":"https:\/\/antersystem.com\/it\/?s={search_term_string}"},"query-input":{"@type":"PropertyValueSpecification","valueRequired":true,"valueName":"search_term_string"}}],"inLanguage":"it-IT"}]}},"_links":{"self":[{"href":"https:\/\/antersystem.com\/it\/wp-json\/wp\/v2\/pages\/39450","targetHints":{"allow":["GET"]}}],"collection":[{"href":"https:\/\/antersystem.com\/it\/wp-json\/wp\/v2\/pages"}],"about":[{"href":"https:\/\/antersystem.com\/it\/wp-json\/wp\/v2\/types\/page"}],"author":[{"embeddable":true,"href":"https:\/\/antersystem.com\/it\/wp-json\/wp\/v2\/users\/1"}],"replies":[{"embeddable":true,"href":"https:\/\/antersystem.com\/it\/wp-json\/wp\/v2\/comments?post=39450"}],"version-history":[{"count":1,"href":"https:\/\/antersystem.com\/it\/wp-json\/wp\/v2\/pages\/39450\/revisions"}],"predecessor-version":[{"id":39451,"href":"https:\/\/antersystem.com\/it\/wp-json\/wp\/v2\/pages\/39450\/revisions\/39451"}],"up":[{"embeddable":true,"href":"https:\/\/antersystem.com\/it\/wp-json\/wp\/v2\/pages\/30444"}],"wp:attachment":[{"href":"https:\/\/antersystem.com\/it\/wp-json\/wp\/v2\/media?parent=39450"}],"curies":[{"name":"wp","href":"https:\/\/api.w.org\/{rel}","templated":true}]}}