{"id":39480,"date":"2024-03-27T16:28:30","date_gmt":"2024-03-27T15:28:30","guid":{"rendered":"https:\/\/antersystem.com\/notizie\/automotive-cee-day\/"},"modified":"2026-02-04T13:51:25","modified_gmt":"2026-02-04T12:51:25","slug":"automotive-cee-day","status":"publish","type":"page","link":"https:\/\/antersystem.com\/it\/notizie\/automotive-cee-day\/","title":{"rendered":"Giornata Automotive CEE"},"content":{"rendered":"\n<div class=\"wp-block-columns is-layout-flex wp-container-core-columns-is-layout-9d6595d7 wp-block-columns-is-layout-flex\">\n<div class=\"wp-block-column is-layout-flow wp-block-column-is-layout-flow\" style=\"flex-basis:10%\"><\/div>\n\n\n\n<div class=\"wp-block-column is-layout-flow wp-block-column-is-layout-flow\">\n<h3 class=\"wp-block-heading\">9\u00b0 Meeting degli Acquisti Automobilistici &#8211; 18-19 aprile 2024<\/h3>\n\n\n\n<p><strong>L&#8217;Automotive CEE Day &#8211; un evento organizzato da AutomotiveSuppliers.pl e dalla Citt\u00e0 di Opole &#8211; \u00e8 un&#8217;ottima occasione per incontrare i principali attori dell&#8217;industria automobilistica.<\/strong>  Il 18 e 19 aprile a Opole, l&#8217;evento riunir\u00e0 i rappresentanti delle principali case automobilistiche e dei fornitori di primo livello.<\/p>\n\n\n\n<p>Nel corso di due giorni, i partecipanti avranno l&#8217;opportunit\u00e0 di incontrare i clienti pi\u00f9 importanti per loro e di presentare le loro capacit\u00e0 produttive e di servizio. Come sottolineano gli organizzatori, l&#8217;evento si avvale di un&#8217;avanzata piattaforma di matchmaking B2B che consente un preciso abbinamento dei partner commerciali. Si preannuncia come un evento dinamico nel mondo dell&#8217;automotive e, speriamo, con ottimi risultati. Si attende un gran numero di rappresentanti di aziende globali e di mercati locali.   <\/p>\n\n\n\n<p>Non vediamo l&#8217;ora di incontrare potenziali partner commerciali e tecnologici per scambiare idee, impressioni e know-how. Per 15 anni abbiamo acquisito esperienza <strong>nel settore automobilistico, fornendo ai principali produttori sistemi che migliorano la sicurezza e si adattano ai cambiamenti dinamici.<\/strong> I nostri <a href=\"https:\/\/antersystem.com\/kategorie_produktow\/bariery-bezpieczenstwa-dla-pieszych\/\">prodotti assicurano una separazione affidabile delle zone di produzione e logistica<\/a> e garantiscono la sicurezza delle aree di carico. <a href=\"https:\/\/antersystem.com\/kategorie_produktow\/technika-zaladunkowa\/\"><strong>I cavalletti stabilizzatori anteriori e posteriori per rimorchi<\/strong><\/a> utilizzati durante le operazioni logistiche proteggono le persone, le merci e le infrastrutture da eventuali danni. Inoltre, aiutano a ridurre i tempi di carico e a migliorare l&#8217;utilizzo dei veicoli, soprattutto quelli che svolgono temporaneamente funzioni di supporto.  <\/p>\n\n\n\n<p>Cogli l&#8217;occasione per scambiare opinioni ed esperienze con gli altri partecipanti! Vieni a trovarci allo <strong>stand B<\/strong> per vedere i <strong>prodotti Anter System<\/strong> in azione. <\/p>\n\n\n\n<p>Programma dell&#8217;evento: <strong><a href=\"https:\/\/www.automotiveceeday.eu\/page-3761\">automotiveceeday.eu<\/a><\/strong><\/p>\n\n\n\n<p><strong>#AutomotiveCEEDay #automotive #OHS #manifattura #flexiblesafetybarriers<\/strong><\/p>\n<\/div>\n\n\n\n<div class=\"wp-block-column is-layout-flow wp-block-column-is-layout-flow\" style=\"flex-basis:10%\"><\/div>\n<\/div>\n<div class=\"wp-block-image\">\n<figure class=\"aligncenter size-large is-resized\"><img loading=\"lazy\" decoding=\"async\" width=\"1024\" height=\"535\" src=\"https:\/\/antersystem.com\/wp-content\/uploads\/CEE-DAY-18-19-kwieccien-Anter-System-3-1024x535.jpg\" alt=\"L'immagine &#xE8; un invito di Anter System a partecipare agli incontri di acquisto del CEE Day a Opole, il 18-19 aprile 2024.\" class=\"wp-image-4335\" style=\"width:720px;height:auto\" srcset=\"https:\/\/antersystem.com\/wp-content\/uploads\/CEE-DAY-18-19-kwieccien-Anter-System-3-1024x535.jpg 1024w, https:\/\/antersystem.com\/wp-content\/uploads\/CEE-DAY-18-19-kwieccien-Anter-System-3-300x157.jpg 300w, https:\/\/antersystem.com\/wp-content\/uploads\/CEE-DAY-18-19-kwieccien-Anter-System-3-768x401.jpg 768w, https:\/\/antersystem.com\/wp-content\/uploads\/CEE-DAY-18-19-kwieccien-Anter-System-3-450x235.jpg 450w, https:\/\/antersystem.com\/wp-content\/uploads\/CEE-DAY-18-19-kwieccien-Anter-System-3-330x172.jpg 330w, https:\/\/antersystem.com\/wp-content\/uploads\/CEE-DAY-18-19-kwieccien-Anter-System-3.jpg 1200w\" sizes=\"auto, (max-width: 1024px) 100vw, 1024px\" \/><\/figure><\/div>","protected":false},"excerpt":{"rendered":"<p>9\u00b0 Meeting degli Acquisti Automobilistici &#8211; 18-19 aprile 2024 L&#8217;Automotive CEE Day &#8211; un evento organizzato da AutomotiveSuppliers.pl e dalla Citt\u00e0 di Opole &#8211; \u00e8 un&#8217;ottima occasione per incontrare i principali attori dell&#8217;industria automobilistica. Il 18 e 19 aprile a Opole, l&#8217;evento riunir\u00e0 i rappresentanti delle principali case automobilistiche e dei fornitori di primo livello. [&hellip;]<\/p>\n","protected":false},"author":1,"featured_media":0,"parent":30444,"menu_order":0,"comment_status":"closed","ping_status":"closed","template":"","meta":{"inline_featured_image":false,"ngg_post_thumbnail":0,"footnotes":""},"class_list":["post-39480","page","type-page","status-publish","hentry"],"acf":[],"yoast_head":"<!-- This site is optimized with the Yoast SEO plugin v27.0 - https:\/\/yoast.com\/product\/yoast-seo-wordpress\/ -->\n<title>Giornata Automotive CEE - Anter System<\/title>\n<meta name=\"description\" content=\"Automotive CEE Day - wydarzenie organizowane przez AutomotiveSuppliers.pl i samorz\u0105d miasta Opole - to doskona\u0142a okazja do spotka\u0144\" \/>\n<meta name=\"robots\" content=\"index, follow, max-snippet:-1, max-image-preview:large, max-video-preview:-1\" \/>\n<link rel=\"canonical\" href=\"https:\/\/antersystem.com\/it\/notizie\/automotive-cee-day\/\" \/>\n<meta property=\"og:locale\" content=\"it_IT\" \/>\n<meta property=\"og:type\" content=\"article\" \/>\n<meta property=\"og:title\" content=\"Giornata Automotive CEE - Anter System\" \/>\n<meta property=\"og:description\" content=\"Automotive CEE Day - wydarzenie organizowane przez AutomotiveSuppliers.pl i samorz\u0105d miasta Opole - to doskona\u0142a okazja do spotka\u0144\" \/>\n<meta property=\"og:url\" content=\"https:\/\/antersystem.com\/it\/notizie\/automotive-cee-day\/\" \/>\n<meta property=\"og:site_name\" content=\"Anter System\" \/>\n<meta property=\"article:modified_time\" content=\"2026-02-04T12:51:25+00:00\" \/>\n<meta property=\"og:image\" content=\"https:\/\/antersystem.com\/wp-content\/uploads\/CEE-DAY-18-19-kwieccien-Anter-System-3-1024x535.jpg\" \/>\n<meta name=\"twitter:card\" content=\"summary_large_image\" \/>\n<meta name=\"twitter:label1\" content=\"Tempo di lettura stimato\" \/>\n\t<meta name=\"twitter:data1\" content=\"1 minuto\" \/>\n<script type=\"application\/ld+json\" class=\"yoast-schema-graph\">{\"@context\":\"https:\/\/schema.org\",\"@graph\":[{\"@type\":\"WebPage\",\"@id\":\"https:\/\/antersystem.com\/it\/notizie\/automotive-cee-day\/\",\"url\":\"https:\/\/antersystem.com\/it\/notizie\/automotive-cee-day\/\",\"name\":\"Giornata Automotive CEE - Anter System\",\"isPartOf\":{\"@id\":\"https:\/\/antersystem.com\/it\/#website\"},\"primaryImageOfPage\":{\"@id\":\"https:\/\/antersystem.com\/it\/notizie\/automotive-cee-day\/#primaryimage\"},\"image\":{\"@id\":\"https:\/\/antersystem.com\/it\/notizie\/automotive-cee-day\/#primaryimage\"},\"thumbnailUrl\":\"https:\/\/antersystem.com\/wp-content\/uploads\/CEE-DAY-18-19-kwieccien-Anter-System-3-1024x535.jpg\",\"datePublished\":\"2024-03-27T15:28:30+00:00\",\"dateModified\":\"2026-02-04T12:51:25+00:00\",\"description\":\"Automotive CEE Day - wydarzenie organizowane przez AutomotiveSuppliers.pl i samorz\u0105d miasta Opole - to doskona\u0142a okazja do spotka\u0144\",\"breadcrumb\":{\"@id\":\"https:\/\/antersystem.com\/it\/notizie\/automotive-cee-day\/#breadcrumb\"},\"inLanguage\":\"it-IT\",\"potentialAction\":[{\"@type\":\"ReadAction\",\"target\":[\"https:\/\/antersystem.com\/it\/notizie\/automotive-cee-day\/\"]}]},{\"@type\":\"ImageObject\",\"inLanguage\":\"it-IT\",\"@id\":\"https:\/\/antersystem.com\/it\/notizie\/automotive-cee-day\/#primaryimage\",\"url\":\"https:\/\/antersystem.com\/wp-content\/uploads\/CEE-DAY-18-19-kwieccien-Anter-System-3-1024x535.jpg\",\"contentUrl\":\"https:\/\/antersystem.com\/wp-content\/uploads\/CEE-DAY-18-19-kwieccien-Anter-System-3-1024x535.jpg\"},{\"@type\":\"BreadcrumbList\",\"@id\":\"https:\/\/antersystem.com\/it\/notizie\/automotive-cee-day\/#breadcrumb\",\"itemListElement\":[{\"@type\":\"ListItem\",\"position\":1,\"name\":\"AnterSystem\",\"item\":\"https:\/\/antersystem.com\/it\/\"},{\"@type\":\"ListItem\",\"position\":2,\"name\":\"Notizie\",\"item\":\"https:\/\/antersystem.com\/it\/notizie\/\"},{\"@type\":\"ListItem\",\"position\":3,\"name\":\"Giornata Automotive CEE\"}]},{\"@type\":\"WebSite\",\"@id\":\"https:\/\/antersystem.com\/it\/#website\",\"url\":\"https:\/\/antersystem.com\/it\/\",\"name\":\"Anter System\",\"description\":\"Jeste\u015bmy polskim producentem elastycznych barier ochronnych wykonywanych z polimerowych tworzyw sztucznych. Na rynku krajowym i zagranicznym dzia\u0142amy od ponad 15 lat dbaj\u0105c o zapewnienie bezpiecze\u0144stwa w zak\u0142adach produkcyjnych, magazynach oraz centrach logistycznych.\",\"potentialAction\":[{\"@type\":\"SearchAction\",\"target\":{\"@type\":\"EntryPoint\",\"urlTemplate\":\"https:\/\/antersystem.com\/it\/?s={search_term_string}\"},\"query-input\":{\"@type\":\"PropertyValueSpecification\",\"valueRequired\":true,\"valueName\":\"search_term_string\"}}],\"inLanguage\":\"it-IT\"}]}<\/script>\n<!-- \/ Yoast SEO plugin. -->","yoast_head_json":{"title":"Giornata Automotive CEE - Anter System","description":"Automotive CEE Day - wydarzenie organizowane przez AutomotiveSuppliers.pl i samorz\u0105d miasta Opole - to doskona\u0142a okazja do spotka\u0144","robots":{"index":"index","follow":"follow","max-snippet":"max-snippet:-1","max-image-preview":"max-image-preview:large","max-video-preview":"max-video-preview:-1"},"canonical":"https:\/\/antersystem.com\/it\/notizie\/automotive-cee-day\/","og_locale":"it_IT","og_type":"article","og_title":"Giornata Automotive CEE - Anter System","og_description":"Automotive CEE Day - wydarzenie organizowane przez AutomotiveSuppliers.pl i samorz\u0105d miasta Opole - to doskona\u0142a okazja do spotka\u0144","og_url":"https:\/\/antersystem.com\/it\/notizie\/automotive-cee-day\/","og_site_name":"Anter System","article_modified_time":"2026-02-04T12:51:25+00:00","og_image":[{"url":"https:\/\/antersystem.com\/wp-content\/uploads\/CEE-DAY-18-19-kwieccien-Anter-System-3-1024x535.jpg","type":"","width":"","height":""}],"twitter_card":"summary_large_image","twitter_misc":{"Tempo di lettura stimato":"1 minuto"},"schema":{"@context":"https:\/\/schema.org","@graph":[{"@type":"WebPage","@id":"https:\/\/antersystem.com\/it\/notizie\/automotive-cee-day\/","url":"https:\/\/antersystem.com\/it\/notizie\/automotive-cee-day\/","name":"Giornata Automotive CEE - Anter System","isPartOf":{"@id":"https:\/\/antersystem.com\/it\/#website"},"primaryImageOfPage":{"@id":"https:\/\/antersystem.com\/it\/notizie\/automotive-cee-day\/#primaryimage"},"image":{"@id":"https:\/\/antersystem.com\/it\/notizie\/automotive-cee-day\/#primaryimage"},"thumbnailUrl":"https:\/\/antersystem.com\/wp-content\/uploads\/CEE-DAY-18-19-kwieccien-Anter-System-3-1024x535.jpg","datePublished":"2024-03-27T15:28:30+00:00","dateModified":"2026-02-04T12:51:25+00:00","description":"Automotive CEE Day - wydarzenie organizowane przez AutomotiveSuppliers.pl i samorz\u0105d miasta Opole - to doskona\u0142a okazja do spotka\u0144","breadcrumb":{"@id":"https:\/\/antersystem.com\/it\/notizie\/automotive-cee-day\/#breadcrumb"},"inLanguage":"it-IT","potentialAction":[{"@type":"ReadAction","target":["https:\/\/antersystem.com\/it\/notizie\/automotive-cee-day\/"]}]},{"@type":"ImageObject","inLanguage":"it-IT","@id":"https:\/\/antersystem.com\/it\/notizie\/automotive-cee-day\/#primaryimage","url":"https:\/\/antersystem.com\/wp-content\/uploads\/CEE-DAY-18-19-kwieccien-Anter-System-3-1024x535.jpg","contentUrl":"https:\/\/antersystem.com\/wp-content\/uploads\/CEE-DAY-18-19-kwieccien-Anter-System-3-1024x535.jpg"},{"@type":"BreadcrumbList","@id":"https:\/\/antersystem.com\/it\/notizie\/automotive-cee-day\/#breadcrumb","itemListElement":[{"@type":"ListItem","position":1,"name":"AnterSystem","item":"https:\/\/antersystem.com\/it\/"},{"@type":"ListItem","position":2,"name":"Notizie","item":"https:\/\/antersystem.com\/it\/notizie\/"},{"@type":"ListItem","position":3,"name":"Giornata Automotive CEE"}]},{"@type":"WebSite","@id":"https:\/\/antersystem.com\/it\/#website","url":"https:\/\/antersystem.com\/it\/","name":"Anter System","description":"Jeste\u015bmy polskim producentem elastycznych barier ochronnych wykonywanych z polimerowych tworzyw sztucznych. Na rynku krajowym i zagranicznym dzia\u0142amy od ponad 15 lat dbaj\u0105c o zapewnienie bezpiecze\u0144stwa w zak\u0142adach produkcyjnych, magazynach oraz centrach logistycznych.","potentialAction":[{"@type":"SearchAction","target":{"@type":"EntryPoint","urlTemplate":"https:\/\/antersystem.com\/it\/?s={search_term_string}"},"query-input":{"@type":"PropertyValueSpecification","valueRequired":true,"valueName":"search_term_string"}}],"inLanguage":"it-IT"}]}},"_links":{"self":[{"href":"https:\/\/antersystem.com\/it\/wp-json\/wp\/v2\/pages\/39480","targetHints":{"allow":["GET"]}}],"collection":[{"href":"https:\/\/antersystem.com\/it\/wp-json\/wp\/v2\/pages"}],"about":[{"href":"https:\/\/antersystem.com\/it\/wp-json\/wp\/v2\/types\/page"}],"author":[{"embeddable":true,"href":"https:\/\/antersystem.com\/it\/wp-json\/wp\/v2\/users\/1"}],"replies":[{"embeddable":true,"href":"https:\/\/antersystem.com\/it\/wp-json\/wp\/v2\/comments?post=39480"}],"version-history":[{"count":1,"href":"https:\/\/antersystem.com\/it\/wp-json\/wp\/v2\/pages\/39480\/revisions"}],"predecessor-version":[{"id":39482,"href":"https:\/\/antersystem.com\/it\/wp-json\/wp\/v2\/pages\/39480\/revisions\/39482"}],"up":[{"embeddable":true,"href":"https:\/\/antersystem.com\/it\/wp-json\/wp\/v2\/pages\/30444"}],"wp:attachment":[{"href":"https:\/\/antersystem.com\/it\/wp-json\/wp\/v2\/media?parent=39480"}],"curies":[{"name":"wp","href":"https:\/\/api.w.org\/{rel}","templated":true}]}}