{"id":39500,"date":"2024-06-17T15:23:53","date_gmt":"2024-06-17T13:23:53","guid":{"rendered":"https:\/\/antersystem.com\/notizie\/technical-conferences-mielec-20-06\/"},"modified":"2026-02-04T13:51:30","modified_gmt":"2026-02-04T12:51:30","slug":"technical-conferences-mielec-20-06","status":"publish","type":"page","link":"https:\/\/antersystem.com\/it\/notizie\/technical-conferences-mielec-20-06\/","title":{"rendered":"Conferenze tecniche, Mielec 20.06"},"content":{"rendered":"\n<div class=\"wp-block-columns is-layout-flex wp-container-core-columns-is-layout-9d6595d7 wp-block-columns-is-layout-flex\">\n  \n  <div class=\"wp-block-column is-layout-flow wp-block-column-is-layout-flow\" style=\"flex-basis:10%\"><\/div>\n  \n\n  \n  <div class=\"wp-block-column is-layout-flow wp-block-column-is-layout-flow\">\n    \n    <h2 class=\"wp-block-heading\">Migliori pratiche nella logistica &#8211; Conferenza tecnica<\/h2>\n    \n\n    \n    <p>Ti invitiamo alla conferenza gratuita <strong>&#8220;Ottimizzazione dei processi intralogistici e di magazzino&#8221;,<\/strong> dedicata ai cambiamenti dinamici in atto nel settore della logistica. L&#8217;evento si terr\u00e0 il <strong>20 giugno<\/strong> presso l&#8217;<strong>Hotel Atena di Mielec<\/strong>. <\/p>\n    \n\n    \n    <p>Incoraggiamo caldamente tutti coloro che desiderano <strong>ampliare la propria rete professionale<\/strong> a partecipare. Ci saranno moltissime opportunit\u00e0 per discutere di argomenti preziosi e l&#8217;accesso garantito a veri professionisti del settore. La forza delle conferenze <strong>di Axon Media<\/strong> sta nel riunire professionisti &#8211; <strong>esperti di vari settori<\/strong> che condivideranno la loro esperienza nel migliorare i processi logistici e di magazzino e <strong>discuteranno le sfide legate all&#8217;adattamento alle esigenze specifiche delle strutture<\/strong>. Le presentazioni riguarderanno sia implementazioni complete che piccoli miglioramenti che aiutano a risparmiare tempo e a ridurre i costi.   <\/p>\n    \n\n    \n    <p><strong>In qualit\u00e0 di partner delle Conferenze Tecniche, Anter System sostiene gli sforzi per migliorare la sicurezza e l&#8217;igiene (OHS) nei magazzini e nei capannoni industriali.<\/strong>  Forniamo consulenza professionale sull&#8217;utilizzo di sistemi di protezione per pedoni, merci, macchinari e infrastrutture. Quando si tratta di sicurezza durante le operazioni di carico e scarico, <a href=\"https:\/\/antersystem.com\/it\/categorie-di-prodotti\/tecnica-di-carico\/\"><strong>abbiamo anche molti prodotti di provata efficacia da presentare e discutere.<\/strong><\/a>. Tra gli altri argomenti trattati durante la conferenza: sistemi di trasporto interno, robotica di magazzino, sistemi di stoccaggio e raccolta ordini automatizzati, RFID e identificazione wireless, software per l&#8217;intralogistica, progettazione e consulenza per la logistica di magazzino e macchinari per l&#8217;etichettatura e la marcatura.  <\/p>\n    \n\n    \n    <p>La conferenza offre un&#8217;ottima opportunit\u00e0 per scoprire soluzioni tecnologiche adatte alle esigenze individuali di ogni partecipante. A lungo termine, favorisce un ambiente collaborativo che supporta il cambiamento legato alla digitalizzazione, all&#8217;automazione e al futuro del lavoro. Crediamo che questa sia una direzione promettente: vieni a visitare lo stand di <strong>Anter System<\/strong> e unisciti a noi nella sala conferenze!  <\/p>\n    \n\n    \n    <p>Programma dell&#8217;evento: <strong><a href=\"https:\/\/www.axonmedia.pl\/konferencje\/aktualne\/intralogistyka-magazynowanie-2024-mielec\/\">Conferenze tecniche<\/a><\/strong><\/p>\n    \n\n    \n    <p><strong>#Conferenze tecniche #AxonMedia #OHS #Produzione #Barriere flessibili di sicurezza<\/strong><\/p>\n    \n  <\/div>\n  \n\n  \n  <div class=\"wp-block-column is-layout-flow wp-block-column-is-layout-flow\" style=\"flex-basis:10%\"><\/div>\n  \n<\/div>\n<div class=\"wp-block-image\">\n<figure class=\"aligncenter size-large is-resized\"><img loading=\"lazy\" decoding=\"async\" width=\"1024\" height=\"576\" src=\"https:\/\/antersystem.com\/wp-content\/uploads\/AxonMedia-konferencja-w-Mielcu-1-edited-1024x576.webp\" alt=\"Conferenza Axon Media a Mielec 2024 - Anter System\" class=\"wp-image-4856\" style=\"width:620px;height:auto\" srcset=\"https:\/\/antersystem.com\/wp-content\/uploads\/AxonMedia-konferencja-w-Mielcu-1-edited-1024x576.webp 1024w, https:\/\/antersystem.com\/wp-content\/uploads\/AxonMedia-konferencja-w-Mielcu-1-edited-300x169.webp 300w, https:\/\/antersystem.com\/wp-content\/uploads\/AxonMedia-konferencja-w-Mielcu-1-edited-768x432.webp 768w, https:\/\/antersystem.com\/wp-content\/uploads\/AxonMedia-konferencja-w-Mielcu-1-edited-450x253.webp 450w, https:\/\/antersystem.com\/wp-content\/uploads\/AxonMedia-konferencja-w-Mielcu-1-edited-330x186.webp 330w, https:\/\/antersystem.com\/wp-content\/uploads\/AxonMedia-konferencja-w-Mielcu-1-edited.webp 1115w\" sizes=\"auto, (max-width: 1024px) 100vw, 1024px\" \/><\/figure><\/div>","protected":false},"excerpt":{"rendered":"<p>Migliori pratiche nella logistica &#8211; Conferenza tecnica Ti invitiamo alla conferenza gratuita &#8220;Ottimizzazione dei processi intralogistici e di magazzino&#8221;, dedicata ai cambiamenti dinamici in atto nel settore della logistica. L&#8217;evento si terr\u00e0 il 20 giugno presso l&#8217;Hotel Atena di Mielec. Incoraggiamo caldamente tutti coloro che desiderano ampliare la propria rete professionale a partecipare. Ci saranno [&hellip;]<\/p>\n","protected":false},"author":1,"featured_media":0,"parent":30444,"menu_order":0,"comment_status":"closed","ping_status":"closed","template":"","meta":{"inline_featured_image":false,"ngg_post_thumbnail":0,"footnotes":""},"class_list":["post-39500","page","type-page","status-publish","hentry"],"acf":[],"yoast_head":"<!-- This site is optimized with the Yoast SEO plugin v27.0 - https:\/\/yoast.com\/product\/yoast-seo-wordpress\/ -->\n<title>Conferenze tecniche, Mielec 20.06 - Anter System<\/title>\n<meta name=\"description\" content=\"Migliori pratiche nella logistica - Conferenza tecnica Ti invitiamo alla conferenza gratuita &quot;Ottimizzazione dei processi intralogistici e di magazzino&quot;,\" \/>\n<meta name=\"robots\" content=\"index, follow, max-snippet:-1, max-image-preview:large, max-video-preview:-1\" \/>\n<link rel=\"canonical\" href=\"https:\/\/antersystem.com\/it\/notizie\/technical-conferences-mielec-20-06\/\" \/>\n<meta property=\"og:locale\" content=\"it_IT\" \/>\n<meta property=\"og:type\" content=\"article\" \/>\n<meta property=\"og:title\" content=\"Conferenze tecniche, Mielec 20.06 - Anter System\" \/>\n<meta property=\"og:description\" content=\"Migliori pratiche nella logistica - Conferenza tecnica Ti invitiamo alla conferenza gratuita &quot;Ottimizzazione dei processi intralogistici e di magazzino&quot;,\" \/>\n<meta property=\"og:url\" content=\"https:\/\/antersystem.com\/it\/notizie\/technical-conferences-mielec-20-06\/\" \/>\n<meta property=\"og:site_name\" content=\"Anter System\" \/>\n<meta property=\"article:modified_time\" content=\"2026-02-04T12:51:30+00:00\" \/>\n<meta property=\"og:image\" content=\"https:\/\/antersystem.com\/wp-content\/uploads\/AxonMedia-konferencja-w-Mielcu-1-edited-1024x576.webp\" \/>\n<meta name=\"twitter:card\" content=\"summary_large_image\" \/>\n<meta name=\"twitter:label1\" content=\"Tempo di lettura stimato\" \/>\n\t<meta name=\"twitter:data1\" content=\"2 minuti\" \/>\n<script type=\"application\/ld+json\" class=\"yoast-schema-graph\">{\"@context\":\"https:\/\/schema.org\",\"@graph\":[{\"@type\":\"WebPage\",\"@id\":\"https:\/\/antersystem.com\/it\/notizie\/technical-conferences-mielec-20-06\/\",\"url\":\"https:\/\/antersystem.com\/it\/notizie\/technical-conferences-mielec-20-06\/\",\"name\":\"Conferenze tecniche, Mielec 20.06 - Anter System\",\"isPartOf\":{\"@id\":\"https:\/\/antersystem.com\/it\/#website\"},\"primaryImageOfPage\":{\"@id\":\"https:\/\/antersystem.com\/it\/notizie\/technical-conferences-mielec-20-06\/#primaryimage\"},\"image\":{\"@id\":\"https:\/\/antersystem.com\/it\/notizie\/technical-conferences-mielec-20-06\/#primaryimage\"},\"thumbnailUrl\":\"https:\/\/antersystem.com\/wp-content\/uploads\/AxonMedia-konferencja-w-Mielcu-1-edited-1024x576.webp\",\"datePublished\":\"2024-06-17T13:23:53+00:00\",\"dateModified\":\"2026-02-04T12:51:30+00:00\",\"description\":\"Migliori pratiche nella logistica - Conferenza tecnica Ti invitiamo alla conferenza gratuita \\\"Ottimizzazione dei processi intralogistici e di magazzino\\\",\",\"breadcrumb\":{\"@id\":\"https:\/\/antersystem.com\/it\/notizie\/technical-conferences-mielec-20-06\/#breadcrumb\"},\"inLanguage\":\"it-IT\",\"potentialAction\":[{\"@type\":\"ReadAction\",\"target\":[\"https:\/\/antersystem.com\/it\/notizie\/technical-conferences-mielec-20-06\/\"]}]},{\"@type\":\"ImageObject\",\"inLanguage\":\"it-IT\",\"@id\":\"https:\/\/antersystem.com\/it\/notizie\/technical-conferences-mielec-20-06\/#primaryimage\",\"url\":\"https:\/\/antersystem.com\/wp-content\/uploads\/AxonMedia-konferencja-w-Mielcu-1-edited-1024x576.webp\",\"contentUrl\":\"https:\/\/antersystem.com\/wp-content\/uploads\/AxonMedia-konferencja-w-Mielcu-1-edited-1024x576.webp\"},{\"@type\":\"BreadcrumbList\",\"@id\":\"https:\/\/antersystem.com\/it\/notizie\/technical-conferences-mielec-20-06\/#breadcrumb\",\"itemListElement\":[{\"@type\":\"ListItem\",\"position\":1,\"name\":\"AnterSystem\",\"item\":\"https:\/\/antersystem.com\/it\/\"},{\"@type\":\"ListItem\",\"position\":2,\"name\":\"Notizie\",\"item\":\"https:\/\/antersystem.com\/it\/notizie\/\"},{\"@type\":\"ListItem\",\"position\":3,\"name\":\"Conferenze tecniche, Mielec 20.06\"}]},{\"@type\":\"WebSite\",\"@id\":\"https:\/\/antersystem.com\/it\/#website\",\"url\":\"https:\/\/antersystem.com\/it\/\",\"name\":\"Anter System\",\"description\":\"Jeste\u015bmy polskim producentem elastycznych barier ochronnych wykonywanych z polimerowych tworzyw sztucznych. Na rynku krajowym i zagranicznym dzia\u0142amy od ponad 15 lat dbaj\u0105c o zapewnienie bezpiecze\u0144stwa w zak\u0142adach produkcyjnych, magazynach oraz centrach logistycznych.\",\"potentialAction\":[{\"@type\":\"SearchAction\",\"target\":{\"@type\":\"EntryPoint\",\"urlTemplate\":\"https:\/\/antersystem.com\/it\/?s={search_term_string}\"},\"query-input\":{\"@type\":\"PropertyValueSpecification\",\"valueRequired\":true,\"valueName\":\"search_term_string\"}}],\"inLanguage\":\"it-IT\"}]}<\/script>\n<!-- \/ Yoast SEO plugin. -->","yoast_head_json":{"title":"Conferenze tecniche, Mielec 20.06 - Anter System","description":"Migliori pratiche nella logistica - Conferenza tecnica Ti invitiamo alla conferenza gratuita \"Ottimizzazione dei processi intralogistici e di magazzino\",","robots":{"index":"index","follow":"follow","max-snippet":"max-snippet:-1","max-image-preview":"max-image-preview:large","max-video-preview":"max-video-preview:-1"},"canonical":"https:\/\/antersystem.com\/it\/notizie\/technical-conferences-mielec-20-06\/","og_locale":"it_IT","og_type":"article","og_title":"Conferenze tecniche, Mielec 20.06 - Anter System","og_description":"Migliori pratiche nella logistica - Conferenza tecnica Ti invitiamo alla conferenza gratuita \"Ottimizzazione dei processi intralogistici e di magazzino\",","og_url":"https:\/\/antersystem.com\/it\/notizie\/technical-conferences-mielec-20-06\/","og_site_name":"Anter System","article_modified_time":"2026-02-04T12:51:30+00:00","og_image":[{"url":"https:\/\/antersystem.com\/wp-content\/uploads\/AxonMedia-konferencja-w-Mielcu-1-edited-1024x576.webp","type":"","width":"","height":""}],"twitter_card":"summary_large_image","twitter_misc":{"Tempo di lettura stimato":"2 minuti"},"schema":{"@context":"https:\/\/schema.org","@graph":[{"@type":"WebPage","@id":"https:\/\/antersystem.com\/it\/notizie\/technical-conferences-mielec-20-06\/","url":"https:\/\/antersystem.com\/it\/notizie\/technical-conferences-mielec-20-06\/","name":"Conferenze tecniche, Mielec 20.06 - Anter System","isPartOf":{"@id":"https:\/\/antersystem.com\/it\/#website"},"primaryImageOfPage":{"@id":"https:\/\/antersystem.com\/it\/notizie\/technical-conferences-mielec-20-06\/#primaryimage"},"image":{"@id":"https:\/\/antersystem.com\/it\/notizie\/technical-conferences-mielec-20-06\/#primaryimage"},"thumbnailUrl":"https:\/\/antersystem.com\/wp-content\/uploads\/AxonMedia-konferencja-w-Mielcu-1-edited-1024x576.webp","datePublished":"2024-06-17T13:23:53+00:00","dateModified":"2026-02-04T12:51:30+00:00","description":"Migliori pratiche nella logistica - Conferenza tecnica Ti invitiamo alla conferenza gratuita \"Ottimizzazione dei processi intralogistici e di magazzino\",","breadcrumb":{"@id":"https:\/\/antersystem.com\/it\/notizie\/technical-conferences-mielec-20-06\/#breadcrumb"},"inLanguage":"it-IT","potentialAction":[{"@type":"ReadAction","target":["https:\/\/antersystem.com\/it\/notizie\/technical-conferences-mielec-20-06\/"]}]},{"@type":"ImageObject","inLanguage":"it-IT","@id":"https:\/\/antersystem.com\/it\/notizie\/technical-conferences-mielec-20-06\/#primaryimage","url":"https:\/\/antersystem.com\/wp-content\/uploads\/AxonMedia-konferencja-w-Mielcu-1-edited-1024x576.webp","contentUrl":"https:\/\/antersystem.com\/wp-content\/uploads\/AxonMedia-konferencja-w-Mielcu-1-edited-1024x576.webp"},{"@type":"BreadcrumbList","@id":"https:\/\/antersystem.com\/it\/notizie\/technical-conferences-mielec-20-06\/#breadcrumb","itemListElement":[{"@type":"ListItem","position":1,"name":"AnterSystem","item":"https:\/\/antersystem.com\/it\/"},{"@type":"ListItem","position":2,"name":"Notizie","item":"https:\/\/antersystem.com\/it\/notizie\/"},{"@type":"ListItem","position":3,"name":"Conferenze tecniche, Mielec 20.06"}]},{"@type":"WebSite","@id":"https:\/\/antersystem.com\/it\/#website","url":"https:\/\/antersystem.com\/it\/","name":"Anter System","description":"Jeste\u015bmy polskim producentem elastycznych barier ochronnych wykonywanych z polimerowych tworzyw sztucznych. Na rynku krajowym i zagranicznym dzia\u0142amy od ponad 15 lat dbaj\u0105c o zapewnienie bezpiecze\u0144stwa w zak\u0142adach produkcyjnych, magazynach oraz centrach logistycznych.","potentialAction":[{"@type":"SearchAction","target":{"@type":"EntryPoint","urlTemplate":"https:\/\/antersystem.com\/it\/?s={search_term_string}"},"query-input":{"@type":"PropertyValueSpecification","valueRequired":true,"valueName":"search_term_string"}}],"inLanguage":"it-IT"}]}},"_links":{"self":[{"href":"https:\/\/antersystem.com\/it\/wp-json\/wp\/v2\/pages\/39500","targetHints":{"allow":["GET"]}}],"collection":[{"href":"https:\/\/antersystem.com\/it\/wp-json\/wp\/v2\/pages"}],"about":[{"href":"https:\/\/antersystem.com\/it\/wp-json\/wp\/v2\/types\/page"}],"author":[{"embeddable":true,"href":"https:\/\/antersystem.com\/it\/wp-json\/wp\/v2\/users\/1"}],"replies":[{"embeddable":true,"href":"https:\/\/antersystem.com\/it\/wp-json\/wp\/v2\/comments?post=39500"}],"version-history":[{"count":1,"href":"https:\/\/antersystem.com\/it\/wp-json\/wp\/v2\/pages\/39500\/revisions"}],"predecessor-version":[{"id":39502,"href":"https:\/\/antersystem.com\/it\/wp-json\/wp\/v2\/pages\/39500\/revisions\/39502"}],"up":[{"embeddable":true,"href":"https:\/\/antersystem.com\/it\/wp-json\/wp\/v2\/pages\/30444"}],"wp:attachment":[{"href":"https:\/\/antersystem.com\/it\/wp-json\/wp\/v2\/media?parent=39500"}],"curies":[{"name":"wp","href":"https:\/\/api.w.org\/{rel}","templated":true}]}}