{"id":39558,"date":"2023-10-10T12:12:18","date_gmt":"2023-10-10T10:12:18","guid":{"rendered":"https:\/\/antersystem.com\/notizie\/mid-magazine-logistics-4-0-see-and-try\/"},"modified":"2026-02-04T14:04:24","modified_gmt":"2026-02-04T13:04:24","slug":"mid-magazine-logistics-4-0-see-and-try","status":"publish","type":"page","link":"https:\/\/antersystem.com\/it\/notizie\/mid-magazine-logistics-4-0-see-and-try\/","title":{"rendered":"Rivista MID: &#8220;Logistica 4.0 &#8211; vedere e provare&#8221; &#8211; &#8220;Logistyka 4.0 &#8211; zobaczy\u0107 i spr\u00f3bowa\u0107&#8221;"},"content":{"rendered":"\n<div class=\"wp-block-columns is-layout-flex wp-container-core-columns-is-layout-9d6595d7 wp-block-columns-is-layout-flex\">\n<div class=\"wp-block-column is-layout-flow wp-block-column-is-layout-flow\" style=\"flex-basis:10%\"><\/div>\n\n\n\n<div class=\"wp-block-column is-layout-flow wp-block-column-is-layout-flow\">\n<h3 class=\"wp-block-heading\">Rivista MID 3\/2023 &#8211; resoconto dell&#8217;undicesima edizione del progetto In4Log alla fiera Modernlog di Pozna\u0144<\/h3>\n\n\n\n<p style=\"text-align: left;\">Nuovi prodotti, vecchie sfide. Con questo slogan si snoda la narrazione del progetto In4Log presentato al Modernlog&#8217;23. Nel terzo numero della rivista MID di quest&#8217;anno, Anter System \u00e8 apparsa come partner tecnologico dell&#8217;undicesima edizione del progetto In4Log. Abbiamo avuto l&#8217;onore di presentare le tendenze del mercato nella categoria delle ultime soluzioni hardware che migliorano la qualit\u00e0 e l&#8217;efficienza del lavoro.   <\/p>\n<p>Con il mutare delle dinamiche di mercato e, di conseguenza, con l&#8217;evolversi delle esigenze delle aziende, anche le stesse infrastrutture di magazzino vengono modificate. Le aree di stoccaggio assumono spesso la forma di tendoni temporanei (a volte fino a 60 m di luce e 8 m di altezza delle pareti), che in termini di carichi di vento e neve non sono da meno degli edifici tradizionali (che resistono fino a 300 kg\/m\u00b2 di carico). In queste condizioni, vengono utilizzati paraurti e barriere di sicurezza flessibili, che possono essere adattati alle mutevoli esigenze.  <\/p>\n<p>Per maggiori informazioni, ti invitiamo a leggere qui sotto.<\/p>\n<p>&nbsp;<\/p>\n<p>&nbsp;<\/p>\n<\/div>\n\n\n\n<div class=\"wp-block-column is-layout-flow wp-block-column-is-layout-flow\" style=\"flex-basis:10%\"><\/div>\n<\/div>\n\n<div data-wp-interactive=\"core\/file\" class=\"wp-block-file\"><object data-wp-bind--hidden=\"!state.hasPdfPreview\" hidden class=\"wp-block-file__embed\" data=\"https:\/\/antersystem.com\/wp-content\/uploads\/MID_93_3_2023.pdf\" type=\"application\/pdf\" style=\"width:100%;height:600px\" aria-label=\"Incorporamento di MID_93_3_2023.\"><\/object><a id=\"wp-block-file--media-c4a79965-4313-4b68-8827-3aa81c41db0a\" href=\"https:\/\/antersystem.com\/wp-content\/uploads\/MID_93_3_2023.pdf\">MID_93_3_2023<\/a><a href=\"https:\/\/antersystem.com\/wp-content\/uploads\/MID_93_3_2023.pdf\" class=\"wp-block-file__button wp-element-button\" download=\"\" aria-describedby=\"wp-block-file--media-c4a79965-4313-4b68-8827-3aa81c41db0a\">Scarica<\/a><\/div>\n","protected":false},"excerpt":{"rendered":"<p>Rivista MID 3\/2023 &#8211; resoconto dell&#8217;undicesima edizione del progetto In4Log alla fiera Modernlog di Pozna\u0144 Nuovi prodotti, vecchie sfide. Con questo slogan si snoda la narrazione del progetto In4Log presentato al Modernlog&#8217;23. Nel terzo numero della rivista MID di quest&#8217;anno, Anter System \u00e8 apparsa come partner tecnologico dell&#8217;undicesima edizione del progetto In4Log. Abbiamo avuto l&#8217;onore [&hellip;]<\/p>\n","protected":false},"author":1,"featured_media":0,"parent":30444,"menu_order":0,"comment_status":"closed","ping_status":"closed","template":"","meta":{"inline_featured_image":false,"ngg_post_thumbnail":0,"footnotes":""},"class_list":["post-39558","page","type-page","status-publish","hentry"],"acf":[],"yoast_head":"<!-- This site is optimized with the Yoast SEO plugin v27.0 - https:\/\/yoast.com\/product\/yoast-seo-wordpress\/ -->\n<title>Rivista MID: &quot;Logistica 4.0 - vedere e provare&quot; - &quot;Logistyka 4.0 - zobaczy\u0107 i spr\u00f3bowa\u0107&quot; - Anter System<\/title>\n<meta name=\"description\" content=\"Con le sue numerose riviste MID in dieci giorni Anter System si \u00e8 impegnato a collaborare con il partner tecnologico XI edycji projektu In4Log. Przypad\u0142a nam zaszczytna rola prezentowania trend\u00f3w na rynku w kategorii: najnowszych rozwi\u0105za\u0144 sprz\u0119towych, poprawiaj\u0105cych jako\u015b\u0107 i wydajno\u015b\u0107 pracy.\" \/>\n<meta name=\"robots\" content=\"index, follow, max-snippet:-1, max-image-preview:large, max-video-preview:-1\" \/>\n<link rel=\"canonical\" href=\"https:\/\/antersystem.com\/it\/notizie\/mid-magazine-logistics-4-0-see-and-try\/\" \/>\n<meta property=\"og:locale\" content=\"it_IT\" \/>\n<meta property=\"og:type\" content=\"article\" \/>\n<meta property=\"og:title\" content=\"Rivista MID: &quot;Logistica 4.0 - vedere e provare&quot; - &quot;Logistyka 4.0 - zobaczy\u0107 i spr\u00f3bowa\u0107&quot; - Anter System\" \/>\n<meta property=\"og:description\" content=\"Con le sue numerose riviste MID in dieci giorni Anter System si \u00e8 impegnato a collaborare con il partner tecnologico XI edycji projektu In4Log. Przypad\u0142a nam zaszczytna rola prezentowania trend\u00f3w na rynku w kategorii: najnowszych rozwi\u0105za\u0144 sprz\u0119towych, poprawiaj\u0105cych jako\u015b\u0107 i wydajno\u015b\u0107 pracy.\" \/>\n<meta property=\"og:url\" content=\"https:\/\/antersystem.com\/it\/notizie\/mid-magazine-logistics-4-0-see-and-try\/\" \/>\n<meta property=\"og:site_name\" content=\"Anter System\" \/>\n<meta property=\"article:modified_time\" content=\"2026-02-04T13:04:24+00:00\" \/>\n<meta name=\"twitter:card\" content=\"summary_large_image\" \/>\n<meta name=\"twitter:label1\" content=\"Tempo di lettura stimato\" \/>\n\t<meta name=\"twitter:data1\" content=\"1 minuto\" \/>\n<script type=\"application\/ld+json\" class=\"yoast-schema-graph\">{\"@context\":\"https:\/\/schema.org\",\"@graph\":[{\"@type\":\"WebPage\",\"@id\":\"https:\/\/antersystem.com\/it\/notizie\/mid-magazine-logistics-4-0-see-and-try\/\",\"url\":\"https:\/\/antersystem.com\/it\/notizie\/mid-magazine-logistics-4-0-see-and-try\/\",\"name\":\"Rivista MID: \\\"Logistica 4.0 - vedere e provare\\\" - \\\"Logistyka 4.0 - zobaczy\u0107 i spr\u00f3bowa\u0107\\\" - Anter System\",\"isPartOf\":{\"@id\":\"https:\/\/antersystem.com\/it\/#website\"},\"datePublished\":\"2023-10-10T10:12:18+00:00\",\"dateModified\":\"2026-02-04T13:04:24+00:00\",\"description\":\"Con le sue numerose riviste MID in dieci giorni Anter System si \u00e8 impegnato a collaborare con il partner tecnologico XI edycji projektu In4Log. Przypad\u0142a nam zaszczytna rola prezentowania trend\u00f3w na rynku w kategorii: najnowszych rozwi\u0105za\u0144 sprz\u0119towych, poprawiaj\u0105cych jako\u015b\u0107 i wydajno\u015b\u0107 pracy.\",\"breadcrumb\":{\"@id\":\"https:\/\/antersystem.com\/it\/notizie\/mid-magazine-logistics-4-0-see-and-try\/#breadcrumb\"},\"inLanguage\":\"it-IT\",\"potentialAction\":[{\"@type\":\"ReadAction\",\"target\":[\"https:\/\/antersystem.com\/it\/notizie\/mid-magazine-logistics-4-0-see-and-try\/\"]}]},{\"@type\":\"BreadcrumbList\",\"@id\":\"https:\/\/antersystem.com\/it\/notizie\/mid-magazine-logistics-4-0-see-and-try\/#breadcrumb\",\"itemListElement\":[{\"@type\":\"ListItem\",\"position\":1,\"name\":\"AnterSystem\",\"item\":\"https:\/\/antersystem.com\/it\/\"},{\"@type\":\"ListItem\",\"position\":2,\"name\":\"Notizie\",\"item\":\"https:\/\/antersystem.com\/it\/notizie\/\"},{\"@type\":\"ListItem\",\"position\":3,\"name\":\"Rivista MID: &#8220;Logistica 4.0 &#8211; vedere e provare&#8221; &#8211; &#8220;Logistyka 4.0 &#8211; zobaczy\u0107 i spr\u00f3bowa\u0107&#8221;\"}]},{\"@type\":\"WebSite\",\"@id\":\"https:\/\/antersystem.com\/it\/#website\",\"url\":\"https:\/\/antersystem.com\/it\/\",\"name\":\"Anter System\",\"description\":\"Jeste\u015bmy polskim producentem elastycznych barier ochronnych wykonywanych z polimerowych tworzyw sztucznych. Na rynku krajowym i zagranicznym dzia\u0142amy od ponad 15 lat dbaj\u0105c o zapewnienie bezpiecze\u0144stwa w zak\u0142adach produkcyjnych, magazynach oraz centrach logistycznych.\",\"potentialAction\":[{\"@type\":\"SearchAction\",\"target\":{\"@type\":\"EntryPoint\",\"urlTemplate\":\"https:\/\/antersystem.com\/it\/?s={search_term_string}\"},\"query-input\":{\"@type\":\"PropertyValueSpecification\",\"valueRequired\":true,\"valueName\":\"search_term_string\"}}],\"inLanguage\":\"it-IT\"}]}<\/script>\n<!-- \/ Yoast SEO plugin. -->","yoast_head_json":{"title":"Rivista MID: \"Logistica 4.0 - vedere e provare\" - \"Logistyka 4.0 - zobaczy\u0107 i spr\u00f3bowa\u0107\" - Anter System","description":"Con le sue numerose riviste MID in dieci giorni Anter System si \u00e8 impegnato a collaborare con il partner tecnologico XI edycji projektu In4Log. Przypad\u0142a nam zaszczytna rola prezentowania trend\u00f3w na rynku w kategorii: najnowszych rozwi\u0105za\u0144 sprz\u0119towych, poprawiaj\u0105cych jako\u015b\u0107 i wydajno\u015b\u0107 pracy.","robots":{"index":"index","follow":"follow","max-snippet":"max-snippet:-1","max-image-preview":"max-image-preview:large","max-video-preview":"max-video-preview:-1"},"canonical":"https:\/\/antersystem.com\/it\/notizie\/mid-magazine-logistics-4-0-see-and-try\/","og_locale":"it_IT","og_type":"article","og_title":"Rivista MID: \"Logistica 4.0 - vedere e provare\" - \"Logistyka 4.0 - zobaczy\u0107 i spr\u00f3bowa\u0107\" - Anter System","og_description":"Con le sue numerose riviste MID in dieci giorni Anter System si \u00e8 impegnato a collaborare con il partner tecnologico XI edycji projektu In4Log. Przypad\u0142a nam zaszczytna rola prezentowania trend\u00f3w na rynku w kategorii: najnowszych rozwi\u0105za\u0144 sprz\u0119towych, poprawiaj\u0105cych jako\u015b\u0107 i wydajno\u015b\u0107 pracy.","og_url":"https:\/\/antersystem.com\/it\/notizie\/mid-magazine-logistics-4-0-see-and-try\/","og_site_name":"Anter System","article_modified_time":"2026-02-04T13:04:24+00:00","twitter_card":"summary_large_image","twitter_misc":{"Tempo di lettura stimato":"1 minuto"},"schema":{"@context":"https:\/\/schema.org","@graph":[{"@type":"WebPage","@id":"https:\/\/antersystem.com\/it\/notizie\/mid-magazine-logistics-4-0-see-and-try\/","url":"https:\/\/antersystem.com\/it\/notizie\/mid-magazine-logistics-4-0-see-and-try\/","name":"Rivista MID: \"Logistica 4.0 - vedere e provare\" - \"Logistyka 4.0 - zobaczy\u0107 i spr\u00f3bowa\u0107\" - Anter System","isPartOf":{"@id":"https:\/\/antersystem.com\/it\/#website"},"datePublished":"2023-10-10T10:12:18+00:00","dateModified":"2026-02-04T13:04:24+00:00","description":"Con le sue numerose riviste MID in dieci giorni Anter System si \u00e8 impegnato a collaborare con il partner tecnologico XI edycji projektu In4Log. Przypad\u0142a nam zaszczytna rola prezentowania trend\u00f3w na rynku w kategorii: najnowszych rozwi\u0105za\u0144 sprz\u0119towych, poprawiaj\u0105cych jako\u015b\u0107 i wydajno\u015b\u0107 pracy.","breadcrumb":{"@id":"https:\/\/antersystem.com\/it\/notizie\/mid-magazine-logistics-4-0-see-and-try\/#breadcrumb"},"inLanguage":"it-IT","potentialAction":[{"@type":"ReadAction","target":["https:\/\/antersystem.com\/it\/notizie\/mid-magazine-logistics-4-0-see-and-try\/"]}]},{"@type":"BreadcrumbList","@id":"https:\/\/antersystem.com\/it\/notizie\/mid-magazine-logistics-4-0-see-and-try\/#breadcrumb","itemListElement":[{"@type":"ListItem","position":1,"name":"AnterSystem","item":"https:\/\/antersystem.com\/it\/"},{"@type":"ListItem","position":2,"name":"Notizie","item":"https:\/\/antersystem.com\/it\/notizie\/"},{"@type":"ListItem","position":3,"name":"Rivista MID: &#8220;Logistica 4.0 &#8211; vedere e provare&#8221; &#8211; &#8220;Logistyka 4.0 &#8211; zobaczy\u0107 i spr\u00f3bowa\u0107&#8221;"}]},{"@type":"WebSite","@id":"https:\/\/antersystem.com\/it\/#website","url":"https:\/\/antersystem.com\/it\/","name":"Anter System","description":"Jeste\u015bmy polskim producentem elastycznych barier ochronnych wykonywanych z polimerowych tworzyw sztucznych. Na rynku krajowym i zagranicznym dzia\u0142amy od ponad 15 lat dbaj\u0105c o zapewnienie bezpiecze\u0144stwa w zak\u0142adach produkcyjnych, magazynach oraz centrach logistycznych.","potentialAction":[{"@type":"SearchAction","target":{"@type":"EntryPoint","urlTemplate":"https:\/\/antersystem.com\/it\/?s={search_term_string}"},"query-input":{"@type":"PropertyValueSpecification","valueRequired":true,"valueName":"search_term_string"}}],"inLanguage":"it-IT"}]}},"_links":{"self":[{"href":"https:\/\/antersystem.com\/it\/wp-json\/wp\/v2\/pages\/39558","targetHints":{"allow":["GET"]}}],"collection":[{"href":"https:\/\/antersystem.com\/it\/wp-json\/wp\/v2\/pages"}],"about":[{"href":"https:\/\/antersystem.com\/it\/wp-json\/wp\/v2\/types\/page"}],"author":[{"embeddable":true,"href":"https:\/\/antersystem.com\/it\/wp-json\/wp\/v2\/users\/1"}],"replies":[{"embeddable":true,"href":"https:\/\/antersystem.com\/it\/wp-json\/wp\/v2\/comments?post=39558"}],"version-history":[{"count":1,"href":"https:\/\/antersystem.com\/it\/wp-json\/wp\/v2\/pages\/39558\/revisions"}],"predecessor-version":[{"id":39560,"href":"https:\/\/antersystem.com\/it\/wp-json\/wp\/v2\/pages\/39558\/revisions\/39560"}],"up":[{"embeddable":true,"href":"https:\/\/antersystem.com\/it\/wp-json\/wp\/v2\/pages\/30444"}],"wp:attachment":[{"href":"https:\/\/antersystem.com\/it\/wp-json\/wp\/v2\/media?parent=39558"}],"curies":[{"name":"wp","href":"https:\/\/api.w.org\/{rel}","templated":true}]}}