{"id":39598,"date":"2023-10-12T09:31:59","date_gmt":"2023-10-12T07:31:59","guid":{"rendered":"https:\/\/antersystem.com\/notizie\/polymer-safety-barriers\/"},"modified":"2026-02-04T14:04:41","modified_gmt":"2026-02-04T13:04:41","slug":"polymer-safety-barriers","status":"publish","type":"page","link":"https:\/\/antersystem.com\/it\/notizie\/polymer-safety-barriers\/","title":{"rendered":"Barriere di sicurezza in polimero"},"content":{"rendered":"\n<div class=\"wp-block-columns is-layout-flex wp-container-core-columns-is-layout-9d6595d7 wp-block-columns-is-layout-flex\">\n<div class=\"wp-block-column is-layout-flow wp-block-column-is-layout-flow\" style=\"flex-basis:10%\"><\/div>\n\n<div class=\"wp-block-columns is-layout-flex wp-container-core-columns-is-layout-9d6595d7 wp-block-columns-is-layout-flex\">\n<div class=\"wp-block-column is-layout-flow wp-block-column-is-layout-flow\" style=\"flex-basis:10%\"><\/div>\n\n\n\n<div class=\"wp-block-column is-layout-flow wp-block-column-is-layout-flow\">\n<h2 class=\"wp-block-heading\">Barriere di sicurezza in polimero o in acciaio: quale scegliere?<\/h2>\n\n\n\n<p>Garantire la sicurezza dei dipendenti e proteggere le attrezzature e i macchinari sono priorit\u00e0 assolute per chi gestisce <a href=\"https:\/\/antersystem.com\/co-zabezpieczamy\/hale-magazynowe\/\">magazzini<\/a> o <a href=\"https:\/\/antersystem.com\/co-zabezpieczamy\/hale-produkcyjne\/\">impianti di produzione<\/a>. La salute e la vita umana non hanno prezzo, quindi nella scelta delle soluzioni di sicurezza non c&#8217;\u00e8 spazio per le mezze misure o i compromessi. Uno degli elementi protettivi pi\u00f9 utilizzati e versatili, sia per applicazioni interne che esterne, sono le barriere di sicurezza. Ecco come scegliere quelle giuste per la tua struttura.   <\/p>\n\n\n\n<h3 class=\"wp-block-heading\">Cosa sono le barriere di sicurezza industriali (note anche come protezioni o paraurti)?<\/h3>\n\n\n\n<p>Le barriere di sicurezza, comunemente chiamate paraurti o protezioni, sono progettate per proteggere percorsi pedonali, scaffali di stoccaggio, robot, postazioni di lavoro e altre aree critiche. Vengono utilizzate ovunque macchinari, persone e veicoli si muovano in stretta prossimit\u00e0. Sul mercato sono disponibili varianti in acciaio, plastica, gomma e legno, ognuna con i propri vantaggi. Tuttavia, grazie alla loro durata e all&#8217;ampia gamma di applicazioni, le barriere in acciaio e polimeri sono le opzioni pi\u00f9 popolari.   <\/p>\n\n\n\n<h3 class=\"wp-block-heading\">Vantaggi e applicazioni delle barriere di sicurezza in polimeri<\/h3>\n\n\n\n<p>Nella produzione di <a href=\"https:\/\/antersystem.pl\/pl\/bariery\/178-bariera-podlogowa-de.html\">barriere di sicurezza in polimeri<\/a>, vengono utilizzati i polimeri pi\u00f9 resistenti e ad alte prestazioni per garantire un efficace assorbimento degli impatti. Allo stesso tempo, queste barriere sono molto pi\u00f9 leggere di quelle tradizionali in acciaio. Grazie alla loro flessibilit\u00e0, possono sopportare diversi impatti forti senza deformarsi. Mantengono il loro colore &#8211; a differenza dell&#8217;acciaio &#8211; e non richiedono riverniciatura o manutenzione. Inoltre, sono resistenti alla corrosione e riducono il rischio di danni al pavimento nei punti di montaggio.    <\/p>\n\n\n\n<p>Le barriere in polimero sono resistenti agli agenti atmosferici, compresi i raggi UV e il gelo, e sono quindi adatte per essere installate sia all&#8217;interno che all&#8217;esterno. Sono perfette in aree come parcheggi, cortili, rampe di carico e qualsiasi altra zona che richieda la protezione del traffico o delle attrezzature. Sono ideali anche per i magazzini, ad esempio per proteggere le scaffalature di stoccaggio o le aree a scaffale alto, e per gli impianti di produzione per proteggere macchinari e postazioni di lavoro.  <\/p>\n\n\n\n<p>Grazie al loro design modulare, le barriere in polimeri possono essere facilmente ampliate, riorganizzate o riposizionate in base alle esigenze operative.<\/p>\n\n\n\n<h3 class=\"wp-block-heading\">Produttore polacco di sistemi di protezione industriale<\/h3>\n\n\n\n<p>Indipendentemente dalla soluzione scelta, vale la pena affidarsi a produttori affidabili e collaudati. Anter System offre una delle pi\u00f9 ampie selezioni di barriere di sicurezza certificate, di alta qualit\u00e0 e moderne. La gamma di prodotti dell&#8217;azienda comprende anche supporti per rimorchi, riconosciuti nelle competizioni per l&#8217;innovazione, i vantaggi economici e ambientali. L&#8217;ampio catalogo consente di adattare con precisione i sistemi di protezione alle esigenze specifiche di ogni magazzino, capannone di produzione o area di parcheggio.   <\/p>\n\n\n\n<p>In qualit\u00e0 di produttore con molti anni di esperienza e profonda conoscenza delle sfide della sicurezza sul lavoro, Anter System offre una consulenza esperta nella scelta delle soluzioni che si adattano perfettamente alle tue esigenze individuali.<\/p>\n\n\n\n<p>&nbsp;<\/p>\n<p>&nbsp;<\/p>\n<\/div>\n\n\n\n<div class=\"wp-block-column is-layout-flow wp-block-column-is-layout-flow\" style=\"flex-basis:10%\"><\/div>\n<\/div>\n","protected":false},"excerpt":{"rendered":"<p>Barriere di sicurezza in polimero o in acciaio: quale scegliere? Garantire la sicurezza dei dipendenti e proteggere le attrezzature e i macchinari sono priorit\u00e0 assolute per chi gestisce magazzini o impianti di produzione. La salute e la vita umana non hanno prezzo, quindi nella scelta delle soluzioni di sicurezza non c&#8217;\u00e8 spazio per le mezze [&hellip;]<\/p>\n","protected":false},"author":1,"featured_media":0,"parent":30444,"menu_order":0,"comment_status":"closed","ping_status":"closed","template":"","meta":{"inline_featured_image":false,"ngg_post_thumbnail":0,"footnotes":""},"class_list":["post-39598","page","type-page","status-publish","hentry"],"acf":[],"yoast_head":"<!-- This site is optimized with the Yoast SEO plugin v27.0 - https:\/\/yoast.com\/product\/yoast-seo-wordpress\/ -->\n<title>Barriere di sicurezza in polimero - Anter System<\/title>\n<meta name=\"description\" content=\"In questo caso si tratta di un tipo di zabezpieczenia wybranego, che si basa su una serie di prodotti di alta qualit\u00e0. Anter System offre un&#039;ampia gamma di prodotti certyfikowanych, solidnie wykonanych, nowoczesnych barier ochronnych.\" \/>\n<meta name=\"robots\" content=\"index, follow, max-snippet:-1, max-image-preview:large, max-video-preview:-1\" \/>\n<link rel=\"canonical\" href=\"https:\/\/antersystem.com\/it\/notizie\/polymer-safety-barriers\/\" \/>\n<meta property=\"og:locale\" content=\"it_IT\" \/>\n<meta property=\"og:type\" content=\"article\" \/>\n<meta property=\"og:title\" content=\"Barriere di sicurezza in polimero - Anter System\" \/>\n<meta property=\"og:description\" content=\"In questo caso si tratta di un tipo di zabezpieczenia wybranego, che si basa su una serie di prodotti di alta qualit\u00e0. Anter System offre un&#039;ampia gamma di prodotti certyfikowanych, solidnie wykonanych, nowoczesnych barier ochronnych.\" \/>\n<meta property=\"og:url\" content=\"https:\/\/antersystem.com\/it\/notizie\/polymer-safety-barriers\/\" \/>\n<meta property=\"og:site_name\" content=\"Anter System\" \/>\n<meta property=\"article:modified_time\" content=\"2026-02-04T13:04:41+00:00\" \/>\n<meta name=\"twitter:card\" content=\"summary_large_image\" \/>\n<meta name=\"twitter:label1\" content=\"Tempo di lettura stimato\" \/>\n\t<meta name=\"twitter:data1\" content=\"2 minuti\" \/>\n<script type=\"application\/ld+json\" class=\"yoast-schema-graph\">{\"@context\":\"https:\/\/schema.org\",\"@graph\":[{\"@type\":\"WebPage\",\"@id\":\"https:\/\/antersystem.com\/it\/notizie\/polymer-safety-barriers\/\",\"url\":\"https:\/\/antersystem.com\/it\/notizie\/polymer-safety-barriers\/\",\"name\":\"Barriere di sicurezza in polimero - Anter System\",\"isPartOf\":{\"@id\":\"https:\/\/antersystem.com\/it\/#website\"},\"datePublished\":\"2023-10-12T07:31:59+00:00\",\"dateModified\":\"2026-02-04T13:04:41+00:00\",\"description\":\"In questo caso si tratta di un tipo di zabezpieczenia wybranego, che si basa su una serie di prodotti di alta qualit\u00e0. Anter System offre un'ampia gamma di prodotti certyfikowanych, solidnie wykonanych, nowoczesnych barier ochronnych.\",\"breadcrumb\":{\"@id\":\"https:\/\/antersystem.com\/it\/notizie\/polymer-safety-barriers\/#breadcrumb\"},\"inLanguage\":\"it-IT\",\"potentialAction\":[{\"@type\":\"ReadAction\",\"target\":[\"https:\/\/antersystem.com\/it\/notizie\/polymer-safety-barriers\/\"]}]},{\"@type\":\"BreadcrumbList\",\"@id\":\"https:\/\/antersystem.com\/it\/notizie\/polymer-safety-barriers\/#breadcrumb\",\"itemListElement\":[{\"@type\":\"ListItem\",\"position\":1,\"name\":\"AnterSystem\",\"item\":\"https:\/\/antersystem.com\/it\/\"},{\"@type\":\"ListItem\",\"position\":2,\"name\":\"Notizie\",\"item\":\"https:\/\/antersystem.com\/it\/notizie\/\"},{\"@type\":\"ListItem\",\"position\":3,\"name\":\"Barriere di sicurezza in polimero\"}]},{\"@type\":\"WebSite\",\"@id\":\"https:\/\/antersystem.com\/it\/#website\",\"url\":\"https:\/\/antersystem.com\/it\/\",\"name\":\"Anter System\",\"description\":\"Jeste\u015bmy polskim producentem elastycznych barier ochronnych wykonywanych z polimerowych tworzyw sztucznych. Na rynku krajowym i zagranicznym dzia\u0142amy od ponad 15 lat dbaj\u0105c o zapewnienie bezpiecze\u0144stwa w zak\u0142adach produkcyjnych, magazynach oraz centrach logistycznych.\",\"potentialAction\":[{\"@type\":\"SearchAction\",\"target\":{\"@type\":\"EntryPoint\",\"urlTemplate\":\"https:\/\/antersystem.com\/it\/?s={search_term_string}\"},\"query-input\":{\"@type\":\"PropertyValueSpecification\",\"valueRequired\":true,\"valueName\":\"search_term_string\"}}],\"inLanguage\":\"it-IT\"}]}<\/script>\n<!-- \/ Yoast SEO plugin. -->","yoast_head_json":{"title":"Barriere di sicurezza in polimero - Anter System","description":"In questo caso si tratta di un tipo di zabezpieczenia wybranego, che si basa su una serie di prodotti di alta qualit\u00e0. Anter System offre un'ampia gamma di prodotti certyfikowanych, solidnie wykonanych, nowoczesnych barier ochronnych.","robots":{"index":"index","follow":"follow","max-snippet":"max-snippet:-1","max-image-preview":"max-image-preview:large","max-video-preview":"max-video-preview:-1"},"canonical":"https:\/\/antersystem.com\/it\/notizie\/polymer-safety-barriers\/","og_locale":"it_IT","og_type":"article","og_title":"Barriere di sicurezza in polimero - Anter System","og_description":"In questo caso si tratta di un tipo di zabezpieczenia wybranego, che si basa su una serie di prodotti di alta qualit\u00e0. Anter System offre un'ampia gamma di prodotti certyfikowanych, solidnie wykonanych, nowoczesnych barier ochronnych.","og_url":"https:\/\/antersystem.com\/it\/notizie\/polymer-safety-barriers\/","og_site_name":"Anter System","article_modified_time":"2026-02-04T13:04:41+00:00","twitter_card":"summary_large_image","twitter_misc":{"Tempo di lettura stimato":"2 minuti"},"schema":{"@context":"https:\/\/schema.org","@graph":[{"@type":"WebPage","@id":"https:\/\/antersystem.com\/it\/notizie\/polymer-safety-barriers\/","url":"https:\/\/antersystem.com\/it\/notizie\/polymer-safety-barriers\/","name":"Barriere di sicurezza in polimero - Anter System","isPartOf":{"@id":"https:\/\/antersystem.com\/it\/#website"},"datePublished":"2023-10-12T07:31:59+00:00","dateModified":"2026-02-04T13:04:41+00:00","description":"In questo caso si tratta di un tipo di zabezpieczenia wybranego, che si basa su una serie di prodotti di alta qualit\u00e0. Anter System offre un'ampia gamma di prodotti certyfikowanych, solidnie wykonanych, nowoczesnych barier ochronnych.","breadcrumb":{"@id":"https:\/\/antersystem.com\/it\/notizie\/polymer-safety-barriers\/#breadcrumb"},"inLanguage":"it-IT","potentialAction":[{"@type":"ReadAction","target":["https:\/\/antersystem.com\/it\/notizie\/polymer-safety-barriers\/"]}]},{"@type":"BreadcrumbList","@id":"https:\/\/antersystem.com\/it\/notizie\/polymer-safety-barriers\/#breadcrumb","itemListElement":[{"@type":"ListItem","position":1,"name":"AnterSystem","item":"https:\/\/antersystem.com\/it\/"},{"@type":"ListItem","position":2,"name":"Notizie","item":"https:\/\/antersystem.com\/it\/notizie\/"},{"@type":"ListItem","position":3,"name":"Barriere di sicurezza in polimero"}]},{"@type":"WebSite","@id":"https:\/\/antersystem.com\/it\/#website","url":"https:\/\/antersystem.com\/it\/","name":"Anter System","description":"Jeste\u015bmy polskim producentem elastycznych barier ochronnych wykonywanych z polimerowych tworzyw sztucznych. Na rynku krajowym i zagranicznym dzia\u0142amy od ponad 15 lat dbaj\u0105c o zapewnienie bezpiecze\u0144stwa w zak\u0142adach produkcyjnych, magazynach oraz centrach logistycznych.","potentialAction":[{"@type":"SearchAction","target":{"@type":"EntryPoint","urlTemplate":"https:\/\/antersystem.com\/it\/?s={search_term_string}"},"query-input":{"@type":"PropertyValueSpecification","valueRequired":true,"valueName":"search_term_string"}}],"inLanguage":"it-IT"}]}},"_links":{"self":[{"href":"https:\/\/antersystem.com\/it\/wp-json\/wp\/v2\/pages\/39598","targetHints":{"allow":["GET"]}}],"collection":[{"href":"https:\/\/antersystem.com\/it\/wp-json\/wp\/v2\/pages"}],"about":[{"href":"https:\/\/antersystem.com\/it\/wp-json\/wp\/v2\/types\/page"}],"author":[{"embeddable":true,"href":"https:\/\/antersystem.com\/it\/wp-json\/wp\/v2\/users\/1"}],"replies":[{"embeddable":true,"href":"https:\/\/antersystem.com\/it\/wp-json\/wp\/v2\/comments?post=39598"}],"version-history":[{"count":1,"href":"https:\/\/antersystem.com\/it\/wp-json\/wp\/v2\/pages\/39598\/revisions"}],"predecessor-version":[{"id":39600,"href":"https:\/\/antersystem.com\/it\/wp-json\/wp\/v2\/pages\/39598\/revisions\/39600"}],"up":[{"embeddable":true,"href":"https:\/\/antersystem.com\/it\/wp-json\/wp\/v2\/pages\/30444"}],"wp:attachment":[{"href":"https:\/\/antersystem.com\/it\/wp-json\/wp\/v2\/media?parent=39598"}],"curies":[{"name":"wp","href":"https:\/\/api.w.org\/{rel}","templated":true}]}}