{"id":39608,"date":"2024-03-01T14:25:26","date_gmt":"2024-03-01T13:25:26","guid":{"rendered":"https:\/\/antersystem.com\/notizie\/technical-conferences-2024\/"},"modified":"2026-02-04T14:04:56","modified_gmt":"2026-02-04T13:04:56","slug":"technical-conferences-2024","status":"publish","type":"page","link":"https:\/\/antersystem.com\/it\/notizie\/technical-conferences-2024\/","title":{"rendered":"Conferenze tecniche"},"content":{"rendered":"\n<div class=\"wp-block-columns is-layout-flex wp-container-core-columns-is-layout-9d6595d7 wp-block-columns-is-layout-flex\">\n  \n  <div class=\"wp-block-column is-layout-flow wp-block-column-is-layout-flow\" style=\"flex-basis:10%\"><\/div>\n  \n\n  \n  <div class=\"wp-block-column is-layout-flow wp-block-column-is-layout-flow\">\n    \n    <h3 class=\"wp-block-heading\">Invito alla conferenza organizzata da Axon Media<\/h3>\n    \n\n    \n    <p>Un altro invito da parte di <strong>Axon Media<\/strong>, un&#8217;organizzazione che sostiene attivamente il settore della logistica nel suo sviluppo. La rete di conferenze a livello nazionale offre una preziosa opportunit\u00e0 per stabilire connessioni commerciali, scambiare esperienze, raccogliere feedback sui prodotti e presentarli a un pubblico professionale pi\u00f9 ampio. <\/p>\n    \n\n    \n    <p>Ogni settore dell&#8217;economia ha le sue specifiche esigenze di produzione e stoccaggio. Le sfide che devi affrontare nelle operazioni quotidiane, combinate con la nostra esperienza nell&#8217;equipaggiamento di vari ambienti industriali, si traducono in <a href=\"https:\/\/antersystem.com\/realizacje\/\">soluzioni che vogliamo portare all&#8217;industria<\/a>. Potrai incontrarci il <strong>14 marzo<\/strong> presso l&#8217;<strong>Hotel Dworek Tryumf<\/strong>, ul. Klepacka 1, Ksi\u0119\u017cyno (Bia\u0142ystok), dove presenteremo le nostre <a href=\"https:\/\/antersystem.com\/kategorie_produktow\/bariery-ochronne\/\">barriere di sicurezza flessibili<\/a>, progettate per proteggere le persone, le strutture e i macchinari nelle aree a maggior rischio di collisione.   <\/p>\n    \n\n    \n    <p>La conferenza intitolata <em>&#8220;Ottimizzazione dei processi intralogistici e di magazzino&#8221;<\/em> tratter\u00e0 un&#8217;ampia gamma di argomenti: dai veicoli e i sistemi di trasporto interno alle tecnologie di identificazione RFID e wireless. Anche la sicurezza e l&#8217;igiene sul lavoro (OHS) nei magazzini e nei capannoni di produzione avranno un ruolo importante nelle presentazioni degli esperti durante l&#8217;evento. <\/p>\n    \n\n    \n    <p><strong>Quando:<\/strong> 14 marzo (gioved\u00ec) | 8:00 AM &#8211; 3:30 PM | <strong><a href=\"https:\/\/www.axonmedia.pl\/konferencje\/program\/intralogistyka-magazynowanie-2024-bialystok\/\">Programma<\/a><\/strong><\/p>\n    \n\n    \n    <p><strong>Dove:<\/strong> Hotel Dworek Tryumf, ul. Klepacka 1, Ksi\u0119\u017cyno (Bia\u0142ystok) | parcheggio gratuito <\/p>\n    \n\n    \n    <p><strong>La partecipazione \u00e8 gratuita<\/strong><\/p>\n    \n\n    \n    <p>In qualit\u00e0 di partner dell&#8217;evento, vi invitiamo caldamente a unirvi a noi!<\/p>\n    \n\n    \n    <p><strong>#Conferenze tecniche #AxonMedia #Intralogistica #Warehousing<\/strong><\/p>\n    \n  <\/div>\n  \n\n  \n  <div class=\"wp-block-column is-layout-flow wp-block-column-is-layout-flow\" style=\"flex-basis:10%\"><\/div>\n  \n<\/div>\n<div class=\"wp-block-image\">\n<figure class=\"aligncenter size-large is-resized\"><img loading=\"lazy\" decoding=\"async\" width=\"1024\" height=\"535\" src=\"https:\/\/antersystem.com\/wp-content\/uploads\/Axon-Media-Bialystok-2024_zaproszenie-od-Anter-System-1024x535.jpg\" alt=\"Axon Media Bia&#x142;ystok 2024 invito da parte di Anter System\" class=\"wp-image-4284\" style=\"width:720px;height:auto\" srcset=\"https:\/\/antersystem.com\/wp-content\/uploads\/Axon-Media-Bialystok-2024_zaproszenie-od-Anter-System-1024x535.jpg 1024w, https:\/\/antersystem.com\/wp-content\/uploads\/Axon-Media-Bialystok-2024_zaproszenie-od-Anter-System-300x157.jpg 300w, https:\/\/antersystem.com\/wp-content\/uploads\/Axon-Media-Bialystok-2024_zaproszenie-od-Anter-System-768x401.jpg 768w, https:\/\/antersystem.com\/wp-content\/uploads\/Axon-Media-Bialystok-2024_zaproszenie-od-Anter-System-450x235.jpg 450w, https:\/\/antersystem.com\/wp-content\/uploads\/Axon-Media-Bialystok-2024_zaproszenie-od-Anter-System-330x172.jpg 330w, https:\/\/antersystem.com\/wp-content\/uploads\/Axon-Media-Bialystok-2024_zaproszenie-od-Anter-System.jpg 1200w\" sizes=\"auto, (max-width: 1024px) 100vw, 1024px\" \/><\/figure><\/div>","protected":false},"excerpt":{"rendered":"<p>Invito alla conferenza organizzata da Axon Media Un altro invito da parte di Axon Media, un&#8217;organizzazione che sostiene attivamente il settore della logistica nel suo sviluppo. La rete di conferenze a livello nazionale offre una preziosa opportunit\u00e0 per stabilire connessioni commerciali, scambiare esperienze, raccogliere feedback sui prodotti e presentarli a un pubblico professionale pi\u00f9 ampio. [&hellip;]<\/p>\n","protected":false},"author":1,"featured_media":0,"parent":30444,"menu_order":0,"comment_status":"closed","ping_status":"closed","template":"","meta":{"inline_featured_image":false,"ngg_post_thumbnail":0,"footnotes":""},"class_list":["post-39608","page","type-page","status-publish","hentry"],"acf":[],"yoast_head":"<!-- This site is optimized with the Yoast SEO plugin v27.0 - https:\/\/yoast.com\/product\/yoast-seo-wordpress\/ -->\n<title>Conferenze tecniche - Anter System<\/title>\n<meta name=\"description\" content=\"Kolejne zaproszenie od AxonMedia, kt\u00f3re aktywnie wspiera bran\u017c\u0119 logistyczn\u0105 w rozwoju. Vedi le conferenze in Polonia\" \/>\n<meta name=\"robots\" content=\"index, follow, max-snippet:-1, max-image-preview:large, max-video-preview:-1\" \/>\n<link rel=\"canonical\" href=\"https:\/\/antersystem.com\/it\/notizie\/technical-conferences-2024\/\" \/>\n<meta property=\"og:locale\" content=\"it_IT\" \/>\n<meta property=\"og:type\" content=\"article\" \/>\n<meta property=\"og:title\" content=\"Conferenze tecniche - Anter System\" \/>\n<meta property=\"og:description\" content=\"Kolejne zaproszenie od AxonMedia, kt\u00f3re aktywnie wspiera bran\u017c\u0119 logistyczn\u0105 w rozwoju. Vedi le conferenze in Polonia\" \/>\n<meta property=\"og:url\" content=\"https:\/\/antersystem.com\/it\/notizie\/technical-conferences-2024\/\" \/>\n<meta property=\"og:site_name\" content=\"Anter System\" \/>\n<meta property=\"article:modified_time\" content=\"2026-02-04T13:04:56+00:00\" \/>\n<meta property=\"og:image\" content=\"https:\/\/antersystem.com\/wp-content\/uploads\/Axon-Media-Bialystok-2024_zaproszenie-od-Anter-System-1024x535.jpg\" \/>\n<meta name=\"twitter:card\" content=\"summary_large_image\" \/>\n<meta name=\"twitter:label1\" content=\"Tempo di lettura stimato\" \/>\n\t<meta name=\"twitter:data1\" content=\"1 minuto\" \/>\n<script type=\"application\/ld+json\" class=\"yoast-schema-graph\">{\"@context\":\"https:\/\/schema.org\",\"@graph\":[{\"@type\":\"WebPage\",\"@id\":\"https:\/\/antersystem.com\/it\/notizie\/technical-conferences-2024\/\",\"url\":\"https:\/\/antersystem.com\/it\/notizie\/technical-conferences-2024\/\",\"name\":\"Conferenze tecniche - Anter System\",\"isPartOf\":{\"@id\":\"https:\/\/antersystem.com\/it\/#website\"},\"primaryImageOfPage\":{\"@id\":\"https:\/\/antersystem.com\/it\/notizie\/technical-conferences-2024\/#primaryimage\"},\"image\":{\"@id\":\"https:\/\/antersystem.com\/it\/notizie\/technical-conferences-2024\/#primaryimage\"},\"thumbnailUrl\":\"https:\/\/antersystem.com\/wp-content\/uploads\/Axon-Media-Bialystok-2024_zaproszenie-od-Anter-System-1024x535.jpg\",\"datePublished\":\"2024-03-01T13:25:26+00:00\",\"dateModified\":\"2026-02-04T13:04:56+00:00\",\"description\":\"Kolejne zaproszenie od AxonMedia, kt\u00f3re aktywnie wspiera bran\u017c\u0119 logistyczn\u0105 w rozwoju. Vedi le conferenze in Polonia\",\"breadcrumb\":{\"@id\":\"https:\/\/antersystem.com\/it\/notizie\/technical-conferences-2024\/#breadcrumb\"},\"inLanguage\":\"it-IT\",\"potentialAction\":[{\"@type\":\"ReadAction\",\"target\":[\"https:\/\/antersystem.com\/it\/notizie\/technical-conferences-2024\/\"]}]},{\"@type\":\"ImageObject\",\"inLanguage\":\"it-IT\",\"@id\":\"https:\/\/antersystem.com\/it\/notizie\/technical-conferences-2024\/#primaryimage\",\"url\":\"https:\/\/antersystem.com\/wp-content\/uploads\/Axon-Media-Bialystok-2024_zaproszenie-od-Anter-System-1024x535.jpg\",\"contentUrl\":\"https:\/\/antersystem.com\/wp-content\/uploads\/Axon-Media-Bialystok-2024_zaproszenie-od-Anter-System-1024x535.jpg\"},{\"@type\":\"BreadcrumbList\",\"@id\":\"https:\/\/antersystem.com\/it\/notizie\/technical-conferences-2024\/#breadcrumb\",\"itemListElement\":[{\"@type\":\"ListItem\",\"position\":1,\"name\":\"AnterSystem\",\"item\":\"https:\/\/antersystem.com\/it\/\"},{\"@type\":\"ListItem\",\"position\":2,\"name\":\"Notizie\",\"item\":\"https:\/\/antersystem.com\/it\/notizie\/\"},{\"@type\":\"ListItem\",\"position\":3,\"name\":\"Conferenze tecniche\"}]},{\"@type\":\"WebSite\",\"@id\":\"https:\/\/antersystem.com\/it\/#website\",\"url\":\"https:\/\/antersystem.com\/it\/\",\"name\":\"Anter System\",\"description\":\"Jeste\u015bmy polskim producentem elastycznych barier ochronnych wykonywanych z polimerowych tworzyw sztucznych. Na rynku krajowym i zagranicznym dzia\u0142amy od ponad 15 lat dbaj\u0105c o zapewnienie bezpiecze\u0144stwa w zak\u0142adach produkcyjnych, magazynach oraz centrach logistycznych.\",\"potentialAction\":[{\"@type\":\"SearchAction\",\"target\":{\"@type\":\"EntryPoint\",\"urlTemplate\":\"https:\/\/antersystem.com\/it\/?s={search_term_string}\"},\"query-input\":{\"@type\":\"PropertyValueSpecification\",\"valueRequired\":true,\"valueName\":\"search_term_string\"}}],\"inLanguage\":\"it-IT\"}]}<\/script>\n<!-- \/ Yoast SEO plugin. -->","yoast_head_json":{"title":"Conferenze tecniche - Anter System","description":"Kolejne zaproszenie od AxonMedia, kt\u00f3re aktywnie wspiera bran\u017c\u0119 logistyczn\u0105 w rozwoju. Vedi le conferenze in Polonia","robots":{"index":"index","follow":"follow","max-snippet":"max-snippet:-1","max-image-preview":"max-image-preview:large","max-video-preview":"max-video-preview:-1"},"canonical":"https:\/\/antersystem.com\/it\/notizie\/technical-conferences-2024\/","og_locale":"it_IT","og_type":"article","og_title":"Conferenze tecniche - Anter System","og_description":"Kolejne zaproszenie od AxonMedia, kt\u00f3re aktywnie wspiera bran\u017c\u0119 logistyczn\u0105 w rozwoju. Vedi le conferenze in Polonia","og_url":"https:\/\/antersystem.com\/it\/notizie\/technical-conferences-2024\/","og_site_name":"Anter System","article_modified_time":"2026-02-04T13:04:56+00:00","og_image":[{"url":"https:\/\/antersystem.com\/wp-content\/uploads\/Axon-Media-Bialystok-2024_zaproszenie-od-Anter-System-1024x535.jpg","type":"","width":"","height":""}],"twitter_card":"summary_large_image","twitter_misc":{"Tempo di lettura stimato":"1 minuto"},"schema":{"@context":"https:\/\/schema.org","@graph":[{"@type":"WebPage","@id":"https:\/\/antersystem.com\/it\/notizie\/technical-conferences-2024\/","url":"https:\/\/antersystem.com\/it\/notizie\/technical-conferences-2024\/","name":"Conferenze tecniche - Anter System","isPartOf":{"@id":"https:\/\/antersystem.com\/it\/#website"},"primaryImageOfPage":{"@id":"https:\/\/antersystem.com\/it\/notizie\/technical-conferences-2024\/#primaryimage"},"image":{"@id":"https:\/\/antersystem.com\/it\/notizie\/technical-conferences-2024\/#primaryimage"},"thumbnailUrl":"https:\/\/antersystem.com\/wp-content\/uploads\/Axon-Media-Bialystok-2024_zaproszenie-od-Anter-System-1024x535.jpg","datePublished":"2024-03-01T13:25:26+00:00","dateModified":"2026-02-04T13:04:56+00:00","description":"Kolejne zaproszenie od AxonMedia, kt\u00f3re aktywnie wspiera bran\u017c\u0119 logistyczn\u0105 w rozwoju. Vedi le conferenze in Polonia","breadcrumb":{"@id":"https:\/\/antersystem.com\/it\/notizie\/technical-conferences-2024\/#breadcrumb"},"inLanguage":"it-IT","potentialAction":[{"@type":"ReadAction","target":["https:\/\/antersystem.com\/it\/notizie\/technical-conferences-2024\/"]}]},{"@type":"ImageObject","inLanguage":"it-IT","@id":"https:\/\/antersystem.com\/it\/notizie\/technical-conferences-2024\/#primaryimage","url":"https:\/\/antersystem.com\/wp-content\/uploads\/Axon-Media-Bialystok-2024_zaproszenie-od-Anter-System-1024x535.jpg","contentUrl":"https:\/\/antersystem.com\/wp-content\/uploads\/Axon-Media-Bialystok-2024_zaproszenie-od-Anter-System-1024x535.jpg"},{"@type":"BreadcrumbList","@id":"https:\/\/antersystem.com\/it\/notizie\/technical-conferences-2024\/#breadcrumb","itemListElement":[{"@type":"ListItem","position":1,"name":"AnterSystem","item":"https:\/\/antersystem.com\/it\/"},{"@type":"ListItem","position":2,"name":"Notizie","item":"https:\/\/antersystem.com\/it\/notizie\/"},{"@type":"ListItem","position":3,"name":"Conferenze tecniche"}]},{"@type":"WebSite","@id":"https:\/\/antersystem.com\/it\/#website","url":"https:\/\/antersystem.com\/it\/","name":"Anter System","description":"Jeste\u015bmy polskim producentem elastycznych barier ochronnych wykonywanych z polimerowych tworzyw sztucznych. Na rynku krajowym i zagranicznym dzia\u0142amy od ponad 15 lat dbaj\u0105c o zapewnienie bezpiecze\u0144stwa w zak\u0142adach produkcyjnych, magazynach oraz centrach logistycznych.","potentialAction":[{"@type":"SearchAction","target":{"@type":"EntryPoint","urlTemplate":"https:\/\/antersystem.com\/it\/?s={search_term_string}"},"query-input":{"@type":"PropertyValueSpecification","valueRequired":true,"valueName":"search_term_string"}}],"inLanguage":"it-IT"}]}},"_links":{"self":[{"href":"https:\/\/antersystem.com\/it\/wp-json\/wp\/v2\/pages\/39608","targetHints":{"allow":["GET"]}}],"collection":[{"href":"https:\/\/antersystem.com\/it\/wp-json\/wp\/v2\/pages"}],"about":[{"href":"https:\/\/antersystem.com\/it\/wp-json\/wp\/v2\/types\/page"}],"author":[{"embeddable":true,"href":"https:\/\/antersystem.com\/it\/wp-json\/wp\/v2\/users\/1"}],"replies":[{"embeddable":true,"href":"https:\/\/antersystem.com\/it\/wp-json\/wp\/v2\/comments?post=39608"}],"version-history":[{"count":1,"href":"https:\/\/antersystem.com\/it\/wp-json\/wp\/v2\/pages\/39608\/revisions"}],"predecessor-version":[{"id":39610,"href":"https:\/\/antersystem.com\/it\/wp-json\/wp\/v2\/pages\/39608\/revisions\/39610"}],"up":[{"embeddable":true,"href":"https:\/\/antersystem.com\/it\/wp-json\/wp\/v2\/pages\/30444"}],"wp:attachment":[{"href":"https:\/\/antersystem.com\/it\/wp-json\/wp\/v2\/media?parent=39608"}],"curies":[{"name":"wp","href":"https:\/\/api.w.org\/{rel}","templated":true}]}}