{"id":39611,"date":"2023-10-12T12:02:34","date_gmt":"2023-10-12T10:02:34","guid":{"rendered":"https:\/\/antersystem.com\/notizie\/trailer-support-jst\/"},"modified":"2026-02-04T14:04:56","modified_gmt":"2026-02-04T13:04:56","slug":"trailer-support-jst","status":"publish","type":"page","link":"https:\/\/antersystem.com\/it\/notizie\/trailer-support-jst\/","title":{"rendered":"Supporto per rimorchio JST"},"content":{"rendered":"\n<div class=\"wp-block-columns is-layout-flex wp-container-core-columns-is-layout-9d6595d7 wp-block-columns-is-layout-flex\">\n<div class=\"wp-block-column is-layout-flow wp-block-column-is-layout-flow\" style=\"flex-basis:10%\"><\/div>\n\n\n\n<div class=\"wp-block-column is-layout-flow wp-block-column-is-layout-flow\">\n<h2 class=\"wp-block-heading\">Supporto per rimorchio JST &#8211; scarico sicuro e comodo senza trattore<\/h2>\n\n\n\n<p>L&#8217;utilizzo di soluzioni moderne e collaudate come i <a href=\"https:\/\/antersystem.com\/kategorie_produktow\/technika-zaladunkowa\/\">supporti per semirimorchi<\/a> aiuta a snellire i processi di magazzino. Grazie ad essi, gli operatori dei carrelli elevatori possono eseguire liberamente le operazioni necessarie e l&#8217;intero processo di carico e scarico pu\u00f2 essere svolto senza l&#8217;intervento di una motrice. <\/p>\n<h3>Supporti per semirimorchi: vantaggi e applicazioni<\/h3>\n<p>Lo scopo principale dell&#8217;utilizzo di supporti professionali \u00e8 quello di fissare correttamente i semirimorchi di un veicolo per le consegne durante la ricezione della merce in magazzino. Il dispositivo funziona perfettamente anche durante le operazioni di carico, garantendo la sicurezza di tutte le persone coinvolte nel processo logistico, degli operatori dei carrelli elevatori e di chiunque si trovi nelle vicinanze. Il suo utilizzo impedisce al rimorchio di inclinarsi o ribaltarsi durante le operazioni di scarico o di carico.  <\/p>\n<p>Oltre a garantire un funzionamento sicuro e confortevole del magazzino, i supporti per semirimorchi offrono molti altri vantaggi. Uno dei pi\u00f9 importanti \u00e8 l&#8217;ottimizzazione dell&#8217;utilizzo dei trattori, in quanto possono lavorare contemporaneamente con altri semirimorchi, completando ulteriori tratte di trasporto. Degna di nota \u00e8 anche la facilit\u00e0 di utilizzo dei supporti dotati di un sistema di autolivellamento e di ampie possibilit\u00e0 di regolazione dell&#8217;altezza.  <\/p>\n<h3>Supporti per semirimorchi &#8211; Produttore polacco<\/h3>\n<p>I principali produttori offrono ai loro clienti un approccio individuale, fornendo sistemi completamente personalizzati in base alle esigenze di un determinato settore e all&#8217;organizzazione del lavoro in magazzino. Tra i tanti modelli disponibili sul mercato, merita particolare attenzione il <a href=\"https:\/\/antersystem.com\/produkty\/podpora-pod-naczepe-tira-jst1-1\/\">supporto per semirimorchi TIR Jack Trailer Stand prodotto da Anter System<\/a>. In questo modello, le questioni relative alla stabilizzazione del rimorchio e alla minimizzazione del rischio di ribaltamento sono state perfezionate al massimo livello.  <\/p>\n<p>Il dispositivo supporta facilmente carichi fino a 45 tonnellate, mentre i prodotti della concorrenza offrono solitamente una capacit\u00e0 di carico di 25-40 tonnellate, rendendo possibile la movimentazione di semirimorchi con carichi pi\u00f9 pesanti. L&#8217;altezza \u00e8 regolabile da 916 mm a 1366 mm, consentendo un miglior posizionamento del supporto e operazioni di carico pi\u00f9 comode. Inoltre, il dispositivo \u00e8 dotato di un&#8217;ampia superficie di base, che garantisce una maggiore stabilit\u00e0 al suolo e una superficie di contatto pi\u00f9 ampia con il semirimorchio (migliore stabilizzazione del rimorchio). Il posizionamento efficiente del supporto \u00e8 consentito da ruote in gomma con un diametro di 400 mm, pi\u00f9 grandi di quelle presenti nella maggior parte dei dispositivi di questo tipo presenti sul mercato. Il supporto pu\u00f2 essere facilmente sollevato grazie a un intuitivo meccanismo a manovella: pu\u00f2 essere azionato da chiunque senza bisogno di una forza eccessiva e un meccanismo di bloccaggio rapido impedisce l&#8217;accesso a persone non autorizzate.    <\/p>\n<p>Sempre pi\u00f9 produttori di semirimorchi raccomandano l&#8217;uso di supporti specializzati, quindi si pu\u00f2 affermare con certezza che nei prossimi anni <a href=\"https:\/\/antersystem.com\/it\/notizie\/product-of-the-year-2019\/produkt-roku-2019-3\/\">soluzioni come quella presentata da Anter System diventeranno uno standard nel settore della logistica<\/a>.<\/p>\n<h3>Un investimento in sicurezza: pianificalo oggi<\/h3>\n<p>Quando valuti l&#8217;acquisto di un supporto per semirimorchi TIR per la tua azienda, vale la pena di ragionare su scala macro, ricordando che un investimento una tantum in sicurezza pu\u00f2 rivelarsi prezioso. I costi per l&#8217;acquisto di sistemi di sicurezza professionali di solito si rivelano sproporzionatamente bassi rispetto alle conseguenze di un potenziale incidente o di un altro evento sfortunato. <\/p>\n<p>&nbsp;<\/p>\n<\/div>\n\n\n\n<div class=\"wp-block-column is-layout-flow wp-block-column-is-layout-flow\" style=\"flex-basis:10%\"><\/div>\n<\/div>\n","protected":false},"excerpt":{"rendered":"<p>Supporto per rimorchio JST &#8211; scarico sicuro e comodo senza trattore L&#8217;utilizzo di soluzioni moderne e collaudate come i supporti per semirimorchi aiuta a snellire i processi di magazzino. Grazie ad essi, gli operatori dei carrelli elevatori possono eseguire liberamente le operazioni necessarie e l&#8217;intero processo di carico e scarico pu\u00f2 essere svolto senza l&#8217;intervento [&hellip;]<\/p>\n","protected":false},"author":1,"featured_media":0,"parent":30444,"menu_order":0,"comment_status":"closed","ping_status":"closed","template":"","meta":{"inline_featured_image":false,"ngg_post_thumbnail":0,"footnotes":""},"class_list":["post-39611","page","type-page","status-publish","hentry"],"acf":[],"yoast_head":"<!-- This site is optimized with the Yoast SEO plugin v27.0 - https:\/\/yoast.com\/product\/yoast-seo-wordpress\/ -->\n<title>Supporto per rimorchio JST - Anter System<\/title>\n<meta name=\"description\" content=\"Supporto per rimorchio JST - scarico sicuro e comodo senza trattore L&#039;utilizzo di soluzioni moderne e collaudate come i supporti per semirimorchi aiuta a\" \/>\n<meta name=\"robots\" content=\"index, follow, max-snippet:-1, max-image-preview:large, max-video-preview:-1\" \/>\n<link rel=\"canonical\" href=\"https:\/\/antersystem.com\/it\/notizie\/trailer-support-jst\/\" \/>\n<meta property=\"og:locale\" content=\"it_IT\" \/>\n<meta property=\"og:type\" content=\"article\" \/>\n<meta property=\"og:title\" content=\"Supporto per rimorchio JST - Anter System\" \/>\n<meta property=\"og:description\" content=\"Supporto per rimorchio JST - scarico sicuro e comodo senza trattore L&#039;utilizzo di soluzioni moderne e collaudate come i supporti per semirimorchi aiuta a\" \/>\n<meta property=\"og:url\" content=\"https:\/\/antersystem.com\/it\/notizie\/trailer-support-jst\/\" \/>\n<meta property=\"og:site_name\" content=\"Anter System\" \/>\n<meta property=\"article:modified_time\" content=\"2026-02-04T13:04:56+00:00\" \/>\n<meta name=\"twitter:card\" content=\"summary_large_image\" \/>\n<meta name=\"twitter:label1\" content=\"Tempo di lettura stimato\" \/>\n\t<meta name=\"twitter:data1\" content=\"3 minuti\" \/>\n<script type=\"application\/ld+json\" class=\"yoast-schema-graph\">{\"@context\":\"https:\/\/schema.org\",\"@graph\":[{\"@type\":\"WebPage\",\"@id\":\"https:\/\/antersystem.com\/it\/notizie\/trailer-support-jst\/\",\"url\":\"https:\/\/antersystem.com\/it\/notizie\/trailer-support-jst\/\",\"name\":\"Supporto per rimorchio JST - Anter System\",\"isPartOf\":{\"@id\":\"https:\/\/antersystem.com\/it\/#website\"},\"datePublished\":\"2023-10-12T10:02:34+00:00\",\"dateModified\":\"2026-02-04T13:04:56+00:00\",\"description\":\"Supporto per rimorchio JST - scarico sicuro e comodo senza trattore L'utilizzo di soluzioni moderne e collaudate come i supporti per semirimorchi aiuta a\",\"breadcrumb\":{\"@id\":\"https:\/\/antersystem.com\/it\/notizie\/trailer-support-jst\/#breadcrumb\"},\"inLanguage\":\"it-IT\",\"potentialAction\":[{\"@type\":\"ReadAction\",\"target\":[\"https:\/\/antersystem.com\/it\/notizie\/trailer-support-jst\/\"]}]},{\"@type\":\"BreadcrumbList\",\"@id\":\"https:\/\/antersystem.com\/it\/notizie\/trailer-support-jst\/#breadcrumb\",\"itemListElement\":[{\"@type\":\"ListItem\",\"position\":1,\"name\":\"AnterSystem\",\"item\":\"https:\/\/antersystem.com\/it\/\"},{\"@type\":\"ListItem\",\"position\":2,\"name\":\"Notizie\",\"item\":\"https:\/\/antersystem.com\/it\/notizie\/\"},{\"@type\":\"ListItem\",\"position\":3,\"name\":\"Supporto per rimorchio JST\"}]},{\"@type\":\"WebSite\",\"@id\":\"https:\/\/antersystem.com\/it\/#website\",\"url\":\"https:\/\/antersystem.com\/it\/\",\"name\":\"Anter System\",\"description\":\"Jeste\u015bmy polskim producentem elastycznych barier ochronnych wykonywanych z polimerowych tworzyw sztucznych. Na rynku krajowym i zagranicznym dzia\u0142amy od ponad 15 lat dbaj\u0105c o zapewnienie bezpiecze\u0144stwa w zak\u0142adach produkcyjnych, magazynach oraz centrach logistycznych.\",\"potentialAction\":[{\"@type\":\"SearchAction\",\"target\":{\"@type\":\"EntryPoint\",\"urlTemplate\":\"https:\/\/antersystem.com\/it\/?s={search_term_string}\"},\"query-input\":{\"@type\":\"PropertyValueSpecification\",\"valueRequired\":true,\"valueName\":\"search_term_string\"}}],\"inLanguage\":\"it-IT\"}]}<\/script>\n<!-- \/ Yoast SEO plugin. -->","yoast_head_json":{"title":"Supporto per rimorchio JST - Anter System","description":"Supporto per rimorchio JST - scarico sicuro e comodo senza trattore L'utilizzo di soluzioni moderne e collaudate come i supporti per semirimorchi aiuta a","robots":{"index":"index","follow":"follow","max-snippet":"max-snippet:-1","max-image-preview":"max-image-preview:large","max-video-preview":"max-video-preview:-1"},"canonical":"https:\/\/antersystem.com\/it\/notizie\/trailer-support-jst\/","og_locale":"it_IT","og_type":"article","og_title":"Supporto per rimorchio JST - Anter System","og_description":"Supporto per rimorchio JST - scarico sicuro e comodo senza trattore L'utilizzo di soluzioni moderne e collaudate come i supporti per semirimorchi aiuta a","og_url":"https:\/\/antersystem.com\/it\/notizie\/trailer-support-jst\/","og_site_name":"Anter System","article_modified_time":"2026-02-04T13:04:56+00:00","twitter_card":"summary_large_image","twitter_misc":{"Tempo di lettura stimato":"3 minuti"},"schema":{"@context":"https:\/\/schema.org","@graph":[{"@type":"WebPage","@id":"https:\/\/antersystem.com\/it\/notizie\/trailer-support-jst\/","url":"https:\/\/antersystem.com\/it\/notizie\/trailer-support-jst\/","name":"Supporto per rimorchio JST - Anter System","isPartOf":{"@id":"https:\/\/antersystem.com\/it\/#website"},"datePublished":"2023-10-12T10:02:34+00:00","dateModified":"2026-02-04T13:04:56+00:00","description":"Supporto per rimorchio JST - scarico sicuro e comodo senza trattore L'utilizzo di soluzioni moderne e collaudate come i supporti per semirimorchi aiuta a","breadcrumb":{"@id":"https:\/\/antersystem.com\/it\/notizie\/trailer-support-jst\/#breadcrumb"},"inLanguage":"it-IT","potentialAction":[{"@type":"ReadAction","target":["https:\/\/antersystem.com\/it\/notizie\/trailer-support-jst\/"]}]},{"@type":"BreadcrumbList","@id":"https:\/\/antersystem.com\/it\/notizie\/trailer-support-jst\/#breadcrumb","itemListElement":[{"@type":"ListItem","position":1,"name":"AnterSystem","item":"https:\/\/antersystem.com\/it\/"},{"@type":"ListItem","position":2,"name":"Notizie","item":"https:\/\/antersystem.com\/it\/notizie\/"},{"@type":"ListItem","position":3,"name":"Supporto per rimorchio JST"}]},{"@type":"WebSite","@id":"https:\/\/antersystem.com\/it\/#website","url":"https:\/\/antersystem.com\/it\/","name":"Anter System","description":"Jeste\u015bmy polskim producentem elastycznych barier ochronnych wykonywanych z polimerowych tworzyw sztucznych. Na rynku krajowym i zagranicznym dzia\u0142amy od ponad 15 lat dbaj\u0105c o zapewnienie bezpiecze\u0144stwa w zak\u0142adach produkcyjnych, magazynach oraz centrach logistycznych.","potentialAction":[{"@type":"SearchAction","target":{"@type":"EntryPoint","urlTemplate":"https:\/\/antersystem.com\/it\/?s={search_term_string}"},"query-input":{"@type":"PropertyValueSpecification","valueRequired":true,"valueName":"search_term_string"}}],"inLanguage":"it-IT"}]}},"_links":{"self":[{"href":"https:\/\/antersystem.com\/it\/wp-json\/wp\/v2\/pages\/39611","targetHints":{"allow":["GET"]}}],"collection":[{"href":"https:\/\/antersystem.com\/it\/wp-json\/wp\/v2\/pages"}],"about":[{"href":"https:\/\/antersystem.com\/it\/wp-json\/wp\/v2\/types\/page"}],"author":[{"embeddable":true,"href":"https:\/\/antersystem.com\/it\/wp-json\/wp\/v2\/users\/1"}],"replies":[{"embeddable":true,"href":"https:\/\/antersystem.com\/it\/wp-json\/wp\/v2\/comments?post=39611"}],"version-history":[{"count":1,"href":"https:\/\/antersystem.com\/it\/wp-json\/wp\/v2\/pages\/39611\/revisions"}],"predecessor-version":[{"id":39613,"href":"https:\/\/antersystem.com\/it\/wp-json\/wp\/v2\/pages\/39611\/revisions\/39613"}],"up":[{"embeddable":true,"href":"https:\/\/antersystem.com\/it\/wp-json\/wp\/v2\/pages\/30444"}],"wp:attachment":[{"href":"https:\/\/antersystem.com\/it\/wp-json\/wp\/v2\/media?parent=39611"}],"curies":[{"name":"wp","href":"https:\/\/api.w.org\/{rel}","templated":true}]}}