{"id":39664,"date":"2024-03-25T16:20:11","date_gmt":"2024-03-25T15:20:11","guid":{"rendered":"https:\/\/antersystem.com\/notizie\/technical-conference-szczecin\/"},"modified":"2026-02-04T14:07:04","modified_gmt":"2026-02-04T13:07:04","slug":"technical-conference-szczecin","status":"publish","type":"page","link":"https:\/\/antersystem.com\/it\/notizie\/technical-conference-szczecin\/","title":{"rendered":"Conferenza tecnica, Stettino 18.04"},"content":{"rendered":"\n<div class=\"wp-block-columns is-layout-flex wp-container-core-columns-is-layout-9d6595d7 wp-block-columns-is-layout-flex\">\n  \n  <div class=\"wp-block-column is-layout-flow wp-block-column-is-layout-flow\" style=\"flex-basis:10%\"><\/div>\n  \n\n  \n  <div class=\"wp-block-column is-layout-flow wp-block-column-is-layout-flow\">\n    \n    <h3 class=\"wp-block-heading\">Ci incontriamo di nuovo &#8211; grazie ad Axon Media.<\/h3>\n    \n\n    \n    <p><strong>Axon Media<\/strong>, l&#8217;organizzatore delle Conferenze Tecniche, ci ha gi\u00e0 abituato a incontri mensili di networking. La loro frequenza e la loro energia rimangono elevate. La prossima conferenza si terr\u00e0 il <a href=\"https:\/\/www.axonmedia.pl\/konferencje\/aktualne\/intralogistyka-magazynowanie-2024-szczecin\/\">18 aprile a Stettino<\/a> e avr\u00e0 come tema principale: come attuare piccoli cambiamenti che fanno risparmiare tempo e risorse finanziarie.  <\/p>\n    \n\n    \n    <p>Parteciperemo anche a questa edizione per presentare le possibilit\u00e0 di soluzioni tecniche su misura per le singole esigenze. Dalla <a href=\"https:\/\/antersystem.com\/kategorie_produktow\/ochrona-kolumny\/\">protezione di strutture critiche<\/a> e <a href=\"https:\/\/antersystem.com\/produkty\/plyta-zderzeniowa-ertax\/\">zone d&#8217;impatto in cui non c&#8217;\u00e8 spazio per le barriere di sicurezza standard<\/a>, alla messa in sicurezza di percorsi pedonali e alla protezione di macchinari e infrastrutture da collisioni con carrelli elevatori: questa \u00e8 la nostra esperienza e pratica quotidiana. Saremo lieti di condividere i casi di studio di progetti in cui abbiamo partecipato attivamente alla progettazione e all&#8217;implementazione di soluzioni di sicurezza personalizzate.  <\/p>\n    \n\n    \n    <p>Ti invitiamo inoltre a partecipare alle sessioni della conferenza e ad ascoltare le presentazioni degli esperti &#8211; non \u00e8 richiesta alcuna interazione. L&#8217;agenda della conferenza <em>&#8220;Ottimizzazione dei processi intralogistici e di magazzino&#8221;<\/em> comprende argomenti come i sistemi di trasporto interno, la robotica di magazzino, i sistemi di stoccaggio e raccolta ordini automatizzati, l&#8217;identificazione RFID e wireless, i software intralogistici, la progettazione e la consulenza logistica, i macchinari per l&#8217;etichettatura e la salute e la sicurezza sul lavoro (OHS) nelle strutture industriali e di magazzino. <\/p>\n    \n\n    \n    <p><strong>Quando:<\/strong> 18 aprile (gioved\u00ec) | 8:00 &#8211; 15:30 | <a href=\"https:\/\/www.axonmedia.pl\/konferencje\/program\/intralogistyka-magazynowanie-2024-szczecin\/\">Programma<\/a><\/p>\n    \n\n    \n    <p><strong>Dove:<\/strong> Hotel VULCAN, ul. F.K. Druckiego-Lubeckiego 6a, Stettino | Parcheggio gratuito <\/p>\n    \n\n    \n    <p><strong>La partecipazione \u00e8 gratuita<\/strong><\/p>\n    \n\n    \n    <p>In qualit\u00e0 di partner orgogliosi dell&#8217;evento, ti invitiamo caldamente a unirti a noi!<\/p>\n    \n\n    \n    <p><strong>#Conferenze tecniche #AxonMedia #Intralogistica #Warehousing<\/strong><\/p>\n    \n  <\/div>\n  \n\n  \n  <div class=\"wp-block-column is-layout-flow wp-block-column-is-layout-flow\" style=\"flex-basis:10%\"><\/div>\n  \n<\/div>\n<div class=\"wp-block-image\">\n<figure class=\"aligncenter size-large is-resized\"><img loading=\"lazy\" decoding=\"async\" width=\"1024\" height=\"535\" src=\"https:\/\/antersystem.com\/wp-content\/uploads\/18-KWIETNIA-ANTER-SYSTEM-partnerem-konferencji-technicznych-Axon-Media-1-1024x535.jpg\" alt=\"Anter System - Conferenza tecnica a Stettino, 18 aprile 2024\" class=\"wp-image-4321\" style=\"width:720px;height:auto\" srcset=\"https:\/\/antersystem.com\/wp-content\/uploads\/18-KWIETNIA-ANTER-SYSTEM-partnerem-konferencji-technicznych-Axon-Media-1-1024x535.jpg 1024w, https:\/\/antersystem.com\/wp-content\/uploads\/18-KWIETNIA-ANTER-SYSTEM-partnerem-konferencji-technicznych-Axon-Media-1-300x157.jpg 300w, https:\/\/antersystem.com\/wp-content\/uploads\/18-KWIETNIA-ANTER-SYSTEM-partnerem-konferencji-technicznych-Axon-Media-1-768x401.jpg 768w, https:\/\/antersystem.com\/wp-content\/uploads\/18-KWIETNIA-ANTER-SYSTEM-partnerem-konferencji-technicznych-Axon-Media-1-450x235.jpg 450w, https:\/\/antersystem.com\/wp-content\/uploads\/18-KWIETNIA-ANTER-SYSTEM-partnerem-konferencji-technicznych-Axon-Media-1-330x172.jpg 330w, https:\/\/antersystem.com\/wp-content\/uploads\/18-KWIETNIA-ANTER-SYSTEM-partnerem-konferencji-technicznych-Axon-Media-1.jpg 1200w\" sizes=\"auto, (max-width: 1024px) 100vw, 1024px\" \/><\/figure><\/div>","protected":false},"excerpt":{"rendered":"<p>Ci incontriamo di nuovo &#8211; grazie ad Axon Media. Axon Media, l&#8217;organizzatore delle Conferenze Tecniche, ci ha gi\u00e0 abituato a incontri mensili di networking. La loro frequenza e la loro energia rimangono elevate. La prossima conferenza si terr\u00e0 il 18 aprile a Stettino e avr\u00e0 come tema principale: come attuare piccoli cambiamenti che fanno risparmiare [&hellip;]<\/p>\n","protected":false},"author":1,"featured_media":0,"parent":30444,"menu_order":0,"comment_status":"closed","ping_status":"closed","template":"","meta":{"inline_featured_image":false,"ngg_post_thumbnail":0,"footnotes":""},"class_list":["post-39664","page","type-page","status-publish","hentry"],"acf":[],"yoast_head":"<!-- This site is optimized with the Yoast SEO plugin v27.0 - https:\/\/yoast.com\/product\/yoast-seo-wordpress\/ -->\n<title>Conferenza tecnica, Stettino 18.04 - Anter System<\/title>\n<meta name=\"description\" content=\"Ci incontriamo di nuovo - grazie ad Axon Media. Axon Media, l&#039;organizzatore delle Conferenze Tecniche, ci ha gi\u00e0 abituato a incontri mensili di\" \/>\n<meta name=\"robots\" content=\"index, follow, max-snippet:-1, max-image-preview:large, max-video-preview:-1\" \/>\n<link rel=\"canonical\" href=\"https:\/\/antersystem.com\/it\/notizie\/technical-conference-szczecin\/\" \/>\n<meta property=\"og:locale\" content=\"it_IT\" \/>\n<meta property=\"og:type\" content=\"article\" \/>\n<meta property=\"og:title\" content=\"Conferenza tecnica, Stettino 18.04 - Anter System\" \/>\n<meta property=\"og:description\" content=\"Ci incontriamo di nuovo - grazie ad Axon Media. Axon Media, l&#039;organizzatore delle Conferenze Tecniche, ci ha gi\u00e0 abituato a incontri mensili di\" \/>\n<meta property=\"og:url\" content=\"https:\/\/antersystem.com\/it\/notizie\/technical-conference-szczecin\/\" \/>\n<meta property=\"og:site_name\" content=\"Anter System\" \/>\n<meta property=\"article:modified_time\" content=\"2026-02-04T13:07:04+00:00\" \/>\n<meta property=\"og:image\" content=\"https:\/\/antersystem.com\/wp-content\/uploads\/18-KWIETNIA-ANTER-SYSTEM-partnerem-konferencji-technicznych-Axon-Media-1-1024x535.jpg\" \/>\n<meta name=\"twitter:card\" content=\"summary_large_image\" \/>\n<meta name=\"twitter:label1\" content=\"Tempo di lettura stimato\" \/>\n\t<meta name=\"twitter:data1\" content=\"1 minuto\" \/>\n<script type=\"application\/ld+json\" class=\"yoast-schema-graph\">{\"@context\":\"https:\/\/schema.org\",\"@graph\":[{\"@type\":\"WebPage\",\"@id\":\"https:\/\/antersystem.com\/it\/notizie\/technical-conference-szczecin\/\",\"url\":\"https:\/\/antersystem.com\/it\/notizie\/technical-conference-szczecin\/\",\"name\":\"Conferenza tecnica, Stettino 18.04 - Anter System\",\"isPartOf\":{\"@id\":\"https:\/\/antersystem.com\/it\/#website\"},\"primaryImageOfPage\":{\"@id\":\"https:\/\/antersystem.com\/it\/notizie\/technical-conference-szczecin\/#primaryimage\"},\"image\":{\"@id\":\"https:\/\/antersystem.com\/it\/notizie\/technical-conference-szczecin\/#primaryimage\"},\"thumbnailUrl\":\"https:\/\/antersystem.com\/wp-content\/uploads\/18-KWIETNIA-ANTER-SYSTEM-partnerem-konferencji-technicznych-Axon-Media-1-1024x535.jpg\",\"datePublished\":\"2024-03-25T15:20:11+00:00\",\"dateModified\":\"2026-02-04T13:07:04+00:00\",\"description\":\"Ci incontriamo di nuovo - grazie ad Axon Media. Axon Media, l'organizzatore delle Conferenze Tecniche, ci ha gi\u00e0 abituato a incontri mensili di\",\"breadcrumb\":{\"@id\":\"https:\/\/antersystem.com\/it\/notizie\/technical-conference-szczecin\/#breadcrumb\"},\"inLanguage\":\"it-IT\",\"potentialAction\":[{\"@type\":\"ReadAction\",\"target\":[\"https:\/\/antersystem.com\/it\/notizie\/technical-conference-szczecin\/\"]}]},{\"@type\":\"ImageObject\",\"inLanguage\":\"it-IT\",\"@id\":\"https:\/\/antersystem.com\/it\/notizie\/technical-conference-szczecin\/#primaryimage\",\"url\":\"https:\/\/antersystem.com\/wp-content\/uploads\/18-KWIETNIA-ANTER-SYSTEM-partnerem-konferencji-technicznych-Axon-Media-1-1024x535.jpg\",\"contentUrl\":\"https:\/\/antersystem.com\/wp-content\/uploads\/18-KWIETNIA-ANTER-SYSTEM-partnerem-konferencji-technicznych-Axon-Media-1-1024x535.jpg\"},{\"@type\":\"BreadcrumbList\",\"@id\":\"https:\/\/antersystem.com\/it\/notizie\/technical-conference-szczecin\/#breadcrumb\",\"itemListElement\":[{\"@type\":\"ListItem\",\"position\":1,\"name\":\"AnterSystem\",\"item\":\"https:\/\/antersystem.com\/it\/\"},{\"@type\":\"ListItem\",\"position\":2,\"name\":\"Notizie\",\"item\":\"https:\/\/antersystem.com\/it\/notizie\/\"},{\"@type\":\"ListItem\",\"position\":3,\"name\":\"Conferenza tecnica, Stettino 18.04\"}]},{\"@type\":\"WebSite\",\"@id\":\"https:\/\/antersystem.com\/it\/#website\",\"url\":\"https:\/\/antersystem.com\/it\/\",\"name\":\"Anter System\",\"description\":\"Jeste\u015bmy polskim producentem elastycznych barier ochronnych wykonywanych z polimerowych tworzyw sztucznych. Na rynku krajowym i zagranicznym dzia\u0142amy od ponad 15 lat dbaj\u0105c o zapewnienie bezpiecze\u0144stwa w zak\u0142adach produkcyjnych, magazynach oraz centrach logistycznych.\",\"potentialAction\":[{\"@type\":\"SearchAction\",\"target\":{\"@type\":\"EntryPoint\",\"urlTemplate\":\"https:\/\/antersystem.com\/it\/?s={search_term_string}\"},\"query-input\":{\"@type\":\"PropertyValueSpecification\",\"valueRequired\":true,\"valueName\":\"search_term_string\"}}],\"inLanguage\":\"it-IT\"}]}<\/script>\n<!-- \/ Yoast SEO plugin. -->","yoast_head_json":{"title":"Conferenza tecnica, Stettino 18.04 - Anter System","description":"Ci incontriamo di nuovo - grazie ad Axon Media. Axon Media, l'organizzatore delle Conferenze Tecniche, ci ha gi\u00e0 abituato a incontri mensili di","robots":{"index":"index","follow":"follow","max-snippet":"max-snippet:-1","max-image-preview":"max-image-preview:large","max-video-preview":"max-video-preview:-1"},"canonical":"https:\/\/antersystem.com\/it\/notizie\/technical-conference-szczecin\/","og_locale":"it_IT","og_type":"article","og_title":"Conferenza tecnica, Stettino 18.04 - Anter System","og_description":"Ci incontriamo di nuovo - grazie ad Axon Media. Axon Media, l'organizzatore delle Conferenze Tecniche, ci ha gi\u00e0 abituato a incontri mensili di","og_url":"https:\/\/antersystem.com\/it\/notizie\/technical-conference-szczecin\/","og_site_name":"Anter System","article_modified_time":"2026-02-04T13:07:04+00:00","og_image":[{"url":"https:\/\/antersystem.com\/wp-content\/uploads\/18-KWIETNIA-ANTER-SYSTEM-partnerem-konferencji-technicznych-Axon-Media-1-1024x535.jpg","type":"","width":"","height":""}],"twitter_card":"summary_large_image","twitter_misc":{"Tempo di lettura stimato":"1 minuto"},"schema":{"@context":"https:\/\/schema.org","@graph":[{"@type":"WebPage","@id":"https:\/\/antersystem.com\/it\/notizie\/technical-conference-szczecin\/","url":"https:\/\/antersystem.com\/it\/notizie\/technical-conference-szczecin\/","name":"Conferenza tecnica, Stettino 18.04 - Anter System","isPartOf":{"@id":"https:\/\/antersystem.com\/it\/#website"},"primaryImageOfPage":{"@id":"https:\/\/antersystem.com\/it\/notizie\/technical-conference-szczecin\/#primaryimage"},"image":{"@id":"https:\/\/antersystem.com\/it\/notizie\/technical-conference-szczecin\/#primaryimage"},"thumbnailUrl":"https:\/\/antersystem.com\/wp-content\/uploads\/18-KWIETNIA-ANTER-SYSTEM-partnerem-konferencji-technicznych-Axon-Media-1-1024x535.jpg","datePublished":"2024-03-25T15:20:11+00:00","dateModified":"2026-02-04T13:07:04+00:00","description":"Ci incontriamo di nuovo - grazie ad Axon Media. Axon Media, l'organizzatore delle Conferenze Tecniche, ci ha gi\u00e0 abituato a incontri mensili di","breadcrumb":{"@id":"https:\/\/antersystem.com\/it\/notizie\/technical-conference-szczecin\/#breadcrumb"},"inLanguage":"it-IT","potentialAction":[{"@type":"ReadAction","target":["https:\/\/antersystem.com\/it\/notizie\/technical-conference-szczecin\/"]}]},{"@type":"ImageObject","inLanguage":"it-IT","@id":"https:\/\/antersystem.com\/it\/notizie\/technical-conference-szczecin\/#primaryimage","url":"https:\/\/antersystem.com\/wp-content\/uploads\/18-KWIETNIA-ANTER-SYSTEM-partnerem-konferencji-technicznych-Axon-Media-1-1024x535.jpg","contentUrl":"https:\/\/antersystem.com\/wp-content\/uploads\/18-KWIETNIA-ANTER-SYSTEM-partnerem-konferencji-technicznych-Axon-Media-1-1024x535.jpg"},{"@type":"BreadcrumbList","@id":"https:\/\/antersystem.com\/it\/notizie\/technical-conference-szczecin\/#breadcrumb","itemListElement":[{"@type":"ListItem","position":1,"name":"AnterSystem","item":"https:\/\/antersystem.com\/it\/"},{"@type":"ListItem","position":2,"name":"Notizie","item":"https:\/\/antersystem.com\/it\/notizie\/"},{"@type":"ListItem","position":3,"name":"Conferenza tecnica, Stettino 18.04"}]},{"@type":"WebSite","@id":"https:\/\/antersystem.com\/it\/#website","url":"https:\/\/antersystem.com\/it\/","name":"Anter System","description":"Jeste\u015bmy polskim producentem elastycznych barier ochronnych wykonywanych z polimerowych tworzyw sztucznych. Na rynku krajowym i zagranicznym dzia\u0142amy od ponad 15 lat dbaj\u0105c o zapewnienie bezpiecze\u0144stwa w zak\u0142adach produkcyjnych, magazynach oraz centrach logistycznych.","potentialAction":[{"@type":"SearchAction","target":{"@type":"EntryPoint","urlTemplate":"https:\/\/antersystem.com\/it\/?s={search_term_string}"},"query-input":{"@type":"PropertyValueSpecification","valueRequired":true,"valueName":"search_term_string"}}],"inLanguage":"it-IT"}]}},"_links":{"self":[{"href":"https:\/\/antersystem.com\/it\/wp-json\/wp\/v2\/pages\/39664","targetHints":{"allow":["GET"]}}],"collection":[{"href":"https:\/\/antersystem.com\/it\/wp-json\/wp\/v2\/pages"}],"about":[{"href":"https:\/\/antersystem.com\/it\/wp-json\/wp\/v2\/types\/page"}],"author":[{"embeddable":true,"href":"https:\/\/antersystem.com\/it\/wp-json\/wp\/v2\/users\/1"}],"replies":[{"embeddable":true,"href":"https:\/\/antersystem.com\/it\/wp-json\/wp\/v2\/comments?post=39664"}],"version-history":[{"count":1,"href":"https:\/\/antersystem.com\/it\/wp-json\/wp\/v2\/pages\/39664\/revisions"}],"predecessor-version":[{"id":39666,"href":"https:\/\/antersystem.com\/it\/wp-json\/wp\/v2\/pages\/39664\/revisions\/39666"}],"up":[{"embeddable":true,"href":"https:\/\/antersystem.com\/it\/wp-json\/wp\/v2\/pages\/30444"}],"wp:attachment":[{"href":"https:\/\/antersystem.com\/it\/wp-json\/wp\/v2\/media?parent=39664"}],"curies":[{"name":"wp","href":"https:\/\/api.w.org\/{rel}","templated":true}]}}