{"id":39675,"date":"2024-02-28T09:18:11","date_gmt":"2024-02-28T08:18:11","guid":{"rendered":"https:\/\/antersystem.com\/notizie\/mid-magazine-visions-of-safety-wizje-bezpieczenstwa\/"},"modified":"2026-02-04T14:07:09","modified_gmt":"2026-02-04T13:07:09","slug":"mid-magazine-visions-of-safety-wizje-bezpieczenstwa","status":"publish","type":"page","link":"https:\/\/antersystem.com\/it\/notizie\/mid-magazine-visions-of-safety-wizje-bezpieczenstwa\/","title":{"rendered":"Rivista MID &#8211; &#8220;Visioni di sicurezza&#8221; &#8211; &#8220;Wizje bezpiecze\u0144stwa"},"content":{"rendered":"\n<div class=\"wp-block-columns is-layout-flex wp-container-core-columns-is-layout-9d6595d7 wp-block-columns-is-layout-flex\">\n<div class=\"wp-block-column is-layout-flow wp-block-column-is-layout-flow\" style=\"flex-basis:10%\"><\/div>\n\n\n\n<div class=\"wp-block-column is-layout-flow wp-block-column-is-layout-flow\">\n<h3 class=\"wp-block-heading\">MID 97 &#8211; il primo numero del 2024. Quali sono gli elementi che devono guidarti per garantire che uno spazio soddisfi i requisiti di sicurezza? <\/h3>\n\n\n\n<p>L&#8217;ultimo numero della rivista MID contiene un articolo editoriale che pu\u00f2 essere considerato un manuale di salute e sicurezza per i progettisti di spazi di magazzino. L&#8217;articolo prende in considerazione le misure di sicurezza relative alla disposizione degli spazi, all&#8217;illuminazione, all&#8217;umidit\u00e0, alle norme OHS e al traffico dei veicoli. Una parte significativa \u00e8 dedicata anche alla protezione delle aree in cui aumenta il rischio di collisioni. In questo caso, un Project Manager di Anter System fornisce un supporto, indicando &#8211; utilizzando come esempio le barriere di sicurezza flessibili &#8211; i tipi di pericoli che si possono incontrare nel lavoro quotidiano. L&#8217;articolo affronta anche misure di protezione pi\u00f9 avanzate, come l&#8217;automazione dei processi e l&#8217;uso di droni per la gestione dell&#8217;inventario.    <\/p>\n<p>I redattori definiscono le misure di sicurezza in base alla loro natura attiva o passiva. Le barriere di sicurezza flessibili rientrano in quest&#8217;ultima categoria, il che non diminuisce in alcun modo la priorit\u00e0 della loro applicazione. Con questo articolo in mano, i lettori potranno rivalutare le loro conoscenze sulla pianificazione degli spazi in termini di uso efficiente degli stessi e delle operazioni che vi si svolgono.  <\/p>\n<p>Ti auguriamo una piacevole lettura!<\/p>\n<\/div>\n\n\n\n<div class=\"wp-block-column is-layout-flow wp-block-column-is-layout-flow\" style=\"flex-basis:10%\"><\/div>\n<\/div>\n\n<div data-wp-interactive=\"core\/file\" class=\"wp-block-file\"><object data-wp-bind--hidden=\"!state.hasPdfPreview\" hidden class=\"wp-block-file__embed\" data=\"https:\/\/antersystem.com\/wp-content\/uploads\/MID_97_1_2024-Anter-System.pdf\" type=\"application\/pdf\" style=\"width:100%;height:600px\" aria-label=\"Incorporamento di MID_97_1_2024-Anter-System.\"><\/object><a id=\"wp-block-file--media-c4a79965-4313-4b68-8827-3aa81c41db0a\" href=\"https:\/\/antersystem.com\/wp-content\/uploads\/MID_97_1_2024-Anter-System.pdf\">MID_97_1_2024-Anter System<\/a><a href=\"https:\/\/antersystem.com\/wp-content\/uploads\/MID_97_1_2024-Anter-System.pdf\" class=\"wp-block-file__button wp-element-button\" download=\"\" aria-describedby=\"wp-block-file--media-c4a79965-4313-4b68-8827-3aa81c41db0a\">Scarica<\/a><\/div>\n","protected":false},"excerpt":{"rendered":"<p>MID 97 &#8211; il primo numero del 2024. Quali sono gli elementi che devono guidarti per garantire che uno spazio soddisfi i requisiti di sicurezza? L&#8217;ultimo numero della rivista MID contiene un articolo editoriale che pu\u00f2 essere considerato un manuale di salute e sicurezza per i progettisti di spazi di magazzino. L&#8217;articolo prende in considerazione [&hellip;]<\/p>\n","protected":false},"author":1,"featured_media":0,"parent":30444,"menu_order":0,"comment_status":"closed","ping_status":"closed","template":"","meta":{"inline_featured_image":false,"ngg_post_thumbnail":0,"footnotes":""},"class_list":["post-39675","page","type-page","status-publish","hentry"],"acf":[],"yoast_head":"<!-- This site is optimized with the Yoast SEO plugin v27.0 - https:\/\/yoast.com\/product\/yoast-seo-wordpress\/ -->\n<title>Rivista MID - &quot;Visioni di sicurezza&quot; - &quot;Wizje bezpiecze\u0144stwa - Anter System<\/title>\n<meta name=\"description\" content=\"MID 97 - il primo numero del 2024. Quali sono gli elementi che devono guidarti per garantire che uno spazio soddisfi i requisiti di sicurezza? L&#039;ultimo\" \/>\n<meta name=\"robots\" content=\"index, follow, max-snippet:-1, max-image-preview:large, max-video-preview:-1\" \/>\n<link rel=\"canonical\" href=\"https:\/\/antersystem.com\/it\/notizie\/mid-magazine-visions-of-safety-wizje-bezpieczenstwa\/\" \/>\n<meta property=\"og:locale\" content=\"it_IT\" \/>\n<meta property=\"og:type\" content=\"article\" \/>\n<meta property=\"og:title\" content=\"Rivista MID - &quot;Visioni di sicurezza&quot; - &quot;Wizje bezpiecze\u0144stwa - Anter System\" \/>\n<meta property=\"og:description\" content=\"MID 97 - il primo numero del 2024. Quali sono gli elementi che devono guidarti per garantire che uno spazio soddisfi i requisiti di sicurezza? L&#039;ultimo\" \/>\n<meta property=\"og:url\" content=\"https:\/\/antersystem.com\/it\/notizie\/mid-magazine-visions-of-safety-wizje-bezpieczenstwa\/\" \/>\n<meta property=\"og:site_name\" content=\"Anter System\" \/>\n<meta property=\"article:modified_time\" content=\"2026-02-04T13:07:09+00:00\" \/>\n<meta name=\"twitter:card\" content=\"summary_large_image\" \/>\n<meta name=\"twitter:label1\" content=\"Tempo di lettura stimato\" \/>\n\t<meta name=\"twitter:data1\" content=\"1 minuto\" \/>\n<script type=\"application\/ld+json\" class=\"yoast-schema-graph\">{\"@context\":\"https:\/\/schema.org\",\"@graph\":[{\"@type\":\"WebPage\",\"@id\":\"https:\/\/antersystem.com\/it\/notizie\/mid-magazine-visions-of-safety-wizje-bezpieczenstwa\/\",\"url\":\"https:\/\/antersystem.com\/it\/notizie\/mid-magazine-visions-of-safety-wizje-bezpieczenstwa\/\",\"name\":\"Rivista MID - \\\"Visioni di sicurezza\\\" - \\\"Wizje bezpiecze\u0144stwa - Anter System\",\"isPartOf\":{\"@id\":\"https:\/\/antersystem.com\/it\/#website\"},\"datePublished\":\"2024-02-28T08:18:11+00:00\",\"dateModified\":\"2026-02-04T13:07:09+00:00\",\"description\":\"MID 97 - il primo numero del 2024. Quali sono gli elementi che devono guidarti per garantire che uno spazio soddisfi i requisiti di sicurezza? L'ultimo\",\"breadcrumb\":{\"@id\":\"https:\/\/antersystem.com\/it\/notizie\/mid-magazine-visions-of-safety-wizje-bezpieczenstwa\/#breadcrumb\"},\"inLanguage\":\"it-IT\",\"potentialAction\":[{\"@type\":\"ReadAction\",\"target\":[\"https:\/\/antersystem.com\/it\/notizie\/mid-magazine-visions-of-safety-wizje-bezpieczenstwa\/\"]}]},{\"@type\":\"BreadcrumbList\",\"@id\":\"https:\/\/antersystem.com\/it\/notizie\/mid-magazine-visions-of-safety-wizje-bezpieczenstwa\/#breadcrumb\",\"itemListElement\":[{\"@type\":\"ListItem\",\"position\":1,\"name\":\"AnterSystem\",\"item\":\"https:\/\/antersystem.com\/it\/\"},{\"@type\":\"ListItem\",\"position\":2,\"name\":\"Notizie\",\"item\":\"https:\/\/antersystem.com\/it\/notizie\/\"},{\"@type\":\"ListItem\",\"position\":3,\"name\":\"Rivista MID &#8211; &#8220;Visioni di sicurezza&#8221; &#8211; &#8220;Wizje bezpiecze\u0144stwa\"}]},{\"@type\":\"WebSite\",\"@id\":\"https:\/\/antersystem.com\/it\/#website\",\"url\":\"https:\/\/antersystem.com\/it\/\",\"name\":\"Anter System\",\"description\":\"Jeste\u015bmy polskim producentem elastycznych barier ochronnych wykonywanych z polimerowych tworzyw sztucznych. Na rynku krajowym i zagranicznym dzia\u0142amy od ponad 15 lat dbaj\u0105c o zapewnienie bezpiecze\u0144stwa w zak\u0142adach produkcyjnych, magazynach oraz centrach logistycznych.\",\"potentialAction\":[{\"@type\":\"SearchAction\",\"target\":{\"@type\":\"EntryPoint\",\"urlTemplate\":\"https:\/\/antersystem.com\/it\/?s={search_term_string}\"},\"query-input\":{\"@type\":\"PropertyValueSpecification\",\"valueRequired\":true,\"valueName\":\"search_term_string\"}}],\"inLanguage\":\"it-IT\"}]}<\/script>\n<!-- \/ Yoast SEO plugin. -->","yoast_head_json":{"title":"Rivista MID - \"Visioni di sicurezza\" - \"Wizje bezpiecze\u0144stwa - Anter System","description":"MID 97 - il primo numero del 2024. Quali sono gli elementi che devono guidarti per garantire che uno spazio soddisfi i requisiti di sicurezza? L'ultimo","robots":{"index":"index","follow":"follow","max-snippet":"max-snippet:-1","max-image-preview":"max-image-preview:large","max-video-preview":"max-video-preview:-1"},"canonical":"https:\/\/antersystem.com\/it\/notizie\/mid-magazine-visions-of-safety-wizje-bezpieczenstwa\/","og_locale":"it_IT","og_type":"article","og_title":"Rivista MID - \"Visioni di sicurezza\" - \"Wizje bezpiecze\u0144stwa - Anter System","og_description":"MID 97 - il primo numero del 2024. Quali sono gli elementi che devono guidarti per garantire che uno spazio soddisfi i requisiti di sicurezza? L'ultimo","og_url":"https:\/\/antersystem.com\/it\/notizie\/mid-magazine-visions-of-safety-wizje-bezpieczenstwa\/","og_site_name":"Anter System","article_modified_time":"2026-02-04T13:07:09+00:00","twitter_card":"summary_large_image","twitter_misc":{"Tempo di lettura stimato":"1 minuto"},"schema":{"@context":"https:\/\/schema.org","@graph":[{"@type":"WebPage","@id":"https:\/\/antersystem.com\/it\/notizie\/mid-magazine-visions-of-safety-wizje-bezpieczenstwa\/","url":"https:\/\/antersystem.com\/it\/notizie\/mid-magazine-visions-of-safety-wizje-bezpieczenstwa\/","name":"Rivista MID - \"Visioni di sicurezza\" - \"Wizje bezpiecze\u0144stwa - Anter System","isPartOf":{"@id":"https:\/\/antersystem.com\/it\/#website"},"datePublished":"2024-02-28T08:18:11+00:00","dateModified":"2026-02-04T13:07:09+00:00","description":"MID 97 - il primo numero del 2024. Quali sono gli elementi che devono guidarti per garantire che uno spazio soddisfi i requisiti di sicurezza? L'ultimo","breadcrumb":{"@id":"https:\/\/antersystem.com\/it\/notizie\/mid-magazine-visions-of-safety-wizje-bezpieczenstwa\/#breadcrumb"},"inLanguage":"it-IT","potentialAction":[{"@type":"ReadAction","target":["https:\/\/antersystem.com\/it\/notizie\/mid-magazine-visions-of-safety-wizje-bezpieczenstwa\/"]}]},{"@type":"BreadcrumbList","@id":"https:\/\/antersystem.com\/it\/notizie\/mid-magazine-visions-of-safety-wizje-bezpieczenstwa\/#breadcrumb","itemListElement":[{"@type":"ListItem","position":1,"name":"AnterSystem","item":"https:\/\/antersystem.com\/it\/"},{"@type":"ListItem","position":2,"name":"Notizie","item":"https:\/\/antersystem.com\/it\/notizie\/"},{"@type":"ListItem","position":3,"name":"Rivista MID &#8211; &#8220;Visioni di sicurezza&#8221; &#8211; &#8220;Wizje bezpiecze\u0144stwa"}]},{"@type":"WebSite","@id":"https:\/\/antersystem.com\/it\/#website","url":"https:\/\/antersystem.com\/it\/","name":"Anter System","description":"Jeste\u015bmy polskim producentem elastycznych barier ochronnych wykonywanych z polimerowych tworzyw sztucznych. Na rynku krajowym i zagranicznym dzia\u0142amy od ponad 15 lat dbaj\u0105c o zapewnienie bezpiecze\u0144stwa w zak\u0142adach produkcyjnych, magazynach oraz centrach logistycznych.","potentialAction":[{"@type":"SearchAction","target":{"@type":"EntryPoint","urlTemplate":"https:\/\/antersystem.com\/it\/?s={search_term_string}"},"query-input":{"@type":"PropertyValueSpecification","valueRequired":true,"valueName":"search_term_string"}}],"inLanguage":"it-IT"}]}},"_links":{"self":[{"href":"https:\/\/antersystem.com\/it\/wp-json\/wp\/v2\/pages\/39675","targetHints":{"allow":["GET"]}}],"collection":[{"href":"https:\/\/antersystem.com\/it\/wp-json\/wp\/v2\/pages"}],"about":[{"href":"https:\/\/antersystem.com\/it\/wp-json\/wp\/v2\/types\/page"}],"author":[{"embeddable":true,"href":"https:\/\/antersystem.com\/it\/wp-json\/wp\/v2\/users\/1"}],"replies":[{"embeddable":true,"href":"https:\/\/antersystem.com\/it\/wp-json\/wp\/v2\/comments?post=39675"}],"version-history":[{"count":1,"href":"https:\/\/antersystem.com\/it\/wp-json\/wp\/v2\/pages\/39675\/revisions"}],"predecessor-version":[{"id":39676,"href":"https:\/\/antersystem.com\/it\/wp-json\/wp\/v2\/pages\/39675\/revisions\/39676"}],"up":[{"embeddable":true,"href":"https:\/\/antersystem.com\/it\/wp-json\/wp\/v2\/pages\/30444"}],"wp:attachment":[{"href":"https:\/\/antersystem.com\/it\/wp-json\/wp\/v2\/media?parent=39675"}],"curies":[{"name":"wp","href":"https:\/\/api.w.org\/{rel}","templated":true}]}}